{"id":9999,"date":"2025-02-13T17:53:59","date_gmt":"2025-02-13T09:53:59","guid":{"rendered":"https:\/\/www.yoroow.com\/?post_type=product&#038;p=9999"},"modified":"2025-05-16T09:20:27","modified_gmt":"2025-05-16T01:20:27","slug":"recem-chegados-torneira-de-agua-de-manipulo-unico-agua-fria-inteligente-casa-de-banho-cromada-cozinha-pia-lavatorio-torneira-2","status":"publish","type":"product","link":"https:\/\/www.yoroow.com\/pt\/pormenor-do-produto\/recem-chegados-torneira-de-agua-de-manipulo-unico-agua-fria-inteligente-casa-de-banho-cromada-cozinha-pia-lavatorio-torneira-2\/","title":{"rendered":"Torneira moderna de man\u00edpulo \u00fanico em a\u00e7o inoxid\u00e1vel e lat\u00e3o maci\u00e7o Torneira de lavat\u00f3rio cromada e robusta com montagem de furo \u00fanico para casa e quarto"},"content":{"rendered":"<p>Esta torneira moderna combina a\u00e7o inoxid\u00e1vel e materiais de lat\u00e3o maci\u00e7o para proporcionar durabilidade e estilo. Com um acabamento cromado robusto, foi concebida para ser utilizada em quartos de dormir e casas de banho. O design de man\u00edpulo \u00fanico permite controlar facilmente a temperatura e o caudal da \u00e1gua. Possui uma montagem de furo \u00fanico para uma instala\u00e7\u00e3o r\u00e1pida e eficiente, o que a torna ideal para projectos de casas de banho modernas. Fabricada na China, esta torneira beneficia de uma produ\u00e7\u00e3o rent\u00e1vel e de capacidades de fabrico avan\u00e7adas, garantindo pre\u00e7os competitivos para exporta\u00e7\u00e3o para os mercados da Am\u00e9rica do Sul e do Sudeste Asi\u00e1tico. O seu design elegante e os materiais duradouros s\u00e3o perfeitos para casas modernas.<\/p>","protected":false},"excerpt":{"rendered":"<p>Esta torneira moderna combina a\u00e7o inoxid\u00e1vel e materiais de lat\u00e3o maci\u00e7o para proporcionar durabilidade e estilo. Com um acabamento cromado robusto, foi concebida para ser utilizada em quartos de dormir e casas de banho. O design de man\u00edpulo \u00fanico permite controlar facilmente a temperatura e o fluxo da \u00e1gua. Possui uma montagem de furo \u00fanico para uma instala\u00e7\u00e3o r\u00e1pida e eficiente, tornando...<\/p>","protected":false},"featured_media":9995,"template":"","meta":{"_acf_changed":false,"_kad_post_transparent":"default","_kad_post_title":"","_kad_post_layout":"default","_kad_post_sidebar_id":"","_kad_post_content_style":"default","_kad_post_vertical_padding":"default","_kad_post_feature":"","_kad_post_feature_position":"","_kad_post_header":false,"_kad_post_footer":false},"product_brand":[],"product_cat":[219],"product_tag":[3410,3414],"class_list":{"0":"post-9999","1":"product","2":"type-product","3":"status-publish","4":"has-post-thumbnail","6":"product_cat-single-cold-basin-faucet","7":"product_tag-faucet-wash-basin","8":"product_tag-sturdy-faucet-single-handle-chrome-bathroom-basin","10":"first","11":"instock","12":"shipping-taxable","13":"purchasable","14":"product-type-variable","15":"wvs-archive-product-wrapper","16":"entry","17":"content-bg","18":"loop-entry"},"acf":[],"yoast_head":"<!-- This site is optimized with the Yoast SEO Premium plugin v25.4 (Yoast SEO v27.0) - https:\/\/yoast.com\/product\/yoast-seo-premium-wordpress\/ -->\n<title>Modern Single-Handle Stainless Steel and Solid Brass Faucet Sturdy Chrome Basin Faucet with Single Hole Mount for Home Bedroom - YOROOW<\/title>\n<meta name=\"description\" content=\"Modern single-handle stainless steel and solid brass faucet. Sturdy chrome basin faucet with single hole mount for home bedrooms. Made in China and exported to South American and Southeast Asian markets.\" \/>\n<meta name=\"robots\" content=\"index, follow, max-snippet:-1, max-image-preview:large, max-video-preview:-1\" \/>\n<link rel=\"canonical\" href=\"https:\/\/www.yoroow.com\/pt\/pormenor-do-produto\/recem-chegados-torneira-de-agua-de-manipulo-unico-agua-fria-inteligente-casa-de-banho-cromada-cozinha-pia-lavatorio-torneira-2\/\" \/>\n<meta property=\"og:locale\" content=\"pt_PT\" \/>\n<meta property=\"og:type\" content=\"article\" \/>\n<meta property=\"og:title\" content=\"Modern Single-Handle Stainless Steel and Solid Brass Faucet Sturdy Chrome Basin Faucet with Single Hole Mount for Home Bedroom\" \/>\n<meta property=\"og:description\" content=\"Modern single-handle stainless steel and solid brass faucet. Sturdy chrome basin faucet with single hole mount for home bedrooms. Made in China and exported to South American and Southeast Asian markets.\" \/>\n<meta property=\"og:url\" content=\"https:\/\/www.yoroow.com\/pt\/pormenor-do-produto\/recem-chegados-torneira-de-agua-de-manipulo-unico-agua-fria-inteligente-casa-de-banho-cromada-cozinha-pia-lavatorio-torneira-2\/\" \/>\n<meta property=\"og:site_name\" content=\"YOROOW\" \/>\n<meta property=\"article:publisher\" content=\"https:\/\/www.facebook.com\/people\/yoroowfaucetfactory\/61564236752362\/\" \/>\n<meta property=\"article:modified_time\" content=\"2025-05-16T01:20:27+00:00\" \/>\n<meta property=\"og:image\" content=\"https:\/\/www.yoroow.com\/wp-content\/uploads\/2025\/02\/sku\u56fe_2.jpg\" \/>\n\t<meta property=\"og:image:width\" content=\"708\" \/>\n\t<meta property=\"og:image:height\" content=\"708\" \/>\n\t<meta property=\"og:image:type\" content=\"image\/jpeg\" \/>\n<meta name=\"twitter:card\" content=\"summary_large_image\" \/>\n<meta name=\"twitter:label1\" content=\"Est. reading time\" \/>\n\t<meta name=\"twitter:data1\" content=\"2 minutos\" \/>\n<script type=\"application\/ld+json\" class=\"yoast-schema-graph\">{\"@context\":\"https:\/\/schema.org\",\"@graph\":[{\"@type\":\"WebPage\",\"@id\":\"https:\/\/www.yoroow.com\/pt\/pormenor-do-produto\/recem-chegados-torneira-de-agua-de-manipulo-unico-agua-fria-inteligente-casa-de-banho-cromada-cozinha-pia-lavatorio-torneira-2\/\",\"url\":\"https:\/\/www.yoroow.com\/pt\/pormenor-do-produto\/recem-chegados-torneira-de-agua-de-manipulo-unico-agua-fria-inteligente-casa-de-banho-cromada-cozinha-pia-lavatorio-torneira-2\/\",\"name\":\"Modern Single-Handle Stainless Steel and Solid Brass Faucet Sturdy Chrome Basin Faucet with Single Hole Mount for Home Bedroom - YOROOW\",\"isPartOf\":{\"@id\":\"https:\/\/www.yoroow.com\/pt\/#website\"},\"primaryImageOfPage\":{\"@id\":\"https:\/\/www.yoroow.com\/pt\/pormenor-do-produto\/recem-chegados-torneira-de-agua-de-manipulo-unico-agua-fria-inteligente-casa-de-banho-cromada-cozinha-pia-lavatorio-torneira-2\/#primaryimage\"},\"image\":{\"@id\":\"https:\/\/www.yoroow.com\/pt\/pormenor-do-produto\/recem-chegados-torneira-de-agua-de-manipulo-unico-agua-fria-inteligente-casa-de-banho-cromada-cozinha-pia-lavatorio-torneira-2\/#primaryimage\"},\"thumbnailUrl\":\"https:\/\/www.yoroow.com\/wp-content\/uploads\/2025\/02\/sku\u56fe_2.jpg\",\"datePublished\":\"2025-02-13T09:53:59+00:00\",\"dateModified\":\"2025-05-16T01:20:27+00:00\",\"description\":\"Modern single-handle stainless steel and solid brass faucet. Sturdy chrome basin faucet with single hole mount for home bedrooms. Made in China and exported to South American and Southeast Asian markets.\",\"breadcrumb\":{\"@id\":\"https:\/\/www.yoroow.com\/pt\/pormenor-do-produto\/recem-chegados-torneira-de-agua-de-manipulo-unico-agua-fria-inteligente-casa-de-banho-cromada-cozinha-pia-lavatorio-torneira-2\/#breadcrumb\"},\"inLanguage\":\"pt-PT\",\"potentialAction\":[{\"@type\":\"ReadAction\",\"target\":[\"https:\/\/www.yoroow.com\/pt\/pormenor-do-produto\/recem-chegados-torneira-de-agua-de-manipulo-unico-agua-fria-inteligente-casa-de-banho-cromada-cozinha-pia-lavatorio-torneira-2\/\"]}]},{\"@type\":\"ImageObject\",\"inLanguage\":\"pt-PT\",\"@id\":\"https:\/\/www.yoroow.com\/pt\/pormenor-do-produto\/recem-chegados-torneira-de-agua-de-manipulo-unico-agua-fria-inteligente-casa-de-banho-cromada-cozinha-pia-lavatorio-torneira-2\/#primaryimage\",\"url\":\"https:\/\/www.yoroow.com\/wp-content\/uploads\/2025\/02\/sku\u56fe_2.jpg\",\"contentUrl\":\"https:\/\/www.yoroow.com\/wp-content\/uploads\/2025\/02\/sku\u56fe_2.jpg\",\"width\":708,\"height\":708,\"caption\":\"Fancy 304 Stainless Steel Basin Taps Metered Faucets for School Hotel Use Black Wash Basin Tap with Brass Valve Core\"},{\"@type\":\"BreadcrumbList\",\"@id\":\"https:\/\/www.yoroow.com\/pt\/pormenor-do-produto\/recem-chegados-torneira-de-agua-de-manipulo-unico-agua-fria-inteligente-casa-de-banho-cromada-cozinha-pia-lavatorio-torneira-2\/#breadcrumb\",\"itemListElement\":[{\"@type\":\"ListItem\",\"position\":1,\"name\":\"home\",\"item\":\"https:\/\/www.yoroow.com\/\"},{\"@type\":\"ListItem\",\"position\":2,\"name\":\"Product\",\"item\":\"https:\/\/www.yoroow.com\/product\/\"},{\"@type\":\"ListItem\",\"position\":3,\"name\":\"Modern Single-Handle Stainless Steel and Solid Brass Faucet Sturdy Chrome Basin Faucet with Single Hole Mount for Home Bedroom\"}]},{\"@type\":\"WebSite\",\"@id\":\"https:\/\/www.yoroow.com\/pt\/#website\",\"url\":\"https:\/\/www.yoroow.com\/pt\/\",\"name\":\"YOROOW\",\"description\":\"\",\"publisher\":{\"@id\":\"https:\/\/www.yoroow.com\/pt\/#organization\"},\"potentialAction\":[{\"@type\":\"SearchAction\",\"target\":{\"@type\":\"EntryPoint\",\"urlTemplate\":\"https:\/\/www.yoroow.com\/pt\/?s={search_term_string}\"},\"query-input\":{\"@type\":\"PropertyValueSpecification\",\"valueRequired\":true,\"valueName\":\"search_term_string\"}}],\"inLanguage\":\"pt-PT\"},{\"@type\":\"Organization\",\"@id\":\"https:\/\/www.yoroow.com\/pt\/#organization\",\"name\":\"YOROOW\",\"url\":\"https:\/\/www.yoroow.com\/pt\/\",\"logo\":{\"@type\":\"ImageObject\",\"inLanguage\":\"pt-PT\",\"@id\":\"https:\/\/www.yoroow.com\/pt\/#\/schema\/logo\/image\/\",\"url\":\"https:\/\/www.yoroow.com\/wp-content\/uploads\/2024\/12\/2024123007131061.png\",\"contentUrl\":\"https:\/\/www.yoroow.com\/wp-content\/uploads\/2024\/12\/2024123007131061.png\",\"width\":168,\"height\":27,\"caption\":\"YOROOW\"},\"image\":{\"@id\":\"https:\/\/www.yoroow.com\/pt\/#\/schema\/logo\/image\/\"},\"sameAs\":[\"https:\/\/www.facebook.com\/people\/yoroowfaucetfactory\/61564236752362\/\"]}]}<\/script>\n<!-- \/ Yoast SEO Premium plugin. -->","yoast_head_json":{"title":"Modern Single-Handle Stainless Steel and Solid Brass Faucet Sturdy Chrome Basin Faucet with Single Hole Mount for Home Bedroom - YOROOW","description":"Modern single-handle stainless steel and solid brass faucet. Sturdy chrome basin faucet with single hole mount for home bedrooms. Made in China and exported to South American and Southeast Asian markets.","robots":{"index":"index","follow":"follow","max-snippet":"max-snippet:-1","max-image-preview":"max-image-preview:large","max-video-preview":"max-video-preview:-1"},"canonical":"https:\/\/www.yoroow.com\/pt\/pormenor-do-produto\/recem-chegados-torneira-de-agua-de-manipulo-unico-agua-fria-inteligente-casa-de-banho-cromada-cozinha-pia-lavatorio-torneira-2\/","og_locale":"pt_PT","og_type":"article","og_title":"Modern Single-Handle Stainless Steel and Solid Brass Faucet Sturdy Chrome Basin Faucet with Single Hole Mount for Home Bedroom","og_description":"Modern single-handle stainless steel and solid brass faucet. Sturdy chrome basin faucet with single hole mount for home bedrooms. Made in China and exported to South American and Southeast Asian markets.","og_url":"https:\/\/www.yoroow.com\/pt\/pormenor-do-produto\/recem-chegados-torneira-de-agua-de-manipulo-unico-agua-fria-inteligente-casa-de-banho-cromada-cozinha-pia-lavatorio-torneira-2\/","og_site_name":"YOROOW","article_publisher":"https:\/\/www.facebook.com\/people\/yoroowfaucetfactory\/61564236752362\/","article_modified_time":"2025-05-16T01:20:27+00:00","og_image":[{"width":708,"height":708,"url":"https:\/\/www.yoroow.com\/wp-content\/uploads\/2025\/02\/sku\u56fe_2.jpg","type":"image\/jpeg"}],"twitter_card":"summary_large_image","twitter_misc":{"Est. reading time":"2 minutos"},"schema":{"@context":"https:\/\/schema.org","@graph":[{"@type":"WebPage","@id":"https:\/\/www.yoroow.com\/pt\/pormenor-do-produto\/recem-chegados-torneira-de-agua-de-manipulo-unico-agua-fria-inteligente-casa-de-banho-cromada-cozinha-pia-lavatorio-torneira-2\/","url":"https:\/\/www.yoroow.com\/pt\/pormenor-do-produto\/recem-chegados-torneira-de-agua-de-manipulo-unico-agua-fria-inteligente-casa-de-banho-cromada-cozinha-pia-lavatorio-torneira-2\/","name":"Modern Single-Handle Stainless Steel and Solid Brass Faucet Sturdy Chrome Basin Faucet with Single Hole Mount for Home Bedroom - YOROOW","isPartOf":{"@id":"https:\/\/www.yoroow.com\/pt\/#website"},"primaryImageOfPage":{"@id":"https:\/\/www.yoroow.com\/pt\/pormenor-do-produto\/recem-chegados-torneira-de-agua-de-manipulo-unico-agua-fria-inteligente-casa-de-banho-cromada-cozinha-pia-lavatorio-torneira-2\/#primaryimage"},"image":{"@id":"https:\/\/www.yoroow.com\/pt\/pormenor-do-produto\/recem-chegados-torneira-de-agua-de-manipulo-unico-agua-fria-inteligente-casa-de-banho-cromada-cozinha-pia-lavatorio-torneira-2\/#primaryimage"},"thumbnailUrl":"https:\/\/www.yoroow.com\/wp-content\/uploads\/2025\/02\/sku\u56fe_2.jpg","datePublished":"2025-02-13T09:53:59+00:00","dateModified":"2025-05-16T01:20:27+00:00","description":"Modern single-handle stainless steel and solid brass faucet. Sturdy chrome basin faucet with single hole mount for home bedrooms. Made in China and exported to South American and Southeast Asian markets.","breadcrumb":{"@id":"https:\/\/www.yoroow.com\/pt\/pormenor-do-produto\/recem-chegados-torneira-de-agua-de-manipulo-unico-agua-fria-inteligente-casa-de-banho-cromada-cozinha-pia-lavatorio-torneira-2\/#breadcrumb"},"inLanguage":"pt-PT","potentialAction":[{"@type":"ReadAction","target":["https:\/\/www.yoroow.com\/pt\/pormenor-do-produto\/recem-chegados-torneira-de-agua-de-manipulo-unico-agua-fria-inteligente-casa-de-banho-cromada-cozinha-pia-lavatorio-torneira-2\/"]}]},{"@type":"ImageObject","inLanguage":"pt-PT","@id":"https:\/\/www.yoroow.com\/pt\/pormenor-do-produto\/recem-chegados-torneira-de-agua-de-manipulo-unico-agua-fria-inteligente-casa-de-banho-cromada-cozinha-pia-lavatorio-torneira-2\/#primaryimage","url":"https:\/\/www.yoroow.com\/wp-content\/uploads\/2025\/02\/sku\u56fe_2.jpg","contentUrl":"https:\/\/www.yoroow.com\/wp-content\/uploads\/2025\/02\/sku\u56fe_2.jpg","width":708,"height":708,"caption":"Fancy 304 Stainless Steel Basin Taps Metered Faucets for School Hotel Use Black Wash Basin Tap with Brass Valve Core"},{"@type":"BreadcrumbList","@id":"https:\/\/www.yoroow.com\/pt\/pormenor-do-produto\/recem-chegados-torneira-de-agua-de-manipulo-unico-agua-fria-inteligente-casa-de-banho-cromada-cozinha-pia-lavatorio-torneira-2\/#breadcrumb","itemListElement":[{"@type":"ListItem","position":1,"name":"home","item":"https:\/\/www.yoroow.com\/"},{"@type":"ListItem","position":2,"name":"Product","item":"https:\/\/www.yoroow.com\/product\/"},{"@type":"ListItem","position":3,"name":"Modern Single-Handle Stainless Steel and Solid Brass Faucet Sturdy Chrome Basin Faucet with Single Hole Mount for Home Bedroom"}]},{"@type":"WebSite","@id":"https:\/\/www.yoroow.com\/pt\/#website","url":"https:\/\/www.yoroow.com\/pt\/","name":"YOROOW","description":"","publisher":{"@id":"https:\/\/www.yoroow.com\/pt\/#organization"},"potentialAction":[{"@type":"SearchAction","target":{"@type":"EntryPoint","urlTemplate":"https:\/\/www.yoroow.com\/pt\/?s={search_term_string}"},"query-input":{"@type":"PropertyValueSpecification","valueRequired":true,"valueName":"search_term_string"}}],"inLanguage":"pt-PT"},{"@type":"Organization","@id":"https:\/\/www.yoroow.com\/pt\/#organization","name":"YOROOW","url":"https:\/\/www.yoroow.com\/pt\/","logo":{"@type":"ImageObject","inLanguage":"pt-PT","@id":"https:\/\/www.yoroow.com\/pt\/#\/schema\/logo\/image\/","url":"https:\/\/www.yoroow.com\/wp-content\/uploads\/2024\/12\/2024123007131061.png","contentUrl":"https:\/\/www.yoroow.com\/wp-content\/uploads\/2024\/12\/2024123007131061.png","width":168,"height":27,"caption":"YOROOW"},"image":{"@id":"https:\/\/www.yoroow.com\/pt\/#\/schema\/logo\/image\/"},"sameAs":["https:\/\/www.facebook.com\/people\/yoroowfaucetfactory\/61564236752362\/"]}]}},"_links":{"self":[{"href":"https:\/\/www.yoroow.com\/pt\/wp-json\/wp\/v2\/product\/9999","targetHints":{"allow":["GET"]}}],"collection":[{"href":"https:\/\/www.yoroow.com\/pt\/wp-json\/wp\/v2\/product"}],"about":[{"href":"https:\/\/www.yoroow.com\/pt\/wp-json\/wp\/v2\/types\/product"}],"wp:featuredmedia":[{"embeddable":true,"href":"https:\/\/www.yoroow.com\/pt\/wp-json\/wp\/v2\/media\/9995"}],"wp:attachment":[{"href":"https:\/\/www.yoroow.com\/pt\/wp-json\/wp\/v2\/media?parent=9999"}],"wp:term":[{"taxonomy":"product_brand","embeddable":true,"href":"https:\/\/www.yoroow.com\/pt\/wp-json\/wp\/v2\/product_brand?post=9999"},{"taxonomy":"product_cat","embeddable":true,"href":"https:\/\/www.yoroow.com\/pt\/wp-json\/wp\/v2\/product_cat?post=9999"},{"taxonomy":"product_tag","embeddable":true,"href":"https:\/\/www.yoroow.com\/pt\/wp-json\/wp\/v2\/product_tag?post=9999"}],"curies":[{"name":"wp","href":"https:\/\/api.w.org\/{rel}","templated":true}]}}