{"id":9983,"date":"2025-02-13T17:47:03","date_gmt":"2025-02-13T09:47:03","guid":{"rendered":"https:\/\/www.yoroow.com\/?post_type=product&#038;p=9983"},"modified":"2025-05-16T09:20:22","modified_gmt":"2025-05-16T01:20:22","slug":"yoroow-torneira-de-casa-de-banho-torneira-de-lavatorio-de-agua-fria-unica-torneira-de-lavatorio-quadrado-de-casa-de-banho-montada-no-conves","status":"publish","type":"product","link":"https:\/\/www.yoroow.com\/pt\/pormenor-do-produto\/yoroow-torneira-de-casa-de-banho-torneira-de-lavatorio-de-agua-fria-unica-torneira-de-lavatorio-quadrado-de-casa-de-banho-montada-no-conves\/","title":{"rendered":"Torneira de lavat\u00f3rio cl\u00e1ssica de luxo em ouro Torneira com v\u00e1lvula de cer\u00e2mica com n\u00facleo doseado para moradia Supermercado Centro Comercial Apartamento Hotel Oficina Uso"},"content":{"rendered":"<p>Esta luxuosa torneira de lavat\u00f3rio cl\u00e1ssica dourada possui um n\u00facleo de v\u00e1lvula em cer\u00e2mica para um funcionamento suave e controlo da \u00e1gua. O seu design doseado torna-a uma excelente escolha para aplica\u00e7\u00f5es de poupan\u00e7a de \u00e1gua em vivendas, supermercados, centros comerciais, apartamentos, hot\u00e9is e oficinas. O acabamento dourado da torneira d\u00e1 um toque luxuoso a qualquer casa de banho ou lavat\u00f3rio, tornando-a uma escolha preferida para instala\u00e7\u00f5es topo de gama. Fabricada na China por uma f\u00e1brica conhecida pelo seu trabalho artesanal e aten\u00e7\u00e3o aos detalhes, esta torneira combina estilo e praticidade. \u00c9 muito procurada na Am\u00e9rica do Sul e no Sudeste Asi\u00e1tico, onde a procura de acess\u00f3rios de casa de banho de luxo est\u00e1 a aumentar. A f\u00e1brica oferece op\u00e7\u00f5es de personaliza\u00e7\u00e3o, incluindo grava\u00e7\u00e3o de log\u00f3tipo, solu\u00e7\u00f5es de embalagem e modifica\u00e7\u00f5es de design, para satisfazer as necessidades espec\u00edficas dos mercados internacionais.<\/p>","protected":false},"excerpt":{"rendered":"<p>Esta luxuosa torneira de lavat\u00f3rio cl\u00e1ssica dourada possui um n\u00facleo de v\u00e1lvula em cer\u00e2mica para um funcionamento suave e controlo da \u00e1gua. O seu design doseado torna-a uma excelente escolha para aplica\u00e7\u00f5es de poupan\u00e7a de \u00e1gua em vivendas, supermercados, centros comerciais, apartamentos, hot\u00e9is e oficinas. O acabamento dourado da torneira d\u00e1 um toque de luxo a qualquer casa de banho ou lavat\u00f3rio, tornando-a uma escolha preferida para...<\/p>","protected":false},"featured_media":9804,"template":"","meta":{"_acf_changed":false,"_kad_post_transparent":"default","_kad_post_title":"","_kad_post_layout":"default","_kad_post_sidebar_id":"","_kad_post_content_style":"default","_kad_post_vertical_padding":"default","_kad_post_feature":"","_kad_post_feature_position":"","_kad_post_header":false,"_kad_post_footer":false},"product_brand":[],"product_cat":[219],"product_tag":[3457,3393],"class_list":{"0":"post-9983","1":"product","2":"type-product","3":"status-publish","4":"has-post-thumbnail","6":"product_cat-single-cold-basin-faucet","7":"product_tag-classic-gold-basin-tap","8":"product_tag-luxury-basin-faucet","10":"first","11":"instock","12":"shipping-taxable","13":"purchasable","14":"product-type-variable","15":"wvs-archive-product-wrapper","16":"entry","17":"content-bg","18":"loop-entry"},"acf":[],"yoast_head":"<!-- This site is optimized with the Yoast SEO Premium plugin v25.4 (Yoast SEO v27.0) - https:\/\/yoast.com\/product\/yoast-seo-premium-wordpress\/ -->\n<title>Luxury Classic Gold Basin Tap Ceramic Valve Core Metered Faucet for Villa Supermarket Mall Apartment Hotel Workshop Use - YOROOW<\/title>\n<meta name=\"description\" content=\"Luxury classic gold basin tap with ceramic valve core metered faucet. Suitable for villas, supermarkets, malls, apartments, and hotels. Chinese factory exports focus on South American and Southeast Asian premium markets.\" \/>\n<meta name=\"robots\" content=\"index, follow, max-snippet:-1, max-image-preview:large, max-video-preview:-1\" \/>\n<link rel=\"canonical\" href=\"https:\/\/www.yoroow.com\/pt\/pormenor-do-produto\/yoroow-torneira-de-casa-de-banho-torneira-de-lavatorio-de-agua-fria-unica-torneira-de-lavatorio-quadrado-de-casa-de-banho-montada-no-conves\/\" \/>\n<meta property=\"og:locale\" content=\"pt_PT\" \/>\n<meta property=\"og:type\" content=\"article\" \/>\n<meta property=\"og:title\" content=\"Luxury Classic Gold Basin Tap Ceramic Valve Core Metered Faucet for Villa Supermarket Mall Apartment Hotel Workshop Use\" \/>\n<meta property=\"og:description\" content=\"Luxury classic gold basin tap with ceramic valve core metered faucet. Suitable for villas, supermarkets, malls, apartments, and hotels. Chinese factory exports focus on South American and Southeast Asian premium markets.\" \/>\n<meta property=\"og:url\" content=\"https:\/\/www.yoroow.com\/pt\/pormenor-do-produto\/yoroow-torneira-de-casa-de-banho-torneira-de-lavatorio-de-agua-fria-unica-torneira-de-lavatorio-quadrado-de-casa-de-banho-montada-no-conves\/\" \/>\n<meta property=\"og:site_name\" content=\"YOROOW\" \/>\n<meta property=\"article:publisher\" content=\"https:\/\/www.facebook.com\/people\/yoroowfaucetfactory\/61564236752362\/\" \/>\n<meta property=\"article:modified_time\" content=\"2025-05-16T01:20:22+00:00\" \/>\n<meta property=\"og:image\" content=\"https:\/\/www.yoroow.com\/wp-content\/uploads\/2025\/02\/\u91d1\u8272.jpg\" \/>\n\t<meta property=\"og:image:width\" content=\"694\" \/>\n\t<meta property=\"og:image:height\" content=\"694\" \/>\n\t<meta property=\"og:image:type\" content=\"image\/jpeg\" \/>\n<meta name=\"twitter:card\" content=\"summary_large_image\" \/>\n<meta name=\"twitter:label1\" content=\"Est. reading time\" \/>\n\t<meta name=\"twitter:data1\" content=\"2 minutos\" \/>\n<script type=\"application\/ld+json\" class=\"yoast-schema-graph\">{\"@context\":\"https:\/\/schema.org\",\"@graph\":[{\"@type\":\"WebPage\",\"@id\":\"https:\/\/www.yoroow.com\/pt\/pormenor-do-produto\/yoroow-torneira-de-casa-de-banho-torneira-de-lavatorio-de-agua-fria-unica-torneira-de-lavatorio-quadrado-de-casa-de-banho-montada-no-conves\/\",\"url\":\"https:\/\/www.yoroow.com\/pt\/pormenor-do-produto\/yoroow-torneira-de-casa-de-banho-torneira-de-lavatorio-de-agua-fria-unica-torneira-de-lavatorio-quadrado-de-casa-de-banho-montada-no-conves\/\",\"name\":\"Luxury Classic Gold Basin Tap Ceramic Valve Core Metered Faucet for Villa Supermarket Mall Apartment Hotel Workshop Use - YOROOW\",\"isPartOf\":{\"@id\":\"https:\/\/www.yoroow.com\/pt\/#website\"},\"primaryImageOfPage\":{\"@id\":\"https:\/\/www.yoroow.com\/pt\/pormenor-do-produto\/yoroow-torneira-de-casa-de-banho-torneira-de-lavatorio-de-agua-fria-unica-torneira-de-lavatorio-quadrado-de-casa-de-banho-montada-no-conves\/#primaryimage\"},\"image\":{\"@id\":\"https:\/\/www.yoroow.com\/pt\/pormenor-do-produto\/yoroow-torneira-de-casa-de-banho-torneira-de-lavatorio-de-agua-fria-unica-torneira-de-lavatorio-quadrado-de-casa-de-banho-montada-no-conves\/#primaryimage\"},\"thumbnailUrl\":\"https:\/\/www.yoroow.com\/wp-content\/uploads\/2025\/02\/\u91d1\u8272.jpg\",\"datePublished\":\"2025-02-13T09:47:03+00:00\",\"dateModified\":\"2025-05-16T01:20:22+00:00\",\"description\":\"Luxury classic gold basin tap with ceramic valve core metered faucet. Suitable for villas, supermarkets, malls, apartments, and hotels. Chinese factory exports focus on South American and Southeast Asian premium markets.\",\"breadcrumb\":{\"@id\":\"https:\/\/www.yoroow.com\/pt\/pormenor-do-produto\/yoroow-torneira-de-casa-de-banho-torneira-de-lavatorio-de-agua-fria-unica-torneira-de-lavatorio-quadrado-de-casa-de-banho-montada-no-conves\/#breadcrumb\"},\"inLanguage\":\"pt-PT\",\"potentialAction\":[{\"@type\":\"ReadAction\",\"target\":[\"https:\/\/www.yoroow.com\/pt\/pormenor-do-produto\/yoroow-torneira-de-casa-de-banho-torneira-de-lavatorio-de-agua-fria-unica-torneira-de-lavatorio-quadrado-de-casa-de-banho-montada-no-conves\/\"]}]},{\"@type\":\"ImageObject\",\"inLanguage\":\"pt-PT\",\"@id\":\"https:\/\/www.yoroow.com\/pt\/pormenor-do-produto\/yoroow-torneira-de-casa-de-banho-torneira-de-lavatorio-de-agua-fria-unica-torneira-de-lavatorio-quadrado-de-casa-de-banho-montada-no-conves\/#primaryimage\",\"url\":\"https:\/\/www.yoroow.com\/wp-content\/uploads\/2025\/02\/\u91d1\u8272.jpg\",\"contentUrl\":\"https:\/\/www.yoroow.com\/wp-content\/uploads\/2025\/02\/\u91d1\u8272.jpg\",\"width\":694,\"height\":694,\"caption\":\"Good Price Square Chrome Basin Faucet Zinc Alloy Material Cold Water Tap Ceramic Valve Core Metered Faucets for Villa Hotel Use - 9046A4\"},{\"@type\":\"BreadcrumbList\",\"@id\":\"https:\/\/www.yoroow.com\/pt\/pormenor-do-produto\/yoroow-torneira-de-casa-de-banho-torneira-de-lavatorio-de-agua-fria-unica-torneira-de-lavatorio-quadrado-de-casa-de-banho-montada-no-conves\/#breadcrumb\",\"itemListElement\":[{\"@type\":\"ListItem\",\"position\":1,\"name\":\"home\",\"item\":\"https:\/\/www.yoroow.com\/\"},{\"@type\":\"ListItem\",\"position\":2,\"name\":\"Product\",\"item\":\"https:\/\/www.yoroow.com\/product\/\"},{\"@type\":\"ListItem\",\"position\":3,\"name\":\"Luxury Classic Gold Basin Tap Ceramic Valve Core Metered Faucet for Villa Supermarket Mall Apartment Hotel Workshop Use\"}]},{\"@type\":\"WebSite\",\"@id\":\"https:\/\/www.yoroow.com\/pt\/#website\",\"url\":\"https:\/\/www.yoroow.com\/pt\/\",\"name\":\"YOROOW\",\"description\":\"\",\"publisher\":{\"@id\":\"https:\/\/www.yoroow.com\/pt\/#organization\"},\"potentialAction\":[{\"@type\":\"SearchAction\",\"target\":{\"@type\":\"EntryPoint\",\"urlTemplate\":\"https:\/\/www.yoroow.com\/pt\/?s={search_term_string}\"},\"query-input\":{\"@type\":\"PropertyValueSpecification\",\"valueRequired\":true,\"valueName\":\"search_term_string\"}}],\"inLanguage\":\"pt-PT\"},{\"@type\":\"Organization\",\"@id\":\"https:\/\/www.yoroow.com\/pt\/#organization\",\"name\":\"YOROOW\",\"url\":\"https:\/\/www.yoroow.com\/pt\/\",\"logo\":{\"@type\":\"ImageObject\",\"inLanguage\":\"pt-PT\",\"@id\":\"https:\/\/www.yoroow.com\/pt\/#\/schema\/logo\/image\/\",\"url\":\"https:\/\/www.yoroow.com\/wp-content\/uploads\/2024\/12\/2024123007131061.png\",\"contentUrl\":\"https:\/\/www.yoroow.com\/wp-content\/uploads\/2024\/12\/2024123007131061.png\",\"width\":168,\"height\":27,\"caption\":\"YOROOW\"},\"image\":{\"@id\":\"https:\/\/www.yoroow.com\/pt\/#\/schema\/logo\/image\/\"},\"sameAs\":[\"https:\/\/www.facebook.com\/people\/yoroowfaucetfactory\/61564236752362\/\"]}]}<\/script>\n<!-- \/ Yoast SEO Premium plugin. -->","yoast_head_json":{"title":"Luxury Classic Gold Basin Tap Ceramic Valve Core Metered Faucet for Villa Supermarket Mall Apartment Hotel Workshop Use - YOROOW","description":"Luxury classic gold basin tap with ceramic valve core metered faucet. Suitable for villas, supermarkets, malls, apartments, and hotels. Chinese factory exports focus on South American and Southeast Asian premium markets.","robots":{"index":"index","follow":"follow","max-snippet":"max-snippet:-1","max-image-preview":"max-image-preview:large","max-video-preview":"max-video-preview:-1"},"canonical":"https:\/\/www.yoroow.com\/pt\/pormenor-do-produto\/yoroow-torneira-de-casa-de-banho-torneira-de-lavatorio-de-agua-fria-unica-torneira-de-lavatorio-quadrado-de-casa-de-banho-montada-no-conves\/","og_locale":"pt_PT","og_type":"article","og_title":"Luxury Classic Gold Basin Tap Ceramic Valve Core Metered Faucet for Villa Supermarket Mall Apartment Hotel Workshop Use","og_description":"Luxury classic gold basin tap with ceramic valve core metered faucet. Suitable for villas, supermarkets, malls, apartments, and hotels. Chinese factory exports focus on South American and Southeast Asian premium markets.","og_url":"https:\/\/www.yoroow.com\/pt\/pormenor-do-produto\/yoroow-torneira-de-casa-de-banho-torneira-de-lavatorio-de-agua-fria-unica-torneira-de-lavatorio-quadrado-de-casa-de-banho-montada-no-conves\/","og_site_name":"YOROOW","article_publisher":"https:\/\/www.facebook.com\/people\/yoroowfaucetfactory\/61564236752362\/","article_modified_time":"2025-05-16T01:20:22+00:00","og_image":[{"width":694,"height":694,"url":"https:\/\/www.yoroow.com\/wp-content\/uploads\/2025\/02\/\u91d1\u8272.jpg","type":"image\/jpeg"}],"twitter_card":"summary_large_image","twitter_misc":{"Est. reading time":"2 minutos"},"schema":{"@context":"https:\/\/schema.org","@graph":[{"@type":"WebPage","@id":"https:\/\/www.yoroow.com\/pt\/pormenor-do-produto\/yoroow-torneira-de-casa-de-banho-torneira-de-lavatorio-de-agua-fria-unica-torneira-de-lavatorio-quadrado-de-casa-de-banho-montada-no-conves\/","url":"https:\/\/www.yoroow.com\/pt\/pormenor-do-produto\/yoroow-torneira-de-casa-de-banho-torneira-de-lavatorio-de-agua-fria-unica-torneira-de-lavatorio-quadrado-de-casa-de-banho-montada-no-conves\/","name":"Luxury Classic Gold Basin Tap Ceramic Valve Core Metered Faucet for Villa Supermarket Mall Apartment Hotel Workshop Use - YOROOW","isPartOf":{"@id":"https:\/\/www.yoroow.com\/pt\/#website"},"primaryImageOfPage":{"@id":"https:\/\/www.yoroow.com\/pt\/pormenor-do-produto\/yoroow-torneira-de-casa-de-banho-torneira-de-lavatorio-de-agua-fria-unica-torneira-de-lavatorio-quadrado-de-casa-de-banho-montada-no-conves\/#primaryimage"},"image":{"@id":"https:\/\/www.yoroow.com\/pt\/pormenor-do-produto\/yoroow-torneira-de-casa-de-banho-torneira-de-lavatorio-de-agua-fria-unica-torneira-de-lavatorio-quadrado-de-casa-de-banho-montada-no-conves\/#primaryimage"},"thumbnailUrl":"https:\/\/www.yoroow.com\/wp-content\/uploads\/2025\/02\/\u91d1\u8272.jpg","datePublished":"2025-02-13T09:47:03+00:00","dateModified":"2025-05-16T01:20:22+00:00","description":"Luxury classic gold basin tap with ceramic valve core metered faucet. Suitable for villas, supermarkets, malls, apartments, and hotels. Chinese factory exports focus on South American and Southeast Asian premium markets.","breadcrumb":{"@id":"https:\/\/www.yoroow.com\/pt\/pormenor-do-produto\/yoroow-torneira-de-casa-de-banho-torneira-de-lavatorio-de-agua-fria-unica-torneira-de-lavatorio-quadrado-de-casa-de-banho-montada-no-conves\/#breadcrumb"},"inLanguage":"pt-PT","potentialAction":[{"@type":"ReadAction","target":["https:\/\/www.yoroow.com\/pt\/pormenor-do-produto\/yoroow-torneira-de-casa-de-banho-torneira-de-lavatorio-de-agua-fria-unica-torneira-de-lavatorio-quadrado-de-casa-de-banho-montada-no-conves\/"]}]},{"@type":"ImageObject","inLanguage":"pt-PT","@id":"https:\/\/www.yoroow.com\/pt\/pormenor-do-produto\/yoroow-torneira-de-casa-de-banho-torneira-de-lavatorio-de-agua-fria-unica-torneira-de-lavatorio-quadrado-de-casa-de-banho-montada-no-conves\/#primaryimage","url":"https:\/\/www.yoroow.com\/wp-content\/uploads\/2025\/02\/\u91d1\u8272.jpg","contentUrl":"https:\/\/www.yoroow.com\/wp-content\/uploads\/2025\/02\/\u91d1\u8272.jpg","width":694,"height":694,"caption":"Good Price Square Chrome Basin Faucet Zinc Alloy Material Cold Water Tap Ceramic Valve Core Metered Faucets for Villa Hotel Use - 9046A4"},{"@type":"BreadcrumbList","@id":"https:\/\/www.yoroow.com\/pt\/pormenor-do-produto\/yoroow-torneira-de-casa-de-banho-torneira-de-lavatorio-de-agua-fria-unica-torneira-de-lavatorio-quadrado-de-casa-de-banho-montada-no-conves\/#breadcrumb","itemListElement":[{"@type":"ListItem","position":1,"name":"home","item":"https:\/\/www.yoroow.com\/"},{"@type":"ListItem","position":2,"name":"Product","item":"https:\/\/www.yoroow.com\/product\/"},{"@type":"ListItem","position":3,"name":"Luxury Classic Gold Basin Tap Ceramic Valve Core Metered Faucet for Villa Supermarket Mall Apartment Hotel Workshop Use"}]},{"@type":"WebSite","@id":"https:\/\/www.yoroow.com\/pt\/#website","url":"https:\/\/www.yoroow.com\/pt\/","name":"YOROOW","description":"","publisher":{"@id":"https:\/\/www.yoroow.com\/pt\/#organization"},"potentialAction":[{"@type":"SearchAction","target":{"@type":"EntryPoint","urlTemplate":"https:\/\/www.yoroow.com\/pt\/?s={search_term_string}"},"query-input":{"@type":"PropertyValueSpecification","valueRequired":true,"valueName":"search_term_string"}}],"inLanguage":"pt-PT"},{"@type":"Organization","@id":"https:\/\/www.yoroow.com\/pt\/#organization","name":"YOROOW","url":"https:\/\/www.yoroow.com\/pt\/","logo":{"@type":"ImageObject","inLanguage":"pt-PT","@id":"https:\/\/www.yoroow.com\/pt\/#\/schema\/logo\/image\/","url":"https:\/\/www.yoroow.com\/wp-content\/uploads\/2024\/12\/2024123007131061.png","contentUrl":"https:\/\/www.yoroow.com\/wp-content\/uploads\/2024\/12\/2024123007131061.png","width":168,"height":27,"caption":"YOROOW"},"image":{"@id":"https:\/\/www.yoroow.com\/pt\/#\/schema\/logo\/image\/"},"sameAs":["https:\/\/www.facebook.com\/people\/yoroowfaucetfactory\/61564236752362\/"]}]}},"_links":{"self":[{"href":"https:\/\/www.yoroow.com\/pt\/wp-json\/wp\/v2\/product\/9983","targetHints":{"allow":["GET"]}}],"collection":[{"href":"https:\/\/www.yoroow.com\/pt\/wp-json\/wp\/v2\/product"}],"about":[{"href":"https:\/\/www.yoroow.com\/pt\/wp-json\/wp\/v2\/types\/product"}],"wp:featuredmedia":[{"embeddable":true,"href":"https:\/\/www.yoroow.com\/pt\/wp-json\/wp\/v2\/media\/9804"}],"wp:attachment":[{"href":"https:\/\/www.yoroow.com\/pt\/wp-json\/wp\/v2\/media?parent=9983"}],"wp:term":[{"taxonomy":"product_brand","embeddable":true,"href":"https:\/\/www.yoroow.com\/pt\/wp-json\/wp\/v2\/product_brand?post=9983"},{"taxonomy":"product_cat","embeddable":true,"href":"https:\/\/www.yoroow.com\/pt\/wp-json\/wp\/v2\/product_cat?post=9983"},{"taxonomy":"product_tag","embeddable":true,"href":"https:\/\/www.yoroow.com\/pt\/wp-json\/wp\/v2\/product_tag?post=9983"}],"curies":[{"name":"wp","href":"https:\/\/api.w.org\/{rel}","templated":true}]}}