{"id":9931,"date":"2025-02-13T16:07:37","date_gmt":"2025-02-13T08:07:37","guid":{"rendered":"https:\/\/www.yoroow.com\/?post_type=product&#038;p=9931"},"modified":"2025-05-16T09:19:48","modified_gmt":"2025-05-16T01:19:48","slug":"yoroow-torneira-de-pia-de-cozinha-de-parede-de-pega-unica-de-boa-qualidade-torneiras-de-agua","status":"publish","type":"product","link":"https:\/\/www.yoroow.com\/pt\/pormenor-do-produto\/yoroow-torneira-de-pia-de-cozinha-de-parede-de-pega-unica-de-boa-qualidade-torneiras-de-agua\/","title":{"rendered":"Torneira de cozinha moderna, simples e fria Torneira de cozinha de pia de zinco de al\u00e7a \u00fanica de qualidade Torneira de \u00e1gua de pia de cozinha"},"content":{"rendered":"<p>Esta moderna torneira de cozinha monofrio \u00e9 feita de zinco de alta qualidade, concebida para instala\u00e7\u00e3o na parede em cozinhas residenciais e comerciais. Com um \u00fanico man\u00edpulo para um controlo f\u00e1cil do fluxo de \u00e1gua, esta torneira \u00e9 f\u00e1cil de utilizar e eficiente em termos de espa\u00e7o. A constru\u00e7\u00e3o dur\u00e1vel em zinco garante um desempenho duradouro e fiabilidade, mesmo em cozinhas de utiliza\u00e7\u00e3o intensiva. O design elegante da torneira d\u00e1 um toque contempor\u00e2neo a qualquer decora\u00e7\u00e3o de cozinha, tornando-a uma escolha vers\u00e1til para uma vasta gama de aplica\u00e7\u00f5es. Fabricado na China por uma f\u00e1brica especializada em torneiras de cozinha, este produto oferece uma excelente rela\u00e7\u00e3o qualidade\/pre\u00e7o sem comprometer a qualidade. Os rigorosos processos de controlo de qualidade da f\u00e1brica chinesa e a utiliza\u00e7\u00e3o de tecnologia avan\u00e7ada garantem que cada torneira \u00e9 dur\u00e1vel e eficiente. \u00c9 uma escolha popular para exportar para a Am\u00e9rica do Sul e para o Sudeste Asi\u00e1tico, onde a procura de utens\u00edlios de cozinha de alta qualidade, mas acess\u00edveis, \u00e9 grande. Est\u00e3o dispon\u00edveis op\u00e7\u00f5es de personaliza\u00e7\u00e3o, incluindo embalagem e marca, para satisfazer as necessidades espec\u00edficas do mercado.<\/p>","protected":false},"excerpt":{"rendered":"<p>This modern single-cold kitchen faucet is made from high-quality zinc, designed for wall-mounted installation in both residential and commercial kitchens. Featuring a single handle for easy water flow control, this faucet is both user-friendly and space-efficient. The durable zinc construction ensures long-lasting performance and reliability, even in high-use kitchens. The faucet\u2019s sleek design adds a&#8230;<\/p>","protected":false},"featured_media":19109,"template":"","meta":{"_acf_changed":false,"_kad_post_transparent":"default","_kad_post_title":"","_kad_post_layout":"default","_kad_post_sidebar_id":"","_kad_post_content_style":"default","_kad_post_vertical_padding":"default","_kad_post_feature":"","_kad_post_feature_position":"","_kad_post_header":false,"_kad_post_footer":false},"product_brand":[],"product_cat":[221,223],"product_tag":[3331,3335],"class_list":{"0":"post-9931","1":"product","2":"type-product","3":"status-publish","4":"has-post-thumbnail","6":"product_cat-single-cold-kitchen-faucet-kitchen-faucet","7":"product_cat-wall-mounted-kitchen-faucet","8":"product_tag-kitchen-tap-faucet","9":"product_tag-kitchen-tap-modern","11":"first","12":"instock","13":"shipping-taxable","14":"purchasable","15":"product-type-variable","16":"wvs-archive-product-wrapper","17":"entry","18":"content-bg","19":"loop-entry"},"acf":[],"yoast_head":"<!-- This site is optimized with the Yoast SEO Premium plugin v25.4 (Yoast SEO v27.0) - https:\/\/yoast.com\/product\/yoast-seo-premium-wordpress\/ -->\n<title>Modern Single Cold Kitchen Faucet Quality Zinc Single Handle Wall Mounted Sink Water Tap Kitchen Tap Faucet - YOROOW<\/title>\n<meta name=\"description\" content=\"Modern single cold kitchen faucet made of quality zinc with single handle. Wall mounted sink water tap for kitchens. Chinese factory exports focus on South America and Southeast Asia markets.\" \/>\n<meta name=\"robots\" content=\"index, follow, max-snippet:-1, max-image-preview:large, max-video-preview:-1\" \/>\n<link rel=\"canonical\" href=\"https:\/\/www.yoroow.com\/pt\/pormenor-do-produto\/yoroow-torneira-de-pia-de-cozinha-de-parede-de-pega-unica-de-boa-qualidade-torneiras-de-agua\/\" \/>\n<meta property=\"og:locale\" content=\"pt_PT\" \/>\n<meta property=\"og:type\" content=\"article\" \/>\n<meta property=\"og:title\" content=\"Modern Single Cold Kitchen Faucet Quality Zinc Single Handle Wall Mounted Sink Water Tap Kitchen Tap Faucet\" \/>\n<meta property=\"og:description\" content=\"Modern single cold kitchen faucet made of quality zinc with single handle. Wall mounted sink water tap for kitchens. Chinese factory exports focus on South America and Southeast Asia markets.\" \/>\n<meta property=\"og:url\" content=\"https:\/\/www.yoroow.com\/pt\/pormenor-do-produto\/yoroow-torneira-de-pia-de-cozinha-de-parede-de-pega-unica-de-boa-qualidade-torneiras-de-agua\/\" \/>\n<meta property=\"og:site_name\" content=\"YOROOW\" \/>\n<meta property=\"article:publisher\" content=\"https:\/\/www.facebook.com\/people\/yoroowfaucetfactory\/61564236752362\/\" \/>\n<meta property=\"article:modified_time\" content=\"2025-05-16T01:19:48+00:00\" \/>\n<meta property=\"og:image\" content=\"https:\/\/www.yoroow.com\/wp-content\/uploads\/2025\/02\/image-16.png\" \/>\n\t<meta property=\"og:image:width\" content=\"499\" \/>\n\t<meta property=\"og:image:height\" content=\"500\" \/>\n\t<meta property=\"og:image:type\" content=\"image\/png\" \/>\n<meta name=\"twitter:card\" content=\"summary_large_image\" \/>\n<meta name=\"twitter:label1\" content=\"Est. reading time\" \/>\n\t<meta name=\"twitter:data1\" content=\"1 minuto\" \/>\n<script type=\"application\/ld+json\" class=\"yoast-schema-graph\">{\"@context\":\"https:\/\/schema.org\",\"@graph\":[{\"@type\":\"WebPage\",\"@id\":\"https:\/\/www.yoroow.com\/pt\/pormenor-do-produto\/yoroow-torneira-de-pia-de-cozinha-de-parede-de-pega-unica-de-boa-qualidade-torneiras-de-agua\/\",\"url\":\"https:\/\/www.yoroow.com\/pt\/pormenor-do-produto\/yoroow-torneira-de-pia-de-cozinha-de-parede-de-pega-unica-de-boa-qualidade-torneiras-de-agua\/\",\"name\":\"Modern Single Cold Kitchen Faucet Quality Zinc Single Handle Wall Mounted Sink Water Tap Kitchen Tap Faucet - YOROOW\",\"isPartOf\":{\"@id\":\"https:\/\/www.yoroow.com\/pt\/#website\"},\"primaryImageOfPage\":{\"@id\":\"https:\/\/www.yoroow.com\/pt\/pormenor-do-produto\/yoroow-torneira-de-pia-de-cozinha-de-parede-de-pega-unica-de-boa-qualidade-torneiras-de-agua\/#primaryimage\"},\"image\":{\"@id\":\"https:\/\/www.yoroow.com\/pt\/pormenor-do-produto\/yoroow-torneira-de-pia-de-cozinha-de-parede-de-pega-unica-de-boa-qualidade-torneiras-de-agua\/#primaryimage\"},\"thumbnailUrl\":\"https:\/\/www.yoroow.com\/wp-content\/uploads\/2025\/02\/image-16.png\",\"datePublished\":\"2025-02-13T08:07:37+00:00\",\"dateModified\":\"2025-05-16T01:19:48+00:00\",\"description\":\"Modern single cold kitchen faucet made of quality zinc with single handle. Wall mounted sink water tap for kitchens. Chinese factory exports focus on South America and Southeast Asia markets.\",\"breadcrumb\":{\"@id\":\"https:\/\/www.yoroow.com\/pt\/pormenor-do-produto\/yoroow-torneira-de-pia-de-cozinha-de-parede-de-pega-unica-de-boa-qualidade-torneiras-de-agua\/#breadcrumb\"},\"inLanguage\":\"pt-PT\",\"potentialAction\":[{\"@type\":\"ReadAction\",\"target\":[\"https:\/\/www.yoroow.com\/pt\/pormenor-do-produto\/yoroow-torneira-de-pia-de-cozinha-de-parede-de-pega-unica-de-boa-qualidade-torneiras-de-agua\/\"]}]},{\"@type\":\"ImageObject\",\"inLanguage\":\"pt-PT\",\"@id\":\"https:\/\/www.yoroow.com\/pt\/pormenor-do-produto\/yoroow-torneira-de-pia-de-cozinha-de-parede-de-pega-unica-de-boa-qualidade-torneiras-de-agua\/#primaryimage\",\"url\":\"https:\/\/www.yoroow.com\/wp-content\/uploads\/2025\/02\/image-16.png\",\"contentUrl\":\"https:\/\/www.yoroow.com\/wp-content\/uploads\/2025\/02\/image-16.png\",\"width\":499,\"height\":500,\"caption\":\"Modern Single Cold Kitchen Faucet Quality Zinc Single Handle Wall Mounted Sink Water Tap Kitchen Tap Faucet\"},{\"@type\":\"BreadcrumbList\",\"@id\":\"https:\/\/www.yoroow.com\/pt\/pormenor-do-produto\/yoroow-torneira-de-pia-de-cozinha-de-parede-de-pega-unica-de-boa-qualidade-torneiras-de-agua\/#breadcrumb\",\"itemListElement\":[{\"@type\":\"ListItem\",\"position\":1,\"name\":\"home\",\"item\":\"https:\/\/www.yoroow.com\/\"},{\"@type\":\"ListItem\",\"position\":2,\"name\":\"Product\",\"item\":\"https:\/\/www.yoroow.com\/product\/\"},{\"@type\":\"ListItem\",\"position\":3,\"name\":\"Modern Single Cold Kitchen Faucet Quality Zinc Single Handle Wall Mounted Sink Water Tap Kitchen Tap Faucet\"}]},{\"@type\":\"WebSite\",\"@id\":\"https:\/\/www.yoroow.com\/pt\/#website\",\"url\":\"https:\/\/www.yoroow.com\/pt\/\",\"name\":\"YOROOW\",\"description\":\"\",\"publisher\":{\"@id\":\"https:\/\/www.yoroow.com\/pt\/#organization\"},\"potentialAction\":[{\"@type\":\"SearchAction\",\"target\":{\"@type\":\"EntryPoint\",\"urlTemplate\":\"https:\/\/www.yoroow.com\/pt\/?s={search_term_string}\"},\"query-input\":{\"@type\":\"PropertyValueSpecification\",\"valueRequired\":true,\"valueName\":\"search_term_string\"}}],\"inLanguage\":\"pt-PT\"},{\"@type\":\"Organization\",\"@id\":\"https:\/\/www.yoroow.com\/pt\/#organization\",\"name\":\"YOROOW\",\"url\":\"https:\/\/www.yoroow.com\/pt\/\",\"logo\":{\"@type\":\"ImageObject\",\"inLanguage\":\"pt-PT\",\"@id\":\"https:\/\/www.yoroow.com\/pt\/#\/schema\/logo\/image\/\",\"url\":\"https:\/\/www.yoroow.com\/wp-content\/uploads\/2024\/12\/2024123007131061.png\",\"contentUrl\":\"https:\/\/www.yoroow.com\/wp-content\/uploads\/2024\/12\/2024123007131061.png\",\"width\":168,\"height\":27,\"caption\":\"YOROOW\"},\"image\":{\"@id\":\"https:\/\/www.yoroow.com\/pt\/#\/schema\/logo\/image\/\"},\"sameAs\":[\"https:\/\/www.facebook.com\/people\/yoroowfaucetfactory\/61564236752362\/\"]}]}<\/script>\n<!-- \/ Yoast SEO Premium plugin. -->","yoast_head_json":{"title":"Modern Single Cold Kitchen Faucet Quality Zinc Single Handle Wall Mounted Sink Water Tap Kitchen Tap Faucet - YOROOW","description":"Modern single cold kitchen faucet made of quality zinc with single handle. Wall mounted sink water tap for kitchens. Chinese factory exports focus on South America and Southeast Asia markets.","robots":{"index":"index","follow":"follow","max-snippet":"max-snippet:-1","max-image-preview":"max-image-preview:large","max-video-preview":"max-video-preview:-1"},"canonical":"https:\/\/www.yoroow.com\/pt\/pormenor-do-produto\/yoroow-torneira-de-pia-de-cozinha-de-parede-de-pega-unica-de-boa-qualidade-torneiras-de-agua\/","og_locale":"pt_PT","og_type":"article","og_title":"Modern Single Cold Kitchen Faucet Quality Zinc Single Handle Wall Mounted Sink Water Tap Kitchen Tap Faucet","og_description":"Modern single cold kitchen faucet made of quality zinc with single handle. Wall mounted sink water tap for kitchens. Chinese factory exports focus on South America and Southeast Asia markets.","og_url":"https:\/\/www.yoroow.com\/pt\/pormenor-do-produto\/yoroow-torneira-de-pia-de-cozinha-de-parede-de-pega-unica-de-boa-qualidade-torneiras-de-agua\/","og_site_name":"YOROOW","article_publisher":"https:\/\/www.facebook.com\/people\/yoroowfaucetfactory\/61564236752362\/","article_modified_time":"2025-05-16T01:19:48+00:00","og_image":[{"width":499,"height":500,"url":"https:\/\/www.yoroow.com\/wp-content\/uploads\/2025\/02\/image-16.png","type":"image\/png"}],"twitter_card":"summary_large_image","twitter_misc":{"Est. reading time":"1 minuto"},"schema":{"@context":"https:\/\/schema.org","@graph":[{"@type":"WebPage","@id":"https:\/\/www.yoroow.com\/pt\/pormenor-do-produto\/yoroow-torneira-de-pia-de-cozinha-de-parede-de-pega-unica-de-boa-qualidade-torneiras-de-agua\/","url":"https:\/\/www.yoroow.com\/pt\/pormenor-do-produto\/yoroow-torneira-de-pia-de-cozinha-de-parede-de-pega-unica-de-boa-qualidade-torneiras-de-agua\/","name":"Modern Single Cold Kitchen Faucet Quality Zinc Single Handle Wall Mounted Sink Water Tap Kitchen Tap Faucet - YOROOW","isPartOf":{"@id":"https:\/\/www.yoroow.com\/pt\/#website"},"primaryImageOfPage":{"@id":"https:\/\/www.yoroow.com\/pt\/pormenor-do-produto\/yoroow-torneira-de-pia-de-cozinha-de-parede-de-pega-unica-de-boa-qualidade-torneiras-de-agua\/#primaryimage"},"image":{"@id":"https:\/\/www.yoroow.com\/pt\/pormenor-do-produto\/yoroow-torneira-de-pia-de-cozinha-de-parede-de-pega-unica-de-boa-qualidade-torneiras-de-agua\/#primaryimage"},"thumbnailUrl":"https:\/\/www.yoroow.com\/wp-content\/uploads\/2025\/02\/image-16.png","datePublished":"2025-02-13T08:07:37+00:00","dateModified":"2025-05-16T01:19:48+00:00","description":"Modern single cold kitchen faucet made of quality zinc with single handle. Wall mounted sink water tap for kitchens. Chinese factory exports focus on South America and Southeast Asia markets.","breadcrumb":{"@id":"https:\/\/www.yoroow.com\/pt\/pormenor-do-produto\/yoroow-torneira-de-pia-de-cozinha-de-parede-de-pega-unica-de-boa-qualidade-torneiras-de-agua\/#breadcrumb"},"inLanguage":"pt-PT","potentialAction":[{"@type":"ReadAction","target":["https:\/\/www.yoroow.com\/pt\/pormenor-do-produto\/yoroow-torneira-de-pia-de-cozinha-de-parede-de-pega-unica-de-boa-qualidade-torneiras-de-agua\/"]}]},{"@type":"ImageObject","inLanguage":"pt-PT","@id":"https:\/\/www.yoroow.com\/pt\/pormenor-do-produto\/yoroow-torneira-de-pia-de-cozinha-de-parede-de-pega-unica-de-boa-qualidade-torneiras-de-agua\/#primaryimage","url":"https:\/\/www.yoroow.com\/wp-content\/uploads\/2025\/02\/image-16.png","contentUrl":"https:\/\/www.yoroow.com\/wp-content\/uploads\/2025\/02\/image-16.png","width":499,"height":500,"caption":"Modern Single Cold Kitchen Faucet Quality Zinc Single Handle Wall Mounted Sink Water Tap Kitchen Tap Faucet"},{"@type":"BreadcrumbList","@id":"https:\/\/www.yoroow.com\/pt\/pormenor-do-produto\/yoroow-torneira-de-pia-de-cozinha-de-parede-de-pega-unica-de-boa-qualidade-torneiras-de-agua\/#breadcrumb","itemListElement":[{"@type":"ListItem","position":1,"name":"home","item":"https:\/\/www.yoroow.com\/"},{"@type":"ListItem","position":2,"name":"Product","item":"https:\/\/www.yoroow.com\/product\/"},{"@type":"ListItem","position":3,"name":"Modern Single Cold Kitchen Faucet Quality Zinc Single Handle Wall Mounted Sink Water Tap Kitchen Tap Faucet"}]},{"@type":"WebSite","@id":"https:\/\/www.yoroow.com\/pt\/#website","url":"https:\/\/www.yoroow.com\/pt\/","name":"YOROOW","description":"","publisher":{"@id":"https:\/\/www.yoroow.com\/pt\/#organization"},"potentialAction":[{"@type":"SearchAction","target":{"@type":"EntryPoint","urlTemplate":"https:\/\/www.yoroow.com\/pt\/?s={search_term_string}"},"query-input":{"@type":"PropertyValueSpecification","valueRequired":true,"valueName":"search_term_string"}}],"inLanguage":"pt-PT"},{"@type":"Organization","@id":"https:\/\/www.yoroow.com\/pt\/#organization","name":"YOROOW","url":"https:\/\/www.yoroow.com\/pt\/","logo":{"@type":"ImageObject","inLanguage":"pt-PT","@id":"https:\/\/www.yoroow.com\/pt\/#\/schema\/logo\/image\/","url":"https:\/\/www.yoroow.com\/wp-content\/uploads\/2024\/12\/2024123007131061.png","contentUrl":"https:\/\/www.yoroow.com\/wp-content\/uploads\/2024\/12\/2024123007131061.png","width":168,"height":27,"caption":"YOROOW"},"image":{"@id":"https:\/\/www.yoroow.com\/pt\/#\/schema\/logo\/image\/"},"sameAs":["https:\/\/www.facebook.com\/people\/yoroowfaucetfactory\/61564236752362\/"]}]}},"_links":{"self":[{"href":"https:\/\/www.yoroow.com\/pt\/wp-json\/wp\/v2\/product\/9931","targetHints":{"allow":["GET"]}}],"collection":[{"href":"https:\/\/www.yoroow.com\/pt\/wp-json\/wp\/v2\/product"}],"about":[{"href":"https:\/\/www.yoroow.com\/pt\/wp-json\/wp\/v2\/types\/product"}],"wp:featuredmedia":[{"embeddable":true,"href":"https:\/\/www.yoroow.com\/pt\/wp-json\/wp\/v2\/media\/19109"}],"wp:attachment":[{"href":"https:\/\/www.yoroow.com\/pt\/wp-json\/wp\/v2\/media?parent=9931"}],"wp:term":[{"taxonomy":"product_brand","embeddable":true,"href":"https:\/\/www.yoroow.com\/pt\/wp-json\/wp\/v2\/product_brand?post=9931"},{"taxonomy":"product_cat","embeddable":true,"href":"https:\/\/www.yoroow.com\/pt\/wp-json\/wp\/v2\/product_cat?post=9931"},{"taxonomy":"product_tag","embeddable":true,"href":"https:\/\/www.yoroow.com\/pt\/wp-json\/wp\/v2\/product_tag?post=9931"}],"curies":[{"name":"wp","href":"https:\/\/api.w.org\/{rel}","templated":true}]}}