{"id":9560,"date":"2025-01-24T14:32:14","date_gmt":"2025-01-24T06:32:14","guid":{"rendered":"https:\/\/www.yoroow.com\/?post_type=product&#038;p=9560"},"modified":"2025-05-16T09:19:10","modified_gmt":"2025-05-16T01:19:10","slug":"valvula-de-descarga-de-sanita-com-pedal-de-latao-cromado-de-excelente-qualidade","status":"publish","type":"product","link":"https:\/\/www.yoroow.com\/pt\/pormenor-do-produto\/valvula-de-descarga-de-sanita-com-pedal-de-latao-cromado-de-excelente-qualidade\/","title":{"rendered":"V\u00e1lvula de descarga de sanita em lat\u00e3o cromado de alta qualidade para utiliza\u00e7\u00e3o na casa de banho V\u00e1lvula de descarga manual para sanita"},"content":{"rendered":"<p>Esta v\u00e1lvula de descarga de sanita em lat\u00e3o cromado oferece um funcionamento manual com um design altamente dur\u00e1vel, ideal para casas de banho residenciais e p\u00fablicas. A sua constru\u00e7\u00e3o robusta garante uma longa vida \u00fatil, enquanto o revestimento cromado lhe confere um acabamento atraente e de alta qualidade. Produzida na China por uma f\u00e1brica com instala\u00e7\u00f5es de produ\u00e7\u00e3o avan\u00e7adas, esta v\u00e1lvula \u00e9 testada para um elevado desempenho e fiabilidade. \u00c9 muito procurada nos mercados da Am\u00e9rica do Sul e do Sudeste Asi\u00e1tico, especialmente para renova\u00e7\u00f5es e novas constru\u00e7\u00f5es. A f\u00e1brica oferece uma gama de op\u00e7\u00f5es de personaliza\u00e7\u00e3o, incluindo a grava\u00e7\u00e3o do log\u00f3tipo e solu\u00e7\u00f5es de embalagem \u00e0 medida.<\/p>","protected":false},"excerpt":{"rendered":"<p>This chrome-plated brass toilet flush valve offers manual operation with a highly durable design, ideal for residential and public restrooms. Its robust construction ensures a long service life, while the chrome plating gives it an attractive, high-end finish. Produced in China by a factory with advanced manufacturing facilities, this valve is tested for high performance&#8230;<\/p>","protected":false},"featured_media":9577,"template":"","meta":{"_acf_changed":false,"_kad_post_transparent":"default","_kad_post_title":"","_kad_post_layout":"default","_kad_post_sidebar_id":"","_kad_post_content_style":"default","_kad_post_vertical_padding":"default","_kad_post_feature":"","_kad_post_feature_position":"","_kad_post_header":false,"_kad_post_footer":false},"product_brand":[],"product_cat":[139,229],"product_tag":[7256,7252],"class_list":{"0":"post-9560","1":"product","2":"type-product","3":"status-publish","4":"has-post-thumbnail","6":"product_cat-toilet-flush-valve","7":"product_cat-manual-toilet-flush-valve","8":"product_tag-flush-valve-for-toilet","9":"product_tag-toilet-flush-valve","11":"first","12":"instock","13":"shipping-taxable","14":"purchasable","15":"product-type-variable","16":"wvs-archive-product-wrapper","17":"entry","18":"content-bg","19":"loop-entry"},"acf":[],"yoast_head":"<!-- This site is optimized with the Yoast SEO Premium plugin v25.4 (Yoast SEO v27.0) - https:\/\/yoast.com\/product\/yoast-seo-premium-wordpress\/ -->\n<title>High Quality Chrome Plate Brass Toilet Flush Valve for Bathroom Use Manual Toilet Flush Valve - YOROOW<\/title>\n<meta name=\"description\" content=\"High quality chrome plate brass toilet flush valve for bathroom use. Manual operation with reliable performance. Manufactured in China for South American and Southeast Asian export markets.\" \/>\n<meta name=\"robots\" content=\"index, follow, max-snippet:-1, max-image-preview:large, max-video-preview:-1\" \/>\n<link rel=\"canonical\" href=\"https:\/\/www.yoroow.com\/pt\/pormenor-do-produto\/valvula-de-descarga-de-sanita-com-pedal-de-latao-cromado-de-excelente-qualidade\/\" \/>\n<meta property=\"og:locale\" content=\"pt_PT\" \/>\n<meta property=\"og:type\" content=\"article\" \/>\n<meta property=\"og:title\" content=\"High Quality Chrome Plate Brass Toilet Flush Valve for Bathroom Use Manual Toilet Flush Valve\" \/>\n<meta property=\"og:description\" content=\"High quality chrome plate brass toilet flush valve for bathroom use. Manual operation with reliable performance. Manufactured in China for South American and Southeast Asian export markets.\" \/>\n<meta property=\"og:url\" content=\"https:\/\/www.yoroow.com\/pt\/pormenor-do-produto\/valvula-de-descarga-de-sanita-com-pedal-de-latao-cromado-de-excelente-qualidade\/\" \/>\n<meta property=\"og:site_name\" content=\"YOROOW\" \/>\n<meta property=\"article:publisher\" content=\"https:\/\/www.facebook.com\/people\/yoroowfaucetfactory\/61564236752362\/\" \/>\n<meta property=\"article:modified_time\" content=\"2025-05-16T01:19:10+00:00\" \/>\n<meta property=\"og:image\" content=\"https:\/\/www.yoroow.com\/wp-content\/uploads\/2025\/01\/\u4e3b\u56fe_1-64.jpg\" \/>\n\t<meta property=\"og:image:width\" content=\"800\" \/>\n\t<meta property=\"og:image:height\" content=\"800\" \/>\n\t<meta property=\"og:image:type\" content=\"image\/jpeg\" \/>\n<meta name=\"twitter:card\" content=\"summary_large_image\" \/>\n<meta name=\"twitter:label1\" content=\"Est. reading time\" \/>\n\t<meta name=\"twitter:data1\" content=\"1 minuto\" \/>\n<script type=\"application\/ld+json\" class=\"yoast-schema-graph\">{\"@context\":\"https:\/\/schema.org\",\"@graph\":[{\"@type\":\"WebPage\",\"@id\":\"https:\/\/www.yoroow.com\/pt\/pormenor-do-produto\/valvula-de-descarga-de-sanita-com-pedal-de-latao-cromado-de-excelente-qualidade\/\",\"url\":\"https:\/\/www.yoroow.com\/pt\/pormenor-do-produto\/valvula-de-descarga-de-sanita-com-pedal-de-latao-cromado-de-excelente-qualidade\/\",\"name\":\"High Quality Chrome Plate Brass Toilet Flush Valve for Bathroom Use Manual Toilet Flush Valve - YOROOW\",\"isPartOf\":{\"@id\":\"https:\/\/www.yoroow.com\/pt\/#website\"},\"primaryImageOfPage\":{\"@id\":\"https:\/\/www.yoroow.com\/pt\/pormenor-do-produto\/valvula-de-descarga-de-sanita-com-pedal-de-latao-cromado-de-excelente-qualidade\/#primaryimage\"},\"image\":{\"@id\":\"https:\/\/www.yoroow.com\/pt\/pormenor-do-produto\/valvula-de-descarga-de-sanita-com-pedal-de-latao-cromado-de-excelente-qualidade\/#primaryimage\"},\"thumbnailUrl\":\"https:\/\/www.yoroow.com\/wp-content\/uploads\/2025\/01\/\u4e3b\u56fe_1-64.jpg\",\"datePublished\":\"2025-01-24T06:32:14+00:00\",\"dateModified\":\"2025-05-16T01:19:10+00:00\",\"description\":\"High quality chrome plate brass toilet flush valve for bathroom use. Manual operation with reliable performance. Manufactured in China for South American and Southeast Asian export markets.\",\"breadcrumb\":{\"@id\":\"https:\/\/www.yoroow.com\/pt\/pormenor-do-produto\/valvula-de-descarga-de-sanita-com-pedal-de-latao-cromado-de-excelente-qualidade\/#breadcrumb\"},\"inLanguage\":\"pt-PT\",\"potentialAction\":[{\"@type\":\"ReadAction\",\"target\":[\"https:\/\/www.yoroow.com\/pt\/pormenor-do-produto\/valvula-de-descarga-de-sanita-com-pedal-de-latao-cromado-de-excelente-qualidade\/\"]}]},{\"@type\":\"ImageObject\",\"inLanguage\":\"pt-PT\",\"@id\":\"https:\/\/www.yoroow.com\/pt\/pormenor-do-produto\/valvula-de-descarga-de-sanita-com-pedal-de-latao-cromado-de-excelente-qualidade\/#primaryimage\",\"url\":\"https:\/\/www.yoroow.com\/wp-content\/uploads\/2025\/01\/\u4e3b\u56fe_1-64.jpg\",\"contentUrl\":\"https:\/\/www.yoroow.com\/wp-content\/uploads\/2025\/01\/\u4e3b\u56fe_1-64.jpg\",\"width\":800,\"height\":800,\"caption\":\"High Quality Chrome Plate Brass Toilet Flush Valve for Bathroom Use Manual Toilet Flush Valve\"},{\"@type\":\"BreadcrumbList\",\"@id\":\"https:\/\/www.yoroow.com\/pt\/pormenor-do-produto\/valvula-de-descarga-de-sanita-com-pedal-de-latao-cromado-de-excelente-qualidade\/#breadcrumb\",\"itemListElement\":[{\"@type\":\"ListItem\",\"position\":1,\"name\":\"home\",\"item\":\"https:\/\/www.yoroow.com\/\"},{\"@type\":\"ListItem\",\"position\":2,\"name\":\"Product\",\"item\":\"https:\/\/www.yoroow.com\/product\/\"},{\"@type\":\"ListItem\",\"position\":3,\"name\":\"High Quality Chrome Plate Brass Toilet Flush Valve for Bathroom Use Manual Toilet Flush Valve\"}]},{\"@type\":\"WebSite\",\"@id\":\"https:\/\/www.yoroow.com\/pt\/#website\",\"url\":\"https:\/\/www.yoroow.com\/pt\/\",\"name\":\"YOROOW\",\"description\":\"\",\"publisher\":{\"@id\":\"https:\/\/www.yoroow.com\/pt\/#organization\"},\"potentialAction\":[{\"@type\":\"SearchAction\",\"target\":{\"@type\":\"EntryPoint\",\"urlTemplate\":\"https:\/\/www.yoroow.com\/pt\/?s={search_term_string}\"},\"query-input\":{\"@type\":\"PropertyValueSpecification\",\"valueRequired\":true,\"valueName\":\"search_term_string\"}}],\"inLanguage\":\"pt-PT\"},{\"@type\":\"Organization\",\"@id\":\"https:\/\/www.yoroow.com\/pt\/#organization\",\"name\":\"YOROOW\",\"url\":\"https:\/\/www.yoroow.com\/pt\/\",\"logo\":{\"@type\":\"ImageObject\",\"inLanguage\":\"pt-PT\",\"@id\":\"https:\/\/www.yoroow.com\/pt\/#\/schema\/logo\/image\/\",\"url\":\"https:\/\/www.yoroow.com\/wp-content\/uploads\/2024\/12\/2024123007131061.png\",\"contentUrl\":\"https:\/\/www.yoroow.com\/wp-content\/uploads\/2024\/12\/2024123007131061.png\",\"width\":168,\"height\":27,\"caption\":\"YOROOW\"},\"image\":{\"@id\":\"https:\/\/www.yoroow.com\/pt\/#\/schema\/logo\/image\/\"},\"sameAs\":[\"https:\/\/www.facebook.com\/people\/yoroowfaucetfactory\/61564236752362\/\"]}]}<\/script>\n<!-- \/ Yoast SEO Premium plugin. -->","yoast_head_json":{"title":"High Quality Chrome Plate Brass Toilet Flush Valve for Bathroom Use Manual Toilet Flush Valve - YOROOW","description":"High quality chrome plate brass toilet flush valve for bathroom use. Manual operation with reliable performance. Manufactured in China for South American and Southeast Asian export markets.","robots":{"index":"index","follow":"follow","max-snippet":"max-snippet:-1","max-image-preview":"max-image-preview:large","max-video-preview":"max-video-preview:-1"},"canonical":"https:\/\/www.yoroow.com\/pt\/pormenor-do-produto\/valvula-de-descarga-de-sanita-com-pedal-de-latao-cromado-de-excelente-qualidade\/","og_locale":"pt_PT","og_type":"article","og_title":"High Quality Chrome Plate Brass Toilet Flush Valve for Bathroom Use Manual Toilet Flush Valve","og_description":"High quality chrome plate brass toilet flush valve for bathroom use. Manual operation with reliable performance. Manufactured in China for South American and Southeast Asian export markets.","og_url":"https:\/\/www.yoroow.com\/pt\/pormenor-do-produto\/valvula-de-descarga-de-sanita-com-pedal-de-latao-cromado-de-excelente-qualidade\/","og_site_name":"YOROOW","article_publisher":"https:\/\/www.facebook.com\/people\/yoroowfaucetfactory\/61564236752362\/","article_modified_time":"2025-05-16T01:19:10+00:00","og_image":[{"width":800,"height":800,"url":"https:\/\/www.yoroow.com\/wp-content\/uploads\/2025\/01\/\u4e3b\u56fe_1-64.jpg","type":"image\/jpeg"}],"twitter_card":"summary_large_image","twitter_misc":{"Est. reading time":"1 minuto"},"schema":{"@context":"https:\/\/schema.org","@graph":[{"@type":"WebPage","@id":"https:\/\/www.yoroow.com\/pt\/pormenor-do-produto\/valvula-de-descarga-de-sanita-com-pedal-de-latao-cromado-de-excelente-qualidade\/","url":"https:\/\/www.yoroow.com\/pt\/pormenor-do-produto\/valvula-de-descarga-de-sanita-com-pedal-de-latao-cromado-de-excelente-qualidade\/","name":"High Quality Chrome Plate Brass Toilet Flush Valve for Bathroom Use Manual Toilet Flush Valve - YOROOW","isPartOf":{"@id":"https:\/\/www.yoroow.com\/pt\/#website"},"primaryImageOfPage":{"@id":"https:\/\/www.yoroow.com\/pt\/pormenor-do-produto\/valvula-de-descarga-de-sanita-com-pedal-de-latao-cromado-de-excelente-qualidade\/#primaryimage"},"image":{"@id":"https:\/\/www.yoroow.com\/pt\/pormenor-do-produto\/valvula-de-descarga-de-sanita-com-pedal-de-latao-cromado-de-excelente-qualidade\/#primaryimage"},"thumbnailUrl":"https:\/\/www.yoroow.com\/wp-content\/uploads\/2025\/01\/\u4e3b\u56fe_1-64.jpg","datePublished":"2025-01-24T06:32:14+00:00","dateModified":"2025-05-16T01:19:10+00:00","description":"High quality chrome plate brass toilet flush valve for bathroom use. Manual operation with reliable performance. Manufactured in China for South American and Southeast Asian export markets.","breadcrumb":{"@id":"https:\/\/www.yoroow.com\/pt\/pormenor-do-produto\/valvula-de-descarga-de-sanita-com-pedal-de-latao-cromado-de-excelente-qualidade\/#breadcrumb"},"inLanguage":"pt-PT","potentialAction":[{"@type":"ReadAction","target":["https:\/\/www.yoroow.com\/pt\/pormenor-do-produto\/valvula-de-descarga-de-sanita-com-pedal-de-latao-cromado-de-excelente-qualidade\/"]}]},{"@type":"ImageObject","inLanguage":"pt-PT","@id":"https:\/\/www.yoroow.com\/pt\/pormenor-do-produto\/valvula-de-descarga-de-sanita-com-pedal-de-latao-cromado-de-excelente-qualidade\/#primaryimage","url":"https:\/\/www.yoroow.com\/wp-content\/uploads\/2025\/01\/\u4e3b\u56fe_1-64.jpg","contentUrl":"https:\/\/www.yoroow.com\/wp-content\/uploads\/2025\/01\/\u4e3b\u56fe_1-64.jpg","width":800,"height":800,"caption":"High Quality Chrome Plate Brass Toilet Flush Valve for Bathroom Use Manual Toilet Flush Valve"},{"@type":"BreadcrumbList","@id":"https:\/\/www.yoroow.com\/pt\/pormenor-do-produto\/valvula-de-descarga-de-sanita-com-pedal-de-latao-cromado-de-excelente-qualidade\/#breadcrumb","itemListElement":[{"@type":"ListItem","position":1,"name":"home","item":"https:\/\/www.yoroow.com\/"},{"@type":"ListItem","position":2,"name":"Product","item":"https:\/\/www.yoroow.com\/product\/"},{"@type":"ListItem","position":3,"name":"High Quality Chrome Plate Brass Toilet Flush Valve for Bathroom Use Manual Toilet Flush Valve"}]},{"@type":"WebSite","@id":"https:\/\/www.yoroow.com\/pt\/#website","url":"https:\/\/www.yoroow.com\/pt\/","name":"YOROOW","description":"","publisher":{"@id":"https:\/\/www.yoroow.com\/pt\/#organization"},"potentialAction":[{"@type":"SearchAction","target":{"@type":"EntryPoint","urlTemplate":"https:\/\/www.yoroow.com\/pt\/?s={search_term_string}"},"query-input":{"@type":"PropertyValueSpecification","valueRequired":true,"valueName":"search_term_string"}}],"inLanguage":"pt-PT"},{"@type":"Organization","@id":"https:\/\/www.yoroow.com\/pt\/#organization","name":"YOROOW","url":"https:\/\/www.yoroow.com\/pt\/","logo":{"@type":"ImageObject","inLanguage":"pt-PT","@id":"https:\/\/www.yoroow.com\/pt\/#\/schema\/logo\/image\/","url":"https:\/\/www.yoroow.com\/wp-content\/uploads\/2024\/12\/2024123007131061.png","contentUrl":"https:\/\/www.yoroow.com\/wp-content\/uploads\/2024\/12\/2024123007131061.png","width":168,"height":27,"caption":"YOROOW"},"image":{"@id":"https:\/\/www.yoroow.com\/pt\/#\/schema\/logo\/image\/"},"sameAs":["https:\/\/www.facebook.com\/people\/yoroowfaucetfactory\/61564236752362\/"]}]}},"_links":{"self":[{"href":"https:\/\/www.yoroow.com\/pt\/wp-json\/wp\/v2\/product\/9560","targetHints":{"allow":["GET"]}}],"collection":[{"href":"https:\/\/www.yoroow.com\/pt\/wp-json\/wp\/v2\/product"}],"about":[{"href":"https:\/\/www.yoroow.com\/pt\/wp-json\/wp\/v2\/types\/product"}],"wp:featuredmedia":[{"embeddable":true,"href":"https:\/\/www.yoroow.com\/pt\/wp-json\/wp\/v2\/media\/9577"}],"wp:attachment":[{"href":"https:\/\/www.yoroow.com\/pt\/wp-json\/wp\/v2\/media?parent=9560"}],"wp:term":[{"taxonomy":"product_brand","embeddable":true,"href":"https:\/\/www.yoroow.com\/pt\/wp-json\/wp\/v2\/product_brand?post=9560"},{"taxonomy":"product_cat","embeddable":true,"href":"https:\/\/www.yoroow.com\/pt\/wp-json\/wp\/v2\/product_cat?post=9560"},{"taxonomy":"product_tag","embeddable":true,"href":"https:\/\/www.yoroow.com\/pt\/wp-json\/wp\/v2\/product_tag?post=9560"}],"curies":[{"name":"wp","href":"https:\/\/api.w.org\/{rel}","templated":true}]}}