{"id":9512,"date":"2025-01-24T13:14:23","date_gmt":"2025-01-24T05:14:23","guid":{"rendered":"https:\/\/www.yoroow.com\/?post_type=product&#038;p=9512"},"modified":"2025-05-16T09:18:55","modified_gmt":"2025-05-16T01:18:55","slug":"yoroow-sistema-misturador-de-duche-termostatico-cromado-de-alta-qualidade-caixa-de-cartao-ceramica-moderna-polida","status":"publish","type":"product","link":"https:\/\/www.yoroow.com\/pt\/pormenor-do-produto\/yoroow-sistema-misturador-de-duche-termostatico-cromado-de-alta-qualidade-caixa-de-cartao-ceramica-moderna-polida\/","title":{"rendered":"Sistema misturador de duche termost\u00e1tico cromado de alta qualidade Jactos corporais de lat\u00e3o polido cer\u00e2mico moderno para torneiras de duche de banho"},"content":{"rendered":"<p>Com um sistema de misturadora termost\u00e1tica de duche com componentes cer\u00e2micos e jactos corporais, este produto \u00e9 perfeito para casas de banho residenciais de luxo ou casas de banho comerciais tipo spa. O seu corpo em lat\u00e3o polido garante uma excelente estabilidade de temperatura e durabilidade. As instala\u00e7\u00f5es de fabrico chinesas com uma vasta experi\u00eancia em OEM garantem qualidade, entrega atempada e designs personalizados. Especialmente preferido na Am\u00e9rica do Sul e no Sudeste Asi\u00e1tico, onde o controlo da temperatura e o conforto s\u00e3o os principais pontos de venda. Marca personalizada e op\u00e7\u00f5es espec\u00edficas para projectos dispon\u00edveis.<\/p>","protected":false},"excerpt":{"rendered":"<p>Com um sistema de misturadora termost\u00e1tica de duche com componentes cer\u00e2micos e jactos corporais, este produto \u00e9 perfeito para casas de banho residenciais de luxo ou casas de banho comerciais tipo spa. O seu corpo em lat\u00e3o polido garante uma excelente estabilidade de temperatura e durabilidade. As instala\u00e7\u00f5es de fabrico chinesas com uma vasta experi\u00eancia em OEM garantem qualidade, entrega atempada e designs personalizados. Especialmente favorecido na Am\u00e9rica do Sul e no Sudeste Asi\u00e1tico,...<\/p>","protected":false},"featured_media":9513,"template":"","meta":{"_acf_changed":false,"_kad_post_transparent":"default","_kad_post_title":"","_kad_post_layout":"default","_kad_post_sidebar_id":"","_kad_post_content_style":"default","_kad_post_vertical_padding":"default","_kad_post_feature":"","_kad_post_feature_position":"","_kad_post_header":false,"_kad_post_footer":false},"product_brand":[],"product_cat":[120],"product_tag":[5238,5481],"class_list":{"0":"post-9512","1":"product","2":"type-product","3":"status-publish","4":"has-post-thumbnail","6":"product_cat-shower-hand-set","7":"product_tag-brass-bathroom-bathtub-faucet-hand-shower-set","8":"product_tag-shower-system-with-body-jets","10":"first","11":"instock","12":"shipping-taxable","13":"purchasable","14":"product-type-variable","15":"wvs-archive-product-wrapper","16":"entry","17":"content-bg","18":"loop-entry"},"acf":[],"yoast_head":"<!-- This site is optimized with the Yoast SEO Premium plugin v25.4 (Yoast SEO v27.0) - https:\/\/yoast.com\/product\/yoast-seo-premium-wordpress\/ -->\n<title>High Quality Chromed Thermostatic Shower Mixer System Modern Ceramic Polished Brass Body Jets for Bath Shower Faucets Shower - YOROOW<\/title>\n<meta name=\"description\" content=\"High quality chromed thermostatic shower mixer system with ceramic valves and polished brass body jets. Suitable for bath and shower faucets. Chinese factory expertise meets export needs in South America and Southeast Asia.\" \/>\n<meta name=\"robots\" content=\"index, follow, max-snippet:-1, max-image-preview:large, max-video-preview:-1\" \/>\n<link rel=\"canonical\" href=\"https:\/\/www.yoroow.com\/pt\/pormenor-do-produto\/yoroow-sistema-misturador-de-duche-termostatico-cromado-de-alta-qualidade-caixa-de-cartao-ceramica-moderna-polida\/\" \/>\n<meta property=\"og:locale\" content=\"pt_PT\" \/>\n<meta property=\"og:type\" content=\"article\" \/>\n<meta property=\"og:title\" content=\"High Quality Chromed Thermostatic Shower Mixer System Modern Ceramic Polished Brass Body Jets for Bath Shower Faucets Shower\" \/>\n<meta property=\"og:description\" content=\"High quality chromed thermostatic shower mixer system with ceramic valves and polished brass body jets. Suitable for bath and shower faucets. Chinese factory expertise meets export needs in South America and Southeast Asia.\" \/>\n<meta property=\"og:url\" content=\"https:\/\/www.yoroow.com\/pt\/pormenor-do-produto\/yoroow-sistema-misturador-de-duche-termostatico-cromado-de-alta-qualidade-caixa-de-cartao-ceramica-moderna-polida\/\" \/>\n<meta property=\"og:site_name\" content=\"YOROOW\" \/>\n<meta property=\"article:publisher\" content=\"https:\/\/www.facebook.com\/people\/yoroowfaucetfactory\/61564236752362\/\" \/>\n<meta property=\"article:modified_time\" content=\"2025-05-16T01:18:55+00:00\" \/>\n<meta property=\"og:image\" content=\"https:\/\/www.yoroow.com\/wp-content\/uploads\/2025\/01\/\u4e3b\u56fe_1-56.jpg\" \/>\n\t<meta property=\"og:image:width\" content=\"800\" \/>\n\t<meta property=\"og:image:height\" content=\"800\" \/>\n\t<meta property=\"og:image:type\" content=\"image\/jpeg\" \/>\n<meta name=\"twitter:card\" content=\"summary_large_image\" \/>\n<meta name=\"twitter:label1\" content=\"Est. reading time\" \/>\n\t<meta name=\"twitter:data1\" content=\"1 minuto\" \/>\n<script type=\"application\/ld+json\" class=\"yoast-schema-graph\">{\"@context\":\"https:\/\/schema.org\",\"@graph\":[{\"@type\":\"WebPage\",\"@id\":\"https:\/\/www.yoroow.com\/pt\/pormenor-do-produto\/yoroow-sistema-misturador-de-duche-termostatico-cromado-de-alta-qualidade-caixa-de-cartao-ceramica-moderna-polida\/\",\"url\":\"https:\/\/www.yoroow.com\/pt\/pormenor-do-produto\/yoroow-sistema-misturador-de-duche-termostatico-cromado-de-alta-qualidade-caixa-de-cartao-ceramica-moderna-polida\/\",\"name\":\"High Quality Chromed Thermostatic Shower Mixer System Modern Ceramic Polished Brass Body Jets for Bath Shower Faucets Shower - YOROOW\",\"isPartOf\":{\"@id\":\"https:\/\/www.yoroow.com\/pt\/#website\"},\"primaryImageOfPage\":{\"@id\":\"https:\/\/www.yoroow.com\/pt\/pormenor-do-produto\/yoroow-sistema-misturador-de-duche-termostatico-cromado-de-alta-qualidade-caixa-de-cartao-ceramica-moderna-polida\/#primaryimage\"},\"image\":{\"@id\":\"https:\/\/www.yoroow.com\/pt\/pormenor-do-produto\/yoroow-sistema-misturador-de-duche-termostatico-cromado-de-alta-qualidade-caixa-de-cartao-ceramica-moderna-polida\/#primaryimage\"},\"thumbnailUrl\":\"https:\/\/www.yoroow.com\/wp-content\/uploads\/2025\/01\/\u4e3b\u56fe_1-56.jpg\",\"datePublished\":\"2025-01-24T05:14:23+00:00\",\"dateModified\":\"2025-05-16T01:18:55+00:00\",\"description\":\"High quality chromed thermostatic shower mixer system with ceramic valves and polished brass body jets. Suitable for bath and shower faucets. Chinese factory expertise meets export needs in South America and Southeast Asia.\",\"breadcrumb\":{\"@id\":\"https:\/\/www.yoroow.com\/pt\/pormenor-do-produto\/yoroow-sistema-misturador-de-duche-termostatico-cromado-de-alta-qualidade-caixa-de-cartao-ceramica-moderna-polida\/#breadcrumb\"},\"inLanguage\":\"pt-PT\",\"potentialAction\":[{\"@type\":\"ReadAction\",\"target\":[\"https:\/\/www.yoroow.com\/pt\/pormenor-do-produto\/yoroow-sistema-misturador-de-duche-termostatico-cromado-de-alta-qualidade-caixa-de-cartao-ceramica-moderna-polida\/\"]}]},{\"@type\":\"ImageObject\",\"inLanguage\":\"pt-PT\",\"@id\":\"https:\/\/www.yoroow.com\/pt\/pormenor-do-produto\/yoroow-sistema-misturador-de-duche-termostatico-cromado-de-alta-qualidade-caixa-de-cartao-ceramica-moderna-polida\/#primaryimage\",\"url\":\"https:\/\/www.yoroow.com\/wp-content\/uploads\/2025\/01\/\u4e3b\u56fe_1-56.jpg\",\"contentUrl\":\"https:\/\/www.yoroow.com\/wp-content\/uploads\/2025\/01\/\u4e3b\u56fe_1-56.jpg\",\"width\":800,\"height\":800,\"caption\":\"High Quality Chromed Thermostatic Shower Mixer System Modern Ceramic Polished Brass Body Jets for Bath Shower Faucets Shower\"},{\"@type\":\"BreadcrumbList\",\"@id\":\"https:\/\/www.yoroow.com\/pt\/pormenor-do-produto\/yoroow-sistema-misturador-de-duche-termostatico-cromado-de-alta-qualidade-caixa-de-cartao-ceramica-moderna-polida\/#breadcrumb\",\"itemListElement\":[{\"@type\":\"ListItem\",\"position\":1,\"name\":\"home\",\"item\":\"https:\/\/www.yoroow.com\/\"},{\"@type\":\"ListItem\",\"position\":2,\"name\":\"Product\",\"item\":\"https:\/\/www.yoroow.com\/product\/\"},{\"@type\":\"ListItem\",\"position\":3,\"name\":\"High Quality Chromed Thermostatic Shower Mixer System Modern Ceramic Polished Brass Body Jets for Bath Shower Faucets Shower\"}]},{\"@type\":\"WebSite\",\"@id\":\"https:\/\/www.yoroow.com\/pt\/#website\",\"url\":\"https:\/\/www.yoroow.com\/pt\/\",\"name\":\"YOROOW\",\"description\":\"\",\"publisher\":{\"@id\":\"https:\/\/www.yoroow.com\/pt\/#organization\"},\"potentialAction\":[{\"@type\":\"SearchAction\",\"target\":{\"@type\":\"EntryPoint\",\"urlTemplate\":\"https:\/\/www.yoroow.com\/pt\/?s={search_term_string}\"},\"query-input\":{\"@type\":\"PropertyValueSpecification\",\"valueRequired\":true,\"valueName\":\"search_term_string\"}}],\"inLanguage\":\"pt-PT\"},{\"@type\":\"Organization\",\"@id\":\"https:\/\/www.yoroow.com\/pt\/#organization\",\"name\":\"YOROOW\",\"url\":\"https:\/\/www.yoroow.com\/pt\/\",\"logo\":{\"@type\":\"ImageObject\",\"inLanguage\":\"pt-PT\",\"@id\":\"https:\/\/www.yoroow.com\/pt\/#\/schema\/logo\/image\/\",\"url\":\"https:\/\/www.yoroow.com\/wp-content\/uploads\/2024\/12\/2024123007131061.png\",\"contentUrl\":\"https:\/\/www.yoroow.com\/wp-content\/uploads\/2024\/12\/2024123007131061.png\",\"width\":168,\"height\":27,\"caption\":\"YOROOW\"},\"image\":{\"@id\":\"https:\/\/www.yoroow.com\/pt\/#\/schema\/logo\/image\/\"},\"sameAs\":[\"https:\/\/www.facebook.com\/people\/yoroowfaucetfactory\/61564236752362\/\"]}]}<\/script>\n<!-- \/ Yoast SEO Premium plugin. -->","yoast_head_json":{"title":"High Quality Chromed Thermostatic Shower Mixer System Modern Ceramic Polished Brass Body Jets for Bath Shower Faucets Shower - YOROOW","description":"High quality chromed thermostatic shower mixer system with ceramic valves and polished brass body jets. Suitable for bath and shower faucets. Chinese factory expertise meets export needs in South America and Southeast Asia.","robots":{"index":"index","follow":"follow","max-snippet":"max-snippet:-1","max-image-preview":"max-image-preview:large","max-video-preview":"max-video-preview:-1"},"canonical":"https:\/\/www.yoroow.com\/pt\/pormenor-do-produto\/yoroow-sistema-misturador-de-duche-termostatico-cromado-de-alta-qualidade-caixa-de-cartao-ceramica-moderna-polida\/","og_locale":"pt_PT","og_type":"article","og_title":"High Quality Chromed Thermostatic Shower Mixer System Modern Ceramic Polished Brass Body Jets for Bath Shower Faucets Shower","og_description":"High quality chromed thermostatic shower mixer system with ceramic valves and polished brass body jets. Suitable for bath and shower faucets. Chinese factory expertise meets export needs in South America and Southeast Asia.","og_url":"https:\/\/www.yoroow.com\/pt\/pormenor-do-produto\/yoroow-sistema-misturador-de-duche-termostatico-cromado-de-alta-qualidade-caixa-de-cartao-ceramica-moderna-polida\/","og_site_name":"YOROOW","article_publisher":"https:\/\/www.facebook.com\/people\/yoroowfaucetfactory\/61564236752362\/","article_modified_time":"2025-05-16T01:18:55+00:00","og_image":[{"width":800,"height":800,"url":"https:\/\/www.yoroow.com\/wp-content\/uploads\/2025\/01\/\u4e3b\u56fe_1-56.jpg","type":"image\/jpeg"}],"twitter_card":"summary_large_image","twitter_misc":{"Est. reading time":"1 minuto"},"schema":{"@context":"https:\/\/schema.org","@graph":[{"@type":"WebPage","@id":"https:\/\/www.yoroow.com\/pt\/pormenor-do-produto\/yoroow-sistema-misturador-de-duche-termostatico-cromado-de-alta-qualidade-caixa-de-cartao-ceramica-moderna-polida\/","url":"https:\/\/www.yoroow.com\/pt\/pormenor-do-produto\/yoroow-sistema-misturador-de-duche-termostatico-cromado-de-alta-qualidade-caixa-de-cartao-ceramica-moderna-polida\/","name":"High Quality Chromed Thermostatic Shower Mixer System Modern Ceramic Polished Brass Body Jets for Bath Shower Faucets Shower - YOROOW","isPartOf":{"@id":"https:\/\/www.yoroow.com\/pt\/#website"},"primaryImageOfPage":{"@id":"https:\/\/www.yoroow.com\/pt\/pormenor-do-produto\/yoroow-sistema-misturador-de-duche-termostatico-cromado-de-alta-qualidade-caixa-de-cartao-ceramica-moderna-polida\/#primaryimage"},"image":{"@id":"https:\/\/www.yoroow.com\/pt\/pormenor-do-produto\/yoroow-sistema-misturador-de-duche-termostatico-cromado-de-alta-qualidade-caixa-de-cartao-ceramica-moderna-polida\/#primaryimage"},"thumbnailUrl":"https:\/\/www.yoroow.com\/wp-content\/uploads\/2025\/01\/\u4e3b\u56fe_1-56.jpg","datePublished":"2025-01-24T05:14:23+00:00","dateModified":"2025-05-16T01:18:55+00:00","description":"High quality chromed thermostatic shower mixer system with ceramic valves and polished brass body jets. Suitable for bath and shower faucets. Chinese factory expertise meets export needs in South America and Southeast Asia.","breadcrumb":{"@id":"https:\/\/www.yoroow.com\/pt\/pormenor-do-produto\/yoroow-sistema-misturador-de-duche-termostatico-cromado-de-alta-qualidade-caixa-de-cartao-ceramica-moderna-polida\/#breadcrumb"},"inLanguage":"pt-PT","potentialAction":[{"@type":"ReadAction","target":["https:\/\/www.yoroow.com\/pt\/pormenor-do-produto\/yoroow-sistema-misturador-de-duche-termostatico-cromado-de-alta-qualidade-caixa-de-cartao-ceramica-moderna-polida\/"]}]},{"@type":"ImageObject","inLanguage":"pt-PT","@id":"https:\/\/www.yoroow.com\/pt\/pormenor-do-produto\/yoroow-sistema-misturador-de-duche-termostatico-cromado-de-alta-qualidade-caixa-de-cartao-ceramica-moderna-polida\/#primaryimage","url":"https:\/\/www.yoroow.com\/wp-content\/uploads\/2025\/01\/\u4e3b\u56fe_1-56.jpg","contentUrl":"https:\/\/www.yoroow.com\/wp-content\/uploads\/2025\/01\/\u4e3b\u56fe_1-56.jpg","width":800,"height":800,"caption":"High Quality Chromed Thermostatic Shower Mixer System Modern Ceramic Polished Brass Body Jets for Bath Shower Faucets Shower"},{"@type":"BreadcrumbList","@id":"https:\/\/www.yoroow.com\/pt\/pormenor-do-produto\/yoroow-sistema-misturador-de-duche-termostatico-cromado-de-alta-qualidade-caixa-de-cartao-ceramica-moderna-polida\/#breadcrumb","itemListElement":[{"@type":"ListItem","position":1,"name":"home","item":"https:\/\/www.yoroow.com\/"},{"@type":"ListItem","position":2,"name":"Product","item":"https:\/\/www.yoroow.com\/product\/"},{"@type":"ListItem","position":3,"name":"High Quality Chromed Thermostatic Shower Mixer System Modern Ceramic Polished Brass Body Jets for Bath Shower Faucets Shower"}]},{"@type":"WebSite","@id":"https:\/\/www.yoroow.com\/pt\/#website","url":"https:\/\/www.yoroow.com\/pt\/","name":"YOROOW","description":"","publisher":{"@id":"https:\/\/www.yoroow.com\/pt\/#organization"},"potentialAction":[{"@type":"SearchAction","target":{"@type":"EntryPoint","urlTemplate":"https:\/\/www.yoroow.com\/pt\/?s={search_term_string}"},"query-input":{"@type":"PropertyValueSpecification","valueRequired":true,"valueName":"search_term_string"}}],"inLanguage":"pt-PT"},{"@type":"Organization","@id":"https:\/\/www.yoroow.com\/pt\/#organization","name":"YOROOW","url":"https:\/\/www.yoroow.com\/pt\/","logo":{"@type":"ImageObject","inLanguage":"pt-PT","@id":"https:\/\/www.yoroow.com\/pt\/#\/schema\/logo\/image\/","url":"https:\/\/www.yoroow.com\/wp-content\/uploads\/2024\/12\/2024123007131061.png","contentUrl":"https:\/\/www.yoroow.com\/wp-content\/uploads\/2024\/12\/2024123007131061.png","width":168,"height":27,"caption":"YOROOW"},"image":{"@id":"https:\/\/www.yoroow.com\/pt\/#\/schema\/logo\/image\/"},"sameAs":["https:\/\/www.facebook.com\/people\/yoroowfaucetfactory\/61564236752362\/"]}]}},"_links":{"self":[{"href":"https:\/\/www.yoroow.com\/pt\/wp-json\/wp\/v2\/product\/9512","targetHints":{"allow":["GET"]}}],"collection":[{"href":"https:\/\/www.yoroow.com\/pt\/wp-json\/wp\/v2\/product"}],"about":[{"href":"https:\/\/www.yoroow.com\/pt\/wp-json\/wp\/v2\/types\/product"}],"wp:featuredmedia":[{"embeddable":true,"href":"https:\/\/www.yoroow.com\/pt\/wp-json\/wp\/v2\/media\/9513"}],"wp:attachment":[{"href":"https:\/\/www.yoroow.com\/pt\/wp-json\/wp\/v2\/media?parent=9512"}],"wp:term":[{"taxonomy":"product_brand","embeddable":true,"href":"https:\/\/www.yoroow.com\/pt\/wp-json\/wp\/v2\/product_brand?post=9512"},{"taxonomy":"product_cat","embeddable":true,"href":"https:\/\/www.yoroow.com\/pt\/wp-json\/wp\/v2\/product_cat?post=9512"},{"taxonomy":"product_tag","embeddable":true,"href":"https:\/\/www.yoroow.com\/pt\/wp-json\/wp\/v2\/product_tag?post=9512"}],"curies":[{"name":"wp","href":"https:\/\/api.w.org\/{rel}","templated":true}]}}