{"id":9481,"date":"2025-01-24T11:16:57","date_gmt":"2025-01-24T03:16:57","guid":{"rendered":"https:\/\/www.yoroow.com\/?post_type=product&#038;p=9481"},"modified":"2025-05-16T09:18:22","modified_gmt":"2025-05-16T01:18:22","slug":"yoroow-chuveiro-de-mao-de-alta-pressao-multifuncional-de-abs-moderno-de-alta-qualidade-6-funcoes-combinacao-de-chuveiro-de-mao-para-casa-de-banho","status":"publish","type":"product","link":"https:\/\/www.yoroow.com\/pt\/pormenor-do-produto\/yoroow-chuveiro-de-mao-de-alta-pressao-multifuncional-de-abs-moderno-de-alta-qualidade-6-funcoes-combinacao-de-chuveiro-de-mao-para-casa-de-banho\/","title":{"rendered":"Chuveiro de m\u00e3o moderno de alta press\u00e3o com 6 fun\u00e7\u00f5es, padr\u00e3o de pulveriza\u00e7\u00e3o suave e multifuncional para a casa de banho"},"content":{"rendered":"<p>Este chuveiro de chuva manual de alta press\u00e3o oferece seis fun\u00e7\u00f5es, incluindo um padr\u00e3o de pulveriza\u00e7\u00e3o suave, ideal para configura\u00e7\u00f5es de casa de banho multifuncionais. Fabricado na China com pl\u00e1stico ABS e revestimento cromado, combina resist\u00eancia, est\u00e9tica e funcionalidade. O seu punho ergon\u00f3mico e o bocal economizador de \u00e1gua fazem dele uma excelente escolha para apartamentos, propriedades de aluguer e projectos de hotelaria. Frequentemente exportado para o Sudeste Asi\u00e1tico e Am\u00e9rica do Sul, este item \u00e9 valorizado pelo seu baixo custo, alta utilidade e f\u00e1cil manuten\u00e7\u00e3o. As encomendas OEM s\u00e3o bem-vindas com suporte para embalagens personalizadas.<\/p>","protected":false},"excerpt":{"rendered":"<p>Este chuveiro de chuva manual de alta press\u00e3o oferece seis fun\u00e7\u00f5es, incluindo um padr\u00e3o de pulveriza\u00e7\u00e3o suave, ideal para configura\u00e7\u00f5es de casa de banho multifuncionais. Fabricado na China com pl\u00e1stico ABS e revestimento cromado, combina resist\u00eancia, est\u00e9tica e funcionalidade. O seu punho ergon\u00f3mico e o bocal economizador de \u00e1gua fazem dele uma excelente escolha para apartamentos, propriedades de aluguer e projectos de hotelaria. Frequentemente exportado para...<\/p>","protected":false},"featured_media":9487,"template":"","meta":{"_acf_changed":false,"_kad_post_transparent":"default","_kad_post_title":"","_kad_post_layout":"default","_kad_post_sidebar_id":"","_kad_post_content_style":"default","_kad_post_vertical_padding":"default","_kad_post_feature":"","_kad_post_feature_position":"","_kad_post_header":false,"_kad_post_footer":false},"product_brand":[],"product_cat":[120],"product_tag":[3998,3992],"class_list":{"0":"post-9481","1":"product","2":"type-product","3":"status-publish","4":"has-post-thumbnail","6":"product_cat-shower-hand-set","7":"product_tag-handheld-rain-shower-head","8":"product_tag-modern-shower-head-with-handheld","10":"first","11":"instock","12":"shipping-taxable","13":"purchasable","14":"product-type-variable","15":"wvs-archive-product-wrapper","16":"entry","17":"content-bg","18":"loop-entry"},"acf":[],"yoast_head":"<!-- This site is optimized with the Yoast SEO Premium plugin v25.4 (Yoast SEO v27.0) - https:\/\/yoast.com\/product\/yoast-seo-premium-wordpress\/ -->\n<title>Modern High-Pressure Handheld Rain Shower Head with 6 Functions Soft Spray Pattern Multifunctional Bathroom - YOROOW<\/title>\n<meta name=\"description\" content=\"Modern high-pressure handheld rain shower head with 6 spray functions. Soft spray patterns ideal for multifunctional bathroom use. Made in China, exported primarily to South America and Southeast Asia.\" \/>\n<meta name=\"robots\" content=\"index, follow, max-snippet:-1, max-image-preview:large, max-video-preview:-1\" \/>\n<link rel=\"canonical\" href=\"https:\/\/www.yoroow.com\/pt\/pormenor-do-produto\/yoroow-chuveiro-de-mao-de-alta-pressao-multifuncional-de-abs-moderno-de-alta-qualidade-6-funcoes-combinacao-de-chuveiro-de-mao-para-casa-de-banho\/\" \/>\n<meta property=\"og:locale\" content=\"pt_PT\" \/>\n<meta property=\"og:type\" content=\"article\" \/>\n<meta property=\"og:title\" content=\"Modern High-Pressure Handheld Rain Shower Head with 6 Functions Soft Spray Pattern Multifunctional Bathroom\" \/>\n<meta property=\"og:description\" content=\"Modern high-pressure handheld rain shower head with 6 spray functions. Soft spray patterns ideal for multifunctional bathroom use. Made in China, exported primarily to South America and Southeast Asia.\" \/>\n<meta property=\"og:url\" content=\"https:\/\/www.yoroow.com\/pt\/pormenor-do-produto\/yoroow-chuveiro-de-mao-de-alta-pressao-multifuncional-de-abs-moderno-de-alta-qualidade-6-funcoes-combinacao-de-chuveiro-de-mao-para-casa-de-banho\/\" \/>\n<meta property=\"og:site_name\" content=\"YOROOW\" \/>\n<meta property=\"article:publisher\" content=\"https:\/\/www.facebook.com\/people\/yoroowfaucetfactory\/61564236752362\/\" \/>\n<meta property=\"article:modified_time\" content=\"2025-05-16T01:18:22+00:00\" \/>\n<meta property=\"og:image\" content=\"https:\/\/www.yoroow.com\/wp-content\/uploads\/2025\/01\/image.png\" \/>\n\t<meta property=\"og:image:width\" content=\"502\" \/>\n\t<meta property=\"og:image:height\" content=\"502\" \/>\n\t<meta property=\"og:image:type\" content=\"image\/png\" \/>\n<meta name=\"twitter:card\" content=\"summary_large_image\" \/>\n<meta name=\"twitter:label1\" content=\"Est. reading time\" \/>\n\t<meta name=\"twitter:data1\" content=\"2 minutos\" \/>\n<script type=\"application\/ld+json\" class=\"yoast-schema-graph\">{\"@context\":\"https:\/\/schema.org\",\"@graph\":[{\"@type\":\"WebPage\",\"@id\":\"https:\/\/www.yoroow.com\/pt\/pormenor-do-produto\/yoroow-chuveiro-de-mao-de-alta-pressao-multifuncional-de-abs-moderno-de-alta-qualidade-6-funcoes-combinacao-de-chuveiro-de-mao-para-casa-de-banho\/\",\"url\":\"https:\/\/www.yoroow.com\/pt\/pormenor-do-produto\/yoroow-chuveiro-de-mao-de-alta-pressao-multifuncional-de-abs-moderno-de-alta-qualidade-6-funcoes-combinacao-de-chuveiro-de-mao-para-casa-de-banho\/\",\"name\":\"Modern High-Pressure Handheld Rain Shower Head with 6 Functions Soft Spray Pattern Multifunctional Bathroom - YOROOW\",\"isPartOf\":{\"@id\":\"https:\/\/www.yoroow.com\/pt\/#website\"},\"primaryImageOfPage\":{\"@id\":\"https:\/\/www.yoroow.com\/pt\/pormenor-do-produto\/yoroow-chuveiro-de-mao-de-alta-pressao-multifuncional-de-abs-moderno-de-alta-qualidade-6-funcoes-combinacao-de-chuveiro-de-mao-para-casa-de-banho\/#primaryimage\"},\"image\":{\"@id\":\"https:\/\/www.yoroow.com\/pt\/pormenor-do-produto\/yoroow-chuveiro-de-mao-de-alta-pressao-multifuncional-de-abs-moderno-de-alta-qualidade-6-funcoes-combinacao-de-chuveiro-de-mao-para-casa-de-banho\/#primaryimage\"},\"thumbnailUrl\":\"https:\/\/www.yoroow.com\/wp-content\/uploads\/2025\/01\/image.png\",\"datePublished\":\"2025-01-24T03:16:57+00:00\",\"dateModified\":\"2025-05-16T01:18:22+00:00\",\"description\":\"Modern high-pressure handheld rain shower head with 6 spray functions. Soft spray patterns ideal for multifunctional bathroom use. Made in China, exported primarily to South America and Southeast Asia.\",\"breadcrumb\":{\"@id\":\"https:\/\/www.yoroow.com\/pt\/pormenor-do-produto\/yoroow-chuveiro-de-mao-de-alta-pressao-multifuncional-de-abs-moderno-de-alta-qualidade-6-funcoes-combinacao-de-chuveiro-de-mao-para-casa-de-banho\/#breadcrumb\"},\"inLanguage\":\"pt-PT\",\"potentialAction\":[{\"@type\":\"ReadAction\",\"target\":[\"https:\/\/www.yoroow.com\/pt\/pormenor-do-produto\/yoroow-chuveiro-de-mao-de-alta-pressao-multifuncional-de-abs-moderno-de-alta-qualidade-6-funcoes-combinacao-de-chuveiro-de-mao-para-casa-de-banho\/\"]}]},{\"@type\":\"ImageObject\",\"inLanguage\":\"pt-PT\",\"@id\":\"https:\/\/www.yoroow.com\/pt\/pormenor-do-produto\/yoroow-chuveiro-de-mao-de-alta-pressao-multifuncional-de-abs-moderno-de-alta-qualidade-6-funcoes-combinacao-de-chuveiro-de-mao-para-casa-de-banho\/#primaryimage\",\"url\":\"https:\/\/www.yoroow.com\/wp-content\/uploads\/2025\/01\/image.png\",\"contentUrl\":\"https:\/\/www.yoroow.com\/wp-content\/uploads\/2025\/01\/image.png\",\"width\":502,\"height\":502,\"caption\":\"Modern High-Pressure Handheld Rain Shower Head with 6 Functions Soft Spray Pattern Multifunctional Bathroom\"},{\"@type\":\"BreadcrumbList\",\"@id\":\"https:\/\/www.yoroow.com\/pt\/pormenor-do-produto\/yoroow-chuveiro-de-mao-de-alta-pressao-multifuncional-de-abs-moderno-de-alta-qualidade-6-funcoes-combinacao-de-chuveiro-de-mao-para-casa-de-banho\/#breadcrumb\",\"itemListElement\":[{\"@type\":\"ListItem\",\"position\":1,\"name\":\"home\",\"item\":\"https:\/\/www.yoroow.com\/\"},{\"@type\":\"ListItem\",\"position\":2,\"name\":\"Product\",\"item\":\"https:\/\/www.yoroow.com\/product\/\"},{\"@type\":\"ListItem\",\"position\":3,\"name\":\"Modern High-Pressure Handheld Rain Shower Head with 6 Functions Soft Spray Pattern Multifunctional Bathroom\"}]},{\"@type\":\"WebSite\",\"@id\":\"https:\/\/www.yoroow.com\/pt\/#website\",\"url\":\"https:\/\/www.yoroow.com\/pt\/\",\"name\":\"YOROOW\",\"description\":\"\",\"publisher\":{\"@id\":\"https:\/\/www.yoroow.com\/pt\/#organization\"},\"potentialAction\":[{\"@type\":\"SearchAction\",\"target\":{\"@type\":\"EntryPoint\",\"urlTemplate\":\"https:\/\/www.yoroow.com\/pt\/?s={search_term_string}\"},\"query-input\":{\"@type\":\"PropertyValueSpecification\",\"valueRequired\":true,\"valueName\":\"search_term_string\"}}],\"inLanguage\":\"pt-PT\"},{\"@type\":\"Organization\",\"@id\":\"https:\/\/www.yoroow.com\/pt\/#organization\",\"name\":\"YOROOW\",\"url\":\"https:\/\/www.yoroow.com\/pt\/\",\"logo\":{\"@type\":\"ImageObject\",\"inLanguage\":\"pt-PT\",\"@id\":\"https:\/\/www.yoroow.com\/pt\/#\/schema\/logo\/image\/\",\"url\":\"https:\/\/www.yoroow.com\/wp-content\/uploads\/2024\/12\/2024123007131061.png\",\"contentUrl\":\"https:\/\/www.yoroow.com\/wp-content\/uploads\/2024\/12\/2024123007131061.png\",\"width\":168,\"height\":27,\"caption\":\"YOROOW\"},\"image\":{\"@id\":\"https:\/\/www.yoroow.com\/pt\/#\/schema\/logo\/image\/\"},\"sameAs\":[\"https:\/\/www.facebook.com\/people\/yoroowfaucetfactory\/61564236752362\/\"]}]}<\/script>\n<!-- \/ Yoast SEO Premium plugin. -->","yoast_head_json":{"title":"Modern High-Pressure Handheld Rain Shower Head with 6 Functions Soft Spray Pattern Multifunctional Bathroom - YOROOW","description":"Modern high-pressure handheld rain shower head with 6 spray functions. Soft spray patterns ideal for multifunctional bathroom use. Made in China, exported primarily to South America and Southeast Asia.","robots":{"index":"index","follow":"follow","max-snippet":"max-snippet:-1","max-image-preview":"max-image-preview:large","max-video-preview":"max-video-preview:-1"},"canonical":"https:\/\/www.yoroow.com\/pt\/pormenor-do-produto\/yoroow-chuveiro-de-mao-de-alta-pressao-multifuncional-de-abs-moderno-de-alta-qualidade-6-funcoes-combinacao-de-chuveiro-de-mao-para-casa-de-banho\/","og_locale":"pt_PT","og_type":"article","og_title":"Modern High-Pressure Handheld Rain Shower Head with 6 Functions Soft Spray Pattern Multifunctional Bathroom","og_description":"Modern high-pressure handheld rain shower head with 6 spray functions. Soft spray patterns ideal for multifunctional bathroom use. Made in China, exported primarily to South America and Southeast Asia.","og_url":"https:\/\/www.yoroow.com\/pt\/pormenor-do-produto\/yoroow-chuveiro-de-mao-de-alta-pressao-multifuncional-de-abs-moderno-de-alta-qualidade-6-funcoes-combinacao-de-chuveiro-de-mao-para-casa-de-banho\/","og_site_name":"YOROOW","article_publisher":"https:\/\/www.facebook.com\/people\/yoroowfaucetfactory\/61564236752362\/","article_modified_time":"2025-05-16T01:18:22+00:00","og_image":[{"width":502,"height":502,"url":"https:\/\/www.yoroow.com\/wp-content\/uploads\/2025\/01\/image.png","type":"image\/png"}],"twitter_card":"summary_large_image","twitter_misc":{"Est. reading time":"2 minutos"},"schema":{"@context":"https:\/\/schema.org","@graph":[{"@type":"WebPage","@id":"https:\/\/www.yoroow.com\/pt\/pormenor-do-produto\/yoroow-chuveiro-de-mao-de-alta-pressao-multifuncional-de-abs-moderno-de-alta-qualidade-6-funcoes-combinacao-de-chuveiro-de-mao-para-casa-de-banho\/","url":"https:\/\/www.yoroow.com\/pt\/pormenor-do-produto\/yoroow-chuveiro-de-mao-de-alta-pressao-multifuncional-de-abs-moderno-de-alta-qualidade-6-funcoes-combinacao-de-chuveiro-de-mao-para-casa-de-banho\/","name":"Modern High-Pressure Handheld Rain Shower Head with 6 Functions Soft Spray Pattern Multifunctional Bathroom - YOROOW","isPartOf":{"@id":"https:\/\/www.yoroow.com\/pt\/#website"},"primaryImageOfPage":{"@id":"https:\/\/www.yoroow.com\/pt\/pormenor-do-produto\/yoroow-chuveiro-de-mao-de-alta-pressao-multifuncional-de-abs-moderno-de-alta-qualidade-6-funcoes-combinacao-de-chuveiro-de-mao-para-casa-de-banho\/#primaryimage"},"image":{"@id":"https:\/\/www.yoroow.com\/pt\/pormenor-do-produto\/yoroow-chuveiro-de-mao-de-alta-pressao-multifuncional-de-abs-moderno-de-alta-qualidade-6-funcoes-combinacao-de-chuveiro-de-mao-para-casa-de-banho\/#primaryimage"},"thumbnailUrl":"https:\/\/www.yoroow.com\/wp-content\/uploads\/2025\/01\/image.png","datePublished":"2025-01-24T03:16:57+00:00","dateModified":"2025-05-16T01:18:22+00:00","description":"Modern high-pressure handheld rain shower head with 6 spray functions. Soft spray patterns ideal for multifunctional bathroom use. Made in China, exported primarily to South America and Southeast Asia.","breadcrumb":{"@id":"https:\/\/www.yoroow.com\/pt\/pormenor-do-produto\/yoroow-chuveiro-de-mao-de-alta-pressao-multifuncional-de-abs-moderno-de-alta-qualidade-6-funcoes-combinacao-de-chuveiro-de-mao-para-casa-de-banho\/#breadcrumb"},"inLanguage":"pt-PT","potentialAction":[{"@type":"ReadAction","target":["https:\/\/www.yoroow.com\/pt\/pormenor-do-produto\/yoroow-chuveiro-de-mao-de-alta-pressao-multifuncional-de-abs-moderno-de-alta-qualidade-6-funcoes-combinacao-de-chuveiro-de-mao-para-casa-de-banho\/"]}]},{"@type":"ImageObject","inLanguage":"pt-PT","@id":"https:\/\/www.yoroow.com\/pt\/pormenor-do-produto\/yoroow-chuveiro-de-mao-de-alta-pressao-multifuncional-de-abs-moderno-de-alta-qualidade-6-funcoes-combinacao-de-chuveiro-de-mao-para-casa-de-banho\/#primaryimage","url":"https:\/\/www.yoroow.com\/wp-content\/uploads\/2025\/01\/image.png","contentUrl":"https:\/\/www.yoroow.com\/wp-content\/uploads\/2025\/01\/image.png","width":502,"height":502,"caption":"Modern High-Pressure Handheld Rain Shower Head with 6 Functions Soft Spray Pattern Multifunctional Bathroom"},{"@type":"BreadcrumbList","@id":"https:\/\/www.yoroow.com\/pt\/pormenor-do-produto\/yoroow-chuveiro-de-mao-de-alta-pressao-multifuncional-de-abs-moderno-de-alta-qualidade-6-funcoes-combinacao-de-chuveiro-de-mao-para-casa-de-banho\/#breadcrumb","itemListElement":[{"@type":"ListItem","position":1,"name":"home","item":"https:\/\/www.yoroow.com\/"},{"@type":"ListItem","position":2,"name":"Product","item":"https:\/\/www.yoroow.com\/product\/"},{"@type":"ListItem","position":3,"name":"Modern High-Pressure Handheld Rain Shower Head with 6 Functions Soft Spray Pattern Multifunctional Bathroom"}]},{"@type":"WebSite","@id":"https:\/\/www.yoroow.com\/pt\/#website","url":"https:\/\/www.yoroow.com\/pt\/","name":"YOROOW","description":"","publisher":{"@id":"https:\/\/www.yoroow.com\/pt\/#organization"},"potentialAction":[{"@type":"SearchAction","target":{"@type":"EntryPoint","urlTemplate":"https:\/\/www.yoroow.com\/pt\/?s={search_term_string}"},"query-input":{"@type":"PropertyValueSpecification","valueRequired":true,"valueName":"search_term_string"}}],"inLanguage":"pt-PT"},{"@type":"Organization","@id":"https:\/\/www.yoroow.com\/pt\/#organization","name":"YOROOW","url":"https:\/\/www.yoroow.com\/pt\/","logo":{"@type":"ImageObject","inLanguage":"pt-PT","@id":"https:\/\/www.yoroow.com\/pt\/#\/schema\/logo\/image\/","url":"https:\/\/www.yoroow.com\/wp-content\/uploads\/2024\/12\/2024123007131061.png","contentUrl":"https:\/\/www.yoroow.com\/wp-content\/uploads\/2024\/12\/2024123007131061.png","width":168,"height":27,"caption":"YOROOW"},"image":{"@id":"https:\/\/www.yoroow.com\/pt\/#\/schema\/logo\/image\/"},"sameAs":["https:\/\/www.facebook.com\/people\/yoroowfaucetfactory\/61564236752362\/"]}]}},"_links":{"self":[{"href":"https:\/\/www.yoroow.com\/pt\/wp-json\/wp\/v2\/product\/9481","targetHints":{"allow":["GET"]}}],"collection":[{"href":"https:\/\/www.yoroow.com\/pt\/wp-json\/wp\/v2\/product"}],"about":[{"href":"https:\/\/www.yoroow.com\/pt\/wp-json\/wp\/v2\/types\/product"}],"wp:featuredmedia":[{"embeddable":true,"href":"https:\/\/www.yoroow.com\/pt\/wp-json\/wp\/v2\/media\/9487"}],"wp:attachment":[{"href":"https:\/\/www.yoroow.com\/pt\/wp-json\/wp\/v2\/media?parent=9481"}],"wp:term":[{"taxonomy":"product_brand","embeddable":true,"href":"https:\/\/www.yoroow.com\/pt\/wp-json\/wp\/v2\/product_brand?post=9481"},{"taxonomy":"product_cat","embeddable":true,"href":"https:\/\/www.yoroow.com\/pt\/wp-json\/wp\/v2\/product_cat?post=9481"},{"taxonomy":"product_tag","embeddable":true,"href":"https:\/\/www.yoroow.com\/pt\/wp-json\/wp\/v2\/product_tag?post=9481"}],"curies":[{"name":"wp","href":"https:\/\/api.w.org\/{rel}","templated":true}]}}