{"id":9428,"date":"2025-01-24T09:18:21","date_gmt":"2025-01-24T01:18:21","guid":{"rendered":"https:\/\/www.yoroow.com\/?post_type=product&#038;p=9428"},"modified":"2025-05-16T09:18:14","modified_gmt":"2025-05-16T01:18:14","slug":"yoroow-valvula-misturadora-de-cobre-quente-e-frio-para-casa-de-banho-torneira-oculta-quente-e-fria-torneira-de-duche-triplo-conjunto-2","status":"publish","type":"product","link":"https:\/\/www.yoroow.com\/pt\/pormenor-do-produto\/yoroow-valvula-misturadora-de-cobre-quente-e-frio-para-casa-de-banho-torneira-oculta-quente-e-fria-torneira-de-duche-triplo-conjunto-2\/","title":{"rendered":"Torneira de duche standard em cobre com design personalizado V\u00e1lvula misturadora quente-fria com conjunto de duche triplo oculto para casa de banho e duche"},"content":{"rendered":"<p>Esta torneira de duche standard totalmente em cobre, concebida \u00e0 medida, integra uma v\u00e1lvula misturadora quente e fria com um conjunto de duche triplo oculto, o que a torna ideal para utiliza\u00e7\u00e3o na banheira e no duche. Produzida numa f\u00e1brica chinesa com mais de dez anos de experi\u00eancia em fundi\u00e7\u00e3o de precis\u00e3o de cobre, esta torneira proporciona uma sa\u00edda de \u00e1gua est\u00e1vel e uma excelente resist\u00eancia \u00e0 corros\u00e3o. A sua instala\u00e7\u00e3o oculta oferece uma est\u00e9tica limpa e moderna, adequada para casas de banho de luxo, moradias e projectos de apartamentos. O design \u00e9 particularmente bem recebido nos mercados da Am\u00e9rica do Sul e do Sudeste Asi\u00e1tico devido ao seu equil\u00edbrio entre fun\u00e7\u00e3o luxuosa e pre\u00e7o acess\u00edvel. A personaliza\u00e7\u00e3o OEM, a grava\u00e7\u00e3o a laser do log\u00f3tipo e as op\u00e7\u00f5es de embalagem a cores est\u00e3o dispon\u00edveis para ajudar os parceiros a construir as suas marcas locais.<\/p>","protected":false},"excerpt":{"rendered":"<p>Esta torneira de duche standard totalmente em cobre, concebida \u00e0 medida, integra uma v\u00e1lvula misturadora quente e fria com um conjunto de duche triplo oculto, o que a torna ideal para utiliza\u00e7\u00e3o na banheira e no duche. Produzida numa f\u00e1brica chinesa com mais de dez anos de experi\u00eancia em fundi\u00e7\u00e3o de precis\u00e3o de cobre, esta torneira proporciona uma sa\u00edda de \u00e1gua est\u00e1vel e uma excelente resist\u00eancia \u00e0 corros\u00e3o. A sua...<\/p>","protected":false},"featured_media":9429,"template":"","meta":{"_acf_changed":false,"_kad_post_transparent":"default","_kad_post_title":"","_kad_post_layout":"default","_kad_post_sidebar_id":"","_kad_post_content_style":"default","_kad_post_vertical_padding":"default","_kad_post_feature":"","_kad_post_feature_position":"","_kad_post_header":false,"_kad_post_footer":false},"product_brand":[],"product_cat":[122],"product_tag":[6478,6481],"class_list":{"0":"post-9428","1":"product","2":"type-product","3":"status-publish","4":"has-post-thumbnail","6":"product_cat-bathshower-faucet","7":"product_tag-custom-designed-shower-faucet","8":"product_tag-standard-shower-faucet","10":"first","11":"instock","12":"shipping-taxable","13":"purchasable","14":"product-type-variable","15":"wvs-archive-product-wrapper","16":"entry","17":"content-bg","18":"loop-entry"},"acf":[],"yoast_head":"<!-- This site is optimized with the Yoast SEO Premium plugin v25.4 (Yoast SEO v27.0) - https:\/\/yoast.com\/product\/yoast-seo-premium-wordpress\/ -->\n<title>Custom Designed All-Copper Standard Shower Faucet Hot Cold Mixing Valve with Hidden Triple Shower Set for Bath &amp; Shower - YOROOW<\/title>\n<meta name=\"description\" content=\"Custom designed all-copper standard shower faucet with hidden triple shower set. Hot and cold mixing valve suitable for bath and shower use. Made in China with export capabilities for South America and Southeast Asia.\" \/>\n<meta name=\"robots\" content=\"index, follow, max-snippet:-1, max-image-preview:large, max-video-preview:-1\" \/>\n<link rel=\"canonical\" href=\"https:\/\/www.yoroow.com\/pt\/pormenor-do-produto\/yoroow-valvula-misturadora-de-cobre-quente-e-frio-para-casa-de-banho-torneira-oculta-quente-e-fria-torneira-de-duche-triplo-conjunto-2\/\" \/>\n<meta property=\"og:locale\" content=\"pt_PT\" \/>\n<meta property=\"og:type\" content=\"article\" \/>\n<meta property=\"og:title\" content=\"Custom Designed All-Copper Standard Shower Faucet Hot Cold Mixing Valve with Hidden Triple Shower Set for Bath &amp; Shower\" \/>\n<meta property=\"og:description\" content=\"Custom designed all-copper standard shower faucet with hidden triple shower set. Hot and cold mixing valve suitable for bath and shower use. Made in China with export capabilities for South America and Southeast Asia.\" \/>\n<meta property=\"og:url\" content=\"https:\/\/www.yoroow.com\/pt\/pormenor-do-produto\/yoroow-valvula-misturadora-de-cobre-quente-e-frio-para-casa-de-banho-torneira-oculta-quente-e-fria-torneira-de-duche-triplo-conjunto-2\/\" \/>\n<meta property=\"og:site_name\" content=\"YOROOW\" \/>\n<meta property=\"article:publisher\" content=\"https:\/\/www.facebook.com\/people\/yoroowfaucetfactory\/61564236752362\/\" \/>\n<meta property=\"article:modified_time\" content=\"2025-05-16T01:18:14+00:00\" \/>\n<meta property=\"og:image\" content=\"https:\/\/www.yoroow.com\/wp-content\/uploads\/2025\/01\/\u4e3b\u56fe_1-41.jpg\" \/>\n\t<meta property=\"og:image:width\" content=\"800\" \/>\n\t<meta property=\"og:image:height\" content=\"800\" \/>\n\t<meta property=\"og:image:type\" content=\"image\/jpeg\" \/>\n<meta name=\"twitter:card\" content=\"summary_large_image\" \/>\n<meta name=\"twitter:label1\" content=\"Est. reading time\" \/>\n\t<meta name=\"twitter:data1\" content=\"1 minuto\" \/>\n<script type=\"application\/ld+json\" class=\"yoast-schema-graph\">{\"@context\":\"https:\/\/schema.org\",\"@graph\":[{\"@type\":\"WebPage\",\"@id\":\"https:\/\/www.yoroow.com\/pt\/pormenor-do-produto\/yoroow-valvula-misturadora-de-cobre-quente-e-frio-para-casa-de-banho-torneira-oculta-quente-e-fria-torneira-de-duche-triplo-conjunto-2\/\",\"url\":\"https:\/\/www.yoroow.com\/pt\/pormenor-do-produto\/yoroow-valvula-misturadora-de-cobre-quente-e-frio-para-casa-de-banho-torneira-oculta-quente-e-fria-torneira-de-duche-triplo-conjunto-2\/\",\"name\":\"Custom Designed All-Copper Standard Shower Faucet Hot Cold Mixing Valve with Hidden Triple Shower Set for Bath & Shower - YOROOW\",\"isPartOf\":{\"@id\":\"https:\/\/www.yoroow.com\/pt\/#website\"},\"primaryImageOfPage\":{\"@id\":\"https:\/\/www.yoroow.com\/pt\/pormenor-do-produto\/yoroow-valvula-misturadora-de-cobre-quente-e-frio-para-casa-de-banho-torneira-oculta-quente-e-fria-torneira-de-duche-triplo-conjunto-2\/#primaryimage\"},\"image\":{\"@id\":\"https:\/\/www.yoroow.com\/pt\/pormenor-do-produto\/yoroow-valvula-misturadora-de-cobre-quente-e-frio-para-casa-de-banho-torneira-oculta-quente-e-fria-torneira-de-duche-triplo-conjunto-2\/#primaryimage\"},\"thumbnailUrl\":\"https:\/\/www.yoroow.com\/wp-content\/uploads\/2025\/01\/\u4e3b\u56fe_1-41.jpg\",\"datePublished\":\"2025-01-24T01:18:21+00:00\",\"dateModified\":\"2025-05-16T01:18:14+00:00\",\"description\":\"Custom designed all-copper standard shower faucet with hidden triple shower set. Hot and cold mixing valve suitable for bath and shower use. Made in China with export capabilities for South America and Southeast Asia.\",\"breadcrumb\":{\"@id\":\"https:\/\/www.yoroow.com\/pt\/pormenor-do-produto\/yoroow-valvula-misturadora-de-cobre-quente-e-frio-para-casa-de-banho-torneira-oculta-quente-e-fria-torneira-de-duche-triplo-conjunto-2\/#breadcrumb\"},\"inLanguage\":\"pt-PT\",\"potentialAction\":[{\"@type\":\"ReadAction\",\"target\":[\"https:\/\/www.yoroow.com\/pt\/pormenor-do-produto\/yoroow-valvula-misturadora-de-cobre-quente-e-frio-para-casa-de-banho-torneira-oculta-quente-e-fria-torneira-de-duche-triplo-conjunto-2\/\"]}]},{\"@type\":\"ImageObject\",\"inLanguage\":\"pt-PT\",\"@id\":\"https:\/\/www.yoroow.com\/pt\/pormenor-do-produto\/yoroow-valvula-misturadora-de-cobre-quente-e-frio-para-casa-de-banho-torneira-oculta-quente-e-fria-torneira-de-duche-triplo-conjunto-2\/#primaryimage\",\"url\":\"https:\/\/www.yoroow.com\/wp-content\/uploads\/2025\/01\/\u4e3b\u56fe_1-41.jpg\",\"contentUrl\":\"https:\/\/www.yoroow.com\/wp-content\/uploads\/2025\/01\/\u4e3b\u56fe_1-41.jpg\",\"width\":800,\"height\":800,\"caption\":\"Custom Designed All-Copper Standard Shower Faucet Hot Cold Mixing Valve with Hidden Triple Shower Set for Bath & Shower\"},{\"@type\":\"BreadcrumbList\",\"@id\":\"https:\/\/www.yoroow.com\/pt\/pormenor-do-produto\/yoroow-valvula-misturadora-de-cobre-quente-e-frio-para-casa-de-banho-torneira-oculta-quente-e-fria-torneira-de-duche-triplo-conjunto-2\/#breadcrumb\",\"itemListElement\":[{\"@type\":\"ListItem\",\"position\":1,\"name\":\"home\",\"item\":\"https:\/\/www.yoroow.com\/\"},{\"@type\":\"ListItem\",\"position\":2,\"name\":\"Product\",\"item\":\"https:\/\/www.yoroow.com\/product\/\"},{\"@type\":\"ListItem\",\"position\":3,\"name\":\"Custom Designed All-Copper Standard Shower Faucet Hot Cold Mixing Valve with Hidden Triple Shower Set for Bath &#038; Shower\"}]},{\"@type\":\"WebSite\",\"@id\":\"https:\/\/www.yoroow.com\/pt\/#website\",\"url\":\"https:\/\/www.yoroow.com\/pt\/\",\"name\":\"YOROOW\",\"description\":\"\",\"publisher\":{\"@id\":\"https:\/\/www.yoroow.com\/pt\/#organization\"},\"potentialAction\":[{\"@type\":\"SearchAction\",\"target\":{\"@type\":\"EntryPoint\",\"urlTemplate\":\"https:\/\/www.yoroow.com\/pt\/?s={search_term_string}\"},\"query-input\":{\"@type\":\"PropertyValueSpecification\",\"valueRequired\":true,\"valueName\":\"search_term_string\"}}],\"inLanguage\":\"pt-PT\"},{\"@type\":\"Organization\",\"@id\":\"https:\/\/www.yoroow.com\/pt\/#organization\",\"name\":\"YOROOW\",\"url\":\"https:\/\/www.yoroow.com\/pt\/\",\"logo\":{\"@type\":\"ImageObject\",\"inLanguage\":\"pt-PT\",\"@id\":\"https:\/\/www.yoroow.com\/pt\/#\/schema\/logo\/image\/\",\"url\":\"https:\/\/www.yoroow.com\/wp-content\/uploads\/2024\/12\/2024123007131061.png\",\"contentUrl\":\"https:\/\/www.yoroow.com\/wp-content\/uploads\/2024\/12\/2024123007131061.png\",\"width\":168,\"height\":27,\"caption\":\"YOROOW\"},\"image\":{\"@id\":\"https:\/\/www.yoroow.com\/pt\/#\/schema\/logo\/image\/\"},\"sameAs\":[\"https:\/\/www.facebook.com\/people\/yoroowfaucetfactory\/61564236752362\/\"]}]}<\/script>\n<!-- \/ Yoast SEO Premium plugin. -->","yoast_head_json":{"title":"Custom Designed All-Copper Standard Shower Faucet Hot Cold Mixing Valve with Hidden Triple Shower Set for Bath & Shower - YOROOW","description":"Custom designed all-copper standard shower faucet with hidden triple shower set. Hot and cold mixing valve suitable for bath and shower use. Made in China with export capabilities for South America and Southeast Asia.","robots":{"index":"index","follow":"follow","max-snippet":"max-snippet:-1","max-image-preview":"max-image-preview:large","max-video-preview":"max-video-preview:-1"},"canonical":"https:\/\/www.yoroow.com\/pt\/pormenor-do-produto\/yoroow-valvula-misturadora-de-cobre-quente-e-frio-para-casa-de-banho-torneira-oculta-quente-e-fria-torneira-de-duche-triplo-conjunto-2\/","og_locale":"pt_PT","og_type":"article","og_title":"Custom Designed All-Copper Standard Shower Faucet Hot Cold Mixing Valve with Hidden Triple Shower Set for Bath & Shower","og_description":"Custom designed all-copper standard shower faucet with hidden triple shower set. Hot and cold mixing valve suitable for bath and shower use. Made in China with export capabilities for South America and Southeast Asia.","og_url":"https:\/\/www.yoroow.com\/pt\/pormenor-do-produto\/yoroow-valvula-misturadora-de-cobre-quente-e-frio-para-casa-de-banho-torneira-oculta-quente-e-fria-torneira-de-duche-triplo-conjunto-2\/","og_site_name":"YOROOW","article_publisher":"https:\/\/www.facebook.com\/people\/yoroowfaucetfactory\/61564236752362\/","article_modified_time":"2025-05-16T01:18:14+00:00","og_image":[{"width":800,"height":800,"url":"https:\/\/www.yoroow.com\/wp-content\/uploads\/2025\/01\/\u4e3b\u56fe_1-41.jpg","type":"image\/jpeg"}],"twitter_card":"summary_large_image","twitter_misc":{"Est. reading time":"1 minuto"},"schema":{"@context":"https:\/\/schema.org","@graph":[{"@type":"WebPage","@id":"https:\/\/www.yoroow.com\/pt\/pormenor-do-produto\/yoroow-valvula-misturadora-de-cobre-quente-e-frio-para-casa-de-banho-torneira-oculta-quente-e-fria-torneira-de-duche-triplo-conjunto-2\/","url":"https:\/\/www.yoroow.com\/pt\/pormenor-do-produto\/yoroow-valvula-misturadora-de-cobre-quente-e-frio-para-casa-de-banho-torneira-oculta-quente-e-fria-torneira-de-duche-triplo-conjunto-2\/","name":"Custom Designed All-Copper Standard Shower Faucet Hot Cold Mixing Valve with Hidden Triple Shower Set for Bath & Shower - YOROOW","isPartOf":{"@id":"https:\/\/www.yoroow.com\/pt\/#website"},"primaryImageOfPage":{"@id":"https:\/\/www.yoroow.com\/pt\/pormenor-do-produto\/yoroow-valvula-misturadora-de-cobre-quente-e-frio-para-casa-de-banho-torneira-oculta-quente-e-fria-torneira-de-duche-triplo-conjunto-2\/#primaryimage"},"image":{"@id":"https:\/\/www.yoroow.com\/pt\/pormenor-do-produto\/yoroow-valvula-misturadora-de-cobre-quente-e-frio-para-casa-de-banho-torneira-oculta-quente-e-fria-torneira-de-duche-triplo-conjunto-2\/#primaryimage"},"thumbnailUrl":"https:\/\/www.yoroow.com\/wp-content\/uploads\/2025\/01\/\u4e3b\u56fe_1-41.jpg","datePublished":"2025-01-24T01:18:21+00:00","dateModified":"2025-05-16T01:18:14+00:00","description":"Custom designed all-copper standard shower faucet with hidden triple shower set. Hot and cold mixing valve suitable for bath and shower use. Made in China with export capabilities for South America and Southeast Asia.","breadcrumb":{"@id":"https:\/\/www.yoroow.com\/pt\/pormenor-do-produto\/yoroow-valvula-misturadora-de-cobre-quente-e-frio-para-casa-de-banho-torneira-oculta-quente-e-fria-torneira-de-duche-triplo-conjunto-2\/#breadcrumb"},"inLanguage":"pt-PT","potentialAction":[{"@type":"ReadAction","target":["https:\/\/www.yoroow.com\/pt\/pormenor-do-produto\/yoroow-valvula-misturadora-de-cobre-quente-e-frio-para-casa-de-banho-torneira-oculta-quente-e-fria-torneira-de-duche-triplo-conjunto-2\/"]}]},{"@type":"ImageObject","inLanguage":"pt-PT","@id":"https:\/\/www.yoroow.com\/pt\/pormenor-do-produto\/yoroow-valvula-misturadora-de-cobre-quente-e-frio-para-casa-de-banho-torneira-oculta-quente-e-fria-torneira-de-duche-triplo-conjunto-2\/#primaryimage","url":"https:\/\/www.yoroow.com\/wp-content\/uploads\/2025\/01\/\u4e3b\u56fe_1-41.jpg","contentUrl":"https:\/\/www.yoroow.com\/wp-content\/uploads\/2025\/01\/\u4e3b\u56fe_1-41.jpg","width":800,"height":800,"caption":"Custom Designed All-Copper Standard Shower Faucet Hot Cold Mixing Valve with Hidden Triple Shower Set for Bath & Shower"},{"@type":"BreadcrumbList","@id":"https:\/\/www.yoroow.com\/pt\/pormenor-do-produto\/yoroow-valvula-misturadora-de-cobre-quente-e-frio-para-casa-de-banho-torneira-oculta-quente-e-fria-torneira-de-duche-triplo-conjunto-2\/#breadcrumb","itemListElement":[{"@type":"ListItem","position":1,"name":"home","item":"https:\/\/www.yoroow.com\/"},{"@type":"ListItem","position":2,"name":"Product","item":"https:\/\/www.yoroow.com\/product\/"},{"@type":"ListItem","position":3,"name":"Custom Designed All-Copper Standard Shower Faucet Hot Cold Mixing Valve with Hidden Triple Shower Set for Bath &#038; Shower"}]},{"@type":"WebSite","@id":"https:\/\/www.yoroow.com\/pt\/#website","url":"https:\/\/www.yoroow.com\/pt\/","name":"YOROOW","description":"","publisher":{"@id":"https:\/\/www.yoroow.com\/pt\/#organization"},"potentialAction":[{"@type":"SearchAction","target":{"@type":"EntryPoint","urlTemplate":"https:\/\/www.yoroow.com\/pt\/?s={search_term_string}"},"query-input":{"@type":"PropertyValueSpecification","valueRequired":true,"valueName":"search_term_string"}}],"inLanguage":"pt-PT"},{"@type":"Organization","@id":"https:\/\/www.yoroow.com\/pt\/#organization","name":"YOROOW","url":"https:\/\/www.yoroow.com\/pt\/","logo":{"@type":"ImageObject","inLanguage":"pt-PT","@id":"https:\/\/www.yoroow.com\/pt\/#\/schema\/logo\/image\/","url":"https:\/\/www.yoroow.com\/wp-content\/uploads\/2024\/12\/2024123007131061.png","contentUrl":"https:\/\/www.yoroow.com\/wp-content\/uploads\/2024\/12\/2024123007131061.png","width":168,"height":27,"caption":"YOROOW"},"image":{"@id":"https:\/\/www.yoroow.com\/pt\/#\/schema\/logo\/image\/"},"sameAs":["https:\/\/www.facebook.com\/people\/yoroowfaucetfactory\/61564236752362\/"]}]}},"_links":{"self":[{"href":"https:\/\/www.yoroow.com\/pt\/wp-json\/wp\/v2\/product\/9428","targetHints":{"allow":["GET"]}}],"collection":[{"href":"https:\/\/www.yoroow.com\/pt\/wp-json\/wp\/v2\/product"}],"about":[{"href":"https:\/\/www.yoroow.com\/pt\/wp-json\/wp\/v2\/types\/product"}],"wp:featuredmedia":[{"embeddable":true,"href":"https:\/\/www.yoroow.com\/pt\/wp-json\/wp\/v2\/media\/9429"}],"wp:attachment":[{"href":"https:\/\/www.yoroow.com\/pt\/wp-json\/wp\/v2\/media?parent=9428"}],"wp:term":[{"taxonomy":"product_brand","embeddable":true,"href":"https:\/\/www.yoroow.com\/pt\/wp-json\/wp\/v2\/product_brand?post=9428"},{"taxonomy":"product_cat","embeddable":true,"href":"https:\/\/www.yoroow.com\/pt\/wp-json\/wp\/v2\/product_cat?post=9428"},{"taxonomy":"product_tag","embeddable":true,"href":"https:\/\/www.yoroow.com\/pt\/wp-json\/wp\/v2\/product_tag?post=9428"}],"curies":[{"name":"wp","href":"https:\/\/api.w.org\/{rel}","templated":true}]}}