{"id":9409,"date":"2025-01-24T08:52:07","date_gmt":"2025-01-24T00:52:07","guid":{"rendered":"https:\/\/www.yoroow.com\/?post_type=product&#038;p=9409"},"modified":"2025-05-16T09:18:10","modified_gmt":"2025-05-16T01:18:10","slug":"boa-qualidade-agua-quente-e-fria-banheiro-chuveiro-torneira-misturador-corpo-banheira-chuveiro-misturador-grifo-ducha-montado-na-parede-latao-cromado","status":"publish","type":"product","link":"https:\/\/www.yoroow.com\/pt\/pormenor-do-produto\/boa-qualidade-agua-quente-e-fria-banheiro-chuveiro-torneira-misturador-corpo-banheira-chuveiro-misturador-grifo-ducha-montado-na-parede-latao-cromado\/","title":{"rendered":"Torneira de duche de banho personalizada de luxo montada na parede Torneira de duche de banheira mais vendida com cromo de zinco e \u00e1gua quente e fria"},"content":{"rendered":"<p>Esta torneira de banho para duche com acabamento cromado em zinco combina luxo e funcionalidade, com mistura de \u00e1gua fria e quente. O seu design de montagem na parede adequa-se a casas de banho modernas. As f\u00e1bricas chinesas oferecem op\u00e7\u00f5es de personaliza\u00e7\u00e3o para satisfazer requisitos de design espec\u00edficos, garantindo uma produ\u00e7\u00e3o de alta qualidade. O aspeto elegante e o desempenho da torneira tornam-na apelativa para os consumidores da Am\u00e9rica do Sul e do Sudeste Asi\u00e1tico que procuram acess\u00f3rios de casa de banho de qualidade superior.<\/p>","protected":false},"excerpt":{"rendered":"<p>This zinc chrome-finished bath shower faucet combines luxury with functionality, featuring both cold and hot water mixing. Its wall-mounted design suits modern bathrooms. Chinese factories offer customization options to meet specific design requirements, ensuring high-quality production. The faucet&#8217;s elegant appearance and performance make it appealing to consumers in South America and Southeast Asia seeking premium&#8230;<\/p>","protected":false},"featured_media":9418,"template":"","meta":{"_acf_changed":false,"_kad_post_transparent":"default","_kad_post_title":"","_kad_post_layout":"default","_kad_post_sidebar_id":"","_kad_post_content_style":"default","_kad_post_vertical_padding":"default","_kad_post_feature":"","_kad_post_feature_position":"","_kad_post_header":false,"_kad_post_footer":false},"product_brand":[],"product_cat":[122],"product_tag":[6476,6483],"class_list":{"0":"post-9409","1":"product","2":"type-product","3":"status-publish","4":"has-post-thumbnail","6":"product_cat-bathshower-faucet","7":"product_tag-best-selling-shower-faucet","8":"product_tag-luxury-custom-shower-faucet","10":"first","11":"instock","12":"shipping-taxable","13":"purchasable","14":"product-type-variable","15":"wvs-archive-product-wrapper","16":"entry","17":"content-bg","18":"loop-entry"},"acf":[],"yoast_head":"<!-- This site is optimized with the Yoast SEO Premium plugin v25.4 (Yoast SEO v27.0) - https:\/\/yoast.com\/product\/yoast-seo-premium-wordpress\/ -->\n<title>Luxury Custom Wall-Mounted Bath Shower Faucet Best-Selling Zinc Chrome Cold Hot Water Bathroom Bathtub Mixer Shower - YOROOW<\/title>\n<meta name=\"description\" content=\"Custom wall-mounted zinc chrome bath shower faucet. Best-selling design with cold and hot water mixer for bathrooms and bathtubs. Chinese factory ensures OEM flexibility for South American and Southeast Asian exports.\" \/>\n<meta name=\"robots\" content=\"index, follow, max-snippet:-1, max-image-preview:large, max-video-preview:-1\" \/>\n<link rel=\"canonical\" href=\"https:\/\/www.yoroow.com\/pt\/pormenor-do-produto\/boa-qualidade-agua-quente-e-fria-banheiro-chuveiro-torneira-misturador-corpo-banheira-chuveiro-misturador-grifo-ducha-montado-na-parede-latao-cromado\/\" \/>\n<meta property=\"og:locale\" content=\"pt_PT\" \/>\n<meta property=\"og:type\" content=\"article\" \/>\n<meta property=\"og:title\" content=\"Luxury Custom Wall-Mounted Bath Shower Faucet Best-Selling Zinc Chrome Cold Hot Water Bathroom Bathtub Mixer Shower\" \/>\n<meta property=\"og:description\" content=\"Custom wall-mounted zinc chrome bath shower faucet. Best-selling design with cold and hot water mixer for bathrooms and bathtubs. Chinese factory ensures OEM flexibility for South American and Southeast Asian exports.\" \/>\n<meta property=\"og:url\" content=\"https:\/\/www.yoroow.com\/pt\/pormenor-do-produto\/boa-qualidade-agua-quente-e-fria-banheiro-chuveiro-torneira-misturador-corpo-banheira-chuveiro-misturador-grifo-ducha-montado-na-parede-latao-cromado\/\" \/>\n<meta property=\"og:site_name\" content=\"YOROOW\" \/>\n<meta property=\"article:publisher\" content=\"https:\/\/www.facebook.com\/people\/yoroowfaucetfactory\/61564236752362\/\" \/>\n<meta property=\"article:modified_time\" content=\"2025-05-16T01:18:10+00:00\" \/>\n<meta property=\"og:image\" content=\"https:\/\/www.yoroow.com\/wp-content\/uploads\/2025\/01\/\u4e3b\u56fe_1-38.jpg\" \/>\n\t<meta property=\"og:image:width\" content=\"800\" \/>\n\t<meta property=\"og:image:height\" content=\"800\" \/>\n\t<meta property=\"og:image:type\" content=\"image\/jpeg\" \/>\n<meta name=\"twitter:card\" content=\"summary_large_image\" \/>\n<meta name=\"twitter:label1\" content=\"Est. reading time\" \/>\n\t<meta name=\"twitter:data1\" content=\"1 minuto\" \/>\n<script type=\"application\/ld+json\" class=\"yoast-schema-graph\">{\"@context\":\"https:\/\/schema.org\",\"@graph\":[{\"@type\":\"WebPage\",\"@id\":\"https:\/\/www.yoroow.com\/pt\/pormenor-do-produto\/boa-qualidade-agua-quente-e-fria-banheiro-chuveiro-torneira-misturador-corpo-banheira-chuveiro-misturador-grifo-ducha-montado-na-parede-latao-cromado\/\",\"url\":\"https:\/\/www.yoroow.com\/pt\/pormenor-do-produto\/boa-qualidade-agua-quente-e-fria-banheiro-chuveiro-torneira-misturador-corpo-banheira-chuveiro-misturador-grifo-ducha-montado-na-parede-latao-cromado\/\",\"name\":\"Luxury Custom Wall-Mounted Bath Shower Faucet Best-Selling Zinc Chrome Cold Hot Water Bathroom Bathtub Mixer Shower - YOROOW\",\"isPartOf\":{\"@id\":\"https:\/\/www.yoroow.com\/pt\/#website\"},\"primaryImageOfPage\":{\"@id\":\"https:\/\/www.yoroow.com\/pt\/pormenor-do-produto\/boa-qualidade-agua-quente-e-fria-banheiro-chuveiro-torneira-misturador-corpo-banheira-chuveiro-misturador-grifo-ducha-montado-na-parede-latao-cromado\/#primaryimage\"},\"image\":{\"@id\":\"https:\/\/www.yoroow.com\/pt\/pormenor-do-produto\/boa-qualidade-agua-quente-e-fria-banheiro-chuveiro-torneira-misturador-corpo-banheira-chuveiro-misturador-grifo-ducha-montado-na-parede-latao-cromado\/#primaryimage\"},\"thumbnailUrl\":\"https:\/\/www.yoroow.com\/wp-content\/uploads\/2025\/01\/\u4e3b\u56fe_1-38.jpg\",\"datePublished\":\"2025-01-24T00:52:07+00:00\",\"dateModified\":\"2025-05-16T01:18:10+00:00\",\"description\":\"Custom wall-mounted zinc chrome bath shower faucet. Best-selling design with cold and hot water mixer for bathrooms and bathtubs. Chinese factory ensures OEM flexibility for South American and Southeast Asian exports.\",\"breadcrumb\":{\"@id\":\"https:\/\/www.yoroow.com\/pt\/pormenor-do-produto\/boa-qualidade-agua-quente-e-fria-banheiro-chuveiro-torneira-misturador-corpo-banheira-chuveiro-misturador-grifo-ducha-montado-na-parede-latao-cromado\/#breadcrumb\"},\"inLanguage\":\"pt-PT\",\"potentialAction\":[{\"@type\":\"ReadAction\",\"target\":[\"https:\/\/www.yoroow.com\/pt\/pormenor-do-produto\/boa-qualidade-agua-quente-e-fria-banheiro-chuveiro-torneira-misturador-corpo-banheira-chuveiro-misturador-grifo-ducha-montado-na-parede-latao-cromado\/\"]}]},{\"@type\":\"ImageObject\",\"inLanguage\":\"pt-PT\",\"@id\":\"https:\/\/www.yoroow.com\/pt\/pormenor-do-produto\/boa-qualidade-agua-quente-e-fria-banheiro-chuveiro-torneira-misturador-corpo-banheira-chuveiro-misturador-grifo-ducha-montado-na-parede-latao-cromado\/#primaryimage\",\"url\":\"https:\/\/www.yoroow.com\/wp-content\/uploads\/2025\/01\/\u4e3b\u56fe_1-38.jpg\",\"contentUrl\":\"https:\/\/www.yoroow.com\/wp-content\/uploads\/2025\/01\/\u4e3b\u56fe_1-38.jpg\",\"width\":800,\"height\":800,\"caption\":\"Luxury Custom Wall-Mounted Bath Shower Faucet Best-Selling Zinc Chrome Cold Hot Water Bathroom Bathtub Mixer Shower\"},{\"@type\":\"BreadcrumbList\",\"@id\":\"https:\/\/www.yoroow.com\/pt\/pormenor-do-produto\/boa-qualidade-agua-quente-e-fria-banheiro-chuveiro-torneira-misturador-corpo-banheira-chuveiro-misturador-grifo-ducha-montado-na-parede-latao-cromado\/#breadcrumb\",\"itemListElement\":[{\"@type\":\"ListItem\",\"position\":1,\"name\":\"home\",\"item\":\"https:\/\/www.yoroow.com\/\"},{\"@type\":\"ListItem\",\"position\":2,\"name\":\"Product\",\"item\":\"https:\/\/www.yoroow.com\/product\/\"},{\"@type\":\"ListItem\",\"position\":3,\"name\":\"Luxury Custom Wall-Mounted Bath Shower Faucet Best-Selling Zinc Chrome Cold Hot Water Bathroom Bathtub Mixer Shower\"}]},{\"@type\":\"WebSite\",\"@id\":\"https:\/\/www.yoroow.com\/pt\/#website\",\"url\":\"https:\/\/www.yoroow.com\/pt\/\",\"name\":\"YOROOW\",\"description\":\"\",\"publisher\":{\"@id\":\"https:\/\/www.yoroow.com\/pt\/#organization\"},\"potentialAction\":[{\"@type\":\"SearchAction\",\"target\":{\"@type\":\"EntryPoint\",\"urlTemplate\":\"https:\/\/www.yoroow.com\/pt\/?s={search_term_string}\"},\"query-input\":{\"@type\":\"PropertyValueSpecification\",\"valueRequired\":true,\"valueName\":\"search_term_string\"}}],\"inLanguage\":\"pt-PT\"},{\"@type\":\"Organization\",\"@id\":\"https:\/\/www.yoroow.com\/pt\/#organization\",\"name\":\"YOROOW\",\"url\":\"https:\/\/www.yoroow.com\/pt\/\",\"logo\":{\"@type\":\"ImageObject\",\"inLanguage\":\"pt-PT\",\"@id\":\"https:\/\/www.yoroow.com\/pt\/#\/schema\/logo\/image\/\",\"url\":\"https:\/\/www.yoroow.com\/wp-content\/uploads\/2024\/12\/2024123007131061.png\",\"contentUrl\":\"https:\/\/www.yoroow.com\/wp-content\/uploads\/2024\/12\/2024123007131061.png\",\"width\":168,\"height\":27,\"caption\":\"YOROOW\"},\"image\":{\"@id\":\"https:\/\/www.yoroow.com\/pt\/#\/schema\/logo\/image\/\"},\"sameAs\":[\"https:\/\/www.facebook.com\/people\/yoroowfaucetfactory\/61564236752362\/\"]}]}<\/script>\n<!-- \/ Yoast SEO Premium plugin. -->","yoast_head_json":{"title":"Luxury Custom Wall-Mounted Bath Shower Faucet Best-Selling Zinc Chrome Cold Hot Water Bathroom Bathtub Mixer Shower - YOROOW","description":"Custom wall-mounted zinc chrome bath shower faucet. Best-selling design with cold and hot water mixer for bathrooms and bathtubs. Chinese factory ensures OEM flexibility for South American and Southeast Asian exports.","robots":{"index":"index","follow":"follow","max-snippet":"max-snippet:-1","max-image-preview":"max-image-preview:large","max-video-preview":"max-video-preview:-1"},"canonical":"https:\/\/www.yoroow.com\/pt\/pormenor-do-produto\/boa-qualidade-agua-quente-e-fria-banheiro-chuveiro-torneira-misturador-corpo-banheira-chuveiro-misturador-grifo-ducha-montado-na-parede-latao-cromado\/","og_locale":"pt_PT","og_type":"article","og_title":"Luxury Custom Wall-Mounted Bath Shower Faucet Best-Selling Zinc Chrome Cold Hot Water Bathroom Bathtub Mixer Shower","og_description":"Custom wall-mounted zinc chrome bath shower faucet. Best-selling design with cold and hot water mixer for bathrooms and bathtubs. Chinese factory ensures OEM flexibility for South American and Southeast Asian exports.","og_url":"https:\/\/www.yoroow.com\/pt\/pormenor-do-produto\/boa-qualidade-agua-quente-e-fria-banheiro-chuveiro-torneira-misturador-corpo-banheira-chuveiro-misturador-grifo-ducha-montado-na-parede-latao-cromado\/","og_site_name":"YOROOW","article_publisher":"https:\/\/www.facebook.com\/people\/yoroowfaucetfactory\/61564236752362\/","article_modified_time":"2025-05-16T01:18:10+00:00","og_image":[{"width":800,"height":800,"url":"https:\/\/www.yoroow.com\/wp-content\/uploads\/2025\/01\/\u4e3b\u56fe_1-38.jpg","type":"image\/jpeg"}],"twitter_card":"summary_large_image","twitter_misc":{"Est. reading time":"1 minuto"},"schema":{"@context":"https:\/\/schema.org","@graph":[{"@type":"WebPage","@id":"https:\/\/www.yoroow.com\/pt\/pormenor-do-produto\/boa-qualidade-agua-quente-e-fria-banheiro-chuveiro-torneira-misturador-corpo-banheira-chuveiro-misturador-grifo-ducha-montado-na-parede-latao-cromado\/","url":"https:\/\/www.yoroow.com\/pt\/pormenor-do-produto\/boa-qualidade-agua-quente-e-fria-banheiro-chuveiro-torneira-misturador-corpo-banheira-chuveiro-misturador-grifo-ducha-montado-na-parede-latao-cromado\/","name":"Luxury Custom Wall-Mounted Bath Shower Faucet Best-Selling Zinc Chrome Cold Hot Water Bathroom Bathtub Mixer Shower - YOROOW","isPartOf":{"@id":"https:\/\/www.yoroow.com\/pt\/#website"},"primaryImageOfPage":{"@id":"https:\/\/www.yoroow.com\/pt\/pormenor-do-produto\/boa-qualidade-agua-quente-e-fria-banheiro-chuveiro-torneira-misturador-corpo-banheira-chuveiro-misturador-grifo-ducha-montado-na-parede-latao-cromado\/#primaryimage"},"image":{"@id":"https:\/\/www.yoroow.com\/pt\/pormenor-do-produto\/boa-qualidade-agua-quente-e-fria-banheiro-chuveiro-torneira-misturador-corpo-banheira-chuveiro-misturador-grifo-ducha-montado-na-parede-latao-cromado\/#primaryimage"},"thumbnailUrl":"https:\/\/www.yoroow.com\/wp-content\/uploads\/2025\/01\/\u4e3b\u56fe_1-38.jpg","datePublished":"2025-01-24T00:52:07+00:00","dateModified":"2025-05-16T01:18:10+00:00","description":"Custom wall-mounted zinc chrome bath shower faucet. Best-selling design with cold and hot water mixer for bathrooms and bathtubs. Chinese factory ensures OEM flexibility for South American and Southeast Asian exports.","breadcrumb":{"@id":"https:\/\/www.yoroow.com\/pt\/pormenor-do-produto\/boa-qualidade-agua-quente-e-fria-banheiro-chuveiro-torneira-misturador-corpo-banheira-chuveiro-misturador-grifo-ducha-montado-na-parede-latao-cromado\/#breadcrumb"},"inLanguage":"pt-PT","potentialAction":[{"@type":"ReadAction","target":["https:\/\/www.yoroow.com\/pt\/pormenor-do-produto\/boa-qualidade-agua-quente-e-fria-banheiro-chuveiro-torneira-misturador-corpo-banheira-chuveiro-misturador-grifo-ducha-montado-na-parede-latao-cromado\/"]}]},{"@type":"ImageObject","inLanguage":"pt-PT","@id":"https:\/\/www.yoroow.com\/pt\/pormenor-do-produto\/boa-qualidade-agua-quente-e-fria-banheiro-chuveiro-torneira-misturador-corpo-banheira-chuveiro-misturador-grifo-ducha-montado-na-parede-latao-cromado\/#primaryimage","url":"https:\/\/www.yoroow.com\/wp-content\/uploads\/2025\/01\/\u4e3b\u56fe_1-38.jpg","contentUrl":"https:\/\/www.yoroow.com\/wp-content\/uploads\/2025\/01\/\u4e3b\u56fe_1-38.jpg","width":800,"height":800,"caption":"Luxury Custom Wall-Mounted Bath Shower Faucet Best-Selling Zinc Chrome Cold Hot Water Bathroom Bathtub Mixer Shower"},{"@type":"BreadcrumbList","@id":"https:\/\/www.yoroow.com\/pt\/pormenor-do-produto\/boa-qualidade-agua-quente-e-fria-banheiro-chuveiro-torneira-misturador-corpo-banheira-chuveiro-misturador-grifo-ducha-montado-na-parede-latao-cromado\/#breadcrumb","itemListElement":[{"@type":"ListItem","position":1,"name":"home","item":"https:\/\/www.yoroow.com\/"},{"@type":"ListItem","position":2,"name":"Product","item":"https:\/\/www.yoroow.com\/product\/"},{"@type":"ListItem","position":3,"name":"Luxury Custom Wall-Mounted Bath Shower Faucet Best-Selling Zinc Chrome Cold Hot Water Bathroom Bathtub Mixer Shower"}]},{"@type":"WebSite","@id":"https:\/\/www.yoroow.com\/pt\/#website","url":"https:\/\/www.yoroow.com\/pt\/","name":"YOROOW","description":"","publisher":{"@id":"https:\/\/www.yoroow.com\/pt\/#organization"},"potentialAction":[{"@type":"SearchAction","target":{"@type":"EntryPoint","urlTemplate":"https:\/\/www.yoroow.com\/pt\/?s={search_term_string}"},"query-input":{"@type":"PropertyValueSpecification","valueRequired":true,"valueName":"search_term_string"}}],"inLanguage":"pt-PT"},{"@type":"Organization","@id":"https:\/\/www.yoroow.com\/pt\/#organization","name":"YOROOW","url":"https:\/\/www.yoroow.com\/pt\/","logo":{"@type":"ImageObject","inLanguage":"pt-PT","@id":"https:\/\/www.yoroow.com\/pt\/#\/schema\/logo\/image\/","url":"https:\/\/www.yoroow.com\/wp-content\/uploads\/2024\/12\/2024123007131061.png","contentUrl":"https:\/\/www.yoroow.com\/wp-content\/uploads\/2024\/12\/2024123007131061.png","width":168,"height":27,"caption":"YOROOW"},"image":{"@id":"https:\/\/www.yoroow.com\/pt\/#\/schema\/logo\/image\/"},"sameAs":["https:\/\/www.facebook.com\/people\/yoroowfaucetfactory\/61564236752362\/"]}]}},"_links":{"self":[{"href":"https:\/\/www.yoroow.com\/pt\/wp-json\/wp\/v2\/product\/9409","targetHints":{"allow":["GET"]}}],"collection":[{"href":"https:\/\/www.yoroow.com\/pt\/wp-json\/wp\/v2\/product"}],"about":[{"href":"https:\/\/www.yoroow.com\/pt\/wp-json\/wp\/v2\/types\/product"}],"wp:featuredmedia":[{"embeddable":true,"href":"https:\/\/www.yoroow.com\/pt\/wp-json\/wp\/v2\/media\/9418"}],"wp:attachment":[{"href":"https:\/\/www.yoroow.com\/pt\/wp-json\/wp\/v2\/media?parent=9409"}],"wp:term":[{"taxonomy":"product_brand","embeddable":true,"href":"https:\/\/www.yoroow.com\/pt\/wp-json\/wp\/v2\/product_brand?post=9409"},{"taxonomy":"product_cat","embeddable":true,"href":"https:\/\/www.yoroow.com\/pt\/wp-json\/wp\/v2\/product_cat?post=9409"},{"taxonomy":"product_tag","embeddable":true,"href":"https:\/\/www.yoroow.com\/pt\/wp-json\/wp\/v2\/product_tag?post=9409"}],"curies":[{"name":"wp","href":"https:\/\/api.w.org\/{rel}","templated":true}]}}