{"id":5394,"date":"2024-12-21T14:04:13","date_gmt":"2024-12-21T06:04:13","guid":{"rendered":"https:\/\/www.yoroow.com\/?post_type=product&#038;p=5394"},"modified":"2025-05-16T09:16:20","modified_gmt":"2025-05-16T01:16:20","slug":"misturador-de-torneira-de-pia-de-cozinha-de-aco-inoxidavel-304-de-alta-qualidade","status":"publish","type":"product","link":"https:\/\/www.yoroow.com\/pt\/pormenor-do-produto\/misturador-de-torneira-de-pia-de-cozinha-de-aco-inoxidavel-304-de-alta-qualidade\/","title":{"rendered":"Torneira de cozinha fria simples de a\u00e7o inoxid\u00e1vel 304 de alta qualidade Torneiras modernas com n\u00facleo totalmente em cobre Misturador de torneira de lavat\u00f3rio de alta durabilidade"},"content":{"rendered":"<p>This modern kitchen faucet is constructed from 304 stainless steel and features an all-copper core for enhanced durability. Suitable for cold water supply in household kitchens, utility sinks, or outdoor washing stations. The faucet\u2019s clean design fits minimalistic and modern interiors. Backed by our Chinese factory\u2019s manufacturing strength, the product is customizable, competitively priced, and built for long-lasting use. A popular choice in Southeast Asia and South America for both new home installations and renovations.<\/p>","protected":false},"excerpt":{"rendered":"<p>This modern kitchen faucet is constructed from 304 stainless steel and features an all-copper core for enhanced durability. Suitable for cold water supply in household kitchens, utility sinks, or outdoor washing stations. The faucet\u2019s clean design fits minimalistic and modern interiors. Backed by our Chinese factory\u2019s manufacturing strength, the product is customizable, competitively priced, and&#8230;<\/p>","protected":false},"featured_media":6500,"template":"","meta":{"_acf_changed":false,"_kad_post_transparent":"default","_kad_post_title":"","_kad_post_layout":"default","_kad_post_sidebar_id":"","_kad_post_content_style":"default","_kad_post_vertical_padding":"default","_kad_post_feature":"","_kad_post_feature_position":"","_kad_post_header":false,"_kad_post_footer":false},"product_brand":[],"product_cat":[221,1542],"product_tag":[3092,3334],"class_list":{"0":"post-5394","1":"product","2":"type-product","3":"status-publish","4":"has-post-thumbnail","6":"product_cat-single-cold-kitchen-faucet-kitchen-faucet","7":"product_cat-122bseries","8":"product_tag-kitchen-faucet-stainless-steel","9":"product_tag-modern-kitchen-taps","11":"first","12":"instock","13":"shipping-taxable","14":"purchasable","15":"product-type-variable","16":"wvs-archive-product-wrapper","17":"entry","18":"content-bg","19":"loop-entry"},"acf":[],"yoast_head":"<!-- This site is optimized with the Yoast SEO Premium plugin v25.4 (Yoast SEO v27.0) - https:\/\/yoast.com\/product\/yoast-seo-premium-wordpress\/ -->\n<title>High Quality 304 Stainless Steel Single Cold Kitchen Faucet Modern taps with All-Copper Core High-Durable Sink Faucet Mixer - YOROOW<\/title>\n<meta name=\"description\" content=\"High quality 304 stainless steel single cold kitchen faucet with all-copper core, durable sink mixer. Reliable for domestic and commercial kitchens. Manufactured in China to meet export market demands in South America and Southeast Asia focused on durable stainless steel kitchen faucets.\" \/>\n<meta name=\"robots\" content=\"index, follow, max-snippet:-1, max-image-preview:large, max-video-preview:-1\" \/>\n<link rel=\"canonical\" href=\"https:\/\/www.yoroow.com\/pt\/pormenor-do-produto\/misturador-de-torneira-de-pia-de-cozinha-de-aco-inoxidavel-304-de-alta-qualidade\/\" \/>\n<meta property=\"og:locale\" content=\"pt_PT\" \/>\n<meta property=\"og:type\" content=\"article\" \/>\n<meta property=\"og:title\" content=\"High Quality 304 Stainless Steel Single Cold Kitchen Faucet Modern taps with All-Copper Core High-Durable Sink Faucet Mixer\" \/>\n<meta property=\"og:description\" content=\"High quality 304 stainless steel single cold kitchen faucet with all-copper core, durable sink mixer. Reliable for domestic and commercial kitchens. Manufactured in China to meet export market demands in South America and Southeast Asia focused on durable stainless steel kitchen faucets.\" \/>\n<meta property=\"og:url\" content=\"https:\/\/www.yoroow.com\/pt\/pormenor-do-produto\/misturador-de-torneira-de-pia-de-cozinha-de-aco-inoxidavel-304-de-alta-qualidade\/\" \/>\n<meta property=\"og:site_name\" content=\"YOROOW\" \/>\n<meta property=\"article:publisher\" content=\"https:\/\/www.facebook.com\/people\/yoroowfaucetfactory\/61564236752362\/\" \/>\n<meta property=\"article:modified_time\" content=\"2025-05-16T01:16:20+00:00\" \/>\n<meta property=\"og:image\" content=\"https:\/\/www.yoroow.com\/wp-content\/uploads\/2024\/12\/2024122209431481-e1734937643957.jpg\" \/>\n\t<meta property=\"og:image:width\" content=\"800\" \/>\n\t<meta property=\"og:image:height\" content=\"800\" \/>\n\t<meta property=\"og:image:type\" content=\"image\/jpeg\" \/>\n<meta name=\"twitter:card\" content=\"summary_large_image\" \/>\n<meta name=\"twitter:label1\" content=\"Est. reading time\" \/>\n\t<meta name=\"twitter:data1\" content=\"1 minuto\" \/>\n<script type=\"application\/ld+json\" class=\"yoast-schema-graph\">{\"@context\":\"https:\/\/schema.org\",\"@graph\":[{\"@type\":\"WebPage\",\"@id\":\"https:\/\/www.yoroow.com\/pt\/pormenor-do-produto\/misturador-de-torneira-de-pia-de-cozinha-de-aco-inoxidavel-304-de-alta-qualidade\/\",\"url\":\"https:\/\/www.yoroow.com\/pt\/pormenor-do-produto\/misturador-de-torneira-de-pia-de-cozinha-de-aco-inoxidavel-304-de-alta-qualidade\/\",\"name\":\"High Quality 304 Stainless Steel Single Cold Kitchen Faucet Modern taps with All-Copper Core High-Durable Sink Faucet Mixer - YOROOW\",\"isPartOf\":{\"@id\":\"https:\/\/www.yoroow.com\/pt\/#website\"},\"primaryImageOfPage\":{\"@id\":\"https:\/\/www.yoroow.com\/pt\/pormenor-do-produto\/misturador-de-torneira-de-pia-de-cozinha-de-aco-inoxidavel-304-de-alta-qualidade\/#primaryimage\"},\"image\":{\"@id\":\"https:\/\/www.yoroow.com\/pt\/pormenor-do-produto\/misturador-de-torneira-de-pia-de-cozinha-de-aco-inoxidavel-304-de-alta-qualidade\/#primaryimage\"},\"thumbnailUrl\":\"https:\/\/www.yoroow.com\/wp-content\/uploads\/2024\/12\/2024122209431481-e1734937643957.jpg\",\"datePublished\":\"2024-12-21T06:04:13+00:00\",\"dateModified\":\"2025-05-16T01:16:20+00:00\",\"description\":\"High quality 304 stainless steel single cold kitchen faucet with all-copper core, durable sink mixer. Reliable for domestic and commercial kitchens. Manufactured in China to meet export market demands in South America and Southeast Asia focused on durable stainless steel kitchen faucets.\",\"breadcrumb\":{\"@id\":\"https:\/\/www.yoroow.com\/pt\/pormenor-do-produto\/misturador-de-torneira-de-pia-de-cozinha-de-aco-inoxidavel-304-de-alta-qualidade\/#breadcrumb\"},\"inLanguage\":\"pt-PT\",\"potentialAction\":[{\"@type\":\"ReadAction\",\"target\":[\"https:\/\/www.yoroow.com\/pt\/pormenor-do-produto\/misturador-de-torneira-de-pia-de-cozinha-de-aco-inoxidavel-304-de-alta-qualidade\/\"]}]},{\"@type\":\"ImageObject\",\"inLanguage\":\"pt-PT\",\"@id\":\"https:\/\/www.yoroow.com\/pt\/pormenor-do-produto\/misturador-de-torneira-de-pia-de-cozinha-de-aco-inoxidavel-304-de-alta-qualidade\/#primaryimage\",\"url\":\"https:\/\/www.yoroow.com\/wp-content\/uploads\/2024\/12\/2024122209431481-e1734937643957.jpg\",\"contentUrl\":\"https:\/\/www.yoroow.com\/wp-content\/uploads\/2024\/12\/2024122209431481-e1734937643957.jpg\",\"width\":800,\"height\":800,\"caption\":\"High Quality 304 Stainless Steel Single Cold Kitchen Faucet Modern taps with All-Copper Core High-Durable Sink Faucet Mixer\"},{\"@type\":\"BreadcrumbList\",\"@id\":\"https:\/\/www.yoroow.com\/pt\/pormenor-do-produto\/misturador-de-torneira-de-pia-de-cozinha-de-aco-inoxidavel-304-de-alta-qualidade\/#breadcrumb\",\"itemListElement\":[{\"@type\":\"ListItem\",\"position\":1,\"name\":\"home\",\"item\":\"https:\/\/www.yoroow.com\/\"},{\"@type\":\"ListItem\",\"position\":2,\"name\":\"Product\",\"item\":\"https:\/\/www.yoroow.com\/product\/\"},{\"@type\":\"ListItem\",\"position\":3,\"name\":\"High Quality 304 Stainless Steel Single Cold Kitchen Faucet Modern taps with All-Copper Core High-Durable Sink Faucet Mixer\"}]},{\"@type\":\"WebSite\",\"@id\":\"https:\/\/www.yoroow.com\/pt\/#website\",\"url\":\"https:\/\/www.yoroow.com\/pt\/\",\"name\":\"YOROOW\",\"description\":\"\",\"publisher\":{\"@id\":\"https:\/\/www.yoroow.com\/pt\/#organization\"},\"potentialAction\":[{\"@type\":\"SearchAction\",\"target\":{\"@type\":\"EntryPoint\",\"urlTemplate\":\"https:\/\/www.yoroow.com\/pt\/?s={search_term_string}\"},\"query-input\":{\"@type\":\"PropertyValueSpecification\",\"valueRequired\":true,\"valueName\":\"search_term_string\"}}],\"inLanguage\":\"pt-PT\"},{\"@type\":\"Organization\",\"@id\":\"https:\/\/www.yoroow.com\/pt\/#organization\",\"name\":\"YOROOW\",\"url\":\"https:\/\/www.yoroow.com\/pt\/\",\"logo\":{\"@type\":\"ImageObject\",\"inLanguage\":\"pt-PT\",\"@id\":\"https:\/\/www.yoroow.com\/pt\/#\/schema\/logo\/image\/\",\"url\":\"https:\/\/www.yoroow.com\/wp-content\/uploads\/2024\/12\/2024123007131061.png\",\"contentUrl\":\"https:\/\/www.yoroow.com\/wp-content\/uploads\/2024\/12\/2024123007131061.png\",\"width\":168,\"height\":27,\"caption\":\"YOROOW\"},\"image\":{\"@id\":\"https:\/\/www.yoroow.com\/pt\/#\/schema\/logo\/image\/\"},\"sameAs\":[\"https:\/\/www.facebook.com\/people\/yoroowfaucetfactory\/61564236752362\/\"]}]}<\/script>\n<!-- \/ Yoast SEO Premium plugin. -->","yoast_head_json":{"title":"High Quality 304 Stainless Steel Single Cold Kitchen Faucet Modern taps with All-Copper Core High-Durable Sink Faucet Mixer - YOROOW","description":"High quality 304 stainless steel single cold kitchen faucet with all-copper core, durable sink mixer. Reliable for domestic and commercial kitchens. Manufactured in China to meet export market demands in South America and Southeast Asia focused on durable stainless steel kitchen faucets.","robots":{"index":"index","follow":"follow","max-snippet":"max-snippet:-1","max-image-preview":"max-image-preview:large","max-video-preview":"max-video-preview:-1"},"canonical":"https:\/\/www.yoroow.com\/pt\/pormenor-do-produto\/misturador-de-torneira-de-pia-de-cozinha-de-aco-inoxidavel-304-de-alta-qualidade\/","og_locale":"pt_PT","og_type":"article","og_title":"High Quality 304 Stainless Steel Single Cold Kitchen Faucet Modern taps with All-Copper Core High-Durable Sink Faucet Mixer","og_description":"High quality 304 stainless steel single cold kitchen faucet with all-copper core, durable sink mixer. Reliable for domestic and commercial kitchens. Manufactured in China to meet export market demands in South America and Southeast Asia focused on durable stainless steel kitchen faucets.","og_url":"https:\/\/www.yoroow.com\/pt\/pormenor-do-produto\/misturador-de-torneira-de-pia-de-cozinha-de-aco-inoxidavel-304-de-alta-qualidade\/","og_site_name":"YOROOW","article_publisher":"https:\/\/www.facebook.com\/people\/yoroowfaucetfactory\/61564236752362\/","article_modified_time":"2025-05-16T01:16:20+00:00","og_image":[{"width":800,"height":800,"url":"https:\/\/www.yoroow.com\/wp-content\/uploads\/2024\/12\/2024122209431481-e1734937643957.jpg","type":"image\/jpeg"}],"twitter_card":"summary_large_image","twitter_misc":{"Est. reading time":"1 minuto"},"schema":{"@context":"https:\/\/schema.org","@graph":[{"@type":"WebPage","@id":"https:\/\/www.yoroow.com\/pt\/pormenor-do-produto\/misturador-de-torneira-de-pia-de-cozinha-de-aco-inoxidavel-304-de-alta-qualidade\/","url":"https:\/\/www.yoroow.com\/pt\/pormenor-do-produto\/misturador-de-torneira-de-pia-de-cozinha-de-aco-inoxidavel-304-de-alta-qualidade\/","name":"High Quality 304 Stainless Steel Single Cold Kitchen Faucet Modern taps with All-Copper Core High-Durable Sink Faucet Mixer - YOROOW","isPartOf":{"@id":"https:\/\/www.yoroow.com\/pt\/#website"},"primaryImageOfPage":{"@id":"https:\/\/www.yoroow.com\/pt\/pormenor-do-produto\/misturador-de-torneira-de-pia-de-cozinha-de-aco-inoxidavel-304-de-alta-qualidade\/#primaryimage"},"image":{"@id":"https:\/\/www.yoroow.com\/pt\/pormenor-do-produto\/misturador-de-torneira-de-pia-de-cozinha-de-aco-inoxidavel-304-de-alta-qualidade\/#primaryimage"},"thumbnailUrl":"https:\/\/www.yoroow.com\/wp-content\/uploads\/2024\/12\/2024122209431481-e1734937643957.jpg","datePublished":"2024-12-21T06:04:13+00:00","dateModified":"2025-05-16T01:16:20+00:00","description":"High quality 304 stainless steel single cold kitchen faucet with all-copper core, durable sink mixer. Reliable for domestic and commercial kitchens. Manufactured in China to meet export market demands in South America and Southeast Asia focused on durable stainless steel kitchen faucets.","breadcrumb":{"@id":"https:\/\/www.yoroow.com\/pt\/pormenor-do-produto\/misturador-de-torneira-de-pia-de-cozinha-de-aco-inoxidavel-304-de-alta-qualidade\/#breadcrumb"},"inLanguage":"pt-PT","potentialAction":[{"@type":"ReadAction","target":["https:\/\/www.yoroow.com\/pt\/pormenor-do-produto\/misturador-de-torneira-de-pia-de-cozinha-de-aco-inoxidavel-304-de-alta-qualidade\/"]}]},{"@type":"ImageObject","inLanguage":"pt-PT","@id":"https:\/\/www.yoroow.com\/pt\/pormenor-do-produto\/misturador-de-torneira-de-pia-de-cozinha-de-aco-inoxidavel-304-de-alta-qualidade\/#primaryimage","url":"https:\/\/www.yoroow.com\/wp-content\/uploads\/2024\/12\/2024122209431481-e1734937643957.jpg","contentUrl":"https:\/\/www.yoroow.com\/wp-content\/uploads\/2024\/12\/2024122209431481-e1734937643957.jpg","width":800,"height":800,"caption":"High Quality 304 Stainless Steel Single Cold Kitchen Faucet Modern taps with All-Copper Core High-Durable Sink Faucet Mixer"},{"@type":"BreadcrumbList","@id":"https:\/\/www.yoroow.com\/pt\/pormenor-do-produto\/misturador-de-torneira-de-pia-de-cozinha-de-aco-inoxidavel-304-de-alta-qualidade\/#breadcrumb","itemListElement":[{"@type":"ListItem","position":1,"name":"home","item":"https:\/\/www.yoroow.com\/"},{"@type":"ListItem","position":2,"name":"Product","item":"https:\/\/www.yoroow.com\/product\/"},{"@type":"ListItem","position":3,"name":"High Quality 304 Stainless Steel Single Cold Kitchen Faucet Modern taps with All-Copper Core High-Durable Sink Faucet Mixer"}]},{"@type":"WebSite","@id":"https:\/\/www.yoroow.com\/pt\/#website","url":"https:\/\/www.yoroow.com\/pt\/","name":"YOROOW","description":"","publisher":{"@id":"https:\/\/www.yoroow.com\/pt\/#organization"},"potentialAction":[{"@type":"SearchAction","target":{"@type":"EntryPoint","urlTemplate":"https:\/\/www.yoroow.com\/pt\/?s={search_term_string}"},"query-input":{"@type":"PropertyValueSpecification","valueRequired":true,"valueName":"search_term_string"}}],"inLanguage":"pt-PT"},{"@type":"Organization","@id":"https:\/\/www.yoroow.com\/pt\/#organization","name":"YOROOW","url":"https:\/\/www.yoroow.com\/pt\/","logo":{"@type":"ImageObject","inLanguage":"pt-PT","@id":"https:\/\/www.yoroow.com\/pt\/#\/schema\/logo\/image\/","url":"https:\/\/www.yoroow.com\/wp-content\/uploads\/2024\/12\/2024123007131061.png","contentUrl":"https:\/\/www.yoroow.com\/wp-content\/uploads\/2024\/12\/2024123007131061.png","width":168,"height":27,"caption":"YOROOW"},"image":{"@id":"https:\/\/www.yoroow.com\/pt\/#\/schema\/logo\/image\/"},"sameAs":["https:\/\/www.facebook.com\/people\/yoroowfaucetfactory\/61564236752362\/"]}]}},"_links":{"self":[{"href":"https:\/\/www.yoroow.com\/pt\/wp-json\/wp\/v2\/product\/5394","targetHints":{"allow":["GET"]}}],"collection":[{"href":"https:\/\/www.yoroow.com\/pt\/wp-json\/wp\/v2\/product"}],"about":[{"href":"https:\/\/www.yoroow.com\/pt\/wp-json\/wp\/v2\/types\/product"}],"wp:featuredmedia":[{"embeddable":true,"href":"https:\/\/www.yoroow.com\/pt\/wp-json\/wp\/v2\/media\/6500"}],"wp:attachment":[{"href":"https:\/\/www.yoroow.com\/pt\/wp-json\/wp\/v2\/media?parent=5394"}],"wp:term":[{"taxonomy":"product_brand","embeddable":true,"href":"https:\/\/www.yoroow.com\/pt\/wp-json\/wp\/v2\/product_brand?post=5394"},{"taxonomy":"product_cat","embeddable":true,"href":"https:\/\/www.yoroow.com\/pt\/wp-json\/wp\/v2\/product_cat?post=5394"},{"taxonomy":"product_tag","embeddable":true,"href":"https:\/\/www.yoroow.com\/pt\/wp-json\/wp\/v2\/product_tag?post=5394"}],"curies":[{"name":"wp","href":"https:\/\/api.w.org\/{rel}","templated":true}]}}