{"id":5392,"date":"2024-12-21T13:52:34","date_gmt":"2024-12-21T05:52:34","guid":{"rendered":"https:\/\/www.yoroow.com\/?post_type=product&#038;p=5392"},"modified":"2025-05-16T09:16:18","modified_gmt":"2025-05-16T01:16:18","slug":"torneira-para-janela-interior-em-aco-inoxidavel-304-torneira-giratoria-criativa-para-janela-de-cozinha-dobravel","status":"publish","type":"product","link":"https:\/\/www.yoroow.com\/pt\/pormenor-do-produto\/torneira-para-janela-interior-em-aco-inoxidavel-304-torneira-giratoria-criativa-para-janela-de-cozinha-dobravel\/","title":{"rendered":"Bom pre\u00e7o Torneira de cozinha em a\u00e7o inoxid\u00e1vel 304 com misturador cromado Janela interior rotativa criativa Janela dobr\u00e1vel Design exclusivo da torneira de cozinha"},"content":{"rendered":"<p>Esta torneira de cozinha \u00e9 feita de a\u00e7o inoxid\u00e1vel 304 com um acabamento cromado e possui uma bica rotativa dobr\u00e1vel ideal para instala\u00e7\u00e3o em frente a janelas interiores. Poupa espa\u00e7o e oferece um controlo flex\u00edvel da dire\u00e7\u00e3o da \u00e1gua. Concebida para cozinhas modernas em edif\u00edcios altos e apartamentos compactos. A nossa f\u00e1brica chinesa fornece solu\u00e7\u00f5es inovadoras de torneiras com entrega r\u00e1pida. Este modelo \u00e9 preferido nas habita\u00e7\u00f5es urbanas da Am\u00e9rica do Sul e do Sudeste Asi\u00e1tico, onde os designs de cozinha funcionais e econ\u00f3micos em termos de espa\u00e7o s\u00e3o importantes.<\/p>","protected":false},"excerpt":{"rendered":"<p>This kitchen faucet is made of 304 stainless steel with a chrome-plated finish and features a rotating folding spout ideal for installation in front of inner windows. It saves space and offers flexible water direction control. Designed for modern kitchens in high-rise residences and compact apartments. Our Chinese factory provides innovative faucet solutions with fast&#8230;<\/p>","protected":false},"featured_media":6688,"template":"","meta":{"_acf_changed":false,"_kad_post_transparent":"default","_kad_post_title":"","_kad_post_layout":"default","_kad_post_sidebar_id":"","_kad_post_content_style":"default","_kad_post_vertical_padding":"default","_kad_post_feature":"","_kad_post_feature_position":"","_kad_post_header":false,"_kad_post_footer":false},"product_brand":[],"product_cat":[246],"product_tag":[5532,5820],"class_list":{"0":"post-5392","1":"product","2":"type-product","3":"status-publish","4":"has-post-thumbnail","6":"product_cat-mixer-kitchen-faucet","7":"product_tag-304-stainless-steel-kitchen-faucet","8":"product_tag-kitchen-tap-chrome","10":"first","11":"instock","12":"shipping-taxable","13":"purchasable","14":"product-type-variable","15":"wvs-archive-product-wrapper","16":"entry","17":"content-bg","18":"loop-entry"},"acf":[],"yoast_head":"<!-- This site is optimized with the Yoast SEO Premium plugin v25.4 (Yoast SEO v27.0) - https:\/\/yoast.com\/product\/yoast-seo-premium-wordpress\/ -->\n<title>Good Price 304 Stainless Steel Kitchen Faucet with Chrome Mixer Creative Rotating Inner Window Folding Window Unique Kitchen Tap Design - YOROOW<\/title>\n<meta name=\"description\" content=\"Good price 304 stainless steel kitchen faucet with chrome mixer and creative rotating design for window folding kitchens. Modern and space-saving. Produced in China with quality assurance, ideal for export to South America and Southeast Asia kitchens requiring innovative faucet designs.\" \/>\n<meta name=\"robots\" content=\"index, follow, max-snippet:-1, max-image-preview:large, max-video-preview:-1\" \/>\n<link rel=\"canonical\" href=\"https:\/\/www.yoroow.com\/pt\/pormenor-do-produto\/torneira-para-janela-interior-em-aco-inoxidavel-304-torneira-giratoria-criativa-para-janela-de-cozinha-dobravel\/\" \/>\n<meta property=\"og:locale\" content=\"pt_PT\" \/>\n<meta property=\"og:type\" content=\"article\" \/>\n<meta property=\"og:title\" content=\"Good Price 304 Stainless Steel Kitchen Faucet with Chrome Mixer Creative Rotating Inner Window Folding Window Unique Kitchen Tap Design\" \/>\n<meta property=\"og:description\" content=\"Good price 304 stainless steel kitchen faucet with chrome mixer and creative rotating design for window folding kitchens. Modern and space-saving. Produced in China with quality assurance, ideal for export to South America and Southeast Asia kitchens requiring innovative faucet designs.\" \/>\n<meta property=\"og:url\" content=\"https:\/\/www.yoroow.com\/pt\/pormenor-do-produto\/torneira-para-janela-interior-em-aco-inoxidavel-304-torneira-giratoria-criativa-para-janela-de-cozinha-dobravel\/\" \/>\n<meta property=\"og:site_name\" content=\"YOROOW\" \/>\n<meta property=\"article:publisher\" content=\"https:\/\/www.facebook.com\/people\/yoroowfaucetfactory\/61564236752362\/\" \/>\n<meta property=\"article:modified_time\" content=\"2025-05-16T01:16:18+00:00\" \/>\n<meta property=\"og:image\" content=\"https:\/\/www.yoroow.com\/wp-content\/uploads\/2024\/12\/2024122507440611.jpg\" \/>\n\t<meta property=\"og:image:width\" content=\"358\" \/>\n\t<meta property=\"og:image:height\" content=\"358\" \/>\n\t<meta property=\"og:image:type\" content=\"image\/jpeg\" \/>\n<meta name=\"twitter:card\" content=\"summary_large_image\" \/>\n<meta name=\"twitter:label1\" content=\"Est. reading time\" \/>\n\t<meta name=\"twitter:data1\" content=\"2 minutos\" \/>\n<script type=\"application\/ld+json\" class=\"yoast-schema-graph\">{\"@context\":\"https:\/\/schema.org\",\"@graph\":[{\"@type\":\"WebPage\",\"@id\":\"https:\/\/www.yoroow.com\/pt\/pormenor-do-produto\/torneira-para-janela-interior-em-aco-inoxidavel-304-torneira-giratoria-criativa-para-janela-de-cozinha-dobravel\/\",\"url\":\"https:\/\/www.yoroow.com\/pt\/pormenor-do-produto\/torneira-para-janela-interior-em-aco-inoxidavel-304-torneira-giratoria-criativa-para-janela-de-cozinha-dobravel\/\",\"name\":\"Good Price 304 Stainless Steel Kitchen Faucet with Chrome Mixer Creative Rotating Inner Window Folding Window Unique Kitchen Tap Design - YOROOW\",\"isPartOf\":{\"@id\":\"https:\/\/www.yoroow.com\/pt\/#website\"},\"primaryImageOfPage\":{\"@id\":\"https:\/\/www.yoroow.com\/pt\/pormenor-do-produto\/torneira-para-janela-interior-em-aco-inoxidavel-304-torneira-giratoria-criativa-para-janela-de-cozinha-dobravel\/#primaryimage\"},\"image\":{\"@id\":\"https:\/\/www.yoroow.com\/pt\/pormenor-do-produto\/torneira-para-janela-interior-em-aco-inoxidavel-304-torneira-giratoria-criativa-para-janela-de-cozinha-dobravel\/#primaryimage\"},\"thumbnailUrl\":\"https:\/\/www.yoroow.com\/wp-content\/uploads\/2024\/12\/2024122507440611.jpg\",\"datePublished\":\"2024-12-21T05:52:34+00:00\",\"dateModified\":\"2025-05-16T01:16:18+00:00\",\"description\":\"Good price 304 stainless steel kitchen faucet with chrome mixer and creative rotating design for window folding kitchens. Modern and space-saving. Produced in China with quality assurance, ideal for export to South America and Southeast Asia kitchens requiring innovative faucet designs.\",\"breadcrumb\":{\"@id\":\"https:\/\/www.yoroow.com\/pt\/pormenor-do-produto\/torneira-para-janela-interior-em-aco-inoxidavel-304-torneira-giratoria-criativa-para-janela-de-cozinha-dobravel\/#breadcrumb\"},\"inLanguage\":\"pt-PT\",\"potentialAction\":[{\"@type\":\"ReadAction\",\"target\":[\"https:\/\/www.yoroow.com\/pt\/pormenor-do-produto\/torneira-para-janela-interior-em-aco-inoxidavel-304-torneira-giratoria-criativa-para-janela-de-cozinha-dobravel\/\"]}]},{\"@type\":\"ImageObject\",\"inLanguage\":\"pt-PT\",\"@id\":\"https:\/\/www.yoroow.com\/pt\/pormenor-do-produto\/torneira-para-janela-interior-em-aco-inoxidavel-304-torneira-giratoria-criativa-para-janela-de-cozinha-dobravel\/#primaryimage\",\"url\":\"https:\/\/www.yoroow.com\/wp-content\/uploads\/2024\/12\/2024122507440611.jpg\",\"contentUrl\":\"https:\/\/www.yoroow.com\/wp-content\/uploads\/2024\/12\/2024122507440611.jpg\",\"width\":358,\"height\":358,\"caption\":\"Good Price 304 Stainless Steel Kitchen Faucet with Chrome Mixer Creative Rotating Inner Window Folding Window Unique Kitchen Tap Design\"},{\"@type\":\"BreadcrumbList\",\"@id\":\"https:\/\/www.yoroow.com\/pt\/pormenor-do-produto\/torneira-para-janela-interior-em-aco-inoxidavel-304-torneira-giratoria-criativa-para-janela-de-cozinha-dobravel\/#breadcrumb\",\"itemListElement\":[{\"@type\":\"ListItem\",\"position\":1,\"name\":\"home\",\"item\":\"https:\/\/www.yoroow.com\/\"},{\"@type\":\"ListItem\",\"position\":2,\"name\":\"Product\",\"item\":\"https:\/\/www.yoroow.com\/product\/\"},{\"@type\":\"ListItem\",\"position\":3,\"name\":\"Good Price 304 Stainless Steel Kitchen Faucet with Chrome Mixer Creative Rotating Inner Window Folding Window Unique Kitchen Tap Design\"}]},{\"@type\":\"WebSite\",\"@id\":\"https:\/\/www.yoroow.com\/pt\/#website\",\"url\":\"https:\/\/www.yoroow.com\/pt\/\",\"name\":\"YOROOW\",\"description\":\"\",\"publisher\":{\"@id\":\"https:\/\/www.yoroow.com\/pt\/#organization\"},\"potentialAction\":[{\"@type\":\"SearchAction\",\"target\":{\"@type\":\"EntryPoint\",\"urlTemplate\":\"https:\/\/www.yoroow.com\/pt\/?s={search_term_string}\"},\"query-input\":{\"@type\":\"PropertyValueSpecification\",\"valueRequired\":true,\"valueName\":\"search_term_string\"}}],\"inLanguage\":\"pt-PT\"},{\"@type\":\"Organization\",\"@id\":\"https:\/\/www.yoroow.com\/pt\/#organization\",\"name\":\"YOROOW\",\"url\":\"https:\/\/www.yoroow.com\/pt\/\",\"logo\":{\"@type\":\"ImageObject\",\"inLanguage\":\"pt-PT\",\"@id\":\"https:\/\/www.yoroow.com\/pt\/#\/schema\/logo\/image\/\",\"url\":\"https:\/\/www.yoroow.com\/wp-content\/uploads\/2024\/12\/2024123007131061.png\",\"contentUrl\":\"https:\/\/www.yoroow.com\/wp-content\/uploads\/2024\/12\/2024123007131061.png\",\"width\":168,\"height\":27,\"caption\":\"YOROOW\"},\"image\":{\"@id\":\"https:\/\/www.yoroow.com\/pt\/#\/schema\/logo\/image\/\"},\"sameAs\":[\"https:\/\/www.facebook.com\/people\/yoroowfaucetfactory\/61564236752362\/\"]}]}<\/script>\n<!-- \/ Yoast SEO Premium plugin. -->","yoast_head_json":{"title":"Good Price 304 Stainless Steel Kitchen Faucet with Chrome Mixer Creative Rotating Inner Window Folding Window Unique Kitchen Tap Design - YOROOW","description":"Good price 304 stainless steel kitchen faucet with chrome mixer and creative rotating design for window folding kitchens. Modern and space-saving. Produced in China with quality assurance, ideal for export to South America and Southeast Asia kitchens requiring innovative faucet designs.","robots":{"index":"index","follow":"follow","max-snippet":"max-snippet:-1","max-image-preview":"max-image-preview:large","max-video-preview":"max-video-preview:-1"},"canonical":"https:\/\/www.yoroow.com\/pt\/pormenor-do-produto\/torneira-para-janela-interior-em-aco-inoxidavel-304-torneira-giratoria-criativa-para-janela-de-cozinha-dobravel\/","og_locale":"pt_PT","og_type":"article","og_title":"Good Price 304 Stainless Steel Kitchen Faucet with Chrome Mixer Creative Rotating Inner Window Folding Window Unique Kitchen Tap Design","og_description":"Good price 304 stainless steel kitchen faucet with chrome mixer and creative rotating design for window folding kitchens. Modern and space-saving. Produced in China with quality assurance, ideal for export to South America and Southeast Asia kitchens requiring innovative faucet designs.","og_url":"https:\/\/www.yoroow.com\/pt\/pormenor-do-produto\/torneira-para-janela-interior-em-aco-inoxidavel-304-torneira-giratoria-criativa-para-janela-de-cozinha-dobravel\/","og_site_name":"YOROOW","article_publisher":"https:\/\/www.facebook.com\/people\/yoroowfaucetfactory\/61564236752362\/","article_modified_time":"2025-05-16T01:16:18+00:00","og_image":[{"width":358,"height":358,"url":"https:\/\/www.yoroow.com\/wp-content\/uploads\/2024\/12\/2024122507440611.jpg","type":"image\/jpeg"}],"twitter_card":"summary_large_image","twitter_misc":{"Est. reading time":"2 minutos"},"schema":{"@context":"https:\/\/schema.org","@graph":[{"@type":"WebPage","@id":"https:\/\/www.yoroow.com\/pt\/pormenor-do-produto\/torneira-para-janela-interior-em-aco-inoxidavel-304-torneira-giratoria-criativa-para-janela-de-cozinha-dobravel\/","url":"https:\/\/www.yoroow.com\/pt\/pormenor-do-produto\/torneira-para-janela-interior-em-aco-inoxidavel-304-torneira-giratoria-criativa-para-janela-de-cozinha-dobravel\/","name":"Good Price 304 Stainless Steel Kitchen Faucet with Chrome Mixer Creative Rotating Inner Window Folding Window Unique Kitchen Tap Design - YOROOW","isPartOf":{"@id":"https:\/\/www.yoroow.com\/pt\/#website"},"primaryImageOfPage":{"@id":"https:\/\/www.yoroow.com\/pt\/pormenor-do-produto\/torneira-para-janela-interior-em-aco-inoxidavel-304-torneira-giratoria-criativa-para-janela-de-cozinha-dobravel\/#primaryimage"},"image":{"@id":"https:\/\/www.yoroow.com\/pt\/pormenor-do-produto\/torneira-para-janela-interior-em-aco-inoxidavel-304-torneira-giratoria-criativa-para-janela-de-cozinha-dobravel\/#primaryimage"},"thumbnailUrl":"https:\/\/www.yoroow.com\/wp-content\/uploads\/2024\/12\/2024122507440611.jpg","datePublished":"2024-12-21T05:52:34+00:00","dateModified":"2025-05-16T01:16:18+00:00","description":"Good price 304 stainless steel kitchen faucet with chrome mixer and creative rotating design for window folding kitchens. Modern and space-saving. Produced in China with quality assurance, ideal for export to South America and Southeast Asia kitchens requiring innovative faucet designs.","breadcrumb":{"@id":"https:\/\/www.yoroow.com\/pt\/pormenor-do-produto\/torneira-para-janela-interior-em-aco-inoxidavel-304-torneira-giratoria-criativa-para-janela-de-cozinha-dobravel\/#breadcrumb"},"inLanguage":"pt-PT","potentialAction":[{"@type":"ReadAction","target":["https:\/\/www.yoroow.com\/pt\/pormenor-do-produto\/torneira-para-janela-interior-em-aco-inoxidavel-304-torneira-giratoria-criativa-para-janela-de-cozinha-dobravel\/"]}]},{"@type":"ImageObject","inLanguage":"pt-PT","@id":"https:\/\/www.yoroow.com\/pt\/pormenor-do-produto\/torneira-para-janela-interior-em-aco-inoxidavel-304-torneira-giratoria-criativa-para-janela-de-cozinha-dobravel\/#primaryimage","url":"https:\/\/www.yoroow.com\/wp-content\/uploads\/2024\/12\/2024122507440611.jpg","contentUrl":"https:\/\/www.yoroow.com\/wp-content\/uploads\/2024\/12\/2024122507440611.jpg","width":358,"height":358,"caption":"Good Price 304 Stainless Steel Kitchen Faucet with Chrome Mixer Creative Rotating Inner Window Folding Window Unique Kitchen Tap Design"},{"@type":"BreadcrumbList","@id":"https:\/\/www.yoroow.com\/pt\/pormenor-do-produto\/torneira-para-janela-interior-em-aco-inoxidavel-304-torneira-giratoria-criativa-para-janela-de-cozinha-dobravel\/#breadcrumb","itemListElement":[{"@type":"ListItem","position":1,"name":"home","item":"https:\/\/www.yoroow.com\/"},{"@type":"ListItem","position":2,"name":"Product","item":"https:\/\/www.yoroow.com\/product\/"},{"@type":"ListItem","position":3,"name":"Good Price 304 Stainless Steel Kitchen Faucet with Chrome Mixer Creative Rotating Inner Window Folding Window Unique Kitchen Tap Design"}]},{"@type":"WebSite","@id":"https:\/\/www.yoroow.com\/pt\/#website","url":"https:\/\/www.yoroow.com\/pt\/","name":"YOROOW","description":"","publisher":{"@id":"https:\/\/www.yoroow.com\/pt\/#organization"},"potentialAction":[{"@type":"SearchAction","target":{"@type":"EntryPoint","urlTemplate":"https:\/\/www.yoroow.com\/pt\/?s={search_term_string}"},"query-input":{"@type":"PropertyValueSpecification","valueRequired":true,"valueName":"search_term_string"}}],"inLanguage":"pt-PT"},{"@type":"Organization","@id":"https:\/\/www.yoroow.com\/pt\/#organization","name":"YOROOW","url":"https:\/\/www.yoroow.com\/pt\/","logo":{"@type":"ImageObject","inLanguage":"pt-PT","@id":"https:\/\/www.yoroow.com\/pt\/#\/schema\/logo\/image\/","url":"https:\/\/www.yoroow.com\/wp-content\/uploads\/2024\/12\/2024123007131061.png","contentUrl":"https:\/\/www.yoroow.com\/wp-content\/uploads\/2024\/12\/2024123007131061.png","width":168,"height":27,"caption":"YOROOW"},"image":{"@id":"https:\/\/www.yoroow.com\/pt\/#\/schema\/logo\/image\/"},"sameAs":["https:\/\/www.facebook.com\/people\/yoroowfaucetfactory\/61564236752362\/"]}]}},"_links":{"self":[{"href":"https:\/\/www.yoroow.com\/pt\/wp-json\/wp\/v2\/product\/5392","targetHints":{"allow":["GET"]}}],"collection":[{"href":"https:\/\/www.yoroow.com\/pt\/wp-json\/wp\/v2\/product"}],"about":[{"href":"https:\/\/www.yoroow.com\/pt\/wp-json\/wp\/v2\/types\/product"}],"wp:featuredmedia":[{"embeddable":true,"href":"https:\/\/www.yoroow.com\/pt\/wp-json\/wp\/v2\/media\/6688"}],"wp:attachment":[{"href":"https:\/\/www.yoroow.com\/pt\/wp-json\/wp\/v2\/media?parent=5392"}],"wp:term":[{"taxonomy":"product_brand","embeddable":true,"href":"https:\/\/www.yoroow.com\/pt\/wp-json\/wp\/v2\/product_brand?post=5392"},{"taxonomy":"product_cat","embeddable":true,"href":"https:\/\/www.yoroow.com\/pt\/wp-json\/wp\/v2\/product_cat?post=5392"},{"taxonomy":"product_tag","embeddable":true,"href":"https:\/\/www.yoroow.com\/pt\/wp-json\/wp\/v2\/product_tag?post=5392"}],"curies":[{"name":"wp","href":"https:\/\/api.w.org\/{rel}","templated":true}]}}