{"id":5315,"date":"2024-12-21T10:15:29","date_gmt":"2024-12-21T02:15:29","guid":{"rendered":"https:\/\/www.yoroow.com\/?post_type=product&#038;p=5315"},"modified":"2025-05-16T09:15:30","modified_gmt":"2025-05-16T01:15:30","slug":"torneira-de-casa-de-banho-manipulo-de-controlo-da-entrada-de-agua-valvula-angular-de-zinco","status":"publish","type":"product","link":"https:\/\/www.yoroow.com\/pt\/pormenor-do-produto\/torneira-de-casa-de-banho-manipulo-de-controlo-da-entrada-de-agua-valvula-angular-de-zinco\/","title":{"rendered":"V\u00e1lvula de paragem angular cromada de design moderno G3\/4 Acess\u00f3rios de torneira de lat\u00e3o para torneiras de casa de banho e cozinha"},"content":{"rendered":"<p>Esta v\u00e1lvula de paragem angular cromada \u00e9 feita de lat\u00e3o de primeira qualidade com um acabamento cromado brilhante, oferecendo um aspeto elegante e moderno para cozinhas e casas de banho. Proporciona um excelente controlo do fluxo de \u00e1gua para torneiras e acess\u00f3rios, e o corpo em lat\u00e3o maci\u00e7o garante uma durabilidade a longo prazo e resist\u00eancia \u00e0 corros\u00e3o. O seu funcionamento de uma s\u00f3 volta \u00e9 ideal para aplica\u00e7\u00f5es residenciais e comerciais onde \u00e9 necess\u00e1rio um acesso f\u00e1cil para fechar a torneira. A v\u00e1lvula foi concebida para uma instala\u00e7\u00e3o simples na parede e adapta-se a sistemas de canaliza\u00e7\u00e3o padr\u00e3o. Com o apoio da experi\u00eancia de fabrico da YOROOW, este produto \u00e9 fabricado numa f\u00e1brica chinesa com um cumprimento rigoroso das normas de qualidade. Com suporte total para marcas OEM e embalagens personaliz\u00e1veis, a YOROOW atende \u00e0s demandas de clientes globais, especialmente na Am\u00e9rica do Sul e no Sudeste Asi\u00e1tico. A cadeia de fornecimento eficiente da empresa, os pre\u00e7os competitivos e o compromisso com a qualidade fazem dela um parceiro de confian\u00e7a para as empresas que procuram acess\u00f3rios para torneiras de elevado desempenho com um design moderno e uma longa vida \u00fatil.<\/p>","protected":false},"excerpt":{"rendered":"<p>Esta v\u00e1lvula de paragem angular cromada \u00e9 feita de lat\u00e3o de primeira qualidade com um acabamento cromado brilhante, oferecendo um aspeto elegante e moderno para cozinhas e casas de banho. Proporciona um excelente controlo do fluxo de \u00e1gua para torneiras e acess\u00f3rios, e o corpo em lat\u00e3o maci\u00e7o garante uma durabilidade a longo prazo e resist\u00eancia \u00e0 corros\u00e3o. O seu funcionamento de uma s\u00f3 volta \u00e9 ideal tanto para...<\/p>","protected":false},"featured_media":6720,"template":"","meta":{"_acf_changed":false,"_kad_post_transparent":"default","_kad_post_title":"","_kad_post_layout":"default","_kad_post_sidebar_id":"","_kad_post_content_style":"default","_kad_post_vertical_padding":"default","_kad_post_feature":"","_kad_post_feature_position":"","_kad_post_header":false,"_kad_post_footer":false},"product_brand":[],"product_cat":[213],"product_tag":[331,689,598],"class_list":{"0":"post-5315","1":"product","2":"type-product","3":"status-publish","4":"has-post-thumbnail","6":"product_cat-3-4-angle-valve","7":"product_tag-brass-angle-valve","8":"product_tag-g3-4-angle-valve","9":"product_tag-stop-angle-valve","11":"first","12":"instock","13":"shipping-taxable","14":"purchasable","15":"product-type-variable","16":"wvs-archive-product-wrapper","17":"entry","18":"content-bg","19":"loop-entry"},"acf":[],"yoast_head":"<!-- This site is optimized with the Yoast SEO Premium plugin v25.4 (Yoast SEO v27.0) - https:\/\/yoast.com\/product\/yoast-seo-premium-wordpress\/ -->\n<title>Modern Design Chrome Angle Stop Valve G3\/4 Brass Faucet Accessories for Bathroom and Kitchen Faucets - YOROOW<\/title>\n<meta name=\"description\" content=\"Modern design chrome angle stop valve for bathroom and kitchen faucets made from brass, offering reliable water flow control. Suitable for maintenance and repair tasks in plumbing systems. Manufactured in China with quality assurance, widely exported to South America and Southeast Asia markets requiring durable valve solutions.\" \/>\n<meta name=\"robots\" content=\"index, follow, max-snippet:-1, max-image-preview:large, max-video-preview:-1\" \/>\n<link rel=\"canonical\" href=\"https:\/\/www.yoroow.com\/pt\/pormenor-do-produto\/torneira-de-casa-de-banho-manipulo-de-controlo-da-entrada-de-agua-valvula-angular-de-zinco\/\" \/>\n<meta property=\"og:locale\" content=\"pt_PT\" \/>\n<meta property=\"og:type\" content=\"article\" \/>\n<meta property=\"og:title\" content=\"Modern Design Chrome Angle Stop Valve G3\/4 Brass Faucet Accessories for Bathroom and Kitchen Faucets\" \/>\n<meta property=\"og:description\" content=\"Modern design chrome angle stop valve for bathroom and kitchen faucets made from brass, offering reliable water flow control. Suitable for maintenance and repair tasks in plumbing systems. Manufactured in China with quality assurance, widely exported to South America and Southeast Asia markets requiring durable valve solutions.\" \/>\n<meta property=\"og:url\" content=\"https:\/\/www.yoroow.com\/pt\/pormenor-do-produto\/torneira-de-casa-de-banho-manipulo-de-controlo-da-entrada-de-agua-valvula-angular-de-zinco\/\" \/>\n<meta property=\"og:site_name\" content=\"YOROOW\" \/>\n<meta property=\"article:publisher\" content=\"https:\/\/www.facebook.com\/people\/yoroowfaucetfactory\/61564236752362\/\" \/>\n<meta property=\"article:modified_time\" content=\"2025-05-16T01:15:30+00:00\" \/>\n<meta property=\"og:image\" content=\"https:\/\/www.yoroow.com\/wp-content\/uploads\/2024\/12\/2024122509303977.jpg\" \/>\n\t<meta property=\"og:image:width\" content=\"800\" \/>\n\t<meta property=\"og:image:height\" content=\"800\" \/>\n\t<meta property=\"og:image:type\" content=\"image\/jpeg\" \/>\n<meta name=\"twitter:card\" content=\"summary_large_image\" \/>\n<meta name=\"twitter:label1\" content=\"Est. reading time\" \/>\n\t<meta name=\"twitter:data1\" content=\"1 minuto\" \/>\n<script type=\"application\/ld+json\" class=\"yoast-schema-graph\">{\"@context\":\"https:\/\/schema.org\",\"@graph\":[{\"@type\":\"WebPage\",\"@id\":\"https:\/\/www.yoroow.com\/pt\/pormenor-do-produto\/torneira-de-casa-de-banho-manipulo-de-controlo-da-entrada-de-agua-valvula-angular-de-zinco\/\",\"url\":\"https:\/\/www.yoroow.com\/pt\/pormenor-do-produto\/torneira-de-casa-de-banho-manipulo-de-controlo-da-entrada-de-agua-valvula-angular-de-zinco\/\",\"name\":\"Modern Design Chrome Angle Stop Valve G3\/4 Brass Faucet Accessories for Bathroom and Kitchen Faucets - YOROOW\",\"isPartOf\":{\"@id\":\"https:\/\/www.yoroow.com\/pt\/#website\"},\"primaryImageOfPage\":{\"@id\":\"https:\/\/www.yoroow.com\/pt\/pormenor-do-produto\/torneira-de-casa-de-banho-manipulo-de-controlo-da-entrada-de-agua-valvula-angular-de-zinco\/#primaryimage\"},\"image\":{\"@id\":\"https:\/\/www.yoroow.com\/pt\/pormenor-do-produto\/torneira-de-casa-de-banho-manipulo-de-controlo-da-entrada-de-agua-valvula-angular-de-zinco\/#primaryimage\"},\"thumbnailUrl\":\"https:\/\/www.yoroow.com\/wp-content\/uploads\/2024\/12\/2024122509303977.jpg\",\"datePublished\":\"2024-12-21T02:15:29+00:00\",\"dateModified\":\"2025-05-16T01:15:30+00:00\",\"description\":\"Modern design chrome angle stop valve for bathroom and kitchen faucets made from brass, offering reliable water flow control. Suitable for maintenance and repair tasks in plumbing systems. Manufactured in China with quality assurance, widely exported to South America and Southeast Asia markets requiring durable valve solutions.\",\"breadcrumb\":{\"@id\":\"https:\/\/www.yoroow.com\/pt\/pormenor-do-produto\/torneira-de-casa-de-banho-manipulo-de-controlo-da-entrada-de-agua-valvula-angular-de-zinco\/#breadcrumb\"},\"inLanguage\":\"pt-PT\",\"potentialAction\":[{\"@type\":\"ReadAction\",\"target\":[\"https:\/\/www.yoroow.com\/pt\/pormenor-do-produto\/torneira-de-casa-de-banho-manipulo-de-controlo-da-entrada-de-agua-valvula-angular-de-zinco\/\"]}]},{\"@type\":\"ImageObject\",\"inLanguage\":\"pt-PT\",\"@id\":\"https:\/\/www.yoroow.com\/pt\/pormenor-do-produto\/torneira-de-casa-de-banho-manipulo-de-controlo-da-entrada-de-agua-valvula-angular-de-zinco\/#primaryimage\",\"url\":\"https:\/\/www.yoroow.com\/wp-content\/uploads\/2024\/12\/2024122509303977.jpg\",\"contentUrl\":\"https:\/\/www.yoroow.com\/wp-content\/uploads\/2024\/12\/2024122509303977.jpg\",\"width\":800,\"height\":800,\"caption\":\"Modern Design Chrome Angle Stop Valve for Bathroom and Kitchen Faucets Brass Faucet Accessories\"},{\"@type\":\"BreadcrumbList\",\"@id\":\"https:\/\/www.yoroow.com\/pt\/pormenor-do-produto\/torneira-de-casa-de-banho-manipulo-de-controlo-da-entrada-de-agua-valvula-angular-de-zinco\/#breadcrumb\",\"itemListElement\":[{\"@type\":\"ListItem\",\"position\":1,\"name\":\"home\",\"item\":\"https:\/\/www.yoroow.com\/\"},{\"@type\":\"ListItem\",\"position\":2,\"name\":\"Product\",\"item\":\"https:\/\/www.yoroow.com\/product\/\"},{\"@type\":\"ListItem\",\"position\":3,\"name\":\"Modern Design Chrome Angle Stop Valve G3\/4 Brass Faucet Accessories for Bathroom and Kitchen Faucets\"}]},{\"@type\":\"WebSite\",\"@id\":\"https:\/\/www.yoroow.com\/pt\/#website\",\"url\":\"https:\/\/www.yoroow.com\/pt\/\",\"name\":\"YOROOW\",\"description\":\"\",\"publisher\":{\"@id\":\"https:\/\/www.yoroow.com\/pt\/#organization\"},\"potentialAction\":[{\"@type\":\"SearchAction\",\"target\":{\"@type\":\"EntryPoint\",\"urlTemplate\":\"https:\/\/www.yoroow.com\/pt\/?s={search_term_string}\"},\"query-input\":{\"@type\":\"PropertyValueSpecification\",\"valueRequired\":true,\"valueName\":\"search_term_string\"}}],\"inLanguage\":\"pt-PT\"},{\"@type\":\"Organization\",\"@id\":\"https:\/\/www.yoroow.com\/pt\/#organization\",\"name\":\"YOROOW\",\"url\":\"https:\/\/www.yoroow.com\/pt\/\",\"logo\":{\"@type\":\"ImageObject\",\"inLanguage\":\"pt-PT\",\"@id\":\"https:\/\/www.yoroow.com\/pt\/#\/schema\/logo\/image\/\",\"url\":\"https:\/\/www.yoroow.com\/wp-content\/uploads\/2024\/12\/2024123007131061.png\",\"contentUrl\":\"https:\/\/www.yoroow.com\/wp-content\/uploads\/2024\/12\/2024123007131061.png\",\"width\":168,\"height\":27,\"caption\":\"YOROOW\"},\"image\":{\"@id\":\"https:\/\/www.yoroow.com\/pt\/#\/schema\/logo\/image\/\"},\"sameAs\":[\"https:\/\/www.facebook.com\/people\/yoroowfaucetfactory\/61564236752362\/\"]}]}<\/script>\n<!-- \/ Yoast SEO Premium plugin. -->","yoast_head_json":{"title":"Modern Design Chrome Angle Stop Valve G3\/4 Brass Faucet Accessories for Bathroom and Kitchen Faucets - YOROOW","description":"Modern design chrome angle stop valve for bathroom and kitchen faucets made from brass, offering reliable water flow control. Suitable for maintenance and repair tasks in plumbing systems. Manufactured in China with quality assurance, widely exported to South America and Southeast Asia markets requiring durable valve solutions.","robots":{"index":"index","follow":"follow","max-snippet":"max-snippet:-1","max-image-preview":"max-image-preview:large","max-video-preview":"max-video-preview:-1"},"canonical":"https:\/\/www.yoroow.com\/pt\/pormenor-do-produto\/torneira-de-casa-de-banho-manipulo-de-controlo-da-entrada-de-agua-valvula-angular-de-zinco\/","og_locale":"pt_PT","og_type":"article","og_title":"Modern Design Chrome Angle Stop Valve G3\/4 Brass Faucet Accessories for Bathroom and Kitchen Faucets","og_description":"Modern design chrome angle stop valve for bathroom and kitchen faucets made from brass, offering reliable water flow control. Suitable for maintenance and repair tasks in plumbing systems. Manufactured in China with quality assurance, widely exported to South America and Southeast Asia markets requiring durable valve solutions.","og_url":"https:\/\/www.yoroow.com\/pt\/pormenor-do-produto\/torneira-de-casa-de-banho-manipulo-de-controlo-da-entrada-de-agua-valvula-angular-de-zinco\/","og_site_name":"YOROOW","article_publisher":"https:\/\/www.facebook.com\/people\/yoroowfaucetfactory\/61564236752362\/","article_modified_time":"2025-05-16T01:15:30+00:00","og_image":[{"width":800,"height":800,"url":"https:\/\/www.yoroow.com\/wp-content\/uploads\/2024\/12\/2024122509303977.jpg","type":"image\/jpeg"}],"twitter_card":"summary_large_image","twitter_misc":{"Est. reading time":"1 minuto"},"schema":{"@context":"https:\/\/schema.org","@graph":[{"@type":"WebPage","@id":"https:\/\/www.yoroow.com\/pt\/pormenor-do-produto\/torneira-de-casa-de-banho-manipulo-de-controlo-da-entrada-de-agua-valvula-angular-de-zinco\/","url":"https:\/\/www.yoroow.com\/pt\/pormenor-do-produto\/torneira-de-casa-de-banho-manipulo-de-controlo-da-entrada-de-agua-valvula-angular-de-zinco\/","name":"Modern Design Chrome Angle Stop Valve G3\/4 Brass Faucet Accessories for Bathroom and Kitchen Faucets - YOROOW","isPartOf":{"@id":"https:\/\/www.yoroow.com\/pt\/#website"},"primaryImageOfPage":{"@id":"https:\/\/www.yoroow.com\/pt\/pormenor-do-produto\/torneira-de-casa-de-banho-manipulo-de-controlo-da-entrada-de-agua-valvula-angular-de-zinco\/#primaryimage"},"image":{"@id":"https:\/\/www.yoroow.com\/pt\/pormenor-do-produto\/torneira-de-casa-de-banho-manipulo-de-controlo-da-entrada-de-agua-valvula-angular-de-zinco\/#primaryimage"},"thumbnailUrl":"https:\/\/www.yoroow.com\/wp-content\/uploads\/2024\/12\/2024122509303977.jpg","datePublished":"2024-12-21T02:15:29+00:00","dateModified":"2025-05-16T01:15:30+00:00","description":"Modern design chrome angle stop valve for bathroom and kitchen faucets made from brass, offering reliable water flow control. Suitable for maintenance and repair tasks in plumbing systems. Manufactured in China with quality assurance, widely exported to South America and Southeast Asia markets requiring durable valve solutions.","breadcrumb":{"@id":"https:\/\/www.yoroow.com\/pt\/pormenor-do-produto\/torneira-de-casa-de-banho-manipulo-de-controlo-da-entrada-de-agua-valvula-angular-de-zinco\/#breadcrumb"},"inLanguage":"pt-PT","potentialAction":[{"@type":"ReadAction","target":["https:\/\/www.yoroow.com\/pt\/pormenor-do-produto\/torneira-de-casa-de-banho-manipulo-de-controlo-da-entrada-de-agua-valvula-angular-de-zinco\/"]}]},{"@type":"ImageObject","inLanguage":"pt-PT","@id":"https:\/\/www.yoroow.com\/pt\/pormenor-do-produto\/torneira-de-casa-de-banho-manipulo-de-controlo-da-entrada-de-agua-valvula-angular-de-zinco\/#primaryimage","url":"https:\/\/www.yoroow.com\/wp-content\/uploads\/2024\/12\/2024122509303977.jpg","contentUrl":"https:\/\/www.yoroow.com\/wp-content\/uploads\/2024\/12\/2024122509303977.jpg","width":800,"height":800,"caption":"Modern Design Chrome Angle Stop Valve for Bathroom and Kitchen Faucets Brass Faucet Accessories"},{"@type":"BreadcrumbList","@id":"https:\/\/www.yoroow.com\/pt\/pormenor-do-produto\/torneira-de-casa-de-banho-manipulo-de-controlo-da-entrada-de-agua-valvula-angular-de-zinco\/#breadcrumb","itemListElement":[{"@type":"ListItem","position":1,"name":"home","item":"https:\/\/www.yoroow.com\/"},{"@type":"ListItem","position":2,"name":"Product","item":"https:\/\/www.yoroow.com\/product\/"},{"@type":"ListItem","position":3,"name":"Modern Design Chrome Angle Stop Valve G3\/4 Brass Faucet Accessories for Bathroom and Kitchen Faucets"}]},{"@type":"WebSite","@id":"https:\/\/www.yoroow.com\/pt\/#website","url":"https:\/\/www.yoroow.com\/pt\/","name":"YOROOW","description":"","publisher":{"@id":"https:\/\/www.yoroow.com\/pt\/#organization"},"potentialAction":[{"@type":"SearchAction","target":{"@type":"EntryPoint","urlTemplate":"https:\/\/www.yoroow.com\/pt\/?s={search_term_string}"},"query-input":{"@type":"PropertyValueSpecification","valueRequired":true,"valueName":"search_term_string"}}],"inLanguage":"pt-PT"},{"@type":"Organization","@id":"https:\/\/www.yoroow.com\/pt\/#organization","name":"YOROOW","url":"https:\/\/www.yoroow.com\/pt\/","logo":{"@type":"ImageObject","inLanguage":"pt-PT","@id":"https:\/\/www.yoroow.com\/pt\/#\/schema\/logo\/image\/","url":"https:\/\/www.yoroow.com\/wp-content\/uploads\/2024\/12\/2024123007131061.png","contentUrl":"https:\/\/www.yoroow.com\/wp-content\/uploads\/2024\/12\/2024123007131061.png","width":168,"height":27,"caption":"YOROOW"},"image":{"@id":"https:\/\/www.yoroow.com\/pt\/#\/schema\/logo\/image\/"},"sameAs":["https:\/\/www.facebook.com\/people\/yoroowfaucetfactory\/61564236752362\/"]}]}},"_links":{"self":[{"href":"https:\/\/www.yoroow.com\/pt\/wp-json\/wp\/v2\/product\/5315","targetHints":{"allow":["GET"]}}],"collection":[{"href":"https:\/\/www.yoroow.com\/pt\/wp-json\/wp\/v2\/product"}],"about":[{"href":"https:\/\/www.yoroow.com\/pt\/wp-json\/wp\/v2\/types\/product"}],"wp:featuredmedia":[{"embeddable":true,"href":"https:\/\/www.yoroow.com\/pt\/wp-json\/wp\/v2\/media\/6720"}],"wp:attachment":[{"href":"https:\/\/www.yoroow.com\/pt\/wp-json\/wp\/v2\/media?parent=5315"}],"wp:term":[{"taxonomy":"product_brand","embeddable":true,"href":"https:\/\/www.yoroow.com\/pt\/wp-json\/wp\/v2\/product_brand?post=5315"},{"taxonomy":"product_cat","embeddable":true,"href":"https:\/\/www.yoroow.com\/pt\/wp-json\/wp\/v2\/product_cat?post=5315"},{"taxonomy":"product_tag","embeddable":true,"href":"https:\/\/www.yoroow.com\/pt\/wp-json\/wp\/v2\/product_tag?post=5315"}],"curies":[{"name":"wp","href":"https:\/\/api.w.org\/{rel}","templated":true}]}}