{"id":4902,"date":"2024-12-20T15:21:08","date_gmt":"2024-12-20T07:21:08","guid":{"rendered":"https:\/\/www.yoroow.com\/?post_type=product&#038;p=4902"},"modified":"2025-05-16T09:14:03","modified_gmt":"2025-05-16T01:14:03","slug":"fabricante-da-china-torneira-de-lavatorio-de-agua-fria-cromada-com-pega-de-zinco-e-corpo-de-zinco-para-casa-de-banho","status":"publish","type":"product","link":"https:\/\/www.yoroow.com\/pt\/pormenor-do-produto\/fabricante-da-china-torneira-de-lavatorio-de-agua-fria-cromada-com-pega-de-zinco-e-corpo-de-zinco-para-casa-de-banho\/","title":{"rendered":"Torneiras de \u00e1gua fria com doseador Torneiras de lavat\u00f3rio multiusos para armaz\u00e9ns Parques Gin\u00e1sios Supermercados Centros comerciais Apartamentos Salas de jantar\/hotelaria"},"content":{"rendered":"<p>This cold water metered faucet is designed for high-traffic areas like warehouses, parks, gyms, supermarkets, malls, and hotels, where water usage needs to be regulated efficiently. The metered design ensures water is dispensed only for a specific amount of time, helping conserve water in commercial and industrial settings. The faucet is made of durable materials, ensuring reliable performance over time. Manufactured in China, YOROOW offers flexible customization options and cost-effective solutions for export to South American and Southeast Asian markets, where environmental concerns and cost-saving measures are priorities.<\/p>","protected":false},"excerpt":{"rendered":"<p>This cold water metered faucet is designed for high-traffic areas like warehouses, parks, gyms, supermarkets, malls, and hotels, where water usage needs to be regulated efficiently. The metered design ensures water is dispensed only for a specific amount of time, helping conserve water in commercial and industrial settings. The faucet is made of durable materials,&#8230;<\/p>","protected":false},"featured_media":5908,"template":"","meta":{"_acf_changed":false,"_kad_post_transparent":"default","_kad_post_title":"","_kad_post_layout":"default","_kad_post_sidebar_id":"","_kad_post_content_style":"default","_kad_post_vertical_padding":"default","_kad_post_feature":"","_kad_post_feature_position":"","_kad_post_header":false,"_kad_post_footer":false},"product_brand":[],"product_cat":[219],"product_tag":[3505,3436],"class_list":{"0":"post-4902","1":"product","2":"type-product","3":"status-publish","4":"has-post-thumbnail","6":"product_cat-single-cold-basin-faucet","7":"product_tag-basin-taps","8":"product_tag-wash-basin-tap","10":"first","11":"instock","12":"shipping-taxable","13":"purchasable","14":"product-type-variable","15":"wvs-archive-product-wrapper","16":"entry","17":"content-bg","18":"loop-entry"},"acf":[],"yoast_head":"<!-- This site is optimized with the Yoast SEO Premium plugin v25.4 (Yoast SEO v27.0) - https:\/\/yoast.com\/product\/yoast-seo-premium-wordpress\/ -->\n<title>Cold Water Metered Faucets Multi-Usage Basin Taps for Warehouses Parks Gyms Supermarkets Malls Apartments Dining\/Hotel Areas - YOROOW<\/title>\n<meta name=\"description\" content=\"Modern Zinc Alloy Single Cold Water Kitchen Faucet offers deck-mounted installation and single-handle operation. Made in China with durable materials and attractive finishes. Exported to South America and Southeast Asia for quality and affordable kitchen plumbing solutions.\" \/>\n<meta name=\"robots\" content=\"index, follow, max-snippet:-1, max-image-preview:large, max-video-preview:-1\" \/>\n<link rel=\"canonical\" href=\"https:\/\/www.yoroow.com\/pt\/pormenor-do-produto\/fabricante-da-china-torneira-de-lavatorio-de-agua-fria-cromada-com-pega-de-zinco-e-corpo-de-zinco-para-casa-de-banho\/\" \/>\n<meta property=\"og:locale\" content=\"pt_PT\" \/>\n<meta property=\"og:type\" content=\"article\" \/>\n<meta property=\"og:title\" content=\"Cold Water Metered Faucets Multi-Usage Basin Taps for Warehouses Parks Gyms Supermarkets Malls Apartments Dining\/Hotel Areas\" \/>\n<meta property=\"og:description\" content=\"Modern Zinc Alloy Single Cold Water Kitchen Faucet offers deck-mounted installation and single-handle operation. Made in China with durable materials and attractive finishes. Exported to South America and Southeast Asia for quality and affordable kitchen plumbing solutions.\" \/>\n<meta property=\"og:url\" content=\"https:\/\/www.yoroow.com\/pt\/pormenor-do-produto\/fabricante-da-china-torneira-de-lavatorio-de-agua-fria-cromada-com-pega-de-zinco-e-corpo-de-zinco-para-casa-de-banho\/\" \/>\n<meta property=\"og:site_name\" content=\"YOROOW\" \/>\n<meta property=\"article:publisher\" content=\"https:\/\/www.facebook.com\/people\/yoroowfaucetfactory\/61564236752362\/\" \/>\n<meta property=\"article:modified_time\" content=\"2025-05-16T01:14:03+00:00\" \/>\n<meta property=\"og:image\" content=\"https:\/\/www.yoroow.com\/wp-content\/uploads\/2024\/12\/2024122109131392-e1739408372804.jpg\" \/>\n\t<meta property=\"og:image:width\" content=\"685\" \/>\n\t<meta property=\"og:image:height\" content=\"685\" \/>\n\t<meta property=\"og:image:type\" content=\"image\/jpeg\" \/>\n<meta name=\"twitter:card\" content=\"summary_large_image\" \/>\n<meta name=\"twitter:label1\" content=\"Est. reading time\" \/>\n\t<meta name=\"twitter:data1\" content=\"1 minuto\" \/>\n<script type=\"application\/ld+json\" class=\"yoast-schema-graph\">{\"@context\":\"https:\/\/schema.org\",\"@graph\":[{\"@type\":\"WebPage\",\"@id\":\"https:\/\/www.yoroow.com\/pt\/pormenor-do-produto\/fabricante-da-china-torneira-de-lavatorio-de-agua-fria-cromada-com-pega-de-zinco-e-corpo-de-zinco-para-casa-de-banho\/\",\"url\":\"https:\/\/www.yoroow.com\/pt\/pormenor-do-produto\/fabricante-da-china-torneira-de-lavatorio-de-agua-fria-cromada-com-pega-de-zinco-e-corpo-de-zinco-para-casa-de-banho\/\",\"name\":\"Cold Water Metered Faucets Multi-Usage Basin Taps for Warehouses Parks Gyms Supermarkets Malls Apartments Dining\/Hotel Areas - YOROOW\",\"isPartOf\":{\"@id\":\"https:\/\/www.yoroow.com\/pt\/#website\"},\"primaryImageOfPage\":{\"@id\":\"https:\/\/www.yoroow.com\/pt\/pormenor-do-produto\/fabricante-da-china-torneira-de-lavatorio-de-agua-fria-cromada-com-pega-de-zinco-e-corpo-de-zinco-para-casa-de-banho\/#primaryimage\"},\"image\":{\"@id\":\"https:\/\/www.yoroow.com\/pt\/pormenor-do-produto\/fabricante-da-china-torneira-de-lavatorio-de-agua-fria-cromada-com-pega-de-zinco-e-corpo-de-zinco-para-casa-de-banho\/#primaryimage\"},\"thumbnailUrl\":\"https:\/\/www.yoroow.com\/wp-content\/uploads\/2024\/12\/2024122109131392-e1739408372804.jpg\",\"datePublished\":\"2024-12-20T07:21:08+00:00\",\"dateModified\":\"2025-05-16T01:14:03+00:00\",\"description\":\"Modern Zinc Alloy Single Cold Water Kitchen Faucet offers deck-mounted installation and single-handle operation. Made in China with durable materials and attractive finishes. Exported to South America and Southeast Asia for quality and affordable kitchen plumbing solutions.\",\"breadcrumb\":{\"@id\":\"https:\/\/www.yoroow.com\/pt\/pormenor-do-produto\/fabricante-da-china-torneira-de-lavatorio-de-agua-fria-cromada-com-pega-de-zinco-e-corpo-de-zinco-para-casa-de-banho\/#breadcrumb\"},\"inLanguage\":\"pt-PT\",\"potentialAction\":[{\"@type\":\"ReadAction\",\"target\":[\"https:\/\/www.yoroow.com\/pt\/pormenor-do-produto\/fabricante-da-china-torneira-de-lavatorio-de-agua-fria-cromada-com-pega-de-zinco-e-corpo-de-zinco-para-casa-de-banho\/\"]}]},{\"@type\":\"ImageObject\",\"inLanguage\":\"pt-PT\",\"@id\":\"https:\/\/www.yoroow.com\/pt\/pormenor-do-produto\/fabricante-da-china-torneira-de-lavatorio-de-agua-fria-cromada-com-pega-de-zinco-e-corpo-de-zinco-para-casa-de-banho\/#primaryimage\",\"url\":\"https:\/\/www.yoroow.com\/wp-content\/uploads\/2024\/12\/2024122109131392-e1739408372804.jpg\",\"contentUrl\":\"https:\/\/www.yoroow.com\/wp-content\/uploads\/2024\/12\/2024122109131392-e1739408372804.jpg\",\"width\":685,\"height\":685,\"caption\":\"Cold Water Metered Faucets Multi-Usage Basin Taps for Warehouses Parks Gyms Supermarkets Malls Apartments Dining\/Hotel Areas\"},{\"@type\":\"BreadcrumbList\",\"@id\":\"https:\/\/www.yoroow.com\/pt\/pormenor-do-produto\/fabricante-da-china-torneira-de-lavatorio-de-agua-fria-cromada-com-pega-de-zinco-e-corpo-de-zinco-para-casa-de-banho\/#breadcrumb\",\"itemListElement\":[{\"@type\":\"ListItem\",\"position\":1,\"name\":\"home\",\"item\":\"https:\/\/www.yoroow.com\/\"},{\"@type\":\"ListItem\",\"position\":2,\"name\":\"Product\",\"item\":\"https:\/\/www.yoroow.com\/product\/\"},{\"@type\":\"ListItem\",\"position\":3,\"name\":\"Cold Water Metered Faucets Multi-Usage Basin Taps for Warehouses Parks Gyms Supermarkets Malls Apartments Dining\/Hotel Areas\"}]},{\"@type\":\"WebSite\",\"@id\":\"https:\/\/www.yoroow.com\/pt\/#website\",\"url\":\"https:\/\/www.yoroow.com\/pt\/\",\"name\":\"YOROOW\",\"description\":\"\",\"publisher\":{\"@id\":\"https:\/\/www.yoroow.com\/pt\/#organization\"},\"potentialAction\":[{\"@type\":\"SearchAction\",\"target\":{\"@type\":\"EntryPoint\",\"urlTemplate\":\"https:\/\/www.yoroow.com\/pt\/?s={search_term_string}\"},\"query-input\":{\"@type\":\"PropertyValueSpecification\",\"valueRequired\":true,\"valueName\":\"search_term_string\"}}],\"inLanguage\":\"pt-PT\"},{\"@type\":\"Organization\",\"@id\":\"https:\/\/www.yoroow.com\/pt\/#organization\",\"name\":\"YOROOW\",\"url\":\"https:\/\/www.yoroow.com\/pt\/\",\"logo\":{\"@type\":\"ImageObject\",\"inLanguage\":\"pt-PT\",\"@id\":\"https:\/\/www.yoroow.com\/pt\/#\/schema\/logo\/image\/\",\"url\":\"https:\/\/www.yoroow.com\/wp-content\/uploads\/2024\/12\/2024123007131061.png\",\"contentUrl\":\"https:\/\/www.yoroow.com\/wp-content\/uploads\/2024\/12\/2024123007131061.png\",\"width\":168,\"height\":27,\"caption\":\"YOROOW\"},\"image\":{\"@id\":\"https:\/\/www.yoroow.com\/pt\/#\/schema\/logo\/image\/\"},\"sameAs\":[\"https:\/\/www.facebook.com\/people\/yoroowfaucetfactory\/61564236752362\/\"]}]}<\/script>\n<!-- \/ Yoast SEO Premium plugin. -->","yoast_head_json":{"title":"Cold Water Metered Faucets Multi-Usage Basin Taps for Warehouses Parks Gyms Supermarkets Malls Apartments Dining\/Hotel Areas - YOROOW","description":"Modern Zinc Alloy Single Cold Water Kitchen Faucet offers deck-mounted installation and single-handle operation. Made in China with durable materials and attractive finishes. Exported to South America and Southeast Asia for quality and affordable kitchen plumbing solutions.","robots":{"index":"index","follow":"follow","max-snippet":"max-snippet:-1","max-image-preview":"max-image-preview:large","max-video-preview":"max-video-preview:-1"},"canonical":"https:\/\/www.yoroow.com\/pt\/pormenor-do-produto\/fabricante-da-china-torneira-de-lavatorio-de-agua-fria-cromada-com-pega-de-zinco-e-corpo-de-zinco-para-casa-de-banho\/","og_locale":"pt_PT","og_type":"article","og_title":"Cold Water Metered Faucets Multi-Usage Basin Taps for Warehouses Parks Gyms Supermarkets Malls Apartments Dining\/Hotel Areas","og_description":"Modern Zinc Alloy Single Cold Water Kitchen Faucet offers deck-mounted installation and single-handle operation. Made in China with durable materials and attractive finishes. Exported to South America and Southeast Asia for quality and affordable kitchen plumbing solutions.","og_url":"https:\/\/www.yoroow.com\/pt\/pormenor-do-produto\/fabricante-da-china-torneira-de-lavatorio-de-agua-fria-cromada-com-pega-de-zinco-e-corpo-de-zinco-para-casa-de-banho\/","og_site_name":"YOROOW","article_publisher":"https:\/\/www.facebook.com\/people\/yoroowfaucetfactory\/61564236752362\/","article_modified_time":"2025-05-16T01:14:03+00:00","og_image":[{"width":685,"height":685,"url":"https:\/\/www.yoroow.com\/wp-content\/uploads\/2024\/12\/2024122109131392-e1739408372804.jpg","type":"image\/jpeg"}],"twitter_card":"summary_large_image","twitter_misc":{"Est. reading time":"1 minuto"},"schema":{"@context":"https:\/\/schema.org","@graph":[{"@type":"WebPage","@id":"https:\/\/www.yoroow.com\/pt\/pormenor-do-produto\/fabricante-da-china-torneira-de-lavatorio-de-agua-fria-cromada-com-pega-de-zinco-e-corpo-de-zinco-para-casa-de-banho\/","url":"https:\/\/www.yoroow.com\/pt\/pormenor-do-produto\/fabricante-da-china-torneira-de-lavatorio-de-agua-fria-cromada-com-pega-de-zinco-e-corpo-de-zinco-para-casa-de-banho\/","name":"Cold Water Metered Faucets Multi-Usage Basin Taps for Warehouses Parks Gyms Supermarkets Malls Apartments Dining\/Hotel Areas - YOROOW","isPartOf":{"@id":"https:\/\/www.yoroow.com\/pt\/#website"},"primaryImageOfPage":{"@id":"https:\/\/www.yoroow.com\/pt\/pormenor-do-produto\/fabricante-da-china-torneira-de-lavatorio-de-agua-fria-cromada-com-pega-de-zinco-e-corpo-de-zinco-para-casa-de-banho\/#primaryimage"},"image":{"@id":"https:\/\/www.yoroow.com\/pt\/pormenor-do-produto\/fabricante-da-china-torneira-de-lavatorio-de-agua-fria-cromada-com-pega-de-zinco-e-corpo-de-zinco-para-casa-de-banho\/#primaryimage"},"thumbnailUrl":"https:\/\/www.yoroow.com\/wp-content\/uploads\/2024\/12\/2024122109131392-e1739408372804.jpg","datePublished":"2024-12-20T07:21:08+00:00","dateModified":"2025-05-16T01:14:03+00:00","description":"Modern Zinc Alloy Single Cold Water Kitchen Faucet offers deck-mounted installation and single-handle operation. Made in China with durable materials and attractive finishes. Exported to South America and Southeast Asia for quality and affordable kitchen plumbing solutions.","breadcrumb":{"@id":"https:\/\/www.yoroow.com\/pt\/pormenor-do-produto\/fabricante-da-china-torneira-de-lavatorio-de-agua-fria-cromada-com-pega-de-zinco-e-corpo-de-zinco-para-casa-de-banho\/#breadcrumb"},"inLanguage":"pt-PT","potentialAction":[{"@type":"ReadAction","target":["https:\/\/www.yoroow.com\/pt\/pormenor-do-produto\/fabricante-da-china-torneira-de-lavatorio-de-agua-fria-cromada-com-pega-de-zinco-e-corpo-de-zinco-para-casa-de-banho\/"]}]},{"@type":"ImageObject","inLanguage":"pt-PT","@id":"https:\/\/www.yoroow.com\/pt\/pormenor-do-produto\/fabricante-da-china-torneira-de-lavatorio-de-agua-fria-cromada-com-pega-de-zinco-e-corpo-de-zinco-para-casa-de-banho\/#primaryimage","url":"https:\/\/www.yoroow.com\/wp-content\/uploads\/2024\/12\/2024122109131392-e1739408372804.jpg","contentUrl":"https:\/\/www.yoroow.com\/wp-content\/uploads\/2024\/12\/2024122109131392-e1739408372804.jpg","width":685,"height":685,"caption":"Cold Water Metered Faucets Multi-Usage Basin Taps for Warehouses Parks Gyms Supermarkets Malls Apartments Dining\/Hotel Areas"},{"@type":"BreadcrumbList","@id":"https:\/\/www.yoroow.com\/pt\/pormenor-do-produto\/fabricante-da-china-torneira-de-lavatorio-de-agua-fria-cromada-com-pega-de-zinco-e-corpo-de-zinco-para-casa-de-banho\/#breadcrumb","itemListElement":[{"@type":"ListItem","position":1,"name":"home","item":"https:\/\/www.yoroow.com\/"},{"@type":"ListItem","position":2,"name":"Product","item":"https:\/\/www.yoroow.com\/product\/"},{"@type":"ListItem","position":3,"name":"Cold Water Metered Faucets Multi-Usage Basin Taps for Warehouses Parks Gyms Supermarkets Malls Apartments Dining\/Hotel Areas"}]},{"@type":"WebSite","@id":"https:\/\/www.yoroow.com\/pt\/#website","url":"https:\/\/www.yoroow.com\/pt\/","name":"YOROOW","description":"","publisher":{"@id":"https:\/\/www.yoroow.com\/pt\/#organization"},"potentialAction":[{"@type":"SearchAction","target":{"@type":"EntryPoint","urlTemplate":"https:\/\/www.yoroow.com\/pt\/?s={search_term_string}"},"query-input":{"@type":"PropertyValueSpecification","valueRequired":true,"valueName":"search_term_string"}}],"inLanguage":"pt-PT"},{"@type":"Organization","@id":"https:\/\/www.yoroow.com\/pt\/#organization","name":"YOROOW","url":"https:\/\/www.yoroow.com\/pt\/","logo":{"@type":"ImageObject","inLanguage":"pt-PT","@id":"https:\/\/www.yoroow.com\/pt\/#\/schema\/logo\/image\/","url":"https:\/\/www.yoroow.com\/wp-content\/uploads\/2024\/12\/2024123007131061.png","contentUrl":"https:\/\/www.yoroow.com\/wp-content\/uploads\/2024\/12\/2024123007131061.png","width":168,"height":27,"caption":"YOROOW"},"image":{"@id":"https:\/\/www.yoroow.com\/pt\/#\/schema\/logo\/image\/"},"sameAs":["https:\/\/www.facebook.com\/people\/yoroowfaucetfactory\/61564236752362\/"]}]}},"_links":{"self":[{"href":"https:\/\/www.yoroow.com\/pt\/wp-json\/wp\/v2\/product\/4902","targetHints":{"allow":["GET"]}}],"collection":[{"href":"https:\/\/www.yoroow.com\/pt\/wp-json\/wp\/v2\/product"}],"about":[{"href":"https:\/\/www.yoroow.com\/pt\/wp-json\/wp\/v2\/types\/product"}],"wp:featuredmedia":[{"embeddable":true,"href":"https:\/\/www.yoroow.com\/pt\/wp-json\/wp\/v2\/media\/5908"}],"wp:attachment":[{"href":"https:\/\/www.yoroow.com\/pt\/wp-json\/wp\/v2\/media?parent=4902"}],"wp:term":[{"taxonomy":"product_brand","embeddable":true,"href":"https:\/\/www.yoroow.com\/pt\/wp-json\/wp\/v2\/product_brand?post=4902"},{"taxonomy":"product_cat","embeddable":true,"href":"https:\/\/www.yoroow.com\/pt\/wp-json\/wp\/v2\/product_cat?post=4902"},{"taxonomy":"product_tag","embeddable":true,"href":"https:\/\/www.yoroow.com\/pt\/wp-json\/wp\/v2\/product_tag?post=4902"}],"curies":[{"name":"wp","href":"https:\/\/api.w.org\/{rel}","templated":true}]}}