{"id":4311,"date":"2024-12-19T13:39:02","date_gmt":"2024-12-19T05:39:02","guid":{"rendered":"https:\/\/www.yoroow.com\/?post_type=product&#038;p=4311"},"modified":"2025-05-16T09:11:55","modified_gmt":"2025-05-16T01:11:55","slug":"design-de-fabrica-torneiras-economicas-contemporaneas-torneiras-de-agua-de-pega-unica-cromadas-torneira-de-agua-para-lavatorio-de-cozinha-montada-no-conves","status":"publish","type":"product","link":"https:\/\/www.yoroow.com\/pt\/pormenor-do-produto\/design-de-fabrica-torneiras-economicas-contemporaneas-torneiras-de-agua-de-pega-unica-cromadas-torneira-de-agua-para-lavatorio-de-cozinha-montada-no-conves\/","title":{"rendered":"Torneira de cozinha de zinco cromado de pega \u00fanica econ\u00f3mica e contempor\u00e2nea Torneira de \u00e1gua fria para lavat\u00f3rio montada no conv\u00e9s Design de f\u00e1brica"},"content":{"rendered":"<p>Torneira de cozinha contempor\u00e2nea econ\u00f3mica de zinco cromado de pega \u00fanica Torneira de pia de \u00e1gua fria montada no conv\u00e9s Design de f\u00e1brica e torneira de cozinha de \u00e1gua fria, a torneira de cozinha de zinco \u00e9 uma adi\u00e7\u00e3o pr\u00e1tica e econ\u00f3mica a qualquer cozinha. O acabamento em zinco cromado acrescenta um toque de eleg\u00e2ncia moderna, enquanto o controlo de uma s\u00f3 pega facilita o ajuste do fluxo de \u00e1gua e da temperatura. A f\u00e1brica chinesa da YOROOW produz estas torneiras com precis\u00e3o, garantindo que cumprem os mais elevados padr\u00f5es de qualidade e durabilidade. As vendas diretas permitem-nos oferecer esta torneira acess\u00edvel a pre\u00e7os competitivos, tornando-a uma excelente op\u00e7\u00e3o para os clientes da Am\u00e9rica do Sul e do Sudeste Asi\u00e1tico que procuram qualidade e valor.                                                                                                                                                                                                                                             |<\/p>","protected":false},"excerpt":{"rendered":"<p>Torneira de cozinha contempor\u00e2nea econ\u00f3mica de zinco cromado de pega \u00fanica Torneira de pia de \u00e1gua fria montada no conv\u00e9s Design de f\u00e1brica e torneira de cozinha de \u00e1gua fria, a torneira de cozinha de zinco \u00e9 uma adi\u00e7\u00e3o pr\u00e1tica e econ\u00f3mica a qualquer cozinha. O acabamento em zinco cromado acrescenta um toque de eleg\u00e2ncia moderna, enquanto o controlo de uma s\u00f3 pega facilita o ajuste do fluxo de \u00e1gua e da temperatura....<\/p>","protected":false},"featured_media":10538,"template":"","meta":{"_acf_changed":false,"_kad_post_transparent":"default","_kad_post_title":"","_kad_post_layout":"default","_kad_post_sidebar_id":"","_kad_post_content_style":"default","_kad_post_vertical_padding":"default","_kad_post_feature":"","_kad_post_feature_position":"","_kad_post_header":false,"_kad_post_footer":false},"product_brand":[],"product_cat":[221],"product_tag":[3137,3081],"class_list":{"0":"post-4311","1":"product","2":"type-product","3":"status-publish","4":"has-post-thumbnail","6":"product_cat-single-cold-kitchen-faucet-kitchen-faucet","7":"product_tag-cold-water-kitchen-faucet","8":"product_tag-zinc-kitchen-faucet","10":"first","11":"instock","12":"shipping-taxable","13":"purchasable","14":"product-type-variable","15":"wvs-archive-product-wrapper","16":"entry","17":"content-bg","18":"loop-entry"},"acf":[],"yoast_head":"<!-- This site is optimized with the Yoast SEO Premium plugin v25.4 (Yoast SEO v27.0) - https:\/\/yoast.com\/product\/yoast-seo-premium-wordpress\/ -->\n<title>Contemporary Economical Single-Handle Chrome-Plated Zinc Kitchen Faucet Deck Mounted Cold Water Sink Faucet Factory Design - YOROOW<\/title>\n<meta name=\"description\" content=\"Contemporary Economical Single-Handle Chrome-Plated Zinc Kitchen Faucet is deck-mounted and designed for cold water sinks. Produced in China with quality plating and cost-effective design. Exported mainly to Brazil and Southeast Asia, meeting demand for affordable kitchen faucets.\" \/>\n<meta name=\"robots\" content=\"index, follow, max-snippet:-1, max-image-preview:large, max-video-preview:-1\" \/>\n<link rel=\"canonical\" href=\"https:\/\/www.yoroow.com\/pt\/pormenor-do-produto\/design-de-fabrica-torneiras-economicas-contemporaneas-torneiras-de-agua-de-pega-unica-cromadas-torneira-de-agua-para-lavatorio-de-cozinha-montada-no-conves\/\" \/>\n<meta property=\"og:locale\" content=\"pt_PT\" \/>\n<meta property=\"og:type\" content=\"article\" \/>\n<meta property=\"og:title\" content=\"Contemporary Economical Single-Handle Chrome-Plated Zinc Kitchen Faucet Deck Mounted Cold Water Sink Faucet Factory Design\" \/>\n<meta property=\"og:description\" content=\"Contemporary Economical Single-Handle Chrome-Plated Zinc Kitchen Faucet is deck-mounted and designed for cold water sinks. Produced in China with quality plating and cost-effective design. Exported mainly to Brazil and Southeast Asia, meeting demand for affordable kitchen faucets.\" \/>\n<meta property=\"og:url\" content=\"https:\/\/www.yoroow.com\/pt\/pormenor-do-produto\/design-de-fabrica-torneiras-economicas-contemporaneas-torneiras-de-agua-de-pega-unica-cromadas-torneira-de-agua-para-lavatorio-de-cozinha-montada-no-conves\/\" \/>\n<meta property=\"og:site_name\" content=\"YOROOW\" \/>\n<meta property=\"article:publisher\" content=\"https:\/\/www.facebook.com\/people\/yoroowfaucetfactory\/61564236752362\/\" \/>\n<meta property=\"article:modified_time\" content=\"2025-05-16T01:11:55+00:00\" \/>\n<meta property=\"og:image\" content=\"https:\/\/www.yoroow.com\/wp-content\/uploads\/2024\/12\/9531A-052A-V60-2.jpg\" \/>\n\t<meta property=\"og:image:width\" content=\"701\" \/>\n\t<meta property=\"og:image:height\" content=\"701\" \/>\n\t<meta property=\"og:image:type\" content=\"image\/jpeg\" \/>\n<meta name=\"twitter:card\" content=\"summary_large_image\" \/>\n<meta name=\"twitter:label1\" content=\"Est. reading time\" \/>\n\t<meta name=\"twitter:data1\" content=\"2 minutos\" \/>\n<script type=\"application\/ld+json\" class=\"yoast-schema-graph\">{\"@context\":\"https:\/\/schema.org\",\"@graph\":[{\"@type\":\"WebPage\",\"@id\":\"https:\/\/www.yoroow.com\/pt\/pormenor-do-produto\/design-de-fabrica-torneiras-economicas-contemporaneas-torneiras-de-agua-de-pega-unica-cromadas-torneira-de-agua-para-lavatorio-de-cozinha-montada-no-conves\/\",\"url\":\"https:\/\/www.yoroow.com\/pt\/pormenor-do-produto\/design-de-fabrica-torneiras-economicas-contemporaneas-torneiras-de-agua-de-pega-unica-cromadas-torneira-de-agua-para-lavatorio-de-cozinha-montada-no-conves\/\",\"name\":\"Contemporary Economical Single-Handle Chrome-Plated Zinc Kitchen Faucet Deck Mounted Cold Water Sink Faucet Factory Design - YOROOW\",\"isPartOf\":{\"@id\":\"https:\/\/www.yoroow.com\/pt\/#website\"},\"primaryImageOfPage\":{\"@id\":\"https:\/\/www.yoroow.com\/pt\/pormenor-do-produto\/design-de-fabrica-torneiras-economicas-contemporaneas-torneiras-de-agua-de-pega-unica-cromadas-torneira-de-agua-para-lavatorio-de-cozinha-montada-no-conves\/#primaryimage\"},\"image\":{\"@id\":\"https:\/\/www.yoroow.com\/pt\/pormenor-do-produto\/design-de-fabrica-torneiras-economicas-contemporaneas-torneiras-de-agua-de-pega-unica-cromadas-torneira-de-agua-para-lavatorio-de-cozinha-montada-no-conves\/#primaryimage\"},\"thumbnailUrl\":\"https:\/\/www.yoroow.com\/wp-content\/uploads\/2024\/12\/9531A-052A-V60-2.jpg\",\"datePublished\":\"2024-12-19T05:39:02+00:00\",\"dateModified\":\"2025-05-16T01:11:55+00:00\",\"description\":\"Contemporary Economical Single-Handle Chrome-Plated Zinc Kitchen Faucet is deck-mounted and designed for cold water sinks. Produced in China with quality plating and cost-effective design. Exported mainly to Brazil and Southeast Asia, meeting demand for affordable kitchen faucets.\",\"breadcrumb\":{\"@id\":\"https:\/\/www.yoroow.com\/pt\/pormenor-do-produto\/design-de-fabrica-torneiras-economicas-contemporaneas-torneiras-de-agua-de-pega-unica-cromadas-torneira-de-agua-para-lavatorio-de-cozinha-montada-no-conves\/#breadcrumb\"},\"inLanguage\":\"pt-PT\",\"potentialAction\":[{\"@type\":\"ReadAction\",\"target\":[\"https:\/\/www.yoroow.com\/pt\/pormenor-do-produto\/design-de-fabrica-torneiras-economicas-contemporaneas-torneiras-de-agua-de-pega-unica-cromadas-torneira-de-agua-para-lavatorio-de-cozinha-montada-no-conves\/\"]}]},{\"@type\":\"ImageObject\",\"inLanguage\":\"pt-PT\",\"@id\":\"https:\/\/www.yoroow.com\/pt\/pormenor-do-produto\/design-de-fabrica-torneiras-economicas-contemporaneas-torneiras-de-agua-de-pega-unica-cromadas-torneira-de-agua-para-lavatorio-de-cozinha-montada-no-conves\/#primaryimage\",\"url\":\"https:\/\/www.yoroow.com\/wp-content\/uploads\/2024\/12\/9531A-052A-V60-2.jpg\",\"contentUrl\":\"https:\/\/www.yoroow.com\/wp-content\/uploads\/2024\/12\/9531A-052A-V60-2.jpg\",\"width\":701,\"height\":701,\"caption\":\"Contemporary Economical Single-Handle Chrome-Plated Zinc Kitchen Faucet Deck Mounted Cold Water Sink Faucet Factory Design\"},{\"@type\":\"BreadcrumbList\",\"@id\":\"https:\/\/www.yoroow.com\/pt\/pormenor-do-produto\/design-de-fabrica-torneiras-economicas-contemporaneas-torneiras-de-agua-de-pega-unica-cromadas-torneira-de-agua-para-lavatorio-de-cozinha-montada-no-conves\/#breadcrumb\",\"itemListElement\":[{\"@type\":\"ListItem\",\"position\":1,\"name\":\"home\",\"item\":\"https:\/\/www.yoroow.com\/\"},{\"@type\":\"ListItem\",\"position\":2,\"name\":\"Product\",\"item\":\"https:\/\/www.yoroow.com\/product\/\"},{\"@type\":\"ListItem\",\"position\":3,\"name\":\"Contemporary Economical Single-Handle Chrome-Plated Zinc Kitchen Faucet Deck Mounted Cold Water Sink Faucet Factory Design\"}]},{\"@type\":\"WebSite\",\"@id\":\"https:\/\/www.yoroow.com\/pt\/#website\",\"url\":\"https:\/\/www.yoroow.com\/pt\/\",\"name\":\"YOROOW\",\"description\":\"\",\"publisher\":{\"@id\":\"https:\/\/www.yoroow.com\/pt\/#organization\"},\"potentialAction\":[{\"@type\":\"SearchAction\",\"target\":{\"@type\":\"EntryPoint\",\"urlTemplate\":\"https:\/\/www.yoroow.com\/pt\/?s={search_term_string}\"},\"query-input\":{\"@type\":\"PropertyValueSpecification\",\"valueRequired\":true,\"valueName\":\"search_term_string\"}}],\"inLanguage\":\"pt-PT\"},{\"@type\":\"Organization\",\"@id\":\"https:\/\/www.yoroow.com\/pt\/#organization\",\"name\":\"YOROOW\",\"url\":\"https:\/\/www.yoroow.com\/pt\/\",\"logo\":{\"@type\":\"ImageObject\",\"inLanguage\":\"pt-PT\",\"@id\":\"https:\/\/www.yoroow.com\/pt\/#\/schema\/logo\/image\/\",\"url\":\"https:\/\/www.yoroow.com\/wp-content\/uploads\/2024\/12\/2024123007131061.png\",\"contentUrl\":\"https:\/\/www.yoroow.com\/wp-content\/uploads\/2024\/12\/2024123007131061.png\",\"width\":168,\"height\":27,\"caption\":\"YOROOW\"},\"image\":{\"@id\":\"https:\/\/www.yoroow.com\/pt\/#\/schema\/logo\/image\/\"},\"sameAs\":[\"https:\/\/www.facebook.com\/people\/yoroowfaucetfactory\/61564236752362\/\"]}]}<\/script>\n<!-- \/ Yoast SEO Premium plugin. -->","yoast_head_json":{"title":"Contemporary Economical Single-Handle Chrome-Plated Zinc Kitchen Faucet Deck Mounted Cold Water Sink Faucet Factory Design - YOROOW","description":"Contemporary Economical Single-Handle Chrome-Plated Zinc Kitchen Faucet is deck-mounted and designed for cold water sinks. Produced in China with quality plating and cost-effective design. Exported mainly to Brazil and Southeast Asia, meeting demand for affordable kitchen faucets.","robots":{"index":"index","follow":"follow","max-snippet":"max-snippet:-1","max-image-preview":"max-image-preview:large","max-video-preview":"max-video-preview:-1"},"canonical":"https:\/\/www.yoroow.com\/pt\/pormenor-do-produto\/design-de-fabrica-torneiras-economicas-contemporaneas-torneiras-de-agua-de-pega-unica-cromadas-torneira-de-agua-para-lavatorio-de-cozinha-montada-no-conves\/","og_locale":"pt_PT","og_type":"article","og_title":"Contemporary Economical Single-Handle Chrome-Plated Zinc Kitchen Faucet Deck Mounted Cold Water Sink Faucet Factory Design","og_description":"Contemporary Economical Single-Handle Chrome-Plated Zinc Kitchen Faucet is deck-mounted and designed for cold water sinks. Produced in China with quality plating and cost-effective design. Exported mainly to Brazil and Southeast Asia, meeting demand for affordable kitchen faucets.","og_url":"https:\/\/www.yoroow.com\/pt\/pormenor-do-produto\/design-de-fabrica-torneiras-economicas-contemporaneas-torneiras-de-agua-de-pega-unica-cromadas-torneira-de-agua-para-lavatorio-de-cozinha-montada-no-conves\/","og_site_name":"YOROOW","article_publisher":"https:\/\/www.facebook.com\/people\/yoroowfaucetfactory\/61564236752362\/","article_modified_time":"2025-05-16T01:11:55+00:00","og_image":[{"width":701,"height":701,"url":"https:\/\/www.yoroow.com\/wp-content\/uploads\/2024\/12\/9531A-052A-V60-2.jpg","type":"image\/jpeg"}],"twitter_card":"summary_large_image","twitter_misc":{"Est. reading time":"2 minutos"},"schema":{"@context":"https:\/\/schema.org","@graph":[{"@type":"WebPage","@id":"https:\/\/www.yoroow.com\/pt\/pormenor-do-produto\/design-de-fabrica-torneiras-economicas-contemporaneas-torneiras-de-agua-de-pega-unica-cromadas-torneira-de-agua-para-lavatorio-de-cozinha-montada-no-conves\/","url":"https:\/\/www.yoroow.com\/pt\/pormenor-do-produto\/design-de-fabrica-torneiras-economicas-contemporaneas-torneiras-de-agua-de-pega-unica-cromadas-torneira-de-agua-para-lavatorio-de-cozinha-montada-no-conves\/","name":"Contemporary Economical Single-Handle Chrome-Plated Zinc Kitchen Faucet Deck Mounted Cold Water Sink Faucet Factory Design - YOROOW","isPartOf":{"@id":"https:\/\/www.yoroow.com\/pt\/#website"},"primaryImageOfPage":{"@id":"https:\/\/www.yoroow.com\/pt\/pormenor-do-produto\/design-de-fabrica-torneiras-economicas-contemporaneas-torneiras-de-agua-de-pega-unica-cromadas-torneira-de-agua-para-lavatorio-de-cozinha-montada-no-conves\/#primaryimage"},"image":{"@id":"https:\/\/www.yoroow.com\/pt\/pormenor-do-produto\/design-de-fabrica-torneiras-economicas-contemporaneas-torneiras-de-agua-de-pega-unica-cromadas-torneira-de-agua-para-lavatorio-de-cozinha-montada-no-conves\/#primaryimage"},"thumbnailUrl":"https:\/\/www.yoroow.com\/wp-content\/uploads\/2024\/12\/9531A-052A-V60-2.jpg","datePublished":"2024-12-19T05:39:02+00:00","dateModified":"2025-05-16T01:11:55+00:00","description":"Contemporary Economical Single-Handle Chrome-Plated Zinc Kitchen Faucet is deck-mounted and designed for cold water sinks. Produced in China with quality plating and cost-effective design. Exported mainly to Brazil and Southeast Asia, meeting demand for affordable kitchen faucets.","breadcrumb":{"@id":"https:\/\/www.yoroow.com\/pt\/pormenor-do-produto\/design-de-fabrica-torneiras-economicas-contemporaneas-torneiras-de-agua-de-pega-unica-cromadas-torneira-de-agua-para-lavatorio-de-cozinha-montada-no-conves\/#breadcrumb"},"inLanguage":"pt-PT","potentialAction":[{"@type":"ReadAction","target":["https:\/\/www.yoroow.com\/pt\/pormenor-do-produto\/design-de-fabrica-torneiras-economicas-contemporaneas-torneiras-de-agua-de-pega-unica-cromadas-torneira-de-agua-para-lavatorio-de-cozinha-montada-no-conves\/"]}]},{"@type":"ImageObject","inLanguage":"pt-PT","@id":"https:\/\/www.yoroow.com\/pt\/pormenor-do-produto\/design-de-fabrica-torneiras-economicas-contemporaneas-torneiras-de-agua-de-pega-unica-cromadas-torneira-de-agua-para-lavatorio-de-cozinha-montada-no-conves\/#primaryimage","url":"https:\/\/www.yoroow.com\/wp-content\/uploads\/2024\/12\/9531A-052A-V60-2.jpg","contentUrl":"https:\/\/www.yoroow.com\/wp-content\/uploads\/2024\/12\/9531A-052A-V60-2.jpg","width":701,"height":701,"caption":"Contemporary Economical Single-Handle Chrome-Plated Zinc Kitchen Faucet Deck Mounted Cold Water Sink Faucet Factory Design"},{"@type":"BreadcrumbList","@id":"https:\/\/www.yoroow.com\/pt\/pormenor-do-produto\/design-de-fabrica-torneiras-economicas-contemporaneas-torneiras-de-agua-de-pega-unica-cromadas-torneira-de-agua-para-lavatorio-de-cozinha-montada-no-conves\/#breadcrumb","itemListElement":[{"@type":"ListItem","position":1,"name":"home","item":"https:\/\/www.yoroow.com\/"},{"@type":"ListItem","position":2,"name":"Product","item":"https:\/\/www.yoroow.com\/product\/"},{"@type":"ListItem","position":3,"name":"Contemporary Economical Single-Handle Chrome-Plated Zinc Kitchen Faucet Deck Mounted Cold Water Sink Faucet Factory Design"}]},{"@type":"WebSite","@id":"https:\/\/www.yoroow.com\/pt\/#website","url":"https:\/\/www.yoroow.com\/pt\/","name":"YOROOW","description":"","publisher":{"@id":"https:\/\/www.yoroow.com\/pt\/#organization"},"potentialAction":[{"@type":"SearchAction","target":{"@type":"EntryPoint","urlTemplate":"https:\/\/www.yoroow.com\/pt\/?s={search_term_string}"},"query-input":{"@type":"PropertyValueSpecification","valueRequired":true,"valueName":"search_term_string"}}],"inLanguage":"pt-PT"},{"@type":"Organization","@id":"https:\/\/www.yoroow.com\/pt\/#organization","name":"YOROOW","url":"https:\/\/www.yoroow.com\/pt\/","logo":{"@type":"ImageObject","inLanguage":"pt-PT","@id":"https:\/\/www.yoroow.com\/pt\/#\/schema\/logo\/image\/","url":"https:\/\/www.yoroow.com\/wp-content\/uploads\/2024\/12\/2024123007131061.png","contentUrl":"https:\/\/www.yoroow.com\/wp-content\/uploads\/2024\/12\/2024123007131061.png","width":168,"height":27,"caption":"YOROOW"},"image":{"@id":"https:\/\/www.yoroow.com\/pt\/#\/schema\/logo\/image\/"},"sameAs":["https:\/\/www.facebook.com\/people\/yoroowfaucetfactory\/61564236752362\/"]}]}},"_links":{"self":[{"href":"https:\/\/www.yoroow.com\/pt\/wp-json\/wp\/v2\/product\/4311","targetHints":{"allow":["GET"]}}],"collection":[{"href":"https:\/\/www.yoroow.com\/pt\/wp-json\/wp\/v2\/product"}],"about":[{"href":"https:\/\/www.yoroow.com\/pt\/wp-json\/wp\/v2\/types\/product"}],"wp:featuredmedia":[{"embeddable":true,"href":"https:\/\/www.yoroow.com\/pt\/wp-json\/wp\/v2\/media\/10538"}],"wp:attachment":[{"href":"https:\/\/www.yoroow.com\/pt\/wp-json\/wp\/v2\/media?parent=4311"}],"wp:term":[{"taxonomy":"product_brand","embeddable":true,"href":"https:\/\/www.yoroow.com\/pt\/wp-json\/wp\/v2\/product_brand?post=4311"},{"taxonomy":"product_cat","embeddable":true,"href":"https:\/\/www.yoroow.com\/pt\/wp-json\/wp\/v2\/product_cat?post=4311"},{"taxonomy":"product_tag","embeddable":true,"href":"https:\/\/www.yoroow.com\/pt\/wp-json\/wp\/v2\/product_tag?post=4311"}],"curies":[{"name":"wp","href":"https:\/\/api.w.org\/{rel}","templated":true}]}}