{"id":2397,"date":"2024-11-27T16:46:31","date_gmt":"2024-11-27T08:46:31","guid":{"rendered":"https:\/\/www.yoroow.com\/?post_type=product&#038;p=2397"},"modified":"2025-05-16T09:11:11","modified_gmt":"2025-05-16T01:11:11","slug":"vendas-diretas-da-fabrica-material-de-aco-inoxidavel-ouro-alto-quadrado-banheiro-bacia-torneira-cascata-banheiro-torneira-de-agua","status":"publish","type":"product","link":"https:\/\/www.yoroow.com\/pt\/pormenor-do-produto\/vendas-diretas-da-fabrica-material-de-aco-inoxidavel-ouro-alto-quadrado-banheiro-bacia-torneira-cascata-banheiro-torneira-de-agua\/","title":{"rendered":"Torneira de lavat\u00f3rio de a\u00e7o inoxid\u00e1vel de orif\u00edcio \u00fanico de alta qualidade Misturador de \u00e1gua quente e fria de design moderno para casa de banho ou escola"},"content":{"rendered":"<p>Torneira de lavat\u00f3rio de a\u00e7o inoxid\u00e1vel de orif\u00edcio \u00fanico de alta qualidade A misturadora de \u00e1gua quente e fria de design moderno de orif\u00edcio \u00fanico para utiliza\u00e7\u00e3o na casa de banho ou na escola combina estilo e praticidade. A torneira \u00e9 fabricada em a\u00e7o inoxid\u00e1vel dur\u00e1vel, garantindo um desempenho duradouro mesmo em ambientes de utiliza\u00e7\u00e3o elevada. O design elegante desta torneira de um s\u00f3 furo, juntamente com um misturador de uma s\u00f3 pega para \u00e1gua quente e fria, oferece um funcionamento f\u00e1cil e uma est\u00e9tica minimalista que se adequa a casas de banho modernas, escolas ou instala\u00e7\u00f5es p\u00fablicas. A f\u00e1brica de torneiras chinesa da YOROOW \u00e9 especializada na produ\u00e7\u00e3o destas torneiras de alta qualidade, garantindo que cada produto cumpre as rigorosas normas de fabrico em termos de desempenho e longevidade. Esta torneira foi concebida com a durabilidade em mente, tornando-a ideal para uso residencial e comercial. Como fornecedor direto da f\u00e1brica, podemos oferecer pre\u00e7os altamente competitivos aos clientes dos mercados da Am\u00e9rica do Sul e do Sudeste Asi\u00e1tico, proporcionando solu\u00e7\u00f5es rent\u00e1veis sem comprometer a qualidade. Concentramo-nos na satisfa\u00e7\u00e3o do cliente, oferecendo um excelente apoio p\u00f3s-venda e flexibilidade para satisfazer os requisitos espec\u00edficos do projeto.<\/p>","protected":false},"excerpt":{"rendered":"<p>High Quality Single-Hole Stainless Steel Basin Faucet Modern Design Single-Handle Hot Cold Water Mixer for bathroom or school use combines style and practicality. The faucet is crafted from durable stainless steel, ensuring long-lasting performance even in high-usage environments. The sleek design of this single-hole faucet, paired with a single-handle mixer for both hot and cold&#8230;<\/p>","protected":false},"featured_media":2403,"template":"","meta":{"_acf_changed":false,"_kad_post_transparent":"default","_kad_post_title":"","_kad_post_layout":"default","_kad_post_sidebar_id":"","_kad_post_content_style":"default","_kad_post_vertical_padding":"default","_kad_post_feature":"","_kad_post_feature_position":"","_kad_post_header":false,"_kad_post_footer":false},"product_brand":[],"product_cat":[238],"product_tag":[5916,5885],"class_list":{"0":"post-2397","1":"product","2":"type-product","3":"status-publish","4":"has-post-thumbnail","6":"product_cat-mixer-basin-faucet","7":"product_tag-hot-and-cold-water-mixer-bathroom-basin-faucet","8":"product_tag-stainless-steel-basin-faucet","10":"first","11":"instock","12":"shipping-taxable","13":"purchasable","14":"product-type-variable","15":"wvs-archive-product-wrapper","16":"entry","17":"content-bg","18":"loop-entry"},"acf":[],"yoast_head":"<!-- This site is optimized with the Yoast SEO Premium plugin v25.4 (Yoast SEO v27.0) - https:\/\/yoast.com\/product\/yoast-seo-premium-wordpress\/ -->\n<title>High Quality Single-Hole Stainless Steel Basin Faucet Modern Design Single-Handle Hot Cold Water Mixer for Bathroom or School - YOROOW<\/title>\n<meta name=\"description\" content=\"High Quality Single-Hole Stainless Steel Basin Faucet features modern design with single-handle hot and cold water mixing for bathrooms or schools. Made from corrosion-resistant stainless steel in China, this basin faucet suits public and private washrooms. Exported primarily to South America and Southeast Asia, supporting bulk orders and OEM.\" \/>\n<meta name=\"robots\" content=\"index, follow, max-snippet:-1, max-image-preview:large, max-video-preview:-1\" \/>\n<link rel=\"canonical\" href=\"https:\/\/www.yoroow.com\/pt\/pormenor-do-produto\/vendas-diretas-da-fabrica-material-de-aco-inoxidavel-ouro-alto-quadrado-banheiro-bacia-torneira-cascata-banheiro-torneira-de-agua\/\" \/>\n<meta property=\"og:locale\" content=\"pt_PT\" \/>\n<meta property=\"og:type\" content=\"article\" \/>\n<meta property=\"og:title\" content=\"High Quality Single-Hole Stainless Steel Basin Faucet Modern Design Single-Handle Hot Cold Water Mixer for Bathroom or School\" \/>\n<meta property=\"og:description\" content=\"High Quality Single-Hole Stainless Steel Basin Faucet features modern design with single-handle hot and cold water mixing for bathrooms or schools. Made from corrosion-resistant stainless steel in China, this basin faucet suits public and private washrooms. Exported primarily to South America and Southeast Asia, supporting bulk orders and OEM.\" \/>\n<meta property=\"og:url\" content=\"https:\/\/www.yoroow.com\/pt\/pormenor-do-produto\/vendas-diretas-da-fabrica-material-de-aco-inoxidavel-ouro-alto-quadrado-banheiro-bacia-torneira-cascata-banheiro-torneira-de-agua\/\" \/>\n<meta property=\"og:site_name\" content=\"YOROOW\" \/>\n<meta property=\"article:publisher\" content=\"https:\/\/www.facebook.com\/people\/yoroowfaucetfactory\/61564236752362\/\" \/>\n<meta property=\"article:modified_time\" content=\"2025-05-16T01:11:11+00:00\" \/>\n<meta property=\"og:image\" content=\"https:\/\/www.yoroow.com\/wp-content\/uploads\/2024\/11\/\u4e3b\u56fe_1-28.jpg\" \/>\n\t<meta property=\"og:image:width\" content=\"630\" \/>\n\t<meta property=\"og:image:height\" content=\"630\" \/>\n\t<meta property=\"og:image:type\" content=\"image\/jpeg\" \/>\n<meta name=\"twitter:card\" content=\"summary_large_image\" \/>\n<meta name=\"twitter:label1\" content=\"Est. reading time\" \/>\n\t<meta name=\"twitter:data1\" content=\"1 minuto\" \/>\n<script type=\"application\/ld+json\" class=\"yoast-schema-graph\">{\"@context\":\"https:\/\/schema.org\",\"@graph\":[{\"@type\":\"WebPage\",\"@id\":\"https:\/\/www.yoroow.com\/pt\/pormenor-do-produto\/vendas-diretas-da-fabrica-material-de-aco-inoxidavel-ouro-alto-quadrado-banheiro-bacia-torneira-cascata-banheiro-torneira-de-agua\/\",\"url\":\"https:\/\/www.yoroow.com\/pt\/pormenor-do-produto\/vendas-diretas-da-fabrica-material-de-aco-inoxidavel-ouro-alto-quadrado-banheiro-bacia-torneira-cascata-banheiro-torneira-de-agua\/\",\"name\":\"High Quality Single-Hole Stainless Steel Basin Faucet Modern Design Single-Handle Hot Cold Water Mixer for Bathroom or School - YOROOW\",\"isPartOf\":{\"@id\":\"https:\/\/www.yoroow.com\/pt\/#website\"},\"primaryImageOfPage\":{\"@id\":\"https:\/\/www.yoroow.com\/pt\/pormenor-do-produto\/vendas-diretas-da-fabrica-material-de-aco-inoxidavel-ouro-alto-quadrado-banheiro-bacia-torneira-cascata-banheiro-torneira-de-agua\/#primaryimage\"},\"image\":{\"@id\":\"https:\/\/www.yoroow.com\/pt\/pormenor-do-produto\/vendas-diretas-da-fabrica-material-de-aco-inoxidavel-ouro-alto-quadrado-banheiro-bacia-torneira-cascata-banheiro-torneira-de-agua\/#primaryimage\"},\"thumbnailUrl\":\"https:\/\/www.yoroow.com\/wp-content\/uploads\/2024\/11\/\u4e3b\u56fe_1-28.jpg\",\"datePublished\":\"2024-11-27T08:46:31+00:00\",\"dateModified\":\"2025-05-16T01:11:11+00:00\",\"description\":\"High Quality Single-Hole Stainless Steel Basin Faucet features modern design with single-handle hot and cold water mixing for bathrooms or schools. Made from corrosion-resistant stainless steel in China, this basin faucet suits public and private washrooms. Exported primarily to South America and Southeast Asia, supporting bulk orders and OEM.\",\"breadcrumb\":{\"@id\":\"https:\/\/www.yoroow.com\/pt\/pormenor-do-produto\/vendas-diretas-da-fabrica-material-de-aco-inoxidavel-ouro-alto-quadrado-banheiro-bacia-torneira-cascata-banheiro-torneira-de-agua\/#breadcrumb\"},\"inLanguage\":\"pt-PT\",\"potentialAction\":[{\"@type\":\"ReadAction\",\"target\":[\"https:\/\/www.yoroow.com\/pt\/pormenor-do-produto\/vendas-diretas-da-fabrica-material-de-aco-inoxidavel-ouro-alto-quadrado-banheiro-bacia-torneira-cascata-banheiro-torneira-de-agua\/\"]}]},{\"@type\":\"ImageObject\",\"inLanguage\":\"pt-PT\",\"@id\":\"https:\/\/www.yoroow.com\/pt\/pormenor-do-produto\/vendas-diretas-da-fabrica-material-de-aco-inoxidavel-ouro-alto-quadrado-banheiro-bacia-torneira-cascata-banheiro-torneira-de-agua\/#primaryimage\",\"url\":\"https:\/\/www.yoroow.com\/wp-content\/uploads\/2024\/11\/\u4e3b\u56fe_1-28.jpg\",\"contentUrl\":\"https:\/\/www.yoroow.com\/wp-content\/uploads\/2024\/11\/\u4e3b\u56fe_1-28.jpg\",\"width\":630,\"height\":630,\"caption\":\"High Quality Single-Hole Stainless Steel Basin Faucet Modern Design Single-Handle Hot Cold Water Mixer for Bathroom or School\"},{\"@type\":\"BreadcrumbList\",\"@id\":\"https:\/\/www.yoroow.com\/pt\/pormenor-do-produto\/vendas-diretas-da-fabrica-material-de-aco-inoxidavel-ouro-alto-quadrado-banheiro-bacia-torneira-cascata-banheiro-torneira-de-agua\/#breadcrumb\",\"itemListElement\":[{\"@type\":\"ListItem\",\"position\":1,\"name\":\"home\",\"item\":\"https:\/\/www.yoroow.com\/\"},{\"@type\":\"ListItem\",\"position\":2,\"name\":\"Product\",\"item\":\"https:\/\/www.yoroow.com\/product\/\"},{\"@type\":\"ListItem\",\"position\":3,\"name\":\"High Quality Single-Hole Stainless Steel Basin Faucet Modern Design Single-Handle Hot Cold Water Mixer for Bathroom or School\"}]},{\"@type\":\"WebSite\",\"@id\":\"https:\/\/www.yoroow.com\/pt\/#website\",\"url\":\"https:\/\/www.yoroow.com\/pt\/\",\"name\":\"YOROOW\",\"description\":\"\",\"publisher\":{\"@id\":\"https:\/\/www.yoroow.com\/pt\/#organization\"},\"potentialAction\":[{\"@type\":\"SearchAction\",\"target\":{\"@type\":\"EntryPoint\",\"urlTemplate\":\"https:\/\/www.yoroow.com\/pt\/?s={search_term_string}\"},\"query-input\":{\"@type\":\"PropertyValueSpecification\",\"valueRequired\":true,\"valueName\":\"search_term_string\"}}],\"inLanguage\":\"pt-PT\"},{\"@type\":\"Organization\",\"@id\":\"https:\/\/www.yoroow.com\/pt\/#organization\",\"name\":\"YOROOW\",\"url\":\"https:\/\/www.yoroow.com\/pt\/\",\"logo\":{\"@type\":\"ImageObject\",\"inLanguage\":\"pt-PT\",\"@id\":\"https:\/\/www.yoroow.com\/pt\/#\/schema\/logo\/image\/\",\"url\":\"https:\/\/www.yoroow.com\/wp-content\/uploads\/2024\/12\/2024123007131061.png\",\"contentUrl\":\"https:\/\/www.yoroow.com\/wp-content\/uploads\/2024\/12\/2024123007131061.png\",\"width\":168,\"height\":27,\"caption\":\"YOROOW\"},\"image\":{\"@id\":\"https:\/\/www.yoroow.com\/pt\/#\/schema\/logo\/image\/\"},\"sameAs\":[\"https:\/\/www.facebook.com\/people\/yoroowfaucetfactory\/61564236752362\/\"]}]}<\/script>\n<!-- \/ Yoast SEO Premium plugin. -->","yoast_head_json":{"title":"High Quality Single-Hole Stainless Steel Basin Faucet Modern Design Single-Handle Hot Cold Water Mixer for Bathroom or School - YOROOW","description":"High Quality Single-Hole Stainless Steel Basin Faucet features modern design with single-handle hot and cold water mixing for bathrooms or schools. Made from corrosion-resistant stainless steel in China, this basin faucet suits public and private washrooms. Exported primarily to South America and Southeast Asia, supporting bulk orders and OEM.","robots":{"index":"index","follow":"follow","max-snippet":"max-snippet:-1","max-image-preview":"max-image-preview:large","max-video-preview":"max-video-preview:-1"},"canonical":"https:\/\/www.yoroow.com\/pt\/pormenor-do-produto\/vendas-diretas-da-fabrica-material-de-aco-inoxidavel-ouro-alto-quadrado-banheiro-bacia-torneira-cascata-banheiro-torneira-de-agua\/","og_locale":"pt_PT","og_type":"article","og_title":"High Quality Single-Hole Stainless Steel Basin Faucet Modern Design Single-Handle Hot Cold Water Mixer for Bathroom or School","og_description":"High Quality Single-Hole Stainless Steel Basin Faucet features modern design with single-handle hot and cold water mixing for bathrooms or schools. Made from corrosion-resistant stainless steel in China, this basin faucet suits public and private washrooms. Exported primarily to South America and Southeast Asia, supporting bulk orders and OEM.","og_url":"https:\/\/www.yoroow.com\/pt\/pormenor-do-produto\/vendas-diretas-da-fabrica-material-de-aco-inoxidavel-ouro-alto-quadrado-banheiro-bacia-torneira-cascata-banheiro-torneira-de-agua\/","og_site_name":"YOROOW","article_publisher":"https:\/\/www.facebook.com\/people\/yoroowfaucetfactory\/61564236752362\/","article_modified_time":"2025-05-16T01:11:11+00:00","og_image":[{"width":630,"height":630,"url":"https:\/\/www.yoroow.com\/wp-content\/uploads\/2024\/11\/\u4e3b\u56fe_1-28.jpg","type":"image\/jpeg"}],"twitter_card":"summary_large_image","twitter_misc":{"Est. reading time":"1 minuto"},"schema":{"@context":"https:\/\/schema.org","@graph":[{"@type":"WebPage","@id":"https:\/\/www.yoroow.com\/pt\/pormenor-do-produto\/vendas-diretas-da-fabrica-material-de-aco-inoxidavel-ouro-alto-quadrado-banheiro-bacia-torneira-cascata-banheiro-torneira-de-agua\/","url":"https:\/\/www.yoroow.com\/pt\/pormenor-do-produto\/vendas-diretas-da-fabrica-material-de-aco-inoxidavel-ouro-alto-quadrado-banheiro-bacia-torneira-cascata-banheiro-torneira-de-agua\/","name":"High Quality Single-Hole Stainless Steel Basin Faucet Modern Design Single-Handle Hot Cold Water Mixer for Bathroom or School - YOROOW","isPartOf":{"@id":"https:\/\/www.yoroow.com\/pt\/#website"},"primaryImageOfPage":{"@id":"https:\/\/www.yoroow.com\/pt\/pormenor-do-produto\/vendas-diretas-da-fabrica-material-de-aco-inoxidavel-ouro-alto-quadrado-banheiro-bacia-torneira-cascata-banheiro-torneira-de-agua\/#primaryimage"},"image":{"@id":"https:\/\/www.yoroow.com\/pt\/pormenor-do-produto\/vendas-diretas-da-fabrica-material-de-aco-inoxidavel-ouro-alto-quadrado-banheiro-bacia-torneira-cascata-banheiro-torneira-de-agua\/#primaryimage"},"thumbnailUrl":"https:\/\/www.yoroow.com\/wp-content\/uploads\/2024\/11\/\u4e3b\u56fe_1-28.jpg","datePublished":"2024-11-27T08:46:31+00:00","dateModified":"2025-05-16T01:11:11+00:00","description":"High Quality Single-Hole Stainless Steel Basin Faucet features modern design with single-handle hot and cold water mixing for bathrooms or schools. Made from corrosion-resistant stainless steel in China, this basin faucet suits public and private washrooms. Exported primarily to South America and Southeast Asia, supporting bulk orders and OEM.","breadcrumb":{"@id":"https:\/\/www.yoroow.com\/pt\/pormenor-do-produto\/vendas-diretas-da-fabrica-material-de-aco-inoxidavel-ouro-alto-quadrado-banheiro-bacia-torneira-cascata-banheiro-torneira-de-agua\/#breadcrumb"},"inLanguage":"pt-PT","potentialAction":[{"@type":"ReadAction","target":["https:\/\/www.yoroow.com\/pt\/pormenor-do-produto\/vendas-diretas-da-fabrica-material-de-aco-inoxidavel-ouro-alto-quadrado-banheiro-bacia-torneira-cascata-banheiro-torneira-de-agua\/"]}]},{"@type":"ImageObject","inLanguage":"pt-PT","@id":"https:\/\/www.yoroow.com\/pt\/pormenor-do-produto\/vendas-diretas-da-fabrica-material-de-aco-inoxidavel-ouro-alto-quadrado-banheiro-bacia-torneira-cascata-banheiro-torneira-de-agua\/#primaryimage","url":"https:\/\/www.yoroow.com\/wp-content\/uploads\/2024\/11\/\u4e3b\u56fe_1-28.jpg","contentUrl":"https:\/\/www.yoroow.com\/wp-content\/uploads\/2024\/11\/\u4e3b\u56fe_1-28.jpg","width":630,"height":630,"caption":"High Quality Single-Hole Stainless Steel Basin Faucet Modern Design Single-Handle Hot Cold Water Mixer for Bathroom or School"},{"@type":"BreadcrumbList","@id":"https:\/\/www.yoroow.com\/pt\/pormenor-do-produto\/vendas-diretas-da-fabrica-material-de-aco-inoxidavel-ouro-alto-quadrado-banheiro-bacia-torneira-cascata-banheiro-torneira-de-agua\/#breadcrumb","itemListElement":[{"@type":"ListItem","position":1,"name":"home","item":"https:\/\/www.yoroow.com\/"},{"@type":"ListItem","position":2,"name":"Product","item":"https:\/\/www.yoroow.com\/product\/"},{"@type":"ListItem","position":3,"name":"High Quality Single-Hole Stainless Steel Basin Faucet Modern Design Single-Handle Hot Cold Water Mixer for Bathroom or School"}]},{"@type":"WebSite","@id":"https:\/\/www.yoroow.com\/pt\/#website","url":"https:\/\/www.yoroow.com\/pt\/","name":"YOROOW","description":"","publisher":{"@id":"https:\/\/www.yoroow.com\/pt\/#organization"},"potentialAction":[{"@type":"SearchAction","target":{"@type":"EntryPoint","urlTemplate":"https:\/\/www.yoroow.com\/pt\/?s={search_term_string}"},"query-input":{"@type":"PropertyValueSpecification","valueRequired":true,"valueName":"search_term_string"}}],"inLanguage":"pt-PT"},{"@type":"Organization","@id":"https:\/\/www.yoroow.com\/pt\/#organization","name":"YOROOW","url":"https:\/\/www.yoroow.com\/pt\/","logo":{"@type":"ImageObject","inLanguage":"pt-PT","@id":"https:\/\/www.yoroow.com\/pt\/#\/schema\/logo\/image\/","url":"https:\/\/www.yoroow.com\/wp-content\/uploads\/2024\/12\/2024123007131061.png","contentUrl":"https:\/\/www.yoroow.com\/wp-content\/uploads\/2024\/12\/2024123007131061.png","width":168,"height":27,"caption":"YOROOW"},"image":{"@id":"https:\/\/www.yoroow.com\/pt\/#\/schema\/logo\/image\/"},"sameAs":["https:\/\/www.facebook.com\/people\/yoroowfaucetfactory\/61564236752362\/"]}]}},"_links":{"self":[{"href":"https:\/\/www.yoroow.com\/pt\/wp-json\/wp\/v2\/product\/2397","targetHints":{"allow":["GET"]}}],"collection":[{"href":"https:\/\/www.yoroow.com\/pt\/wp-json\/wp\/v2\/product"}],"about":[{"href":"https:\/\/www.yoroow.com\/pt\/wp-json\/wp\/v2\/types\/product"}],"wp:featuredmedia":[{"embeddable":true,"href":"https:\/\/www.yoroow.com\/pt\/wp-json\/wp\/v2\/media\/2403"}],"wp:attachment":[{"href":"https:\/\/www.yoroow.com\/pt\/wp-json\/wp\/v2\/media?parent=2397"}],"wp:term":[{"taxonomy":"product_brand","embeddable":true,"href":"https:\/\/www.yoroow.com\/pt\/wp-json\/wp\/v2\/product_brand?post=2397"},{"taxonomy":"product_cat","embeddable":true,"href":"https:\/\/www.yoroow.com\/pt\/wp-json\/wp\/v2\/product_cat?post=2397"},{"taxonomy":"product_tag","embeddable":true,"href":"https:\/\/www.yoroow.com\/pt\/wp-json\/wp\/v2\/product_tag?post=2397"}],"curies":[{"name":"wp","href":"https:\/\/api.w.org\/{rel}","templated":true}]}}