{"id":2300,"date":"2024-11-27T16:00:10","date_gmt":"2024-11-27T08:00:10","guid":{"rendered":"https:\/\/www.yoroow.com\/?post_type=product&#038;p=2300"},"modified":"2025-05-16T09:10:27","modified_gmt":"2025-05-16T01:10:27","slug":"venda-direta-da-fabrica-cromada-misturador-de-cozinha-de-alavanca-unica-agua-fria-torneira-de-parede-de-cozinha-corpo-de-zinco-torneiras-de-agua-de-cozinha","status":"publish","type":"product","link":"https:\/\/www.yoroow.com\/pt\/pormenor-do-produto\/venda-direta-da-fabrica-cromada-misturador-de-cozinha-de-alavanca-unica-agua-fria-torneira-de-parede-de-cozinha-corpo-de-zinco-torneiras-de-agua-de-cozinha\/","title":{"rendered":"F\u00e1brica Venda Direta Torneira de Cozinha de Parede em Lat\u00e3o Antigo Torneira de Cozinha Moderna de Zinco Simples e Fria Acabamento em N\u00edquel EscovadoPuxador Simples"},"content":{"rendered":"<p>Esta torneira de cozinha montada na parede em lat\u00e3o antigo Factory Diret Sale Modern Zinc Single Cold Tap Brushed Nickel Finish foi concebida tendo em mente a est\u00e9tica moderna e a funcionalidade duradoura, tornando-a ideal para diversas aplica\u00e7\u00f5es, como casas, gin\u00e1sios, hot\u00e9is ou casas de banho comerciais. Fabricado diretamente a partir da nossa f\u00e1brica de torneiras na China, este produto apresenta uma sele\u00e7\u00e3o de materiais de primeira qualidade, engenharia de precis\u00e3o e tecnologia fi\u00e1vel de poupan\u00e7a de \u00e1gua. Com um enfoque na excel\u00eancia da exporta\u00e7\u00e3o, especialmente para clientes nos mercados da Am\u00e9rica do Sul e do Sudeste Asi\u00e1tico, a nossa f\u00e1brica assegura a consist\u00eancia da qualidade, pre\u00e7os competitivos e apoia a marca OEM para satisfazer necessidades comerciais \u00fanicas.<\/p>","protected":false},"excerpt":{"rendered":"<p>This Factory Direct Sale Antique Brass Wall Mounted Kitchen Faucet Modern Zinc Single Cold Tap Brushed Nickel Finish is designed with both modern aesthetics and durable functionality in mind, making it ideal for diverse applications such as homes, gyms, hotels, or commercial restrooms. Manufactured directly from our China-based faucet factory, this product showcases premium material&#8230;<\/p>","protected":false},"featured_media":2303,"template":"","meta":{"_acf_changed":false,"_kad_post_transparent":"default","_kad_post_title":"","_kad_post_layout":"default","_kad_post_sidebar_id":"","_kad_post_content_style":"default","_kad_post_vertical_padding":"default","_kad_post_feature":"","_kad_post_feature_position":"","_kad_post_header":false,"_kad_post_footer":false},"product_brand":[],"product_cat":[221,223],"product_tag":[3295,3289],"class_list":{"0":"post-2300","1":"product","2":"type-product","3":"status-publish","4":"has-post-thumbnail","6":"product_cat-single-cold-kitchen-faucet-kitchen-faucet","7":"product_cat-wall-mounted-kitchen-faucet","8":"product_tag-antique-brass-kitchen-taps","9":"product_tag-kitchen-tap-water-and-morden-zinc","11":"first","12":"instock","13":"shipping-taxable","14":"purchasable","15":"product-type-variable","16":"wvs-archive-product-wrapper","17":"entry","18":"content-bg","19":"loop-entry"},"acf":[],"yoast_head":"<!-- This site is optimized with the Yoast SEO Premium plugin v25.4 (Yoast SEO v27.0) - https:\/\/yoast.com\/product\/yoast-seo-premium-wordpress\/ -->\n<title>Factory Direct Sale Antique Brass Wall Mounted Kitchen Faucet Modern Zinc Single Cold Tap Brushed Nickel FinishSingle Handle - YOROOW<\/title>\n<meta name=\"description\" content=\"Antique Brass Wall Mounted Kitchen Faucet combines classic aesthetics with modern zinc alloy construction and brushed nickel finish. Suitable for kitchen and utility areas, this single cold tap offers durability and easy wall mounting. Exported from China to South American and Southeast Asian markets focusing on vintage style kitchen solutions.\" \/>\n<meta name=\"robots\" content=\"index, follow, max-snippet:-1, max-image-preview:large, max-video-preview:-1\" \/>\n<link rel=\"canonical\" href=\"https:\/\/www.yoroow.com\/pt\/pormenor-do-produto\/venda-direta-da-fabrica-cromada-misturador-de-cozinha-de-alavanca-unica-agua-fria-torneira-de-parede-de-cozinha-corpo-de-zinco-torneiras-de-agua-de-cozinha\/\" \/>\n<meta property=\"og:locale\" content=\"pt_PT\" \/>\n<meta property=\"og:type\" content=\"article\" \/>\n<meta property=\"og:title\" content=\"Factory Direct Sale Antique Brass Wall Mounted Kitchen Faucet Modern Zinc Single Cold Tap Brushed Nickel FinishSingle Handle\" \/>\n<meta property=\"og:description\" content=\"Antique Brass Wall Mounted Kitchen Faucet combines classic aesthetics with modern zinc alloy construction and brushed nickel finish. Suitable for kitchen and utility areas, this single cold tap offers durability and easy wall mounting. Exported from China to South American and Southeast Asian markets focusing on vintage style kitchen solutions.\" \/>\n<meta property=\"og:url\" content=\"https:\/\/www.yoroow.com\/pt\/pormenor-do-produto\/venda-direta-da-fabrica-cromada-misturador-de-cozinha-de-alavanca-unica-agua-fria-torneira-de-parede-de-cozinha-corpo-de-zinco-torneiras-de-agua-de-cozinha\/\" \/>\n<meta property=\"og:site_name\" content=\"YOROOW\" \/>\n<meta property=\"article:publisher\" content=\"https:\/\/www.facebook.com\/people\/yoroowfaucetfactory\/61564236752362\/\" \/>\n<meta property=\"article:modified_time\" content=\"2025-05-16T01:10:27+00:00\" \/>\n<meta property=\"og:image\" content=\"https:\/\/www.yoroow.com\/wp-content\/uploads\/2024\/11\/\u4e3b\u56fe_3-2.jpg\" \/>\n\t<meta property=\"og:image:width\" content=\"653\" \/>\n\t<meta property=\"og:image:height\" content=\"653\" \/>\n\t<meta property=\"og:image:type\" content=\"image\/jpeg\" \/>\n<meta name=\"twitter:card\" content=\"summary_large_image\" \/>\n<meta name=\"twitter:label1\" content=\"Est. reading time\" \/>\n\t<meta name=\"twitter:data1\" content=\"1 minuto\" \/>\n<script type=\"application\/ld+json\" class=\"yoast-schema-graph\">{\"@context\":\"https:\/\/schema.org\",\"@graph\":[{\"@type\":\"WebPage\",\"@id\":\"https:\/\/www.yoroow.com\/pt\/pormenor-do-produto\/venda-direta-da-fabrica-cromada-misturador-de-cozinha-de-alavanca-unica-agua-fria-torneira-de-parede-de-cozinha-corpo-de-zinco-torneiras-de-agua-de-cozinha\/\",\"url\":\"https:\/\/www.yoroow.com\/pt\/pormenor-do-produto\/venda-direta-da-fabrica-cromada-misturador-de-cozinha-de-alavanca-unica-agua-fria-torneira-de-parede-de-cozinha-corpo-de-zinco-torneiras-de-agua-de-cozinha\/\",\"name\":\"Factory Direct Sale Antique Brass Wall Mounted Kitchen Faucet Modern Zinc Single Cold Tap Brushed Nickel FinishSingle Handle - YOROOW\",\"isPartOf\":{\"@id\":\"https:\/\/www.yoroow.com\/pt\/#website\"},\"primaryImageOfPage\":{\"@id\":\"https:\/\/www.yoroow.com\/pt\/pormenor-do-produto\/venda-direta-da-fabrica-cromada-misturador-de-cozinha-de-alavanca-unica-agua-fria-torneira-de-parede-de-cozinha-corpo-de-zinco-torneiras-de-agua-de-cozinha\/#primaryimage\"},\"image\":{\"@id\":\"https:\/\/www.yoroow.com\/pt\/pormenor-do-produto\/venda-direta-da-fabrica-cromada-misturador-de-cozinha-de-alavanca-unica-agua-fria-torneira-de-parede-de-cozinha-corpo-de-zinco-torneiras-de-agua-de-cozinha\/#primaryimage\"},\"thumbnailUrl\":\"https:\/\/www.yoroow.com\/wp-content\/uploads\/2024\/11\/\u4e3b\u56fe_3-2.jpg\",\"datePublished\":\"2024-11-27T08:00:10+00:00\",\"dateModified\":\"2025-05-16T01:10:27+00:00\",\"description\":\"Antique Brass Wall Mounted Kitchen Faucet combines classic aesthetics with modern zinc alloy construction and brushed nickel finish. Suitable for kitchen and utility areas, this single cold tap offers durability and easy wall mounting. Exported from China to South American and Southeast Asian markets focusing on vintage style kitchen solutions.\",\"breadcrumb\":{\"@id\":\"https:\/\/www.yoroow.com\/pt\/pormenor-do-produto\/venda-direta-da-fabrica-cromada-misturador-de-cozinha-de-alavanca-unica-agua-fria-torneira-de-parede-de-cozinha-corpo-de-zinco-torneiras-de-agua-de-cozinha\/#breadcrumb\"},\"inLanguage\":\"pt-PT\",\"potentialAction\":[{\"@type\":\"ReadAction\",\"target\":[\"https:\/\/www.yoroow.com\/pt\/pormenor-do-produto\/venda-direta-da-fabrica-cromada-misturador-de-cozinha-de-alavanca-unica-agua-fria-torneira-de-parede-de-cozinha-corpo-de-zinco-torneiras-de-agua-de-cozinha\/\"]}]},{\"@type\":\"ImageObject\",\"inLanguage\":\"pt-PT\",\"@id\":\"https:\/\/www.yoroow.com\/pt\/pormenor-do-produto\/venda-direta-da-fabrica-cromada-misturador-de-cozinha-de-alavanca-unica-agua-fria-torneira-de-parede-de-cozinha-corpo-de-zinco-torneiras-de-agua-de-cozinha\/#primaryimage\",\"url\":\"https:\/\/www.yoroow.com\/wp-content\/uploads\/2024\/11\/\u4e3b\u56fe_3-2.jpg\",\"contentUrl\":\"https:\/\/www.yoroow.com\/wp-content\/uploads\/2024\/11\/\u4e3b\u56fe_3-2.jpg\",\"width\":653,\"height\":653,\"caption\":\"Factory Direct Sale Antique Brass Wall Mounted Kitchen Faucet Modern Zinc Single Cold Tap Brushed Nickel FinishSingle Handle\"},{\"@type\":\"BreadcrumbList\",\"@id\":\"https:\/\/www.yoroow.com\/pt\/pormenor-do-produto\/venda-direta-da-fabrica-cromada-misturador-de-cozinha-de-alavanca-unica-agua-fria-torneira-de-parede-de-cozinha-corpo-de-zinco-torneiras-de-agua-de-cozinha\/#breadcrumb\",\"itemListElement\":[{\"@type\":\"ListItem\",\"position\":1,\"name\":\"home\",\"item\":\"https:\/\/www.yoroow.com\/\"},{\"@type\":\"ListItem\",\"position\":2,\"name\":\"Product\",\"item\":\"https:\/\/www.yoroow.com\/product\/\"},{\"@type\":\"ListItem\",\"position\":3,\"name\":\"Factory Direct Sale Antique Brass Wall Mounted Kitchen Faucet Modern Zinc Single Cold Tap Brushed Nickel FinishSingle Handle\"}]},{\"@type\":\"WebSite\",\"@id\":\"https:\/\/www.yoroow.com\/pt\/#website\",\"url\":\"https:\/\/www.yoroow.com\/pt\/\",\"name\":\"YOROOW\",\"description\":\"\",\"publisher\":{\"@id\":\"https:\/\/www.yoroow.com\/pt\/#organization\"},\"potentialAction\":[{\"@type\":\"SearchAction\",\"target\":{\"@type\":\"EntryPoint\",\"urlTemplate\":\"https:\/\/www.yoroow.com\/pt\/?s={search_term_string}\"},\"query-input\":{\"@type\":\"PropertyValueSpecification\",\"valueRequired\":true,\"valueName\":\"search_term_string\"}}],\"inLanguage\":\"pt-PT\"},{\"@type\":\"Organization\",\"@id\":\"https:\/\/www.yoroow.com\/pt\/#organization\",\"name\":\"YOROOW\",\"url\":\"https:\/\/www.yoroow.com\/pt\/\",\"logo\":{\"@type\":\"ImageObject\",\"inLanguage\":\"pt-PT\",\"@id\":\"https:\/\/www.yoroow.com\/pt\/#\/schema\/logo\/image\/\",\"url\":\"https:\/\/www.yoroow.com\/wp-content\/uploads\/2024\/12\/2024123007131061.png\",\"contentUrl\":\"https:\/\/www.yoroow.com\/wp-content\/uploads\/2024\/12\/2024123007131061.png\",\"width\":168,\"height\":27,\"caption\":\"YOROOW\"},\"image\":{\"@id\":\"https:\/\/www.yoroow.com\/pt\/#\/schema\/logo\/image\/\"},\"sameAs\":[\"https:\/\/www.facebook.com\/people\/yoroowfaucetfactory\/61564236752362\/\"]}]}<\/script>\n<!-- \/ Yoast SEO Premium plugin. -->","yoast_head_json":{"title":"Factory Direct Sale Antique Brass Wall Mounted Kitchen Faucet Modern Zinc Single Cold Tap Brushed Nickel FinishSingle Handle - YOROOW","description":"Antique Brass Wall Mounted Kitchen Faucet combines classic aesthetics with modern zinc alloy construction and brushed nickel finish. Suitable for kitchen and utility areas, this single cold tap offers durability and easy wall mounting. Exported from China to South American and Southeast Asian markets focusing on vintage style kitchen solutions.","robots":{"index":"index","follow":"follow","max-snippet":"max-snippet:-1","max-image-preview":"max-image-preview:large","max-video-preview":"max-video-preview:-1"},"canonical":"https:\/\/www.yoroow.com\/pt\/pormenor-do-produto\/venda-direta-da-fabrica-cromada-misturador-de-cozinha-de-alavanca-unica-agua-fria-torneira-de-parede-de-cozinha-corpo-de-zinco-torneiras-de-agua-de-cozinha\/","og_locale":"pt_PT","og_type":"article","og_title":"Factory Direct Sale Antique Brass Wall Mounted Kitchen Faucet Modern Zinc Single Cold Tap Brushed Nickel FinishSingle Handle","og_description":"Antique Brass Wall Mounted Kitchen Faucet combines classic aesthetics with modern zinc alloy construction and brushed nickel finish. Suitable for kitchen and utility areas, this single cold tap offers durability and easy wall mounting. Exported from China to South American and Southeast Asian markets focusing on vintage style kitchen solutions.","og_url":"https:\/\/www.yoroow.com\/pt\/pormenor-do-produto\/venda-direta-da-fabrica-cromada-misturador-de-cozinha-de-alavanca-unica-agua-fria-torneira-de-parede-de-cozinha-corpo-de-zinco-torneiras-de-agua-de-cozinha\/","og_site_name":"YOROOW","article_publisher":"https:\/\/www.facebook.com\/people\/yoroowfaucetfactory\/61564236752362\/","article_modified_time":"2025-05-16T01:10:27+00:00","og_image":[{"width":653,"height":653,"url":"https:\/\/www.yoroow.com\/wp-content\/uploads\/2024\/11\/\u4e3b\u56fe_3-2.jpg","type":"image\/jpeg"}],"twitter_card":"summary_large_image","twitter_misc":{"Est. reading time":"1 minuto"},"schema":{"@context":"https:\/\/schema.org","@graph":[{"@type":"WebPage","@id":"https:\/\/www.yoroow.com\/pt\/pormenor-do-produto\/venda-direta-da-fabrica-cromada-misturador-de-cozinha-de-alavanca-unica-agua-fria-torneira-de-parede-de-cozinha-corpo-de-zinco-torneiras-de-agua-de-cozinha\/","url":"https:\/\/www.yoroow.com\/pt\/pormenor-do-produto\/venda-direta-da-fabrica-cromada-misturador-de-cozinha-de-alavanca-unica-agua-fria-torneira-de-parede-de-cozinha-corpo-de-zinco-torneiras-de-agua-de-cozinha\/","name":"Factory Direct Sale Antique Brass Wall Mounted Kitchen Faucet Modern Zinc Single Cold Tap Brushed Nickel FinishSingle Handle - YOROOW","isPartOf":{"@id":"https:\/\/www.yoroow.com\/pt\/#website"},"primaryImageOfPage":{"@id":"https:\/\/www.yoroow.com\/pt\/pormenor-do-produto\/venda-direta-da-fabrica-cromada-misturador-de-cozinha-de-alavanca-unica-agua-fria-torneira-de-parede-de-cozinha-corpo-de-zinco-torneiras-de-agua-de-cozinha\/#primaryimage"},"image":{"@id":"https:\/\/www.yoroow.com\/pt\/pormenor-do-produto\/venda-direta-da-fabrica-cromada-misturador-de-cozinha-de-alavanca-unica-agua-fria-torneira-de-parede-de-cozinha-corpo-de-zinco-torneiras-de-agua-de-cozinha\/#primaryimage"},"thumbnailUrl":"https:\/\/www.yoroow.com\/wp-content\/uploads\/2024\/11\/\u4e3b\u56fe_3-2.jpg","datePublished":"2024-11-27T08:00:10+00:00","dateModified":"2025-05-16T01:10:27+00:00","description":"Antique Brass Wall Mounted Kitchen Faucet combines classic aesthetics with modern zinc alloy construction and brushed nickel finish. Suitable for kitchen and utility areas, this single cold tap offers durability and easy wall mounting. Exported from China to South American and Southeast Asian markets focusing on vintage style kitchen solutions.","breadcrumb":{"@id":"https:\/\/www.yoroow.com\/pt\/pormenor-do-produto\/venda-direta-da-fabrica-cromada-misturador-de-cozinha-de-alavanca-unica-agua-fria-torneira-de-parede-de-cozinha-corpo-de-zinco-torneiras-de-agua-de-cozinha\/#breadcrumb"},"inLanguage":"pt-PT","potentialAction":[{"@type":"ReadAction","target":["https:\/\/www.yoroow.com\/pt\/pormenor-do-produto\/venda-direta-da-fabrica-cromada-misturador-de-cozinha-de-alavanca-unica-agua-fria-torneira-de-parede-de-cozinha-corpo-de-zinco-torneiras-de-agua-de-cozinha\/"]}]},{"@type":"ImageObject","inLanguage":"pt-PT","@id":"https:\/\/www.yoroow.com\/pt\/pormenor-do-produto\/venda-direta-da-fabrica-cromada-misturador-de-cozinha-de-alavanca-unica-agua-fria-torneira-de-parede-de-cozinha-corpo-de-zinco-torneiras-de-agua-de-cozinha\/#primaryimage","url":"https:\/\/www.yoroow.com\/wp-content\/uploads\/2024\/11\/\u4e3b\u56fe_3-2.jpg","contentUrl":"https:\/\/www.yoroow.com\/wp-content\/uploads\/2024\/11\/\u4e3b\u56fe_3-2.jpg","width":653,"height":653,"caption":"Factory Direct Sale Antique Brass Wall Mounted Kitchen Faucet Modern Zinc Single Cold Tap Brushed Nickel FinishSingle Handle"},{"@type":"BreadcrumbList","@id":"https:\/\/www.yoroow.com\/pt\/pormenor-do-produto\/venda-direta-da-fabrica-cromada-misturador-de-cozinha-de-alavanca-unica-agua-fria-torneira-de-parede-de-cozinha-corpo-de-zinco-torneiras-de-agua-de-cozinha\/#breadcrumb","itemListElement":[{"@type":"ListItem","position":1,"name":"home","item":"https:\/\/www.yoroow.com\/"},{"@type":"ListItem","position":2,"name":"Product","item":"https:\/\/www.yoroow.com\/product\/"},{"@type":"ListItem","position":3,"name":"Factory Direct Sale Antique Brass Wall Mounted Kitchen Faucet Modern Zinc Single Cold Tap Brushed Nickel FinishSingle Handle"}]},{"@type":"WebSite","@id":"https:\/\/www.yoroow.com\/pt\/#website","url":"https:\/\/www.yoroow.com\/pt\/","name":"YOROOW","description":"","publisher":{"@id":"https:\/\/www.yoroow.com\/pt\/#organization"},"potentialAction":[{"@type":"SearchAction","target":{"@type":"EntryPoint","urlTemplate":"https:\/\/www.yoroow.com\/pt\/?s={search_term_string}"},"query-input":{"@type":"PropertyValueSpecification","valueRequired":true,"valueName":"search_term_string"}}],"inLanguage":"pt-PT"},{"@type":"Organization","@id":"https:\/\/www.yoroow.com\/pt\/#organization","name":"YOROOW","url":"https:\/\/www.yoroow.com\/pt\/","logo":{"@type":"ImageObject","inLanguage":"pt-PT","@id":"https:\/\/www.yoroow.com\/pt\/#\/schema\/logo\/image\/","url":"https:\/\/www.yoroow.com\/wp-content\/uploads\/2024\/12\/2024123007131061.png","contentUrl":"https:\/\/www.yoroow.com\/wp-content\/uploads\/2024\/12\/2024123007131061.png","width":168,"height":27,"caption":"YOROOW"},"image":{"@id":"https:\/\/www.yoroow.com\/pt\/#\/schema\/logo\/image\/"},"sameAs":["https:\/\/www.facebook.com\/people\/yoroowfaucetfactory\/61564236752362\/"]}]}},"_links":{"self":[{"href":"https:\/\/www.yoroow.com\/pt\/wp-json\/wp\/v2\/product\/2300","targetHints":{"allow":["GET"]}}],"collection":[{"href":"https:\/\/www.yoroow.com\/pt\/wp-json\/wp\/v2\/product"}],"about":[{"href":"https:\/\/www.yoroow.com\/pt\/wp-json\/wp\/v2\/types\/product"}],"wp:featuredmedia":[{"embeddable":true,"href":"https:\/\/www.yoroow.com\/pt\/wp-json\/wp\/v2\/media\/2303"}],"wp:attachment":[{"href":"https:\/\/www.yoroow.com\/pt\/wp-json\/wp\/v2\/media?parent=2300"}],"wp:term":[{"taxonomy":"product_brand","embeddable":true,"href":"https:\/\/www.yoroow.com\/pt\/wp-json\/wp\/v2\/product_brand?post=2300"},{"taxonomy":"product_cat","embeddable":true,"href":"https:\/\/www.yoroow.com\/pt\/wp-json\/wp\/v2\/product_cat?post=2300"},{"taxonomy":"product_tag","embeddable":true,"href":"https:\/\/www.yoroow.com\/pt\/wp-json\/wp\/v2\/product_tag?post=2300"}],"curies":[{"name":"wp","href":"https:\/\/api.w.org\/{rel}","templated":true}]}}