{"id":2285,"date":"2024-11-27T15:49:42","date_gmt":"2024-11-27T07:49:42","guid":{"rendered":"https:\/\/www.yoroow.com\/?post_type=product&#038;p=2285"},"modified":"2025-05-16T09:10:25","modified_gmt":"2025-05-16T01:10:25","slug":"torneiras-de-pia-de-cozinha-com-pulverizador-de-puxar-para-baixo-alca-unica-niquel-escovado-puxar-para-fora-torneira-de-cozinha-preco-barato-304-aco-inoxidavel-2","status":"publish","type":"product","link":"https:\/\/www.yoroow.com\/pt\/pormenor-do-produto\/torneiras-de-pia-de-cozinha-com-pulverizador-de-puxar-para-baixo-alca-unica-niquel-escovado-puxar-para-fora-torneira-de-cozinha-preco-barato-304-aco-inoxidavel-2\/","title":{"rendered":"Venda Direta da F\u00e1brica Torneira de Cozinha de Pega \u00danica em A\u00e7o Inoxid\u00e1vel 304 Bica e Torneira Misturadora com Pulverizador para Uso na Pia"},"content":{"rendered":"<p>Esta torneira de cozinha de uma pega em a\u00e7o inoxid\u00e1vel 304 com bica e torneira misturadora com pulverizador de puxar foi concebida com uma est\u00e9tica moderna e uma funcionalidade duradoura em mente, tornando-a ideal para diversas aplica\u00e7\u00f5es, como casas, gin\u00e1sios, hot\u00e9is ou casas de banho comerciais. Fabricado diretamente na nossa f\u00e1brica de torneiras na China, este produto apresenta uma sele\u00e7\u00e3o de materiais de primeira qualidade, engenharia de precis\u00e3o e tecnologia fi\u00e1vel de poupan\u00e7a de \u00e1gua. Com um enfoque na excel\u00eancia da exporta\u00e7\u00e3o, especialmente para clientes nos mercados da Am\u00e9rica do Sul e do Sudeste Asi\u00e1tico, a nossa f\u00e1brica assegura a consist\u00eancia da qualidade, pre\u00e7os competitivos e apoia a marca OEM para satisfazer necessidades comerciais \u00fanicas.<\/p>","protected":false},"excerpt":{"rendered":"<p>This Factory Direct Sale Single Handle Kitchen Faucet 304 Stainless Steel Spout and Mixer Tap with Pull Sprayer is designed with both modern aesthetics and durable functionality in mind, making it ideal for diverse applications such as homes, gyms, hotels, or commercial restrooms. Manufactured directly from our China-based faucet factory, this product showcases premium material&#8230;<\/p>","protected":false},"featured_media":6665,"template":"","meta":{"_acf_changed":false,"_kad_post_transparent":"default","_kad_post_title":"","_kad_post_layout":"default","_kad_post_sidebar_id":"","_kad_post_content_style":"default","_kad_post_vertical_padding":"default","_kad_post_feature":"","_kad_post_feature_position":"","_kad_post_header":false,"_kad_post_footer":false},"product_brand":[],"product_cat":[246],"product_tag":[3094,5588],"class_list":{"0":"post-2285","1":"product","2":"type-product","3":"status-publish","4":"has-post-thumbnail","6":"product_cat-mixer-kitchen-faucet","7":"product_tag-kitchen-faucet-stainless-steel-spout","8":"product_tag-kitchen-sink-faucets-mixer-tap","10":"first","11":"instock","12":"shipping-taxable","13":"purchasable","14":"product-type-variable","15":"wvs-archive-product-wrapper","16":"entry","17":"content-bg","18":"loop-entry"},"acf":[],"yoast_head":"<!-- This site is optimized with the Yoast SEO Premium plugin v25.4 (Yoast SEO v27.0) - https:\/\/yoast.com\/product\/yoast-seo-premium-wordpress\/ -->\n<title>Factory Direct Sale Single Handle Kitchen Faucet 304 Stainless Steel Spout and Mixer Tap with Pull Sprayer for Sink Use - YOROOW<\/title>\n<meta name=\"description\" content=\"Factory Direct Sale Single Handle Kitchen Faucet made of 304 stainless steel with a pull sprayer provides reliable water flow and long-lasting corrosion resistance. Suitable for kitchen sinks in homes and restaurants. Chinese factory offers OEM customization, supporting large orders for export markets in Brazil, Peru, and Malaysia.\" \/>\n<meta name=\"robots\" content=\"index, follow, max-snippet:-1, max-image-preview:large, max-video-preview:-1\" \/>\n<link rel=\"canonical\" href=\"https:\/\/www.yoroow.com\/pt\/pormenor-do-produto\/torneiras-de-pia-de-cozinha-com-pulverizador-de-puxar-para-baixo-alca-unica-niquel-escovado-puxar-para-fora-torneira-de-cozinha-preco-barato-304-aco-inoxidavel-2\/\" \/>\n<meta property=\"og:locale\" content=\"pt_PT\" \/>\n<meta property=\"og:type\" content=\"article\" \/>\n<meta property=\"og:title\" content=\"Factory Direct Sale Single Handle Kitchen Faucet 304 Stainless Steel Spout and Mixer Tap with Pull Sprayer for Sink Use\" \/>\n<meta property=\"og:description\" content=\"Factory Direct Sale Single Handle Kitchen Faucet made of 304 stainless steel with a pull sprayer provides reliable water flow and long-lasting corrosion resistance. Suitable for kitchen sinks in homes and restaurants. Chinese factory offers OEM customization, supporting large orders for export markets in Brazil, Peru, and Malaysia.\" \/>\n<meta property=\"og:url\" content=\"https:\/\/www.yoroow.com\/pt\/pormenor-do-produto\/torneiras-de-pia-de-cozinha-com-pulverizador-de-puxar-para-baixo-alca-unica-niquel-escovado-puxar-para-fora-torneira-de-cozinha-preco-barato-304-aco-inoxidavel-2\/\" \/>\n<meta property=\"og:site_name\" content=\"YOROOW\" \/>\n<meta property=\"article:publisher\" content=\"https:\/\/www.facebook.com\/people\/yoroowfaucetfactory\/61564236752362\/\" \/>\n<meta property=\"article:modified_time\" content=\"2025-05-16T01:10:25+00:00\" \/>\n<meta property=\"og:image\" content=\"https:\/\/www.yoroow.com\/wp-content\/uploads\/2024\/11\/2024122500524620.jpg\" \/>\n\t<meta property=\"og:image:width\" content=\"800\" \/>\n\t<meta property=\"og:image:height\" content=\"800\" \/>\n\t<meta property=\"og:image:type\" content=\"image\/jpeg\" \/>\n<meta name=\"twitter:card\" content=\"summary_large_image\" \/>\n<meta name=\"twitter:label1\" content=\"Est. reading time\" \/>\n\t<meta name=\"twitter:data1\" content=\"1 minuto\" \/>\n<script type=\"application\/ld+json\" class=\"yoast-schema-graph\">{\"@context\":\"https:\/\/schema.org\",\"@graph\":[{\"@type\":\"WebPage\",\"@id\":\"https:\/\/www.yoroow.com\/pt\/pormenor-do-produto\/torneiras-de-pia-de-cozinha-com-pulverizador-de-puxar-para-baixo-alca-unica-niquel-escovado-puxar-para-fora-torneira-de-cozinha-preco-barato-304-aco-inoxidavel-2\/\",\"url\":\"https:\/\/www.yoroow.com\/pt\/pormenor-do-produto\/torneiras-de-pia-de-cozinha-com-pulverizador-de-puxar-para-baixo-alca-unica-niquel-escovado-puxar-para-fora-torneira-de-cozinha-preco-barato-304-aco-inoxidavel-2\/\",\"name\":\"Factory Direct Sale Single Handle Kitchen Faucet 304 Stainless Steel Spout and Mixer Tap with Pull Sprayer for Sink Use - YOROOW\",\"isPartOf\":{\"@id\":\"https:\/\/www.yoroow.com\/pt\/#website\"},\"primaryImageOfPage\":{\"@id\":\"https:\/\/www.yoroow.com\/pt\/pormenor-do-produto\/torneiras-de-pia-de-cozinha-com-pulverizador-de-puxar-para-baixo-alca-unica-niquel-escovado-puxar-para-fora-torneira-de-cozinha-preco-barato-304-aco-inoxidavel-2\/#primaryimage\"},\"image\":{\"@id\":\"https:\/\/www.yoroow.com\/pt\/pormenor-do-produto\/torneiras-de-pia-de-cozinha-com-pulverizador-de-puxar-para-baixo-alca-unica-niquel-escovado-puxar-para-fora-torneira-de-cozinha-preco-barato-304-aco-inoxidavel-2\/#primaryimage\"},\"thumbnailUrl\":\"https:\/\/www.yoroow.com\/wp-content\/uploads\/2024\/11\/2024122500524620.jpg\",\"datePublished\":\"2024-11-27T07:49:42+00:00\",\"dateModified\":\"2025-05-16T01:10:25+00:00\",\"description\":\"Factory Direct Sale Single Handle Kitchen Faucet made of 304 stainless steel with a pull sprayer provides reliable water flow and long-lasting corrosion resistance. Suitable for kitchen sinks in homes and restaurants. Chinese factory offers OEM customization, supporting large orders for export markets in Brazil, Peru, and Malaysia.\",\"breadcrumb\":{\"@id\":\"https:\/\/www.yoroow.com\/pt\/pormenor-do-produto\/torneiras-de-pia-de-cozinha-com-pulverizador-de-puxar-para-baixo-alca-unica-niquel-escovado-puxar-para-fora-torneira-de-cozinha-preco-barato-304-aco-inoxidavel-2\/#breadcrumb\"},\"inLanguage\":\"pt-PT\",\"potentialAction\":[{\"@type\":\"ReadAction\",\"target\":[\"https:\/\/www.yoroow.com\/pt\/pormenor-do-produto\/torneiras-de-pia-de-cozinha-com-pulverizador-de-puxar-para-baixo-alca-unica-niquel-escovado-puxar-para-fora-torneira-de-cozinha-preco-barato-304-aco-inoxidavel-2\/\"]}]},{\"@type\":\"ImageObject\",\"inLanguage\":\"pt-PT\",\"@id\":\"https:\/\/www.yoroow.com\/pt\/pormenor-do-produto\/torneiras-de-pia-de-cozinha-com-pulverizador-de-puxar-para-baixo-alca-unica-niquel-escovado-puxar-para-fora-torneira-de-cozinha-preco-barato-304-aco-inoxidavel-2\/#primaryimage\",\"url\":\"https:\/\/www.yoroow.com\/wp-content\/uploads\/2024\/11\/2024122500524620.jpg\",\"contentUrl\":\"https:\/\/www.yoroow.com\/wp-content\/uploads\/2024\/11\/2024122500524620.jpg\",\"width\":800,\"height\":800,\"caption\":\"Factory Direct Sale Single Handle Kitchen Faucet 304 Stainless Steel Spout and Mixer Tap with Pull Sprayer for Sink Use\"},{\"@type\":\"BreadcrumbList\",\"@id\":\"https:\/\/www.yoroow.com\/pt\/pormenor-do-produto\/torneiras-de-pia-de-cozinha-com-pulverizador-de-puxar-para-baixo-alca-unica-niquel-escovado-puxar-para-fora-torneira-de-cozinha-preco-barato-304-aco-inoxidavel-2\/#breadcrumb\",\"itemListElement\":[{\"@type\":\"ListItem\",\"position\":1,\"name\":\"home\",\"item\":\"https:\/\/www.yoroow.com\/\"},{\"@type\":\"ListItem\",\"position\":2,\"name\":\"Product\",\"item\":\"https:\/\/www.yoroow.com\/product\/\"},{\"@type\":\"ListItem\",\"position\":3,\"name\":\"Factory Direct Sale Single Handle Kitchen Faucet 304 Stainless Steel Spout and Mixer Tap with Pull Sprayer for Sink Use\"}]},{\"@type\":\"WebSite\",\"@id\":\"https:\/\/www.yoroow.com\/pt\/#website\",\"url\":\"https:\/\/www.yoroow.com\/pt\/\",\"name\":\"YOROOW\",\"description\":\"\",\"publisher\":{\"@id\":\"https:\/\/www.yoroow.com\/pt\/#organization\"},\"potentialAction\":[{\"@type\":\"SearchAction\",\"target\":{\"@type\":\"EntryPoint\",\"urlTemplate\":\"https:\/\/www.yoroow.com\/pt\/?s={search_term_string}\"},\"query-input\":{\"@type\":\"PropertyValueSpecification\",\"valueRequired\":true,\"valueName\":\"search_term_string\"}}],\"inLanguage\":\"pt-PT\"},{\"@type\":\"Organization\",\"@id\":\"https:\/\/www.yoroow.com\/pt\/#organization\",\"name\":\"YOROOW\",\"url\":\"https:\/\/www.yoroow.com\/pt\/\",\"logo\":{\"@type\":\"ImageObject\",\"inLanguage\":\"pt-PT\",\"@id\":\"https:\/\/www.yoroow.com\/pt\/#\/schema\/logo\/image\/\",\"url\":\"https:\/\/www.yoroow.com\/wp-content\/uploads\/2024\/12\/2024123007131061.png\",\"contentUrl\":\"https:\/\/www.yoroow.com\/wp-content\/uploads\/2024\/12\/2024123007131061.png\",\"width\":168,\"height\":27,\"caption\":\"YOROOW\"},\"image\":{\"@id\":\"https:\/\/www.yoroow.com\/pt\/#\/schema\/logo\/image\/\"},\"sameAs\":[\"https:\/\/www.facebook.com\/people\/yoroowfaucetfactory\/61564236752362\/\"]}]}<\/script>\n<!-- \/ Yoast SEO Premium plugin. -->","yoast_head_json":{"title":"Factory Direct Sale Single Handle Kitchen Faucet 304 Stainless Steel Spout and Mixer Tap with Pull Sprayer for Sink Use - YOROOW","description":"Factory Direct Sale Single Handle Kitchen Faucet made of 304 stainless steel with a pull sprayer provides reliable water flow and long-lasting corrosion resistance. Suitable for kitchen sinks in homes and restaurants. Chinese factory offers OEM customization, supporting large orders for export markets in Brazil, Peru, and Malaysia.","robots":{"index":"index","follow":"follow","max-snippet":"max-snippet:-1","max-image-preview":"max-image-preview:large","max-video-preview":"max-video-preview:-1"},"canonical":"https:\/\/www.yoroow.com\/pt\/pormenor-do-produto\/torneiras-de-pia-de-cozinha-com-pulverizador-de-puxar-para-baixo-alca-unica-niquel-escovado-puxar-para-fora-torneira-de-cozinha-preco-barato-304-aco-inoxidavel-2\/","og_locale":"pt_PT","og_type":"article","og_title":"Factory Direct Sale Single Handle Kitchen Faucet 304 Stainless Steel Spout and Mixer Tap with Pull Sprayer for Sink Use","og_description":"Factory Direct Sale Single Handle Kitchen Faucet made of 304 stainless steel with a pull sprayer provides reliable water flow and long-lasting corrosion resistance. Suitable for kitchen sinks in homes and restaurants. Chinese factory offers OEM customization, supporting large orders for export markets in Brazil, Peru, and Malaysia.","og_url":"https:\/\/www.yoroow.com\/pt\/pormenor-do-produto\/torneiras-de-pia-de-cozinha-com-pulverizador-de-puxar-para-baixo-alca-unica-niquel-escovado-puxar-para-fora-torneira-de-cozinha-preco-barato-304-aco-inoxidavel-2\/","og_site_name":"YOROOW","article_publisher":"https:\/\/www.facebook.com\/people\/yoroowfaucetfactory\/61564236752362\/","article_modified_time":"2025-05-16T01:10:25+00:00","og_image":[{"width":800,"height":800,"url":"https:\/\/www.yoroow.com\/wp-content\/uploads\/2024\/11\/2024122500524620.jpg","type":"image\/jpeg"}],"twitter_card":"summary_large_image","twitter_misc":{"Est. reading time":"1 minuto"},"schema":{"@context":"https:\/\/schema.org","@graph":[{"@type":"WebPage","@id":"https:\/\/www.yoroow.com\/pt\/pormenor-do-produto\/torneiras-de-pia-de-cozinha-com-pulverizador-de-puxar-para-baixo-alca-unica-niquel-escovado-puxar-para-fora-torneira-de-cozinha-preco-barato-304-aco-inoxidavel-2\/","url":"https:\/\/www.yoroow.com\/pt\/pormenor-do-produto\/torneiras-de-pia-de-cozinha-com-pulverizador-de-puxar-para-baixo-alca-unica-niquel-escovado-puxar-para-fora-torneira-de-cozinha-preco-barato-304-aco-inoxidavel-2\/","name":"Factory Direct Sale Single Handle Kitchen Faucet 304 Stainless Steel Spout and Mixer Tap with Pull Sprayer for Sink Use - YOROOW","isPartOf":{"@id":"https:\/\/www.yoroow.com\/pt\/#website"},"primaryImageOfPage":{"@id":"https:\/\/www.yoroow.com\/pt\/pormenor-do-produto\/torneiras-de-pia-de-cozinha-com-pulverizador-de-puxar-para-baixo-alca-unica-niquel-escovado-puxar-para-fora-torneira-de-cozinha-preco-barato-304-aco-inoxidavel-2\/#primaryimage"},"image":{"@id":"https:\/\/www.yoroow.com\/pt\/pormenor-do-produto\/torneiras-de-pia-de-cozinha-com-pulverizador-de-puxar-para-baixo-alca-unica-niquel-escovado-puxar-para-fora-torneira-de-cozinha-preco-barato-304-aco-inoxidavel-2\/#primaryimage"},"thumbnailUrl":"https:\/\/www.yoroow.com\/wp-content\/uploads\/2024\/11\/2024122500524620.jpg","datePublished":"2024-11-27T07:49:42+00:00","dateModified":"2025-05-16T01:10:25+00:00","description":"Factory Direct Sale Single Handle Kitchen Faucet made of 304 stainless steel with a pull sprayer provides reliable water flow and long-lasting corrosion resistance. Suitable for kitchen sinks in homes and restaurants. Chinese factory offers OEM customization, supporting large orders for export markets in Brazil, Peru, and Malaysia.","breadcrumb":{"@id":"https:\/\/www.yoroow.com\/pt\/pormenor-do-produto\/torneiras-de-pia-de-cozinha-com-pulverizador-de-puxar-para-baixo-alca-unica-niquel-escovado-puxar-para-fora-torneira-de-cozinha-preco-barato-304-aco-inoxidavel-2\/#breadcrumb"},"inLanguage":"pt-PT","potentialAction":[{"@type":"ReadAction","target":["https:\/\/www.yoroow.com\/pt\/pormenor-do-produto\/torneiras-de-pia-de-cozinha-com-pulverizador-de-puxar-para-baixo-alca-unica-niquel-escovado-puxar-para-fora-torneira-de-cozinha-preco-barato-304-aco-inoxidavel-2\/"]}]},{"@type":"ImageObject","inLanguage":"pt-PT","@id":"https:\/\/www.yoroow.com\/pt\/pormenor-do-produto\/torneiras-de-pia-de-cozinha-com-pulverizador-de-puxar-para-baixo-alca-unica-niquel-escovado-puxar-para-fora-torneira-de-cozinha-preco-barato-304-aco-inoxidavel-2\/#primaryimage","url":"https:\/\/www.yoroow.com\/wp-content\/uploads\/2024\/11\/2024122500524620.jpg","contentUrl":"https:\/\/www.yoroow.com\/wp-content\/uploads\/2024\/11\/2024122500524620.jpg","width":800,"height":800,"caption":"Factory Direct Sale Single Handle Kitchen Faucet 304 Stainless Steel Spout and Mixer Tap with Pull Sprayer for Sink Use"},{"@type":"BreadcrumbList","@id":"https:\/\/www.yoroow.com\/pt\/pormenor-do-produto\/torneiras-de-pia-de-cozinha-com-pulverizador-de-puxar-para-baixo-alca-unica-niquel-escovado-puxar-para-fora-torneira-de-cozinha-preco-barato-304-aco-inoxidavel-2\/#breadcrumb","itemListElement":[{"@type":"ListItem","position":1,"name":"home","item":"https:\/\/www.yoroow.com\/"},{"@type":"ListItem","position":2,"name":"Product","item":"https:\/\/www.yoroow.com\/product\/"},{"@type":"ListItem","position":3,"name":"Factory Direct Sale Single Handle Kitchen Faucet 304 Stainless Steel Spout and Mixer Tap with Pull Sprayer for Sink Use"}]},{"@type":"WebSite","@id":"https:\/\/www.yoroow.com\/pt\/#website","url":"https:\/\/www.yoroow.com\/pt\/","name":"YOROOW","description":"","publisher":{"@id":"https:\/\/www.yoroow.com\/pt\/#organization"},"potentialAction":[{"@type":"SearchAction","target":{"@type":"EntryPoint","urlTemplate":"https:\/\/www.yoroow.com\/pt\/?s={search_term_string}"},"query-input":{"@type":"PropertyValueSpecification","valueRequired":true,"valueName":"search_term_string"}}],"inLanguage":"pt-PT"},{"@type":"Organization","@id":"https:\/\/www.yoroow.com\/pt\/#organization","name":"YOROOW","url":"https:\/\/www.yoroow.com\/pt\/","logo":{"@type":"ImageObject","inLanguage":"pt-PT","@id":"https:\/\/www.yoroow.com\/pt\/#\/schema\/logo\/image\/","url":"https:\/\/www.yoroow.com\/wp-content\/uploads\/2024\/12\/2024123007131061.png","contentUrl":"https:\/\/www.yoroow.com\/wp-content\/uploads\/2024\/12\/2024123007131061.png","width":168,"height":27,"caption":"YOROOW"},"image":{"@id":"https:\/\/www.yoroow.com\/pt\/#\/schema\/logo\/image\/"},"sameAs":["https:\/\/www.facebook.com\/people\/yoroowfaucetfactory\/61564236752362\/"]}]}},"_links":{"self":[{"href":"https:\/\/www.yoroow.com\/pt\/wp-json\/wp\/v2\/product\/2285","targetHints":{"allow":["GET"]}}],"collection":[{"href":"https:\/\/www.yoroow.com\/pt\/wp-json\/wp\/v2\/product"}],"about":[{"href":"https:\/\/www.yoroow.com\/pt\/wp-json\/wp\/v2\/types\/product"}],"wp:featuredmedia":[{"embeddable":true,"href":"https:\/\/www.yoroow.com\/pt\/wp-json\/wp\/v2\/media\/6665"}],"wp:attachment":[{"href":"https:\/\/www.yoroow.com\/pt\/wp-json\/wp\/v2\/media?parent=2285"}],"wp:term":[{"taxonomy":"product_brand","embeddable":true,"href":"https:\/\/www.yoroow.com\/pt\/wp-json\/wp\/v2\/product_brand?post=2285"},{"taxonomy":"product_cat","embeddable":true,"href":"https:\/\/www.yoroow.com\/pt\/wp-json\/wp\/v2\/product_cat?post=2285"},{"taxonomy":"product_tag","embeddable":true,"href":"https:\/\/www.yoroow.com\/pt\/wp-json\/wp\/v2\/product_tag?post=2285"}],"curies":[{"name":"wp","href":"https:\/\/api.w.org\/{rel}","templated":true}]}}