{"id":2267,"date":"2024-11-27T14:59:06","date_gmt":"2024-11-27T06:59:06","guid":{"rendered":"https:\/\/www.yoroow.com\/?post_type=product&#038;p=2267"},"modified":"2025-05-16T09:10:23","modified_gmt":"2025-05-16T01:10:23","slug":"torneira-de-lavatorio-de-alta-qualidade-moderna-cromada-para-casa-de-banho-de-hotel-com-cartucho-de-latao-e-corpo-de-zinco-torneira-de-agua-fria-para-lavatorio","status":"publish","type":"product","link":"https:\/\/www.yoroow.com\/pt\/pormenor-do-produto\/torneira-de-lavatorio-de-alta-qualidade-moderna-cromada-para-casa-de-banho-de-hotel-com-cartucho-de-latao-e-corpo-de-zinco-torneira-de-agua-fria-para-lavatorio\/","title":{"rendered":"Torneira para lavat\u00f3rio de hotel com cromo de alta qualidade Torneira de \u00e1gua fria de man\u00edpulo \u00fanico com corpo de zinco Torneira de lavat\u00f3rio montada no conv\u00e9s Sanit\u00e1ria"},"content":{"rendered":"<p>This Modern Single-Handle Basin Faucet Popular Sanitary Ware Water Tap for Bathroom &#038; Gym Use Single-Hole Mount is designed with both modern aesthetics and durable functionality in mind, making it ideal for diverse applications such as homes, gyms, hotels, or commercial restrooms. Manufactured directly from our China-based faucet factory, this product showcases premium material selection, precision engineering, and reliable water-saving technology. With a focus on export excellence, especially for customers in the South American and Southeast Asian markets, our factory ensures quality consistency, competitive pricing, and supports OEM branding to meet unique business needs.<\/p>","protected":false},"excerpt":{"rendered":"<div class=\"woocommerce-product-details__short-description\">\n<table class=\"has-fixed-layout\">\n<tbody>\n<tr>\n<td class=\"wp-block-table__cell-content\">\n<div class=\"block-editor-rich-text__editable rich-text\" role=\"textbox\" contenteditable=\"true\" aria-multiline=\"true\" aria-label=\"Corpo \u5355\u5143\u683c\u6587\u5b57\"><strong data-rich-text-format-boundary=\"true\">N\u00famero do modelo<\/strong><\/div>\n<\/td>\n<td class=\"wp-block-table__cell-content\">9139A<\/td>\n<\/tr>\n<tr>\n<td class=\"wp-block-table__cell-content\">\n<div class=\"block-editor-rich-text__editable rich-text\" role=\"textbox\" contenteditable=\"true\" aria-multiline=\"true\" aria-label=\"Corpo \u5355\u5143\u683c\u6587\u5b57\"><strong>Estilo<\/strong><\/div>\n<\/td>\n<td class=\"wp-block-table__cell-content\">\n<div class=\"block-editor-rich-text__editable rich-text\" role=\"textbox\" contenteditable=\"true\" aria-multiline=\"true\" aria-label=\"Corpo \u5355\u5143\u683c\u6587\u5b57\">Moderno<\/div>\n<\/td>\n<\/tr>\n<tr>\n<td class=\"wp-block-table__cell-content\">\n<div class=\"block-editor-rich-text__editable rich-text\" role=\"textbox\" contenteditable=\"true\" aria-multiline=\"true\" aria-label=\"Corpo \u5355\u5143\u683c\u6587\u5b57\"><strong>Material<\/strong><\/div>\n<\/td>\n<td class=\"wp-block-table__cell-content\">\n<div class=\"block-editor-rich-text__editable rich-text\" role=\"textbox\" contenteditable=\"true\" aria-multiline=\"true\" aria-label=\"Corpo \u5355\u5143\u683c\u6587\u5b57\">Zinco<\/div>\n<\/td>\n<\/tr>\n<tr>\n<td class=\"wp-block-table__cell-content\">\n<div class=\"block-editor-rich-text__editable rich-text\" role=\"textbox\" contenteditable=\"true\" aria-multiline=\"true\" aria-label=\"Corpo \u5355\u5143\u683c\u6587\u5b57\"><strong>Cartucho<\/strong><\/div>\n<\/td>\n<td class=\"wp-block-table__cell-content\">\n<div class=\"block-editor-rich-text__editable rich-text\" role=\"textbox\" contenteditable=\"true\" aria-multiline=\"true\" aria-label=\"Corpo \u5355\u5143\u683c\u6587\u5b57\">Cartucho de lat\u00e3o<\/div>\n<\/td>\n<\/tr>\n<tr>\n<td class=\"wp-block-table__cell-content\">\n<div class=\"block-editor-rich-text__editable rich-text\" role=\"textbox\" contenteditable=\"true\" aria-multiline=\"true\" aria-label=\"Corpo \u5355\u5143\u683c\u6587\u5b57\"><strong>Tratamento de superf\u00edcie<\/strong><\/div>\n<\/td>\n<td class=\"wp-block-table__cell-content\">\n<div class=\"block-editor-rich-text__editable rich-text\" role=\"textbox\" contenteditable=\"true\" aria-multiline=\"true\" aria-label=\"Corpo \u5355\u5143\u683c\u6587\u5b57\">Cromado<\/div>\n<\/td>\n<\/tr>\n<tr>\n<td class=\"wp-block-table__cell-content\">\n<div class=\"block-editor-rich-text__editable rich-text\" role=\"textbox\" contenteditable=\"true\" aria-multiline=\"true\" aria-label=\"Corpo \u5355\u5143\u683c\u6587\u5b57\"><strong>Tipos de bico<\/strong><\/div>\n<\/td>\n<td class=\"wp-block-table__cell-content\">\n<div class=\"block-editor-rich-text__editable rich-text\" role=\"textbox\" contenteditable=\"true\" aria-multiline=\"true\" aria-label=\"Corpo \u5355\u5143\u683c\u6587\u5b57\">Padr\u00e3o<\/div>\n<\/td>\n<\/tr>\n<tr>\n<td class=\"wp-block-table__cell-content\">\n<div class=\"block-editor-rich-text__editable rich-text\" role=\"textbox\" contenteditable=\"true\" aria-multiline=\"true\" aria-label=\"Corpo \u5355\u5143\u683c\u6587\u5b57\"><strong>peso<\/strong><\/div>\n<\/td>\n<td class=\"wp-block-table__cell-content\">\n<div class=\"block-editor-rich-text__editable rich-text\" role=\"textbox\" contenteditable=\"true\" aria-multiline=\"true\" aria-label=\"Corpo \u5355\u5143\u683c\u6587\u5b57\"><\/div>\n<\/td>\n<\/tr>\n<tr>\n<td class=\"wp-block-table__cell-content\">\n<div class=\"block-editor-rich-text__editable rich-text\" role=\"textbox\" contenteditable=\"true\" aria-multiline=\"true\" aria-label=\"Corpo \u5355\u5143\u683c\u6587\u5b57\"><strong>N\u00famero de furos para instala\u00e7\u00e3o<\/strong><\/div>\n<\/td>\n<td class=\"wp-block-table__cell-content\">\n<div class=\"block-editor-rich-text__editable rich-text\" role=\"textbox\" contenteditable=\"true\" aria-multiline=\"true\" aria-label=\"Corpo \u5355\u5143\u683c\u6587\u5b57\">Furo \u00fanico<\/div>\n<\/td>\n<\/tr>\n<tr>\n<td class=\"wp-block-table__cell-content\">\n<div class=\"block-editor-rich-text__editable rich-text\" role=\"textbox\" contenteditable=\"true\" aria-multiline=\"true\" aria-label=\"Corpo \u5355\u5143\u683c\u6587\u5b57\"><strong>N\u00famero de pegas<\/strong><\/div>\n<\/td>\n<td class=\"wp-block-table__cell-content\">\n<div class=\"block-editor-rich-text__editable rich-text\" role=\"textbox\" contenteditable=\"true\" aria-multiline=\"true\" aria-label=\"Corpo \u5355\u5143\u683c\u6587\u5b57\">pega \u00fanica<\/div>\n<\/td>\n<\/tr>\n<tr>\n<td class=\"wp-block-table__cell-content\">\n<div class=\"block-editor-rich-text__editable rich-text\" role=\"textbox\" contenteditable=\"true\" aria-multiline=\"true\" aria-label=\"Corpo \u5355\u5143\u683c\u6587\u5b57\"><strong>Tipo de instala\u00e7\u00e3o<\/strong><\/div>\n<\/td>\n<td class=\"wp-block-table__cell-content\">\n<div class=\"block-editor-rich-text__editable rich-text\" role=\"textbox\" contenteditable=\"true\" aria-multiline=\"true\" aria-label=\"Corpo \u5355\u5143\u683c\u6587\u5b57\">Montagem no conv\u00e9s<\/div>\n<\/td>\n<\/tr>\n<tr>\n<td class=\"wp-block-table__cell-content\">\n<div class=\"block-editor-rich-text__editable rich-text\" role=\"textbox\" contenteditable=\"true\" aria-multiline=\"true\" aria-label=\"Corpo \u5355\u5143\u683c\u6587\u5b57\"><strong>InsCartridge Lifetime<\/strong><\/div>\n<\/td>\n<td class=\"wp-block-table__cell-content\">\n<div class=\"block-editor-rich-text__editable rich-text\" role=\"textbox\" contenteditable=\"true\" aria-multiline=\"true\" aria-label=\"Corpo \u5355\u5143\u683c\u6587\u5b57\">500000 vezes Tipos de instala\u00e7\u00e3o de abertura<\/div>\n<\/td>\n<\/tr>\n<tr>\n<td class=\"wp-block-table__cell-content\">\n<div class=\"block-editor-rich-text__editable rich-text\" role=\"textbox\" contenteditable=\"true\" aria-multiline=\"true\" aria-label=\"Corpo \u5355\u5143\u683c\u6587\u5b57\"><strong>Garantia<\/strong><\/div>\n<\/td>\n<td class=\"wp-block-table__cell-content\">\n<div class=\"block-editor-rich-text__editable rich-text\" role=\"textbox\" contenteditable=\"true\" aria-multiline=\"true\" aria-label=\"Corpo \u5355\u5143\u683c\u6587\u5b57\">5 anos de garantia de qualidade<\/div>\n<\/td>\n<\/tr>\n<tr>\n<td class=\"wp-block-table__cell-content\">\n<div class=\"block-editor-rich-text__editable rich-text\" role=\"textbox\" contenteditable=\"true\" aria-multiline=\"true\" aria-label=\"Corpo \u5355\u5143\u683c\u6587\u5b57\"><strong>Press\u00e3o da \u00e1gua<\/strong><\/div>\n<\/td>\n<td class=\"wp-block-table__cell-content\">\n<div class=\"block-editor-rich-text__editable rich-text\" role=\"textbox\" contenteditable=\"true\" aria-multiline=\"true\" aria-label=\"Corpo \u5355\u5143\u683c\u6587\u5b57\">0,05-0,8 mpa<\/div>\n<\/td>\n<\/tr>\n<tr>\n<td class=\"wp-block-table__cell-content\">\n<div class=\"block-editor-rich-text__editable rich-text\" role=\"textbox\" contenteditable=\"true\" aria-multiline=\"true\" aria-label=\"Corpo \u5355\u5143\u683c\u6587\u5b57\"><strong>Temperatura de trabalho<\/strong><\/div>\n<\/td>\n<td class=\"wp-block-table__cell-content\">\n<div class=\"block-editor-rich-text__editable rich-text\" role=\"textbox\" contenteditable=\"true\" aria-multiline=\"true\" aria-label=\"Corpo \u5355\u5143\u683c\u6587\u5b57\">5-99\u2103<\/div>\n<\/td>\n<\/tr>\n<\/tbody>\n<\/table>\n<p>\u00a0<\/p><\/div>\n<div class=\"product_meta\">\u00a0<\/div>\n<div class=\"wp-block-kadence-advancedbtn kb-buttons-wrap kb-btns1303_b530bc-a6\">\u00a0<\/div>","protected":false},"featured_media":6661,"template":"","meta":{"_acf_changed":false,"_kad_post_transparent":"default","_kad_post_title":"","_kad_post_layout":"default","_kad_post_sidebar_id":"","_kad_post_content_style":"default","_kad_post_vertical_padding":"default","_kad_post_feature":"","_kad_post_feature_position":"","_kad_post_header":false,"_kad_post_footer":false},"product_brand":[],"product_cat":[219],"product_tag":[3437,3506],"class_list":{"0":"post-2267","1":"product","2":"type-product","3":"status-publish","4":"has-post-thumbnail","6":"product_cat-single-cold-basin-faucet","7":"product_tag-basin-faucet-water-tap-sanitary-ware-single-handle","8":"product_tag-tap-for-wash-basin","10":"first","11":"instock","12":"shipping-taxable","13":"purchasable","14":"product-type-variable","15":"wvs-archive-product-wrapper","16":"entry","17":"content-bg","18":"loop-entry"},"acf":[],"yoast_head":"<!-- This site is optimized with the Yoast SEO Premium plugin v25.4 (Yoast SEO v27.0) - https:\/\/yoast.com\/product\/yoast-seo-premium-wordpress\/ -->\n<title>High Quality Modern Chrome Hotel Bathroom Sink Faucet Single-Handle Cold Water Tap Zinc Body Deck Mounted Basin Faucet Sanitary - YOROOW<\/title>\n<meta name=\"description\" content=\"Modern Single-Handle Basin Faucet designed for bathroom and gym use features a single-hole mount and sleek sanitary ware design. Manufactured in China with durable materials, it offers smooth operation and easy installation. Widely exported to South America and Southeast Asia, ideal for residential and commercial washrooms requiring stylish and functional basin taps.\" \/>\n<meta name=\"robots\" content=\"index, follow, max-snippet:-1, max-image-preview:large, max-video-preview:-1\" \/>\n<link rel=\"canonical\" href=\"https:\/\/www.yoroow.com\/pt\/pormenor-do-produto\/torneira-de-lavatorio-de-alta-qualidade-moderna-cromada-para-casa-de-banho-de-hotel-com-cartucho-de-latao-e-corpo-de-zinco-torneira-de-agua-fria-para-lavatorio\/\" \/>\n<meta property=\"og:locale\" content=\"pt_PT\" \/>\n<meta property=\"og:type\" content=\"article\" \/>\n<meta property=\"og:title\" content=\"High Quality Modern Chrome Hotel Bathroom Sink Faucet Single-Handle Cold Water Tap Zinc Body Deck Mounted Basin Faucet Sanitary\" \/>\n<meta property=\"og:description\" content=\"Modern Single-Handle Basin Faucet designed for bathroom and gym use features a single-hole mount and sleek sanitary ware design. Manufactured in China with durable materials, it offers smooth operation and easy installation. Widely exported to South America and Southeast Asia, ideal for residential and commercial washrooms requiring stylish and functional basin taps.\" \/>\n<meta property=\"og:url\" content=\"https:\/\/www.yoroow.com\/pt\/pormenor-do-produto\/torneira-de-lavatorio-de-alta-qualidade-moderna-cromada-para-casa-de-banho-de-hotel-com-cartucho-de-latao-e-corpo-de-zinco-torneira-de-agua-fria-para-lavatorio\/\" \/>\n<meta property=\"og:site_name\" content=\"YOROOW\" \/>\n<meta property=\"article:publisher\" content=\"https:\/\/www.facebook.com\/people\/yoroowfaucetfactory\/61564236752362\/\" \/>\n<meta property=\"article:modified_time\" content=\"2025-05-16T01:10:23+00:00\" \/>\n<meta property=\"og:image\" content=\"https:\/\/www.yoroow.com\/wp-content\/uploads\/2024\/11\/2024122500460689.jpg\" \/>\n\t<meta property=\"og:image:width\" content=\"631\" \/>\n\t<meta property=\"og:image:height\" content=\"631\" \/>\n\t<meta property=\"og:image:type\" content=\"image\/jpeg\" \/>\n<meta name=\"twitter:card\" content=\"summary_large_image\" \/>\n<meta name=\"twitter:label1\" content=\"Est. reading time\" \/>\n\t<meta name=\"twitter:data1\" content=\"2 minutos\" \/>\n<script type=\"application\/ld+json\" class=\"yoast-schema-graph\">{\"@context\":\"https:\/\/schema.org\",\"@graph\":[{\"@type\":\"WebPage\",\"@id\":\"https:\/\/www.yoroow.com\/pt\/pormenor-do-produto\/torneira-de-lavatorio-de-alta-qualidade-moderna-cromada-para-casa-de-banho-de-hotel-com-cartucho-de-latao-e-corpo-de-zinco-torneira-de-agua-fria-para-lavatorio\/\",\"url\":\"https:\/\/www.yoroow.com\/pt\/pormenor-do-produto\/torneira-de-lavatorio-de-alta-qualidade-moderna-cromada-para-casa-de-banho-de-hotel-com-cartucho-de-latao-e-corpo-de-zinco-torneira-de-agua-fria-para-lavatorio\/\",\"name\":\"High Quality Modern Chrome Hotel Bathroom Sink Faucet Single-Handle Cold Water Tap Zinc Body Deck Mounted Basin Faucet Sanitary - YOROOW\",\"isPartOf\":{\"@id\":\"https:\/\/www.yoroow.com\/pt\/#website\"},\"primaryImageOfPage\":{\"@id\":\"https:\/\/www.yoroow.com\/pt\/pormenor-do-produto\/torneira-de-lavatorio-de-alta-qualidade-moderna-cromada-para-casa-de-banho-de-hotel-com-cartucho-de-latao-e-corpo-de-zinco-torneira-de-agua-fria-para-lavatorio\/#primaryimage\"},\"image\":{\"@id\":\"https:\/\/www.yoroow.com\/pt\/pormenor-do-produto\/torneira-de-lavatorio-de-alta-qualidade-moderna-cromada-para-casa-de-banho-de-hotel-com-cartucho-de-latao-e-corpo-de-zinco-torneira-de-agua-fria-para-lavatorio\/#primaryimage\"},\"thumbnailUrl\":\"https:\/\/www.yoroow.com\/wp-content\/uploads\/2024\/11\/2024122500460689.jpg\",\"datePublished\":\"2024-11-27T06:59:06+00:00\",\"dateModified\":\"2025-05-16T01:10:23+00:00\",\"description\":\"Modern Single-Handle Basin Faucet designed for bathroom and gym use features a single-hole mount and sleek sanitary ware design. Manufactured in China with durable materials, it offers smooth operation and easy installation. Widely exported to South America and Southeast Asia, ideal for residential and commercial washrooms requiring stylish and functional basin taps.\",\"breadcrumb\":{\"@id\":\"https:\/\/www.yoroow.com\/pt\/pormenor-do-produto\/torneira-de-lavatorio-de-alta-qualidade-moderna-cromada-para-casa-de-banho-de-hotel-com-cartucho-de-latao-e-corpo-de-zinco-torneira-de-agua-fria-para-lavatorio\/#breadcrumb\"},\"inLanguage\":\"pt-PT\",\"potentialAction\":[{\"@type\":\"ReadAction\",\"target\":[\"https:\/\/www.yoroow.com\/pt\/pormenor-do-produto\/torneira-de-lavatorio-de-alta-qualidade-moderna-cromada-para-casa-de-banho-de-hotel-com-cartucho-de-latao-e-corpo-de-zinco-torneira-de-agua-fria-para-lavatorio\/\"]}]},{\"@type\":\"ImageObject\",\"inLanguage\":\"pt-PT\",\"@id\":\"https:\/\/www.yoroow.com\/pt\/pormenor-do-produto\/torneira-de-lavatorio-de-alta-qualidade-moderna-cromada-para-casa-de-banho-de-hotel-com-cartucho-de-latao-e-corpo-de-zinco-torneira-de-agua-fria-para-lavatorio\/#primaryimage\",\"url\":\"https:\/\/www.yoroow.com\/wp-content\/uploads\/2024\/11\/2024122500460689.jpg\",\"contentUrl\":\"https:\/\/www.yoroow.com\/wp-content\/uploads\/2024\/11\/2024122500460689.jpg\",\"width\":631,\"height\":631,\"caption\":\"Modern Single-Handle Basin Faucet Popular Cupc Sanitary Ware Water Tap for Bathroom & Gym Use Single-Hole Mount\"},{\"@type\":\"BreadcrumbList\",\"@id\":\"https:\/\/www.yoroow.com\/pt\/pormenor-do-produto\/torneira-de-lavatorio-de-alta-qualidade-moderna-cromada-para-casa-de-banho-de-hotel-com-cartucho-de-latao-e-corpo-de-zinco-torneira-de-agua-fria-para-lavatorio\/#breadcrumb\",\"itemListElement\":[{\"@type\":\"ListItem\",\"position\":1,\"name\":\"home\",\"item\":\"https:\/\/www.yoroow.com\/\"},{\"@type\":\"ListItem\",\"position\":2,\"name\":\"Product\",\"item\":\"https:\/\/www.yoroow.com\/product\/\"},{\"@type\":\"ListItem\",\"position\":3,\"name\":\"High Quality Modern Chrome Hotel Bathroom Sink Faucet Single-Handle Cold Water Tap Zinc Body Deck Mounted Basin Faucet Sanitary\"}]},{\"@type\":\"WebSite\",\"@id\":\"https:\/\/www.yoroow.com\/pt\/#website\",\"url\":\"https:\/\/www.yoroow.com\/pt\/\",\"name\":\"YOROOW\",\"description\":\"\",\"publisher\":{\"@id\":\"https:\/\/www.yoroow.com\/pt\/#organization\"},\"potentialAction\":[{\"@type\":\"SearchAction\",\"target\":{\"@type\":\"EntryPoint\",\"urlTemplate\":\"https:\/\/www.yoroow.com\/pt\/?s={search_term_string}\"},\"query-input\":{\"@type\":\"PropertyValueSpecification\",\"valueRequired\":true,\"valueName\":\"search_term_string\"}}],\"inLanguage\":\"pt-PT\"},{\"@type\":\"Organization\",\"@id\":\"https:\/\/www.yoroow.com\/pt\/#organization\",\"name\":\"YOROOW\",\"url\":\"https:\/\/www.yoroow.com\/pt\/\",\"logo\":{\"@type\":\"ImageObject\",\"inLanguage\":\"pt-PT\",\"@id\":\"https:\/\/www.yoroow.com\/pt\/#\/schema\/logo\/image\/\",\"url\":\"https:\/\/www.yoroow.com\/wp-content\/uploads\/2024\/12\/2024123007131061.png\",\"contentUrl\":\"https:\/\/www.yoroow.com\/wp-content\/uploads\/2024\/12\/2024123007131061.png\",\"width\":168,\"height\":27,\"caption\":\"YOROOW\"},\"image\":{\"@id\":\"https:\/\/www.yoroow.com\/pt\/#\/schema\/logo\/image\/\"},\"sameAs\":[\"https:\/\/www.facebook.com\/people\/yoroowfaucetfactory\/61564236752362\/\"]}]}<\/script>\n<!-- \/ Yoast SEO Premium plugin. -->","yoast_head_json":{"title":"High Quality Modern Chrome Hotel Bathroom Sink Faucet Single-Handle Cold Water Tap Zinc Body Deck Mounted Basin Faucet Sanitary - YOROOW","description":"Modern Single-Handle Basin Faucet designed for bathroom and gym use features a single-hole mount and sleek sanitary ware design. Manufactured in China with durable materials, it offers smooth operation and easy installation. Widely exported to South America and Southeast Asia, ideal for residential and commercial washrooms requiring stylish and functional basin taps.","robots":{"index":"index","follow":"follow","max-snippet":"max-snippet:-1","max-image-preview":"max-image-preview:large","max-video-preview":"max-video-preview:-1"},"canonical":"https:\/\/www.yoroow.com\/pt\/pormenor-do-produto\/torneira-de-lavatorio-de-alta-qualidade-moderna-cromada-para-casa-de-banho-de-hotel-com-cartucho-de-latao-e-corpo-de-zinco-torneira-de-agua-fria-para-lavatorio\/","og_locale":"pt_PT","og_type":"article","og_title":"High Quality Modern Chrome Hotel Bathroom Sink Faucet Single-Handle Cold Water Tap Zinc Body Deck Mounted Basin Faucet Sanitary","og_description":"Modern Single-Handle Basin Faucet designed for bathroom and gym use features a single-hole mount and sleek sanitary ware design. Manufactured in China with durable materials, it offers smooth operation and easy installation. Widely exported to South America and Southeast Asia, ideal for residential and commercial washrooms requiring stylish and functional basin taps.","og_url":"https:\/\/www.yoroow.com\/pt\/pormenor-do-produto\/torneira-de-lavatorio-de-alta-qualidade-moderna-cromada-para-casa-de-banho-de-hotel-com-cartucho-de-latao-e-corpo-de-zinco-torneira-de-agua-fria-para-lavatorio\/","og_site_name":"YOROOW","article_publisher":"https:\/\/www.facebook.com\/people\/yoroowfaucetfactory\/61564236752362\/","article_modified_time":"2025-05-16T01:10:23+00:00","og_image":[{"width":631,"height":631,"url":"https:\/\/www.yoroow.com\/wp-content\/uploads\/2024\/11\/2024122500460689.jpg","type":"image\/jpeg"}],"twitter_card":"summary_large_image","twitter_misc":{"Est. reading time":"2 minutos"},"schema":{"@context":"https:\/\/schema.org","@graph":[{"@type":"WebPage","@id":"https:\/\/www.yoroow.com\/pt\/pormenor-do-produto\/torneira-de-lavatorio-de-alta-qualidade-moderna-cromada-para-casa-de-banho-de-hotel-com-cartucho-de-latao-e-corpo-de-zinco-torneira-de-agua-fria-para-lavatorio\/","url":"https:\/\/www.yoroow.com\/pt\/pormenor-do-produto\/torneira-de-lavatorio-de-alta-qualidade-moderna-cromada-para-casa-de-banho-de-hotel-com-cartucho-de-latao-e-corpo-de-zinco-torneira-de-agua-fria-para-lavatorio\/","name":"High Quality Modern Chrome Hotel Bathroom Sink Faucet Single-Handle Cold Water Tap Zinc Body Deck Mounted Basin Faucet Sanitary - YOROOW","isPartOf":{"@id":"https:\/\/www.yoroow.com\/pt\/#website"},"primaryImageOfPage":{"@id":"https:\/\/www.yoroow.com\/pt\/pormenor-do-produto\/torneira-de-lavatorio-de-alta-qualidade-moderna-cromada-para-casa-de-banho-de-hotel-com-cartucho-de-latao-e-corpo-de-zinco-torneira-de-agua-fria-para-lavatorio\/#primaryimage"},"image":{"@id":"https:\/\/www.yoroow.com\/pt\/pormenor-do-produto\/torneira-de-lavatorio-de-alta-qualidade-moderna-cromada-para-casa-de-banho-de-hotel-com-cartucho-de-latao-e-corpo-de-zinco-torneira-de-agua-fria-para-lavatorio\/#primaryimage"},"thumbnailUrl":"https:\/\/www.yoroow.com\/wp-content\/uploads\/2024\/11\/2024122500460689.jpg","datePublished":"2024-11-27T06:59:06+00:00","dateModified":"2025-05-16T01:10:23+00:00","description":"Modern Single-Handle Basin Faucet designed for bathroom and gym use features a single-hole mount and sleek sanitary ware design. Manufactured in China with durable materials, it offers smooth operation and easy installation. Widely exported to South America and Southeast Asia, ideal for residential and commercial washrooms requiring stylish and functional basin taps.","breadcrumb":{"@id":"https:\/\/www.yoroow.com\/pt\/pormenor-do-produto\/torneira-de-lavatorio-de-alta-qualidade-moderna-cromada-para-casa-de-banho-de-hotel-com-cartucho-de-latao-e-corpo-de-zinco-torneira-de-agua-fria-para-lavatorio\/#breadcrumb"},"inLanguage":"pt-PT","potentialAction":[{"@type":"ReadAction","target":["https:\/\/www.yoroow.com\/pt\/pormenor-do-produto\/torneira-de-lavatorio-de-alta-qualidade-moderna-cromada-para-casa-de-banho-de-hotel-com-cartucho-de-latao-e-corpo-de-zinco-torneira-de-agua-fria-para-lavatorio\/"]}]},{"@type":"ImageObject","inLanguage":"pt-PT","@id":"https:\/\/www.yoroow.com\/pt\/pormenor-do-produto\/torneira-de-lavatorio-de-alta-qualidade-moderna-cromada-para-casa-de-banho-de-hotel-com-cartucho-de-latao-e-corpo-de-zinco-torneira-de-agua-fria-para-lavatorio\/#primaryimage","url":"https:\/\/www.yoroow.com\/wp-content\/uploads\/2024\/11\/2024122500460689.jpg","contentUrl":"https:\/\/www.yoroow.com\/wp-content\/uploads\/2024\/11\/2024122500460689.jpg","width":631,"height":631,"caption":"Modern Single-Handle Basin Faucet Popular Cupc Sanitary Ware Water Tap for Bathroom & Gym Use Single-Hole Mount"},{"@type":"BreadcrumbList","@id":"https:\/\/www.yoroow.com\/pt\/pormenor-do-produto\/torneira-de-lavatorio-de-alta-qualidade-moderna-cromada-para-casa-de-banho-de-hotel-com-cartucho-de-latao-e-corpo-de-zinco-torneira-de-agua-fria-para-lavatorio\/#breadcrumb","itemListElement":[{"@type":"ListItem","position":1,"name":"home","item":"https:\/\/www.yoroow.com\/"},{"@type":"ListItem","position":2,"name":"Product","item":"https:\/\/www.yoroow.com\/product\/"},{"@type":"ListItem","position":3,"name":"High Quality Modern Chrome Hotel Bathroom Sink Faucet Single-Handle Cold Water Tap Zinc Body Deck Mounted Basin Faucet Sanitary"}]},{"@type":"WebSite","@id":"https:\/\/www.yoroow.com\/pt\/#website","url":"https:\/\/www.yoroow.com\/pt\/","name":"YOROOW","description":"","publisher":{"@id":"https:\/\/www.yoroow.com\/pt\/#organization"},"potentialAction":[{"@type":"SearchAction","target":{"@type":"EntryPoint","urlTemplate":"https:\/\/www.yoroow.com\/pt\/?s={search_term_string}"},"query-input":{"@type":"PropertyValueSpecification","valueRequired":true,"valueName":"search_term_string"}}],"inLanguage":"pt-PT"},{"@type":"Organization","@id":"https:\/\/www.yoroow.com\/pt\/#organization","name":"YOROOW","url":"https:\/\/www.yoroow.com\/pt\/","logo":{"@type":"ImageObject","inLanguage":"pt-PT","@id":"https:\/\/www.yoroow.com\/pt\/#\/schema\/logo\/image\/","url":"https:\/\/www.yoroow.com\/wp-content\/uploads\/2024\/12\/2024123007131061.png","contentUrl":"https:\/\/www.yoroow.com\/wp-content\/uploads\/2024\/12\/2024123007131061.png","width":168,"height":27,"caption":"YOROOW"},"image":{"@id":"https:\/\/www.yoroow.com\/pt\/#\/schema\/logo\/image\/"},"sameAs":["https:\/\/www.facebook.com\/people\/yoroowfaucetfactory\/61564236752362\/"]}]}},"_links":{"self":[{"href":"https:\/\/www.yoroow.com\/pt\/wp-json\/wp\/v2\/product\/2267","targetHints":{"allow":["GET"]}}],"collection":[{"href":"https:\/\/www.yoroow.com\/pt\/wp-json\/wp\/v2\/product"}],"about":[{"href":"https:\/\/www.yoroow.com\/pt\/wp-json\/wp\/v2\/types\/product"}],"wp:featuredmedia":[{"embeddable":true,"href":"https:\/\/www.yoroow.com\/pt\/wp-json\/wp\/v2\/media\/6661"}],"wp:attachment":[{"href":"https:\/\/www.yoroow.com\/pt\/wp-json\/wp\/v2\/media?parent=2267"}],"wp:term":[{"taxonomy":"product_brand","embeddable":true,"href":"https:\/\/www.yoroow.com\/pt\/wp-json\/wp\/v2\/product_brand?post=2267"},{"taxonomy":"product_cat","embeddable":true,"href":"https:\/\/www.yoroow.com\/pt\/wp-json\/wp\/v2\/product_cat?post=2267"},{"taxonomy":"product_tag","embeddable":true,"href":"https:\/\/www.yoroow.com\/pt\/wp-json\/wp\/v2\/product_tag?post=2267"}],"curies":[{"name":"wp","href":"https:\/\/api.w.org\/{rel}","templated":true}]}}