{"id":21496,"date":"2025-06-26T14:03:59","date_gmt":"2025-06-26T06:03:59","guid":{"rendered":"https:\/\/www.yoroow.com\/?post_type=product&#038;p=21496"},"modified":"2025-06-26T14:04:00","modified_gmt":"2025-06-26T06:04:00","slug":"bom-preco-agua-quente-e-fria-agua-de-furo-unico-torneira-de-lavatorio-de-casa-de-banho-torneira-misturadora-de-lavatorio-de-zinco-preto-para-hotel-villa-ou-casa-de-banho","status":"publish","type":"product","link":"https:\/\/www.yoroow.com\/pt\/pormenor-do-produto\/bom-preco-agua-quente-e-fria-agua-de-furo-unico-torneira-de-lavatorio-de-casa-de-banho-torneira-misturadora-de-lavatorio-de-zinco-preto-para-hotel-villa-ou-casa-de-banho\/","title":{"rendered":"Bom pre\u00e7o Torneira de lavat\u00f3rio de \u00e1gua quente e fria de um s\u00f3 furo para casa de banho Torneira misturadora de lavat\u00f3rio de zinco preto para hotel, vivenda ou casa de banho"},"content":{"rendered":"","protected":false},"excerpt":{"rendered":"","protected":false},"featured_media":21480,"template":"","meta":{"_acf_changed":false,"_kad_post_transparent":"default","_kad_post_title":"","_kad_post_layout":"default","_kad_post_sidebar_id":"","_kad_post_content_style":"default","_kad_post_vertical_padding":"default","_kad_post_feature":"","_kad_post_feature_position":"","_kad_post_header":false,"_kad_post_footer":false},"product_brand":[],"product_cat":[238],"product_tag":[5993,5988],"class_list":{"0":"post-21496","1":"product","2":"type-product","3":"status-publish","4":"has-post-thumbnail","6":"product_cat-mixer-basin-faucet","7":"product_tag-basin-faucet-mixer","8":"product_tag-black-basin-mixer-faucet-for-bathroom-hotel-villa","10":"first","11":"instock","12":"shipping-taxable","13":"purchasable","14":"product-type-variable","15":"wvs-archive-product-wrapper","16":"entry","17":"content-bg","18":"loop-entry"},"acf":[],"yoast_head":"<!-- This site is optimized with the Yoast SEO Premium plugin v25.4 (Yoast SEO v27.0) - https:\/\/yoast.com\/product\/yoast-seo-premium-wordpress\/ -->\n<title>Good Price Hot and Cold Water Single-Hole Bathroom Washbasin Tap Black Zinc Basin Mixer Faucet for Hotel Villa or Bathroom Use - YOROOW<\/title>\n<meta name=\"robots\" content=\"index, follow, max-snippet:-1, max-image-preview:large, max-video-preview:-1\" \/>\n<link rel=\"canonical\" href=\"https:\/\/www.yoroow.com\/pt\/pormenor-do-produto\/bom-preco-agua-quente-e-fria-agua-de-furo-unico-torneira-de-lavatorio-de-casa-de-banho-torneira-misturadora-de-lavatorio-de-zinco-preto-para-hotel-villa-ou-casa-de-banho\/\" \/>\n<meta property=\"og:locale\" content=\"pt_PT\" \/>\n<meta property=\"og:type\" content=\"article\" \/>\n<meta property=\"og:title\" content=\"Good Price Hot and Cold Water Single-Hole Bathroom Washbasin Tap Black Zinc Basin Mixer Faucet for Hotel Villa or Bathroom Use\" \/>\n<meta property=\"og:url\" content=\"https:\/\/www.yoroow.com\/pt\/pormenor-do-produto\/bom-preco-agua-quente-e-fria-agua-de-furo-unico-torneira-de-lavatorio-de-casa-de-banho-torneira-misturadora-de-lavatorio-de-zinco-preto-para-hotel-villa-ou-casa-de-banho\/\" \/>\n<meta property=\"og:site_name\" content=\"YOROOW\" \/>\n<meta property=\"article:publisher\" content=\"https:\/\/www.facebook.com\/people\/yoroowfaucetfactory\/61564236752362\/\" \/>\n<meta property=\"article:modified_time\" content=\"2025-06-26T06:04:00+00:00\" \/>\n<meta property=\"og:image\" content=\"https:\/\/www.yoroow.com\/wp-content\/uploads\/2025\/06\/34-1.jpg\" \/>\n\t<meta property=\"og:image:width\" content=\"866\" \/>\n\t<meta property=\"og:image:height\" content=\"866\" \/>\n\t<meta property=\"og:image:type\" content=\"image\/jpeg\" \/>\n<meta name=\"twitter:card\" content=\"summary_large_image\" \/>\n<meta name=\"twitter:label1\" content=\"Est. reading time\" \/>\n\t<meta name=\"twitter:data1\" content=\"1 minuto\" \/>\n<script type=\"application\/ld+json\" class=\"yoast-schema-graph\">{\"@context\":\"https:\/\/schema.org\",\"@graph\":[{\"@type\":\"WebPage\",\"@id\":\"https:\/\/www.yoroow.com\/pt\/pormenor-do-produto\/bom-preco-agua-quente-e-fria-agua-de-furo-unico-torneira-de-lavatorio-de-casa-de-banho-torneira-misturadora-de-lavatorio-de-zinco-preto-para-hotel-villa-ou-casa-de-banho\/\",\"url\":\"https:\/\/www.yoroow.com\/pt\/pormenor-do-produto\/bom-preco-agua-quente-e-fria-agua-de-furo-unico-torneira-de-lavatorio-de-casa-de-banho-torneira-misturadora-de-lavatorio-de-zinco-preto-para-hotel-villa-ou-casa-de-banho\/\",\"name\":\"Good Price Hot and Cold Water Single-Hole Bathroom Washbasin Tap Black Zinc Basin Mixer Faucet for Hotel Villa or Bathroom Use - YOROOW\",\"isPartOf\":{\"@id\":\"https:\/\/www.yoroow.com\/pt\/#website\"},\"primaryImageOfPage\":{\"@id\":\"https:\/\/www.yoroow.com\/pt\/pormenor-do-produto\/bom-preco-agua-quente-e-fria-agua-de-furo-unico-torneira-de-lavatorio-de-casa-de-banho-torneira-misturadora-de-lavatorio-de-zinco-preto-para-hotel-villa-ou-casa-de-banho\/#primaryimage\"},\"image\":{\"@id\":\"https:\/\/www.yoroow.com\/pt\/pormenor-do-produto\/bom-preco-agua-quente-e-fria-agua-de-furo-unico-torneira-de-lavatorio-de-casa-de-banho-torneira-misturadora-de-lavatorio-de-zinco-preto-para-hotel-villa-ou-casa-de-banho\/#primaryimage\"},\"thumbnailUrl\":\"https:\/\/www.yoroow.com\/wp-content\/uploads\/2025\/06\/34-1.jpg\",\"datePublished\":\"2025-06-26T06:03:59+00:00\",\"dateModified\":\"2025-06-26T06:04:00+00:00\",\"breadcrumb\":{\"@id\":\"https:\/\/www.yoroow.com\/pt\/pormenor-do-produto\/bom-preco-agua-quente-e-fria-agua-de-furo-unico-torneira-de-lavatorio-de-casa-de-banho-torneira-misturadora-de-lavatorio-de-zinco-preto-para-hotel-villa-ou-casa-de-banho\/#breadcrumb\"},\"inLanguage\":\"pt-PT\",\"potentialAction\":[{\"@type\":\"ReadAction\",\"target\":[\"https:\/\/www.yoroow.com\/pt\/pormenor-do-produto\/bom-preco-agua-quente-e-fria-agua-de-furo-unico-torneira-de-lavatorio-de-casa-de-banho-torneira-misturadora-de-lavatorio-de-zinco-preto-para-hotel-villa-ou-casa-de-banho\/\"]}]},{\"@type\":\"ImageObject\",\"inLanguage\":\"pt-PT\",\"@id\":\"https:\/\/www.yoroow.com\/pt\/pormenor-do-produto\/bom-preco-agua-quente-e-fria-agua-de-furo-unico-torneira-de-lavatorio-de-casa-de-banho-torneira-misturadora-de-lavatorio-de-zinco-preto-para-hotel-villa-ou-casa-de-banho\/#primaryimage\",\"url\":\"https:\/\/www.yoroow.com\/wp-content\/uploads\/2025\/06\/34-1.jpg\",\"contentUrl\":\"https:\/\/www.yoroow.com\/wp-content\/uploads\/2025\/06\/34-1.jpg\",\"width\":866,\"height\":866},{\"@type\":\"BreadcrumbList\",\"@id\":\"https:\/\/www.yoroow.com\/pt\/pormenor-do-produto\/bom-preco-agua-quente-e-fria-agua-de-furo-unico-torneira-de-lavatorio-de-casa-de-banho-torneira-misturadora-de-lavatorio-de-zinco-preto-para-hotel-villa-ou-casa-de-banho\/#breadcrumb\",\"itemListElement\":[{\"@type\":\"ListItem\",\"position\":1,\"name\":\"home\",\"item\":\"https:\/\/www.yoroow.com\/\"},{\"@type\":\"ListItem\",\"position\":2,\"name\":\"Product\",\"item\":\"https:\/\/www.yoroow.com\/product\/\"},{\"@type\":\"ListItem\",\"position\":3,\"name\":\"Good Price Hot and Cold Water Single-Hole Bathroom Washbasin Tap Black Zinc Basin Mixer Faucet for Hotel Villa or Bathroom Use\"}]},{\"@type\":\"WebSite\",\"@id\":\"https:\/\/www.yoroow.com\/pt\/#website\",\"url\":\"https:\/\/www.yoroow.com\/pt\/\",\"name\":\"YOROOW\",\"description\":\"\",\"publisher\":{\"@id\":\"https:\/\/www.yoroow.com\/pt\/#organization\"},\"potentialAction\":[{\"@type\":\"SearchAction\",\"target\":{\"@type\":\"EntryPoint\",\"urlTemplate\":\"https:\/\/www.yoroow.com\/pt\/?s={search_term_string}\"},\"query-input\":{\"@type\":\"PropertyValueSpecification\",\"valueRequired\":true,\"valueName\":\"search_term_string\"}}],\"inLanguage\":\"pt-PT\"},{\"@type\":\"Organization\",\"@id\":\"https:\/\/www.yoroow.com\/pt\/#organization\",\"name\":\"YOROOW\",\"url\":\"https:\/\/www.yoroow.com\/pt\/\",\"logo\":{\"@type\":\"ImageObject\",\"inLanguage\":\"pt-PT\",\"@id\":\"https:\/\/www.yoroow.com\/pt\/#\/schema\/logo\/image\/\",\"url\":\"https:\/\/www.yoroow.com\/wp-content\/uploads\/2024\/12\/2024123007131061.png\",\"contentUrl\":\"https:\/\/www.yoroow.com\/wp-content\/uploads\/2024\/12\/2024123007131061.png\",\"width\":168,\"height\":27,\"caption\":\"YOROOW\"},\"image\":{\"@id\":\"https:\/\/www.yoroow.com\/pt\/#\/schema\/logo\/image\/\"},\"sameAs\":[\"https:\/\/www.facebook.com\/people\/yoroowfaucetfactory\/61564236752362\/\"]}]}<\/script>\n<!-- \/ Yoast SEO Premium plugin. -->","yoast_head_json":{"title":"Good Price Hot and Cold Water Single-Hole Bathroom Washbasin Tap Black Zinc Basin Mixer Faucet for Hotel Villa or Bathroom Use - YOROOW","robots":{"index":"index","follow":"follow","max-snippet":"max-snippet:-1","max-image-preview":"max-image-preview:large","max-video-preview":"max-video-preview:-1"},"canonical":"https:\/\/www.yoroow.com\/pt\/pormenor-do-produto\/bom-preco-agua-quente-e-fria-agua-de-furo-unico-torneira-de-lavatorio-de-casa-de-banho-torneira-misturadora-de-lavatorio-de-zinco-preto-para-hotel-villa-ou-casa-de-banho\/","og_locale":"pt_PT","og_type":"article","og_title":"Good Price Hot and Cold Water Single-Hole Bathroom Washbasin Tap Black Zinc Basin Mixer Faucet for Hotel Villa or Bathroom Use","og_url":"https:\/\/www.yoroow.com\/pt\/pormenor-do-produto\/bom-preco-agua-quente-e-fria-agua-de-furo-unico-torneira-de-lavatorio-de-casa-de-banho-torneira-misturadora-de-lavatorio-de-zinco-preto-para-hotel-villa-ou-casa-de-banho\/","og_site_name":"YOROOW","article_publisher":"https:\/\/www.facebook.com\/people\/yoroowfaucetfactory\/61564236752362\/","article_modified_time":"2025-06-26T06:04:00+00:00","og_image":[{"width":866,"height":866,"url":"https:\/\/www.yoroow.com\/wp-content\/uploads\/2025\/06\/34-1.jpg","type":"image\/jpeg"}],"twitter_card":"summary_large_image","twitter_misc":{"Est. reading time":"1 minuto"},"schema":{"@context":"https:\/\/schema.org","@graph":[{"@type":"WebPage","@id":"https:\/\/www.yoroow.com\/pt\/pormenor-do-produto\/bom-preco-agua-quente-e-fria-agua-de-furo-unico-torneira-de-lavatorio-de-casa-de-banho-torneira-misturadora-de-lavatorio-de-zinco-preto-para-hotel-villa-ou-casa-de-banho\/","url":"https:\/\/www.yoroow.com\/pt\/pormenor-do-produto\/bom-preco-agua-quente-e-fria-agua-de-furo-unico-torneira-de-lavatorio-de-casa-de-banho-torneira-misturadora-de-lavatorio-de-zinco-preto-para-hotel-villa-ou-casa-de-banho\/","name":"Good Price Hot and Cold Water Single-Hole Bathroom Washbasin Tap Black Zinc Basin Mixer Faucet for Hotel Villa or Bathroom Use - YOROOW","isPartOf":{"@id":"https:\/\/www.yoroow.com\/pt\/#website"},"primaryImageOfPage":{"@id":"https:\/\/www.yoroow.com\/pt\/pormenor-do-produto\/bom-preco-agua-quente-e-fria-agua-de-furo-unico-torneira-de-lavatorio-de-casa-de-banho-torneira-misturadora-de-lavatorio-de-zinco-preto-para-hotel-villa-ou-casa-de-banho\/#primaryimage"},"image":{"@id":"https:\/\/www.yoroow.com\/pt\/pormenor-do-produto\/bom-preco-agua-quente-e-fria-agua-de-furo-unico-torneira-de-lavatorio-de-casa-de-banho-torneira-misturadora-de-lavatorio-de-zinco-preto-para-hotel-villa-ou-casa-de-banho\/#primaryimage"},"thumbnailUrl":"https:\/\/www.yoroow.com\/wp-content\/uploads\/2025\/06\/34-1.jpg","datePublished":"2025-06-26T06:03:59+00:00","dateModified":"2025-06-26T06:04:00+00:00","breadcrumb":{"@id":"https:\/\/www.yoroow.com\/pt\/pormenor-do-produto\/bom-preco-agua-quente-e-fria-agua-de-furo-unico-torneira-de-lavatorio-de-casa-de-banho-torneira-misturadora-de-lavatorio-de-zinco-preto-para-hotel-villa-ou-casa-de-banho\/#breadcrumb"},"inLanguage":"pt-PT","potentialAction":[{"@type":"ReadAction","target":["https:\/\/www.yoroow.com\/pt\/pormenor-do-produto\/bom-preco-agua-quente-e-fria-agua-de-furo-unico-torneira-de-lavatorio-de-casa-de-banho-torneira-misturadora-de-lavatorio-de-zinco-preto-para-hotel-villa-ou-casa-de-banho\/"]}]},{"@type":"ImageObject","inLanguage":"pt-PT","@id":"https:\/\/www.yoroow.com\/pt\/pormenor-do-produto\/bom-preco-agua-quente-e-fria-agua-de-furo-unico-torneira-de-lavatorio-de-casa-de-banho-torneira-misturadora-de-lavatorio-de-zinco-preto-para-hotel-villa-ou-casa-de-banho\/#primaryimage","url":"https:\/\/www.yoroow.com\/wp-content\/uploads\/2025\/06\/34-1.jpg","contentUrl":"https:\/\/www.yoroow.com\/wp-content\/uploads\/2025\/06\/34-1.jpg","width":866,"height":866},{"@type":"BreadcrumbList","@id":"https:\/\/www.yoroow.com\/pt\/pormenor-do-produto\/bom-preco-agua-quente-e-fria-agua-de-furo-unico-torneira-de-lavatorio-de-casa-de-banho-torneira-misturadora-de-lavatorio-de-zinco-preto-para-hotel-villa-ou-casa-de-banho\/#breadcrumb","itemListElement":[{"@type":"ListItem","position":1,"name":"home","item":"https:\/\/www.yoroow.com\/"},{"@type":"ListItem","position":2,"name":"Product","item":"https:\/\/www.yoroow.com\/product\/"},{"@type":"ListItem","position":3,"name":"Good Price Hot and Cold Water Single-Hole Bathroom Washbasin Tap Black Zinc Basin Mixer Faucet for Hotel Villa or Bathroom Use"}]},{"@type":"WebSite","@id":"https:\/\/www.yoroow.com\/pt\/#website","url":"https:\/\/www.yoroow.com\/pt\/","name":"YOROOW","description":"","publisher":{"@id":"https:\/\/www.yoroow.com\/pt\/#organization"},"potentialAction":[{"@type":"SearchAction","target":{"@type":"EntryPoint","urlTemplate":"https:\/\/www.yoroow.com\/pt\/?s={search_term_string}"},"query-input":{"@type":"PropertyValueSpecification","valueRequired":true,"valueName":"search_term_string"}}],"inLanguage":"pt-PT"},{"@type":"Organization","@id":"https:\/\/www.yoroow.com\/pt\/#organization","name":"YOROOW","url":"https:\/\/www.yoroow.com\/pt\/","logo":{"@type":"ImageObject","inLanguage":"pt-PT","@id":"https:\/\/www.yoroow.com\/pt\/#\/schema\/logo\/image\/","url":"https:\/\/www.yoroow.com\/wp-content\/uploads\/2024\/12\/2024123007131061.png","contentUrl":"https:\/\/www.yoroow.com\/wp-content\/uploads\/2024\/12\/2024123007131061.png","width":168,"height":27,"caption":"YOROOW"},"image":{"@id":"https:\/\/www.yoroow.com\/pt\/#\/schema\/logo\/image\/"},"sameAs":["https:\/\/www.facebook.com\/people\/yoroowfaucetfactory\/61564236752362\/"]}]}},"_links":{"self":[{"href":"https:\/\/www.yoroow.com\/pt\/wp-json\/wp\/v2\/product\/21496","targetHints":{"allow":["GET"]}}],"collection":[{"href":"https:\/\/www.yoroow.com\/pt\/wp-json\/wp\/v2\/product"}],"about":[{"href":"https:\/\/www.yoroow.com\/pt\/wp-json\/wp\/v2\/types\/product"}],"wp:featuredmedia":[{"embeddable":true,"href":"https:\/\/www.yoroow.com\/pt\/wp-json\/wp\/v2\/media\/21480"}],"wp:attachment":[{"href":"https:\/\/www.yoroow.com\/pt\/wp-json\/wp\/v2\/media?parent=21496"}],"wp:term":[{"taxonomy":"product_brand","embeddable":true,"href":"https:\/\/www.yoroow.com\/pt\/wp-json\/wp\/v2\/product_brand?post=21496"},{"taxonomy":"product_cat","embeddable":true,"href":"https:\/\/www.yoroow.com\/pt\/wp-json\/wp\/v2\/product_cat?post=21496"},{"taxonomy":"product_tag","embeddable":true,"href":"https:\/\/www.yoroow.com\/pt\/wp-json\/wp\/v2\/product_tag?post=21496"}],"curies":[{"name":"wp","href":"https:\/\/api.w.org\/{rel}","templated":true}]}}