{"id":20563,"date":"2025-05-28T10:39:44","date_gmt":"2025-05-28T02:39:44","guid":{"rendered":"https:\/\/www.yoroow.com\/?post_type=product&#038;p=20563"},"modified":"2025-06-09T09:42:46","modified_gmt":"2025-06-09T01:42:46","slug":"luxury-single-handle-brass-swan-shape-basin-faucet-golden-waterfall-hot-cold-mixer-cellular-foaming-device-anti-slip-rotation-for-bathroom","status":"publish","type":"product","link":"https:\/\/www.yoroow.com\/pt\/pormenor-do-produto\/luxury-single-handle-brass-swan-shape-basin-faucet-golden-waterfall-hot-cold-mixer-cellular-foaming-device-anti-slip-rotation-for-bathroom\/","title":{"rendered":"Torneira de lavat\u00f3rio de luxo em lat\u00e3o de man\u00edpulo \u00fanico em forma de cisne Misturador de \u00e1gua quente e fria em cascata dourada Dispositivo de espuma celular Rota\u00e7\u00e3o antiderrapante para casa de banho"},"content":{"rendered":"","protected":false},"excerpt":{"rendered":"","protected":false},"featured_media":20546,"template":"","meta":{"_acf_changed":false,"_kad_post_transparent":"default","_kad_post_title":"","_kad_post_layout":"default","_kad_post_sidebar_id":"","_kad_post_content_style":"default","_kad_post_vertical_padding":"default","_kad_post_feature":"","_kad_post_feature_position":"","_kad_post_header":false,"_kad_post_footer":false},"product_brand":[],"product_cat":[238],"product_tag":[5895,5277],"class_list":{"0":"post-20563","1":"product","2":"type-product","3":"status-publish","4":"has-post-thumbnail","6":"product_cat-mixer-basin-faucet","7":"product_tag-brass-waterfall-faucet-for-basin","8":"product_tag-golden-single-handle-bathroom-basin-faucet","10":"first","11":"instock","12":"featured","13":"shipping-taxable","14":"purchasable","15":"product-type-variable","16":"wvs-archive-product-wrapper","17":"entry","18":"content-bg","19":"loop-entry"},"acf":[],"yoast_head":"<!-- This site is optimized with the Yoast SEO Premium plugin v25.4 (Yoast SEO v27.0) - https:\/\/yoast.com\/product\/yoast-seo-premium-wordpress\/ -->\n<title>Luxury Single-Handle Brass Swan-Shape Basin Faucet Golden Waterfall Hot Cold Mixer Cellular Foaming Device Anti-Slip Rotation for Bathroom - YOROOW<\/title>\n<meta name=\"robots\" content=\"index, follow, max-snippet:-1, max-image-preview:large, max-video-preview:-1\" \/>\n<link rel=\"canonical\" href=\"https:\/\/www.yoroow.com\/pt\/pormenor-do-produto\/luxury-single-handle-brass-swan-shape-basin-faucet-golden-waterfall-hot-cold-mixer-cellular-foaming-device-anti-slip-rotation-for-bathroom\/\" \/>\n<meta property=\"og:locale\" content=\"pt_PT\" \/>\n<meta property=\"og:type\" content=\"article\" \/>\n<meta property=\"og:title\" content=\"Luxury Single-Handle Brass Swan-Shape Basin Faucet Golden Waterfall Hot Cold Mixer Cellular Foaming Device Anti-Slip Rotation for Bathroom\" \/>\n<meta property=\"og:url\" content=\"https:\/\/www.yoroow.com\/pt\/pormenor-do-produto\/luxury-single-handle-brass-swan-shape-basin-faucet-golden-waterfall-hot-cold-mixer-cellular-foaming-device-anti-slip-rotation-for-bathroom\/\" \/>\n<meta property=\"og:site_name\" content=\"YOROOW\" \/>\n<meta property=\"article:publisher\" content=\"https:\/\/www.facebook.com\/people\/yoroowfaucetfactory\/61564236752362\/\" \/>\n<meta property=\"article:modified_time\" content=\"2025-06-09T01:42:46+00:00\" \/>\n<meta property=\"og:image\" content=\"https:\/\/www.yoroow.com\/wp-content\/uploads\/2025\/05\/7335C5.jpg\" \/>\n\t<meta property=\"og:image:width\" content=\"800\" \/>\n\t<meta property=\"og:image:height\" content=\"800\" \/>\n\t<meta property=\"og:image:type\" content=\"image\/jpeg\" \/>\n<meta name=\"twitter:card\" content=\"summary_large_image\" \/>\n<meta name=\"twitter:label1\" content=\"Est. reading time\" \/>\n\t<meta name=\"twitter:data1\" content=\"1 minuto\" \/>\n<script type=\"application\/ld+json\" class=\"yoast-schema-graph\">{\"@context\":\"https:\/\/schema.org\",\"@graph\":[{\"@type\":\"WebPage\",\"@id\":\"https:\/\/www.yoroow.com\/pt\/pormenor-do-produto\/luxury-single-handle-brass-swan-shape-basin-faucet-golden-waterfall-hot-cold-mixer-cellular-foaming-device-anti-slip-rotation-for-bathroom\/\",\"url\":\"https:\/\/www.yoroow.com\/pt\/pormenor-do-produto\/luxury-single-handle-brass-swan-shape-basin-faucet-golden-waterfall-hot-cold-mixer-cellular-foaming-device-anti-slip-rotation-for-bathroom\/\",\"name\":\"Luxury Single-Handle Brass Swan-Shape Basin Faucet Golden Waterfall Hot Cold Mixer Cellular Foaming Device Anti-Slip Rotation for Bathroom - YOROOW\",\"isPartOf\":{\"@id\":\"https:\/\/www.yoroow.com\/pt\/#website\"},\"primaryImageOfPage\":{\"@id\":\"https:\/\/www.yoroow.com\/pt\/pormenor-do-produto\/luxury-single-handle-brass-swan-shape-basin-faucet-golden-waterfall-hot-cold-mixer-cellular-foaming-device-anti-slip-rotation-for-bathroom\/#primaryimage\"},\"image\":{\"@id\":\"https:\/\/www.yoroow.com\/pt\/pormenor-do-produto\/luxury-single-handle-brass-swan-shape-basin-faucet-golden-waterfall-hot-cold-mixer-cellular-foaming-device-anti-slip-rotation-for-bathroom\/#primaryimage\"},\"thumbnailUrl\":\"https:\/\/www.yoroow.com\/wp-content\/uploads\/2025\/05\/7335C5.jpg\",\"datePublished\":\"2025-05-28T02:39:44+00:00\",\"dateModified\":\"2025-06-09T01:42:46+00:00\",\"breadcrumb\":{\"@id\":\"https:\/\/www.yoroow.com\/pt\/pormenor-do-produto\/luxury-single-handle-brass-swan-shape-basin-faucet-golden-waterfall-hot-cold-mixer-cellular-foaming-device-anti-slip-rotation-for-bathroom\/#breadcrumb\"},\"inLanguage\":\"pt-PT\",\"potentialAction\":[{\"@type\":\"ReadAction\",\"target\":[\"https:\/\/www.yoroow.com\/pt\/pormenor-do-produto\/luxury-single-handle-brass-swan-shape-basin-faucet-golden-waterfall-hot-cold-mixer-cellular-foaming-device-anti-slip-rotation-for-bathroom\/\"]}]},{\"@type\":\"ImageObject\",\"inLanguage\":\"pt-PT\",\"@id\":\"https:\/\/www.yoroow.com\/pt\/pormenor-do-produto\/luxury-single-handle-brass-swan-shape-basin-faucet-golden-waterfall-hot-cold-mixer-cellular-foaming-device-anti-slip-rotation-for-bathroom\/#primaryimage\",\"url\":\"https:\/\/www.yoroow.com\/wp-content\/uploads\/2025\/05\/7335C5.jpg\",\"contentUrl\":\"https:\/\/www.yoroow.com\/wp-content\/uploads\/2025\/05\/7335C5.jpg\",\"width\":800,\"height\":800},{\"@type\":\"BreadcrumbList\",\"@id\":\"https:\/\/www.yoroow.com\/pt\/pormenor-do-produto\/luxury-single-handle-brass-swan-shape-basin-faucet-golden-waterfall-hot-cold-mixer-cellular-foaming-device-anti-slip-rotation-for-bathroom\/#breadcrumb\",\"itemListElement\":[{\"@type\":\"ListItem\",\"position\":1,\"name\":\"home\",\"item\":\"https:\/\/www.yoroow.com\/\"},{\"@type\":\"ListItem\",\"position\":2,\"name\":\"Product\",\"item\":\"https:\/\/www.yoroow.com\/product\/\"},{\"@type\":\"ListItem\",\"position\":3,\"name\":\"Luxury Single-Handle Brass Swan-Shape Basin Faucet Golden Waterfall Hot Cold Mixer Cellular Foaming Device Anti-Slip Rotation for Bathroom\"}]},{\"@type\":\"WebSite\",\"@id\":\"https:\/\/www.yoroow.com\/pt\/#website\",\"url\":\"https:\/\/www.yoroow.com\/pt\/\",\"name\":\"YOROOW\",\"description\":\"\",\"publisher\":{\"@id\":\"https:\/\/www.yoroow.com\/pt\/#organization\"},\"potentialAction\":[{\"@type\":\"SearchAction\",\"target\":{\"@type\":\"EntryPoint\",\"urlTemplate\":\"https:\/\/www.yoroow.com\/pt\/?s={search_term_string}\"},\"query-input\":{\"@type\":\"PropertyValueSpecification\",\"valueRequired\":true,\"valueName\":\"search_term_string\"}}],\"inLanguage\":\"pt-PT\"},{\"@type\":\"Organization\",\"@id\":\"https:\/\/www.yoroow.com\/pt\/#organization\",\"name\":\"YOROOW\",\"url\":\"https:\/\/www.yoroow.com\/pt\/\",\"logo\":{\"@type\":\"ImageObject\",\"inLanguage\":\"pt-PT\",\"@id\":\"https:\/\/www.yoroow.com\/pt\/#\/schema\/logo\/image\/\",\"url\":\"https:\/\/www.yoroow.com\/wp-content\/uploads\/2024\/12\/2024123007131061.png\",\"contentUrl\":\"https:\/\/www.yoroow.com\/wp-content\/uploads\/2024\/12\/2024123007131061.png\",\"width\":168,\"height\":27,\"caption\":\"YOROOW\"},\"image\":{\"@id\":\"https:\/\/www.yoroow.com\/pt\/#\/schema\/logo\/image\/\"},\"sameAs\":[\"https:\/\/www.facebook.com\/people\/yoroowfaucetfactory\/61564236752362\/\"]}]}<\/script>\n<!-- \/ Yoast SEO Premium plugin. -->","yoast_head_json":{"title":"Luxury Single-Handle Brass Swan-Shape Basin Faucet Golden Waterfall Hot Cold Mixer Cellular Foaming Device Anti-Slip Rotation for Bathroom - YOROOW","robots":{"index":"index","follow":"follow","max-snippet":"max-snippet:-1","max-image-preview":"max-image-preview:large","max-video-preview":"max-video-preview:-1"},"canonical":"https:\/\/www.yoroow.com\/pt\/pormenor-do-produto\/luxury-single-handle-brass-swan-shape-basin-faucet-golden-waterfall-hot-cold-mixer-cellular-foaming-device-anti-slip-rotation-for-bathroom\/","og_locale":"pt_PT","og_type":"article","og_title":"Luxury Single-Handle Brass Swan-Shape Basin Faucet Golden Waterfall Hot Cold Mixer Cellular Foaming Device Anti-Slip Rotation for Bathroom","og_url":"https:\/\/www.yoroow.com\/pt\/pormenor-do-produto\/luxury-single-handle-brass-swan-shape-basin-faucet-golden-waterfall-hot-cold-mixer-cellular-foaming-device-anti-slip-rotation-for-bathroom\/","og_site_name":"YOROOW","article_publisher":"https:\/\/www.facebook.com\/people\/yoroowfaucetfactory\/61564236752362\/","article_modified_time":"2025-06-09T01:42:46+00:00","og_image":[{"width":800,"height":800,"url":"https:\/\/www.yoroow.com\/wp-content\/uploads\/2025\/05\/7335C5.jpg","type":"image\/jpeg"}],"twitter_card":"summary_large_image","twitter_misc":{"Est. reading time":"1 minuto"},"schema":{"@context":"https:\/\/schema.org","@graph":[{"@type":"WebPage","@id":"https:\/\/www.yoroow.com\/pt\/pormenor-do-produto\/luxury-single-handle-brass-swan-shape-basin-faucet-golden-waterfall-hot-cold-mixer-cellular-foaming-device-anti-slip-rotation-for-bathroom\/","url":"https:\/\/www.yoroow.com\/pt\/pormenor-do-produto\/luxury-single-handle-brass-swan-shape-basin-faucet-golden-waterfall-hot-cold-mixer-cellular-foaming-device-anti-slip-rotation-for-bathroom\/","name":"Luxury Single-Handle Brass Swan-Shape Basin Faucet Golden Waterfall Hot Cold Mixer Cellular Foaming Device Anti-Slip Rotation for Bathroom - YOROOW","isPartOf":{"@id":"https:\/\/www.yoroow.com\/pt\/#website"},"primaryImageOfPage":{"@id":"https:\/\/www.yoroow.com\/pt\/pormenor-do-produto\/luxury-single-handle-brass-swan-shape-basin-faucet-golden-waterfall-hot-cold-mixer-cellular-foaming-device-anti-slip-rotation-for-bathroom\/#primaryimage"},"image":{"@id":"https:\/\/www.yoroow.com\/pt\/pormenor-do-produto\/luxury-single-handle-brass-swan-shape-basin-faucet-golden-waterfall-hot-cold-mixer-cellular-foaming-device-anti-slip-rotation-for-bathroom\/#primaryimage"},"thumbnailUrl":"https:\/\/www.yoroow.com\/wp-content\/uploads\/2025\/05\/7335C5.jpg","datePublished":"2025-05-28T02:39:44+00:00","dateModified":"2025-06-09T01:42:46+00:00","breadcrumb":{"@id":"https:\/\/www.yoroow.com\/pt\/pormenor-do-produto\/luxury-single-handle-brass-swan-shape-basin-faucet-golden-waterfall-hot-cold-mixer-cellular-foaming-device-anti-slip-rotation-for-bathroom\/#breadcrumb"},"inLanguage":"pt-PT","potentialAction":[{"@type":"ReadAction","target":["https:\/\/www.yoroow.com\/pt\/pormenor-do-produto\/luxury-single-handle-brass-swan-shape-basin-faucet-golden-waterfall-hot-cold-mixer-cellular-foaming-device-anti-slip-rotation-for-bathroom\/"]}]},{"@type":"ImageObject","inLanguage":"pt-PT","@id":"https:\/\/www.yoroow.com\/pt\/pormenor-do-produto\/luxury-single-handle-brass-swan-shape-basin-faucet-golden-waterfall-hot-cold-mixer-cellular-foaming-device-anti-slip-rotation-for-bathroom\/#primaryimage","url":"https:\/\/www.yoroow.com\/wp-content\/uploads\/2025\/05\/7335C5.jpg","contentUrl":"https:\/\/www.yoroow.com\/wp-content\/uploads\/2025\/05\/7335C5.jpg","width":800,"height":800},{"@type":"BreadcrumbList","@id":"https:\/\/www.yoroow.com\/pt\/pormenor-do-produto\/luxury-single-handle-brass-swan-shape-basin-faucet-golden-waterfall-hot-cold-mixer-cellular-foaming-device-anti-slip-rotation-for-bathroom\/#breadcrumb","itemListElement":[{"@type":"ListItem","position":1,"name":"home","item":"https:\/\/www.yoroow.com\/"},{"@type":"ListItem","position":2,"name":"Product","item":"https:\/\/www.yoroow.com\/product\/"},{"@type":"ListItem","position":3,"name":"Luxury Single-Handle Brass Swan-Shape Basin Faucet Golden Waterfall Hot Cold Mixer Cellular Foaming Device Anti-Slip Rotation for Bathroom"}]},{"@type":"WebSite","@id":"https:\/\/www.yoroow.com\/pt\/#website","url":"https:\/\/www.yoroow.com\/pt\/","name":"YOROOW","description":"","publisher":{"@id":"https:\/\/www.yoroow.com\/pt\/#organization"},"potentialAction":[{"@type":"SearchAction","target":{"@type":"EntryPoint","urlTemplate":"https:\/\/www.yoroow.com\/pt\/?s={search_term_string}"},"query-input":{"@type":"PropertyValueSpecification","valueRequired":true,"valueName":"search_term_string"}}],"inLanguage":"pt-PT"},{"@type":"Organization","@id":"https:\/\/www.yoroow.com\/pt\/#organization","name":"YOROOW","url":"https:\/\/www.yoroow.com\/pt\/","logo":{"@type":"ImageObject","inLanguage":"pt-PT","@id":"https:\/\/www.yoroow.com\/pt\/#\/schema\/logo\/image\/","url":"https:\/\/www.yoroow.com\/wp-content\/uploads\/2024\/12\/2024123007131061.png","contentUrl":"https:\/\/www.yoroow.com\/wp-content\/uploads\/2024\/12\/2024123007131061.png","width":168,"height":27,"caption":"YOROOW"},"image":{"@id":"https:\/\/www.yoroow.com\/pt\/#\/schema\/logo\/image\/"},"sameAs":["https:\/\/www.facebook.com\/people\/yoroowfaucetfactory\/61564236752362\/"]}]}},"_links":{"self":[{"href":"https:\/\/www.yoroow.com\/pt\/wp-json\/wp\/v2\/product\/20563","targetHints":{"allow":["GET"]}}],"collection":[{"href":"https:\/\/www.yoroow.com\/pt\/wp-json\/wp\/v2\/product"}],"about":[{"href":"https:\/\/www.yoroow.com\/pt\/wp-json\/wp\/v2\/types\/product"}],"wp:featuredmedia":[{"embeddable":true,"href":"https:\/\/www.yoroow.com\/pt\/wp-json\/wp\/v2\/media\/20546"}],"wp:attachment":[{"href":"https:\/\/www.yoroow.com\/pt\/wp-json\/wp\/v2\/media?parent=20563"}],"wp:term":[{"taxonomy":"product_brand","embeddable":true,"href":"https:\/\/www.yoroow.com\/pt\/wp-json\/wp\/v2\/product_brand?post=20563"},{"taxonomy":"product_cat","embeddable":true,"href":"https:\/\/www.yoroow.com\/pt\/wp-json\/wp\/v2\/product_cat?post=20563"},{"taxonomy":"product_tag","embeddable":true,"href":"https:\/\/www.yoroow.com\/pt\/wp-json\/wp\/v2\/product_tag?post=20563"}],"curies":[{"name":"wp","href":"https:\/\/api.w.org\/{rel}","templated":true}]}}