{"id":19767,"date":"2025-05-08T17:29:25","date_gmt":"2025-05-08T09:29:25","guid":{"rendered":"https:\/\/www.yoroow.com\/?post_type=product&#038;p=19767"},"modified":"2025-06-09T10:02:30","modified_gmt":"2025-06-09T02:02:30","slug":"conjunto-de-duche-de-parede-com-funcao-de-chuva-cromada-contemporanea-estilo-romantico-torneira-de-duche-de-chuva-oculta-torneiras-de-duche-de-banho","status":"publish","type":"product","link":"https:\/\/www.yoroow.com\/pt\/pormenor-do-produto\/conjunto-de-duche-de-parede-com-funcao-de-chuva-cromada-contemporanea-estilo-romantico-torneira-de-duche-de-chuva-oculta-torneiras-de-duche-de-banho\/","title":{"rendered":"Conjunto de duche de parede com fun\u00e7\u00e3o de chuva cromada contempor\u00e2nea Conjunto de duche de estilo rom\u00e2ntico com torneira de duche de chuva oculta Torneiras de duche de banheira"},"content":{"rendered":"<p>Conjunto de duche de parede com fun\u00e7\u00e3o de chuva cromada contempor\u00e2nea Torneira de duche de chuva oculta de estilo rom\u00e2ntico As torneiras de duche de banheira proporcionam uma experi\u00eancia de duche rom\u00e2ntica e elegante com uma instala\u00e7\u00e3o oculta e fun\u00e7\u00e3o de \u00e1gua da chuva. O acabamento cromado proporciona um aspeto refletor e moderno com resist\u00eancia \u00e0 corros\u00e3o. Concebido para montagem na parede em casas de banho residenciais ou de hot\u00e9is boutique, o conjunto de chuveiro apresenta um fluxo de \u00e1gua suave e uma regula\u00e7\u00e3o f\u00e1cil da temperatura. Fabricado numa f\u00e1brica chinesa especializada em acess\u00f3rios de casa de banho em lat\u00e3o cromado, o produto \u00e9 testado quanto \u00e0 sua resist\u00eancia a fugas e durabilidade. Destina-se a consumidores da Am\u00e9rica do Sul e do Sudeste Asi\u00e1tico, especialmente no Brasil, Mal\u00e1sia e Vietname, que procuram chuveiros elegantes e funcionais. Servi\u00e7os OEM e de exporta\u00e7\u00e3o dispon\u00edveis. |<\/p>","protected":false},"excerpt":{"rendered":"<p>Contemporary Chrome Rain Function Wall-Mounted Shower Set Romantic Style Concealed Rainfall Shower Faucet Bath Shower Faucets delivers a romantic and elegant shower experience with a concealed installation and rainfall water function. The chrome finish provides a reflective, modern look with corrosion resistance. Designed for wall mounting in residential or boutique hotel bathrooms, the shower set\u2026<\/p>","protected":false},"featured_media":19770,"template":"","meta":{"_acf_changed":false,"_kad_post_transparent":"default","_kad_post_title":"","_kad_post_layout":"default","_kad_post_sidebar_id":"","_kad_post_content_style":"default","_kad_post_vertical_padding":"default","_kad_post_feature":"","_kad_post_feature_position":"","_kad_post_header":false,"_kad_post_footer":false},"product_brand":[],"product_cat":[1570,7865],"product_tag":[],"class_list":{"0":"post-19767","1":"product","2":"type-product","3":"status-publish","4":"has-post-thumbnail","6":"product_cat-shower-arm","7":"product_cat-c-shower","9":"first","10":"instock","11":"shipping-taxable","12":"product-type-variable","13":"wvs-archive-product-wrapper","14":"entry","15":"content-bg","16":"loop-entry"},"acf":[],"yoast_head":"<!-- This site is optimized with the Yoast SEO Premium plugin v25.4 (Yoast SEO v27.0) - https:\/\/yoast.com\/product\/yoast-seo-premium-wordpress\/ -->\n<title>Contemporary Chrome Rain Function Wall-Mounted Shower Set Romantic Style Concealed Rainfall Shower Faucet Bath Shower Faucets - YOROOW<\/title>\n<meta name=\"description\" content=\"Contemporary chrome rain function wall-mounted shower set with romantic style concealed rainfall faucet, suitable for stylish bathrooms, factory direct, popular in South American and Southeast Asian markets.\" \/>\n<meta name=\"robots\" content=\"index, follow, max-snippet:-1, max-image-preview:large, max-video-preview:-1\" \/>\n<link rel=\"canonical\" href=\"https:\/\/www.yoroow.com\/pt\/pormenor-do-produto\/conjunto-de-duche-de-parede-com-funcao-de-chuva-cromada-contemporanea-estilo-romantico-torneira-de-duche-de-chuva-oculta-torneiras-de-duche-de-banho\/\" \/>\n<meta property=\"og:locale\" content=\"pt_PT\" \/>\n<meta property=\"og:type\" content=\"article\" \/>\n<meta property=\"og:title\" content=\"Contemporary Chrome Rain Function Wall-Mounted Shower Set Romantic Style Concealed Rainfall Shower Faucet Bath Shower Faucets\" \/>\n<meta property=\"og:description\" content=\"Contemporary chrome rain function wall-mounted shower set with romantic style concealed rainfall faucet, suitable for stylish bathrooms, factory direct, popular in South American and Southeast Asian markets.\" \/>\n<meta property=\"og:url\" content=\"https:\/\/www.yoroow.com\/pt\/pormenor-do-produto\/conjunto-de-duche-de-parede-com-funcao-de-chuva-cromada-contemporanea-estilo-romantico-torneira-de-duche-de-chuva-oculta-torneiras-de-duche-de-banho\/\" \/>\n<meta property=\"og:site_name\" content=\"YOROOW\" \/>\n<meta property=\"article:publisher\" content=\"https:\/\/www.facebook.com\/people\/yoroowfaucetfactory\/61564236752362\/\" \/>\n<meta property=\"article:modified_time\" content=\"2025-06-09T02:02:30+00:00\" \/>\n<meta property=\"og:image\" content=\"https:\/\/www.yoroow.com\/wp-content\/uploads\/2025\/05\/3333333333333333333333333333.jpg\" \/>\n\t<meta property=\"og:image:width\" content=\"1191\" \/>\n\t<meta property=\"og:image:height\" content=\"1191\" \/>\n\t<meta property=\"og:image:type\" content=\"image\/jpeg\" \/>\n<meta name=\"twitter:card\" content=\"summary_large_image\" \/>\n<meta name=\"twitter:label1\" content=\"Est. reading time\" \/>\n\t<meta name=\"twitter:data1\" content=\"1 minuto\" \/>\n<script type=\"application\/ld+json\" class=\"yoast-schema-graph\">{\"@context\":\"https:\/\/schema.org\",\"@graph\":[{\"@type\":\"WebPage\",\"@id\":\"https:\/\/www.yoroow.com\/pt\/pormenor-do-produto\/conjunto-de-duche-de-parede-com-funcao-de-chuva-cromada-contemporanea-estilo-romantico-torneira-de-duche-de-chuva-oculta-torneiras-de-duche-de-banho\/\",\"url\":\"https:\/\/www.yoroow.com\/pt\/pormenor-do-produto\/conjunto-de-duche-de-parede-com-funcao-de-chuva-cromada-contemporanea-estilo-romantico-torneira-de-duche-de-chuva-oculta-torneiras-de-duche-de-banho\/\",\"name\":\"Contemporary Chrome Rain Function Wall-Mounted Shower Set Romantic Style Concealed Rainfall Shower Faucet Bath Shower Faucets - YOROOW\",\"isPartOf\":{\"@id\":\"https:\/\/www.yoroow.com\/pt\/#website\"},\"primaryImageOfPage\":{\"@id\":\"https:\/\/www.yoroow.com\/pt\/pormenor-do-produto\/conjunto-de-duche-de-parede-com-funcao-de-chuva-cromada-contemporanea-estilo-romantico-torneira-de-duche-de-chuva-oculta-torneiras-de-duche-de-banho\/#primaryimage\"},\"image\":{\"@id\":\"https:\/\/www.yoroow.com\/pt\/pormenor-do-produto\/conjunto-de-duche-de-parede-com-funcao-de-chuva-cromada-contemporanea-estilo-romantico-torneira-de-duche-de-chuva-oculta-torneiras-de-duche-de-banho\/#primaryimage\"},\"thumbnailUrl\":\"https:\/\/www.yoroow.com\/wp-content\/uploads\/2025\/05\/3333333333333333333333333333.jpg\",\"datePublished\":\"2025-05-08T09:29:25+00:00\",\"dateModified\":\"2025-06-09T02:02:30+00:00\",\"description\":\"Contemporary chrome rain function wall-mounted shower set with romantic style concealed rainfall faucet, suitable for stylish bathrooms, factory direct, popular in South American and Southeast Asian markets.\",\"breadcrumb\":{\"@id\":\"https:\/\/www.yoroow.com\/pt\/pormenor-do-produto\/conjunto-de-duche-de-parede-com-funcao-de-chuva-cromada-contemporanea-estilo-romantico-torneira-de-duche-de-chuva-oculta-torneiras-de-duche-de-banho\/#breadcrumb\"},\"inLanguage\":\"pt-PT\",\"potentialAction\":[{\"@type\":\"ReadAction\",\"target\":[\"https:\/\/www.yoroow.com\/pt\/pormenor-do-produto\/conjunto-de-duche-de-parede-com-funcao-de-chuva-cromada-contemporanea-estilo-romantico-torneira-de-duche-de-chuva-oculta-torneiras-de-duche-de-banho\/\"]}]},{\"@type\":\"ImageObject\",\"inLanguage\":\"pt-PT\",\"@id\":\"https:\/\/www.yoroow.com\/pt\/pormenor-do-produto\/conjunto-de-duche-de-parede-com-funcao-de-chuva-cromada-contemporanea-estilo-romantico-torneira-de-duche-de-chuva-oculta-torneiras-de-duche-de-banho\/#primaryimage\",\"url\":\"https:\/\/www.yoroow.com\/wp-content\/uploads\/2025\/05\/3333333333333333333333333333.jpg\",\"contentUrl\":\"https:\/\/www.yoroow.com\/wp-content\/uploads\/2025\/05\/3333333333333333333333333333.jpg\",\"width\":1191,\"height\":1191,\"caption\":\"Modern Design Stainless Steel 304 Bathroom Folding Towel Rack Heated Bath Towel Rail Bar for Hotels\"},{\"@type\":\"BreadcrumbList\",\"@id\":\"https:\/\/www.yoroow.com\/pt\/pormenor-do-produto\/conjunto-de-duche-de-parede-com-funcao-de-chuva-cromada-contemporanea-estilo-romantico-torneira-de-duche-de-chuva-oculta-torneiras-de-duche-de-banho\/#breadcrumb\",\"itemListElement\":[{\"@type\":\"ListItem\",\"position\":1,\"name\":\"home\",\"item\":\"https:\/\/www.yoroow.com\/\"},{\"@type\":\"ListItem\",\"position\":2,\"name\":\"Product\",\"item\":\"https:\/\/www.yoroow.com\/product\/\"},{\"@type\":\"ListItem\",\"position\":3,\"name\":\"Contemporary Chrome Rain Function Wall-Mounted Shower Set Romantic Style Concealed Rainfall Shower Faucet Bath Shower Faucets\"}]},{\"@type\":\"WebSite\",\"@id\":\"https:\/\/www.yoroow.com\/pt\/#website\",\"url\":\"https:\/\/www.yoroow.com\/pt\/\",\"name\":\"YOROOW\",\"description\":\"\",\"publisher\":{\"@id\":\"https:\/\/www.yoroow.com\/pt\/#organization\"},\"potentialAction\":[{\"@type\":\"SearchAction\",\"target\":{\"@type\":\"EntryPoint\",\"urlTemplate\":\"https:\/\/www.yoroow.com\/pt\/?s={search_term_string}\"},\"query-input\":{\"@type\":\"PropertyValueSpecification\",\"valueRequired\":true,\"valueName\":\"search_term_string\"}}],\"inLanguage\":\"pt-PT\"},{\"@type\":\"Organization\",\"@id\":\"https:\/\/www.yoroow.com\/pt\/#organization\",\"name\":\"YOROOW\",\"url\":\"https:\/\/www.yoroow.com\/pt\/\",\"logo\":{\"@type\":\"ImageObject\",\"inLanguage\":\"pt-PT\",\"@id\":\"https:\/\/www.yoroow.com\/pt\/#\/schema\/logo\/image\/\",\"url\":\"https:\/\/www.yoroow.com\/wp-content\/uploads\/2024\/12\/2024123007131061.png\",\"contentUrl\":\"https:\/\/www.yoroow.com\/wp-content\/uploads\/2024\/12\/2024123007131061.png\",\"width\":168,\"height\":27,\"caption\":\"YOROOW\"},\"image\":{\"@id\":\"https:\/\/www.yoroow.com\/pt\/#\/schema\/logo\/image\/\"},\"sameAs\":[\"https:\/\/www.facebook.com\/people\/yoroowfaucetfactory\/61564236752362\/\"]}]}<\/script>\n<!-- \/ Yoast SEO Premium plugin. -->","yoast_head_json":{"title":"Contemporary Chrome Rain Function Wall-Mounted Shower Set Romantic Style Concealed Rainfall Shower Faucet Bath Shower Faucets - YOROOW","description":"Contemporary chrome rain function wall-mounted shower set with romantic style concealed rainfall faucet, suitable for stylish bathrooms, factory direct, popular in South American and Southeast Asian markets.","robots":{"index":"index","follow":"follow","max-snippet":"max-snippet:-1","max-image-preview":"max-image-preview:large","max-video-preview":"max-video-preview:-1"},"canonical":"https:\/\/www.yoroow.com\/pt\/pormenor-do-produto\/conjunto-de-duche-de-parede-com-funcao-de-chuva-cromada-contemporanea-estilo-romantico-torneira-de-duche-de-chuva-oculta-torneiras-de-duche-de-banho\/","og_locale":"pt_PT","og_type":"article","og_title":"Contemporary Chrome Rain Function Wall-Mounted Shower Set Romantic Style Concealed Rainfall Shower Faucet Bath Shower Faucets","og_description":"Contemporary chrome rain function wall-mounted shower set with romantic style concealed rainfall faucet, suitable for stylish bathrooms, factory direct, popular in South American and Southeast Asian markets.","og_url":"https:\/\/www.yoroow.com\/pt\/pormenor-do-produto\/conjunto-de-duche-de-parede-com-funcao-de-chuva-cromada-contemporanea-estilo-romantico-torneira-de-duche-de-chuva-oculta-torneiras-de-duche-de-banho\/","og_site_name":"YOROOW","article_publisher":"https:\/\/www.facebook.com\/people\/yoroowfaucetfactory\/61564236752362\/","article_modified_time":"2025-06-09T02:02:30+00:00","og_image":[{"width":1191,"height":1191,"url":"https:\/\/www.yoroow.com\/wp-content\/uploads\/2025\/05\/3333333333333333333333333333.jpg","type":"image\/jpeg"}],"twitter_card":"summary_large_image","twitter_misc":{"Est. reading time":"1 minuto"},"schema":{"@context":"https:\/\/schema.org","@graph":[{"@type":"WebPage","@id":"https:\/\/www.yoroow.com\/pt\/pormenor-do-produto\/conjunto-de-duche-de-parede-com-funcao-de-chuva-cromada-contemporanea-estilo-romantico-torneira-de-duche-de-chuva-oculta-torneiras-de-duche-de-banho\/","url":"https:\/\/www.yoroow.com\/pt\/pormenor-do-produto\/conjunto-de-duche-de-parede-com-funcao-de-chuva-cromada-contemporanea-estilo-romantico-torneira-de-duche-de-chuva-oculta-torneiras-de-duche-de-banho\/","name":"Contemporary Chrome Rain Function Wall-Mounted Shower Set Romantic Style Concealed Rainfall Shower Faucet Bath Shower Faucets - YOROOW","isPartOf":{"@id":"https:\/\/www.yoroow.com\/pt\/#website"},"primaryImageOfPage":{"@id":"https:\/\/www.yoroow.com\/pt\/pormenor-do-produto\/conjunto-de-duche-de-parede-com-funcao-de-chuva-cromada-contemporanea-estilo-romantico-torneira-de-duche-de-chuva-oculta-torneiras-de-duche-de-banho\/#primaryimage"},"image":{"@id":"https:\/\/www.yoroow.com\/pt\/pormenor-do-produto\/conjunto-de-duche-de-parede-com-funcao-de-chuva-cromada-contemporanea-estilo-romantico-torneira-de-duche-de-chuva-oculta-torneiras-de-duche-de-banho\/#primaryimage"},"thumbnailUrl":"https:\/\/www.yoroow.com\/wp-content\/uploads\/2025\/05\/3333333333333333333333333333.jpg","datePublished":"2025-05-08T09:29:25+00:00","dateModified":"2025-06-09T02:02:30+00:00","description":"Contemporary chrome rain function wall-mounted shower set with romantic style concealed rainfall faucet, suitable for stylish bathrooms, factory direct, popular in South American and Southeast Asian markets.","breadcrumb":{"@id":"https:\/\/www.yoroow.com\/pt\/pormenor-do-produto\/conjunto-de-duche-de-parede-com-funcao-de-chuva-cromada-contemporanea-estilo-romantico-torneira-de-duche-de-chuva-oculta-torneiras-de-duche-de-banho\/#breadcrumb"},"inLanguage":"pt-PT","potentialAction":[{"@type":"ReadAction","target":["https:\/\/www.yoroow.com\/pt\/pormenor-do-produto\/conjunto-de-duche-de-parede-com-funcao-de-chuva-cromada-contemporanea-estilo-romantico-torneira-de-duche-de-chuva-oculta-torneiras-de-duche-de-banho\/"]}]},{"@type":"ImageObject","inLanguage":"pt-PT","@id":"https:\/\/www.yoroow.com\/pt\/pormenor-do-produto\/conjunto-de-duche-de-parede-com-funcao-de-chuva-cromada-contemporanea-estilo-romantico-torneira-de-duche-de-chuva-oculta-torneiras-de-duche-de-banho\/#primaryimage","url":"https:\/\/www.yoroow.com\/wp-content\/uploads\/2025\/05\/3333333333333333333333333333.jpg","contentUrl":"https:\/\/www.yoroow.com\/wp-content\/uploads\/2025\/05\/3333333333333333333333333333.jpg","width":1191,"height":1191,"caption":"Modern Design Stainless Steel 304 Bathroom Folding Towel Rack Heated Bath Towel Rail Bar for Hotels"},{"@type":"BreadcrumbList","@id":"https:\/\/www.yoroow.com\/pt\/pormenor-do-produto\/conjunto-de-duche-de-parede-com-funcao-de-chuva-cromada-contemporanea-estilo-romantico-torneira-de-duche-de-chuva-oculta-torneiras-de-duche-de-banho\/#breadcrumb","itemListElement":[{"@type":"ListItem","position":1,"name":"home","item":"https:\/\/www.yoroow.com\/"},{"@type":"ListItem","position":2,"name":"Product","item":"https:\/\/www.yoroow.com\/product\/"},{"@type":"ListItem","position":3,"name":"Contemporary Chrome Rain Function Wall-Mounted Shower Set Romantic Style Concealed Rainfall Shower Faucet Bath Shower Faucets"}]},{"@type":"WebSite","@id":"https:\/\/www.yoroow.com\/pt\/#website","url":"https:\/\/www.yoroow.com\/pt\/","name":"YOROOW","description":"","publisher":{"@id":"https:\/\/www.yoroow.com\/pt\/#organization"},"potentialAction":[{"@type":"SearchAction","target":{"@type":"EntryPoint","urlTemplate":"https:\/\/www.yoroow.com\/pt\/?s={search_term_string}"},"query-input":{"@type":"PropertyValueSpecification","valueRequired":true,"valueName":"search_term_string"}}],"inLanguage":"pt-PT"},{"@type":"Organization","@id":"https:\/\/www.yoroow.com\/pt\/#organization","name":"YOROOW","url":"https:\/\/www.yoroow.com\/pt\/","logo":{"@type":"ImageObject","inLanguage":"pt-PT","@id":"https:\/\/www.yoroow.com\/pt\/#\/schema\/logo\/image\/","url":"https:\/\/www.yoroow.com\/wp-content\/uploads\/2024\/12\/2024123007131061.png","contentUrl":"https:\/\/www.yoroow.com\/wp-content\/uploads\/2024\/12\/2024123007131061.png","width":168,"height":27,"caption":"YOROOW"},"image":{"@id":"https:\/\/www.yoroow.com\/pt\/#\/schema\/logo\/image\/"},"sameAs":["https:\/\/www.facebook.com\/people\/yoroowfaucetfactory\/61564236752362\/"]}]}},"_links":{"self":[{"href":"https:\/\/www.yoroow.com\/pt\/wp-json\/wp\/v2\/product\/19767","targetHints":{"allow":["GET"]}}],"collection":[{"href":"https:\/\/www.yoroow.com\/pt\/wp-json\/wp\/v2\/product"}],"about":[{"href":"https:\/\/www.yoroow.com\/pt\/wp-json\/wp\/v2\/types\/product"}],"wp:featuredmedia":[{"embeddable":true,"href":"https:\/\/www.yoroow.com\/pt\/wp-json\/wp\/v2\/media\/19770"}],"wp:attachment":[{"href":"https:\/\/www.yoroow.com\/pt\/wp-json\/wp\/v2\/media?parent=19767"}],"wp:term":[{"taxonomy":"product_brand","embeddable":true,"href":"https:\/\/www.yoroow.com\/pt\/wp-json\/wp\/v2\/product_brand?post=19767"},{"taxonomy":"product_cat","embeddable":true,"href":"https:\/\/www.yoroow.com\/pt\/wp-json\/wp\/v2\/product_cat?post=19767"},{"taxonomy":"product_tag","embeddable":true,"href":"https:\/\/www.yoroow.com\/pt\/wp-json\/wp\/v2\/product_tag?post=19767"}],"curies":[{"name":"wp","href":"https:\/\/api.w.org\/{rel}","templated":true}]}}