{"id":19763,"date":"2025-05-08T17:20:15","date_gmt":"2025-05-08T09:20:15","guid":{"rendered":"https:\/\/www.yoroow.com\/?post_type=product&#038;p=19763"},"modified":"2025-05-16T09:54:03","modified_gmt":"2025-05-16T01:54:03","slug":"design-moderno-aco-inoxidavel-304-toalheiro-de-casa-de-banho-dobravel-toalheiro-aquecido-barra-de-toalha-de-banho-para-hoteis","status":"publish","type":"product","link":"https:\/\/www.yoroow.com\/pt\/pormenor-do-produto\/design-moderno-aco-inoxidavel-304-toalheiro-de-casa-de-banho-dobravel-toalheiro-aquecido-barra-de-toalha-de-banho-para-hoteis\/","title":{"rendered":"Design Moderno A\u00e7o Inoxid\u00e1vel 304 Casa de Banho Toalheiro Dobr\u00e1vel Toalheiro Aquecido Barra de Toalheiro para Hot\u00e9is"},"content":{"rendered":"<p>Design moderno em a\u00e7o inoxid\u00e1vel 304 Toalheiro de casa de banho dobr\u00e1vel Toalheiro de banho aquecido Bar para hot\u00e9is oferece um design dobr\u00e1vel e economizador de espa\u00e7o feito de a\u00e7o inoxid\u00e1vel 304 resistente \u00e0 corros\u00e3o. A fun\u00e7\u00e3o de aquecimento ajuda a secar as toalhas rapidamente e a manter o calor, sendo ideal para casas de banho de hot\u00e9is e para uso residencial de luxo. A instala\u00e7\u00e3o f\u00e1cil na parede e as certifica\u00e7\u00f5es de seguran\u00e7a garantem fiabilidade e comodidade. Produzido por um fabricante chin\u00eas especializado em acess\u00f3rios de casa de banho em a\u00e7o inoxid\u00e1vel, o produto est\u00e1 em conformidade com as normas internacionais. Serve os mercados da Am\u00e9rica do Sul e do Sudeste Asi\u00e1tico, incluindo a Col\u00f4mbia, Mal\u00e1sia e Indon\u00e9sia, onde as actualiza\u00e7\u00f5es de hot\u00e9is e resid\u00eancias aumentam a procura. Est\u00e3o inclu\u00eddas op\u00e7\u00f5es OEM e servi\u00e7os de exporta\u00e7\u00e3o imediata. |<\/p>","protected":false},"excerpt":{"rendered":"<p>Modern Design Stainless Steel 304 Bathroom Folding Towel Rack Heated Bath Towel Rail Bar for Hotels offers a foldable, space-saving design made from corrosion-resistant 304 stainless steel. The heated feature helps dry towels quickly and maintain warmth, ideal for hotel bathrooms and upscale residential use. Easy wall installation and safety certifications ensure reliability and convenience\u2026.<\/p>","protected":false},"featured_media":19768,"template":"","meta":{"_acf_changed":false,"_kad_post_transparent":"default","_kad_post_title":"","_kad_post_layout":"default","_kad_post_sidebar_id":"","_kad_post_content_style":"default","_kad_post_vertical_padding":"default","_kad_post_feature":"","_kad_post_feature_position":"","_kad_post_header":false,"_kad_post_footer":false},"product_brand":[],"product_cat":[7845,7883],"product_tag":[],"class_list":{"0":"post-19763","1":"product","2":"type-product","3":"status-publish","4":"has-post-thumbnail","6":"product_cat-bathroom-accessories","7":"product_cat-c-bathroom-accessories","9":"first","10":"instock","11":"shipping-taxable","12":"purchasable","13":"product-type-variable","14":"wvs-archive-product-wrapper","15":"entry","16":"content-bg","17":"loop-entry"},"acf":[],"yoast_head":"<!-- This site is optimized with the Yoast SEO Premium plugin v25.4 (Yoast SEO v27.0) - https:\/\/yoast.com\/product\/yoast-seo-premium-wordpress\/ -->\n<title>Modern Design Stainless Steel 304 Bathroom Folding Towel Rack Heated Bath Towel Rail Bar for Hotels - YOROOW<\/title>\n<meta name=\"description\" content=\"Modern design stainless steel 304 bathroom folding towel rack with heated rail bar, ideal for hotels and residential bathrooms, durable construction, Chinese factory with strong export channels to South America and Southeast Asia.\" \/>\n<meta name=\"robots\" content=\"index, follow, max-snippet:-1, max-image-preview:large, max-video-preview:-1\" \/>\n<link rel=\"canonical\" href=\"https:\/\/www.yoroow.com\/pt\/pormenor-do-produto\/design-moderno-aco-inoxidavel-304-toalheiro-de-casa-de-banho-dobravel-toalheiro-aquecido-barra-de-toalha-de-banho-para-hoteis\/\" \/>\n<meta property=\"og:locale\" content=\"pt_PT\" \/>\n<meta property=\"og:type\" content=\"article\" \/>\n<meta property=\"og:title\" content=\"Modern Design Stainless Steel 304 Bathroom Folding Towel Rack Heated Bath Towel Rail Bar for Hotels\" \/>\n<meta property=\"og:description\" content=\"Modern design stainless steel 304 bathroom folding towel rack with heated rail bar, ideal for hotels and residential bathrooms, durable construction, Chinese factory with strong export channels to South America and Southeast Asia.\" \/>\n<meta property=\"og:url\" content=\"https:\/\/www.yoroow.com\/pt\/pormenor-do-produto\/design-moderno-aco-inoxidavel-304-toalheiro-de-casa-de-banho-dobravel-toalheiro-aquecido-barra-de-toalha-de-banho-para-hoteis\/\" \/>\n<meta property=\"og:site_name\" content=\"YOROOW\" \/>\n<meta property=\"article:publisher\" content=\"https:\/\/www.facebook.com\/people\/yoroowfaucetfactory\/61564236752362\/\" \/>\n<meta property=\"article:modified_time\" content=\"2025-05-16T01:54:03+00:00\" \/>\n<meta property=\"og:image\" content=\"https:\/\/www.yoroow.com\/wp-content\/uploads\/2025\/05\/11111111111111111.png\" \/>\n\t<meta property=\"og:image:width\" content=\"466\" \/>\n\t<meta property=\"og:image:height\" content=\"463\" \/>\n\t<meta property=\"og:image:type\" content=\"image\/png\" \/>\n<meta name=\"twitter:card\" content=\"summary_large_image\" \/>\n<meta name=\"twitter:label1\" content=\"Est. reading time\" \/>\n\t<meta name=\"twitter:data1\" content=\"1 minuto\" \/>\n<script type=\"application\/ld+json\" class=\"yoast-schema-graph\">{\"@context\":\"https:\/\/schema.org\",\"@graph\":[{\"@type\":\"WebPage\",\"@id\":\"https:\/\/www.yoroow.com\/pt\/pormenor-do-produto\/design-moderno-aco-inoxidavel-304-toalheiro-de-casa-de-banho-dobravel-toalheiro-aquecido-barra-de-toalha-de-banho-para-hoteis\/\",\"url\":\"https:\/\/www.yoroow.com\/pt\/pormenor-do-produto\/design-moderno-aco-inoxidavel-304-toalheiro-de-casa-de-banho-dobravel-toalheiro-aquecido-barra-de-toalha-de-banho-para-hoteis\/\",\"name\":\"Modern Design Stainless Steel 304 Bathroom Folding Towel Rack Heated Bath Towel Rail Bar for Hotels - YOROOW\",\"isPartOf\":{\"@id\":\"https:\/\/www.yoroow.com\/pt\/#website\"},\"primaryImageOfPage\":{\"@id\":\"https:\/\/www.yoroow.com\/pt\/pormenor-do-produto\/design-moderno-aco-inoxidavel-304-toalheiro-de-casa-de-banho-dobravel-toalheiro-aquecido-barra-de-toalha-de-banho-para-hoteis\/#primaryimage\"},\"image\":{\"@id\":\"https:\/\/www.yoroow.com\/pt\/pormenor-do-produto\/design-moderno-aco-inoxidavel-304-toalheiro-de-casa-de-banho-dobravel-toalheiro-aquecido-barra-de-toalha-de-banho-para-hoteis\/#primaryimage\"},\"thumbnailUrl\":\"https:\/\/www.yoroow.com\/wp-content\/uploads\/2025\/05\/11111111111111111.png\",\"datePublished\":\"2025-05-08T09:20:15+00:00\",\"dateModified\":\"2025-05-16T01:54:03+00:00\",\"description\":\"Modern design stainless steel 304 bathroom folding towel rack with heated rail bar, ideal for hotels and residential bathrooms, durable construction, Chinese factory with strong export channels to South America and Southeast Asia.\",\"breadcrumb\":{\"@id\":\"https:\/\/www.yoroow.com\/pt\/pormenor-do-produto\/design-moderno-aco-inoxidavel-304-toalheiro-de-casa-de-banho-dobravel-toalheiro-aquecido-barra-de-toalha-de-banho-para-hoteis\/#breadcrumb\"},\"inLanguage\":\"pt-PT\",\"potentialAction\":[{\"@type\":\"ReadAction\",\"target\":[\"https:\/\/www.yoroow.com\/pt\/pormenor-do-produto\/design-moderno-aco-inoxidavel-304-toalheiro-de-casa-de-banho-dobravel-toalheiro-aquecido-barra-de-toalha-de-banho-para-hoteis\/\"]}]},{\"@type\":\"ImageObject\",\"inLanguage\":\"pt-PT\",\"@id\":\"https:\/\/www.yoroow.com\/pt\/pormenor-do-produto\/design-moderno-aco-inoxidavel-304-toalheiro-de-casa-de-banho-dobravel-toalheiro-aquecido-barra-de-toalha-de-banho-para-hoteis\/#primaryimage\",\"url\":\"https:\/\/www.yoroow.com\/wp-content\/uploads\/2025\/05\/11111111111111111.png\",\"contentUrl\":\"https:\/\/www.yoroow.com\/wp-content\/uploads\/2025\/05\/11111111111111111.png\",\"width\":466,\"height\":463,\"caption\":\"Modern Design Stainless Steel 304 Bathroom Folding Towel Rack Heated Bath Towel Rail Bar for Hotels\"},{\"@type\":\"BreadcrumbList\",\"@id\":\"https:\/\/www.yoroow.com\/pt\/pormenor-do-produto\/design-moderno-aco-inoxidavel-304-toalheiro-de-casa-de-banho-dobravel-toalheiro-aquecido-barra-de-toalha-de-banho-para-hoteis\/#breadcrumb\",\"itemListElement\":[{\"@type\":\"ListItem\",\"position\":1,\"name\":\"home\",\"item\":\"https:\/\/www.yoroow.com\/\"},{\"@type\":\"ListItem\",\"position\":2,\"name\":\"Product\",\"item\":\"https:\/\/www.yoroow.com\/product\/\"},{\"@type\":\"ListItem\",\"position\":3,\"name\":\"Modern Design Stainless Steel 304 Bathroom Folding Towel Rack Heated Bath Towel Rail Bar for Hotels\"}]},{\"@type\":\"WebSite\",\"@id\":\"https:\/\/www.yoroow.com\/pt\/#website\",\"url\":\"https:\/\/www.yoroow.com\/pt\/\",\"name\":\"YOROOW\",\"description\":\"\",\"publisher\":{\"@id\":\"https:\/\/www.yoroow.com\/pt\/#organization\"},\"potentialAction\":[{\"@type\":\"SearchAction\",\"target\":{\"@type\":\"EntryPoint\",\"urlTemplate\":\"https:\/\/www.yoroow.com\/pt\/?s={search_term_string}\"},\"query-input\":{\"@type\":\"PropertyValueSpecification\",\"valueRequired\":true,\"valueName\":\"search_term_string\"}}],\"inLanguage\":\"pt-PT\"},{\"@type\":\"Organization\",\"@id\":\"https:\/\/www.yoroow.com\/pt\/#organization\",\"name\":\"YOROOW\",\"url\":\"https:\/\/www.yoroow.com\/pt\/\",\"logo\":{\"@type\":\"ImageObject\",\"inLanguage\":\"pt-PT\",\"@id\":\"https:\/\/www.yoroow.com\/pt\/#\/schema\/logo\/image\/\",\"url\":\"https:\/\/www.yoroow.com\/wp-content\/uploads\/2024\/12\/2024123007131061.png\",\"contentUrl\":\"https:\/\/www.yoroow.com\/wp-content\/uploads\/2024\/12\/2024123007131061.png\",\"width\":168,\"height\":27,\"caption\":\"YOROOW\"},\"image\":{\"@id\":\"https:\/\/www.yoroow.com\/pt\/#\/schema\/logo\/image\/\"},\"sameAs\":[\"https:\/\/www.facebook.com\/people\/yoroowfaucetfactory\/61564236752362\/\"]}]}<\/script>\n<!-- \/ Yoast SEO Premium plugin. -->","yoast_head_json":{"title":"Modern Design Stainless Steel 304 Bathroom Folding Towel Rack Heated Bath Towel Rail Bar for Hotels - YOROOW","description":"Modern design stainless steel 304 bathroom folding towel rack with heated rail bar, ideal for hotels and residential bathrooms, durable construction, Chinese factory with strong export channels to South America and Southeast Asia.","robots":{"index":"index","follow":"follow","max-snippet":"max-snippet:-1","max-image-preview":"max-image-preview:large","max-video-preview":"max-video-preview:-1"},"canonical":"https:\/\/www.yoroow.com\/pt\/pormenor-do-produto\/design-moderno-aco-inoxidavel-304-toalheiro-de-casa-de-banho-dobravel-toalheiro-aquecido-barra-de-toalha-de-banho-para-hoteis\/","og_locale":"pt_PT","og_type":"article","og_title":"Modern Design Stainless Steel 304 Bathroom Folding Towel Rack Heated Bath Towel Rail Bar for Hotels","og_description":"Modern design stainless steel 304 bathroom folding towel rack with heated rail bar, ideal for hotels and residential bathrooms, durable construction, Chinese factory with strong export channels to South America and Southeast Asia.","og_url":"https:\/\/www.yoroow.com\/pt\/pormenor-do-produto\/design-moderno-aco-inoxidavel-304-toalheiro-de-casa-de-banho-dobravel-toalheiro-aquecido-barra-de-toalha-de-banho-para-hoteis\/","og_site_name":"YOROOW","article_publisher":"https:\/\/www.facebook.com\/people\/yoroowfaucetfactory\/61564236752362\/","article_modified_time":"2025-05-16T01:54:03+00:00","og_image":[{"width":466,"height":463,"url":"https:\/\/www.yoroow.com\/wp-content\/uploads\/2025\/05\/11111111111111111.png","type":"image\/png"}],"twitter_card":"summary_large_image","twitter_misc":{"Est. reading time":"1 minuto"},"schema":{"@context":"https:\/\/schema.org","@graph":[{"@type":"WebPage","@id":"https:\/\/www.yoroow.com\/pt\/pormenor-do-produto\/design-moderno-aco-inoxidavel-304-toalheiro-de-casa-de-banho-dobravel-toalheiro-aquecido-barra-de-toalha-de-banho-para-hoteis\/","url":"https:\/\/www.yoroow.com\/pt\/pormenor-do-produto\/design-moderno-aco-inoxidavel-304-toalheiro-de-casa-de-banho-dobravel-toalheiro-aquecido-barra-de-toalha-de-banho-para-hoteis\/","name":"Modern Design Stainless Steel 304 Bathroom Folding Towel Rack Heated Bath Towel Rail Bar for Hotels - YOROOW","isPartOf":{"@id":"https:\/\/www.yoroow.com\/pt\/#website"},"primaryImageOfPage":{"@id":"https:\/\/www.yoroow.com\/pt\/pormenor-do-produto\/design-moderno-aco-inoxidavel-304-toalheiro-de-casa-de-banho-dobravel-toalheiro-aquecido-barra-de-toalha-de-banho-para-hoteis\/#primaryimage"},"image":{"@id":"https:\/\/www.yoroow.com\/pt\/pormenor-do-produto\/design-moderno-aco-inoxidavel-304-toalheiro-de-casa-de-banho-dobravel-toalheiro-aquecido-barra-de-toalha-de-banho-para-hoteis\/#primaryimage"},"thumbnailUrl":"https:\/\/www.yoroow.com\/wp-content\/uploads\/2025\/05\/11111111111111111.png","datePublished":"2025-05-08T09:20:15+00:00","dateModified":"2025-05-16T01:54:03+00:00","description":"Modern design stainless steel 304 bathroom folding towel rack with heated rail bar, ideal for hotels and residential bathrooms, durable construction, Chinese factory with strong export channels to South America and Southeast Asia.","breadcrumb":{"@id":"https:\/\/www.yoroow.com\/pt\/pormenor-do-produto\/design-moderno-aco-inoxidavel-304-toalheiro-de-casa-de-banho-dobravel-toalheiro-aquecido-barra-de-toalha-de-banho-para-hoteis\/#breadcrumb"},"inLanguage":"pt-PT","potentialAction":[{"@type":"ReadAction","target":["https:\/\/www.yoroow.com\/pt\/pormenor-do-produto\/design-moderno-aco-inoxidavel-304-toalheiro-de-casa-de-banho-dobravel-toalheiro-aquecido-barra-de-toalha-de-banho-para-hoteis\/"]}]},{"@type":"ImageObject","inLanguage":"pt-PT","@id":"https:\/\/www.yoroow.com\/pt\/pormenor-do-produto\/design-moderno-aco-inoxidavel-304-toalheiro-de-casa-de-banho-dobravel-toalheiro-aquecido-barra-de-toalha-de-banho-para-hoteis\/#primaryimage","url":"https:\/\/www.yoroow.com\/wp-content\/uploads\/2025\/05\/11111111111111111.png","contentUrl":"https:\/\/www.yoroow.com\/wp-content\/uploads\/2025\/05\/11111111111111111.png","width":466,"height":463,"caption":"Modern Design Stainless Steel 304 Bathroom Folding Towel Rack Heated Bath Towel Rail Bar for Hotels"},{"@type":"BreadcrumbList","@id":"https:\/\/www.yoroow.com\/pt\/pormenor-do-produto\/design-moderno-aco-inoxidavel-304-toalheiro-de-casa-de-banho-dobravel-toalheiro-aquecido-barra-de-toalha-de-banho-para-hoteis\/#breadcrumb","itemListElement":[{"@type":"ListItem","position":1,"name":"home","item":"https:\/\/www.yoroow.com\/"},{"@type":"ListItem","position":2,"name":"Product","item":"https:\/\/www.yoroow.com\/product\/"},{"@type":"ListItem","position":3,"name":"Modern Design Stainless Steel 304 Bathroom Folding Towel Rack Heated Bath Towel Rail Bar for Hotels"}]},{"@type":"WebSite","@id":"https:\/\/www.yoroow.com\/pt\/#website","url":"https:\/\/www.yoroow.com\/pt\/","name":"YOROOW","description":"","publisher":{"@id":"https:\/\/www.yoroow.com\/pt\/#organization"},"potentialAction":[{"@type":"SearchAction","target":{"@type":"EntryPoint","urlTemplate":"https:\/\/www.yoroow.com\/pt\/?s={search_term_string}"},"query-input":{"@type":"PropertyValueSpecification","valueRequired":true,"valueName":"search_term_string"}}],"inLanguage":"pt-PT"},{"@type":"Organization","@id":"https:\/\/www.yoroow.com\/pt\/#organization","name":"YOROOW","url":"https:\/\/www.yoroow.com\/pt\/","logo":{"@type":"ImageObject","inLanguage":"pt-PT","@id":"https:\/\/www.yoroow.com\/pt\/#\/schema\/logo\/image\/","url":"https:\/\/www.yoroow.com\/wp-content\/uploads\/2024\/12\/2024123007131061.png","contentUrl":"https:\/\/www.yoroow.com\/wp-content\/uploads\/2024\/12\/2024123007131061.png","width":168,"height":27,"caption":"YOROOW"},"image":{"@id":"https:\/\/www.yoroow.com\/pt\/#\/schema\/logo\/image\/"},"sameAs":["https:\/\/www.facebook.com\/people\/yoroowfaucetfactory\/61564236752362\/"]}]}},"_links":{"self":[{"href":"https:\/\/www.yoroow.com\/pt\/wp-json\/wp\/v2\/product\/19763","targetHints":{"allow":["GET"]}}],"collection":[{"href":"https:\/\/www.yoroow.com\/pt\/wp-json\/wp\/v2\/product"}],"about":[{"href":"https:\/\/www.yoroow.com\/pt\/wp-json\/wp\/v2\/types\/product"}],"wp:featuredmedia":[{"embeddable":true,"href":"https:\/\/www.yoroow.com\/pt\/wp-json\/wp\/v2\/media\/19768"}],"wp:attachment":[{"href":"https:\/\/www.yoroow.com\/pt\/wp-json\/wp\/v2\/media?parent=19763"}],"wp:term":[{"taxonomy":"product_brand","embeddable":true,"href":"https:\/\/www.yoroow.com\/pt\/wp-json\/wp\/v2\/product_brand?post=19763"},{"taxonomy":"product_cat","embeddable":true,"href":"https:\/\/www.yoroow.com\/pt\/wp-json\/wp\/v2\/product_cat?post=19763"},{"taxonomy":"product_tag","embeddable":true,"href":"https:\/\/www.yoroow.com\/pt\/wp-json\/wp\/v2\/product_tag?post=19763"}],"curies":[{"name":"wp","href":"https:\/\/api.w.org\/{rel}","templated":true}]}}