{"id":19744,"date":"2025-05-08T16:27:20","date_gmt":"2025-05-08T08:27:20","guid":{"rendered":"https:\/\/www.yoroow.com\/?post_type=product&#038;p=19744"},"modified":"2025-05-16T09:53:53","modified_gmt":"2025-05-16T01:53:53","slug":"torneiras-termostaticas-modernas-de-aco-inoxidavel-preto-mate-com-tripla-funcao-de-chuva-pulverizador-manual-bica-de-banheira-sistema-de-duche-de-banho-jetter","status":"publish","type":"product","link":"https:\/\/www.yoroow.com\/pt\/pormenor-do-produto\/torneiras-termostaticas-modernas-de-aco-inoxidavel-preto-mate-com-tripla-funcao-de-chuva-pulverizador-manual-bica-de-banheira-sistema-de-duche-de-banho-jetter\/","title":{"rendered":"Torneiras termost\u00e1ticas modernas em a\u00e7o inoxid\u00e1vel preto mate Torneiras termost\u00e1ticas com tripla fun\u00e7\u00e3o Rain Hand Sprayer Tub Spout Bath Shower System Jetter"},"content":{"rendered":"<p>Torneiras termost\u00e1ticas modernas em a\u00e7o inoxid\u00e1vel preto mate Torneiras termost\u00e1ticas com tripla fun\u00e7\u00e3o Chuveiro, pulverizador manual e bica de banheira O sistema de duche preto e de jato proporciona uma configura\u00e7\u00e3o vers\u00e1til de tr\u00eas fun\u00e7\u00f5es, incluindo chuveiro de efeito chuva, pulverizador manual e bica de banheira. O acabamento em a\u00e7o inoxid\u00e1vel preto mate oferece um aspeto contempor\u00e2neo e elegante, resistente \u00e0 corros\u00e3o e ao desgaste. O controlo termost\u00e1tico garante uma temperatura est\u00e1vel da \u00e1gua e seguran\u00e7a. Concebida para montagem na parede em casas de banho residenciais e comerciais, oferece um funcionamento f\u00e1cil e carater\u00edsticas de poupan\u00e7a de \u00e1gua. Fabricado por uma f\u00e1brica chinesa l\u00edder especializada em acess\u00f3rios de a\u00e7o inoxid\u00e1vel, este sistema \u00e9 submetido a um rigoroso controlo de qualidade e suporta a personaliza\u00e7\u00e3o OEM. \u00c9 bem recebido nos mercados da Am\u00e9rica do Sul e do Sudeste Asi\u00e1tico, incluindo o Brasil, Vietname e Indon\u00e9sia, onde a est\u00e9tica moderna e a funcionalidade s\u00e3o altamente valorizadas. |<\/p>","protected":false},"excerpt":{"rendered":"<p>Modern Stainless Steel Matte Black Thermostatic Faucets Triple Function Rain Hand Sprayer Tub Spout Bath Shower System Jetter and black shower system provides a versatile three-function setup including rain shower, handheld sprayer, and tub spout. The matte black stainless steel finish offers a contemporary, stylish look resistant to corrosion and wear. Thermostatic control guarantees stable&#8230;<\/p>","protected":false},"featured_media":19745,"template":"","meta":{"_acf_changed":false,"_kad_post_transparent":"default","_kad_post_title":"","_kad_post_layout":"default","_kad_post_sidebar_id":"","_kad_post_content_style":"default","_kad_post_vertical_padding":"default","_kad_post_feature":"","_kad_post_feature_position":"","_kad_post_header":false,"_kad_post_footer":false},"product_brand":[],"product_cat":[121,7865],"product_tag":[5522,5482],"class_list":{"0":"post-19744","1":"product","2":"type-product","3":"status-publish","4":"has-post-thumbnail","6":"product_cat-shower-set","7":"product_cat-c-shower","8":"product_tag-black-shower-system","9":"product_tag-shower-system-with-jets","11":"first","12":"instock","13":"shipping-taxable","14":"purchasable","15":"product-type-variable","16":"wvs-archive-product-wrapper","17":"entry","18":"content-bg","19":"loop-entry"},"acf":[],"yoast_head":"<!-- This site is optimized with the Yoast SEO Premium plugin v25.4 (Yoast SEO v27.0) - https:\/\/yoast.com\/product\/yoast-seo-premium-wordpress\/ -->\n<title>Modern Stainless Steel Matte Black Thermostatic Faucets Triple Function Rain Hand Sprayer Tub Spout Bath Shower System Jetter - YOROOW<\/title>\n<meta name=\"description\" content=\"Modern stainless steel matte black thermostatic faucets with triple function rain hand sprayer and tub spout, jetter system, stylish for contemporary homes, Chinese factory direct, export focus South America and Southeast Asia.\" \/>\n<meta name=\"robots\" content=\"index, follow, max-snippet:-1, max-image-preview:large, max-video-preview:-1\" \/>\n<link rel=\"canonical\" href=\"https:\/\/www.yoroow.com\/pt\/pormenor-do-produto\/torneiras-termostaticas-modernas-de-aco-inoxidavel-preto-mate-com-tripla-funcao-de-chuva-pulverizador-manual-bica-de-banheira-sistema-de-duche-de-banho-jetter\/\" \/>\n<meta property=\"og:locale\" content=\"pt_PT\" \/>\n<meta property=\"og:type\" content=\"article\" \/>\n<meta property=\"og:title\" content=\"Modern Stainless Steel Matte Black Thermostatic Faucets Triple Function Rain Hand Sprayer Tub Spout Bath Shower System Jetter\" \/>\n<meta property=\"og:description\" content=\"Modern stainless steel matte black thermostatic faucets with triple function rain hand sprayer and tub spout, jetter system, stylish for contemporary homes, Chinese factory direct, export focus South America and Southeast Asia.\" \/>\n<meta property=\"og:url\" content=\"https:\/\/www.yoroow.com\/pt\/pormenor-do-produto\/torneiras-termostaticas-modernas-de-aco-inoxidavel-preto-mate-com-tripla-funcao-de-chuva-pulverizador-manual-bica-de-banheira-sistema-de-duche-de-banho-jetter\/\" \/>\n<meta property=\"og:site_name\" content=\"YOROOW\" \/>\n<meta property=\"article:publisher\" content=\"https:\/\/www.facebook.com\/people\/yoroowfaucetfactory\/61564236752362\/\" \/>\n<meta property=\"article:modified_time\" content=\"2025-05-16T01:53:53+00:00\" \/>\n<meta property=\"og:image\" content=\"https:\/\/www.yoroow.com\/wp-content\/uploads\/2025\/05\/13831204055_1679889024.jpg\" \/>\n\t<meta property=\"og:image:width\" content=\"800\" \/>\n\t<meta property=\"og:image:height\" content=\"800\" \/>\n\t<meta property=\"og:image:type\" content=\"image\/jpeg\" \/>\n<meta name=\"twitter:card\" content=\"summary_large_image\" \/>\n<meta name=\"twitter:label1\" content=\"Est. reading time\" \/>\n\t<meta name=\"twitter:data1\" content=\"1 minuto\" \/>\n<script type=\"application\/ld+json\" class=\"yoast-schema-graph\">{\"@context\":\"https:\/\/schema.org\",\"@graph\":[{\"@type\":\"WebPage\",\"@id\":\"https:\/\/www.yoroow.com\/pt\/pormenor-do-produto\/torneiras-termostaticas-modernas-de-aco-inoxidavel-preto-mate-com-tripla-funcao-de-chuva-pulverizador-manual-bica-de-banheira-sistema-de-duche-de-banho-jetter\/\",\"url\":\"https:\/\/www.yoroow.com\/pt\/pormenor-do-produto\/torneiras-termostaticas-modernas-de-aco-inoxidavel-preto-mate-com-tripla-funcao-de-chuva-pulverizador-manual-bica-de-banheira-sistema-de-duche-de-banho-jetter\/\",\"name\":\"Modern Stainless Steel Matte Black Thermostatic Faucets Triple Function Rain Hand Sprayer Tub Spout Bath Shower System Jetter - YOROOW\",\"isPartOf\":{\"@id\":\"https:\/\/www.yoroow.com\/pt\/#website\"},\"primaryImageOfPage\":{\"@id\":\"https:\/\/www.yoroow.com\/pt\/pormenor-do-produto\/torneiras-termostaticas-modernas-de-aco-inoxidavel-preto-mate-com-tripla-funcao-de-chuva-pulverizador-manual-bica-de-banheira-sistema-de-duche-de-banho-jetter\/#primaryimage\"},\"image\":{\"@id\":\"https:\/\/www.yoroow.com\/pt\/pormenor-do-produto\/torneiras-termostaticas-modernas-de-aco-inoxidavel-preto-mate-com-tripla-funcao-de-chuva-pulverizador-manual-bica-de-banheira-sistema-de-duche-de-banho-jetter\/#primaryimage\"},\"thumbnailUrl\":\"https:\/\/www.yoroow.com\/wp-content\/uploads\/2025\/05\/13831204055_1679889024.jpg\",\"datePublished\":\"2025-05-08T08:27:20+00:00\",\"dateModified\":\"2025-05-16T01:53:53+00:00\",\"description\":\"Modern stainless steel matte black thermostatic faucets with triple function rain hand sprayer and tub spout, jetter system, stylish for contemporary homes, Chinese factory direct, export focus South America and Southeast Asia.\",\"breadcrumb\":{\"@id\":\"https:\/\/www.yoroow.com\/pt\/pormenor-do-produto\/torneiras-termostaticas-modernas-de-aco-inoxidavel-preto-mate-com-tripla-funcao-de-chuva-pulverizador-manual-bica-de-banheira-sistema-de-duche-de-banho-jetter\/#breadcrumb\"},\"inLanguage\":\"pt-PT\",\"potentialAction\":[{\"@type\":\"ReadAction\",\"target\":[\"https:\/\/www.yoroow.com\/pt\/pormenor-do-produto\/torneiras-termostaticas-modernas-de-aco-inoxidavel-preto-mate-com-tripla-funcao-de-chuva-pulverizador-manual-bica-de-banheira-sistema-de-duche-de-banho-jetter\/\"]}]},{\"@type\":\"ImageObject\",\"inLanguage\":\"pt-PT\",\"@id\":\"https:\/\/www.yoroow.com\/pt\/pormenor-do-produto\/torneiras-termostaticas-modernas-de-aco-inoxidavel-preto-mate-com-tripla-funcao-de-chuva-pulverizador-manual-bica-de-banheira-sistema-de-duche-de-banho-jetter\/#primaryimage\",\"url\":\"https:\/\/www.yoroow.com\/wp-content\/uploads\/2025\/05\/13831204055_1679889024.jpg\",\"contentUrl\":\"https:\/\/www.yoroow.com\/wp-content\/uploads\/2025\/05\/13831204055_1679889024.jpg\",\"width\":800,\"height\":800,\"caption\":\"Modern Stainless Steel Matte Black Thermostatic Faucets Triple Function Rain Hand Sprayer Tub Spout Bath Shower System Jetter\"},{\"@type\":\"BreadcrumbList\",\"@id\":\"https:\/\/www.yoroow.com\/pt\/pormenor-do-produto\/torneiras-termostaticas-modernas-de-aco-inoxidavel-preto-mate-com-tripla-funcao-de-chuva-pulverizador-manual-bica-de-banheira-sistema-de-duche-de-banho-jetter\/#breadcrumb\",\"itemListElement\":[{\"@type\":\"ListItem\",\"position\":1,\"name\":\"home\",\"item\":\"https:\/\/www.yoroow.com\/\"},{\"@type\":\"ListItem\",\"position\":2,\"name\":\"Product\",\"item\":\"https:\/\/www.yoroow.com\/product\/\"},{\"@type\":\"ListItem\",\"position\":3,\"name\":\"Modern Stainless Steel Matte Black Thermostatic Faucets Triple Function Rain Hand Sprayer Tub Spout Bath Shower System Jetter\"}]},{\"@type\":\"WebSite\",\"@id\":\"https:\/\/www.yoroow.com\/pt\/#website\",\"url\":\"https:\/\/www.yoroow.com\/pt\/\",\"name\":\"YOROOW\",\"description\":\"\",\"publisher\":{\"@id\":\"https:\/\/www.yoroow.com\/pt\/#organization\"},\"potentialAction\":[{\"@type\":\"SearchAction\",\"target\":{\"@type\":\"EntryPoint\",\"urlTemplate\":\"https:\/\/www.yoroow.com\/pt\/?s={search_term_string}\"},\"query-input\":{\"@type\":\"PropertyValueSpecification\",\"valueRequired\":true,\"valueName\":\"search_term_string\"}}],\"inLanguage\":\"pt-PT\"},{\"@type\":\"Organization\",\"@id\":\"https:\/\/www.yoroow.com\/pt\/#organization\",\"name\":\"YOROOW\",\"url\":\"https:\/\/www.yoroow.com\/pt\/\",\"logo\":{\"@type\":\"ImageObject\",\"inLanguage\":\"pt-PT\",\"@id\":\"https:\/\/www.yoroow.com\/pt\/#\/schema\/logo\/image\/\",\"url\":\"https:\/\/www.yoroow.com\/wp-content\/uploads\/2024\/12\/2024123007131061.png\",\"contentUrl\":\"https:\/\/www.yoroow.com\/wp-content\/uploads\/2024\/12\/2024123007131061.png\",\"width\":168,\"height\":27,\"caption\":\"YOROOW\"},\"image\":{\"@id\":\"https:\/\/www.yoroow.com\/pt\/#\/schema\/logo\/image\/\"},\"sameAs\":[\"https:\/\/www.facebook.com\/people\/yoroowfaucetfactory\/61564236752362\/\"]}]}<\/script>\n<!-- \/ Yoast SEO Premium plugin. -->","yoast_head_json":{"title":"Modern Stainless Steel Matte Black Thermostatic Faucets Triple Function Rain Hand Sprayer Tub Spout Bath Shower System Jetter - YOROOW","description":"Modern stainless steel matte black thermostatic faucets with triple function rain hand sprayer and tub spout, jetter system, stylish for contemporary homes, Chinese factory direct, export focus South America and Southeast Asia.","robots":{"index":"index","follow":"follow","max-snippet":"max-snippet:-1","max-image-preview":"max-image-preview:large","max-video-preview":"max-video-preview:-1"},"canonical":"https:\/\/www.yoroow.com\/pt\/pormenor-do-produto\/torneiras-termostaticas-modernas-de-aco-inoxidavel-preto-mate-com-tripla-funcao-de-chuva-pulverizador-manual-bica-de-banheira-sistema-de-duche-de-banho-jetter\/","og_locale":"pt_PT","og_type":"article","og_title":"Modern Stainless Steel Matte Black Thermostatic Faucets Triple Function Rain Hand Sprayer Tub Spout Bath Shower System Jetter","og_description":"Modern stainless steel matte black thermostatic faucets with triple function rain hand sprayer and tub spout, jetter system, stylish for contemporary homes, Chinese factory direct, export focus South America and Southeast Asia.","og_url":"https:\/\/www.yoroow.com\/pt\/pormenor-do-produto\/torneiras-termostaticas-modernas-de-aco-inoxidavel-preto-mate-com-tripla-funcao-de-chuva-pulverizador-manual-bica-de-banheira-sistema-de-duche-de-banho-jetter\/","og_site_name":"YOROOW","article_publisher":"https:\/\/www.facebook.com\/people\/yoroowfaucetfactory\/61564236752362\/","article_modified_time":"2025-05-16T01:53:53+00:00","og_image":[{"width":800,"height":800,"url":"https:\/\/www.yoroow.com\/wp-content\/uploads\/2025\/05\/13831204055_1679889024.jpg","type":"image\/jpeg"}],"twitter_card":"summary_large_image","twitter_misc":{"Est. reading time":"1 minuto"},"schema":{"@context":"https:\/\/schema.org","@graph":[{"@type":"WebPage","@id":"https:\/\/www.yoroow.com\/pt\/pormenor-do-produto\/torneiras-termostaticas-modernas-de-aco-inoxidavel-preto-mate-com-tripla-funcao-de-chuva-pulverizador-manual-bica-de-banheira-sistema-de-duche-de-banho-jetter\/","url":"https:\/\/www.yoroow.com\/pt\/pormenor-do-produto\/torneiras-termostaticas-modernas-de-aco-inoxidavel-preto-mate-com-tripla-funcao-de-chuva-pulverizador-manual-bica-de-banheira-sistema-de-duche-de-banho-jetter\/","name":"Modern Stainless Steel Matte Black Thermostatic Faucets Triple Function Rain Hand Sprayer Tub Spout Bath Shower System Jetter - YOROOW","isPartOf":{"@id":"https:\/\/www.yoroow.com\/pt\/#website"},"primaryImageOfPage":{"@id":"https:\/\/www.yoroow.com\/pt\/pormenor-do-produto\/torneiras-termostaticas-modernas-de-aco-inoxidavel-preto-mate-com-tripla-funcao-de-chuva-pulverizador-manual-bica-de-banheira-sistema-de-duche-de-banho-jetter\/#primaryimage"},"image":{"@id":"https:\/\/www.yoroow.com\/pt\/pormenor-do-produto\/torneiras-termostaticas-modernas-de-aco-inoxidavel-preto-mate-com-tripla-funcao-de-chuva-pulverizador-manual-bica-de-banheira-sistema-de-duche-de-banho-jetter\/#primaryimage"},"thumbnailUrl":"https:\/\/www.yoroow.com\/wp-content\/uploads\/2025\/05\/13831204055_1679889024.jpg","datePublished":"2025-05-08T08:27:20+00:00","dateModified":"2025-05-16T01:53:53+00:00","description":"Modern stainless steel matte black thermostatic faucets with triple function rain hand sprayer and tub spout, jetter system, stylish for contemporary homes, Chinese factory direct, export focus South America and Southeast Asia.","breadcrumb":{"@id":"https:\/\/www.yoroow.com\/pt\/pormenor-do-produto\/torneiras-termostaticas-modernas-de-aco-inoxidavel-preto-mate-com-tripla-funcao-de-chuva-pulverizador-manual-bica-de-banheira-sistema-de-duche-de-banho-jetter\/#breadcrumb"},"inLanguage":"pt-PT","potentialAction":[{"@type":"ReadAction","target":["https:\/\/www.yoroow.com\/pt\/pormenor-do-produto\/torneiras-termostaticas-modernas-de-aco-inoxidavel-preto-mate-com-tripla-funcao-de-chuva-pulverizador-manual-bica-de-banheira-sistema-de-duche-de-banho-jetter\/"]}]},{"@type":"ImageObject","inLanguage":"pt-PT","@id":"https:\/\/www.yoroow.com\/pt\/pormenor-do-produto\/torneiras-termostaticas-modernas-de-aco-inoxidavel-preto-mate-com-tripla-funcao-de-chuva-pulverizador-manual-bica-de-banheira-sistema-de-duche-de-banho-jetter\/#primaryimage","url":"https:\/\/www.yoroow.com\/wp-content\/uploads\/2025\/05\/13831204055_1679889024.jpg","contentUrl":"https:\/\/www.yoroow.com\/wp-content\/uploads\/2025\/05\/13831204055_1679889024.jpg","width":800,"height":800,"caption":"Modern Stainless Steel Matte Black Thermostatic Faucets Triple Function Rain Hand Sprayer Tub Spout Bath Shower System Jetter"},{"@type":"BreadcrumbList","@id":"https:\/\/www.yoroow.com\/pt\/pormenor-do-produto\/torneiras-termostaticas-modernas-de-aco-inoxidavel-preto-mate-com-tripla-funcao-de-chuva-pulverizador-manual-bica-de-banheira-sistema-de-duche-de-banho-jetter\/#breadcrumb","itemListElement":[{"@type":"ListItem","position":1,"name":"home","item":"https:\/\/www.yoroow.com\/"},{"@type":"ListItem","position":2,"name":"Product","item":"https:\/\/www.yoroow.com\/product\/"},{"@type":"ListItem","position":3,"name":"Modern Stainless Steel Matte Black Thermostatic Faucets Triple Function Rain Hand Sprayer Tub Spout Bath Shower System Jetter"}]},{"@type":"WebSite","@id":"https:\/\/www.yoroow.com\/pt\/#website","url":"https:\/\/www.yoroow.com\/pt\/","name":"YOROOW","description":"","publisher":{"@id":"https:\/\/www.yoroow.com\/pt\/#organization"},"potentialAction":[{"@type":"SearchAction","target":{"@type":"EntryPoint","urlTemplate":"https:\/\/www.yoroow.com\/pt\/?s={search_term_string}"},"query-input":{"@type":"PropertyValueSpecification","valueRequired":true,"valueName":"search_term_string"}}],"inLanguage":"pt-PT"},{"@type":"Organization","@id":"https:\/\/www.yoroow.com\/pt\/#organization","name":"YOROOW","url":"https:\/\/www.yoroow.com\/pt\/","logo":{"@type":"ImageObject","inLanguage":"pt-PT","@id":"https:\/\/www.yoroow.com\/pt\/#\/schema\/logo\/image\/","url":"https:\/\/www.yoroow.com\/wp-content\/uploads\/2024\/12\/2024123007131061.png","contentUrl":"https:\/\/www.yoroow.com\/wp-content\/uploads\/2024\/12\/2024123007131061.png","width":168,"height":27,"caption":"YOROOW"},"image":{"@id":"https:\/\/www.yoroow.com\/pt\/#\/schema\/logo\/image\/"},"sameAs":["https:\/\/www.facebook.com\/people\/yoroowfaucetfactory\/61564236752362\/"]}]}},"_links":{"self":[{"href":"https:\/\/www.yoroow.com\/pt\/wp-json\/wp\/v2\/product\/19744","targetHints":{"allow":["GET"]}}],"collection":[{"href":"https:\/\/www.yoroow.com\/pt\/wp-json\/wp\/v2\/product"}],"about":[{"href":"https:\/\/www.yoroow.com\/pt\/wp-json\/wp\/v2\/types\/product"}],"wp:featuredmedia":[{"embeddable":true,"href":"https:\/\/www.yoroow.com\/pt\/wp-json\/wp\/v2\/media\/19745"}],"wp:attachment":[{"href":"https:\/\/www.yoroow.com\/pt\/wp-json\/wp\/v2\/media?parent=19744"}],"wp:term":[{"taxonomy":"product_brand","embeddable":true,"href":"https:\/\/www.yoroow.com\/pt\/wp-json\/wp\/v2\/product_brand?post=19744"},{"taxonomy":"product_cat","embeddable":true,"href":"https:\/\/www.yoroow.com\/pt\/wp-json\/wp\/v2\/product_cat?post=19744"},{"taxonomy":"product_tag","embeddable":true,"href":"https:\/\/www.yoroow.com\/pt\/wp-json\/wp\/v2\/product_tag?post=19744"}],"curies":[{"name":"wp","href":"https:\/\/api.w.org\/{rel}","templated":true}]}}