{"id":19711,"date":"2025-05-08T15:16:27","date_gmt":"2025-05-08T07:16:27","guid":{"rendered":"https:\/\/www.yoroow.com\/?post_type=product&#038;p=19711"},"modified":"2025-05-16T09:53:18","modified_gmt":"2025-05-16T01:53:18","slug":"design-moderno-conjunto-de-duche-cromado-sistema-de-banho-de-chuva-oculto-latao-agua-quente-e-fria-torneira-de-casa-de-banho-acessorios-nao-pre-instalados","status":"publish","type":"product","link":"https:\/\/www.yoroow.com\/pt\/pormenor-do-produto\/design-moderno-conjunto-de-duche-cromado-sistema-de-banho-de-chuva-oculto-latao-agua-quente-e-fria-torneira-de-casa-de-banho-acessorios-nao-pre-instalados\/","title":{"rendered":"Design moderno Conjunto de duche cromado Sistema de banho de chuva oculto Lat\u00e3o Torneira de casa de banho de \u00e1gua quente e fria Acess\u00f3rios n\u00e3o pr\u00e9-embutidos"},"content":{"rendered":"<p>O conjunto de chuveiro cromado de design moderno Sistema de banho de chuva oculto Acess\u00f3rios de torneira de casa de banho de lat\u00e3o para \u00e1gua quente e fria n\u00e3o pr\u00e9-instalados oferece um sistema completo de chuveiro de lat\u00e3o oculto com acabamento cromado polido e funcionalidade de banho de chuva. O conjunto suporta a mistura de \u00e1gua quente e fria com elevada durabilidade e uma est\u00e9tica elegante. N\u00e3o s\u00e3o necess\u00e1rias caixas pr\u00e9-embutidas, proporcionando op\u00e7\u00f5es de instala\u00e7\u00e3o flex\u00edveis para casas de banho novas ou renovadas. Fabricado numa f\u00e1brica chinesa l\u00edder com processos avan\u00e7ados de maquinagem e revestimento, o produto cumpre as normas internacionais e oferece personaliza\u00e7\u00e3o OEM para acabamentos e configura\u00e7\u00f5es. \u00c9 preferido nos mercados da Am\u00e9rica do Sul e do Sudeste Asi\u00e1tico, incluindo o Brasil, o Vietname e a Mal\u00e1sia, onde a moderniza\u00e7\u00e3o das casas de banho impulsiona a procura. O apoio \u00e0 exporta\u00e7\u00e3o e o servi\u00e7o de apoio ao cliente asseguram transac\u00e7\u00f5es sem problemas. |<\/p>","protected":false},"excerpt":{"rendered":"<p>O conjunto de chuveiro cromado de design moderno Sistema de banho de chuva oculto Acess\u00f3rios de torneira de casa de banho de lat\u00e3o para \u00e1gua quente e fria n\u00e3o pr\u00e9-instalados oferece um sistema completo de chuveiro de lat\u00e3o oculto com acabamento cromado polido e funcionalidade de banho de chuva. O conjunto suporta a mistura de \u00e1gua quente e fria com elevada durabilidade e uma est\u00e9tica elegante. N\u00e3o s\u00e3o necess\u00e1rias caixas pr\u00e9-embutidas, proporcionando uma instala\u00e7\u00e3o flex\u00edvel...<\/p>","protected":false},"featured_media":19713,"template":"","meta":{"_acf_changed":false,"_kad_post_transparent":"default","_kad_post_title":"","_kad_post_layout":"default","_kad_post_sidebar_id":"","_kad_post_content_style":"default","_kad_post_vertical_padding":"default","_kad_post_feature":"","_kad_post_feature_position":"","_kad_post_header":false,"_kad_post_footer":false},"product_brand":[],"product_cat":[234,7865],"product_tag":[3073,3069],"class_list":{"0":"post-19711","1":"product","2":"type-product","3":"status-publish","4":"has-post-thumbnail","6":"product_cat-concealed-shower-set","7":"product_cat-c-shower","8":"product_tag-concealed-shower-set-chrome","9":"product_tag-shower-set-system-bathroom-concealed-rain-bath","11":"first","12":"instock","13":"shipping-taxable","14":"product-type-variable","15":"wvs-archive-product-wrapper","16":"entry","17":"content-bg","18":"loop-entry"},"acf":[],"yoast_head":"<!-- This site is optimized with the Yoast SEO Premium plugin v25.4 (Yoast SEO v27.0) - https:\/\/yoast.com\/product\/yoast-seo-premium-wordpress\/ -->\n<title>Modern Design Chrome Shower Set System Concealed Rain Bath Brass Hot Cold Water Bathroom Faucet Accessories Not Pre-Embedded - YOROOW<\/title>\n<meta name=\"description\" content=\"Modern design chrome shower set system with concealed rain bath, brass hot cold water mixing, no pre-embedded box required, factory direct, widely sold in South American and Southeast Asian markets.\" \/>\n<meta name=\"robots\" content=\"index, follow, max-snippet:-1, max-image-preview:large, max-video-preview:-1\" \/>\n<link rel=\"canonical\" href=\"https:\/\/www.yoroow.com\/pt\/pormenor-do-produto\/design-moderno-conjunto-de-duche-cromado-sistema-de-banho-de-chuva-oculto-latao-agua-quente-e-fria-torneira-de-casa-de-banho-acessorios-nao-pre-instalados\/\" \/>\n<meta property=\"og:locale\" content=\"pt_PT\" \/>\n<meta property=\"og:type\" content=\"article\" \/>\n<meta property=\"og:title\" content=\"Modern Design Chrome Shower Set System Concealed Rain Bath Brass Hot Cold Water Bathroom Faucet Accessories Not Pre-Embedded\" \/>\n<meta property=\"og:description\" content=\"Modern design chrome shower set system with concealed rain bath, brass hot cold water mixing, no pre-embedded box required, factory direct, widely sold in South American and Southeast Asian markets.\" \/>\n<meta property=\"og:url\" content=\"https:\/\/www.yoroow.com\/pt\/pormenor-do-produto\/design-moderno-conjunto-de-duche-cromado-sistema-de-banho-de-chuva-oculto-latao-agua-quente-e-fria-torneira-de-casa-de-banho-acessorios-nao-pre-instalados\/\" \/>\n<meta property=\"og:site_name\" content=\"YOROOW\" \/>\n<meta property=\"article:publisher\" content=\"https:\/\/www.facebook.com\/people\/yoroowfaucetfactory\/61564236752362\/\" \/>\n<meta property=\"article:modified_time\" content=\"2025-05-16T01:53:18+00:00\" \/>\n<meta property=\"og:image\" content=\"https:\/\/www.yoroow.com\/wp-content\/uploads\/2025\/05\/image-5.png\" \/>\n\t<meta property=\"og:image:width\" content=\"117\" \/>\n\t<meta property=\"og:image:height\" content=\"105\" \/>\n\t<meta property=\"og:image:type\" content=\"image\/png\" \/>\n<meta name=\"twitter:card\" content=\"summary_large_image\" \/>\n<meta name=\"twitter:label1\" content=\"Est. reading time\" \/>\n\t<meta name=\"twitter:data1\" content=\"1 minuto\" \/>\n<script type=\"application\/ld+json\" class=\"yoast-schema-graph\">{\"@context\":\"https:\/\/schema.org\",\"@graph\":[{\"@type\":\"WebPage\",\"@id\":\"https:\/\/www.yoroow.com\/pt\/pormenor-do-produto\/design-moderno-conjunto-de-duche-cromado-sistema-de-banho-de-chuva-oculto-latao-agua-quente-e-fria-torneira-de-casa-de-banho-acessorios-nao-pre-instalados\/\",\"url\":\"https:\/\/www.yoroow.com\/pt\/pormenor-do-produto\/design-moderno-conjunto-de-duche-cromado-sistema-de-banho-de-chuva-oculto-latao-agua-quente-e-fria-torneira-de-casa-de-banho-acessorios-nao-pre-instalados\/\",\"name\":\"Modern Design Chrome Shower Set System Concealed Rain Bath Brass Hot Cold Water Bathroom Faucet Accessories Not Pre-Embedded - YOROOW\",\"isPartOf\":{\"@id\":\"https:\/\/www.yoroow.com\/pt\/#website\"},\"primaryImageOfPage\":{\"@id\":\"https:\/\/www.yoroow.com\/pt\/pormenor-do-produto\/design-moderno-conjunto-de-duche-cromado-sistema-de-banho-de-chuva-oculto-latao-agua-quente-e-fria-torneira-de-casa-de-banho-acessorios-nao-pre-instalados\/#primaryimage\"},\"image\":{\"@id\":\"https:\/\/www.yoroow.com\/pt\/pormenor-do-produto\/design-moderno-conjunto-de-duche-cromado-sistema-de-banho-de-chuva-oculto-latao-agua-quente-e-fria-torneira-de-casa-de-banho-acessorios-nao-pre-instalados\/#primaryimage\"},\"thumbnailUrl\":\"https:\/\/www.yoroow.com\/wp-content\/uploads\/2025\/05\/image-5.png\",\"datePublished\":\"2025-05-08T07:16:27+00:00\",\"dateModified\":\"2025-05-16T01:53:18+00:00\",\"description\":\"Modern design chrome shower set system with concealed rain bath, brass hot cold water mixing, no pre-embedded box required, factory direct, widely sold in South American and Southeast Asian markets.\",\"breadcrumb\":{\"@id\":\"https:\/\/www.yoroow.com\/pt\/pormenor-do-produto\/design-moderno-conjunto-de-duche-cromado-sistema-de-banho-de-chuva-oculto-latao-agua-quente-e-fria-torneira-de-casa-de-banho-acessorios-nao-pre-instalados\/#breadcrumb\"},\"inLanguage\":\"pt-PT\",\"potentialAction\":[{\"@type\":\"ReadAction\",\"target\":[\"https:\/\/www.yoroow.com\/pt\/pormenor-do-produto\/design-moderno-conjunto-de-duche-cromado-sistema-de-banho-de-chuva-oculto-latao-agua-quente-e-fria-torneira-de-casa-de-banho-acessorios-nao-pre-instalados\/\"]}]},{\"@type\":\"ImageObject\",\"inLanguage\":\"pt-PT\",\"@id\":\"https:\/\/www.yoroow.com\/pt\/pormenor-do-produto\/design-moderno-conjunto-de-duche-cromado-sistema-de-banho-de-chuva-oculto-latao-agua-quente-e-fria-torneira-de-casa-de-banho-acessorios-nao-pre-instalados\/#primaryimage\",\"url\":\"https:\/\/www.yoroow.com\/wp-content\/uploads\/2025\/05\/image-5.png\",\"contentUrl\":\"https:\/\/www.yoroow.com\/wp-content\/uploads\/2025\/05\/image-5.png\",\"width\":117,\"height\":105,\"caption\":\"Modern Design Chrome Shower Set System Concealed Rain Bath Brass Hot Cold Water Bathroom Faucet Accessories Not Pre-Embedded\"},{\"@type\":\"BreadcrumbList\",\"@id\":\"https:\/\/www.yoroow.com\/pt\/pormenor-do-produto\/design-moderno-conjunto-de-duche-cromado-sistema-de-banho-de-chuva-oculto-latao-agua-quente-e-fria-torneira-de-casa-de-banho-acessorios-nao-pre-instalados\/#breadcrumb\",\"itemListElement\":[{\"@type\":\"ListItem\",\"position\":1,\"name\":\"home\",\"item\":\"https:\/\/www.yoroow.com\/\"},{\"@type\":\"ListItem\",\"position\":2,\"name\":\"Product\",\"item\":\"https:\/\/www.yoroow.com\/product\/\"},{\"@type\":\"ListItem\",\"position\":3,\"name\":\"Modern Design Chrome Shower Set System Concealed Rain Bath Brass Hot Cold Water Bathroom Faucet Accessories Not Pre-Embedded\"}]},{\"@type\":\"WebSite\",\"@id\":\"https:\/\/www.yoroow.com\/pt\/#website\",\"url\":\"https:\/\/www.yoroow.com\/pt\/\",\"name\":\"YOROOW\",\"description\":\"\",\"publisher\":{\"@id\":\"https:\/\/www.yoroow.com\/pt\/#organization\"},\"potentialAction\":[{\"@type\":\"SearchAction\",\"target\":{\"@type\":\"EntryPoint\",\"urlTemplate\":\"https:\/\/www.yoroow.com\/pt\/?s={search_term_string}\"},\"query-input\":{\"@type\":\"PropertyValueSpecification\",\"valueRequired\":true,\"valueName\":\"search_term_string\"}}],\"inLanguage\":\"pt-PT\"},{\"@type\":\"Organization\",\"@id\":\"https:\/\/www.yoroow.com\/pt\/#organization\",\"name\":\"YOROOW\",\"url\":\"https:\/\/www.yoroow.com\/pt\/\",\"logo\":{\"@type\":\"ImageObject\",\"inLanguage\":\"pt-PT\",\"@id\":\"https:\/\/www.yoroow.com\/pt\/#\/schema\/logo\/image\/\",\"url\":\"https:\/\/www.yoroow.com\/wp-content\/uploads\/2024\/12\/2024123007131061.png\",\"contentUrl\":\"https:\/\/www.yoroow.com\/wp-content\/uploads\/2024\/12\/2024123007131061.png\",\"width\":168,\"height\":27,\"caption\":\"YOROOW\"},\"image\":{\"@id\":\"https:\/\/www.yoroow.com\/pt\/#\/schema\/logo\/image\/\"},\"sameAs\":[\"https:\/\/www.facebook.com\/people\/yoroowfaucetfactory\/61564236752362\/\"]}]}<\/script>\n<!-- \/ Yoast SEO Premium plugin. -->","yoast_head_json":{"title":"Modern Design Chrome Shower Set System Concealed Rain Bath Brass Hot Cold Water Bathroom Faucet Accessories Not Pre-Embedded - YOROOW","description":"Modern design chrome shower set system with concealed rain bath, brass hot cold water mixing, no pre-embedded box required, factory direct, widely sold in South American and Southeast Asian markets.","robots":{"index":"index","follow":"follow","max-snippet":"max-snippet:-1","max-image-preview":"max-image-preview:large","max-video-preview":"max-video-preview:-1"},"canonical":"https:\/\/www.yoroow.com\/pt\/pormenor-do-produto\/design-moderno-conjunto-de-duche-cromado-sistema-de-banho-de-chuva-oculto-latao-agua-quente-e-fria-torneira-de-casa-de-banho-acessorios-nao-pre-instalados\/","og_locale":"pt_PT","og_type":"article","og_title":"Modern Design Chrome Shower Set System Concealed Rain Bath Brass Hot Cold Water Bathroom Faucet Accessories Not Pre-Embedded","og_description":"Modern design chrome shower set system with concealed rain bath, brass hot cold water mixing, no pre-embedded box required, factory direct, widely sold in South American and Southeast Asian markets.","og_url":"https:\/\/www.yoroow.com\/pt\/pormenor-do-produto\/design-moderno-conjunto-de-duche-cromado-sistema-de-banho-de-chuva-oculto-latao-agua-quente-e-fria-torneira-de-casa-de-banho-acessorios-nao-pre-instalados\/","og_site_name":"YOROOW","article_publisher":"https:\/\/www.facebook.com\/people\/yoroowfaucetfactory\/61564236752362\/","article_modified_time":"2025-05-16T01:53:18+00:00","og_image":[{"width":117,"height":105,"url":"https:\/\/www.yoroow.com\/wp-content\/uploads\/2025\/05\/image-5.png","type":"image\/png"}],"twitter_card":"summary_large_image","twitter_misc":{"Est. reading time":"1 minuto"},"schema":{"@context":"https:\/\/schema.org","@graph":[{"@type":"WebPage","@id":"https:\/\/www.yoroow.com\/pt\/pormenor-do-produto\/design-moderno-conjunto-de-duche-cromado-sistema-de-banho-de-chuva-oculto-latao-agua-quente-e-fria-torneira-de-casa-de-banho-acessorios-nao-pre-instalados\/","url":"https:\/\/www.yoroow.com\/pt\/pormenor-do-produto\/design-moderno-conjunto-de-duche-cromado-sistema-de-banho-de-chuva-oculto-latao-agua-quente-e-fria-torneira-de-casa-de-banho-acessorios-nao-pre-instalados\/","name":"Modern Design Chrome Shower Set System Concealed Rain Bath Brass Hot Cold Water Bathroom Faucet Accessories Not Pre-Embedded - YOROOW","isPartOf":{"@id":"https:\/\/www.yoroow.com\/pt\/#website"},"primaryImageOfPage":{"@id":"https:\/\/www.yoroow.com\/pt\/pormenor-do-produto\/design-moderno-conjunto-de-duche-cromado-sistema-de-banho-de-chuva-oculto-latao-agua-quente-e-fria-torneira-de-casa-de-banho-acessorios-nao-pre-instalados\/#primaryimage"},"image":{"@id":"https:\/\/www.yoroow.com\/pt\/pormenor-do-produto\/design-moderno-conjunto-de-duche-cromado-sistema-de-banho-de-chuva-oculto-latao-agua-quente-e-fria-torneira-de-casa-de-banho-acessorios-nao-pre-instalados\/#primaryimage"},"thumbnailUrl":"https:\/\/www.yoroow.com\/wp-content\/uploads\/2025\/05\/image-5.png","datePublished":"2025-05-08T07:16:27+00:00","dateModified":"2025-05-16T01:53:18+00:00","description":"Modern design chrome shower set system with concealed rain bath, brass hot cold water mixing, no pre-embedded box required, factory direct, widely sold in South American and Southeast Asian markets.","breadcrumb":{"@id":"https:\/\/www.yoroow.com\/pt\/pormenor-do-produto\/design-moderno-conjunto-de-duche-cromado-sistema-de-banho-de-chuva-oculto-latao-agua-quente-e-fria-torneira-de-casa-de-banho-acessorios-nao-pre-instalados\/#breadcrumb"},"inLanguage":"pt-PT","potentialAction":[{"@type":"ReadAction","target":["https:\/\/www.yoroow.com\/pt\/pormenor-do-produto\/design-moderno-conjunto-de-duche-cromado-sistema-de-banho-de-chuva-oculto-latao-agua-quente-e-fria-torneira-de-casa-de-banho-acessorios-nao-pre-instalados\/"]}]},{"@type":"ImageObject","inLanguage":"pt-PT","@id":"https:\/\/www.yoroow.com\/pt\/pormenor-do-produto\/design-moderno-conjunto-de-duche-cromado-sistema-de-banho-de-chuva-oculto-latao-agua-quente-e-fria-torneira-de-casa-de-banho-acessorios-nao-pre-instalados\/#primaryimage","url":"https:\/\/www.yoroow.com\/wp-content\/uploads\/2025\/05\/image-5.png","contentUrl":"https:\/\/www.yoroow.com\/wp-content\/uploads\/2025\/05\/image-5.png","width":117,"height":105,"caption":"Modern Design Chrome Shower Set System Concealed Rain Bath Brass Hot Cold Water Bathroom Faucet Accessories Not Pre-Embedded"},{"@type":"BreadcrumbList","@id":"https:\/\/www.yoroow.com\/pt\/pormenor-do-produto\/design-moderno-conjunto-de-duche-cromado-sistema-de-banho-de-chuva-oculto-latao-agua-quente-e-fria-torneira-de-casa-de-banho-acessorios-nao-pre-instalados\/#breadcrumb","itemListElement":[{"@type":"ListItem","position":1,"name":"home","item":"https:\/\/www.yoroow.com\/"},{"@type":"ListItem","position":2,"name":"Product","item":"https:\/\/www.yoroow.com\/product\/"},{"@type":"ListItem","position":3,"name":"Modern Design Chrome Shower Set System Concealed Rain Bath Brass Hot Cold Water Bathroom Faucet Accessories Not Pre-Embedded"}]},{"@type":"WebSite","@id":"https:\/\/www.yoroow.com\/pt\/#website","url":"https:\/\/www.yoroow.com\/pt\/","name":"YOROOW","description":"","publisher":{"@id":"https:\/\/www.yoroow.com\/pt\/#organization"},"potentialAction":[{"@type":"SearchAction","target":{"@type":"EntryPoint","urlTemplate":"https:\/\/www.yoroow.com\/pt\/?s={search_term_string}"},"query-input":{"@type":"PropertyValueSpecification","valueRequired":true,"valueName":"search_term_string"}}],"inLanguage":"pt-PT"},{"@type":"Organization","@id":"https:\/\/www.yoroow.com\/pt\/#organization","name":"YOROOW","url":"https:\/\/www.yoroow.com\/pt\/","logo":{"@type":"ImageObject","inLanguage":"pt-PT","@id":"https:\/\/www.yoroow.com\/pt\/#\/schema\/logo\/image\/","url":"https:\/\/www.yoroow.com\/wp-content\/uploads\/2024\/12\/2024123007131061.png","contentUrl":"https:\/\/www.yoroow.com\/wp-content\/uploads\/2024\/12\/2024123007131061.png","width":168,"height":27,"caption":"YOROOW"},"image":{"@id":"https:\/\/www.yoroow.com\/pt\/#\/schema\/logo\/image\/"},"sameAs":["https:\/\/www.facebook.com\/people\/yoroowfaucetfactory\/61564236752362\/"]}]}},"_links":{"self":[{"href":"https:\/\/www.yoroow.com\/pt\/wp-json\/wp\/v2\/product\/19711","targetHints":{"allow":["GET"]}}],"collection":[{"href":"https:\/\/www.yoroow.com\/pt\/wp-json\/wp\/v2\/product"}],"about":[{"href":"https:\/\/www.yoroow.com\/pt\/wp-json\/wp\/v2\/types\/product"}],"wp:featuredmedia":[{"embeddable":true,"href":"https:\/\/www.yoroow.com\/pt\/wp-json\/wp\/v2\/media\/19713"}],"wp:attachment":[{"href":"https:\/\/www.yoroow.com\/pt\/wp-json\/wp\/v2\/media?parent=19711"}],"wp:term":[{"taxonomy":"product_brand","embeddable":true,"href":"https:\/\/www.yoroow.com\/pt\/wp-json\/wp\/v2\/product_brand?post=19711"},{"taxonomy":"product_cat","embeddable":true,"href":"https:\/\/www.yoroow.com\/pt\/wp-json\/wp\/v2\/product_cat?post=19711"},{"taxonomy":"product_tag","embeddable":true,"href":"https:\/\/www.yoroow.com\/pt\/wp-json\/wp\/v2\/product_tag?post=19711"}],"curies":[{"name":"wp","href":"https:\/\/api.w.org\/{rel}","templated":true}]}}