{"id":19625,"date":"2025-05-08T09:44:47","date_gmt":"2025-05-08T01:44:47","guid":{"rendered":"https:\/\/www.yoroow.com\/?post_type=product&#038;p=19625"},"modified":"2025-05-16T09:52:25","modified_gmt":"2025-05-16T01:52:25","slug":"conjunto-moderno-de-tres-pecas-de-anilhas-femininas-atacado-casa-de-banho-bide-sanita-pulverizador-mangueiras-de-canalizacao","status":"publish","type":"product","link":"https:\/\/www.yoroow.com\/pt\/pormenor-do-produto\/conjunto-moderno-de-tres-pecas-de-anilhas-femininas-atacado-casa-de-banho-bide-sanita-pulverizador-mangueiras-de-canalizacao\/","title":{"rendered":"Conjunto moderno de tr\u00eas pe\u00e7as de anilhas femininas para casa de banho por atacado Mangueiras de canaliza\u00e7\u00e3o para bid\u00e9 de sanita"},"content":{"rendered":"<p>O moderno conjunto de tr\u00eas pe\u00e7as de lavadoras femininas para casa de banho por atacado Bid\u00e9 Sanita Pulverizador Mangueiras de canaliza\u00e7\u00e3o foi concebido para uma utiliza\u00e7\u00e3o confort\u00e1vel e higi\u00e9nica, com \u00eanfase nos cuidados femininos. O conjunto inclui um pulverizador de bid\u00e9 de m\u00e3o, suporte de parede e mangueiras de canaliza\u00e7\u00e3o flex\u00edveis feitas de materiais dur\u00e1veis resistentes \u00e0 corros\u00e3o e ao desgaste. Adequados para casas de banho residenciais e comerciais, os pulverizadores oferecem um fluxo de \u00e1gua suave com f\u00e1cil controlo da press\u00e3o. Produzido por um fabricante chin\u00eas l\u00edder com mais de dez anos de experi\u00eancia, o conjunto beneficia de rigorosos controlos de qualidade e de uma montagem de precis\u00e3o. As op\u00e7\u00f5es de personaliza\u00e7\u00e3o OEM abrangem o comprimento da mangueira, os estilos de pega e a embalagem. O produto goza de uma popularidade crescente nos mercados da Am\u00e9rica do Sul e do Sudeste Asi\u00e1tico, como o Peru, a Indon\u00e9sia e as Filipinas, apoiado por canais de exporta\u00e7\u00e3o eficientes e um servi\u00e7o de apoio ao cliente multilingue. |<\/p>","protected":false},"excerpt":{"rendered":"<p>Modern Three-Piece Set of Feminine Washers Wholesale Bathroom Bidet Toilet Sprayer Plumbing Hoses is designed for comfortable, hygienic use with a focus on feminine care. The set includes a handheld bidet sprayer, wall mount, and flexible plumbing hoses made from durable materials resistant to corrosion and wear. Suitable for residential and commercial bathrooms, the sprayers&#8230;<\/p>","protected":false},"featured_media":19626,"template":"","meta":{"_acf_changed":false,"_kad_post_transparent":"default","_kad_post_title":"","_kad_post_layout":"default","_kad_post_sidebar_id":"","_kad_post_content_style":"default","_kad_post_vertical_padding":"default","_kad_post_feature":"","_kad_post_feature_position":"","_kad_post_header":false,"_kad_post_footer":false},"product_brand":[],"product_cat":[132,7864],"product_tag":[3569,3605],"class_list":{"0":"post-19625","1":"product","2":"type-product","3":"status-publish","4":"has-post-thumbnail","6":"product_cat-bidet-sprayer","7":"product_cat-c-bidetsprayer","8":"product_tag-bidet-toilet-sprayer","9":"product_tag-modern-bidet-sprayer","11":"first","12":"instock","13":"shipping-taxable","14":"purchasable","15":"product-type-variable","16":"wvs-archive-product-wrapper","17":"entry","18":"content-bg","19":"loop-entry"},"acf":[],"yoast_head":"<!-- This site is optimized with the Yoast SEO Premium plugin v25.4 (Yoast SEO v27.0) - https:\/\/yoast.com\/product\/yoast-seo-premium-wordpress\/ -->\n<title>Modern Three-Piece Set of Feminine Washers Wholesale Bathroom Bidet Toilet Sprayer Plumbing Hoses - YOROOW<\/title>\n<meta name=\"description\" content=\"Modern three-piece set of feminine washers wholesale bathroom bidet toilet sprayer with plumbing hoses. Chinese production with reliable quality and export focus to South America and Southeast Asia.\" \/>\n<meta name=\"robots\" content=\"index, follow, max-snippet:-1, max-image-preview:large, max-video-preview:-1\" \/>\n<link rel=\"canonical\" href=\"https:\/\/www.yoroow.com\/pt\/pormenor-do-produto\/conjunto-moderno-de-tres-pecas-de-anilhas-femininas-atacado-casa-de-banho-bide-sanita-pulverizador-mangueiras-de-canalizacao\/\" \/>\n<meta property=\"og:locale\" content=\"pt_PT\" \/>\n<meta property=\"og:type\" content=\"article\" \/>\n<meta property=\"og:title\" content=\"Modern Three-Piece Set of Feminine Washers Wholesale Bathroom Bidet Toilet Sprayer Plumbing Hoses\" \/>\n<meta property=\"og:description\" content=\"Modern three-piece set of feminine washers wholesale bathroom bidet toilet sprayer with plumbing hoses. Chinese production with reliable quality and export focus to South America and Southeast Asia.\" \/>\n<meta property=\"og:url\" content=\"https:\/\/www.yoroow.com\/pt\/pormenor-do-produto\/conjunto-moderno-de-tres-pecas-de-anilhas-femininas-atacado-casa-de-banho-bide-sanita-pulverizador-mangueiras-de-canalizacao\/\" \/>\n<meta property=\"og:site_name\" content=\"YOROOW\" \/>\n<meta property=\"article:publisher\" content=\"https:\/\/www.facebook.com\/people\/yoroowfaucetfactory\/61564236752362\/\" \/>\n<meta property=\"article:modified_time\" content=\"2025-05-16T01:52:25+00:00\" \/>\n<meta property=\"og:image\" content=\"https:\/\/www.yoroow.com\/wp-content\/uploads\/2025\/05\/04.jpg\" \/>\n\t<meta property=\"og:image:width\" content=\"751\" \/>\n\t<meta property=\"og:image:height\" content=\"751\" \/>\n\t<meta property=\"og:image:type\" content=\"image\/jpeg\" \/>\n<meta name=\"twitter:card\" content=\"summary_large_image\" \/>\n<meta name=\"twitter:label1\" content=\"Est. reading time\" \/>\n\t<meta name=\"twitter:data1\" content=\"1 minuto\" \/>\n<script type=\"application\/ld+json\" class=\"yoast-schema-graph\">{\"@context\":\"https:\/\/schema.org\",\"@graph\":[{\"@type\":\"WebPage\",\"@id\":\"https:\/\/www.yoroow.com\/pt\/pormenor-do-produto\/conjunto-moderno-de-tres-pecas-de-anilhas-femininas-atacado-casa-de-banho-bide-sanita-pulverizador-mangueiras-de-canalizacao\/\",\"url\":\"https:\/\/www.yoroow.com\/pt\/pormenor-do-produto\/conjunto-moderno-de-tres-pecas-de-anilhas-femininas-atacado-casa-de-banho-bide-sanita-pulverizador-mangueiras-de-canalizacao\/\",\"name\":\"Modern Three-Piece Set of Feminine Washers Wholesale Bathroom Bidet Toilet Sprayer Plumbing Hoses - YOROOW\",\"isPartOf\":{\"@id\":\"https:\/\/www.yoroow.com\/pt\/#website\"},\"primaryImageOfPage\":{\"@id\":\"https:\/\/www.yoroow.com\/pt\/pormenor-do-produto\/conjunto-moderno-de-tres-pecas-de-anilhas-femininas-atacado-casa-de-banho-bide-sanita-pulverizador-mangueiras-de-canalizacao\/#primaryimage\"},\"image\":{\"@id\":\"https:\/\/www.yoroow.com\/pt\/pormenor-do-produto\/conjunto-moderno-de-tres-pecas-de-anilhas-femininas-atacado-casa-de-banho-bide-sanita-pulverizador-mangueiras-de-canalizacao\/#primaryimage\"},\"thumbnailUrl\":\"https:\/\/www.yoroow.com\/wp-content\/uploads\/2025\/05\/04.jpg\",\"datePublished\":\"2025-05-08T01:44:47+00:00\",\"dateModified\":\"2025-05-16T01:52:25+00:00\",\"description\":\"Modern three-piece set of feminine washers wholesale bathroom bidet toilet sprayer with plumbing hoses. Chinese production with reliable quality and export focus to South America and Southeast Asia.\",\"breadcrumb\":{\"@id\":\"https:\/\/www.yoroow.com\/pt\/pormenor-do-produto\/conjunto-moderno-de-tres-pecas-de-anilhas-femininas-atacado-casa-de-banho-bide-sanita-pulverizador-mangueiras-de-canalizacao\/#breadcrumb\"},\"inLanguage\":\"pt-PT\",\"potentialAction\":[{\"@type\":\"ReadAction\",\"target\":[\"https:\/\/www.yoroow.com\/pt\/pormenor-do-produto\/conjunto-moderno-de-tres-pecas-de-anilhas-femininas-atacado-casa-de-banho-bide-sanita-pulverizador-mangueiras-de-canalizacao\/\"]}]},{\"@type\":\"ImageObject\",\"inLanguage\":\"pt-PT\",\"@id\":\"https:\/\/www.yoroow.com\/pt\/pormenor-do-produto\/conjunto-moderno-de-tres-pecas-de-anilhas-femininas-atacado-casa-de-banho-bide-sanita-pulverizador-mangueiras-de-canalizacao\/#primaryimage\",\"url\":\"https:\/\/www.yoroow.com\/wp-content\/uploads\/2025\/05\/04.jpg\",\"contentUrl\":\"https:\/\/www.yoroow.com\/wp-content\/uploads\/2025\/05\/04.jpg\",\"width\":751,\"height\":751,\"caption\":\"Modern Three-Piece Set of Feminine Washers Wholesale Bathroom Bidet Toilet Sprayer Plumbing Hoses\"},{\"@type\":\"BreadcrumbList\",\"@id\":\"https:\/\/www.yoroow.com\/pt\/pormenor-do-produto\/conjunto-moderno-de-tres-pecas-de-anilhas-femininas-atacado-casa-de-banho-bide-sanita-pulverizador-mangueiras-de-canalizacao\/#breadcrumb\",\"itemListElement\":[{\"@type\":\"ListItem\",\"position\":1,\"name\":\"home\",\"item\":\"https:\/\/www.yoroow.com\/\"},{\"@type\":\"ListItem\",\"position\":2,\"name\":\"Product\",\"item\":\"https:\/\/www.yoroow.com\/product\/\"},{\"@type\":\"ListItem\",\"position\":3,\"name\":\"Modern Three-Piece Set of Feminine Washers Wholesale Bathroom Bidet Toilet Sprayer Plumbing Hoses\"}]},{\"@type\":\"WebSite\",\"@id\":\"https:\/\/www.yoroow.com\/pt\/#website\",\"url\":\"https:\/\/www.yoroow.com\/pt\/\",\"name\":\"YOROOW\",\"description\":\"\",\"publisher\":{\"@id\":\"https:\/\/www.yoroow.com\/pt\/#organization\"},\"potentialAction\":[{\"@type\":\"SearchAction\",\"target\":{\"@type\":\"EntryPoint\",\"urlTemplate\":\"https:\/\/www.yoroow.com\/pt\/?s={search_term_string}\"},\"query-input\":{\"@type\":\"PropertyValueSpecification\",\"valueRequired\":true,\"valueName\":\"search_term_string\"}}],\"inLanguage\":\"pt-PT\"},{\"@type\":\"Organization\",\"@id\":\"https:\/\/www.yoroow.com\/pt\/#organization\",\"name\":\"YOROOW\",\"url\":\"https:\/\/www.yoroow.com\/pt\/\",\"logo\":{\"@type\":\"ImageObject\",\"inLanguage\":\"pt-PT\",\"@id\":\"https:\/\/www.yoroow.com\/pt\/#\/schema\/logo\/image\/\",\"url\":\"https:\/\/www.yoroow.com\/wp-content\/uploads\/2024\/12\/2024123007131061.png\",\"contentUrl\":\"https:\/\/www.yoroow.com\/wp-content\/uploads\/2024\/12\/2024123007131061.png\",\"width\":168,\"height\":27,\"caption\":\"YOROOW\"},\"image\":{\"@id\":\"https:\/\/www.yoroow.com\/pt\/#\/schema\/logo\/image\/\"},\"sameAs\":[\"https:\/\/www.facebook.com\/people\/yoroowfaucetfactory\/61564236752362\/\"]}]}<\/script>\n<!-- \/ Yoast SEO Premium plugin. -->","yoast_head_json":{"title":"Modern Three-Piece Set of Feminine Washers Wholesale Bathroom Bidet Toilet Sprayer Plumbing Hoses - YOROOW","description":"Modern three-piece set of feminine washers wholesale bathroom bidet toilet sprayer with plumbing hoses. Chinese production with reliable quality and export focus to South America and Southeast Asia.","robots":{"index":"index","follow":"follow","max-snippet":"max-snippet:-1","max-image-preview":"max-image-preview:large","max-video-preview":"max-video-preview:-1"},"canonical":"https:\/\/www.yoroow.com\/pt\/pormenor-do-produto\/conjunto-moderno-de-tres-pecas-de-anilhas-femininas-atacado-casa-de-banho-bide-sanita-pulverizador-mangueiras-de-canalizacao\/","og_locale":"pt_PT","og_type":"article","og_title":"Modern Three-Piece Set of Feminine Washers Wholesale Bathroom Bidet Toilet Sprayer Plumbing Hoses","og_description":"Modern three-piece set of feminine washers wholesale bathroom bidet toilet sprayer with plumbing hoses. Chinese production with reliable quality and export focus to South America and Southeast Asia.","og_url":"https:\/\/www.yoroow.com\/pt\/pormenor-do-produto\/conjunto-moderno-de-tres-pecas-de-anilhas-femininas-atacado-casa-de-banho-bide-sanita-pulverizador-mangueiras-de-canalizacao\/","og_site_name":"YOROOW","article_publisher":"https:\/\/www.facebook.com\/people\/yoroowfaucetfactory\/61564236752362\/","article_modified_time":"2025-05-16T01:52:25+00:00","og_image":[{"width":751,"height":751,"url":"https:\/\/www.yoroow.com\/wp-content\/uploads\/2025\/05\/04.jpg","type":"image\/jpeg"}],"twitter_card":"summary_large_image","twitter_misc":{"Est. reading time":"1 minuto"},"schema":{"@context":"https:\/\/schema.org","@graph":[{"@type":"WebPage","@id":"https:\/\/www.yoroow.com\/pt\/pormenor-do-produto\/conjunto-moderno-de-tres-pecas-de-anilhas-femininas-atacado-casa-de-banho-bide-sanita-pulverizador-mangueiras-de-canalizacao\/","url":"https:\/\/www.yoroow.com\/pt\/pormenor-do-produto\/conjunto-moderno-de-tres-pecas-de-anilhas-femininas-atacado-casa-de-banho-bide-sanita-pulverizador-mangueiras-de-canalizacao\/","name":"Modern Three-Piece Set of Feminine Washers Wholesale Bathroom Bidet Toilet Sprayer Plumbing Hoses - YOROOW","isPartOf":{"@id":"https:\/\/www.yoroow.com\/pt\/#website"},"primaryImageOfPage":{"@id":"https:\/\/www.yoroow.com\/pt\/pormenor-do-produto\/conjunto-moderno-de-tres-pecas-de-anilhas-femininas-atacado-casa-de-banho-bide-sanita-pulverizador-mangueiras-de-canalizacao\/#primaryimage"},"image":{"@id":"https:\/\/www.yoroow.com\/pt\/pormenor-do-produto\/conjunto-moderno-de-tres-pecas-de-anilhas-femininas-atacado-casa-de-banho-bide-sanita-pulverizador-mangueiras-de-canalizacao\/#primaryimage"},"thumbnailUrl":"https:\/\/www.yoroow.com\/wp-content\/uploads\/2025\/05\/04.jpg","datePublished":"2025-05-08T01:44:47+00:00","dateModified":"2025-05-16T01:52:25+00:00","description":"Modern three-piece set of feminine washers wholesale bathroom bidet toilet sprayer with plumbing hoses. Chinese production with reliable quality and export focus to South America and Southeast Asia.","breadcrumb":{"@id":"https:\/\/www.yoroow.com\/pt\/pormenor-do-produto\/conjunto-moderno-de-tres-pecas-de-anilhas-femininas-atacado-casa-de-banho-bide-sanita-pulverizador-mangueiras-de-canalizacao\/#breadcrumb"},"inLanguage":"pt-PT","potentialAction":[{"@type":"ReadAction","target":["https:\/\/www.yoroow.com\/pt\/pormenor-do-produto\/conjunto-moderno-de-tres-pecas-de-anilhas-femininas-atacado-casa-de-banho-bide-sanita-pulverizador-mangueiras-de-canalizacao\/"]}]},{"@type":"ImageObject","inLanguage":"pt-PT","@id":"https:\/\/www.yoroow.com\/pt\/pormenor-do-produto\/conjunto-moderno-de-tres-pecas-de-anilhas-femininas-atacado-casa-de-banho-bide-sanita-pulverizador-mangueiras-de-canalizacao\/#primaryimage","url":"https:\/\/www.yoroow.com\/wp-content\/uploads\/2025\/05\/04.jpg","contentUrl":"https:\/\/www.yoroow.com\/wp-content\/uploads\/2025\/05\/04.jpg","width":751,"height":751,"caption":"Modern Three-Piece Set of Feminine Washers Wholesale Bathroom Bidet Toilet Sprayer Plumbing Hoses"},{"@type":"BreadcrumbList","@id":"https:\/\/www.yoroow.com\/pt\/pormenor-do-produto\/conjunto-moderno-de-tres-pecas-de-anilhas-femininas-atacado-casa-de-banho-bide-sanita-pulverizador-mangueiras-de-canalizacao\/#breadcrumb","itemListElement":[{"@type":"ListItem","position":1,"name":"home","item":"https:\/\/www.yoroow.com\/"},{"@type":"ListItem","position":2,"name":"Product","item":"https:\/\/www.yoroow.com\/product\/"},{"@type":"ListItem","position":3,"name":"Modern Three-Piece Set of Feminine Washers Wholesale Bathroom Bidet Toilet Sprayer Plumbing Hoses"}]},{"@type":"WebSite","@id":"https:\/\/www.yoroow.com\/pt\/#website","url":"https:\/\/www.yoroow.com\/pt\/","name":"YOROOW","description":"","publisher":{"@id":"https:\/\/www.yoroow.com\/pt\/#organization"},"potentialAction":[{"@type":"SearchAction","target":{"@type":"EntryPoint","urlTemplate":"https:\/\/www.yoroow.com\/pt\/?s={search_term_string}"},"query-input":{"@type":"PropertyValueSpecification","valueRequired":true,"valueName":"search_term_string"}}],"inLanguage":"pt-PT"},{"@type":"Organization","@id":"https:\/\/www.yoroow.com\/pt\/#organization","name":"YOROOW","url":"https:\/\/www.yoroow.com\/pt\/","logo":{"@type":"ImageObject","inLanguage":"pt-PT","@id":"https:\/\/www.yoroow.com\/pt\/#\/schema\/logo\/image\/","url":"https:\/\/www.yoroow.com\/wp-content\/uploads\/2024\/12\/2024123007131061.png","contentUrl":"https:\/\/www.yoroow.com\/wp-content\/uploads\/2024\/12\/2024123007131061.png","width":168,"height":27,"caption":"YOROOW"},"image":{"@id":"https:\/\/www.yoroow.com\/pt\/#\/schema\/logo\/image\/"},"sameAs":["https:\/\/www.facebook.com\/people\/yoroowfaucetfactory\/61564236752362\/"]}]}},"_links":{"self":[{"href":"https:\/\/www.yoroow.com\/pt\/wp-json\/wp\/v2\/product\/19625","targetHints":{"allow":["GET"]}}],"collection":[{"href":"https:\/\/www.yoroow.com\/pt\/wp-json\/wp\/v2\/product"}],"about":[{"href":"https:\/\/www.yoroow.com\/pt\/wp-json\/wp\/v2\/types\/product"}],"wp:featuredmedia":[{"embeddable":true,"href":"https:\/\/www.yoroow.com\/pt\/wp-json\/wp\/v2\/media\/19626"}],"wp:attachment":[{"href":"https:\/\/www.yoroow.com\/pt\/wp-json\/wp\/v2\/media?parent=19625"}],"wp:term":[{"taxonomy":"product_brand","embeddable":true,"href":"https:\/\/www.yoroow.com\/pt\/wp-json\/wp\/v2\/product_brand?post=19625"},{"taxonomy":"product_cat","embeddable":true,"href":"https:\/\/www.yoroow.com\/pt\/wp-json\/wp\/v2\/product_cat?post=19625"},{"taxonomy":"product_tag","embeddable":true,"href":"https:\/\/www.yoroow.com\/pt\/wp-json\/wp\/v2\/product_tag?post=19625"}],"curies":[{"name":"wp","href":"https:\/\/api.w.org\/{rel}","templated":true}]}}