{"id":19619,"date":"2025-05-08T09:16:53","date_gmt":"2025-05-08T01:16:53","guid":{"rendered":"https:\/\/www.yoroow.com\/?post_type=product&#038;p=19619"},"modified":"2025-05-16T09:52:23","modified_gmt":"2025-05-16T01:52:23","slug":"conjunto-moderno-de-pulverizador-de-bide-manual-em-aco-inoxidavel-304-kit-de-pulverizador-de-jato-de-casa-de-banho-com-mangueira-de-fixacao-de-pulverizador-de-parede","status":"publish","type":"product","link":"https:\/\/www.yoroow.com\/pt\/pormenor-do-produto\/conjunto-moderno-de-pulverizador-de-bide-manual-em-aco-inoxidavel-304-kit-de-pulverizador-de-jato-de-casa-de-banho-com-mangueira-de-fixacao-de-pulverizador-de-parede\/","title":{"rendered":"Conjunto moderno de pulverizador de bid\u00e9 de m\u00e3o em a\u00e7o inoxid\u00e1vel 304 Kit de pulverizador de jato para casa de banho com mangueira de fixa\u00e7\u00e3o de pulverizador de parede"},"content":{"rendered":"<p>Conjunto moderno de pulverizador de bid\u00e9 manual em a\u00e7o inoxid\u00e1vel 304 O kit de pulverizador de jato para casa de banho com mangueira de fixa\u00e7\u00e3o na parede oferece uma solu\u00e7\u00e3o completa para a higiene pessoal e a limpeza da casa de banho. Fabricado em a\u00e7o inoxid\u00e1vel 304 robusto, o kit inclui um pulverizador de m\u00e3o, um suporte de parede e uma mangueira flex\u00edvel, concebidos para uma instala\u00e7\u00e3o f\u00e1cil e uma utiliza\u00e7\u00e3o duradoura. O pulverizador proporciona um fluxo de \u00e1gua suave com press\u00e3o ajust\u00e1vel, adequado para a higiene feminina e a limpeza da casa de banho. Fabricado numa f\u00e1brica chinesa com fortes processos de garantia de qualidade, o conjunto cumpre as normas internacionais de seguran\u00e7a e durabilidade. O seu acabamento elegante em a\u00e7o inoxid\u00e1vel adapta-se a v\u00e1rias decora\u00e7\u00f5es de casa de banho. Este produto tem mercados estabelecidos na Am\u00e9rica do Sul e no Sudeste Asi\u00e1tico, nomeadamente no Brasil, Vietname e Tail\u00e2ndia, onde os clientes valorizam solu\u00e7\u00f5es de bid\u00e9 fi\u00e1veis e higi\u00e9nicas. A empresa fornece servi\u00e7os OEM personalizados e apoia os clientes com uma log\u00edstica de exporta\u00e7\u00e3o atempada. |<\/p>","protected":false},"excerpt":{"rendered":"<p>Conjunto moderno de pulverizador de bid\u00e9 manual em a\u00e7o inoxid\u00e1vel 304 O kit de pulverizador de jato para casa de banho com mangueira de fixa\u00e7\u00e3o na parede oferece uma solu\u00e7\u00e3o completa para a higiene pessoal e a limpeza da casa de banho. Fabricado em a\u00e7o inoxid\u00e1vel 304 robusto, o kit inclui um pulverizador de m\u00e3o, um suporte de parede e uma mangueira flex\u00edvel, concebidos para uma instala\u00e7\u00e3o f\u00e1cil e uma utiliza\u00e7\u00e3o duradoura. O pulverizador proporciona uma...<\/p>","protected":false},"featured_media":19620,"template":"","meta":{"_acf_changed":false,"_kad_post_transparent":"default","_kad_post_title":"","_kad_post_layout":"default","_kad_post_sidebar_id":"","_kad_post_content_style":"default","_kad_post_vertical_padding":"default","_kad_post_feature":"","_kad_post_feature_position":"","_kad_post_header":false,"_kad_post_footer":false},"product_brand":[],"product_cat":[132,7864],"product_tag":[3522,3512],"class_list":{"0":"post-19619","1":"product","2":"type-product","3":"status-publish","4":"has-post-thumbnail","6":"product_cat-bidet-sprayer","7":"product_cat-c-bidetsprayer","8":"product_tag-handheld-bidet-sprayer","9":"product_tag-stainless-steel-handheld-toilet-bidets-sprayer-set-wall","11":"first","12":"instock","13":"shipping-taxable","14":"purchasable","15":"product-type-variable","16":"wvs-archive-product-wrapper","17":"entry","18":"content-bg","19":"loop-entry"},"acf":[],"yoast_head":"<!-- This site is optimized with the Yoast SEO Premium plugin v25.4 (Yoast SEO v27.0) - https:\/\/yoast.com\/product\/yoast-seo-premium-wordpress\/ -->\n<title>Modern Stainless Steel 304 Handheld Bidet Sprayer Set Bathroom Jet Sprayer Kit with Wall Spray Attachment Hose - YOROOW<\/title>\n<meta name=\"description\" content=\"Modern stainless steel 304 handheld bidet sprayer set with bathroom jet sprayer kit and wall spray attachment hose. High-quality manufacture in China with exports to South America and Southeast Asia.\" \/>\n<meta name=\"robots\" content=\"index, follow, max-snippet:-1, max-image-preview:large, max-video-preview:-1\" \/>\n<link rel=\"canonical\" href=\"https:\/\/www.yoroow.com\/pt\/pormenor-do-produto\/conjunto-moderno-de-pulverizador-de-bide-manual-em-aco-inoxidavel-304-kit-de-pulverizador-de-jato-de-casa-de-banho-com-mangueira-de-fixacao-de-pulverizador-de-parede\/\" \/>\n<meta property=\"og:locale\" content=\"pt_PT\" \/>\n<meta property=\"og:type\" content=\"article\" \/>\n<meta property=\"og:title\" content=\"Modern Stainless Steel 304 Handheld Bidet Sprayer Set Bathroom Jet Sprayer Kit with Wall Spray Attachment Hose\" \/>\n<meta property=\"og:description\" content=\"Modern stainless steel 304 handheld bidet sprayer set with bathroom jet sprayer kit and wall spray attachment hose. High-quality manufacture in China with exports to South America and Southeast Asia.\" \/>\n<meta property=\"og:url\" content=\"https:\/\/www.yoroow.com\/pt\/pormenor-do-produto\/conjunto-moderno-de-pulverizador-de-bide-manual-em-aco-inoxidavel-304-kit-de-pulverizador-de-jato-de-casa-de-banho-com-mangueira-de-fixacao-de-pulverizador-de-parede\/\" \/>\n<meta property=\"og:site_name\" content=\"YOROOW\" \/>\n<meta property=\"article:publisher\" content=\"https:\/\/www.facebook.com\/people\/yoroowfaucetfactory\/61564236752362\/\" \/>\n<meta property=\"article:modified_time\" content=\"2025-05-16T01:52:23+00:00\" \/>\n<meta property=\"og:image\" content=\"https:\/\/www.yoroow.com\/wp-content\/uploads\/2025\/05\/\u5fae\u4fe1\u56fe\u7247_20211102100747.jpg\" \/>\n\t<meta property=\"og:image:width\" content=\"592\" \/>\n\t<meta property=\"og:image:height\" content=\"592\" \/>\n\t<meta property=\"og:image:type\" content=\"image\/jpeg\" \/>\n<meta name=\"twitter:card\" content=\"summary_large_image\" \/>\n<meta name=\"twitter:label1\" content=\"Est. reading time\" \/>\n\t<meta name=\"twitter:data1\" content=\"1 minuto\" \/>\n<script type=\"application\/ld+json\" class=\"yoast-schema-graph\">{\"@context\":\"https:\/\/schema.org\",\"@graph\":[{\"@type\":\"WebPage\",\"@id\":\"https:\/\/www.yoroow.com\/pt\/pormenor-do-produto\/conjunto-moderno-de-pulverizador-de-bide-manual-em-aco-inoxidavel-304-kit-de-pulverizador-de-jato-de-casa-de-banho-com-mangueira-de-fixacao-de-pulverizador-de-parede\/\",\"url\":\"https:\/\/www.yoroow.com\/pt\/pormenor-do-produto\/conjunto-moderno-de-pulverizador-de-bide-manual-em-aco-inoxidavel-304-kit-de-pulverizador-de-jato-de-casa-de-banho-com-mangueira-de-fixacao-de-pulverizador-de-parede\/\",\"name\":\"Modern Stainless Steel 304 Handheld Bidet Sprayer Set Bathroom Jet Sprayer Kit with Wall Spray Attachment Hose - YOROOW\",\"isPartOf\":{\"@id\":\"https:\/\/www.yoroow.com\/pt\/#website\"},\"primaryImageOfPage\":{\"@id\":\"https:\/\/www.yoroow.com\/pt\/pormenor-do-produto\/conjunto-moderno-de-pulverizador-de-bide-manual-em-aco-inoxidavel-304-kit-de-pulverizador-de-jato-de-casa-de-banho-com-mangueira-de-fixacao-de-pulverizador-de-parede\/#primaryimage\"},\"image\":{\"@id\":\"https:\/\/www.yoroow.com\/pt\/pormenor-do-produto\/conjunto-moderno-de-pulverizador-de-bide-manual-em-aco-inoxidavel-304-kit-de-pulverizador-de-jato-de-casa-de-banho-com-mangueira-de-fixacao-de-pulverizador-de-parede\/#primaryimage\"},\"thumbnailUrl\":\"https:\/\/www.yoroow.com\/wp-content\/uploads\/2025\/05\/\u5fae\u4fe1\u56fe\u7247_20211102100747.jpg\",\"datePublished\":\"2025-05-08T01:16:53+00:00\",\"dateModified\":\"2025-05-16T01:52:23+00:00\",\"description\":\"Modern stainless steel 304 handheld bidet sprayer set with bathroom jet sprayer kit and wall spray attachment hose. High-quality manufacture in China with exports to South America and Southeast Asia.\",\"breadcrumb\":{\"@id\":\"https:\/\/www.yoroow.com\/pt\/pormenor-do-produto\/conjunto-moderno-de-pulverizador-de-bide-manual-em-aco-inoxidavel-304-kit-de-pulverizador-de-jato-de-casa-de-banho-com-mangueira-de-fixacao-de-pulverizador-de-parede\/#breadcrumb\"},\"inLanguage\":\"pt-PT\",\"potentialAction\":[{\"@type\":\"ReadAction\",\"target\":[\"https:\/\/www.yoroow.com\/pt\/pormenor-do-produto\/conjunto-moderno-de-pulverizador-de-bide-manual-em-aco-inoxidavel-304-kit-de-pulverizador-de-jato-de-casa-de-banho-com-mangueira-de-fixacao-de-pulverizador-de-parede\/\"]}]},{\"@type\":\"ImageObject\",\"inLanguage\":\"pt-PT\",\"@id\":\"https:\/\/www.yoroow.com\/pt\/pormenor-do-produto\/conjunto-moderno-de-pulverizador-de-bide-manual-em-aco-inoxidavel-304-kit-de-pulverizador-de-jato-de-casa-de-banho-com-mangueira-de-fixacao-de-pulverizador-de-parede\/#primaryimage\",\"url\":\"https:\/\/www.yoroow.com\/wp-content\/uploads\/2025\/05\/\u5fae\u4fe1\u56fe\u7247_20211102100747.jpg\",\"contentUrl\":\"https:\/\/www.yoroow.com\/wp-content\/uploads\/2025\/05\/\u5fae\u4fe1\u56fe\u7247_20211102100747.jpg\",\"width\":592,\"height\":592,\"caption\":\"Modern Stainless Steel 304 Handheld Bidet Sprayer Set Bathroom Jet Sprayer Kit with Wall Spray Attachment Hose\"},{\"@type\":\"BreadcrumbList\",\"@id\":\"https:\/\/www.yoroow.com\/pt\/pormenor-do-produto\/conjunto-moderno-de-pulverizador-de-bide-manual-em-aco-inoxidavel-304-kit-de-pulverizador-de-jato-de-casa-de-banho-com-mangueira-de-fixacao-de-pulverizador-de-parede\/#breadcrumb\",\"itemListElement\":[{\"@type\":\"ListItem\",\"position\":1,\"name\":\"home\",\"item\":\"https:\/\/www.yoroow.com\/\"},{\"@type\":\"ListItem\",\"position\":2,\"name\":\"Product\",\"item\":\"https:\/\/www.yoroow.com\/product\/\"},{\"@type\":\"ListItem\",\"position\":3,\"name\":\"Modern Stainless Steel 304 Handheld Bidet Sprayer Set Bathroom Jet Sprayer Kit with Wall Spray Attachment Hose\"}]},{\"@type\":\"WebSite\",\"@id\":\"https:\/\/www.yoroow.com\/pt\/#website\",\"url\":\"https:\/\/www.yoroow.com\/pt\/\",\"name\":\"YOROOW\",\"description\":\"\",\"publisher\":{\"@id\":\"https:\/\/www.yoroow.com\/pt\/#organization\"},\"potentialAction\":[{\"@type\":\"SearchAction\",\"target\":{\"@type\":\"EntryPoint\",\"urlTemplate\":\"https:\/\/www.yoroow.com\/pt\/?s={search_term_string}\"},\"query-input\":{\"@type\":\"PropertyValueSpecification\",\"valueRequired\":true,\"valueName\":\"search_term_string\"}}],\"inLanguage\":\"pt-PT\"},{\"@type\":\"Organization\",\"@id\":\"https:\/\/www.yoroow.com\/pt\/#organization\",\"name\":\"YOROOW\",\"url\":\"https:\/\/www.yoroow.com\/pt\/\",\"logo\":{\"@type\":\"ImageObject\",\"inLanguage\":\"pt-PT\",\"@id\":\"https:\/\/www.yoroow.com\/pt\/#\/schema\/logo\/image\/\",\"url\":\"https:\/\/www.yoroow.com\/wp-content\/uploads\/2024\/12\/2024123007131061.png\",\"contentUrl\":\"https:\/\/www.yoroow.com\/wp-content\/uploads\/2024\/12\/2024123007131061.png\",\"width\":168,\"height\":27,\"caption\":\"YOROOW\"},\"image\":{\"@id\":\"https:\/\/www.yoroow.com\/pt\/#\/schema\/logo\/image\/\"},\"sameAs\":[\"https:\/\/www.facebook.com\/people\/yoroowfaucetfactory\/61564236752362\/\"]}]}<\/script>\n<!-- \/ Yoast SEO Premium plugin. -->","yoast_head_json":{"title":"Modern Stainless Steel 304 Handheld Bidet Sprayer Set Bathroom Jet Sprayer Kit with Wall Spray Attachment Hose - YOROOW","description":"Modern stainless steel 304 handheld bidet sprayer set with bathroom jet sprayer kit and wall spray attachment hose. High-quality manufacture in China with exports to South America and Southeast Asia.","robots":{"index":"index","follow":"follow","max-snippet":"max-snippet:-1","max-image-preview":"max-image-preview:large","max-video-preview":"max-video-preview:-1"},"canonical":"https:\/\/www.yoroow.com\/pt\/pormenor-do-produto\/conjunto-moderno-de-pulverizador-de-bide-manual-em-aco-inoxidavel-304-kit-de-pulverizador-de-jato-de-casa-de-banho-com-mangueira-de-fixacao-de-pulverizador-de-parede\/","og_locale":"pt_PT","og_type":"article","og_title":"Modern Stainless Steel 304 Handheld Bidet Sprayer Set Bathroom Jet Sprayer Kit with Wall Spray Attachment Hose","og_description":"Modern stainless steel 304 handheld bidet sprayer set with bathroom jet sprayer kit and wall spray attachment hose. High-quality manufacture in China with exports to South America and Southeast Asia.","og_url":"https:\/\/www.yoroow.com\/pt\/pormenor-do-produto\/conjunto-moderno-de-pulverizador-de-bide-manual-em-aco-inoxidavel-304-kit-de-pulverizador-de-jato-de-casa-de-banho-com-mangueira-de-fixacao-de-pulverizador-de-parede\/","og_site_name":"YOROOW","article_publisher":"https:\/\/www.facebook.com\/people\/yoroowfaucetfactory\/61564236752362\/","article_modified_time":"2025-05-16T01:52:23+00:00","og_image":[{"width":592,"height":592,"url":"https:\/\/www.yoroow.com\/wp-content\/uploads\/2025\/05\/\u5fae\u4fe1\u56fe\u7247_20211102100747.jpg","type":"image\/jpeg"}],"twitter_card":"summary_large_image","twitter_misc":{"Est. reading time":"1 minuto"},"schema":{"@context":"https:\/\/schema.org","@graph":[{"@type":"WebPage","@id":"https:\/\/www.yoroow.com\/pt\/pormenor-do-produto\/conjunto-moderno-de-pulverizador-de-bide-manual-em-aco-inoxidavel-304-kit-de-pulverizador-de-jato-de-casa-de-banho-com-mangueira-de-fixacao-de-pulverizador-de-parede\/","url":"https:\/\/www.yoroow.com\/pt\/pormenor-do-produto\/conjunto-moderno-de-pulverizador-de-bide-manual-em-aco-inoxidavel-304-kit-de-pulverizador-de-jato-de-casa-de-banho-com-mangueira-de-fixacao-de-pulverizador-de-parede\/","name":"Modern Stainless Steel 304 Handheld Bidet Sprayer Set Bathroom Jet Sprayer Kit with Wall Spray Attachment Hose - YOROOW","isPartOf":{"@id":"https:\/\/www.yoroow.com\/pt\/#website"},"primaryImageOfPage":{"@id":"https:\/\/www.yoroow.com\/pt\/pormenor-do-produto\/conjunto-moderno-de-pulverizador-de-bide-manual-em-aco-inoxidavel-304-kit-de-pulverizador-de-jato-de-casa-de-banho-com-mangueira-de-fixacao-de-pulverizador-de-parede\/#primaryimage"},"image":{"@id":"https:\/\/www.yoroow.com\/pt\/pormenor-do-produto\/conjunto-moderno-de-pulverizador-de-bide-manual-em-aco-inoxidavel-304-kit-de-pulverizador-de-jato-de-casa-de-banho-com-mangueira-de-fixacao-de-pulverizador-de-parede\/#primaryimage"},"thumbnailUrl":"https:\/\/www.yoroow.com\/wp-content\/uploads\/2025\/05\/\u5fae\u4fe1\u56fe\u7247_20211102100747.jpg","datePublished":"2025-05-08T01:16:53+00:00","dateModified":"2025-05-16T01:52:23+00:00","description":"Modern stainless steel 304 handheld bidet sprayer set with bathroom jet sprayer kit and wall spray attachment hose. High-quality manufacture in China with exports to South America and Southeast Asia.","breadcrumb":{"@id":"https:\/\/www.yoroow.com\/pt\/pormenor-do-produto\/conjunto-moderno-de-pulverizador-de-bide-manual-em-aco-inoxidavel-304-kit-de-pulverizador-de-jato-de-casa-de-banho-com-mangueira-de-fixacao-de-pulverizador-de-parede\/#breadcrumb"},"inLanguage":"pt-PT","potentialAction":[{"@type":"ReadAction","target":["https:\/\/www.yoroow.com\/pt\/pormenor-do-produto\/conjunto-moderno-de-pulverizador-de-bide-manual-em-aco-inoxidavel-304-kit-de-pulverizador-de-jato-de-casa-de-banho-com-mangueira-de-fixacao-de-pulverizador-de-parede\/"]}]},{"@type":"ImageObject","inLanguage":"pt-PT","@id":"https:\/\/www.yoroow.com\/pt\/pormenor-do-produto\/conjunto-moderno-de-pulverizador-de-bide-manual-em-aco-inoxidavel-304-kit-de-pulverizador-de-jato-de-casa-de-banho-com-mangueira-de-fixacao-de-pulverizador-de-parede\/#primaryimage","url":"https:\/\/www.yoroow.com\/wp-content\/uploads\/2025\/05\/\u5fae\u4fe1\u56fe\u7247_20211102100747.jpg","contentUrl":"https:\/\/www.yoroow.com\/wp-content\/uploads\/2025\/05\/\u5fae\u4fe1\u56fe\u7247_20211102100747.jpg","width":592,"height":592,"caption":"Modern Stainless Steel 304 Handheld Bidet Sprayer Set Bathroom Jet Sprayer Kit with Wall Spray Attachment Hose"},{"@type":"BreadcrumbList","@id":"https:\/\/www.yoroow.com\/pt\/pormenor-do-produto\/conjunto-moderno-de-pulverizador-de-bide-manual-em-aco-inoxidavel-304-kit-de-pulverizador-de-jato-de-casa-de-banho-com-mangueira-de-fixacao-de-pulverizador-de-parede\/#breadcrumb","itemListElement":[{"@type":"ListItem","position":1,"name":"home","item":"https:\/\/www.yoroow.com\/"},{"@type":"ListItem","position":2,"name":"Product","item":"https:\/\/www.yoroow.com\/product\/"},{"@type":"ListItem","position":3,"name":"Modern Stainless Steel 304 Handheld Bidet Sprayer Set Bathroom Jet Sprayer Kit with Wall Spray Attachment Hose"}]},{"@type":"WebSite","@id":"https:\/\/www.yoroow.com\/pt\/#website","url":"https:\/\/www.yoroow.com\/pt\/","name":"YOROOW","description":"","publisher":{"@id":"https:\/\/www.yoroow.com\/pt\/#organization"},"potentialAction":[{"@type":"SearchAction","target":{"@type":"EntryPoint","urlTemplate":"https:\/\/www.yoroow.com\/pt\/?s={search_term_string}"},"query-input":{"@type":"PropertyValueSpecification","valueRequired":true,"valueName":"search_term_string"}}],"inLanguage":"pt-PT"},{"@type":"Organization","@id":"https:\/\/www.yoroow.com\/pt\/#organization","name":"YOROOW","url":"https:\/\/www.yoroow.com\/pt\/","logo":{"@type":"ImageObject","inLanguage":"pt-PT","@id":"https:\/\/www.yoroow.com\/pt\/#\/schema\/logo\/image\/","url":"https:\/\/www.yoroow.com\/wp-content\/uploads\/2024\/12\/2024123007131061.png","contentUrl":"https:\/\/www.yoroow.com\/wp-content\/uploads\/2024\/12\/2024123007131061.png","width":168,"height":27,"caption":"YOROOW"},"image":{"@id":"https:\/\/www.yoroow.com\/pt\/#\/schema\/logo\/image\/"},"sameAs":["https:\/\/www.facebook.com\/people\/yoroowfaucetfactory\/61564236752362\/"]}]}},"_links":{"self":[{"href":"https:\/\/www.yoroow.com\/pt\/wp-json\/wp\/v2\/product\/19619","targetHints":{"allow":["GET"]}}],"collection":[{"href":"https:\/\/www.yoroow.com\/pt\/wp-json\/wp\/v2\/product"}],"about":[{"href":"https:\/\/www.yoroow.com\/pt\/wp-json\/wp\/v2\/types\/product"}],"wp:featuredmedia":[{"embeddable":true,"href":"https:\/\/www.yoroow.com\/pt\/wp-json\/wp\/v2\/media\/19620"}],"wp:attachment":[{"href":"https:\/\/www.yoroow.com\/pt\/wp-json\/wp\/v2\/media?parent=19619"}],"wp:term":[{"taxonomy":"product_brand","embeddable":true,"href":"https:\/\/www.yoroow.com\/pt\/wp-json\/wp\/v2\/product_brand?post=19619"},{"taxonomy":"product_cat","embeddable":true,"href":"https:\/\/www.yoroow.com\/pt\/wp-json\/wp\/v2\/product_cat?post=19619"},{"taxonomy":"product_tag","embeddable":true,"href":"https:\/\/www.yoroow.com\/pt\/wp-json\/wp\/v2\/product_tag?post=19619"}],"curies":[{"name":"wp","href":"https:\/\/api.w.org\/{rel}","templated":true}]}}