{"id":19543,"date":"2025-05-07T18:01:36","date_gmt":"2025-05-07T10:01:36","guid":{"rendered":"https:\/\/www.yoroow.com\/?post_type=product&#038;p=19543"},"modified":"2025-05-16T09:52:21","modified_gmt":"2025-05-16T01:52:21","slug":"bide-de-aco-inoxidavel-304-de-preco-quente-montado-na-parede-conjunto-de-bide-de-mao-de-alta-pressao-para-casa-de-banho-de-limpeza-feminina","status":"publish","type":"product","link":"https:\/\/www.yoroow.com\/pt\/pormenor-do-produto\/bide-de-aco-inoxidavel-304-de-preco-quente-montado-na-parede-conjunto-de-bide-de-mao-de-alta-pressao-para-casa-de-banho-de-limpeza-feminina\/","title":{"rendered":"Pre\u00e7o Quente Conjunto de Bid\u00e9 de A\u00e7o Inoxid\u00e1vel 304 Montado na Parede Pulverizador de Bid\u00e9 Port\u00e1til de Alta Press\u00e3o para Casa de Banho de Limpeza Feminina"},"content":{"rendered":"<p>Pre\u00e7o quente Conjunto de bid\u00e9 de a\u00e7o inoxid\u00e1vel 304 montado na parede O pulverizador de bid\u00e9 manual de alta press\u00e3o para sanita \u00e9 fabricado com a\u00e7o inoxid\u00e1vel 304 de primeira qualidade para uma excelente resist\u00eancia \u00e0 ferrugem e \u00e0 corros\u00e3o. Concebido para fornecer \u00e1gua a alta press\u00e3o, este pulverizador de bid\u00e9 manual proporciona uma limpeza eficaz com controlo de pulveriza\u00e7\u00e3o ajust\u00e1vel. A instala\u00e7\u00e3o na parede poupa espa\u00e7o e confere um aspeto elegante \u00e0s casas de banho. O conjunto \u00e9 popular para a higiene \u00edntima das mulheres e para a limpeza geral da casa de banho. Produzido numa f\u00e1brica profissional chinesa com t\u00e9cnicas de fabrico avan\u00e7adas, apresenta soldadura e acabamento de superf\u00edcie precisos para maior durabilidade e apelo est\u00e9tico. As op\u00e7\u00f5es de personaliza\u00e7\u00e3o OEM incluem o comprimento da mangueira e o design da embalagem. O produto \u00e9 muito procurado na Am\u00e9rica do Sul e no Sudeste Asi\u00e1tico, especialmente em pa\u00edses como a Col\u00f4mbia, a Mal\u00e1sia e as Filipinas, devido ao aumento dos padr\u00f5es de higiene e \u00e0 procura de acess\u00f3rios de casa de banho duradouros. As equipas de exporta\u00e7\u00e3o oferecem uma log\u00edstica e um servi\u00e7o ao cliente eficientes. |<\/p>","protected":false},"excerpt":{"rendered":"<p>Hot Price Wall Mounted 304 Stainless Steel Bidet Set High Pressure Handheld Bidet Sprayer for Toilet is crafted with premium 304 stainless steel for excellent rust and corrosion resistance. Designed for high-pressure water delivery, this handheld bidet sprayer provides effective cleaning with adjustable spray control. Wall-mounted installation saves space and adds a neat look to&#8230;<\/p>","protected":false},"featured_media":19739,"template":"","meta":{"_acf_changed":false,"_kad_post_transparent":"default","_kad_post_title":"","_kad_post_layout":"default","_kad_post_sidebar_id":"","_kad_post_content_style":"default","_kad_post_vertical_padding":"default","_kad_post_feature":"","_kad_post_feature_position":"","_kad_post_header":false,"_kad_post_footer":false},"product_brand":[],"product_cat":[132,7864],"product_tag":[3525,3515],"class_list":{"0":"post-19543","1":"product","2":"type-product","3":"status-publish","4":"has-post-thumbnail","6":"product_cat-bidet-sprayer","7":"product_cat-c-bidetsprayer","8":"product_tag-handheld-bidet-sprayer-for-toilet","9":"product_tag-stainless-steel-handheld-bidet-sprayer-for-toilet","11":"first","12":"instock","13":"shipping-taxable","14":"purchasable","15":"product-type-variable","16":"wvs-archive-product-wrapper","17":"entry","18":"content-bg","19":"loop-entry"},"acf":[],"yoast_head":"<!-- This site is optimized with the Yoast SEO Premium plugin v25.4 (Yoast SEO v27.0) - https:\/\/yoast.com\/product\/yoast-seo-premium-wordpress\/ -->\n<title>Hot Price Wall Mounted 304 Stainless Steel Bidet Set High Pressure Handheld Bidet Sprayer for Toilet Women&#039;s Cleaning Bathroom - YOROOW<\/title>\n<meta name=\"description\" content=\"Hot price wall mounted 304 stainless steel bidet set with high pressure handheld bidet sprayer for toilet women&#039;s cleaning. Premium Chinese factory product exported mainly to South America and Southeast Asia.\" \/>\n<meta name=\"robots\" content=\"index, follow, max-snippet:-1, max-image-preview:large, max-video-preview:-1\" \/>\n<link rel=\"canonical\" href=\"https:\/\/www.yoroow.com\/pt\/pormenor-do-produto\/bide-de-aco-inoxidavel-304-de-preco-quente-montado-na-parede-conjunto-de-bide-de-mao-de-alta-pressao-para-casa-de-banho-de-limpeza-feminina\/\" \/>\n<meta property=\"og:locale\" content=\"pt_PT\" \/>\n<meta property=\"og:type\" content=\"article\" \/>\n<meta property=\"og:title\" content=\"Hot Price Wall Mounted 304 Stainless Steel Bidet Set High Pressure Handheld Bidet Sprayer for Toilet Women&#039;s Cleaning Bathroom\" \/>\n<meta property=\"og:description\" content=\"Hot price wall mounted 304 stainless steel bidet set with high pressure handheld bidet sprayer for toilet women&#039;s cleaning. Premium Chinese factory product exported mainly to South America and Southeast Asia.\" \/>\n<meta property=\"og:url\" content=\"https:\/\/www.yoroow.com\/pt\/pormenor-do-produto\/bide-de-aco-inoxidavel-304-de-preco-quente-montado-na-parede-conjunto-de-bide-de-mao-de-alta-pressao-para-casa-de-banho-de-limpeza-feminina\/\" \/>\n<meta property=\"og:site_name\" content=\"YOROOW\" \/>\n<meta property=\"article:publisher\" content=\"https:\/\/www.facebook.com\/people\/yoroowfaucetfactory\/61564236752362\/\" \/>\n<meta property=\"article:modified_time\" content=\"2025-05-16T01:52:21+00:00\" \/>\n<meta property=\"og:image\" content=\"https:\/\/www.yoroow.com\/wp-content\/uploads\/2025\/05\/WPS\u56fe\u72471.jpeg\" \/>\n\t<meta property=\"og:image:width\" content=\"800\" \/>\n\t<meta property=\"og:image:height\" content=\"800\" \/>\n\t<meta property=\"og:image:type\" content=\"image\/jpeg\" \/>\n<meta name=\"twitter:card\" content=\"summary_large_image\" \/>\n<meta name=\"twitter:label1\" content=\"Est. reading time\" \/>\n\t<meta name=\"twitter:data1\" content=\"1 minuto\" \/>\n<script type=\"application\/ld+json\" class=\"yoast-schema-graph\">{\"@context\":\"https:\/\/schema.org\",\"@graph\":[{\"@type\":\"WebPage\",\"@id\":\"https:\/\/www.yoroow.com\/pt\/pormenor-do-produto\/bide-de-aco-inoxidavel-304-de-preco-quente-montado-na-parede-conjunto-de-bide-de-mao-de-alta-pressao-para-casa-de-banho-de-limpeza-feminina\/\",\"url\":\"https:\/\/www.yoroow.com\/pt\/pormenor-do-produto\/bide-de-aco-inoxidavel-304-de-preco-quente-montado-na-parede-conjunto-de-bide-de-mao-de-alta-pressao-para-casa-de-banho-de-limpeza-feminina\/\",\"name\":\"Hot Price Wall Mounted 304 Stainless Steel Bidet Set High Pressure Handheld Bidet Sprayer for Toilet Women's Cleaning Bathroom - YOROOW\",\"isPartOf\":{\"@id\":\"https:\/\/www.yoroow.com\/pt\/#website\"},\"primaryImageOfPage\":{\"@id\":\"https:\/\/www.yoroow.com\/pt\/pormenor-do-produto\/bide-de-aco-inoxidavel-304-de-preco-quente-montado-na-parede-conjunto-de-bide-de-mao-de-alta-pressao-para-casa-de-banho-de-limpeza-feminina\/#primaryimage\"},\"image\":{\"@id\":\"https:\/\/www.yoroow.com\/pt\/pormenor-do-produto\/bide-de-aco-inoxidavel-304-de-preco-quente-montado-na-parede-conjunto-de-bide-de-mao-de-alta-pressao-para-casa-de-banho-de-limpeza-feminina\/#primaryimage\"},\"thumbnailUrl\":\"https:\/\/www.yoroow.com\/wp-content\/uploads\/2025\/05\/WPS\u56fe\u72471.jpeg\",\"datePublished\":\"2025-05-07T10:01:36+00:00\",\"dateModified\":\"2025-05-16T01:52:21+00:00\",\"description\":\"Hot price wall mounted 304 stainless steel bidet set with high pressure handheld bidet sprayer for toilet women's cleaning. Premium Chinese factory product exported mainly to South America and Southeast Asia.\",\"breadcrumb\":{\"@id\":\"https:\/\/www.yoroow.com\/pt\/pormenor-do-produto\/bide-de-aco-inoxidavel-304-de-preco-quente-montado-na-parede-conjunto-de-bide-de-mao-de-alta-pressao-para-casa-de-banho-de-limpeza-feminina\/#breadcrumb\"},\"inLanguage\":\"pt-PT\",\"potentialAction\":[{\"@type\":\"ReadAction\",\"target\":[\"https:\/\/www.yoroow.com\/pt\/pormenor-do-produto\/bide-de-aco-inoxidavel-304-de-preco-quente-montado-na-parede-conjunto-de-bide-de-mao-de-alta-pressao-para-casa-de-banho-de-limpeza-feminina\/\"]}]},{\"@type\":\"ImageObject\",\"inLanguage\":\"pt-PT\",\"@id\":\"https:\/\/www.yoroow.com\/pt\/pormenor-do-produto\/bide-de-aco-inoxidavel-304-de-preco-quente-montado-na-parede-conjunto-de-bide-de-mao-de-alta-pressao-para-casa-de-banho-de-limpeza-feminina\/#primaryimage\",\"url\":\"https:\/\/www.yoroow.com\/wp-content\/uploads\/2025\/05\/WPS\u56fe\u72471.jpeg\",\"contentUrl\":\"https:\/\/www.yoroow.com\/wp-content\/uploads\/2025\/05\/WPS\u56fe\u72471.jpeg\",\"width\":800,\"height\":800,\"caption\":\"Hot Price Wall Mounted 304 Stainless Steel Bidet Set High Pressure Handheld Bidet Sprayer for Toilet Women's Cleaning Bathroom\"},{\"@type\":\"BreadcrumbList\",\"@id\":\"https:\/\/www.yoroow.com\/pt\/pormenor-do-produto\/bide-de-aco-inoxidavel-304-de-preco-quente-montado-na-parede-conjunto-de-bide-de-mao-de-alta-pressao-para-casa-de-banho-de-limpeza-feminina\/#breadcrumb\",\"itemListElement\":[{\"@type\":\"ListItem\",\"position\":1,\"name\":\"home\",\"item\":\"https:\/\/www.yoroow.com\/\"},{\"@type\":\"ListItem\",\"position\":2,\"name\":\"Product\",\"item\":\"https:\/\/www.yoroow.com\/product\/\"},{\"@type\":\"ListItem\",\"position\":3,\"name\":\"Hot Price Wall Mounted 304 Stainless Steel Bidet Set High Pressure Handheld Bidet Sprayer for Toilet Women&#8217;s Cleaning Bathroom\"}]},{\"@type\":\"WebSite\",\"@id\":\"https:\/\/www.yoroow.com\/pt\/#website\",\"url\":\"https:\/\/www.yoroow.com\/pt\/\",\"name\":\"YOROOW\",\"description\":\"\",\"publisher\":{\"@id\":\"https:\/\/www.yoroow.com\/pt\/#organization\"},\"potentialAction\":[{\"@type\":\"SearchAction\",\"target\":{\"@type\":\"EntryPoint\",\"urlTemplate\":\"https:\/\/www.yoroow.com\/pt\/?s={search_term_string}\"},\"query-input\":{\"@type\":\"PropertyValueSpecification\",\"valueRequired\":true,\"valueName\":\"search_term_string\"}}],\"inLanguage\":\"pt-PT\"},{\"@type\":\"Organization\",\"@id\":\"https:\/\/www.yoroow.com\/pt\/#organization\",\"name\":\"YOROOW\",\"url\":\"https:\/\/www.yoroow.com\/pt\/\",\"logo\":{\"@type\":\"ImageObject\",\"inLanguage\":\"pt-PT\",\"@id\":\"https:\/\/www.yoroow.com\/pt\/#\/schema\/logo\/image\/\",\"url\":\"https:\/\/www.yoroow.com\/wp-content\/uploads\/2024\/12\/2024123007131061.png\",\"contentUrl\":\"https:\/\/www.yoroow.com\/wp-content\/uploads\/2024\/12\/2024123007131061.png\",\"width\":168,\"height\":27,\"caption\":\"YOROOW\"},\"image\":{\"@id\":\"https:\/\/www.yoroow.com\/pt\/#\/schema\/logo\/image\/\"},\"sameAs\":[\"https:\/\/www.facebook.com\/people\/yoroowfaucetfactory\/61564236752362\/\"]}]}<\/script>\n<!-- \/ Yoast SEO Premium plugin. -->","yoast_head_json":{"title":"Hot Price Wall Mounted 304 Stainless Steel Bidet Set High Pressure Handheld Bidet Sprayer for Toilet Women's Cleaning Bathroom - YOROOW","description":"Hot price wall mounted 304 stainless steel bidet set with high pressure handheld bidet sprayer for toilet women's cleaning. Premium Chinese factory product exported mainly to South America and Southeast Asia.","robots":{"index":"index","follow":"follow","max-snippet":"max-snippet:-1","max-image-preview":"max-image-preview:large","max-video-preview":"max-video-preview:-1"},"canonical":"https:\/\/www.yoroow.com\/pt\/pormenor-do-produto\/bide-de-aco-inoxidavel-304-de-preco-quente-montado-na-parede-conjunto-de-bide-de-mao-de-alta-pressao-para-casa-de-banho-de-limpeza-feminina\/","og_locale":"pt_PT","og_type":"article","og_title":"Hot Price Wall Mounted 304 Stainless Steel Bidet Set High Pressure Handheld Bidet Sprayer for Toilet Women's Cleaning Bathroom","og_description":"Hot price wall mounted 304 stainless steel bidet set with high pressure handheld bidet sprayer for toilet women's cleaning. Premium Chinese factory product exported mainly to South America and Southeast Asia.","og_url":"https:\/\/www.yoroow.com\/pt\/pormenor-do-produto\/bide-de-aco-inoxidavel-304-de-preco-quente-montado-na-parede-conjunto-de-bide-de-mao-de-alta-pressao-para-casa-de-banho-de-limpeza-feminina\/","og_site_name":"YOROOW","article_publisher":"https:\/\/www.facebook.com\/people\/yoroowfaucetfactory\/61564236752362\/","article_modified_time":"2025-05-16T01:52:21+00:00","og_image":[{"width":800,"height":800,"url":"https:\/\/www.yoroow.com\/wp-content\/uploads\/2025\/05\/WPS\u56fe\u72471.jpeg","type":"image\/jpeg"}],"twitter_card":"summary_large_image","twitter_misc":{"Est. reading time":"1 minuto"},"schema":{"@context":"https:\/\/schema.org","@graph":[{"@type":"WebPage","@id":"https:\/\/www.yoroow.com\/pt\/pormenor-do-produto\/bide-de-aco-inoxidavel-304-de-preco-quente-montado-na-parede-conjunto-de-bide-de-mao-de-alta-pressao-para-casa-de-banho-de-limpeza-feminina\/","url":"https:\/\/www.yoroow.com\/pt\/pormenor-do-produto\/bide-de-aco-inoxidavel-304-de-preco-quente-montado-na-parede-conjunto-de-bide-de-mao-de-alta-pressao-para-casa-de-banho-de-limpeza-feminina\/","name":"Hot Price Wall Mounted 304 Stainless Steel Bidet Set High Pressure Handheld Bidet Sprayer for Toilet Women's Cleaning Bathroom - YOROOW","isPartOf":{"@id":"https:\/\/www.yoroow.com\/pt\/#website"},"primaryImageOfPage":{"@id":"https:\/\/www.yoroow.com\/pt\/pormenor-do-produto\/bide-de-aco-inoxidavel-304-de-preco-quente-montado-na-parede-conjunto-de-bide-de-mao-de-alta-pressao-para-casa-de-banho-de-limpeza-feminina\/#primaryimage"},"image":{"@id":"https:\/\/www.yoroow.com\/pt\/pormenor-do-produto\/bide-de-aco-inoxidavel-304-de-preco-quente-montado-na-parede-conjunto-de-bide-de-mao-de-alta-pressao-para-casa-de-banho-de-limpeza-feminina\/#primaryimage"},"thumbnailUrl":"https:\/\/www.yoroow.com\/wp-content\/uploads\/2025\/05\/WPS\u56fe\u72471.jpeg","datePublished":"2025-05-07T10:01:36+00:00","dateModified":"2025-05-16T01:52:21+00:00","description":"Hot price wall mounted 304 stainless steel bidet set with high pressure handheld bidet sprayer for toilet women's cleaning. Premium Chinese factory product exported mainly to South America and Southeast Asia.","breadcrumb":{"@id":"https:\/\/www.yoroow.com\/pt\/pormenor-do-produto\/bide-de-aco-inoxidavel-304-de-preco-quente-montado-na-parede-conjunto-de-bide-de-mao-de-alta-pressao-para-casa-de-banho-de-limpeza-feminina\/#breadcrumb"},"inLanguage":"pt-PT","potentialAction":[{"@type":"ReadAction","target":["https:\/\/www.yoroow.com\/pt\/pormenor-do-produto\/bide-de-aco-inoxidavel-304-de-preco-quente-montado-na-parede-conjunto-de-bide-de-mao-de-alta-pressao-para-casa-de-banho-de-limpeza-feminina\/"]}]},{"@type":"ImageObject","inLanguage":"pt-PT","@id":"https:\/\/www.yoroow.com\/pt\/pormenor-do-produto\/bide-de-aco-inoxidavel-304-de-preco-quente-montado-na-parede-conjunto-de-bide-de-mao-de-alta-pressao-para-casa-de-banho-de-limpeza-feminina\/#primaryimage","url":"https:\/\/www.yoroow.com\/wp-content\/uploads\/2025\/05\/WPS\u56fe\u72471.jpeg","contentUrl":"https:\/\/www.yoroow.com\/wp-content\/uploads\/2025\/05\/WPS\u56fe\u72471.jpeg","width":800,"height":800,"caption":"Hot Price Wall Mounted 304 Stainless Steel Bidet Set High Pressure Handheld Bidet Sprayer for Toilet Women's Cleaning Bathroom"},{"@type":"BreadcrumbList","@id":"https:\/\/www.yoroow.com\/pt\/pormenor-do-produto\/bide-de-aco-inoxidavel-304-de-preco-quente-montado-na-parede-conjunto-de-bide-de-mao-de-alta-pressao-para-casa-de-banho-de-limpeza-feminina\/#breadcrumb","itemListElement":[{"@type":"ListItem","position":1,"name":"home","item":"https:\/\/www.yoroow.com\/"},{"@type":"ListItem","position":2,"name":"Product","item":"https:\/\/www.yoroow.com\/product\/"},{"@type":"ListItem","position":3,"name":"Hot Price Wall Mounted 304 Stainless Steel Bidet Set High Pressure Handheld Bidet Sprayer for Toilet Women&#8217;s Cleaning Bathroom"}]},{"@type":"WebSite","@id":"https:\/\/www.yoroow.com\/pt\/#website","url":"https:\/\/www.yoroow.com\/pt\/","name":"YOROOW","description":"","publisher":{"@id":"https:\/\/www.yoroow.com\/pt\/#organization"},"potentialAction":[{"@type":"SearchAction","target":{"@type":"EntryPoint","urlTemplate":"https:\/\/www.yoroow.com\/pt\/?s={search_term_string}"},"query-input":{"@type":"PropertyValueSpecification","valueRequired":true,"valueName":"search_term_string"}}],"inLanguage":"pt-PT"},{"@type":"Organization","@id":"https:\/\/www.yoroow.com\/pt\/#organization","name":"YOROOW","url":"https:\/\/www.yoroow.com\/pt\/","logo":{"@type":"ImageObject","inLanguage":"pt-PT","@id":"https:\/\/www.yoroow.com\/pt\/#\/schema\/logo\/image\/","url":"https:\/\/www.yoroow.com\/wp-content\/uploads\/2024\/12\/2024123007131061.png","contentUrl":"https:\/\/www.yoroow.com\/wp-content\/uploads\/2024\/12\/2024123007131061.png","width":168,"height":27,"caption":"YOROOW"},"image":{"@id":"https:\/\/www.yoroow.com\/pt\/#\/schema\/logo\/image\/"},"sameAs":["https:\/\/www.facebook.com\/people\/yoroowfaucetfactory\/61564236752362\/"]}]}},"_links":{"self":[{"href":"https:\/\/www.yoroow.com\/pt\/wp-json\/wp\/v2\/product\/19543","targetHints":{"allow":["GET"]}}],"collection":[{"href":"https:\/\/www.yoroow.com\/pt\/wp-json\/wp\/v2\/product"}],"about":[{"href":"https:\/\/www.yoroow.com\/pt\/wp-json\/wp\/v2\/types\/product"}],"wp:featuredmedia":[{"embeddable":true,"href":"https:\/\/www.yoroow.com\/pt\/wp-json\/wp\/v2\/media\/19739"}],"wp:attachment":[{"href":"https:\/\/www.yoroow.com\/pt\/wp-json\/wp\/v2\/media?parent=19543"}],"wp:term":[{"taxonomy":"product_brand","embeddable":true,"href":"https:\/\/www.yoroow.com\/pt\/wp-json\/wp\/v2\/product_brand?post=19543"},{"taxonomy":"product_cat","embeddable":true,"href":"https:\/\/www.yoroow.com\/pt\/wp-json\/wp\/v2\/product_cat?post=19543"},{"taxonomy":"product_tag","embeddable":true,"href":"https:\/\/www.yoroow.com\/pt\/wp-json\/wp\/v2\/product_tag?post=19543"}],"curies":[{"name":"wp","href":"https:\/\/api.w.org\/{rel}","templated":true}]}}