{"id":19511,"date":"2025-05-07T17:38:15","date_gmt":"2025-05-07T09:38:15","guid":{"rendered":"https:\/\/www.yoroow.com\/?post_type=product&#038;p=19511"},"modified":"2025-05-16T09:52:17","modified_gmt":"2025-05-16T01:52:17","slug":"vendas-quentes-qualidade-agua-poupanca-multi-funcional-plastico-chuveiro-de-mao-pressurizado-para-casa-de-banho-banheiro-torneira-acessorio","status":"publish","type":"product","link":"https:\/\/www.yoroow.com\/pt\/pormenor-do-produto\/vendas-quentes-qualidade-agua-poupanca-multi-funcional-plastico-chuveiro-de-mao-pressurizado-para-casa-de-banho-banheiro-torneira-acessorio\/","title":{"rendered":"Vendas a quente Qualidade do chuveiro de m\u00e3o de pl\u00e1stico multifuncional com poupan\u00e7a de \u00e1gua Pressurizado para casa de banho Acess\u00f3rio de torneira de casa de banho"},"content":{"rendered":"<p>A Torneira de Cozinha de Lat\u00e3o de Alta Efici\u00eancia com Pulverizador Extra\u00edvel combina a durabilidade tradicional do lat\u00e3o com a conveni\u00eancia moderna. A sua cabe\u00e7a de pulveriza\u00e7\u00e3o extra\u00edvel oferece uma dire\u00e7\u00e3o flex\u00edvel da \u00e1gua e um fluxo potente para as tarefas de cozinha. Fabricada numa f\u00e1brica chinesa com mais de dez anos de experi\u00eancia, apresenta fundi\u00e7\u00e3o de precis\u00e3o em lat\u00e3o, polimento e cromagem. A personaliza\u00e7\u00e3o OEM est\u00e1 dispon\u00edvel para modos de pulveriza\u00e7\u00e3o, tipos de pega e design de embalagem. Esta torneira \u00e9 amplamente exportada para a Am\u00e9rica do Sul e o Sudeste Asi\u00e1tico, sendo preferida em mercados como a Argentina, a Col\u00f4mbia, a Mal\u00e1sia e as Filipinas pela sua mistura de qualidade e versatilidade. A nossa equipa de exporta\u00e7\u00e3o assegura uma entrega atempada e uma comunica\u00e7\u00e3o sem falhas. |<\/p>","protected":false},"excerpt":{"rendered":"<p>The High-Efficiency Brass Kitchen Faucet with Pull-Out Spray combines traditional brass durability with modern convenience. Its pull-out spray head offers flexible water direction and powerful flow for kitchen tasks. Made in a Chinese factory with over ten years of experience, it features precision brass casting, polishing, and chrome plating. OEM customization is available for spray&#8230;<\/p>","protected":false},"featured_media":19512,"template":"","meta":{"_acf_changed":false,"_kad_post_transparent":"default","_kad_post_title":"","_kad_post_layout":"default","_kad_post_sidebar_id":"","_kad_post_content_style":"default","_kad_post_vertical_padding":"default","_kad_post_feature":"","_kad_post_feature_position":"","_kad_post_header":false,"_kad_post_footer":false},"product_brand":[],"product_cat":[236,7865],"product_tag":[5230,5243],"class_list":{"0":"post-19511","1":"product","2":"type-product","3":"status-publish","4":"has-post-thumbnail","6":"product_cat-shower-head-hand","7":"product_cat-c-shower","8":"product_tag-hand-held-shower-head","9":"product_tag-plastic-hand-shower","11":"first","12":"instock","13":"shipping-taxable","14":"purchasable","15":"product-type-variable","16":"wvs-archive-product-wrapper","17":"entry","18":"content-bg","19":"loop-entry"},"acf":[],"yoast_head":"<!-- This site is optimized with the Yoast SEO Premium plugin v25.4 (Yoast SEO v27.0) - https:\/\/yoast.com\/product\/yoast-seo-premium-wordpress\/ -->\n<title>Hot Sales Quality Water-Saving Multi-Functional Plastic Handheld Shower Head Pressurized for Bathroom Bathroom Faucet Accessory - YOROOW<\/title>\n<meta name=\"description\" content=\"Hot sales quality water-saving multifunctional plastic handheld shower head with pressurized design. Ideal for bathrooms, manufactured in China and exported to South America and Southeast Asia.\" \/>\n<meta name=\"robots\" content=\"index, follow, max-snippet:-1, max-image-preview:large, max-video-preview:-1\" \/>\n<link rel=\"canonical\" href=\"https:\/\/www.yoroow.com\/pt\/pormenor-do-produto\/vendas-quentes-qualidade-agua-poupanca-multi-funcional-plastico-chuveiro-de-mao-pressurizado-para-casa-de-banho-banheiro-torneira-acessorio\/\" \/>\n<meta property=\"og:locale\" content=\"pt_PT\" \/>\n<meta property=\"og:type\" content=\"article\" \/>\n<meta property=\"og:title\" content=\"Hot Sales Quality Water-Saving Multi-Functional Plastic Handheld Shower Head Pressurized for Bathroom Bathroom Faucet Accessory\" \/>\n<meta property=\"og:description\" content=\"Hot sales quality water-saving multifunctional plastic handheld shower head with pressurized design. Ideal for bathrooms, manufactured in China and exported to South America and Southeast Asia.\" \/>\n<meta property=\"og:url\" content=\"https:\/\/www.yoroow.com\/pt\/pormenor-do-produto\/vendas-quentes-qualidade-agua-poupanca-multi-funcional-plastico-chuveiro-de-mao-pressurizado-para-casa-de-banho-banheiro-torneira-acessorio\/\" \/>\n<meta property=\"og:site_name\" content=\"YOROOW\" \/>\n<meta property=\"article:publisher\" content=\"https:\/\/www.facebook.com\/people\/yoroowfaucetfactory\/61564236752362\/\" \/>\n<meta property=\"article:modified_time\" content=\"2025-05-16T01:52:17+00:00\" \/>\n<meta property=\"og:image\" content=\"https:\/\/www.yoroow.com\/wp-content\/uploads\/2025\/05\/image-2.png\" \/>\n\t<meta property=\"og:image:width\" content=\"393\" \/>\n\t<meta property=\"og:image:height\" content=\"391\" \/>\n\t<meta property=\"og:image:type\" content=\"image\/png\" \/>\n<meta name=\"twitter:card\" content=\"summary_large_image\" \/>\n<meta name=\"twitter:label1\" content=\"Est. reading time\" \/>\n\t<meta name=\"twitter:data1\" content=\"1 minuto\" \/>\n<script type=\"application\/ld+json\" class=\"yoast-schema-graph\">{\"@context\":\"https:\/\/schema.org\",\"@graph\":[{\"@type\":\"WebPage\",\"@id\":\"https:\/\/www.yoroow.com\/pt\/pormenor-do-produto\/vendas-quentes-qualidade-agua-poupanca-multi-funcional-plastico-chuveiro-de-mao-pressurizado-para-casa-de-banho-banheiro-torneira-acessorio\/\",\"url\":\"https:\/\/www.yoroow.com\/pt\/pormenor-do-produto\/vendas-quentes-qualidade-agua-poupanca-multi-funcional-plastico-chuveiro-de-mao-pressurizado-para-casa-de-banho-banheiro-torneira-acessorio\/\",\"name\":\"Hot Sales Quality Water-Saving Multi-Functional Plastic Handheld Shower Head Pressurized for Bathroom Bathroom Faucet Accessory - YOROOW\",\"isPartOf\":{\"@id\":\"https:\/\/www.yoroow.com\/pt\/#website\"},\"primaryImageOfPage\":{\"@id\":\"https:\/\/www.yoroow.com\/pt\/pormenor-do-produto\/vendas-quentes-qualidade-agua-poupanca-multi-funcional-plastico-chuveiro-de-mao-pressurizado-para-casa-de-banho-banheiro-torneira-acessorio\/#primaryimage\"},\"image\":{\"@id\":\"https:\/\/www.yoroow.com\/pt\/pormenor-do-produto\/vendas-quentes-qualidade-agua-poupanca-multi-funcional-plastico-chuveiro-de-mao-pressurizado-para-casa-de-banho-banheiro-torneira-acessorio\/#primaryimage\"},\"thumbnailUrl\":\"https:\/\/www.yoroow.com\/wp-content\/uploads\/2025\/05\/image-2.png\",\"datePublished\":\"2025-05-07T09:38:15+00:00\",\"dateModified\":\"2025-05-16T01:52:17+00:00\",\"description\":\"Hot sales quality water-saving multifunctional plastic handheld shower head with pressurized design. Ideal for bathrooms, manufactured in China and exported to South America and Southeast Asia.\",\"breadcrumb\":{\"@id\":\"https:\/\/www.yoroow.com\/pt\/pormenor-do-produto\/vendas-quentes-qualidade-agua-poupanca-multi-funcional-plastico-chuveiro-de-mao-pressurizado-para-casa-de-banho-banheiro-torneira-acessorio\/#breadcrumb\"},\"inLanguage\":\"pt-PT\",\"potentialAction\":[{\"@type\":\"ReadAction\",\"target\":[\"https:\/\/www.yoroow.com\/pt\/pormenor-do-produto\/vendas-quentes-qualidade-agua-poupanca-multi-funcional-plastico-chuveiro-de-mao-pressurizado-para-casa-de-banho-banheiro-torneira-acessorio\/\"]}]},{\"@type\":\"ImageObject\",\"inLanguage\":\"pt-PT\",\"@id\":\"https:\/\/www.yoroow.com\/pt\/pormenor-do-produto\/vendas-quentes-qualidade-agua-poupanca-multi-funcional-plastico-chuveiro-de-mao-pressurizado-para-casa-de-banho-banheiro-torneira-acessorio\/#primaryimage\",\"url\":\"https:\/\/www.yoroow.com\/wp-content\/uploads\/2025\/05\/image-2.png\",\"contentUrl\":\"https:\/\/www.yoroow.com\/wp-content\/uploads\/2025\/05\/image-2.png\",\"width\":393,\"height\":391,\"caption\":\"Hot Sales Quality Water-Saving Multi-Functional Plastic Handheld Shower Head Pressurized for Bathroom Bathroom Faucet Accessory\"},{\"@type\":\"BreadcrumbList\",\"@id\":\"https:\/\/www.yoroow.com\/pt\/pormenor-do-produto\/vendas-quentes-qualidade-agua-poupanca-multi-funcional-plastico-chuveiro-de-mao-pressurizado-para-casa-de-banho-banheiro-torneira-acessorio\/#breadcrumb\",\"itemListElement\":[{\"@type\":\"ListItem\",\"position\":1,\"name\":\"home\",\"item\":\"https:\/\/www.yoroow.com\/\"},{\"@type\":\"ListItem\",\"position\":2,\"name\":\"Product\",\"item\":\"https:\/\/www.yoroow.com\/product\/\"},{\"@type\":\"ListItem\",\"position\":3,\"name\":\"Hot Sales Quality Water-Saving Multi-Functional Plastic Handheld Shower Head Pressurized for Bathroom Bathroom Faucet Accessory\"}]},{\"@type\":\"WebSite\",\"@id\":\"https:\/\/www.yoroow.com\/pt\/#website\",\"url\":\"https:\/\/www.yoroow.com\/pt\/\",\"name\":\"YOROOW\",\"description\":\"\",\"publisher\":{\"@id\":\"https:\/\/www.yoroow.com\/pt\/#organization\"},\"potentialAction\":[{\"@type\":\"SearchAction\",\"target\":{\"@type\":\"EntryPoint\",\"urlTemplate\":\"https:\/\/www.yoroow.com\/pt\/?s={search_term_string}\"},\"query-input\":{\"@type\":\"PropertyValueSpecification\",\"valueRequired\":true,\"valueName\":\"search_term_string\"}}],\"inLanguage\":\"pt-PT\"},{\"@type\":\"Organization\",\"@id\":\"https:\/\/www.yoroow.com\/pt\/#organization\",\"name\":\"YOROOW\",\"url\":\"https:\/\/www.yoroow.com\/pt\/\",\"logo\":{\"@type\":\"ImageObject\",\"inLanguage\":\"pt-PT\",\"@id\":\"https:\/\/www.yoroow.com\/pt\/#\/schema\/logo\/image\/\",\"url\":\"https:\/\/www.yoroow.com\/wp-content\/uploads\/2024\/12\/2024123007131061.png\",\"contentUrl\":\"https:\/\/www.yoroow.com\/wp-content\/uploads\/2024\/12\/2024123007131061.png\",\"width\":168,\"height\":27,\"caption\":\"YOROOW\"},\"image\":{\"@id\":\"https:\/\/www.yoroow.com\/pt\/#\/schema\/logo\/image\/\"},\"sameAs\":[\"https:\/\/www.facebook.com\/people\/yoroowfaucetfactory\/61564236752362\/\"]}]}<\/script>\n<!-- \/ Yoast SEO Premium plugin. -->","yoast_head_json":{"title":"Hot Sales Quality Water-Saving Multi-Functional Plastic Handheld Shower Head Pressurized for Bathroom Bathroom Faucet Accessory - YOROOW","description":"Hot sales quality water-saving multifunctional plastic handheld shower head with pressurized design. Ideal for bathrooms, manufactured in China and exported to South America and Southeast Asia.","robots":{"index":"index","follow":"follow","max-snippet":"max-snippet:-1","max-image-preview":"max-image-preview:large","max-video-preview":"max-video-preview:-1"},"canonical":"https:\/\/www.yoroow.com\/pt\/pormenor-do-produto\/vendas-quentes-qualidade-agua-poupanca-multi-funcional-plastico-chuveiro-de-mao-pressurizado-para-casa-de-banho-banheiro-torneira-acessorio\/","og_locale":"pt_PT","og_type":"article","og_title":"Hot Sales Quality Water-Saving Multi-Functional Plastic Handheld Shower Head Pressurized for Bathroom Bathroom Faucet Accessory","og_description":"Hot sales quality water-saving multifunctional plastic handheld shower head with pressurized design. Ideal for bathrooms, manufactured in China and exported to South America and Southeast Asia.","og_url":"https:\/\/www.yoroow.com\/pt\/pormenor-do-produto\/vendas-quentes-qualidade-agua-poupanca-multi-funcional-plastico-chuveiro-de-mao-pressurizado-para-casa-de-banho-banheiro-torneira-acessorio\/","og_site_name":"YOROOW","article_publisher":"https:\/\/www.facebook.com\/people\/yoroowfaucetfactory\/61564236752362\/","article_modified_time":"2025-05-16T01:52:17+00:00","og_image":[{"width":393,"height":391,"url":"https:\/\/www.yoroow.com\/wp-content\/uploads\/2025\/05\/image-2.png","type":"image\/png"}],"twitter_card":"summary_large_image","twitter_misc":{"Est. reading time":"1 minuto"},"schema":{"@context":"https:\/\/schema.org","@graph":[{"@type":"WebPage","@id":"https:\/\/www.yoroow.com\/pt\/pormenor-do-produto\/vendas-quentes-qualidade-agua-poupanca-multi-funcional-plastico-chuveiro-de-mao-pressurizado-para-casa-de-banho-banheiro-torneira-acessorio\/","url":"https:\/\/www.yoroow.com\/pt\/pormenor-do-produto\/vendas-quentes-qualidade-agua-poupanca-multi-funcional-plastico-chuveiro-de-mao-pressurizado-para-casa-de-banho-banheiro-torneira-acessorio\/","name":"Hot Sales Quality Water-Saving Multi-Functional Plastic Handheld Shower Head Pressurized for Bathroom Bathroom Faucet Accessory - YOROOW","isPartOf":{"@id":"https:\/\/www.yoroow.com\/pt\/#website"},"primaryImageOfPage":{"@id":"https:\/\/www.yoroow.com\/pt\/pormenor-do-produto\/vendas-quentes-qualidade-agua-poupanca-multi-funcional-plastico-chuveiro-de-mao-pressurizado-para-casa-de-banho-banheiro-torneira-acessorio\/#primaryimage"},"image":{"@id":"https:\/\/www.yoroow.com\/pt\/pormenor-do-produto\/vendas-quentes-qualidade-agua-poupanca-multi-funcional-plastico-chuveiro-de-mao-pressurizado-para-casa-de-banho-banheiro-torneira-acessorio\/#primaryimage"},"thumbnailUrl":"https:\/\/www.yoroow.com\/wp-content\/uploads\/2025\/05\/image-2.png","datePublished":"2025-05-07T09:38:15+00:00","dateModified":"2025-05-16T01:52:17+00:00","description":"Hot sales quality water-saving multifunctional plastic handheld shower head with pressurized design. Ideal for bathrooms, manufactured in China and exported to South America and Southeast Asia.","breadcrumb":{"@id":"https:\/\/www.yoroow.com\/pt\/pormenor-do-produto\/vendas-quentes-qualidade-agua-poupanca-multi-funcional-plastico-chuveiro-de-mao-pressurizado-para-casa-de-banho-banheiro-torneira-acessorio\/#breadcrumb"},"inLanguage":"pt-PT","potentialAction":[{"@type":"ReadAction","target":["https:\/\/www.yoroow.com\/pt\/pormenor-do-produto\/vendas-quentes-qualidade-agua-poupanca-multi-funcional-plastico-chuveiro-de-mao-pressurizado-para-casa-de-banho-banheiro-torneira-acessorio\/"]}]},{"@type":"ImageObject","inLanguage":"pt-PT","@id":"https:\/\/www.yoroow.com\/pt\/pormenor-do-produto\/vendas-quentes-qualidade-agua-poupanca-multi-funcional-plastico-chuveiro-de-mao-pressurizado-para-casa-de-banho-banheiro-torneira-acessorio\/#primaryimage","url":"https:\/\/www.yoroow.com\/wp-content\/uploads\/2025\/05\/image-2.png","contentUrl":"https:\/\/www.yoroow.com\/wp-content\/uploads\/2025\/05\/image-2.png","width":393,"height":391,"caption":"Hot Sales Quality Water-Saving Multi-Functional Plastic Handheld Shower Head Pressurized for Bathroom Bathroom Faucet Accessory"},{"@type":"BreadcrumbList","@id":"https:\/\/www.yoroow.com\/pt\/pormenor-do-produto\/vendas-quentes-qualidade-agua-poupanca-multi-funcional-plastico-chuveiro-de-mao-pressurizado-para-casa-de-banho-banheiro-torneira-acessorio\/#breadcrumb","itemListElement":[{"@type":"ListItem","position":1,"name":"home","item":"https:\/\/www.yoroow.com\/"},{"@type":"ListItem","position":2,"name":"Product","item":"https:\/\/www.yoroow.com\/product\/"},{"@type":"ListItem","position":3,"name":"Hot Sales Quality Water-Saving Multi-Functional Plastic Handheld Shower Head Pressurized for Bathroom Bathroom Faucet Accessory"}]},{"@type":"WebSite","@id":"https:\/\/www.yoroow.com\/pt\/#website","url":"https:\/\/www.yoroow.com\/pt\/","name":"YOROOW","description":"","publisher":{"@id":"https:\/\/www.yoroow.com\/pt\/#organization"},"potentialAction":[{"@type":"SearchAction","target":{"@type":"EntryPoint","urlTemplate":"https:\/\/www.yoroow.com\/pt\/?s={search_term_string}"},"query-input":{"@type":"PropertyValueSpecification","valueRequired":true,"valueName":"search_term_string"}}],"inLanguage":"pt-PT"},{"@type":"Organization","@id":"https:\/\/www.yoroow.com\/pt\/#organization","name":"YOROOW","url":"https:\/\/www.yoroow.com\/pt\/","logo":{"@type":"ImageObject","inLanguage":"pt-PT","@id":"https:\/\/www.yoroow.com\/pt\/#\/schema\/logo\/image\/","url":"https:\/\/www.yoroow.com\/wp-content\/uploads\/2024\/12\/2024123007131061.png","contentUrl":"https:\/\/www.yoroow.com\/wp-content\/uploads\/2024\/12\/2024123007131061.png","width":168,"height":27,"caption":"YOROOW"},"image":{"@id":"https:\/\/www.yoroow.com\/pt\/#\/schema\/logo\/image\/"},"sameAs":["https:\/\/www.facebook.com\/people\/yoroowfaucetfactory\/61564236752362\/"]}]}},"_links":{"self":[{"href":"https:\/\/www.yoroow.com\/pt\/wp-json\/wp\/v2\/product\/19511","targetHints":{"allow":["GET"]}}],"collection":[{"href":"https:\/\/www.yoroow.com\/pt\/wp-json\/wp\/v2\/product"}],"about":[{"href":"https:\/\/www.yoroow.com\/pt\/wp-json\/wp\/v2\/types\/product"}],"wp:featuredmedia":[{"embeddable":true,"href":"https:\/\/www.yoroow.com\/pt\/wp-json\/wp\/v2\/media\/19512"}],"wp:attachment":[{"href":"https:\/\/www.yoroow.com\/pt\/wp-json\/wp\/v2\/media?parent=19511"}],"wp:term":[{"taxonomy":"product_brand","embeddable":true,"href":"https:\/\/www.yoroow.com\/pt\/wp-json\/wp\/v2\/product_brand?post=19511"},{"taxonomy":"product_cat","embeddable":true,"href":"https:\/\/www.yoroow.com\/pt\/wp-json\/wp\/v2\/product_cat?post=19511"},{"taxonomy":"product_tag","embeddable":true,"href":"https:\/\/www.yoroow.com\/pt\/wp-json\/wp\/v2\/product_tag?post=19511"}],"curies":[{"name":"wp","href":"https:\/\/api.w.org\/{rel}","templated":true}]}}