{"id":19485,"date":"2025-05-07T16:32:20","date_gmt":"2025-05-07T08:32:20","guid":{"rendered":"https:\/\/www.yoroow.com\/?post_type=product&#038;p=19485"},"modified":"2025-05-16T09:51:37","modified_gmt":"2025-05-16T01:51:37","slug":"sistema-de-duche-contemporaneo-de-tres-pecas-mangueira-de-duche-de-plastico-flexivel-conjunto-de-cabeca-de-chuveiro-para-casas-de-banho","status":"publish","type":"product","link":"https:\/\/www.yoroow.com\/pt\/pormenor-do-produto\/sistema-de-duche-contemporaneo-de-tres-pecas-mangueira-de-duche-de-plastico-flexivel-conjunto-de-cabeca-de-chuveiro-para-casas-de-banho\/","title":{"rendered":"Contempor\u00e2neoSistema de duche de tr\u00eas pe\u00e7as Conjunto de chuveiro com mangueira de pl\u00e1stico flex\u00edvel para casas de banho"},"content":{"rendered":"<p>O escorredor de lava-loi\u00e7a de cozinha em a\u00e7o inoxid\u00e1vel com filtro \u00e9 fabricado em a\u00e7o inoxid\u00e1vel 304, garantindo uma resist\u00eancia superior \u00e0 ferrugem e durabilidade em condi\u00e7\u00f5es de utiliza\u00e7\u00e3o intensiva. Concebido com um cesto coador amov\u00edvel, recolhe eficazmente os restos de comida para evitar entupimentos. Produzido por uma f\u00e1brica chinesa l\u00edder especializada em acess\u00f3rios de cozinha em a\u00e7o inoxid\u00e1vel, apresenta soldadura e polimento de precis\u00e3o para um acabamento suave. A personaliza\u00e7\u00e3o OEM inclui variantes de tamanho e marca privada. Este produto \u00e9 preferido nos crescentes mercados de utens\u00edlios de cozinha da Am\u00e9rica do Sul e do Sudeste Asi\u00e1tico, sendo enviado regularmente para o Peru, Argentina, Mal\u00e1sia e Filipinas com uma log\u00edstica fi\u00e1vel. |<\/p>","protected":false},"excerpt":{"rendered":"<p>O escorredor de lava-loi\u00e7a de cozinha em a\u00e7o inoxid\u00e1vel com filtro \u00e9 fabricado em a\u00e7o inoxid\u00e1vel 304, garantindo uma resist\u00eancia superior \u00e0 ferrugem e durabilidade em condi\u00e7\u00f5es de utiliza\u00e7\u00e3o intensiva. Concebido com um cesto coador amov\u00edvel, recolhe eficazmente os restos de comida para evitar entupimentos. Produzido por uma f\u00e1brica chinesa l\u00edder especializada em acess\u00f3rios de cozinha em a\u00e7o inoxid\u00e1vel, possui soldadura e polimento de precis\u00e3o...<\/p>","protected":false},"featured_media":19486,"template":"","meta":{"_acf_changed":false,"_kad_post_transparent":"default","_kad_post_title":"","_kad_post_layout":"default","_kad_post_sidebar_id":"","_kad_post_content_style":"default","_kad_post_vertical_padding":"default","_kad_post_feature":"","_kad_post_feature_position":"","_kad_post_header":false,"_kad_post_footer":false},"product_brand":[],"product_cat":[121,7865],"product_tag":[5493,5309],"class_list":{"0":"post-19485","1":"product","2":"type-product","3":"status-publish","4":"has-post-thumbnail","6":"product_cat-shower-set","7":"product_cat-c-shower","8":"product_tag-modern-shower-system","9":"product_tag-plastic-shower-pipe-set","11":"first","12":"instock","13":"shipping-taxable","14":"purchasable","15":"product-type-variable","16":"wvs-archive-product-wrapper","17":"entry","18":"content-bg","19":"loop-entry"},"acf":[],"yoast_head":"<!-- This site is optimized with the Yoast SEO Premium plugin v25.4 (Yoast SEO v27.0) - https:\/\/yoast.com\/product\/yoast-seo-premium-wordpress\/ -->\n<title>ContemporaryThree-Piece Shower System Flexible Plastic Shower Hose Showerhead Set forBathrooms - YOROOW<\/title>\n<meta name=\"description\" content=\"Contemporary three-piece shower system with flexible plastic shower hose and showerhead set for bathrooms. Made in China with focus on modern design and export to South America and Southeast Asia.\" \/>\n<meta name=\"robots\" content=\"index, follow, max-snippet:-1, max-image-preview:large, max-video-preview:-1\" \/>\n<link rel=\"canonical\" href=\"https:\/\/www.yoroow.com\/pt\/pormenor-do-produto\/sistema-de-duche-contemporaneo-de-tres-pecas-mangueira-de-duche-de-plastico-flexivel-conjunto-de-cabeca-de-chuveiro-para-casas-de-banho\/\" \/>\n<meta property=\"og:locale\" content=\"pt_PT\" \/>\n<meta property=\"og:type\" content=\"article\" \/>\n<meta property=\"og:title\" content=\"ContemporaryThree-Piece Shower System Flexible Plastic Shower Hose Showerhead Set forBathrooms\" \/>\n<meta property=\"og:description\" content=\"Contemporary three-piece shower system with flexible plastic shower hose and showerhead set for bathrooms. Made in China with focus on modern design and export to South America and Southeast Asia.\" \/>\n<meta property=\"og:url\" content=\"https:\/\/www.yoroow.com\/pt\/pormenor-do-produto\/sistema-de-duche-contemporaneo-de-tres-pecas-mangueira-de-duche-de-plastico-flexivel-conjunto-de-cabeca-de-chuveiro-para-casas-de-banho\/\" \/>\n<meta property=\"og:site_name\" content=\"YOROOW\" \/>\n<meta property=\"article:publisher\" content=\"https:\/\/www.facebook.com\/people\/yoroowfaucetfactory\/61564236752362\/\" \/>\n<meta property=\"article:modified_time\" content=\"2025-05-16T01:51:37+00:00\" \/>\n<meta property=\"og:image\" content=\"https:\/\/www.yoroow.com\/wp-content\/uploads\/2025\/05\/12281367049_69123.jpg\" \/>\n\t<meta property=\"og:image:width\" content=\"765\" \/>\n\t<meta property=\"og:image:height\" content=\"765\" \/>\n\t<meta property=\"og:image:type\" content=\"image\/jpeg\" \/>\n<meta name=\"twitter:card\" content=\"summary_large_image\" \/>\n<meta name=\"twitter:label1\" content=\"Est. reading time\" \/>\n\t<meta name=\"twitter:data1\" content=\"1 minuto\" \/>\n<script type=\"application\/ld+json\" class=\"yoast-schema-graph\">{\"@context\":\"https:\/\/schema.org\",\"@graph\":[{\"@type\":\"WebPage\",\"@id\":\"https:\/\/www.yoroow.com\/pt\/pormenor-do-produto\/sistema-de-duche-contemporaneo-de-tres-pecas-mangueira-de-duche-de-plastico-flexivel-conjunto-de-cabeca-de-chuveiro-para-casas-de-banho\/\",\"url\":\"https:\/\/www.yoroow.com\/pt\/pormenor-do-produto\/sistema-de-duche-contemporaneo-de-tres-pecas-mangueira-de-duche-de-plastico-flexivel-conjunto-de-cabeca-de-chuveiro-para-casas-de-banho\/\",\"name\":\"ContemporaryThree-Piece Shower System Flexible Plastic Shower Hose Showerhead Set forBathrooms - YOROOW\",\"isPartOf\":{\"@id\":\"https:\/\/www.yoroow.com\/pt\/#website\"},\"primaryImageOfPage\":{\"@id\":\"https:\/\/www.yoroow.com\/pt\/pormenor-do-produto\/sistema-de-duche-contemporaneo-de-tres-pecas-mangueira-de-duche-de-plastico-flexivel-conjunto-de-cabeca-de-chuveiro-para-casas-de-banho\/#primaryimage\"},\"image\":{\"@id\":\"https:\/\/www.yoroow.com\/pt\/pormenor-do-produto\/sistema-de-duche-contemporaneo-de-tres-pecas-mangueira-de-duche-de-plastico-flexivel-conjunto-de-cabeca-de-chuveiro-para-casas-de-banho\/#primaryimage\"},\"thumbnailUrl\":\"https:\/\/www.yoroow.com\/wp-content\/uploads\/2025\/05\/12281367049_69123.jpg\",\"datePublished\":\"2025-05-07T08:32:20+00:00\",\"dateModified\":\"2025-05-16T01:51:37+00:00\",\"description\":\"Contemporary three-piece shower system with flexible plastic shower hose and showerhead set for bathrooms. Made in China with focus on modern design and export to South America and Southeast Asia.\",\"breadcrumb\":{\"@id\":\"https:\/\/www.yoroow.com\/pt\/pormenor-do-produto\/sistema-de-duche-contemporaneo-de-tres-pecas-mangueira-de-duche-de-plastico-flexivel-conjunto-de-cabeca-de-chuveiro-para-casas-de-banho\/#breadcrumb\"},\"inLanguage\":\"pt-PT\",\"potentialAction\":[{\"@type\":\"ReadAction\",\"target\":[\"https:\/\/www.yoroow.com\/pt\/pormenor-do-produto\/sistema-de-duche-contemporaneo-de-tres-pecas-mangueira-de-duche-de-plastico-flexivel-conjunto-de-cabeca-de-chuveiro-para-casas-de-banho\/\"]}]},{\"@type\":\"ImageObject\",\"inLanguage\":\"pt-PT\",\"@id\":\"https:\/\/www.yoroow.com\/pt\/pormenor-do-produto\/sistema-de-duche-contemporaneo-de-tres-pecas-mangueira-de-duche-de-plastico-flexivel-conjunto-de-cabeca-de-chuveiro-para-casas-de-banho\/#primaryimage\",\"url\":\"https:\/\/www.yoroow.com\/wp-content\/uploads\/2025\/05\/12281367049_69123.jpg\",\"contentUrl\":\"https:\/\/www.yoroow.com\/wp-content\/uploads\/2025\/05\/12281367049_69123.jpg\",\"width\":765,\"height\":765,\"caption\":\"ContemporaryThree-Piece Shower System Flexible Plastic Shower Hose Showerhead Set forBathrooms\"},{\"@type\":\"BreadcrumbList\",\"@id\":\"https:\/\/www.yoroow.com\/pt\/pormenor-do-produto\/sistema-de-duche-contemporaneo-de-tres-pecas-mangueira-de-duche-de-plastico-flexivel-conjunto-de-cabeca-de-chuveiro-para-casas-de-banho\/#breadcrumb\",\"itemListElement\":[{\"@type\":\"ListItem\",\"position\":1,\"name\":\"home\",\"item\":\"https:\/\/www.yoroow.com\/\"},{\"@type\":\"ListItem\",\"position\":2,\"name\":\"Product\",\"item\":\"https:\/\/www.yoroow.com\/product\/\"},{\"@type\":\"ListItem\",\"position\":3,\"name\":\"ContemporaryThree-Piece Shower System Flexible Plastic Shower Hose Showerhead Set forBathrooms\"}]},{\"@type\":\"WebSite\",\"@id\":\"https:\/\/www.yoroow.com\/pt\/#website\",\"url\":\"https:\/\/www.yoroow.com\/pt\/\",\"name\":\"YOROOW\",\"description\":\"\",\"publisher\":{\"@id\":\"https:\/\/www.yoroow.com\/pt\/#organization\"},\"potentialAction\":[{\"@type\":\"SearchAction\",\"target\":{\"@type\":\"EntryPoint\",\"urlTemplate\":\"https:\/\/www.yoroow.com\/pt\/?s={search_term_string}\"},\"query-input\":{\"@type\":\"PropertyValueSpecification\",\"valueRequired\":true,\"valueName\":\"search_term_string\"}}],\"inLanguage\":\"pt-PT\"},{\"@type\":\"Organization\",\"@id\":\"https:\/\/www.yoroow.com\/pt\/#organization\",\"name\":\"YOROOW\",\"url\":\"https:\/\/www.yoroow.com\/pt\/\",\"logo\":{\"@type\":\"ImageObject\",\"inLanguage\":\"pt-PT\",\"@id\":\"https:\/\/www.yoroow.com\/pt\/#\/schema\/logo\/image\/\",\"url\":\"https:\/\/www.yoroow.com\/wp-content\/uploads\/2024\/12\/2024123007131061.png\",\"contentUrl\":\"https:\/\/www.yoroow.com\/wp-content\/uploads\/2024\/12\/2024123007131061.png\",\"width\":168,\"height\":27,\"caption\":\"YOROOW\"},\"image\":{\"@id\":\"https:\/\/www.yoroow.com\/pt\/#\/schema\/logo\/image\/\"},\"sameAs\":[\"https:\/\/www.facebook.com\/people\/yoroowfaucetfactory\/61564236752362\/\"]}]}<\/script>\n<!-- \/ Yoast SEO Premium plugin. -->","yoast_head_json":{"title":"ContemporaryThree-Piece Shower System Flexible Plastic Shower Hose Showerhead Set forBathrooms - YOROOW","description":"Contemporary three-piece shower system with flexible plastic shower hose and showerhead set for bathrooms. Made in China with focus on modern design and export to South America and Southeast Asia.","robots":{"index":"index","follow":"follow","max-snippet":"max-snippet:-1","max-image-preview":"max-image-preview:large","max-video-preview":"max-video-preview:-1"},"canonical":"https:\/\/www.yoroow.com\/pt\/pormenor-do-produto\/sistema-de-duche-contemporaneo-de-tres-pecas-mangueira-de-duche-de-plastico-flexivel-conjunto-de-cabeca-de-chuveiro-para-casas-de-banho\/","og_locale":"pt_PT","og_type":"article","og_title":"ContemporaryThree-Piece Shower System Flexible Plastic Shower Hose Showerhead Set forBathrooms","og_description":"Contemporary three-piece shower system with flexible plastic shower hose and showerhead set for bathrooms. Made in China with focus on modern design and export to South America and Southeast Asia.","og_url":"https:\/\/www.yoroow.com\/pt\/pormenor-do-produto\/sistema-de-duche-contemporaneo-de-tres-pecas-mangueira-de-duche-de-plastico-flexivel-conjunto-de-cabeca-de-chuveiro-para-casas-de-banho\/","og_site_name":"YOROOW","article_publisher":"https:\/\/www.facebook.com\/people\/yoroowfaucetfactory\/61564236752362\/","article_modified_time":"2025-05-16T01:51:37+00:00","og_image":[{"width":765,"height":765,"url":"https:\/\/www.yoroow.com\/wp-content\/uploads\/2025\/05\/12281367049_69123.jpg","type":"image\/jpeg"}],"twitter_card":"summary_large_image","twitter_misc":{"Est. reading time":"1 minuto"},"schema":{"@context":"https:\/\/schema.org","@graph":[{"@type":"WebPage","@id":"https:\/\/www.yoroow.com\/pt\/pormenor-do-produto\/sistema-de-duche-contemporaneo-de-tres-pecas-mangueira-de-duche-de-plastico-flexivel-conjunto-de-cabeca-de-chuveiro-para-casas-de-banho\/","url":"https:\/\/www.yoroow.com\/pt\/pormenor-do-produto\/sistema-de-duche-contemporaneo-de-tres-pecas-mangueira-de-duche-de-plastico-flexivel-conjunto-de-cabeca-de-chuveiro-para-casas-de-banho\/","name":"ContemporaryThree-Piece Shower System Flexible Plastic Shower Hose Showerhead Set forBathrooms - YOROOW","isPartOf":{"@id":"https:\/\/www.yoroow.com\/pt\/#website"},"primaryImageOfPage":{"@id":"https:\/\/www.yoroow.com\/pt\/pormenor-do-produto\/sistema-de-duche-contemporaneo-de-tres-pecas-mangueira-de-duche-de-plastico-flexivel-conjunto-de-cabeca-de-chuveiro-para-casas-de-banho\/#primaryimage"},"image":{"@id":"https:\/\/www.yoroow.com\/pt\/pormenor-do-produto\/sistema-de-duche-contemporaneo-de-tres-pecas-mangueira-de-duche-de-plastico-flexivel-conjunto-de-cabeca-de-chuveiro-para-casas-de-banho\/#primaryimage"},"thumbnailUrl":"https:\/\/www.yoroow.com\/wp-content\/uploads\/2025\/05\/12281367049_69123.jpg","datePublished":"2025-05-07T08:32:20+00:00","dateModified":"2025-05-16T01:51:37+00:00","description":"Contemporary three-piece shower system with flexible plastic shower hose and showerhead set for bathrooms. Made in China with focus on modern design and export to South America and Southeast Asia.","breadcrumb":{"@id":"https:\/\/www.yoroow.com\/pt\/pormenor-do-produto\/sistema-de-duche-contemporaneo-de-tres-pecas-mangueira-de-duche-de-plastico-flexivel-conjunto-de-cabeca-de-chuveiro-para-casas-de-banho\/#breadcrumb"},"inLanguage":"pt-PT","potentialAction":[{"@type":"ReadAction","target":["https:\/\/www.yoroow.com\/pt\/pormenor-do-produto\/sistema-de-duche-contemporaneo-de-tres-pecas-mangueira-de-duche-de-plastico-flexivel-conjunto-de-cabeca-de-chuveiro-para-casas-de-banho\/"]}]},{"@type":"ImageObject","inLanguage":"pt-PT","@id":"https:\/\/www.yoroow.com\/pt\/pormenor-do-produto\/sistema-de-duche-contemporaneo-de-tres-pecas-mangueira-de-duche-de-plastico-flexivel-conjunto-de-cabeca-de-chuveiro-para-casas-de-banho\/#primaryimage","url":"https:\/\/www.yoroow.com\/wp-content\/uploads\/2025\/05\/12281367049_69123.jpg","contentUrl":"https:\/\/www.yoroow.com\/wp-content\/uploads\/2025\/05\/12281367049_69123.jpg","width":765,"height":765,"caption":"ContemporaryThree-Piece Shower System Flexible Plastic Shower Hose Showerhead Set forBathrooms"},{"@type":"BreadcrumbList","@id":"https:\/\/www.yoroow.com\/pt\/pormenor-do-produto\/sistema-de-duche-contemporaneo-de-tres-pecas-mangueira-de-duche-de-plastico-flexivel-conjunto-de-cabeca-de-chuveiro-para-casas-de-banho\/#breadcrumb","itemListElement":[{"@type":"ListItem","position":1,"name":"home","item":"https:\/\/www.yoroow.com\/"},{"@type":"ListItem","position":2,"name":"Product","item":"https:\/\/www.yoroow.com\/product\/"},{"@type":"ListItem","position":3,"name":"ContemporaryThree-Piece Shower System Flexible Plastic Shower Hose Showerhead Set forBathrooms"}]},{"@type":"WebSite","@id":"https:\/\/www.yoroow.com\/pt\/#website","url":"https:\/\/www.yoroow.com\/pt\/","name":"YOROOW","description":"","publisher":{"@id":"https:\/\/www.yoroow.com\/pt\/#organization"},"potentialAction":[{"@type":"SearchAction","target":{"@type":"EntryPoint","urlTemplate":"https:\/\/www.yoroow.com\/pt\/?s={search_term_string}"},"query-input":{"@type":"PropertyValueSpecification","valueRequired":true,"valueName":"search_term_string"}}],"inLanguage":"pt-PT"},{"@type":"Organization","@id":"https:\/\/www.yoroow.com\/pt\/#organization","name":"YOROOW","url":"https:\/\/www.yoroow.com\/pt\/","logo":{"@type":"ImageObject","inLanguage":"pt-PT","@id":"https:\/\/www.yoroow.com\/pt\/#\/schema\/logo\/image\/","url":"https:\/\/www.yoroow.com\/wp-content\/uploads\/2024\/12\/2024123007131061.png","contentUrl":"https:\/\/www.yoroow.com\/wp-content\/uploads\/2024\/12\/2024123007131061.png","width":168,"height":27,"caption":"YOROOW"},"image":{"@id":"https:\/\/www.yoroow.com\/pt\/#\/schema\/logo\/image\/"},"sameAs":["https:\/\/www.facebook.com\/people\/yoroowfaucetfactory\/61564236752362\/"]}]}},"_links":{"self":[{"href":"https:\/\/www.yoroow.com\/pt\/wp-json\/wp\/v2\/product\/19485","targetHints":{"allow":["GET"]}}],"collection":[{"href":"https:\/\/www.yoroow.com\/pt\/wp-json\/wp\/v2\/product"}],"about":[{"href":"https:\/\/www.yoroow.com\/pt\/wp-json\/wp\/v2\/types\/product"}],"wp:featuredmedia":[{"embeddable":true,"href":"https:\/\/www.yoroow.com\/pt\/wp-json\/wp\/v2\/media\/19486"}],"wp:attachment":[{"href":"https:\/\/www.yoroow.com\/pt\/wp-json\/wp\/v2\/media?parent=19485"}],"wp:term":[{"taxonomy":"product_brand","embeddable":true,"href":"https:\/\/www.yoroow.com\/pt\/wp-json\/wp\/v2\/product_brand?post=19485"},{"taxonomy":"product_cat","embeddable":true,"href":"https:\/\/www.yoroow.com\/pt\/wp-json\/wp\/v2\/product_cat?post=19485"},{"taxonomy":"product_tag","embeddable":true,"href":"https:\/\/www.yoroow.com\/pt\/wp-json\/wp\/v2\/product_tag?post=19485"}],"curies":[{"name":"wp","href":"https:\/\/api.w.org\/{rel}","templated":true}]}}