{"id":19481,"date":"2025-05-07T16:24:23","date_gmt":"2025-05-07T08:24:23","guid":{"rendered":"https:\/\/www.yoroow.com\/?post_type=product&#038;p=19481"},"modified":"2025-05-16T09:51:35","modified_gmt":"2025-05-16T01:51:35","slug":"grossistachuveiro-de-mao-ajustavel-em-plastico-abs-completo-chuveiro-de-hotel-torneira-de-casa-de-banho-acessorio-sistema-de-chuveiro-de-tres-pecas","status":"publish","type":"product","link":"https:\/\/www.yoroow.com\/pt\/pormenor-do-produto\/grossistachuveiro-de-mao-ajustavel-em-plastico-abs-completo-chuveiro-de-hotel-torneira-de-casa-de-banho-acessorio-sistema-de-chuveiro-de-tres-pecas\/","title":{"rendered":"WholesaleHandheld Ajust\u00e1vel Full Plastic ABS Showerset Hot\u00e9is Banheiro Faucet Acess\u00f3rio Sistema de chuveiro de tr\u00eas pe\u00e7as"},"content":{"rendered":"<p>A v\u00e1lvula de torneira de cartucho cer\u00e2mico Innovative foi concebida com discos de cer\u00e2mica de primeira qualidade para um controlo do fluxo de \u00e1gua suave e sem gotejamento em torneiras e chuveiros. A sua constru\u00e7\u00e3o robusta garante uma durabilidade a longo prazo e resist\u00eancia ao desgaste em caso de utiliza\u00e7\u00e3o frequente. Fabricada numa f\u00e1brica chinesa com uma gest\u00e3o de qualidade rigorosa, cada v\u00e1lvula \u00e9 testada quanto \u00e0 resist\u00eancia \u00e0 press\u00e3o e ao funcionamento sem falhas. Oferecemos servi\u00e7os OEM para o tamanho e a marca da v\u00e1lvula, permitindo que os clientes adaptem os produtos \u00e0s exig\u00eancias espec\u00edficas do mercado. Esta v\u00e1lvula tem fortes vendas nos pa\u00edses da Am\u00e9rica do Sul e do Sudeste Asi\u00e1tico, onde os consumidores procuram componentes de canaliza\u00e7\u00e3o fi\u00e1veis e sem manuten\u00e7\u00e3o. A nossa equipa de exporta\u00e7\u00e3o apoia os clientes no Brasil, M\u00e9xico, Indon\u00e9sia e Vietname com assist\u00eancia multilingue. |<\/p>","protected":false},"excerpt":{"rendered":"<p>The Innovative Ceramic Cartridge Faucet Valve is engineered with premium ceramic discs for smooth, drip-free water flow control in faucets and showers. Its robust construction ensures long-term durability and resistance to wear under frequent use. Made in a Chinese factory with strict quality management, each valve is tested for pressure resistance and seamless operation. We&#8230;<\/p>","protected":false},"featured_media":19482,"template":"","meta":{"_acf_changed":false,"_kad_post_transparent":"default","_kad_post_title":"","_kad_post_layout":"default","_kad_post_sidebar_id":"","_kad_post_content_style":"default","_kad_post_vertical_padding":"default","_kad_post_feature":"","_kad_post_feature_position":"","_kad_post_header":false,"_kad_post_footer":false},"product_brand":[],"product_cat":[121,7865],"product_tag":[5492,5308],"class_list":{"0":"post-19481","1":"product","2":"type-product","3":"status-publish","4":"has-post-thumbnail","6":"product_cat-shower-set","7":"product_cat-c-shower","8":"product_tag-bathroom-shower-system-set","9":"product_tag-full-plastic-shower-set","11":"first","12":"instock","13":"shipping-taxable","14":"purchasable","15":"product-type-variable","16":"wvs-archive-product-wrapper","17":"entry","18":"content-bg","19":"loop-entry"},"acf":[],"yoast_head":"<!-- This site is optimized with the Yoast SEO Premium plugin v25.4 (Yoast SEO v27.0) - https:\/\/yoast.com\/product\/yoast-seo-premium-wordpress\/ -->\n<title>WholesaleHandheld Adjustable Full Plastic ABS Showerset Hotels Bathroom Faucet Accessory Three-Piece Showerhead System - YOROOW<\/title>\n<meta name=\"description\" content=\"Wholesale handheld adjustable full plastic ABS shower set for hotels with three-piece bathroom faucet accessory. Quality assured Chinese manufacturing targeting South American and Southeast Asian hotel markets.\" \/>\n<meta name=\"robots\" content=\"index, follow, max-snippet:-1, max-image-preview:large, max-video-preview:-1\" \/>\n<link rel=\"canonical\" href=\"https:\/\/www.yoroow.com\/pt\/pormenor-do-produto\/grossistachuveiro-de-mao-ajustavel-em-plastico-abs-completo-chuveiro-de-hotel-torneira-de-casa-de-banho-acessorio-sistema-de-chuveiro-de-tres-pecas\/\" \/>\n<meta property=\"og:locale\" content=\"pt_PT\" \/>\n<meta property=\"og:type\" content=\"article\" \/>\n<meta property=\"og:title\" content=\"WholesaleHandheld Adjustable Full Plastic ABS Showerset Hotels Bathroom Faucet Accessory Three-Piece Showerhead System\" \/>\n<meta property=\"og:description\" content=\"Wholesale handheld adjustable full plastic ABS shower set for hotels with three-piece bathroom faucet accessory. Quality assured Chinese manufacturing targeting South American and Southeast Asian hotel markets.\" \/>\n<meta property=\"og:url\" content=\"https:\/\/www.yoroow.com\/pt\/pormenor-do-produto\/grossistachuveiro-de-mao-ajustavel-em-plastico-abs-completo-chuveiro-de-hotel-torneira-de-casa-de-banho-acessorio-sistema-de-chuveiro-de-tres-pecas\/\" \/>\n<meta property=\"og:site_name\" content=\"YOROOW\" \/>\n<meta property=\"article:publisher\" content=\"https:\/\/www.facebook.com\/people\/yoroowfaucetfactory\/61564236752362\/\" \/>\n<meta property=\"article:modified_time\" content=\"2025-05-16T01:51:35+00:00\" \/>\n<meta property=\"og:image\" content=\"https:\/\/www.yoroow.com\/wp-content\/uploads\/2025\/05\/3.jpg\" \/>\n\t<meta property=\"og:image:width\" content=\"661\" \/>\n\t<meta property=\"og:image:height\" content=\"661\" \/>\n\t<meta property=\"og:image:type\" content=\"image\/jpeg\" \/>\n<meta name=\"twitter:card\" content=\"summary_large_image\" \/>\n<meta name=\"twitter:label1\" content=\"Est. reading time\" \/>\n\t<meta name=\"twitter:data1\" content=\"1 minuto\" \/>\n<script type=\"application\/ld+json\" class=\"yoast-schema-graph\">{\"@context\":\"https:\/\/schema.org\",\"@graph\":[{\"@type\":\"WebPage\",\"@id\":\"https:\/\/www.yoroow.com\/pt\/pormenor-do-produto\/grossistachuveiro-de-mao-ajustavel-em-plastico-abs-completo-chuveiro-de-hotel-torneira-de-casa-de-banho-acessorio-sistema-de-chuveiro-de-tres-pecas\/\",\"url\":\"https:\/\/www.yoroow.com\/pt\/pormenor-do-produto\/grossistachuveiro-de-mao-ajustavel-em-plastico-abs-completo-chuveiro-de-hotel-torneira-de-casa-de-banho-acessorio-sistema-de-chuveiro-de-tres-pecas\/\",\"name\":\"WholesaleHandheld Adjustable Full Plastic ABS Showerset Hotels Bathroom Faucet Accessory Three-Piece Showerhead System - YOROOW\",\"isPartOf\":{\"@id\":\"https:\/\/www.yoroow.com\/pt\/#website\"},\"primaryImageOfPage\":{\"@id\":\"https:\/\/www.yoroow.com\/pt\/pormenor-do-produto\/grossistachuveiro-de-mao-ajustavel-em-plastico-abs-completo-chuveiro-de-hotel-torneira-de-casa-de-banho-acessorio-sistema-de-chuveiro-de-tres-pecas\/#primaryimage\"},\"image\":{\"@id\":\"https:\/\/www.yoroow.com\/pt\/pormenor-do-produto\/grossistachuveiro-de-mao-ajustavel-em-plastico-abs-completo-chuveiro-de-hotel-torneira-de-casa-de-banho-acessorio-sistema-de-chuveiro-de-tres-pecas\/#primaryimage\"},\"thumbnailUrl\":\"https:\/\/www.yoroow.com\/wp-content\/uploads\/2025\/05\/3.jpg\",\"datePublished\":\"2025-05-07T08:24:23+00:00\",\"dateModified\":\"2025-05-16T01:51:35+00:00\",\"description\":\"Wholesale handheld adjustable full plastic ABS shower set for hotels with three-piece bathroom faucet accessory. Quality assured Chinese manufacturing targeting South American and Southeast Asian hotel markets.\",\"breadcrumb\":{\"@id\":\"https:\/\/www.yoroow.com\/pt\/pormenor-do-produto\/grossistachuveiro-de-mao-ajustavel-em-plastico-abs-completo-chuveiro-de-hotel-torneira-de-casa-de-banho-acessorio-sistema-de-chuveiro-de-tres-pecas\/#breadcrumb\"},\"inLanguage\":\"pt-PT\",\"potentialAction\":[{\"@type\":\"ReadAction\",\"target\":[\"https:\/\/www.yoroow.com\/pt\/pormenor-do-produto\/grossistachuveiro-de-mao-ajustavel-em-plastico-abs-completo-chuveiro-de-hotel-torneira-de-casa-de-banho-acessorio-sistema-de-chuveiro-de-tres-pecas\/\"]}]},{\"@type\":\"ImageObject\",\"inLanguage\":\"pt-PT\",\"@id\":\"https:\/\/www.yoroow.com\/pt\/pormenor-do-produto\/grossistachuveiro-de-mao-ajustavel-em-plastico-abs-completo-chuveiro-de-hotel-torneira-de-casa-de-banho-acessorio-sistema-de-chuveiro-de-tres-pecas\/#primaryimage\",\"url\":\"https:\/\/www.yoroow.com\/wp-content\/uploads\/2025\/05\/3.jpg\",\"contentUrl\":\"https:\/\/www.yoroow.com\/wp-content\/uploads\/2025\/05\/3.jpg\",\"width\":661,\"height\":661,\"caption\":\"WholesaleHandheld Adjustable Full Plastic ABS Showerset Hotels Bathroom Faucet Accessory Three-Piece Showerhead System\"},{\"@type\":\"BreadcrumbList\",\"@id\":\"https:\/\/www.yoroow.com\/pt\/pormenor-do-produto\/grossistachuveiro-de-mao-ajustavel-em-plastico-abs-completo-chuveiro-de-hotel-torneira-de-casa-de-banho-acessorio-sistema-de-chuveiro-de-tres-pecas\/#breadcrumb\",\"itemListElement\":[{\"@type\":\"ListItem\",\"position\":1,\"name\":\"home\",\"item\":\"https:\/\/www.yoroow.com\/\"},{\"@type\":\"ListItem\",\"position\":2,\"name\":\"Product\",\"item\":\"https:\/\/www.yoroow.com\/product\/\"},{\"@type\":\"ListItem\",\"position\":3,\"name\":\"WholesaleHandheld Adjustable Full Plastic ABS Showerset Hotels Bathroom Faucet Accessory Three-Piece Showerhead System\"}]},{\"@type\":\"WebSite\",\"@id\":\"https:\/\/www.yoroow.com\/pt\/#website\",\"url\":\"https:\/\/www.yoroow.com\/pt\/\",\"name\":\"YOROOW\",\"description\":\"\",\"publisher\":{\"@id\":\"https:\/\/www.yoroow.com\/pt\/#organization\"},\"potentialAction\":[{\"@type\":\"SearchAction\",\"target\":{\"@type\":\"EntryPoint\",\"urlTemplate\":\"https:\/\/www.yoroow.com\/pt\/?s={search_term_string}\"},\"query-input\":{\"@type\":\"PropertyValueSpecification\",\"valueRequired\":true,\"valueName\":\"search_term_string\"}}],\"inLanguage\":\"pt-PT\"},{\"@type\":\"Organization\",\"@id\":\"https:\/\/www.yoroow.com\/pt\/#organization\",\"name\":\"YOROOW\",\"url\":\"https:\/\/www.yoroow.com\/pt\/\",\"logo\":{\"@type\":\"ImageObject\",\"inLanguage\":\"pt-PT\",\"@id\":\"https:\/\/www.yoroow.com\/pt\/#\/schema\/logo\/image\/\",\"url\":\"https:\/\/www.yoroow.com\/wp-content\/uploads\/2024\/12\/2024123007131061.png\",\"contentUrl\":\"https:\/\/www.yoroow.com\/wp-content\/uploads\/2024\/12\/2024123007131061.png\",\"width\":168,\"height\":27,\"caption\":\"YOROOW\"},\"image\":{\"@id\":\"https:\/\/www.yoroow.com\/pt\/#\/schema\/logo\/image\/\"},\"sameAs\":[\"https:\/\/www.facebook.com\/people\/yoroowfaucetfactory\/61564236752362\/\"]}]}<\/script>\n<!-- \/ Yoast SEO Premium plugin. -->","yoast_head_json":{"title":"WholesaleHandheld Adjustable Full Plastic ABS Showerset Hotels Bathroom Faucet Accessory Three-Piece Showerhead System - YOROOW","description":"Wholesale handheld adjustable full plastic ABS shower set for hotels with three-piece bathroom faucet accessory. Quality assured Chinese manufacturing targeting South American and Southeast Asian hotel markets.","robots":{"index":"index","follow":"follow","max-snippet":"max-snippet:-1","max-image-preview":"max-image-preview:large","max-video-preview":"max-video-preview:-1"},"canonical":"https:\/\/www.yoroow.com\/pt\/pormenor-do-produto\/grossistachuveiro-de-mao-ajustavel-em-plastico-abs-completo-chuveiro-de-hotel-torneira-de-casa-de-banho-acessorio-sistema-de-chuveiro-de-tres-pecas\/","og_locale":"pt_PT","og_type":"article","og_title":"WholesaleHandheld Adjustable Full Plastic ABS Showerset Hotels Bathroom Faucet Accessory Three-Piece Showerhead System","og_description":"Wholesale handheld adjustable full plastic ABS shower set for hotels with three-piece bathroom faucet accessory. Quality assured Chinese manufacturing targeting South American and Southeast Asian hotel markets.","og_url":"https:\/\/www.yoroow.com\/pt\/pormenor-do-produto\/grossistachuveiro-de-mao-ajustavel-em-plastico-abs-completo-chuveiro-de-hotel-torneira-de-casa-de-banho-acessorio-sistema-de-chuveiro-de-tres-pecas\/","og_site_name":"YOROOW","article_publisher":"https:\/\/www.facebook.com\/people\/yoroowfaucetfactory\/61564236752362\/","article_modified_time":"2025-05-16T01:51:35+00:00","og_image":[{"width":661,"height":661,"url":"https:\/\/www.yoroow.com\/wp-content\/uploads\/2025\/05\/3.jpg","type":"image\/jpeg"}],"twitter_card":"summary_large_image","twitter_misc":{"Est. reading time":"1 minuto"},"schema":{"@context":"https:\/\/schema.org","@graph":[{"@type":"WebPage","@id":"https:\/\/www.yoroow.com\/pt\/pormenor-do-produto\/grossistachuveiro-de-mao-ajustavel-em-plastico-abs-completo-chuveiro-de-hotel-torneira-de-casa-de-banho-acessorio-sistema-de-chuveiro-de-tres-pecas\/","url":"https:\/\/www.yoroow.com\/pt\/pormenor-do-produto\/grossistachuveiro-de-mao-ajustavel-em-plastico-abs-completo-chuveiro-de-hotel-torneira-de-casa-de-banho-acessorio-sistema-de-chuveiro-de-tres-pecas\/","name":"WholesaleHandheld Adjustable Full Plastic ABS Showerset Hotels Bathroom Faucet Accessory Three-Piece Showerhead System - YOROOW","isPartOf":{"@id":"https:\/\/www.yoroow.com\/pt\/#website"},"primaryImageOfPage":{"@id":"https:\/\/www.yoroow.com\/pt\/pormenor-do-produto\/grossistachuveiro-de-mao-ajustavel-em-plastico-abs-completo-chuveiro-de-hotel-torneira-de-casa-de-banho-acessorio-sistema-de-chuveiro-de-tres-pecas\/#primaryimage"},"image":{"@id":"https:\/\/www.yoroow.com\/pt\/pormenor-do-produto\/grossistachuveiro-de-mao-ajustavel-em-plastico-abs-completo-chuveiro-de-hotel-torneira-de-casa-de-banho-acessorio-sistema-de-chuveiro-de-tres-pecas\/#primaryimage"},"thumbnailUrl":"https:\/\/www.yoroow.com\/wp-content\/uploads\/2025\/05\/3.jpg","datePublished":"2025-05-07T08:24:23+00:00","dateModified":"2025-05-16T01:51:35+00:00","description":"Wholesale handheld adjustable full plastic ABS shower set for hotels with three-piece bathroom faucet accessory. Quality assured Chinese manufacturing targeting South American and Southeast Asian hotel markets.","breadcrumb":{"@id":"https:\/\/www.yoroow.com\/pt\/pormenor-do-produto\/grossistachuveiro-de-mao-ajustavel-em-plastico-abs-completo-chuveiro-de-hotel-torneira-de-casa-de-banho-acessorio-sistema-de-chuveiro-de-tres-pecas\/#breadcrumb"},"inLanguage":"pt-PT","potentialAction":[{"@type":"ReadAction","target":["https:\/\/www.yoroow.com\/pt\/pormenor-do-produto\/grossistachuveiro-de-mao-ajustavel-em-plastico-abs-completo-chuveiro-de-hotel-torneira-de-casa-de-banho-acessorio-sistema-de-chuveiro-de-tres-pecas\/"]}]},{"@type":"ImageObject","inLanguage":"pt-PT","@id":"https:\/\/www.yoroow.com\/pt\/pormenor-do-produto\/grossistachuveiro-de-mao-ajustavel-em-plastico-abs-completo-chuveiro-de-hotel-torneira-de-casa-de-banho-acessorio-sistema-de-chuveiro-de-tres-pecas\/#primaryimage","url":"https:\/\/www.yoroow.com\/wp-content\/uploads\/2025\/05\/3.jpg","contentUrl":"https:\/\/www.yoroow.com\/wp-content\/uploads\/2025\/05\/3.jpg","width":661,"height":661,"caption":"WholesaleHandheld Adjustable Full Plastic ABS Showerset Hotels Bathroom Faucet Accessory Three-Piece Showerhead System"},{"@type":"BreadcrumbList","@id":"https:\/\/www.yoroow.com\/pt\/pormenor-do-produto\/grossistachuveiro-de-mao-ajustavel-em-plastico-abs-completo-chuveiro-de-hotel-torneira-de-casa-de-banho-acessorio-sistema-de-chuveiro-de-tres-pecas\/#breadcrumb","itemListElement":[{"@type":"ListItem","position":1,"name":"home","item":"https:\/\/www.yoroow.com\/"},{"@type":"ListItem","position":2,"name":"Product","item":"https:\/\/www.yoroow.com\/product\/"},{"@type":"ListItem","position":3,"name":"WholesaleHandheld Adjustable Full Plastic ABS Showerset Hotels Bathroom Faucet Accessory Three-Piece Showerhead System"}]},{"@type":"WebSite","@id":"https:\/\/www.yoroow.com\/pt\/#website","url":"https:\/\/www.yoroow.com\/pt\/","name":"YOROOW","description":"","publisher":{"@id":"https:\/\/www.yoroow.com\/pt\/#organization"},"potentialAction":[{"@type":"SearchAction","target":{"@type":"EntryPoint","urlTemplate":"https:\/\/www.yoroow.com\/pt\/?s={search_term_string}"},"query-input":{"@type":"PropertyValueSpecification","valueRequired":true,"valueName":"search_term_string"}}],"inLanguage":"pt-PT"},{"@type":"Organization","@id":"https:\/\/www.yoroow.com\/pt\/#organization","name":"YOROOW","url":"https:\/\/www.yoroow.com\/pt\/","logo":{"@type":"ImageObject","inLanguage":"pt-PT","@id":"https:\/\/www.yoroow.com\/pt\/#\/schema\/logo\/image\/","url":"https:\/\/www.yoroow.com\/wp-content\/uploads\/2024\/12\/2024123007131061.png","contentUrl":"https:\/\/www.yoroow.com\/wp-content\/uploads\/2024\/12\/2024123007131061.png","width":168,"height":27,"caption":"YOROOW"},"image":{"@id":"https:\/\/www.yoroow.com\/pt\/#\/schema\/logo\/image\/"},"sameAs":["https:\/\/www.facebook.com\/people\/yoroowfaucetfactory\/61564236752362\/"]}]}},"_links":{"self":[{"href":"https:\/\/www.yoroow.com\/pt\/wp-json\/wp\/v2\/product\/19481","targetHints":{"allow":["GET"]}}],"collection":[{"href":"https:\/\/www.yoroow.com\/pt\/wp-json\/wp\/v2\/product"}],"about":[{"href":"https:\/\/www.yoroow.com\/pt\/wp-json\/wp\/v2\/types\/product"}],"wp:featuredmedia":[{"embeddable":true,"href":"https:\/\/www.yoroow.com\/pt\/wp-json\/wp\/v2\/media\/19482"}],"wp:attachment":[{"href":"https:\/\/www.yoroow.com\/pt\/wp-json\/wp\/v2\/media?parent=19481"}],"wp:term":[{"taxonomy":"product_brand","embeddable":true,"href":"https:\/\/www.yoroow.com\/pt\/wp-json\/wp\/v2\/product_brand?post=19481"},{"taxonomy":"product_cat","embeddable":true,"href":"https:\/\/www.yoroow.com\/pt\/wp-json\/wp\/v2\/product_cat?post=19481"},{"taxonomy":"product_tag","embeddable":true,"href":"https:\/\/www.yoroow.com\/pt\/wp-json\/wp\/v2\/product_tag?post=19481"}],"curies":[{"name":"wp","href":"https:\/\/api.w.org\/{rel}","templated":true}]}}