{"id":19470,"date":"2025-05-07T16:05:00","date_gmt":"2025-05-07T08:05:00","guid":{"rendered":"https:\/\/www.yoroow.com\/?post_type=product&#038;p=19470"},"modified":"2025-05-16T09:51:31","modified_gmt":"2025-05-16T01:51:31","slug":"torneira-de-banho-ajustavel-acessorio-de-poupanca-de-agua-chuveiro-de-agua-da-chuva-para-casa-hotel-conjunto-completo-de-tres-pecas-de-plastico-para-casa-de-banho","status":"publish","type":"product","link":"https:\/\/www.yoroow.com\/pt\/pormenor-do-produto\/torneira-de-banho-ajustavel-acessorio-de-poupanca-de-agua-chuveiro-de-agua-da-chuva-para-casa-hotel-conjunto-completo-de-tres-pecas-de-plastico-para-casa-de-banho\/","title":{"rendered":"Acess\u00f3rio de torneira de banho ajust\u00e1vel Chuveiro de \u00e1gua da chuva economizador de \u00e1gua para casa e hotel Conjunto de tr\u00eas pe\u00e7as de pl\u00e1stico para casa de banho"},"content":{"rendered":"<p>A v\u00e1lvula angular de casa de banho em lat\u00e3o dur\u00e1vel \u00e9 fabricada em lat\u00e3o de alta qualidade com revestimento cromado para proporcionar uma excelente resist\u00eancia \u00e0 corros\u00e3o e uma longa vida \u00fatil. Foi concebida para controlar o fluxo de \u00e1gua nos sistemas de canaliza\u00e7\u00e3o da casa de banho, permitindo um fecho f\u00e1cil durante a manuten\u00e7\u00e3o ou em caso de emerg\u00eancia. Fabricada numa f\u00e1brica chinesa com mais de dez anos de experi\u00eancia na produ\u00e7\u00e3o de v\u00e1lvulas de lat\u00e3o, a v\u00e1lvula \u00e9 submetida a v\u00e1rias inspec\u00e7\u00f5es de qualidade para garantir um desempenho \u00e0 prova de fugas e um funcionamento suave. Est\u00e1 dispon\u00edvel a personaliza\u00e7\u00e3o OEM para tamanho, design da pega e marca. Este produto \u00e9 popular nos mercados da Am\u00e9rica do Sul e do Sudeste Asi\u00e1tico, cumprindo as normas rigorosas de seguran\u00e7a e fiabilidade da canaliza\u00e7\u00e3o. Exportamos para pa\u00edses como o Brasil, o Peru, a Indon\u00e9sia e o Vietname com apoio log\u00edstico dedicado, garantindo uma entrega atempada e um servi\u00e7o p\u00f3s-venda.<\/p>","protected":false},"excerpt":{"rendered":"<p>A v\u00e1lvula angular de casa de banho em lat\u00e3o dur\u00e1vel \u00e9 fabricada em lat\u00e3o de alta qualidade com revestimento cromado para proporcionar uma excelente resist\u00eancia \u00e0 corros\u00e3o e uma longa vida \u00fatil. Foi concebida para controlar o fluxo de \u00e1gua nos sistemas de canaliza\u00e7\u00e3o da casa de banho, permitindo um fecho f\u00e1cil durante a manuten\u00e7\u00e3o ou em caso de emerg\u00eancia. Produzido numa f\u00e1brica chinesa com mais de dez anos de experi\u00eancia em lat\u00e3o...<\/p>","protected":false},"featured_media":19473,"template":"","meta":{"_acf_changed":false,"_kad_post_transparent":"default","_kad_post_title":"","_kad_post_layout":"default","_kad_post_sidebar_id":"","_kad_post_content_style":"default","_kad_post_vertical_padding":"default","_kad_post_feature":"","_kad_post_feature_position":"","_kad_post_header":false,"_kad_post_footer":false},"product_brand":[],"product_cat":[121,7865],"product_tag":[5467,5308],"class_list":{"0":"post-19470","1":"product","2":"type-product","3":"status-publish","4":"has-post-thumbnail","6":"product_cat-shower-set","7":"product_cat-c-shower","8":"product_tag-affordable-shower-set","9":"product_tag-full-plastic-shower-set","11":"first","12":"instock","13":"shipping-taxable","14":"purchasable","15":"product-type-variable","16":"wvs-archive-product-wrapper","17":"entry","18":"content-bg","19":"loop-entry"},"acf":[],"yoast_head":"<!-- This site is optimized with the Yoast SEO Premium plugin v25.4 (Yoast SEO v27.0) - https:\/\/yoast.com\/product\/yoast-seo-premium-wordpress\/ -->\n<title>Adjustable Bath Faucet Accessory Water Saving Rainwater Showerhead for Home &amp; Hotel Full Plastic Three-Piece Bathroom Set - YOROOW<\/title>\n<meta name=\"description\" content=\"Adjustable bath faucet accessory water-saving rainwater showerhead made from full plastic three-piece bathroom set. Cost-effective Chinese production exported to South America and Southeast Asia markets.\" \/>\n<meta name=\"robots\" content=\"index, follow, max-snippet:-1, max-image-preview:large, max-video-preview:-1\" \/>\n<link rel=\"canonical\" href=\"https:\/\/www.yoroow.com\/pt\/pormenor-do-produto\/torneira-de-banho-ajustavel-acessorio-de-poupanca-de-agua-chuveiro-de-agua-da-chuva-para-casa-hotel-conjunto-completo-de-tres-pecas-de-plastico-para-casa-de-banho\/\" \/>\n<meta property=\"og:locale\" content=\"pt_PT\" \/>\n<meta property=\"og:type\" content=\"article\" \/>\n<meta property=\"og:title\" content=\"Adjustable Bath Faucet Accessory Water Saving Rainwater Showerhead for Home &amp; Hotel Full Plastic Three-Piece Bathroom Set\" \/>\n<meta property=\"og:description\" content=\"Adjustable bath faucet accessory water-saving rainwater showerhead made from full plastic three-piece bathroom set. Cost-effective Chinese production exported to South America and Southeast Asia markets.\" \/>\n<meta property=\"og:url\" content=\"https:\/\/www.yoroow.com\/pt\/pormenor-do-produto\/torneira-de-banho-ajustavel-acessorio-de-poupanca-de-agua-chuveiro-de-agua-da-chuva-para-casa-hotel-conjunto-completo-de-tres-pecas-de-plastico-para-casa-de-banho\/\" \/>\n<meta property=\"og:site_name\" content=\"YOROOW\" \/>\n<meta property=\"article:publisher\" content=\"https:\/\/www.facebook.com\/people\/yoroowfaucetfactory\/61564236752362\/\" \/>\n<meta property=\"article:modified_time\" content=\"2025-05-16T01:51:31+00:00\" \/>\n<meta property=\"og:image\" content=\"https:\/\/www.yoroow.com\/wp-content\/uploads\/2025\/05\/\u4e09\u4ef6\u5957-1.jpg\" \/>\n\t<meta property=\"og:image:width\" content=\"603\" \/>\n\t<meta property=\"og:image:height\" content=\"603\" \/>\n\t<meta property=\"og:image:type\" content=\"image\/jpeg\" \/>\n<meta name=\"twitter:card\" content=\"summary_large_image\" \/>\n<meta name=\"twitter:label1\" content=\"Est. reading time\" \/>\n\t<meta name=\"twitter:data1\" content=\"1 minuto\" \/>\n<script type=\"application\/ld+json\" class=\"yoast-schema-graph\">{\"@context\":\"https:\/\/schema.org\",\"@graph\":[{\"@type\":\"WebPage\",\"@id\":\"https:\/\/www.yoroow.com\/pt\/pormenor-do-produto\/torneira-de-banho-ajustavel-acessorio-de-poupanca-de-agua-chuveiro-de-agua-da-chuva-para-casa-hotel-conjunto-completo-de-tres-pecas-de-plastico-para-casa-de-banho\/\",\"url\":\"https:\/\/www.yoroow.com\/pt\/pormenor-do-produto\/torneira-de-banho-ajustavel-acessorio-de-poupanca-de-agua-chuveiro-de-agua-da-chuva-para-casa-hotel-conjunto-completo-de-tres-pecas-de-plastico-para-casa-de-banho\/\",\"name\":\"Adjustable Bath Faucet Accessory Water Saving Rainwater Showerhead for Home & Hotel Full Plastic Three-Piece Bathroom Set - YOROOW\",\"isPartOf\":{\"@id\":\"https:\/\/www.yoroow.com\/pt\/#website\"},\"primaryImageOfPage\":{\"@id\":\"https:\/\/www.yoroow.com\/pt\/pormenor-do-produto\/torneira-de-banho-ajustavel-acessorio-de-poupanca-de-agua-chuveiro-de-agua-da-chuva-para-casa-hotel-conjunto-completo-de-tres-pecas-de-plastico-para-casa-de-banho\/#primaryimage\"},\"image\":{\"@id\":\"https:\/\/www.yoroow.com\/pt\/pormenor-do-produto\/torneira-de-banho-ajustavel-acessorio-de-poupanca-de-agua-chuveiro-de-agua-da-chuva-para-casa-hotel-conjunto-completo-de-tres-pecas-de-plastico-para-casa-de-banho\/#primaryimage\"},\"thumbnailUrl\":\"https:\/\/www.yoroow.com\/wp-content\/uploads\/2025\/05\/\u4e09\u4ef6\u5957-1.jpg\",\"datePublished\":\"2025-05-07T08:05:00+00:00\",\"dateModified\":\"2025-05-16T01:51:31+00:00\",\"description\":\"Adjustable bath faucet accessory water-saving rainwater showerhead made from full plastic three-piece bathroom set. Cost-effective Chinese production exported to South America and Southeast Asia markets.\",\"breadcrumb\":{\"@id\":\"https:\/\/www.yoroow.com\/pt\/pormenor-do-produto\/torneira-de-banho-ajustavel-acessorio-de-poupanca-de-agua-chuveiro-de-agua-da-chuva-para-casa-hotel-conjunto-completo-de-tres-pecas-de-plastico-para-casa-de-banho\/#breadcrumb\"},\"inLanguage\":\"pt-PT\",\"potentialAction\":[{\"@type\":\"ReadAction\",\"target\":[\"https:\/\/www.yoroow.com\/pt\/pormenor-do-produto\/torneira-de-banho-ajustavel-acessorio-de-poupanca-de-agua-chuveiro-de-agua-da-chuva-para-casa-hotel-conjunto-completo-de-tres-pecas-de-plastico-para-casa-de-banho\/\"]}]},{\"@type\":\"ImageObject\",\"inLanguage\":\"pt-PT\",\"@id\":\"https:\/\/www.yoroow.com\/pt\/pormenor-do-produto\/torneira-de-banho-ajustavel-acessorio-de-poupanca-de-agua-chuveiro-de-agua-da-chuva-para-casa-hotel-conjunto-completo-de-tres-pecas-de-plastico-para-casa-de-banho\/#primaryimage\",\"url\":\"https:\/\/www.yoroow.com\/wp-content\/uploads\/2025\/05\/\u4e09\u4ef6\u5957-1.jpg\",\"contentUrl\":\"https:\/\/www.yoroow.com\/wp-content\/uploads\/2025\/05\/\u4e09\u4ef6\u5957-1.jpg\",\"width\":603,\"height\":603,\"caption\":\"Adjustable Bath Faucet Accessory Water Saving Rainwater Showerhead for Home & Hotel Full Plastic Three-Piece Bathroom Set\"},{\"@type\":\"BreadcrumbList\",\"@id\":\"https:\/\/www.yoroow.com\/pt\/pormenor-do-produto\/torneira-de-banho-ajustavel-acessorio-de-poupanca-de-agua-chuveiro-de-agua-da-chuva-para-casa-hotel-conjunto-completo-de-tres-pecas-de-plastico-para-casa-de-banho\/#breadcrumb\",\"itemListElement\":[{\"@type\":\"ListItem\",\"position\":1,\"name\":\"home\",\"item\":\"https:\/\/www.yoroow.com\/\"},{\"@type\":\"ListItem\",\"position\":2,\"name\":\"Product\",\"item\":\"https:\/\/www.yoroow.com\/product\/\"},{\"@type\":\"ListItem\",\"position\":3,\"name\":\"Adjustable Bath Faucet Accessory Water Saving Rainwater Showerhead for Home &#038; Hotel Full Plastic Three-Piece Bathroom Set\"}]},{\"@type\":\"WebSite\",\"@id\":\"https:\/\/www.yoroow.com\/pt\/#website\",\"url\":\"https:\/\/www.yoroow.com\/pt\/\",\"name\":\"YOROOW\",\"description\":\"\",\"publisher\":{\"@id\":\"https:\/\/www.yoroow.com\/pt\/#organization\"},\"potentialAction\":[{\"@type\":\"SearchAction\",\"target\":{\"@type\":\"EntryPoint\",\"urlTemplate\":\"https:\/\/www.yoroow.com\/pt\/?s={search_term_string}\"},\"query-input\":{\"@type\":\"PropertyValueSpecification\",\"valueRequired\":true,\"valueName\":\"search_term_string\"}}],\"inLanguage\":\"pt-PT\"},{\"@type\":\"Organization\",\"@id\":\"https:\/\/www.yoroow.com\/pt\/#organization\",\"name\":\"YOROOW\",\"url\":\"https:\/\/www.yoroow.com\/pt\/\",\"logo\":{\"@type\":\"ImageObject\",\"inLanguage\":\"pt-PT\",\"@id\":\"https:\/\/www.yoroow.com\/pt\/#\/schema\/logo\/image\/\",\"url\":\"https:\/\/www.yoroow.com\/wp-content\/uploads\/2024\/12\/2024123007131061.png\",\"contentUrl\":\"https:\/\/www.yoroow.com\/wp-content\/uploads\/2024\/12\/2024123007131061.png\",\"width\":168,\"height\":27,\"caption\":\"YOROOW\"},\"image\":{\"@id\":\"https:\/\/www.yoroow.com\/pt\/#\/schema\/logo\/image\/\"},\"sameAs\":[\"https:\/\/www.facebook.com\/people\/yoroowfaucetfactory\/61564236752362\/\"]}]}<\/script>\n<!-- \/ Yoast SEO Premium plugin. -->","yoast_head_json":{"title":"Adjustable Bath Faucet Accessory Water Saving Rainwater Showerhead for Home & Hotel Full Plastic Three-Piece Bathroom Set - YOROOW","description":"Adjustable bath faucet accessory water-saving rainwater showerhead made from full plastic three-piece bathroom set. Cost-effective Chinese production exported to South America and Southeast Asia markets.","robots":{"index":"index","follow":"follow","max-snippet":"max-snippet:-1","max-image-preview":"max-image-preview:large","max-video-preview":"max-video-preview:-1"},"canonical":"https:\/\/www.yoroow.com\/pt\/pormenor-do-produto\/torneira-de-banho-ajustavel-acessorio-de-poupanca-de-agua-chuveiro-de-agua-da-chuva-para-casa-hotel-conjunto-completo-de-tres-pecas-de-plastico-para-casa-de-banho\/","og_locale":"pt_PT","og_type":"article","og_title":"Adjustable Bath Faucet Accessory Water Saving Rainwater Showerhead for Home & Hotel Full Plastic Three-Piece Bathroom Set","og_description":"Adjustable bath faucet accessory water-saving rainwater showerhead made from full plastic three-piece bathroom set. Cost-effective Chinese production exported to South America and Southeast Asia markets.","og_url":"https:\/\/www.yoroow.com\/pt\/pormenor-do-produto\/torneira-de-banho-ajustavel-acessorio-de-poupanca-de-agua-chuveiro-de-agua-da-chuva-para-casa-hotel-conjunto-completo-de-tres-pecas-de-plastico-para-casa-de-banho\/","og_site_name":"YOROOW","article_publisher":"https:\/\/www.facebook.com\/people\/yoroowfaucetfactory\/61564236752362\/","article_modified_time":"2025-05-16T01:51:31+00:00","og_image":[{"width":603,"height":603,"url":"https:\/\/www.yoroow.com\/wp-content\/uploads\/2025\/05\/\u4e09\u4ef6\u5957-1.jpg","type":"image\/jpeg"}],"twitter_card":"summary_large_image","twitter_misc":{"Est. reading time":"1 minuto"},"schema":{"@context":"https:\/\/schema.org","@graph":[{"@type":"WebPage","@id":"https:\/\/www.yoroow.com\/pt\/pormenor-do-produto\/torneira-de-banho-ajustavel-acessorio-de-poupanca-de-agua-chuveiro-de-agua-da-chuva-para-casa-hotel-conjunto-completo-de-tres-pecas-de-plastico-para-casa-de-banho\/","url":"https:\/\/www.yoroow.com\/pt\/pormenor-do-produto\/torneira-de-banho-ajustavel-acessorio-de-poupanca-de-agua-chuveiro-de-agua-da-chuva-para-casa-hotel-conjunto-completo-de-tres-pecas-de-plastico-para-casa-de-banho\/","name":"Adjustable Bath Faucet Accessory Water Saving Rainwater Showerhead for Home & Hotel Full Plastic Three-Piece Bathroom Set - YOROOW","isPartOf":{"@id":"https:\/\/www.yoroow.com\/pt\/#website"},"primaryImageOfPage":{"@id":"https:\/\/www.yoroow.com\/pt\/pormenor-do-produto\/torneira-de-banho-ajustavel-acessorio-de-poupanca-de-agua-chuveiro-de-agua-da-chuva-para-casa-hotel-conjunto-completo-de-tres-pecas-de-plastico-para-casa-de-banho\/#primaryimage"},"image":{"@id":"https:\/\/www.yoroow.com\/pt\/pormenor-do-produto\/torneira-de-banho-ajustavel-acessorio-de-poupanca-de-agua-chuveiro-de-agua-da-chuva-para-casa-hotel-conjunto-completo-de-tres-pecas-de-plastico-para-casa-de-banho\/#primaryimage"},"thumbnailUrl":"https:\/\/www.yoroow.com\/wp-content\/uploads\/2025\/05\/\u4e09\u4ef6\u5957-1.jpg","datePublished":"2025-05-07T08:05:00+00:00","dateModified":"2025-05-16T01:51:31+00:00","description":"Adjustable bath faucet accessory water-saving rainwater showerhead made from full plastic three-piece bathroom set. Cost-effective Chinese production exported to South America and Southeast Asia markets.","breadcrumb":{"@id":"https:\/\/www.yoroow.com\/pt\/pormenor-do-produto\/torneira-de-banho-ajustavel-acessorio-de-poupanca-de-agua-chuveiro-de-agua-da-chuva-para-casa-hotel-conjunto-completo-de-tres-pecas-de-plastico-para-casa-de-banho\/#breadcrumb"},"inLanguage":"pt-PT","potentialAction":[{"@type":"ReadAction","target":["https:\/\/www.yoroow.com\/pt\/pormenor-do-produto\/torneira-de-banho-ajustavel-acessorio-de-poupanca-de-agua-chuveiro-de-agua-da-chuva-para-casa-hotel-conjunto-completo-de-tres-pecas-de-plastico-para-casa-de-banho\/"]}]},{"@type":"ImageObject","inLanguage":"pt-PT","@id":"https:\/\/www.yoroow.com\/pt\/pormenor-do-produto\/torneira-de-banho-ajustavel-acessorio-de-poupanca-de-agua-chuveiro-de-agua-da-chuva-para-casa-hotel-conjunto-completo-de-tres-pecas-de-plastico-para-casa-de-banho\/#primaryimage","url":"https:\/\/www.yoroow.com\/wp-content\/uploads\/2025\/05\/\u4e09\u4ef6\u5957-1.jpg","contentUrl":"https:\/\/www.yoroow.com\/wp-content\/uploads\/2025\/05\/\u4e09\u4ef6\u5957-1.jpg","width":603,"height":603,"caption":"Adjustable Bath Faucet Accessory Water Saving Rainwater Showerhead for Home & Hotel Full Plastic Three-Piece Bathroom Set"},{"@type":"BreadcrumbList","@id":"https:\/\/www.yoroow.com\/pt\/pormenor-do-produto\/torneira-de-banho-ajustavel-acessorio-de-poupanca-de-agua-chuveiro-de-agua-da-chuva-para-casa-hotel-conjunto-completo-de-tres-pecas-de-plastico-para-casa-de-banho\/#breadcrumb","itemListElement":[{"@type":"ListItem","position":1,"name":"home","item":"https:\/\/www.yoroow.com\/"},{"@type":"ListItem","position":2,"name":"Product","item":"https:\/\/www.yoroow.com\/product\/"},{"@type":"ListItem","position":3,"name":"Adjustable Bath Faucet Accessory Water Saving Rainwater Showerhead for Home &#038; Hotel Full Plastic Three-Piece Bathroom Set"}]},{"@type":"WebSite","@id":"https:\/\/www.yoroow.com\/pt\/#website","url":"https:\/\/www.yoroow.com\/pt\/","name":"YOROOW","description":"","publisher":{"@id":"https:\/\/www.yoroow.com\/pt\/#organization"},"potentialAction":[{"@type":"SearchAction","target":{"@type":"EntryPoint","urlTemplate":"https:\/\/www.yoroow.com\/pt\/?s={search_term_string}"},"query-input":{"@type":"PropertyValueSpecification","valueRequired":true,"valueName":"search_term_string"}}],"inLanguage":"pt-PT"},{"@type":"Organization","@id":"https:\/\/www.yoroow.com\/pt\/#organization","name":"YOROOW","url":"https:\/\/www.yoroow.com\/pt\/","logo":{"@type":"ImageObject","inLanguage":"pt-PT","@id":"https:\/\/www.yoroow.com\/pt\/#\/schema\/logo\/image\/","url":"https:\/\/www.yoroow.com\/wp-content\/uploads\/2024\/12\/2024123007131061.png","contentUrl":"https:\/\/www.yoroow.com\/wp-content\/uploads\/2024\/12\/2024123007131061.png","width":168,"height":27,"caption":"YOROOW"},"image":{"@id":"https:\/\/www.yoroow.com\/pt\/#\/schema\/logo\/image\/"},"sameAs":["https:\/\/www.facebook.com\/people\/yoroowfaucetfactory\/61564236752362\/"]}]}},"_links":{"self":[{"href":"https:\/\/www.yoroow.com\/pt\/wp-json\/wp\/v2\/product\/19470","targetHints":{"allow":["GET"]}}],"collection":[{"href":"https:\/\/www.yoroow.com\/pt\/wp-json\/wp\/v2\/product"}],"about":[{"href":"https:\/\/www.yoroow.com\/pt\/wp-json\/wp\/v2\/types\/product"}],"wp:featuredmedia":[{"embeddable":true,"href":"https:\/\/www.yoroow.com\/pt\/wp-json\/wp\/v2\/media\/19473"}],"wp:attachment":[{"href":"https:\/\/www.yoroow.com\/pt\/wp-json\/wp\/v2\/media?parent=19470"}],"wp:term":[{"taxonomy":"product_brand","embeddable":true,"href":"https:\/\/www.yoroow.com\/pt\/wp-json\/wp\/v2\/product_brand?post=19470"},{"taxonomy":"product_cat","embeddable":true,"href":"https:\/\/www.yoroow.com\/pt\/wp-json\/wp\/v2\/product_cat?post=19470"},{"taxonomy":"product_tag","embeddable":true,"href":"https:\/\/www.yoroow.com\/pt\/wp-json\/wp\/v2\/product_tag?post=19470"}],"curies":[{"name":"wp","href":"https:\/\/api.w.org\/{rel}","templated":true}]}}