{"id":19366,"date":"2025-05-07T09:31:08","date_gmt":"2025-05-07T01:31:08","guid":{"rendered":"https:\/\/www.yoroow.com\/?post_type=product&#038;p=19366"},"modified":"2025-05-16T09:49:58","modified_gmt":"2025-05-16T01:49:58","slug":"torneira-de-duche-de-chuva-de-estilo-contemporaneo-design-de-teto-personalizado-chuva-suave-acabamento-em-niquel-escovado-latao-moderno-agua-da-casa-de-banho","status":"publish","type":"product","link":"https:\/\/www.yoroow.com\/pt\/pormenor-do-produto\/torneira-de-duche-de-chuva-de-estilo-contemporaneo-design-de-teto-personalizado-chuva-suave-acabamento-em-niquel-escovado-latao-moderno-agua-da-casa-de-banho\/","title":{"rendered":"Torneira de duche de chuva de estilo contempor\u00e2neo Design de teto personalizado Chuva suave Acabamento em n\u00edquel escovado \u00c1gua de casa de banho moderna em lat\u00e3o"},"content":{"rendered":"<p>Esta torneira de chuveiro de efeito chuva contempor\u00e2nea apresenta um design personalizado montado no teto, proporcionando uma experi\u00eancia de chuva suave. Com acabamento em n\u00edquel escovado e constru\u00eddo em lat\u00e3o, combina est\u00e9tica com durabilidade. As f\u00e1bricas chinesas empregam engenharia de precis\u00e3o para criar equipamentos t\u00e3o sofisticados, satisfazendo as exig\u00eancias dos designs modernos das casas de banho. O toque luxuoso e o pre\u00e7o competitivo tornam-no adequado para projectos residenciais e hoteleiros de alta qualidade na Am\u00e9rica do Sul e no Sudeste Asi\u00e1tico.<\/p>","protected":false},"excerpt":{"rendered":"<p>This contemporary rainfall shower faucet boasts a custom ceiling-mounted design, delivering a soft rain experience. Finished in brushed nickel and constructed from brass, it combines aesthetics with durability. Chinese factories employ precision engineering to create such sophisticated fixtures, meeting the demands of modern bathroom designs. The luxurious feel and competitive pricing make it suitable for&#8230;<\/p>","protected":false},"featured_media":19367,"template":"","meta":{"_acf_changed":false,"_kad_post_transparent":"default","_kad_post_title":"","_kad_post_layout":"default","_kad_post_sidebar_id":"","_kad_post_content_style":"default","_kad_post_vertical_padding":"default","_kad_post_feature":"","_kad_post_feature_position":"","_kad_post_header":false,"_kad_post_footer":false},"product_brand":[],"product_cat":[121,7865],"product_tag":[5472,5469],"class_list":{"0":"post-19366","1":"product","2":"type-product","3":"status-publish","4":"has-post-thumbnail","6":"product_cat-shower-set","7":"product_cat-c-shower","8":"product_tag-brass-shower-system-with-ceiling-design","9":"product_tag-custom-shower-set","11":"first","12":"instock","13":"shipping-taxable","14":"purchasable","15":"product-type-variable","16":"wvs-archive-product-wrapper","17":"entry","18":"content-bg","19":"loop-entry"},"acf":[],"yoast_head":"<!-- This site is optimized with the Yoast SEO Premium plugin v25.4 (Yoast SEO v27.0) - https:\/\/yoast.com\/product\/yoast-seo-premium-wordpress\/ -->\n<title>Contemporary Style Rainfall Shower Faucet Custom Ceiling Design Soft Rain Brushed Nickel Finish Modern Brass Bathroom Water - YOROOW<\/title>\n<meta name=\"description\" content=\"Contemporary style rainfall shower faucet with custom ceiling design and soft rain brushed nickel finish. Modern brass bathroom water fixture produced in China, focusing on premium export markets including South America and Southeast Asia.\" \/>\n<meta name=\"robots\" content=\"index, follow, max-snippet:-1, max-image-preview:large, max-video-preview:-1\" \/>\n<link rel=\"canonical\" href=\"https:\/\/www.yoroow.com\/pt\/pormenor-do-produto\/torneira-de-duche-de-chuva-de-estilo-contemporaneo-design-de-teto-personalizado-chuva-suave-acabamento-em-niquel-escovado-latao-moderno-agua-da-casa-de-banho\/\" \/>\n<meta property=\"og:locale\" content=\"pt_PT\" \/>\n<meta property=\"og:type\" content=\"article\" \/>\n<meta property=\"og:title\" content=\"Contemporary Style Rainfall Shower Faucet Custom Ceiling Design Soft Rain Brushed Nickel Finish Modern Brass Bathroom Water\" \/>\n<meta property=\"og:description\" content=\"Contemporary style rainfall shower faucet with custom ceiling design and soft rain brushed nickel finish. Modern brass bathroom water fixture produced in China, focusing on premium export markets including South America and Southeast Asia.\" \/>\n<meta property=\"og:url\" content=\"https:\/\/www.yoroow.com\/pt\/pormenor-do-produto\/torneira-de-duche-de-chuva-de-estilo-contemporaneo-design-de-teto-personalizado-chuva-suave-acabamento-em-niquel-escovado-latao-moderno-agua-da-casa-de-banho\/\" \/>\n<meta property=\"og:site_name\" content=\"YOROOW\" \/>\n<meta property=\"article:publisher\" content=\"https:\/\/www.facebook.com\/people\/yoroowfaucetfactory\/61564236752362\/\" \/>\n<meta property=\"article:modified_time\" content=\"2025-05-16T01:49:58+00:00\" \/>\n<meta property=\"og:image\" content=\"https:\/\/www.yoroow.com\/wp-content\/uploads\/2025\/05\/6276C-011K-2.jpg\" \/>\n\t<meta property=\"og:image:width\" content=\"1166\" \/>\n\t<meta property=\"og:image:height\" content=\"1166\" \/>\n\t<meta property=\"og:image:type\" content=\"image\/jpeg\" \/>\n<meta name=\"twitter:card\" content=\"summary_large_image\" \/>\n<meta name=\"twitter:label1\" content=\"Est. reading time\" \/>\n\t<meta name=\"twitter:data1\" content=\"1 minuto\" \/>\n<script type=\"application\/ld+json\" class=\"yoast-schema-graph\">{\"@context\":\"https:\/\/schema.org\",\"@graph\":[{\"@type\":\"WebPage\",\"@id\":\"https:\/\/www.yoroow.com\/pt\/pormenor-do-produto\/torneira-de-duche-de-chuva-de-estilo-contemporaneo-design-de-teto-personalizado-chuva-suave-acabamento-em-niquel-escovado-latao-moderno-agua-da-casa-de-banho\/\",\"url\":\"https:\/\/www.yoroow.com\/pt\/pormenor-do-produto\/torneira-de-duche-de-chuva-de-estilo-contemporaneo-design-de-teto-personalizado-chuva-suave-acabamento-em-niquel-escovado-latao-moderno-agua-da-casa-de-banho\/\",\"name\":\"Contemporary Style Rainfall Shower Faucet Custom Ceiling Design Soft Rain Brushed Nickel Finish Modern Brass Bathroom Water - YOROOW\",\"isPartOf\":{\"@id\":\"https:\/\/www.yoroow.com\/pt\/#website\"},\"primaryImageOfPage\":{\"@id\":\"https:\/\/www.yoroow.com\/pt\/pormenor-do-produto\/torneira-de-duche-de-chuva-de-estilo-contemporaneo-design-de-teto-personalizado-chuva-suave-acabamento-em-niquel-escovado-latao-moderno-agua-da-casa-de-banho\/#primaryimage\"},\"image\":{\"@id\":\"https:\/\/www.yoroow.com\/pt\/pormenor-do-produto\/torneira-de-duche-de-chuva-de-estilo-contemporaneo-design-de-teto-personalizado-chuva-suave-acabamento-em-niquel-escovado-latao-moderno-agua-da-casa-de-banho\/#primaryimage\"},\"thumbnailUrl\":\"https:\/\/www.yoroow.com\/wp-content\/uploads\/2025\/05\/6276C-011K-2.jpg\",\"datePublished\":\"2025-05-07T01:31:08+00:00\",\"dateModified\":\"2025-05-16T01:49:58+00:00\",\"description\":\"Contemporary style rainfall shower faucet with custom ceiling design and soft rain brushed nickel finish. Modern brass bathroom water fixture produced in China, focusing on premium export markets including South America and Southeast Asia.\",\"breadcrumb\":{\"@id\":\"https:\/\/www.yoroow.com\/pt\/pormenor-do-produto\/torneira-de-duche-de-chuva-de-estilo-contemporaneo-design-de-teto-personalizado-chuva-suave-acabamento-em-niquel-escovado-latao-moderno-agua-da-casa-de-banho\/#breadcrumb\"},\"inLanguage\":\"pt-PT\",\"potentialAction\":[{\"@type\":\"ReadAction\",\"target\":[\"https:\/\/www.yoroow.com\/pt\/pormenor-do-produto\/torneira-de-duche-de-chuva-de-estilo-contemporaneo-design-de-teto-personalizado-chuva-suave-acabamento-em-niquel-escovado-latao-moderno-agua-da-casa-de-banho\/\"]}]},{\"@type\":\"ImageObject\",\"inLanguage\":\"pt-PT\",\"@id\":\"https:\/\/www.yoroow.com\/pt\/pormenor-do-produto\/torneira-de-duche-de-chuva-de-estilo-contemporaneo-design-de-teto-personalizado-chuva-suave-acabamento-em-niquel-escovado-latao-moderno-agua-da-casa-de-banho\/#primaryimage\",\"url\":\"https:\/\/www.yoroow.com\/wp-content\/uploads\/2025\/05\/6276C-011K-2.jpg\",\"contentUrl\":\"https:\/\/www.yoroow.com\/wp-content\/uploads\/2025\/05\/6276C-011K-2.jpg\",\"width\":1166,\"height\":1166,\"caption\":\"Contemporary Style Rainfall Shower Faucet Custom Ceiling Design Soft Rain Brushed Nickel Finish Modern Brass Bathroom Water\"},{\"@type\":\"BreadcrumbList\",\"@id\":\"https:\/\/www.yoroow.com\/pt\/pormenor-do-produto\/torneira-de-duche-de-chuva-de-estilo-contemporaneo-design-de-teto-personalizado-chuva-suave-acabamento-em-niquel-escovado-latao-moderno-agua-da-casa-de-banho\/#breadcrumb\",\"itemListElement\":[{\"@type\":\"ListItem\",\"position\":1,\"name\":\"home\",\"item\":\"https:\/\/www.yoroow.com\/\"},{\"@type\":\"ListItem\",\"position\":2,\"name\":\"Product\",\"item\":\"https:\/\/www.yoroow.com\/product\/\"},{\"@type\":\"ListItem\",\"position\":3,\"name\":\"Contemporary Style Rainfall Shower Faucet Custom Ceiling Design Soft Rain Brushed Nickel Finish Modern Brass Bathroom Water\"}]},{\"@type\":\"WebSite\",\"@id\":\"https:\/\/www.yoroow.com\/pt\/#website\",\"url\":\"https:\/\/www.yoroow.com\/pt\/\",\"name\":\"YOROOW\",\"description\":\"\",\"publisher\":{\"@id\":\"https:\/\/www.yoroow.com\/pt\/#organization\"},\"potentialAction\":[{\"@type\":\"SearchAction\",\"target\":{\"@type\":\"EntryPoint\",\"urlTemplate\":\"https:\/\/www.yoroow.com\/pt\/?s={search_term_string}\"},\"query-input\":{\"@type\":\"PropertyValueSpecification\",\"valueRequired\":true,\"valueName\":\"search_term_string\"}}],\"inLanguage\":\"pt-PT\"},{\"@type\":\"Organization\",\"@id\":\"https:\/\/www.yoroow.com\/pt\/#organization\",\"name\":\"YOROOW\",\"url\":\"https:\/\/www.yoroow.com\/pt\/\",\"logo\":{\"@type\":\"ImageObject\",\"inLanguage\":\"pt-PT\",\"@id\":\"https:\/\/www.yoroow.com\/pt\/#\/schema\/logo\/image\/\",\"url\":\"https:\/\/www.yoroow.com\/wp-content\/uploads\/2024\/12\/2024123007131061.png\",\"contentUrl\":\"https:\/\/www.yoroow.com\/wp-content\/uploads\/2024\/12\/2024123007131061.png\",\"width\":168,\"height\":27,\"caption\":\"YOROOW\"},\"image\":{\"@id\":\"https:\/\/www.yoroow.com\/pt\/#\/schema\/logo\/image\/\"},\"sameAs\":[\"https:\/\/www.facebook.com\/people\/yoroowfaucetfactory\/61564236752362\/\"]}]}<\/script>\n<!-- \/ Yoast SEO Premium plugin. -->","yoast_head_json":{"title":"Contemporary Style Rainfall Shower Faucet Custom Ceiling Design Soft Rain Brushed Nickel Finish Modern Brass Bathroom Water - YOROOW","description":"Contemporary style rainfall shower faucet with custom ceiling design and soft rain brushed nickel finish. Modern brass bathroom water fixture produced in China, focusing on premium export markets including South America and Southeast Asia.","robots":{"index":"index","follow":"follow","max-snippet":"max-snippet:-1","max-image-preview":"max-image-preview:large","max-video-preview":"max-video-preview:-1"},"canonical":"https:\/\/www.yoroow.com\/pt\/pormenor-do-produto\/torneira-de-duche-de-chuva-de-estilo-contemporaneo-design-de-teto-personalizado-chuva-suave-acabamento-em-niquel-escovado-latao-moderno-agua-da-casa-de-banho\/","og_locale":"pt_PT","og_type":"article","og_title":"Contemporary Style Rainfall Shower Faucet Custom Ceiling Design Soft Rain Brushed Nickel Finish Modern Brass Bathroom Water","og_description":"Contemporary style rainfall shower faucet with custom ceiling design and soft rain brushed nickel finish. Modern brass bathroom water fixture produced in China, focusing on premium export markets including South America and Southeast Asia.","og_url":"https:\/\/www.yoroow.com\/pt\/pormenor-do-produto\/torneira-de-duche-de-chuva-de-estilo-contemporaneo-design-de-teto-personalizado-chuva-suave-acabamento-em-niquel-escovado-latao-moderno-agua-da-casa-de-banho\/","og_site_name":"YOROOW","article_publisher":"https:\/\/www.facebook.com\/people\/yoroowfaucetfactory\/61564236752362\/","article_modified_time":"2025-05-16T01:49:58+00:00","og_image":[{"width":1166,"height":1166,"url":"https:\/\/www.yoroow.com\/wp-content\/uploads\/2025\/05\/6276C-011K-2.jpg","type":"image\/jpeg"}],"twitter_card":"summary_large_image","twitter_misc":{"Est. reading time":"1 minuto"},"schema":{"@context":"https:\/\/schema.org","@graph":[{"@type":"WebPage","@id":"https:\/\/www.yoroow.com\/pt\/pormenor-do-produto\/torneira-de-duche-de-chuva-de-estilo-contemporaneo-design-de-teto-personalizado-chuva-suave-acabamento-em-niquel-escovado-latao-moderno-agua-da-casa-de-banho\/","url":"https:\/\/www.yoroow.com\/pt\/pormenor-do-produto\/torneira-de-duche-de-chuva-de-estilo-contemporaneo-design-de-teto-personalizado-chuva-suave-acabamento-em-niquel-escovado-latao-moderno-agua-da-casa-de-banho\/","name":"Contemporary Style Rainfall Shower Faucet Custom Ceiling Design Soft Rain Brushed Nickel Finish Modern Brass Bathroom Water - YOROOW","isPartOf":{"@id":"https:\/\/www.yoroow.com\/pt\/#website"},"primaryImageOfPage":{"@id":"https:\/\/www.yoroow.com\/pt\/pormenor-do-produto\/torneira-de-duche-de-chuva-de-estilo-contemporaneo-design-de-teto-personalizado-chuva-suave-acabamento-em-niquel-escovado-latao-moderno-agua-da-casa-de-banho\/#primaryimage"},"image":{"@id":"https:\/\/www.yoroow.com\/pt\/pormenor-do-produto\/torneira-de-duche-de-chuva-de-estilo-contemporaneo-design-de-teto-personalizado-chuva-suave-acabamento-em-niquel-escovado-latao-moderno-agua-da-casa-de-banho\/#primaryimage"},"thumbnailUrl":"https:\/\/www.yoroow.com\/wp-content\/uploads\/2025\/05\/6276C-011K-2.jpg","datePublished":"2025-05-07T01:31:08+00:00","dateModified":"2025-05-16T01:49:58+00:00","description":"Contemporary style rainfall shower faucet with custom ceiling design and soft rain brushed nickel finish. Modern brass bathroom water fixture produced in China, focusing on premium export markets including South America and Southeast Asia.","breadcrumb":{"@id":"https:\/\/www.yoroow.com\/pt\/pormenor-do-produto\/torneira-de-duche-de-chuva-de-estilo-contemporaneo-design-de-teto-personalizado-chuva-suave-acabamento-em-niquel-escovado-latao-moderno-agua-da-casa-de-banho\/#breadcrumb"},"inLanguage":"pt-PT","potentialAction":[{"@type":"ReadAction","target":["https:\/\/www.yoroow.com\/pt\/pormenor-do-produto\/torneira-de-duche-de-chuva-de-estilo-contemporaneo-design-de-teto-personalizado-chuva-suave-acabamento-em-niquel-escovado-latao-moderno-agua-da-casa-de-banho\/"]}]},{"@type":"ImageObject","inLanguage":"pt-PT","@id":"https:\/\/www.yoroow.com\/pt\/pormenor-do-produto\/torneira-de-duche-de-chuva-de-estilo-contemporaneo-design-de-teto-personalizado-chuva-suave-acabamento-em-niquel-escovado-latao-moderno-agua-da-casa-de-banho\/#primaryimage","url":"https:\/\/www.yoroow.com\/wp-content\/uploads\/2025\/05\/6276C-011K-2.jpg","contentUrl":"https:\/\/www.yoroow.com\/wp-content\/uploads\/2025\/05\/6276C-011K-2.jpg","width":1166,"height":1166,"caption":"Contemporary Style Rainfall Shower Faucet Custom Ceiling Design Soft Rain Brushed Nickel Finish Modern Brass Bathroom Water"},{"@type":"BreadcrumbList","@id":"https:\/\/www.yoroow.com\/pt\/pormenor-do-produto\/torneira-de-duche-de-chuva-de-estilo-contemporaneo-design-de-teto-personalizado-chuva-suave-acabamento-em-niquel-escovado-latao-moderno-agua-da-casa-de-banho\/#breadcrumb","itemListElement":[{"@type":"ListItem","position":1,"name":"home","item":"https:\/\/www.yoroow.com\/"},{"@type":"ListItem","position":2,"name":"Product","item":"https:\/\/www.yoroow.com\/product\/"},{"@type":"ListItem","position":3,"name":"Contemporary Style Rainfall Shower Faucet Custom Ceiling Design Soft Rain Brushed Nickel Finish Modern Brass Bathroom Water"}]},{"@type":"WebSite","@id":"https:\/\/www.yoroow.com\/pt\/#website","url":"https:\/\/www.yoroow.com\/pt\/","name":"YOROOW","description":"","publisher":{"@id":"https:\/\/www.yoroow.com\/pt\/#organization"},"potentialAction":[{"@type":"SearchAction","target":{"@type":"EntryPoint","urlTemplate":"https:\/\/www.yoroow.com\/pt\/?s={search_term_string}"},"query-input":{"@type":"PropertyValueSpecification","valueRequired":true,"valueName":"search_term_string"}}],"inLanguage":"pt-PT"},{"@type":"Organization","@id":"https:\/\/www.yoroow.com\/pt\/#organization","name":"YOROOW","url":"https:\/\/www.yoroow.com\/pt\/","logo":{"@type":"ImageObject","inLanguage":"pt-PT","@id":"https:\/\/www.yoroow.com\/pt\/#\/schema\/logo\/image\/","url":"https:\/\/www.yoroow.com\/wp-content\/uploads\/2024\/12\/2024123007131061.png","contentUrl":"https:\/\/www.yoroow.com\/wp-content\/uploads\/2024\/12\/2024123007131061.png","width":168,"height":27,"caption":"YOROOW"},"image":{"@id":"https:\/\/www.yoroow.com\/pt\/#\/schema\/logo\/image\/"},"sameAs":["https:\/\/www.facebook.com\/people\/yoroowfaucetfactory\/61564236752362\/"]}]}},"_links":{"self":[{"href":"https:\/\/www.yoroow.com\/pt\/wp-json\/wp\/v2\/product\/19366","targetHints":{"allow":["GET"]}}],"collection":[{"href":"https:\/\/www.yoroow.com\/pt\/wp-json\/wp\/v2\/product"}],"about":[{"href":"https:\/\/www.yoroow.com\/pt\/wp-json\/wp\/v2\/types\/product"}],"wp:featuredmedia":[{"embeddable":true,"href":"https:\/\/www.yoroow.com\/pt\/wp-json\/wp\/v2\/media\/19367"}],"wp:attachment":[{"href":"https:\/\/www.yoroow.com\/pt\/wp-json\/wp\/v2\/media?parent=19366"}],"wp:term":[{"taxonomy":"product_brand","embeddable":true,"href":"https:\/\/www.yoroow.com\/pt\/wp-json\/wp\/v2\/product_brand?post=19366"},{"taxonomy":"product_cat","embeddable":true,"href":"https:\/\/www.yoroow.com\/pt\/wp-json\/wp\/v2\/product_cat?post=19366"},{"taxonomy":"product_tag","embeddable":true,"href":"https:\/\/www.yoroow.com\/pt\/wp-json\/wp\/v2\/product_tag?post=19366"}],"curies":[{"name":"wp","href":"https:\/\/api.w.org\/{rel}","templated":true}]}}