{"id":17224,"date":"2025-03-29T14:13:48","date_gmt":"2025-03-29T06:13:48","guid":{"rendered":"https:\/\/www.yoroow.com\/?post_type=product&#038;p=17224"},"modified":"2025-05-16T09:49:22","modified_gmt":"2025-05-16T01:49:22","slug":"oem-personalizavel-universal-misturador-torneira-punho-acessorios-duravel-liga-de-zinco-design-moderno-para-cozinha-casa-de-banho","status":"publish","type":"product","link":"https:\/\/www.yoroow.com\/pt\/pormenor-do-produto\/oem-personalizavel-universal-misturador-torneira-punho-acessorios-duravel-liga-de-zinco-design-moderno-para-cozinha-casa-de-banho\/","title":{"rendered":"Acess\u00f3rios para torneira misturadora universal personaliz\u00e1vel OEM Design moderno em liga de zinco dur\u00e1vel para cozinha e casa de banho"},"content":{"rendered":"<p>Este man\u00edpulo de torneira misturadora personaliz\u00e1vel OEM \u00e9 constru\u00eddo com uma liga de zinco forte e uma silhueta moderna, adequada para torneiras de casa de banho e de cozinha de man\u00edpulo simples e duplo. Com op\u00e7\u00f5es de encaixe flex\u00edveis e v\u00e1rios tratamentos de superf\u00edcie, o produto destina-se a marcas e projectos que exigem acabamentos \u00fanicos. Produzido na nossa f\u00e1brica chinesa, com uma r\u00e1pida rota\u00e7\u00e3o do molde e um servi\u00e7o OEM multilingue, \u00e9 especialmente atrativo para os importadores da Am\u00e9rica do Sul e do Sudeste Asi\u00e1tico que visam os segmentos de melhoramento da casa e de fornecimento de projectos.<\/p>","protected":false},"excerpt":{"rendered":"<p>This OEM customizable mixer faucet handle is built with strong zinc alloy and a modern silhouette, suitable for single and dual-handle bathroom and kitchen faucets. With flexible fitting options and various surface treatments, the product caters to brands and projects that demand unique finishes. Produced in our Chinese factory with rapid mold turnaround and multilingual&#8230;<\/p>","protected":false},"featured_media":17239,"template":"","meta":{"_acf_changed":false,"_kad_post_transparent":"default","_kad_post_title":"","_kad_post_layout":"default","_kad_post_sidebar_id":"","_kad_post_content_style":"default","_kad_post_vertical_padding":"default","_kad_post_feature":"","_kad_post_feature_position":"","_kad_post_header":false,"_kad_post_footer":false},"product_brand":[],"product_cat":[7106],"product_tag":[7128,7129],"class_list":{"0":"post-17224","1":"product","2":"type-product","3":"status-publish","4":"has-post-thumbnail","6":"product_cat-faucet-handle","7":"product_tag-bathroom-tap-accessories","8":"product_tag-replacement-faucet-lever","10":"first","11":"instock","12":"shipping-taxable","13":"purchasable","14":"product-type-variable","15":"wvs-archive-product-wrapper","16":"entry","17":"content-bg","18":"loop-entry"},"acf":[],"yoast_head":"<!-- This site is optimized with the Yoast SEO Premium plugin v25.4 (Yoast SEO v27.0) - https:\/\/yoast.com\/product\/yoast-seo-premium-wordpress\/ -->\n<title>OEM Customizable Universal Mixer Faucet Handle Fittings Durable Zinc Alloy Modern Design for Kitchen &amp; Bathroom - YOROOW<\/title>\n<meta name=\"description\" content=\"OEM customizable universal mixer faucet handle fittings crafted from durable zinc alloy with modern design, suitable for kitchen and bathroom faucets. Chinese production supports flexible orders and exports to South America and Southeast Asia.\" \/>\n<meta name=\"robots\" content=\"index, follow, max-snippet:-1, max-image-preview:large, max-video-preview:-1\" \/>\n<link rel=\"canonical\" href=\"https:\/\/www.yoroow.com\/pt\/pormenor-do-produto\/oem-personalizavel-universal-misturador-torneira-punho-acessorios-duravel-liga-de-zinco-design-moderno-para-cozinha-casa-de-banho\/\" \/>\n<meta property=\"og:locale\" content=\"pt_PT\" \/>\n<meta property=\"og:type\" content=\"article\" \/>\n<meta property=\"og:title\" content=\"OEM Customizable Universal Mixer Faucet Handle Fittings Durable Zinc Alloy Modern Design for Kitchen &amp; Bathroom\" \/>\n<meta property=\"og:description\" content=\"OEM customizable universal mixer faucet handle fittings crafted from durable zinc alloy with modern design, suitable for kitchen and bathroom faucets. Chinese production supports flexible orders and exports to South America and Southeast Asia.\" \/>\n<meta property=\"og:url\" content=\"https:\/\/www.yoroow.com\/pt\/pormenor-do-produto\/oem-personalizavel-universal-misturador-torneira-punho-acessorios-duravel-liga-de-zinco-design-moderno-para-cozinha-casa-de-banho\/\" \/>\n<meta property=\"og:site_name\" content=\"YOROOW\" \/>\n<meta property=\"article:publisher\" content=\"https:\/\/www.facebook.com\/people\/yoroowfaucetfactory\/61564236752362\/\" \/>\n<meta property=\"article:modified_time\" content=\"2025-05-16T01:49:22+00:00\" \/>\n<meta property=\"og:image\" content=\"https:\/\/www.yoroow.com\/wp-content\/uploads\/2025\/03\/116P-1.jpg\" \/>\n\t<meta property=\"og:image:width\" content=\"800\" \/>\n\t<meta property=\"og:image:height\" content=\"800\" \/>\n\t<meta property=\"og:image:type\" content=\"image\/jpeg\" \/>\n<meta name=\"twitter:card\" content=\"summary_large_image\" \/>\n<meta name=\"twitter:label1\" content=\"Est. reading time\" \/>\n\t<meta name=\"twitter:data1\" content=\"1 minuto\" \/>\n<script type=\"application\/ld+json\" class=\"yoast-schema-graph\">{\"@context\":\"https:\/\/schema.org\",\"@graph\":[{\"@type\":\"WebPage\",\"@id\":\"https:\/\/www.yoroow.com\/pt\/pormenor-do-produto\/oem-personalizavel-universal-misturador-torneira-punho-acessorios-duravel-liga-de-zinco-design-moderno-para-cozinha-casa-de-banho\/\",\"url\":\"https:\/\/www.yoroow.com\/pt\/pormenor-do-produto\/oem-personalizavel-universal-misturador-torneira-punho-acessorios-duravel-liga-de-zinco-design-moderno-para-cozinha-casa-de-banho\/\",\"name\":\"OEM Customizable Universal Mixer Faucet Handle Fittings Durable Zinc Alloy Modern Design for Kitchen & Bathroom - YOROOW\",\"isPartOf\":{\"@id\":\"https:\/\/www.yoroow.com\/pt\/#website\"},\"primaryImageOfPage\":{\"@id\":\"https:\/\/www.yoroow.com\/pt\/pormenor-do-produto\/oem-personalizavel-universal-misturador-torneira-punho-acessorios-duravel-liga-de-zinco-design-moderno-para-cozinha-casa-de-banho\/#primaryimage\"},\"image\":{\"@id\":\"https:\/\/www.yoroow.com\/pt\/pormenor-do-produto\/oem-personalizavel-universal-misturador-torneira-punho-acessorios-duravel-liga-de-zinco-design-moderno-para-cozinha-casa-de-banho\/#primaryimage\"},\"thumbnailUrl\":\"https:\/\/www.yoroow.com\/wp-content\/uploads\/2025\/03\/116P-1.jpg\",\"datePublished\":\"2025-03-29T06:13:48+00:00\",\"dateModified\":\"2025-05-16T01:49:22+00:00\",\"description\":\"OEM customizable universal mixer faucet handle fittings crafted from durable zinc alloy with modern design, suitable for kitchen and bathroom faucets. Chinese production supports flexible orders and exports to South America and Southeast Asia.\",\"breadcrumb\":{\"@id\":\"https:\/\/www.yoroow.com\/pt\/pormenor-do-produto\/oem-personalizavel-universal-misturador-torneira-punho-acessorios-duravel-liga-de-zinco-design-moderno-para-cozinha-casa-de-banho\/#breadcrumb\"},\"inLanguage\":\"pt-PT\",\"potentialAction\":[{\"@type\":\"ReadAction\",\"target\":[\"https:\/\/www.yoroow.com\/pt\/pormenor-do-produto\/oem-personalizavel-universal-misturador-torneira-punho-acessorios-duravel-liga-de-zinco-design-moderno-para-cozinha-casa-de-banho\/\"]}]},{\"@type\":\"ImageObject\",\"inLanguage\":\"pt-PT\",\"@id\":\"https:\/\/www.yoroow.com\/pt\/pormenor-do-produto\/oem-personalizavel-universal-misturador-torneira-punho-acessorios-duravel-liga-de-zinco-design-moderno-para-cozinha-casa-de-banho\/#primaryimage\",\"url\":\"https:\/\/www.yoroow.com\/wp-content\/uploads\/2025\/03\/116P-1.jpg\",\"contentUrl\":\"https:\/\/www.yoroow.com\/wp-content\/uploads\/2025\/03\/116P-1.jpg\",\"width\":800,\"height\":800,\"caption\":\"OEM Customizable Universal Mixer Faucet Handle Fittings Durable Zinc Alloy Modern Design for Kitchen & Bathroom\"},{\"@type\":\"BreadcrumbList\",\"@id\":\"https:\/\/www.yoroow.com\/pt\/pormenor-do-produto\/oem-personalizavel-universal-misturador-torneira-punho-acessorios-duravel-liga-de-zinco-design-moderno-para-cozinha-casa-de-banho\/#breadcrumb\",\"itemListElement\":[{\"@type\":\"ListItem\",\"position\":1,\"name\":\"home\",\"item\":\"https:\/\/www.yoroow.com\/\"},{\"@type\":\"ListItem\",\"position\":2,\"name\":\"Product\",\"item\":\"https:\/\/www.yoroow.com\/product\/\"},{\"@type\":\"ListItem\",\"position\":3,\"name\":\"OEM Customizable Universal Mixer Faucet Handle Fittings Durable Zinc Alloy Modern Design for Kitchen &#038; Bathroom\"}]},{\"@type\":\"WebSite\",\"@id\":\"https:\/\/www.yoroow.com\/pt\/#website\",\"url\":\"https:\/\/www.yoroow.com\/pt\/\",\"name\":\"YOROOW\",\"description\":\"\",\"publisher\":{\"@id\":\"https:\/\/www.yoroow.com\/pt\/#organization\"},\"potentialAction\":[{\"@type\":\"SearchAction\",\"target\":{\"@type\":\"EntryPoint\",\"urlTemplate\":\"https:\/\/www.yoroow.com\/pt\/?s={search_term_string}\"},\"query-input\":{\"@type\":\"PropertyValueSpecification\",\"valueRequired\":true,\"valueName\":\"search_term_string\"}}],\"inLanguage\":\"pt-PT\"},{\"@type\":\"Organization\",\"@id\":\"https:\/\/www.yoroow.com\/pt\/#organization\",\"name\":\"YOROOW\",\"url\":\"https:\/\/www.yoroow.com\/pt\/\",\"logo\":{\"@type\":\"ImageObject\",\"inLanguage\":\"pt-PT\",\"@id\":\"https:\/\/www.yoroow.com\/pt\/#\/schema\/logo\/image\/\",\"url\":\"https:\/\/www.yoroow.com\/wp-content\/uploads\/2024\/12\/2024123007131061.png\",\"contentUrl\":\"https:\/\/www.yoroow.com\/wp-content\/uploads\/2024\/12\/2024123007131061.png\",\"width\":168,\"height\":27,\"caption\":\"YOROOW\"},\"image\":{\"@id\":\"https:\/\/www.yoroow.com\/pt\/#\/schema\/logo\/image\/\"},\"sameAs\":[\"https:\/\/www.facebook.com\/people\/yoroowfaucetfactory\/61564236752362\/\"]}]}<\/script>\n<!-- \/ Yoast SEO Premium plugin. -->","yoast_head_json":{"title":"OEM Customizable Universal Mixer Faucet Handle Fittings Durable Zinc Alloy Modern Design for Kitchen & Bathroom - YOROOW","description":"OEM customizable universal mixer faucet handle fittings crafted from durable zinc alloy with modern design, suitable for kitchen and bathroom faucets. Chinese production supports flexible orders and exports to South America and Southeast Asia.","robots":{"index":"index","follow":"follow","max-snippet":"max-snippet:-1","max-image-preview":"max-image-preview:large","max-video-preview":"max-video-preview:-1"},"canonical":"https:\/\/www.yoroow.com\/pt\/pormenor-do-produto\/oem-personalizavel-universal-misturador-torneira-punho-acessorios-duravel-liga-de-zinco-design-moderno-para-cozinha-casa-de-banho\/","og_locale":"pt_PT","og_type":"article","og_title":"OEM Customizable Universal Mixer Faucet Handle Fittings Durable Zinc Alloy Modern Design for Kitchen & Bathroom","og_description":"OEM customizable universal mixer faucet handle fittings crafted from durable zinc alloy with modern design, suitable for kitchen and bathroom faucets. Chinese production supports flexible orders and exports to South America and Southeast Asia.","og_url":"https:\/\/www.yoroow.com\/pt\/pormenor-do-produto\/oem-personalizavel-universal-misturador-torneira-punho-acessorios-duravel-liga-de-zinco-design-moderno-para-cozinha-casa-de-banho\/","og_site_name":"YOROOW","article_publisher":"https:\/\/www.facebook.com\/people\/yoroowfaucetfactory\/61564236752362\/","article_modified_time":"2025-05-16T01:49:22+00:00","og_image":[{"width":800,"height":800,"url":"https:\/\/www.yoroow.com\/wp-content\/uploads\/2025\/03\/116P-1.jpg","type":"image\/jpeg"}],"twitter_card":"summary_large_image","twitter_misc":{"Est. reading time":"1 minuto"},"schema":{"@context":"https:\/\/schema.org","@graph":[{"@type":"WebPage","@id":"https:\/\/www.yoroow.com\/pt\/pormenor-do-produto\/oem-personalizavel-universal-misturador-torneira-punho-acessorios-duravel-liga-de-zinco-design-moderno-para-cozinha-casa-de-banho\/","url":"https:\/\/www.yoroow.com\/pt\/pormenor-do-produto\/oem-personalizavel-universal-misturador-torneira-punho-acessorios-duravel-liga-de-zinco-design-moderno-para-cozinha-casa-de-banho\/","name":"OEM Customizable Universal Mixer Faucet Handle Fittings Durable Zinc Alloy Modern Design for Kitchen & Bathroom - YOROOW","isPartOf":{"@id":"https:\/\/www.yoroow.com\/pt\/#website"},"primaryImageOfPage":{"@id":"https:\/\/www.yoroow.com\/pt\/pormenor-do-produto\/oem-personalizavel-universal-misturador-torneira-punho-acessorios-duravel-liga-de-zinco-design-moderno-para-cozinha-casa-de-banho\/#primaryimage"},"image":{"@id":"https:\/\/www.yoroow.com\/pt\/pormenor-do-produto\/oem-personalizavel-universal-misturador-torneira-punho-acessorios-duravel-liga-de-zinco-design-moderno-para-cozinha-casa-de-banho\/#primaryimage"},"thumbnailUrl":"https:\/\/www.yoroow.com\/wp-content\/uploads\/2025\/03\/116P-1.jpg","datePublished":"2025-03-29T06:13:48+00:00","dateModified":"2025-05-16T01:49:22+00:00","description":"OEM customizable universal mixer faucet handle fittings crafted from durable zinc alloy with modern design, suitable for kitchen and bathroom faucets. Chinese production supports flexible orders and exports to South America and Southeast Asia.","breadcrumb":{"@id":"https:\/\/www.yoroow.com\/pt\/pormenor-do-produto\/oem-personalizavel-universal-misturador-torneira-punho-acessorios-duravel-liga-de-zinco-design-moderno-para-cozinha-casa-de-banho\/#breadcrumb"},"inLanguage":"pt-PT","potentialAction":[{"@type":"ReadAction","target":["https:\/\/www.yoroow.com\/pt\/pormenor-do-produto\/oem-personalizavel-universal-misturador-torneira-punho-acessorios-duravel-liga-de-zinco-design-moderno-para-cozinha-casa-de-banho\/"]}]},{"@type":"ImageObject","inLanguage":"pt-PT","@id":"https:\/\/www.yoroow.com\/pt\/pormenor-do-produto\/oem-personalizavel-universal-misturador-torneira-punho-acessorios-duravel-liga-de-zinco-design-moderno-para-cozinha-casa-de-banho\/#primaryimage","url":"https:\/\/www.yoroow.com\/wp-content\/uploads\/2025\/03\/116P-1.jpg","contentUrl":"https:\/\/www.yoroow.com\/wp-content\/uploads\/2025\/03\/116P-1.jpg","width":800,"height":800,"caption":"OEM Customizable Universal Mixer Faucet Handle Fittings Durable Zinc Alloy Modern Design for Kitchen & Bathroom"},{"@type":"BreadcrumbList","@id":"https:\/\/www.yoroow.com\/pt\/pormenor-do-produto\/oem-personalizavel-universal-misturador-torneira-punho-acessorios-duravel-liga-de-zinco-design-moderno-para-cozinha-casa-de-banho\/#breadcrumb","itemListElement":[{"@type":"ListItem","position":1,"name":"home","item":"https:\/\/www.yoroow.com\/"},{"@type":"ListItem","position":2,"name":"Product","item":"https:\/\/www.yoroow.com\/product\/"},{"@type":"ListItem","position":3,"name":"OEM Customizable Universal Mixer Faucet Handle Fittings Durable Zinc Alloy Modern Design for Kitchen &#038; Bathroom"}]},{"@type":"WebSite","@id":"https:\/\/www.yoroow.com\/pt\/#website","url":"https:\/\/www.yoroow.com\/pt\/","name":"YOROOW","description":"","publisher":{"@id":"https:\/\/www.yoroow.com\/pt\/#organization"},"potentialAction":[{"@type":"SearchAction","target":{"@type":"EntryPoint","urlTemplate":"https:\/\/www.yoroow.com\/pt\/?s={search_term_string}"},"query-input":{"@type":"PropertyValueSpecification","valueRequired":true,"valueName":"search_term_string"}}],"inLanguage":"pt-PT"},{"@type":"Organization","@id":"https:\/\/www.yoroow.com\/pt\/#organization","name":"YOROOW","url":"https:\/\/www.yoroow.com\/pt\/","logo":{"@type":"ImageObject","inLanguage":"pt-PT","@id":"https:\/\/www.yoroow.com\/pt\/#\/schema\/logo\/image\/","url":"https:\/\/www.yoroow.com\/wp-content\/uploads\/2024\/12\/2024123007131061.png","contentUrl":"https:\/\/www.yoroow.com\/wp-content\/uploads\/2024\/12\/2024123007131061.png","width":168,"height":27,"caption":"YOROOW"},"image":{"@id":"https:\/\/www.yoroow.com\/pt\/#\/schema\/logo\/image\/"},"sameAs":["https:\/\/www.facebook.com\/people\/yoroowfaucetfactory\/61564236752362\/"]}]}},"_links":{"self":[{"href":"https:\/\/www.yoroow.com\/pt\/wp-json\/wp\/v2\/product\/17224","targetHints":{"allow":["GET"]}}],"collection":[{"href":"https:\/\/www.yoroow.com\/pt\/wp-json\/wp\/v2\/product"}],"about":[{"href":"https:\/\/www.yoroow.com\/pt\/wp-json\/wp\/v2\/types\/product"}],"wp:featuredmedia":[{"embeddable":true,"href":"https:\/\/www.yoroow.com\/pt\/wp-json\/wp\/v2\/media\/17239"}],"wp:attachment":[{"href":"https:\/\/www.yoroow.com\/pt\/wp-json\/wp\/v2\/media?parent=17224"}],"wp:term":[{"taxonomy":"product_brand","embeddable":true,"href":"https:\/\/www.yoroow.com\/pt\/wp-json\/wp\/v2\/product_brand?post=17224"},{"taxonomy":"product_cat","embeddable":true,"href":"https:\/\/www.yoroow.com\/pt\/wp-json\/wp\/v2\/product_cat?post=17224"},{"taxonomy":"product_tag","embeddable":true,"href":"https:\/\/www.yoroow.com\/pt\/wp-json\/wp\/v2\/product_tag?post=17224"}],"curies":[{"name":"wp","href":"https:\/\/api.w.org\/{rel}","templated":true}]}}