{"id":17221,"date":"2025-03-29T13:24:30","date_gmt":"2025-03-29T05:24:30","guid":{"rendered":"https:\/\/www.yoroow.com\/?post_type=product&#038;p=17221"},"modified":"2025-05-16T09:49:16","modified_gmt":"2025-05-16T01:49:16","slug":"design-moderno-e-duradouro-substituicao-do-manipulo-da-torneira-misturadora-de-agua-quente-e-fria-adapta-se-a-maioria-das-torneiras-misturadoras-de-casa-de-banho-e-cozinha","status":"publish","type":"product","link":"https:\/\/www.yoroow.com\/pt\/pormenor-do-produto\/design-moderno-e-duradouro-substituicao-do-manipulo-da-torneira-misturadora-de-agua-quente-e-fria-adapta-se-a-maioria-das-torneiras-misturadoras-de-casa-de-banho-e-cozinha\/","title":{"rendered":"Design moderno e dur\u00e1vel Punho de torneira de substitui\u00e7\u00e3o Misturador de torneira de \u00e1gua quente e fria Adapta-se \u00e0 maioria das torneiras misturadoras de casa de banho e cozinha"},"content":{"rendered":"<p>Concebida para durabilidade e estilo, esta moderna substitui\u00e7\u00e3o do man\u00edpulo da torneira adapta-se \u00e0 maioria das torneiras misturadoras de casa de banho e cozinha com funcionalidade quente e fria. A sua constru\u00e7\u00e3o em liga de zinco e o encaixe universal com orif\u00edcio quadrado tornam-na uma solu\u00e7\u00e3o pr\u00e1tica para os mercados de repara\u00e7\u00e3o e atualiza\u00e7\u00e3o. Produzido na nossa f\u00e1brica chinesa utilizando m\u00e9todos fi\u00e1veis de fundi\u00e7\u00e3o sob press\u00e3o e cromagem, suporta exporta\u00e7\u00f5es est\u00e1veis de grandes volumes. O produto \u00e9 especialmente adequado para os distribuidores da Am\u00e9rica do Sul e do Sudeste Asi\u00e1tico que se concentram em acess\u00f3rios de canaliza\u00e7\u00e3o de gama m\u00e9dia para o mercado p\u00f3s-venda.<\/p>","protected":false},"excerpt":{"rendered":"<p>Designed for durability and style, this modern faucet handle replacement fits most bathroom and kitchen mixer taps with hot and cold functionality. Its zinc alloy build and universal square hole fitting make it a practical solution for repair and upgrade markets. Produced in our Chinese factory using reliable die-casting and chrome plating methods, it supports&#8230;<\/p>","protected":false},"featured_media":17220,"template":"","meta":{"_acf_changed":false,"_kad_post_transparent":"default","_kad_post_title":"","_kad_post_layout":"default","_kad_post_sidebar_id":"","_kad_post_content_style":"default","_kad_post_vertical_padding":"default","_kad_post_feature":"","_kad_post_feature_position":"","_kad_post_header":false,"_kad_post_footer":false},"product_brand":[],"product_cat":[7106],"product_tag":[7126,7125],"class_list":{"0":"post-17221","1":"product","2":"type-product","3":"status-publish","4":"has-post-thumbnail","6":"product_cat-faucet-handle","7":"product_tag-universal-faucet-handle","8":"product_tag-zinc-faucet-handle-fittings","10":"first","11":"instock","12":"shipping-taxable","13":"purchasable","14":"product-type-variable","15":"wvs-archive-product-wrapper","16":"entry","17":"content-bg","18":"loop-entry"},"acf":[],"yoast_head":"<!-- This site is optimized with the Yoast SEO Premium plugin v25.4 (Yoast SEO v27.0) - https:\/\/yoast.com\/product\/yoast-seo-premium-wordpress\/ -->\n<title>Durable Modern Design Replacement Faucet Handle Hot &amp; Cold Water Tap Mixer Fits Most Bathroom &amp; Kitchen Mixer Taps - YOROOW<\/title>\n<meta name=\"description\" content=\"Durable modern design replacement faucet handle for hot and cold water tap mixers fitting most bathroom and kitchen taps. Made with premium zinc alloy in China, offering excellent value for South America and Southeast Asia exports.\" \/>\n<meta name=\"robots\" content=\"index, follow, max-snippet:-1, max-image-preview:large, max-video-preview:-1\" \/>\n<link rel=\"canonical\" href=\"https:\/\/www.yoroow.com\/pt\/pormenor-do-produto\/design-moderno-e-duradouro-substituicao-do-manipulo-da-torneira-misturadora-de-agua-quente-e-fria-adapta-se-a-maioria-das-torneiras-misturadoras-de-casa-de-banho-e-cozinha\/\" \/>\n<meta property=\"og:locale\" content=\"pt_PT\" \/>\n<meta property=\"og:type\" content=\"article\" \/>\n<meta property=\"og:title\" content=\"Durable Modern Design Replacement Faucet Handle Hot &amp; Cold Water Tap Mixer Fits Most Bathroom &amp; Kitchen Mixer Taps\" \/>\n<meta property=\"og:description\" content=\"Durable modern design replacement faucet handle for hot and cold water tap mixers fitting most bathroom and kitchen taps. Made with premium zinc alloy in China, offering excellent value for South America and Southeast Asia exports.\" \/>\n<meta property=\"og:url\" content=\"https:\/\/www.yoroow.com\/pt\/pormenor-do-produto\/design-moderno-e-duradouro-substituicao-do-manipulo-da-torneira-misturadora-de-agua-quente-e-fria-adapta-se-a-maioria-das-torneiras-misturadoras-de-casa-de-banho-e-cozinha\/\" \/>\n<meta property=\"og:site_name\" content=\"YOROOW\" \/>\n<meta property=\"article:publisher\" content=\"https:\/\/www.facebook.com\/people\/yoroowfaucetfactory\/61564236752362\/\" \/>\n<meta property=\"article:modified_time\" content=\"2025-05-16T01:49:16+00:00\" \/>\n<meta property=\"og:image\" content=\"https:\/\/www.yoroow.com\/wp-content\/uploads\/2025\/03\/097P2-2.jpg\" \/>\n\t<meta property=\"og:image:width\" content=\"800\" \/>\n\t<meta property=\"og:image:height\" content=\"800\" \/>\n\t<meta property=\"og:image:type\" content=\"image\/jpeg\" \/>\n<meta name=\"twitter:card\" content=\"summary_large_image\" \/>\n<meta name=\"twitter:label1\" content=\"Est. reading time\" \/>\n\t<meta name=\"twitter:data1\" content=\"1 minuto\" \/>\n<script type=\"application\/ld+json\" class=\"yoast-schema-graph\">{\"@context\":\"https:\/\/schema.org\",\"@graph\":[{\"@type\":\"WebPage\",\"@id\":\"https:\/\/www.yoroow.com\/pt\/pormenor-do-produto\/design-moderno-e-duradouro-substituicao-do-manipulo-da-torneira-misturadora-de-agua-quente-e-fria-adapta-se-a-maioria-das-torneiras-misturadoras-de-casa-de-banho-e-cozinha\/\",\"url\":\"https:\/\/www.yoroow.com\/pt\/pormenor-do-produto\/design-moderno-e-duradouro-substituicao-do-manipulo-da-torneira-misturadora-de-agua-quente-e-fria-adapta-se-a-maioria-das-torneiras-misturadoras-de-casa-de-banho-e-cozinha\/\",\"name\":\"Durable Modern Design Replacement Faucet Handle Hot & Cold Water Tap Mixer Fits Most Bathroom & Kitchen Mixer Taps - YOROOW\",\"isPartOf\":{\"@id\":\"https:\/\/www.yoroow.com\/pt\/#website\"},\"primaryImageOfPage\":{\"@id\":\"https:\/\/www.yoroow.com\/pt\/pormenor-do-produto\/design-moderno-e-duradouro-substituicao-do-manipulo-da-torneira-misturadora-de-agua-quente-e-fria-adapta-se-a-maioria-das-torneiras-misturadoras-de-casa-de-banho-e-cozinha\/#primaryimage\"},\"image\":{\"@id\":\"https:\/\/www.yoroow.com\/pt\/pormenor-do-produto\/design-moderno-e-duradouro-substituicao-do-manipulo-da-torneira-misturadora-de-agua-quente-e-fria-adapta-se-a-maioria-das-torneiras-misturadoras-de-casa-de-banho-e-cozinha\/#primaryimage\"},\"thumbnailUrl\":\"https:\/\/www.yoroow.com\/wp-content\/uploads\/2025\/03\/097P2-2.jpg\",\"datePublished\":\"2025-03-29T05:24:30+00:00\",\"dateModified\":\"2025-05-16T01:49:16+00:00\",\"description\":\"Durable modern design replacement faucet handle for hot and cold water tap mixers fitting most bathroom and kitchen taps. Made with premium zinc alloy in China, offering excellent value for South America and Southeast Asia exports.\",\"breadcrumb\":{\"@id\":\"https:\/\/www.yoroow.com\/pt\/pormenor-do-produto\/design-moderno-e-duradouro-substituicao-do-manipulo-da-torneira-misturadora-de-agua-quente-e-fria-adapta-se-a-maioria-das-torneiras-misturadoras-de-casa-de-banho-e-cozinha\/#breadcrumb\"},\"inLanguage\":\"pt-PT\",\"potentialAction\":[{\"@type\":\"ReadAction\",\"target\":[\"https:\/\/www.yoroow.com\/pt\/pormenor-do-produto\/design-moderno-e-duradouro-substituicao-do-manipulo-da-torneira-misturadora-de-agua-quente-e-fria-adapta-se-a-maioria-das-torneiras-misturadoras-de-casa-de-banho-e-cozinha\/\"]}]},{\"@type\":\"ImageObject\",\"inLanguage\":\"pt-PT\",\"@id\":\"https:\/\/www.yoroow.com\/pt\/pormenor-do-produto\/design-moderno-e-duradouro-substituicao-do-manipulo-da-torneira-misturadora-de-agua-quente-e-fria-adapta-se-a-maioria-das-torneiras-misturadoras-de-casa-de-banho-e-cozinha\/#primaryimage\",\"url\":\"https:\/\/www.yoroow.com\/wp-content\/uploads\/2025\/03\/097P2-2.jpg\",\"contentUrl\":\"https:\/\/www.yoroow.com\/wp-content\/uploads\/2025\/03\/097P2-2.jpg\",\"width\":800,\"height\":800,\"caption\":\"097P2\"},{\"@type\":\"BreadcrumbList\",\"@id\":\"https:\/\/www.yoroow.com\/pt\/pormenor-do-produto\/design-moderno-e-duradouro-substituicao-do-manipulo-da-torneira-misturadora-de-agua-quente-e-fria-adapta-se-a-maioria-das-torneiras-misturadoras-de-casa-de-banho-e-cozinha\/#breadcrumb\",\"itemListElement\":[{\"@type\":\"ListItem\",\"position\":1,\"name\":\"home\",\"item\":\"https:\/\/www.yoroow.com\/\"},{\"@type\":\"ListItem\",\"position\":2,\"name\":\"Product\",\"item\":\"https:\/\/www.yoroow.com\/product\/\"},{\"@type\":\"ListItem\",\"position\":3,\"name\":\"Durable Modern Design Replacement Faucet Handle Hot &#038; Cold Water Tap Mixer Fits Most Bathroom &#038; Kitchen Mixer Taps\"}]},{\"@type\":\"WebSite\",\"@id\":\"https:\/\/www.yoroow.com\/pt\/#website\",\"url\":\"https:\/\/www.yoroow.com\/pt\/\",\"name\":\"YOROOW\",\"description\":\"\",\"publisher\":{\"@id\":\"https:\/\/www.yoroow.com\/pt\/#organization\"},\"potentialAction\":[{\"@type\":\"SearchAction\",\"target\":{\"@type\":\"EntryPoint\",\"urlTemplate\":\"https:\/\/www.yoroow.com\/pt\/?s={search_term_string}\"},\"query-input\":{\"@type\":\"PropertyValueSpecification\",\"valueRequired\":true,\"valueName\":\"search_term_string\"}}],\"inLanguage\":\"pt-PT\"},{\"@type\":\"Organization\",\"@id\":\"https:\/\/www.yoroow.com\/pt\/#organization\",\"name\":\"YOROOW\",\"url\":\"https:\/\/www.yoroow.com\/pt\/\",\"logo\":{\"@type\":\"ImageObject\",\"inLanguage\":\"pt-PT\",\"@id\":\"https:\/\/www.yoroow.com\/pt\/#\/schema\/logo\/image\/\",\"url\":\"https:\/\/www.yoroow.com\/wp-content\/uploads\/2024\/12\/2024123007131061.png\",\"contentUrl\":\"https:\/\/www.yoroow.com\/wp-content\/uploads\/2024\/12\/2024123007131061.png\",\"width\":168,\"height\":27,\"caption\":\"YOROOW\"},\"image\":{\"@id\":\"https:\/\/www.yoroow.com\/pt\/#\/schema\/logo\/image\/\"},\"sameAs\":[\"https:\/\/www.facebook.com\/people\/yoroowfaucetfactory\/61564236752362\/\"]}]}<\/script>\n<!-- \/ Yoast SEO Premium plugin. -->","yoast_head_json":{"title":"Durable Modern Design Replacement Faucet Handle Hot & Cold Water Tap Mixer Fits Most Bathroom & Kitchen Mixer Taps - YOROOW","description":"Durable modern design replacement faucet handle for hot and cold water tap mixers fitting most bathroom and kitchen taps. Made with premium zinc alloy in China, offering excellent value for South America and Southeast Asia exports.","robots":{"index":"index","follow":"follow","max-snippet":"max-snippet:-1","max-image-preview":"max-image-preview:large","max-video-preview":"max-video-preview:-1"},"canonical":"https:\/\/www.yoroow.com\/pt\/pormenor-do-produto\/design-moderno-e-duradouro-substituicao-do-manipulo-da-torneira-misturadora-de-agua-quente-e-fria-adapta-se-a-maioria-das-torneiras-misturadoras-de-casa-de-banho-e-cozinha\/","og_locale":"pt_PT","og_type":"article","og_title":"Durable Modern Design Replacement Faucet Handle Hot & Cold Water Tap Mixer Fits Most Bathroom & Kitchen Mixer Taps","og_description":"Durable modern design replacement faucet handle for hot and cold water tap mixers fitting most bathroom and kitchen taps. Made with premium zinc alloy in China, offering excellent value for South America and Southeast Asia exports.","og_url":"https:\/\/www.yoroow.com\/pt\/pormenor-do-produto\/design-moderno-e-duradouro-substituicao-do-manipulo-da-torneira-misturadora-de-agua-quente-e-fria-adapta-se-a-maioria-das-torneiras-misturadoras-de-casa-de-banho-e-cozinha\/","og_site_name":"YOROOW","article_publisher":"https:\/\/www.facebook.com\/people\/yoroowfaucetfactory\/61564236752362\/","article_modified_time":"2025-05-16T01:49:16+00:00","og_image":[{"width":800,"height":800,"url":"https:\/\/www.yoroow.com\/wp-content\/uploads\/2025\/03\/097P2-2.jpg","type":"image\/jpeg"}],"twitter_card":"summary_large_image","twitter_misc":{"Est. reading time":"1 minuto"},"schema":{"@context":"https:\/\/schema.org","@graph":[{"@type":"WebPage","@id":"https:\/\/www.yoroow.com\/pt\/pormenor-do-produto\/design-moderno-e-duradouro-substituicao-do-manipulo-da-torneira-misturadora-de-agua-quente-e-fria-adapta-se-a-maioria-das-torneiras-misturadoras-de-casa-de-banho-e-cozinha\/","url":"https:\/\/www.yoroow.com\/pt\/pormenor-do-produto\/design-moderno-e-duradouro-substituicao-do-manipulo-da-torneira-misturadora-de-agua-quente-e-fria-adapta-se-a-maioria-das-torneiras-misturadoras-de-casa-de-banho-e-cozinha\/","name":"Durable Modern Design Replacement Faucet Handle Hot & Cold Water Tap Mixer Fits Most Bathroom & Kitchen Mixer Taps - YOROOW","isPartOf":{"@id":"https:\/\/www.yoroow.com\/pt\/#website"},"primaryImageOfPage":{"@id":"https:\/\/www.yoroow.com\/pt\/pormenor-do-produto\/design-moderno-e-duradouro-substituicao-do-manipulo-da-torneira-misturadora-de-agua-quente-e-fria-adapta-se-a-maioria-das-torneiras-misturadoras-de-casa-de-banho-e-cozinha\/#primaryimage"},"image":{"@id":"https:\/\/www.yoroow.com\/pt\/pormenor-do-produto\/design-moderno-e-duradouro-substituicao-do-manipulo-da-torneira-misturadora-de-agua-quente-e-fria-adapta-se-a-maioria-das-torneiras-misturadoras-de-casa-de-banho-e-cozinha\/#primaryimage"},"thumbnailUrl":"https:\/\/www.yoroow.com\/wp-content\/uploads\/2025\/03\/097P2-2.jpg","datePublished":"2025-03-29T05:24:30+00:00","dateModified":"2025-05-16T01:49:16+00:00","description":"Durable modern design replacement faucet handle for hot and cold water tap mixers fitting most bathroom and kitchen taps. Made with premium zinc alloy in China, offering excellent value for South America and Southeast Asia exports.","breadcrumb":{"@id":"https:\/\/www.yoroow.com\/pt\/pormenor-do-produto\/design-moderno-e-duradouro-substituicao-do-manipulo-da-torneira-misturadora-de-agua-quente-e-fria-adapta-se-a-maioria-das-torneiras-misturadoras-de-casa-de-banho-e-cozinha\/#breadcrumb"},"inLanguage":"pt-PT","potentialAction":[{"@type":"ReadAction","target":["https:\/\/www.yoroow.com\/pt\/pormenor-do-produto\/design-moderno-e-duradouro-substituicao-do-manipulo-da-torneira-misturadora-de-agua-quente-e-fria-adapta-se-a-maioria-das-torneiras-misturadoras-de-casa-de-banho-e-cozinha\/"]}]},{"@type":"ImageObject","inLanguage":"pt-PT","@id":"https:\/\/www.yoroow.com\/pt\/pormenor-do-produto\/design-moderno-e-duradouro-substituicao-do-manipulo-da-torneira-misturadora-de-agua-quente-e-fria-adapta-se-a-maioria-das-torneiras-misturadoras-de-casa-de-banho-e-cozinha\/#primaryimage","url":"https:\/\/www.yoroow.com\/wp-content\/uploads\/2025\/03\/097P2-2.jpg","contentUrl":"https:\/\/www.yoroow.com\/wp-content\/uploads\/2025\/03\/097P2-2.jpg","width":800,"height":800,"caption":"097P2"},{"@type":"BreadcrumbList","@id":"https:\/\/www.yoroow.com\/pt\/pormenor-do-produto\/design-moderno-e-duradouro-substituicao-do-manipulo-da-torneira-misturadora-de-agua-quente-e-fria-adapta-se-a-maioria-das-torneiras-misturadoras-de-casa-de-banho-e-cozinha\/#breadcrumb","itemListElement":[{"@type":"ListItem","position":1,"name":"home","item":"https:\/\/www.yoroow.com\/"},{"@type":"ListItem","position":2,"name":"Product","item":"https:\/\/www.yoroow.com\/product\/"},{"@type":"ListItem","position":3,"name":"Durable Modern Design Replacement Faucet Handle Hot &#038; Cold Water Tap Mixer Fits Most Bathroom &#038; Kitchen Mixer Taps"}]},{"@type":"WebSite","@id":"https:\/\/www.yoroow.com\/pt\/#website","url":"https:\/\/www.yoroow.com\/pt\/","name":"YOROOW","description":"","publisher":{"@id":"https:\/\/www.yoroow.com\/pt\/#organization"},"potentialAction":[{"@type":"SearchAction","target":{"@type":"EntryPoint","urlTemplate":"https:\/\/www.yoroow.com\/pt\/?s={search_term_string}"},"query-input":{"@type":"PropertyValueSpecification","valueRequired":true,"valueName":"search_term_string"}}],"inLanguage":"pt-PT"},{"@type":"Organization","@id":"https:\/\/www.yoroow.com\/pt\/#organization","name":"YOROOW","url":"https:\/\/www.yoroow.com\/pt\/","logo":{"@type":"ImageObject","inLanguage":"pt-PT","@id":"https:\/\/www.yoroow.com\/pt\/#\/schema\/logo\/image\/","url":"https:\/\/www.yoroow.com\/wp-content\/uploads\/2024\/12\/2024123007131061.png","contentUrl":"https:\/\/www.yoroow.com\/wp-content\/uploads\/2024\/12\/2024123007131061.png","width":168,"height":27,"caption":"YOROOW"},"image":{"@id":"https:\/\/www.yoroow.com\/pt\/#\/schema\/logo\/image\/"},"sameAs":["https:\/\/www.facebook.com\/people\/yoroowfaucetfactory\/61564236752362\/"]}]}},"_links":{"self":[{"href":"https:\/\/www.yoroow.com\/pt\/wp-json\/wp\/v2\/product\/17221","targetHints":{"allow":["GET"]}}],"collection":[{"href":"https:\/\/www.yoroow.com\/pt\/wp-json\/wp\/v2\/product"}],"about":[{"href":"https:\/\/www.yoroow.com\/pt\/wp-json\/wp\/v2\/types\/product"}],"wp:featuredmedia":[{"embeddable":true,"href":"https:\/\/www.yoroow.com\/pt\/wp-json\/wp\/v2\/media\/17220"}],"wp:attachment":[{"href":"https:\/\/www.yoroow.com\/pt\/wp-json\/wp\/v2\/media?parent=17221"}],"wp:term":[{"taxonomy":"product_brand","embeddable":true,"href":"https:\/\/www.yoroow.com\/pt\/wp-json\/wp\/v2\/product_brand?post=17221"},{"taxonomy":"product_cat","embeddable":true,"href":"https:\/\/www.yoroow.com\/pt\/wp-json\/wp\/v2\/product_cat?post=17221"},{"taxonomy":"product_tag","embeddable":true,"href":"https:\/\/www.yoroow.com\/pt\/wp-json\/wp\/v2\/product_tag?post=17221"}],"curies":[{"name":"wp","href":"https:\/\/api.w.org\/{rel}","templated":true}]}}