{"id":14392,"date":"2025-03-07T14:51:10","date_gmt":"2025-03-07T06:51:10","guid":{"rendered":"https:\/\/www.yoroow.com\/?post_type=product&#038;p=14392"},"modified":"2025-05-16T09:46:23","modified_gmt":"2025-05-16T01:46:23","slug":"torneiras-de-bide-de-aco-inoxidavel-de-design-moderno-valvula-angular-preta-conjunto-de-pulverizador-de-casa-de-banho-com-acabamento-em-latao-shattaf-portatil","status":"publish","type":"product","link":"https:\/\/www.yoroow.com\/pt\/pormenor-do-produto\/torneiras-de-bide-de-aco-inoxidavel-de-design-moderno-valvula-angular-preta-conjunto-de-pulverizador-de-casa-de-banho-com-acabamento-em-latao-shattaf-portatil\/","title":{"rendered":"Conjunto de design moderno para bid\u00e9 de m\u00e3o com acabamento em a\u00e7o inoxid\u00e1vel e v\u00e1lvula angular preta para casa de banho Shattaf para hot\u00e9is"},"content":{"rendered":"<p>Este conjunto de pulverizador de bid\u00e9 manual apresenta um design moderno com um acabamento em a\u00e7o inoxid\u00e1vel preto e inclui uma v\u00e1lvula angular para um controlo preciso da \u00e1gua. Ideal para uso em hot\u00e9is e resid\u00eancias de luxo, oferece solu\u00e7\u00f5es eficientes de limpeza de sanitas, ao mesmo tempo que melhora a est\u00e9tica da casa de banho. A constru\u00e7\u00e3o de alta qualidade garante longevidade e f\u00e1cil manuten\u00e7\u00e3o. A f\u00e1brica da YOROOW oferece op\u00e7\u00f5es de personaliza\u00e7\u00e3o para aplica\u00e7\u00f5es em hot\u00e9is e apartamentos nos mercados da Am\u00e9rica do Sul e do Sudeste Asi\u00e1tico, fornecendo solu\u00e7\u00f5es econ\u00f3micas com padr\u00f5es de alta qualidade.<\/p>","protected":false},"excerpt":{"rendered":"<p>This handheld bidet sprayer set features a modern design with a black stainless steel finish and includes an angle valve for precise water control. Ideal for hotel and high-end residential use, it offers efficient toilet cleaning solutions while enhancing bathroom aesthetics. The high-quality construction ensures longevity and easy maintenance. YOROOW\u2019s factory offers customization options for&#8230;<\/p>","protected":false},"featured_media":14408,"template":"","meta":{"_acf_changed":false,"_kad_post_transparent":"default","_kad_post_title":"","_kad_post_layout":"default","_kad_post_sidebar_id":"","_kad_post_content_style":"default","_kad_post_vertical_padding":"default","_kad_post_feature":"","_kad_post_feature_position":"","_kad_post_header":false,"_kad_post_footer":false},"product_brand":[],"product_cat":[132],"product_tag":[3636,3516],"class_list":{"0":"post-14392","1":"product","2":"type-product","3":"status-publish","4":"has-post-thumbnail","6":"product_cat-bidet-sprayer","7":"product_tag-bidet-sprayer-for-hotels","8":"product_tag-stainless-steel-handheld-bidet-sprayer-set","10":"first","11":"instock","12":"shipping-taxable","13":"purchasable","14":"product-type-variable","15":"wvs-archive-product-wrapper","16":"entry","17":"content-bg","18":"loop-entry"},"acf":[],"yoast_head":"<!-- This site is optimized with the Yoast SEO Premium plugin v25.4 (Yoast SEO v27.0) - https:\/\/yoast.com\/product\/yoast-seo-premium-wordpress\/ -->\n<title>Modern Design Handheld Bidet Sprayer Set Stainless Steel Finish Black Angle Valve Bathroom Toilet Shattaf for Hotels - YOROOW<\/title>\n<meta name=\"description\" content=\"Modern handheld bidet sprayer set in stainless steel finish with black angle valve, ideal for hotels and home bathrooms, providing hygienic water cleaning, produced by trusted Chinese factories with strong OEM capabilities, exported mainly to South America and Southeast Asia.\" \/>\n<meta name=\"robots\" content=\"index, follow, max-snippet:-1, max-image-preview:large, max-video-preview:-1\" \/>\n<link rel=\"canonical\" href=\"https:\/\/www.yoroow.com\/pt\/pormenor-do-produto\/torneiras-de-bide-de-aco-inoxidavel-de-design-moderno-valvula-angular-preta-conjunto-de-pulverizador-de-casa-de-banho-com-acabamento-em-latao-shattaf-portatil\/\" \/>\n<meta property=\"og:locale\" content=\"pt_PT\" \/>\n<meta property=\"og:type\" content=\"article\" \/>\n<meta property=\"og:title\" content=\"Modern Design Handheld Bidet Sprayer Set Stainless Steel Finish Black Angle Valve Bathroom Toilet Shattaf for Hotels\" \/>\n<meta property=\"og:description\" content=\"Modern handheld bidet sprayer set in stainless steel finish with black angle valve, ideal for hotels and home bathrooms, providing hygienic water cleaning, produced by trusted Chinese factories with strong OEM capabilities, exported mainly to South America and Southeast Asia.\" \/>\n<meta property=\"og:url\" content=\"https:\/\/www.yoroow.com\/pt\/pormenor-do-produto\/torneiras-de-bide-de-aco-inoxidavel-de-design-moderno-valvula-angular-preta-conjunto-de-pulverizador-de-casa-de-banho-com-acabamento-em-latao-shattaf-portatil\/\" \/>\n<meta property=\"og:site_name\" content=\"YOROOW\" \/>\n<meta property=\"article:publisher\" content=\"https:\/\/www.facebook.com\/people\/yoroowfaucetfactory\/61564236752362\/\" \/>\n<meta property=\"article:modified_time\" content=\"2025-05-16T01:46:23+00:00\" \/>\n<meta property=\"og:image\" content=\"https:\/\/www.yoroow.com\/wp-content\/uploads\/2025\/03\/A2-1.jpg\" \/>\n\t<meta property=\"og:image:width\" content=\"800\" \/>\n\t<meta property=\"og:image:height\" content=\"800\" \/>\n\t<meta property=\"og:image:type\" content=\"image\/jpeg\" \/>\n<meta name=\"twitter:card\" content=\"summary_large_image\" \/>\n<meta name=\"twitter:label1\" content=\"Est. reading time\" \/>\n\t<meta name=\"twitter:data1\" content=\"1 minuto\" \/>\n<script type=\"application\/ld+json\" class=\"yoast-schema-graph\">{\"@context\":\"https:\/\/schema.org\",\"@graph\":[{\"@type\":\"WebPage\",\"@id\":\"https:\/\/www.yoroow.com\/pt\/pormenor-do-produto\/torneiras-de-bide-de-aco-inoxidavel-de-design-moderno-valvula-angular-preta-conjunto-de-pulverizador-de-casa-de-banho-com-acabamento-em-latao-shattaf-portatil\/\",\"url\":\"https:\/\/www.yoroow.com\/pt\/pormenor-do-produto\/torneiras-de-bide-de-aco-inoxidavel-de-design-moderno-valvula-angular-preta-conjunto-de-pulverizador-de-casa-de-banho-com-acabamento-em-latao-shattaf-portatil\/\",\"name\":\"Modern Design Handheld Bidet Sprayer Set Stainless Steel Finish Black Angle Valve Bathroom Toilet Shattaf for Hotels - YOROOW\",\"isPartOf\":{\"@id\":\"https:\/\/www.yoroow.com\/pt\/#website\"},\"primaryImageOfPage\":{\"@id\":\"https:\/\/www.yoroow.com\/pt\/pormenor-do-produto\/torneiras-de-bide-de-aco-inoxidavel-de-design-moderno-valvula-angular-preta-conjunto-de-pulverizador-de-casa-de-banho-com-acabamento-em-latao-shattaf-portatil\/#primaryimage\"},\"image\":{\"@id\":\"https:\/\/www.yoroow.com\/pt\/pormenor-do-produto\/torneiras-de-bide-de-aco-inoxidavel-de-design-moderno-valvula-angular-preta-conjunto-de-pulverizador-de-casa-de-banho-com-acabamento-em-latao-shattaf-portatil\/#primaryimage\"},\"thumbnailUrl\":\"https:\/\/www.yoroow.com\/wp-content\/uploads\/2025\/03\/A2-1.jpg\",\"datePublished\":\"2025-03-07T06:51:10+00:00\",\"dateModified\":\"2025-05-16T01:46:23+00:00\",\"description\":\"Modern handheld bidet sprayer set in stainless steel finish with black angle valve, ideal for hotels and home bathrooms, providing hygienic water cleaning, produced by trusted Chinese factories with strong OEM capabilities, exported mainly to South America and Southeast Asia.\",\"breadcrumb\":{\"@id\":\"https:\/\/www.yoroow.com\/pt\/pormenor-do-produto\/torneiras-de-bide-de-aco-inoxidavel-de-design-moderno-valvula-angular-preta-conjunto-de-pulverizador-de-casa-de-banho-com-acabamento-em-latao-shattaf-portatil\/#breadcrumb\"},\"inLanguage\":\"pt-PT\",\"potentialAction\":[{\"@type\":\"ReadAction\",\"target\":[\"https:\/\/www.yoroow.com\/pt\/pormenor-do-produto\/torneiras-de-bide-de-aco-inoxidavel-de-design-moderno-valvula-angular-preta-conjunto-de-pulverizador-de-casa-de-banho-com-acabamento-em-latao-shattaf-portatil\/\"]}]},{\"@type\":\"ImageObject\",\"inLanguage\":\"pt-PT\",\"@id\":\"https:\/\/www.yoroow.com\/pt\/pormenor-do-produto\/torneiras-de-bide-de-aco-inoxidavel-de-design-moderno-valvula-angular-preta-conjunto-de-pulverizador-de-casa-de-banho-com-acabamento-em-latao-shattaf-portatil\/#primaryimage\",\"url\":\"https:\/\/www.yoroow.com\/wp-content\/uploads\/2025\/03\/A2-1.jpg\",\"contentUrl\":\"https:\/\/www.yoroow.com\/wp-content\/uploads\/2025\/03\/A2-1.jpg\",\"width\":800,\"height\":800,\"caption\":\"Modern Design Handheld Bidet Sprayer Set Stainless Steel Finish Black Angle Valve Bathroom Toilet Shattaf for Hotels\"},{\"@type\":\"BreadcrumbList\",\"@id\":\"https:\/\/www.yoroow.com\/pt\/pormenor-do-produto\/torneiras-de-bide-de-aco-inoxidavel-de-design-moderno-valvula-angular-preta-conjunto-de-pulverizador-de-casa-de-banho-com-acabamento-em-latao-shattaf-portatil\/#breadcrumb\",\"itemListElement\":[{\"@type\":\"ListItem\",\"position\":1,\"name\":\"home\",\"item\":\"https:\/\/www.yoroow.com\/\"},{\"@type\":\"ListItem\",\"position\":2,\"name\":\"Product\",\"item\":\"https:\/\/www.yoroow.com\/product\/\"},{\"@type\":\"ListItem\",\"position\":3,\"name\":\"Modern Design Handheld Bidet Sprayer Set Stainless Steel Finish Black Angle Valve Bathroom Toilet Shattaf for Hotels\"}]},{\"@type\":\"WebSite\",\"@id\":\"https:\/\/www.yoroow.com\/pt\/#website\",\"url\":\"https:\/\/www.yoroow.com\/pt\/\",\"name\":\"YOROOW\",\"description\":\"\",\"publisher\":{\"@id\":\"https:\/\/www.yoroow.com\/pt\/#organization\"},\"potentialAction\":[{\"@type\":\"SearchAction\",\"target\":{\"@type\":\"EntryPoint\",\"urlTemplate\":\"https:\/\/www.yoroow.com\/pt\/?s={search_term_string}\"},\"query-input\":{\"@type\":\"PropertyValueSpecification\",\"valueRequired\":true,\"valueName\":\"search_term_string\"}}],\"inLanguage\":\"pt-PT\"},{\"@type\":\"Organization\",\"@id\":\"https:\/\/www.yoroow.com\/pt\/#organization\",\"name\":\"YOROOW\",\"url\":\"https:\/\/www.yoroow.com\/pt\/\",\"logo\":{\"@type\":\"ImageObject\",\"inLanguage\":\"pt-PT\",\"@id\":\"https:\/\/www.yoroow.com\/pt\/#\/schema\/logo\/image\/\",\"url\":\"https:\/\/www.yoroow.com\/wp-content\/uploads\/2024\/12\/2024123007131061.png\",\"contentUrl\":\"https:\/\/www.yoroow.com\/wp-content\/uploads\/2024\/12\/2024123007131061.png\",\"width\":168,\"height\":27,\"caption\":\"YOROOW\"},\"image\":{\"@id\":\"https:\/\/www.yoroow.com\/pt\/#\/schema\/logo\/image\/\"},\"sameAs\":[\"https:\/\/www.facebook.com\/people\/yoroowfaucetfactory\/61564236752362\/\"]}]}<\/script>\n<!-- \/ Yoast SEO Premium plugin. -->","yoast_head_json":{"title":"Modern Design Handheld Bidet Sprayer Set Stainless Steel Finish Black Angle Valve Bathroom Toilet Shattaf for Hotels - YOROOW","description":"Modern handheld bidet sprayer set in stainless steel finish with black angle valve, ideal for hotels and home bathrooms, providing hygienic water cleaning, produced by trusted Chinese factories with strong OEM capabilities, exported mainly to South America and Southeast Asia.","robots":{"index":"index","follow":"follow","max-snippet":"max-snippet:-1","max-image-preview":"max-image-preview:large","max-video-preview":"max-video-preview:-1"},"canonical":"https:\/\/www.yoroow.com\/pt\/pormenor-do-produto\/torneiras-de-bide-de-aco-inoxidavel-de-design-moderno-valvula-angular-preta-conjunto-de-pulverizador-de-casa-de-banho-com-acabamento-em-latao-shattaf-portatil\/","og_locale":"pt_PT","og_type":"article","og_title":"Modern Design Handheld Bidet Sprayer Set Stainless Steel Finish Black Angle Valve Bathroom Toilet Shattaf for Hotels","og_description":"Modern handheld bidet sprayer set in stainless steel finish with black angle valve, ideal for hotels and home bathrooms, providing hygienic water cleaning, produced by trusted Chinese factories with strong OEM capabilities, exported mainly to South America and Southeast Asia.","og_url":"https:\/\/www.yoroow.com\/pt\/pormenor-do-produto\/torneiras-de-bide-de-aco-inoxidavel-de-design-moderno-valvula-angular-preta-conjunto-de-pulverizador-de-casa-de-banho-com-acabamento-em-latao-shattaf-portatil\/","og_site_name":"YOROOW","article_publisher":"https:\/\/www.facebook.com\/people\/yoroowfaucetfactory\/61564236752362\/","article_modified_time":"2025-05-16T01:46:23+00:00","og_image":[{"width":800,"height":800,"url":"https:\/\/www.yoroow.com\/wp-content\/uploads\/2025\/03\/A2-1.jpg","type":"image\/jpeg"}],"twitter_card":"summary_large_image","twitter_misc":{"Est. reading time":"1 minuto"},"schema":{"@context":"https:\/\/schema.org","@graph":[{"@type":"WebPage","@id":"https:\/\/www.yoroow.com\/pt\/pormenor-do-produto\/torneiras-de-bide-de-aco-inoxidavel-de-design-moderno-valvula-angular-preta-conjunto-de-pulverizador-de-casa-de-banho-com-acabamento-em-latao-shattaf-portatil\/","url":"https:\/\/www.yoroow.com\/pt\/pormenor-do-produto\/torneiras-de-bide-de-aco-inoxidavel-de-design-moderno-valvula-angular-preta-conjunto-de-pulverizador-de-casa-de-banho-com-acabamento-em-latao-shattaf-portatil\/","name":"Modern Design Handheld Bidet Sprayer Set Stainless Steel Finish Black Angle Valve Bathroom Toilet Shattaf for Hotels - YOROOW","isPartOf":{"@id":"https:\/\/www.yoroow.com\/pt\/#website"},"primaryImageOfPage":{"@id":"https:\/\/www.yoroow.com\/pt\/pormenor-do-produto\/torneiras-de-bide-de-aco-inoxidavel-de-design-moderno-valvula-angular-preta-conjunto-de-pulverizador-de-casa-de-banho-com-acabamento-em-latao-shattaf-portatil\/#primaryimage"},"image":{"@id":"https:\/\/www.yoroow.com\/pt\/pormenor-do-produto\/torneiras-de-bide-de-aco-inoxidavel-de-design-moderno-valvula-angular-preta-conjunto-de-pulverizador-de-casa-de-banho-com-acabamento-em-latao-shattaf-portatil\/#primaryimage"},"thumbnailUrl":"https:\/\/www.yoroow.com\/wp-content\/uploads\/2025\/03\/A2-1.jpg","datePublished":"2025-03-07T06:51:10+00:00","dateModified":"2025-05-16T01:46:23+00:00","description":"Modern handheld bidet sprayer set in stainless steel finish with black angle valve, ideal for hotels and home bathrooms, providing hygienic water cleaning, produced by trusted Chinese factories with strong OEM capabilities, exported mainly to South America and Southeast Asia.","breadcrumb":{"@id":"https:\/\/www.yoroow.com\/pt\/pormenor-do-produto\/torneiras-de-bide-de-aco-inoxidavel-de-design-moderno-valvula-angular-preta-conjunto-de-pulverizador-de-casa-de-banho-com-acabamento-em-latao-shattaf-portatil\/#breadcrumb"},"inLanguage":"pt-PT","potentialAction":[{"@type":"ReadAction","target":["https:\/\/www.yoroow.com\/pt\/pormenor-do-produto\/torneiras-de-bide-de-aco-inoxidavel-de-design-moderno-valvula-angular-preta-conjunto-de-pulverizador-de-casa-de-banho-com-acabamento-em-latao-shattaf-portatil\/"]}]},{"@type":"ImageObject","inLanguage":"pt-PT","@id":"https:\/\/www.yoroow.com\/pt\/pormenor-do-produto\/torneiras-de-bide-de-aco-inoxidavel-de-design-moderno-valvula-angular-preta-conjunto-de-pulverizador-de-casa-de-banho-com-acabamento-em-latao-shattaf-portatil\/#primaryimage","url":"https:\/\/www.yoroow.com\/wp-content\/uploads\/2025\/03\/A2-1.jpg","contentUrl":"https:\/\/www.yoroow.com\/wp-content\/uploads\/2025\/03\/A2-1.jpg","width":800,"height":800,"caption":"Modern Design Handheld Bidet Sprayer Set Stainless Steel Finish Black Angle Valve Bathroom Toilet Shattaf for Hotels"},{"@type":"BreadcrumbList","@id":"https:\/\/www.yoroow.com\/pt\/pormenor-do-produto\/torneiras-de-bide-de-aco-inoxidavel-de-design-moderno-valvula-angular-preta-conjunto-de-pulverizador-de-casa-de-banho-com-acabamento-em-latao-shattaf-portatil\/#breadcrumb","itemListElement":[{"@type":"ListItem","position":1,"name":"home","item":"https:\/\/www.yoroow.com\/"},{"@type":"ListItem","position":2,"name":"Product","item":"https:\/\/www.yoroow.com\/product\/"},{"@type":"ListItem","position":3,"name":"Modern Design Handheld Bidet Sprayer Set Stainless Steel Finish Black Angle Valve Bathroom Toilet Shattaf for Hotels"}]},{"@type":"WebSite","@id":"https:\/\/www.yoroow.com\/pt\/#website","url":"https:\/\/www.yoroow.com\/pt\/","name":"YOROOW","description":"","publisher":{"@id":"https:\/\/www.yoroow.com\/pt\/#organization"},"potentialAction":[{"@type":"SearchAction","target":{"@type":"EntryPoint","urlTemplate":"https:\/\/www.yoroow.com\/pt\/?s={search_term_string}"},"query-input":{"@type":"PropertyValueSpecification","valueRequired":true,"valueName":"search_term_string"}}],"inLanguage":"pt-PT"},{"@type":"Organization","@id":"https:\/\/www.yoroow.com\/pt\/#organization","name":"YOROOW","url":"https:\/\/www.yoroow.com\/pt\/","logo":{"@type":"ImageObject","inLanguage":"pt-PT","@id":"https:\/\/www.yoroow.com\/pt\/#\/schema\/logo\/image\/","url":"https:\/\/www.yoroow.com\/wp-content\/uploads\/2024\/12\/2024123007131061.png","contentUrl":"https:\/\/www.yoroow.com\/wp-content\/uploads\/2024\/12\/2024123007131061.png","width":168,"height":27,"caption":"YOROOW"},"image":{"@id":"https:\/\/www.yoroow.com\/pt\/#\/schema\/logo\/image\/"},"sameAs":["https:\/\/www.facebook.com\/people\/yoroowfaucetfactory\/61564236752362\/"]}]}},"_links":{"self":[{"href":"https:\/\/www.yoroow.com\/pt\/wp-json\/wp\/v2\/product\/14392","targetHints":{"allow":["GET"]}}],"collection":[{"href":"https:\/\/www.yoroow.com\/pt\/wp-json\/wp\/v2\/product"}],"about":[{"href":"https:\/\/www.yoroow.com\/pt\/wp-json\/wp\/v2\/types\/product"}],"wp:featuredmedia":[{"embeddable":true,"href":"https:\/\/www.yoroow.com\/pt\/wp-json\/wp\/v2\/media\/14408"}],"wp:attachment":[{"href":"https:\/\/www.yoroow.com\/pt\/wp-json\/wp\/v2\/media?parent=14392"}],"wp:term":[{"taxonomy":"product_brand","embeddable":true,"href":"https:\/\/www.yoroow.com\/pt\/wp-json\/wp\/v2\/product_brand?post=14392"},{"taxonomy":"product_cat","embeddable":true,"href":"https:\/\/www.yoroow.com\/pt\/wp-json\/wp\/v2\/product_cat?post=14392"},{"taxonomy":"product_tag","embeddable":true,"href":"https:\/\/www.yoroow.com\/pt\/wp-json\/wp\/v2\/product_tag?post=14392"}],"curies":[{"name":"wp","href":"https:\/\/api.w.org\/{rel}","templated":true}]}}