{"id":12913,"date":"2025-02-25T14:07:38","date_gmt":"2025-02-25T06:07:38","guid":{"rendered":"https:\/\/www.yoroow.com\/?post_type=product&#038;p=12913"},"modified":"2025-05-16T09:41:45","modified_gmt":"2025-05-16T01:41:45","slug":"torneira-de-cozinha-flexivel-de-estilo-moderno-torneiras-misturadoras-torneira-de-cozinha-de-zinco-com-rotacao-de-360-graus","status":"publish","type":"product","link":"https:\/\/www.yoroow.com\/pt\/pormenor-do-produto\/torneira-de-cozinha-flexivel-de-estilo-moderno-torneiras-misturadoras-torneira-de-cozinha-de-zinco-com-rotacao-de-360-graus\/","title":{"rendered":"Estilo moderno Torneira de cozinha em a\u00e7o inoxid\u00e1vel 304 Torneira flex\u00edvel girat\u00f3ria de 360 graus Torneira de cozinha de 360 graus Torneira de cozinha"},"content":{"rendered":"<p>Esta torneira de cozinha de estilo moderno \u00e9 fabricada em a\u00e7o inoxid\u00e1vel 304 e foi concebida com um bico rotativo de 360 graus e uma torneira misturadora flex\u00edvel, oferecendo funcionalidade e estilo. A sua est\u00e9tica minimalista adequa-se a uma vasta gama de interiores de cozinha, desde apartamentos urbanos compactos a casas de fam\u00edlia espa\u00e7osas. A torneira proporciona um controlo fi\u00e1vel da temperatura da \u00e1gua e uma f\u00e1cil manobra gra\u00e7as \u00e0 sua mangueira rotativa e extens\u00edvel. Produzido numa f\u00e1brica chinesa de alto n\u00edvel, este modelo \u00e9 elogiado pelo seu tratamento de superf\u00edcie suave, resist\u00eancia \u00e0 ferrugem e desempenho de poupan\u00e7a de \u00e1gua. \u00c9 ideal para renova\u00e7\u00f5es de cozinhas dom\u00e9sticas, empreendimentos imobili\u00e1rios e grossistas de ferragens. Com uma d\u00e9cada de experi\u00eancia em OEM, a nossa f\u00e1brica suporta marcas personalizadas, grava\u00e7\u00e3o de log\u00f3tipo a laser e embalagens de exporta\u00e7\u00e3o adequadas para a Am\u00e9rica Latina e o Sudeste Asi\u00e1tico. O produto \u00e9 muito procurado em mercados como o Peru, a Col\u00f4mbia, o Vietname e a Indon\u00e9sia, onde os compradores d\u00e3o prioridade ao valor e ao desempenho.<\/p>","protected":false},"excerpt":{"rendered":"<p>Esta torneira de cozinha de estilo moderno \u00e9 fabricada em a\u00e7o inoxid\u00e1vel 304 e foi concebida com um bico rotativo de 360 graus e uma torneira misturadora flex\u00edvel, oferecendo funcionalidade e estilo. A sua est\u00e9tica minimalista adequa-se a uma vasta gama de interiores de cozinha, desde apartamentos urbanos compactos a casas de fam\u00edlia espa\u00e7osas. A torneira proporciona um controlo fi\u00e1vel da temperatura da \u00e1gua e...<\/p>","protected":false},"featured_media":12890,"template":"","meta":{"_acf_changed":false,"_kad_post_transparent":"default","_kad_post_title":"","_kad_post_layout":"default","_kad_post_sidebar_id":"","_kad_post_content_style":"default","_kad_post_vertical_padding":"default","_kad_post_feature":"","_kad_post_feature_position":"","_kad_post_header":false,"_kad_post_footer":false},"product_brand":[],"product_cat":[246,1556],"product_tag":[5539,3331],"class_list":{"0":"post-12913","1":"product","2":"type-product","3":"status-publish","4":"has-post-thumbnail","6":"product_cat-mixer-kitchen-faucet","7":"product_cat-color-hose-faucet","8":"product_tag-304-kitchen-sink-faucet","9":"product_tag-kitchen-tap-faucet","11":"first","12":"instock","13":"shipping-taxable","14":"purchasable","15":"product-type-variable","16":"wvs-archive-product-wrapper","17":"entry","18":"content-bg","19":"loop-entry"},"acf":[],"yoast_head":"<!-- This site is optimized with the Yoast SEO Premium plugin v25.4 (Yoast SEO v27.0) - https:\/\/yoast.com\/product\/yoast-seo-premium-wordpress\/ -->\n<title>Modern Style 304 Stainless Steel Kitchen Faucet 360 Degree Rotating Flexible Tap Mixer 360 Degree Kitchen Faucet Kitchen Faucet - YOROOW<\/title>\n<meta name=\"description\" content=\"This modern style 304 stainless steel kitchen faucet features a 360-degree rotating flexible mixer tap. Perfect for kitchen sinks requiring versatility and durability. Our Chinese factory guarantees high-quality materials and OEM customization for clients in South America and Southeast Asia.\" \/>\n<meta name=\"robots\" content=\"index, follow, max-snippet:-1, max-image-preview:large, max-video-preview:-1\" \/>\n<link rel=\"canonical\" href=\"https:\/\/www.yoroow.com\/pt\/pormenor-do-produto\/torneira-de-cozinha-flexivel-de-estilo-moderno-torneiras-misturadoras-torneira-de-cozinha-de-zinco-com-rotacao-de-360-graus\/\" \/>\n<meta property=\"og:locale\" content=\"pt_PT\" \/>\n<meta property=\"og:type\" content=\"article\" \/>\n<meta property=\"og:title\" content=\"Modern Style 304 Stainless Steel Kitchen Faucet 360 Degree Rotating Flexible Tap Mixer 360 Degree Kitchen Faucet Kitchen Faucet\" \/>\n<meta property=\"og:description\" content=\"This modern style 304 stainless steel kitchen faucet features a 360-degree rotating flexible mixer tap. Perfect for kitchen sinks requiring versatility and durability. Our Chinese factory guarantees high-quality materials and OEM customization for clients in South America and Southeast Asia.\" \/>\n<meta property=\"og:url\" content=\"https:\/\/www.yoroow.com\/pt\/pormenor-do-produto\/torneira-de-cozinha-flexivel-de-estilo-moderno-torneiras-misturadoras-torneira-de-cozinha-de-zinco-com-rotacao-de-360-graus\/\" \/>\n<meta property=\"og:site_name\" content=\"YOROOW\" \/>\n<meta property=\"article:publisher\" content=\"https:\/\/www.facebook.com\/people\/yoroowfaucetfactory\/61564236752362\/\" \/>\n<meta property=\"article:modified_time\" content=\"2025-05-16T01:41:45+00:00\" \/>\n<meta property=\"og:image\" content=\"https:\/\/www.yoroow.com\/wp-content\/uploads\/2025\/02\/\u5fae\u4fe1\u56fe\u7247_20210820145158.jpg\" \/>\n\t<meta property=\"og:image:width\" content=\"737\" \/>\n\t<meta property=\"og:image:height\" content=\"737\" \/>\n\t<meta property=\"og:image:type\" content=\"image\/jpeg\" \/>\n<meta name=\"twitter:card\" content=\"summary_large_image\" \/>\n<meta name=\"twitter:label1\" content=\"Est. reading time\" \/>\n\t<meta name=\"twitter:data1\" content=\"1 minuto\" \/>\n<script type=\"application\/ld+json\" class=\"yoast-schema-graph\">{\"@context\":\"https:\/\/schema.org\",\"@graph\":[{\"@type\":\"WebPage\",\"@id\":\"https:\/\/www.yoroow.com\/pt\/pormenor-do-produto\/torneira-de-cozinha-flexivel-de-estilo-moderno-torneiras-misturadoras-torneira-de-cozinha-de-zinco-com-rotacao-de-360-graus\/\",\"url\":\"https:\/\/www.yoroow.com\/pt\/pormenor-do-produto\/torneira-de-cozinha-flexivel-de-estilo-moderno-torneiras-misturadoras-torneira-de-cozinha-de-zinco-com-rotacao-de-360-graus\/\",\"name\":\"Modern Style 304 Stainless Steel Kitchen Faucet 360 Degree Rotating Flexible Tap Mixer 360 Degree Kitchen Faucet Kitchen Faucet - YOROOW\",\"isPartOf\":{\"@id\":\"https:\/\/www.yoroow.com\/pt\/#website\"},\"primaryImageOfPage\":{\"@id\":\"https:\/\/www.yoroow.com\/pt\/pormenor-do-produto\/torneira-de-cozinha-flexivel-de-estilo-moderno-torneiras-misturadoras-torneira-de-cozinha-de-zinco-com-rotacao-de-360-graus\/#primaryimage\"},\"image\":{\"@id\":\"https:\/\/www.yoroow.com\/pt\/pormenor-do-produto\/torneira-de-cozinha-flexivel-de-estilo-moderno-torneiras-misturadoras-torneira-de-cozinha-de-zinco-com-rotacao-de-360-graus\/#primaryimage\"},\"thumbnailUrl\":\"https:\/\/www.yoroow.com\/wp-content\/uploads\/2025\/02\/\u5fae\u4fe1\u56fe\u7247_20210820145158.jpg\",\"datePublished\":\"2025-02-25T06:07:38+00:00\",\"dateModified\":\"2025-05-16T01:41:45+00:00\",\"description\":\"This modern style 304 stainless steel kitchen faucet features a 360-degree rotating flexible mixer tap. Perfect for kitchen sinks requiring versatility and durability. Our Chinese factory guarantees high-quality materials and OEM customization for clients in South America and Southeast Asia.\",\"breadcrumb\":{\"@id\":\"https:\/\/www.yoroow.com\/pt\/pormenor-do-produto\/torneira-de-cozinha-flexivel-de-estilo-moderno-torneiras-misturadoras-torneira-de-cozinha-de-zinco-com-rotacao-de-360-graus\/#breadcrumb\"},\"inLanguage\":\"pt-PT\",\"potentialAction\":[{\"@type\":\"ReadAction\",\"target\":[\"https:\/\/www.yoroow.com\/pt\/pormenor-do-produto\/torneira-de-cozinha-flexivel-de-estilo-moderno-torneiras-misturadoras-torneira-de-cozinha-de-zinco-com-rotacao-de-360-graus\/\"]}]},{\"@type\":\"ImageObject\",\"inLanguage\":\"pt-PT\",\"@id\":\"https:\/\/www.yoroow.com\/pt\/pormenor-do-produto\/torneira-de-cozinha-flexivel-de-estilo-moderno-torneiras-misturadoras-torneira-de-cozinha-de-zinco-com-rotacao-de-360-graus\/#primaryimage\",\"url\":\"https:\/\/www.yoroow.com\/wp-content\/uploads\/2025\/02\/\u5fae\u4fe1\u56fe\u7247_20210820145158.jpg\",\"contentUrl\":\"https:\/\/www.yoroow.com\/wp-content\/uploads\/2025\/02\/\u5fae\u4fe1\u56fe\u7247_20210820145158.jpg\",\"width\":737,\"height\":737,\"caption\":\"Hot Sale 304 Stainless Steel Kitchen Faucet 360 Degree Rotating Flexible Tap Mixer 360 Degree Rotating Stainless Kitchen Faucet - 7503B1-070P-C36(RD)\"},{\"@type\":\"BreadcrumbList\",\"@id\":\"https:\/\/www.yoroow.com\/pt\/pormenor-do-produto\/torneira-de-cozinha-flexivel-de-estilo-moderno-torneiras-misturadoras-torneira-de-cozinha-de-zinco-com-rotacao-de-360-graus\/#breadcrumb\",\"itemListElement\":[{\"@type\":\"ListItem\",\"position\":1,\"name\":\"home\",\"item\":\"https:\/\/www.yoroow.com\/\"},{\"@type\":\"ListItem\",\"position\":2,\"name\":\"Product\",\"item\":\"https:\/\/www.yoroow.com\/product\/\"},{\"@type\":\"ListItem\",\"position\":3,\"name\":\"Modern Style 304 Stainless Steel Kitchen Faucet 360 Degree Rotating Flexible Tap Mixer 360 Degree Kitchen Faucet Kitchen Faucet\"}]},{\"@type\":\"WebSite\",\"@id\":\"https:\/\/www.yoroow.com\/pt\/#website\",\"url\":\"https:\/\/www.yoroow.com\/pt\/\",\"name\":\"YOROOW\",\"description\":\"\",\"publisher\":{\"@id\":\"https:\/\/www.yoroow.com\/pt\/#organization\"},\"potentialAction\":[{\"@type\":\"SearchAction\",\"target\":{\"@type\":\"EntryPoint\",\"urlTemplate\":\"https:\/\/www.yoroow.com\/pt\/?s={search_term_string}\"},\"query-input\":{\"@type\":\"PropertyValueSpecification\",\"valueRequired\":true,\"valueName\":\"search_term_string\"}}],\"inLanguage\":\"pt-PT\"},{\"@type\":\"Organization\",\"@id\":\"https:\/\/www.yoroow.com\/pt\/#organization\",\"name\":\"YOROOW\",\"url\":\"https:\/\/www.yoroow.com\/pt\/\",\"logo\":{\"@type\":\"ImageObject\",\"inLanguage\":\"pt-PT\",\"@id\":\"https:\/\/www.yoroow.com\/pt\/#\/schema\/logo\/image\/\",\"url\":\"https:\/\/www.yoroow.com\/wp-content\/uploads\/2024\/12\/2024123007131061.png\",\"contentUrl\":\"https:\/\/www.yoroow.com\/wp-content\/uploads\/2024\/12\/2024123007131061.png\",\"width\":168,\"height\":27,\"caption\":\"YOROOW\"},\"image\":{\"@id\":\"https:\/\/www.yoroow.com\/pt\/#\/schema\/logo\/image\/\"},\"sameAs\":[\"https:\/\/www.facebook.com\/people\/yoroowfaucetfactory\/61564236752362\/\"]}]}<\/script>\n<!-- \/ Yoast SEO Premium plugin. -->","yoast_head_json":{"title":"Modern Style 304 Stainless Steel Kitchen Faucet 360 Degree Rotating Flexible Tap Mixer 360 Degree Kitchen Faucet Kitchen Faucet - YOROOW","description":"This modern style 304 stainless steel kitchen faucet features a 360-degree rotating flexible mixer tap. Perfect for kitchen sinks requiring versatility and durability. Our Chinese factory guarantees high-quality materials and OEM customization for clients in South America and Southeast Asia.","robots":{"index":"index","follow":"follow","max-snippet":"max-snippet:-1","max-image-preview":"max-image-preview:large","max-video-preview":"max-video-preview:-1"},"canonical":"https:\/\/www.yoroow.com\/pt\/pormenor-do-produto\/torneira-de-cozinha-flexivel-de-estilo-moderno-torneiras-misturadoras-torneira-de-cozinha-de-zinco-com-rotacao-de-360-graus\/","og_locale":"pt_PT","og_type":"article","og_title":"Modern Style 304 Stainless Steel Kitchen Faucet 360 Degree Rotating Flexible Tap Mixer 360 Degree Kitchen Faucet Kitchen Faucet","og_description":"This modern style 304 stainless steel kitchen faucet features a 360-degree rotating flexible mixer tap. Perfect for kitchen sinks requiring versatility and durability. Our Chinese factory guarantees high-quality materials and OEM customization for clients in South America and Southeast Asia.","og_url":"https:\/\/www.yoroow.com\/pt\/pormenor-do-produto\/torneira-de-cozinha-flexivel-de-estilo-moderno-torneiras-misturadoras-torneira-de-cozinha-de-zinco-com-rotacao-de-360-graus\/","og_site_name":"YOROOW","article_publisher":"https:\/\/www.facebook.com\/people\/yoroowfaucetfactory\/61564236752362\/","article_modified_time":"2025-05-16T01:41:45+00:00","og_image":[{"width":737,"height":737,"url":"https:\/\/www.yoroow.com\/wp-content\/uploads\/2025\/02\/\u5fae\u4fe1\u56fe\u7247_20210820145158.jpg","type":"image\/jpeg"}],"twitter_card":"summary_large_image","twitter_misc":{"Est. reading time":"1 minuto"},"schema":{"@context":"https:\/\/schema.org","@graph":[{"@type":"WebPage","@id":"https:\/\/www.yoroow.com\/pt\/pormenor-do-produto\/torneira-de-cozinha-flexivel-de-estilo-moderno-torneiras-misturadoras-torneira-de-cozinha-de-zinco-com-rotacao-de-360-graus\/","url":"https:\/\/www.yoroow.com\/pt\/pormenor-do-produto\/torneira-de-cozinha-flexivel-de-estilo-moderno-torneiras-misturadoras-torneira-de-cozinha-de-zinco-com-rotacao-de-360-graus\/","name":"Modern Style 304 Stainless Steel Kitchen Faucet 360 Degree Rotating Flexible Tap Mixer 360 Degree Kitchen Faucet Kitchen Faucet - YOROOW","isPartOf":{"@id":"https:\/\/www.yoroow.com\/pt\/#website"},"primaryImageOfPage":{"@id":"https:\/\/www.yoroow.com\/pt\/pormenor-do-produto\/torneira-de-cozinha-flexivel-de-estilo-moderno-torneiras-misturadoras-torneira-de-cozinha-de-zinco-com-rotacao-de-360-graus\/#primaryimage"},"image":{"@id":"https:\/\/www.yoroow.com\/pt\/pormenor-do-produto\/torneira-de-cozinha-flexivel-de-estilo-moderno-torneiras-misturadoras-torneira-de-cozinha-de-zinco-com-rotacao-de-360-graus\/#primaryimage"},"thumbnailUrl":"https:\/\/www.yoroow.com\/wp-content\/uploads\/2025\/02\/\u5fae\u4fe1\u56fe\u7247_20210820145158.jpg","datePublished":"2025-02-25T06:07:38+00:00","dateModified":"2025-05-16T01:41:45+00:00","description":"This modern style 304 stainless steel kitchen faucet features a 360-degree rotating flexible mixer tap. Perfect for kitchen sinks requiring versatility and durability. Our Chinese factory guarantees high-quality materials and OEM customization for clients in South America and Southeast Asia.","breadcrumb":{"@id":"https:\/\/www.yoroow.com\/pt\/pormenor-do-produto\/torneira-de-cozinha-flexivel-de-estilo-moderno-torneiras-misturadoras-torneira-de-cozinha-de-zinco-com-rotacao-de-360-graus\/#breadcrumb"},"inLanguage":"pt-PT","potentialAction":[{"@type":"ReadAction","target":["https:\/\/www.yoroow.com\/pt\/pormenor-do-produto\/torneira-de-cozinha-flexivel-de-estilo-moderno-torneiras-misturadoras-torneira-de-cozinha-de-zinco-com-rotacao-de-360-graus\/"]}]},{"@type":"ImageObject","inLanguage":"pt-PT","@id":"https:\/\/www.yoroow.com\/pt\/pormenor-do-produto\/torneira-de-cozinha-flexivel-de-estilo-moderno-torneiras-misturadoras-torneira-de-cozinha-de-zinco-com-rotacao-de-360-graus\/#primaryimage","url":"https:\/\/www.yoroow.com\/wp-content\/uploads\/2025\/02\/\u5fae\u4fe1\u56fe\u7247_20210820145158.jpg","contentUrl":"https:\/\/www.yoroow.com\/wp-content\/uploads\/2025\/02\/\u5fae\u4fe1\u56fe\u7247_20210820145158.jpg","width":737,"height":737,"caption":"Hot Sale 304 Stainless Steel Kitchen Faucet 360 Degree Rotating Flexible Tap Mixer 360 Degree Rotating Stainless Kitchen Faucet - 7503B1-070P-C36(RD)"},{"@type":"BreadcrumbList","@id":"https:\/\/www.yoroow.com\/pt\/pormenor-do-produto\/torneira-de-cozinha-flexivel-de-estilo-moderno-torneiras-misturadoras-torneira-de-cozinha-de-zinco-com-rotacao-de-360-graus\/#breadcrumb","itemListElement":[{"@type":"ListItem","position":1,"name":"home","item":"https:\/\/www.yoroow.com\/"},{"@type":"ListItem","position":2,"name":"Product","item":"https:\/\/www.yoroow.com\/product\/"},{"@type":"ListItem","position":3,"name":"Modern Style 304 Stainless Steel Kitchen Faucet 360 Degree Rotating Flexible Tap Mixer 360 Degree Kitchen Faucet Kitchen Faucet"}]},{"@type":"WebSite","@id":"https:\/\/www.yoroow.com\/pt\/#website","url":"https:\/\/www.yoroow.com\/pt\/","name":"YOROOW","description":"","publisher":{"@id":"https:\/\/www.yoroow.com\/pt\/#organization"},"potentialAction":[{"@type":"SearchAction","target":{"@type":"EntryPoint","urlTemplate":"https:\/\/www.yoroow.com\/pt\/?s={search_term_string}"},"query-input":{"@type":"PropertyValueSpecification","valueRequired":true,"valueName":"search_term_string"}}],"inLanguage":"pt-PT"},{"@type":"Organization","@id":"https:\/\/www.yoroow.com\/pt\/#organization","name":"YOROOW","url":"https:\/\/www.yoroow.com\/pt\/","logo":{"@type":"ImageObject","inLanguage":"pt-PT","@id":"https:\/\/www.yoroow.com\/pt\/#\/schema\/logo\/image\/","url":"https:\/\/www.yoroow.com\/wp-content\/uploads\/2024\/12\/2024123007131061.png","contentUrl":"https:\/\/www.yoroow.com\/wp-content\/uploads\/2024\/12\/2024123007131061.png","width":168,"height":27,"caption":"YOROOW"},"image":{"@id":"https:\/\/www.yoroow.com\/pt\/#\/schema\/logo\/image\/"},"sameAs":["https:\/\/www.facebook.com\/people\/yoroowfaucetfactory\/61564236752362\/"]}]}},"_links":{"self":[{"href":"https:\/\/www.yoroow.com\/pt\/wp-json\/wp\/v2\/product\/12913","targetHints":{"allow":["GET"]}}],"collection":[{"href":"https:\/\/www.yoroow.com\/pt\/wp-json\/wp\/v2\/product"}],"about":[{"href":"https:\/\/www.yoroow.com\/pt\/wp-json\/wp\/v2\/types\/product"}],"wp:featuredmedia":[{"embeddable":true,"href":"https:\/\/www.yoroow.com\/pt\/wp-json\/wp\/v2\/media\/12890"}],"wp:attachment":[{"href":"https:\/\/www.yoroow.com\/pt\/wp-json\/wp\/v2\/media?parent=12913"}],"wp:term":[{"taxonomy":"product_brand","embeddable":true,"href":"https:\/\/www.yoroow.com\/pt\/wp-json\/wp\/v2\/product_brand?post=12913"},{"taxonomy":"product_cat","embeddable":true,"href":"https:\/\/www.yoroow.com\/pt\/wp-json\/wp\/v2\/product_cat?post=12913"},{"taxonomy":"product_tag","embeddable":true,"href":"https:\/\/www.yoroow.com\/pt\/wp-json\/wp\/v2\/product_tag?post=12913"}],"curies":[{"name":"wp","href":"https:\/\/api.w.org\/{rel}","templated":true}]}}