{"id":12810,"date":"2025-02-25T11:07:06","date_gmt":"2025-02-25T03:07:06","guid":{"rendered":"https:\/\/www.yoroow.com\/?post_type=product&#038;p=12810"},"modified":"2025-05-16T09:41:03","modified_gmt":"2025-05-16T01:41:03","slug":"torneira-de-lavatorio-de-casa-de-banho-torneira-de-lavatorio-alta-de-zinco-com-corpo-de-zinco-de-pega-unica-e-agua-fria","status":"publish","type":"product","link":"https:\/\/www.yoroow.com\/pt\/pormenor-do-produto\/torneira-de-lavatorio-de-casa-de-banho-torneira-de-lavatorio-alta-de-zinco-com-corpo-de-zinco-de-pega-unica-e-agua-fria\/","title":{"rendered":"Torneira barroca de luxo para lavat\u00f3rio de \u00e1gua fria de corpo alto em zinco Torneira de lavat\u00f3rio alto de \u00e1gua fria de pega \u00fanica para lavat\u00f3rio de casa de banho"},"content":{"rendered":"<p>Torneira barroca de luxo para lavat\u00f3rio de \u00e1gua fria de corpo alto em zinco, montada no conv\u00e9s, torneira de lavat\u00f3rio alta e fria de man\u00edpulo \u00fanico para lavat\u00f3rio de casa de banho e torneira barroca de luxo para lavat\u00f3rio de casa de banho, torneira quadrada para lavat\u00f3rio Com o seu corpo alto em zinco e design barroco ornamentado, esta torneira \u00fanica para lavat\u00f3rio de \u00e1gua fria destaca-se em espa\u00e7os de casa de banho de luxo. A forma quadrada e a instala\u00e7\u00e3o de um \u00fanico orif\u00edcio para montagem no conv\u00e9s oferecem praticidade e eleg\u00e2ncia. \u00c9 muito utilizada em hot\u00e9is, sal\u00f5es de beleza e resid\u00eancias de luxo. Fabricada na China, com uma garantia de qualidade rigorosa e op\u00e7\u00f5es de personaliza\u00e7\u00e3o decorativas, atrai os importadores da Am\u00e9rica do Sul e do Sudeste Asi\u00e1tico que pretendem fornecer acess\u00f3rios de casa de banho de alto valor e de design.<\/p>","protected":false},"excerpt":{"rendered":"<p>Luxury Baroque Single Cold Water Basin Faucet High Zinc Body Deck Mounted Single Handle Single Cold Tall Basin Tap for Bathroom Sink and luxury baroque basin faucet for bathroom, square basin faucet With its tall zinc body and ornate baroque design, this single cold water basin faucet stands out in luxury bathroom spaces. The square&#8230;<\/p>","protected":false},"featured_media":12814,"template":"","meta":{"_acf_changed":false,"_kad_post_transparent":"default","_kad_post_title":"","_kad_post_layout":"default","_kad_post_sidebar_id":"","_kad_post_content_style":"default","_kad_post_vertical_padding":"default","_kad_post_feature":"","_kad_post_feature_position":"","_kad_post_header":false,"_kad_post_footer":false},"product_brand":[],"product_cat":[219,1559],"product_tag":[3391,3378],"class_list":{"0":"post-12810","1":"product","2":"type-product","3":"status-publish","4":"has-post-thumbnail","6":"product_cat-single-cold-basin-faucet","7":"product_cat-tall-basin-faucet","8":"product_tag-luxury-baroque-basin-faucet-for-bathroom","9":"product_tag-square-basin-faucet","11":"first","12":"instock","13":"shipping-taxable","14":"purchasable","15":"product-type-variable","16":"wvs-archive-product-wrapper","17":"entry","18":"content-bg","19":"loop-entry"},"acf":[],"yoast_head":"<!-- This site is optimized with the Yoast SEO Premium plugin v25.4 (Yoast SEO v27.0) - https:\/\/yoast.com\/product\/yoast-seo-premium-wordpress\/ -->\n<title>Luxury Baroque Single Cold Water Basin Faucet High Zinc Body Deck Mounted Single Handle Single Cold Tall Basin Tap for Bathroom Sink - YOROOW<\/title>\n<meta name=\"description\" content=\"This tall basin tap features a golden zinc body and baroque design, combining traditional elegance with modern utility. Its single cold water function and deck mount fit well in upscale hotel or residential settings. Exported by our Chinese factory to South America and Southeast Asia with flexible customization.\" \/>\n<meta name=\"robots\" content=\"index, follow, max-snippet:-1, max-image-preview:large, max-video-preview:-1\" \/>\n<link rel=\"canonical\" href=\"https:\/\/www.yoroow.com\/pt\/pormenor-do-produto\/torneira-de-lavatorio-de-casa-de-banho-torneira-de-lavatorio-alta-de-zinco-com-corpo-de-zinco-de-pega-unica-e-agua-fria\/\" \/>\n<meta property=\"og:locale\" content=\"pt_PT\" \/>\n<meta property=\"og:type\" content=\"article\" \/>\n<meta property=\"og:title\" content=\"Luxury Baroque Single Cold Water Basin Faucet High Zinc Body Deck Mounted Single Handle Single Cold Tall Basin Tap for Bathroom Sink\" \/>\n<meta property=\"og:description\" content=\"This tall basin tap features a golden zinc body and baroque design, combining traditional elegance with modern utility. Its single cold water function and deck mount fit well in upscale hotel or residential settings. Exported by our Chinese factory to South America and Southeast Asia with flexible customization.\" \/>\n<meta property=\"og:url\" content=\"https:\/\/www.yoroow.com\/pt\/pormenor-do-produto\/torneira-de-lavatorio-de-casa-de-banho-torneira-de-lavatorio-alta-de-zinco-com-corpo-de-zinco-de-pega-unica-e-agua-fria\/\" \/>\n<meta property=\"og:site_name\" content=\"YOROOW\" \/>\n<meta property=\"article:publisher\" content=\"https:\/\/www.facebook.com\/people\/yoroowfaucetfactory\/61564236752362\/\" \/>\n<meta property=\"article:modified_time\" content=\"2025-05-16T01:41:03+00:00\" \/>\n<meta property=\"og:image\" content=\"https:\/\/www.yoroow.com\/wp-content\/uploads\/2025\/02\/12798083410_186434502-2.jpg\" \/>\n\t<meta property=\"og:image:width\" content=\"539\" \/>\n\t<meta property=\"og:image:height\" content=\"539\" \/>\n\t<meta property=\"og:image:type\" content=\"image\/jpeg\" \/>\n<meta name=\"twitter:card\" content=\"summary_large_image\" \/>\n<meta name=\"twitter:label1\" content=\"Est. reading time\" \/>\n\t<meta name=\"twitter:data1\" content=\"1 minuto\" \/>\n<script type=\"application\/ld+json\" class=\"yoast-schema-graph\">{\"@context\":\"https:\/\/schema.org\",\"@graph\":[{\"@type\":\"WebPage\",\"@id\":\"https:\/\/www.yoroow.com\/pt\/pormenor-do-produto\/torneira-de-lavatorio-de-casa-de-banho-torneira-de-lavatorio-alta-de-zinco-com-corpo-de-zinco-de-pega-unica-e-agua-fria\/\",\"url\":\"https:\/\/www.yoroow.com\/pt\/pormenor-do-produto\/torneira-de-lavatorio-de-casa-de-banho-torneira-de-lavatorio-alta-de-zinco-com-corpo-de-zinco-de-pega-unica-e-agua-fria\/\",\"name\":\"Luxury Baroque Single Cold Water Basin Faucet High Zinc Body Deck Mounted Single Handle Single Cold Tall Basin Tap for Bathroom Sink - YOROOW\",\"isPartOf\":{\"@id\":\"https:\/\/www.yoroow.com\/pt\/#website\"},\"primaryImageOfPage\":{\"@id\":\"https:\/\/www.yoroow.com\/pt\/pormenor-do-produto\/torneira-de-lavatorio-de-casa-de-banho-torneira-de-lavatorio-alta-de-zinco-com-corpo-de-zinco-de-pega-unica-e-agua-fria\/#primaryimage\"},\"image\":{\"@id\":\"https:\/\/www.yoroow.com\/pt\/pormenor-do-produto\/torneira-de-lavatorio-de-casa-de-banho-torneira-de-lavatorio-alta-de-zinco-com-corpo-de-zinco-de-pega-unica-e-agua-fria\/#primaryimage\"},\"thumbnailUrl\":\"https:\/\/www.yoroow.com\/wp-content\/uploads\/2025\/02\/12798083410_186434502-2.jpg\",\"datePublished\":\"2025-02-25T03:07:06+00:00\",\"dateModified\":\"2025-05-16T01:41:03+00:00\",\"description\":\"This tall basin tap features a golden zinc body and baroque design, combining traditional elegance with modern utility. Its single cold water function and deck mount fit well in upscale hotel or residential settings. Exported by our Chinese factory to South America and Southeast Asia with flexible customization.\",\"breadcrumb\":{\"@id\":\"https:\/\/www.yoroow.com\/pt\/pormenor-do-produto\/torneira-de-lavatorio-de-casa-de-banho-torneira-de-lavatorio-alta-de-zinco-com-corpo-de-zinco-de-pega-unica-e-agua-fria\/#breadcrumb\"},\"inLanguage\":\"pt-PT\",\"potentialAction\":[{\"@type\":\"ReadAction\",\"target\":[\"https:\/\/www.yoroow.com\/pt\/pormenor-do-produto\/torneira-de-lavatorio-de-casa-de-banho-torneira-de-lavatorio-alta-de-zinco-com-corpo-de-zinco-de-pega-unica-e-agua-fria\/\"]}]},{\"@type\":\"ImageObject\",\"inLanguage\":\"pt-PT\",\"@id\":\"https:\/\/www.yoroow.com\/pt\/pormenor-do-produto\/torneira-de-lavatorio-de-casa-de-banho-torneira-de-lavatorio-alta-de-zinco-com-corpo-de-zinco-de-pega-unica-e-agua-fria\/#primaryimage\",\"url\":\"https:\/\/www.yoroow.com\/wp-content\/uploads\/2025\/02\/12798083410_186434502-2.jpg\",\"contentUrl\":\"https:\/\/www.yoroow.com\/wp-content\/uploads\/2025\/02\/12798083410_186434502-2.jpg\",\"width\":539,\"height\":539,\"caption\":\"Good Price Golden Basin Faucet Modern Square Design Single Cold Water Tap for Bathroom Sink High Quality Zinc Body Deck Mounted\"},{\"@type\":\"BreadcrumbList\",\"@id\":\"https:\/\/www.yoroow.com\/pt\/pormenor-do-produto\/torneira-de-lavatorio-de-casa-de-banho-torneira-de-lavatorio-alta-de-zinco-com-corpo-de-zinco-de-pega-unica-e-agua-fria\/#breadcrumb\",\"itemListElement\":[{\"@type\":\"ListItem\",\"position\":1,\"name\":\"home\",\"item\":\"https:\/\/www.yoroow.com\/\"},{\"@type\":\"ListItem\",\"position\":2,\"name\":\"Product\",\"item\":\"https:\/\/www.yoroow.com\/product\/\"},{\"@type\":\"ListItem\",\"position\":3,\"name\":\"Luxury Baroque Single Cold Water Basin Faucet High Zinc Body Deck Mounted Single Handle Single Cold Tall Basin Tap for Bathroom Sink\"}]},{\"@type\":\"WebSite\",\"@id\":\"https:\/\/www.yoroow.com\/pt\/#website\",\"url\":\"https:\/\/www.yoroow.com\/pt\/\",\"name\":\"YOROOW\",\"description\":\"\",\"publisher\":{\"@id\":\"https:\/\/www.yoroow.com\/pt\/#organization\"},\"potentialAction\":[{\"@type\":\"SearchAction\",\"target\":{\"@type\":\"EntryPoint\",\"urlTemplate\":\"https:\/\/www.yoroow.com\/pt\/?s={search_term_string}\"},\"query-input\":{\"@type\":\"PropertyValueSpecification\",\"valueRequired\":true,\"valueName\":\"search_term_string\"}}],\"inLanguage\":\"pt-PT\"},{\"@type\":\"Organization\",\"@id\":\"https:\/\/www.yoroow.com\/pt\/#organization\",\"name\":\"YOROOW\",\"url\":\"https:\/\/www.yoroow.com\/pt\/\",\"logo\":{\"@type\":\"ImageObject\",\"inLanguage\":\"pt-PT\",\"@id\":\"https:\/\/www.yoroow.com\/pt\/#\/schema\/logo\/image\/\",\"url\":\"https:\/\/www.yoroow.com\/wp-content\/uploads\/2024\/12\/2024123007131061.png\",\"contentUrl\":\"https:\/\/www.yoroow.com\/wp-content\/uploads\/2024\/12\/2024123007131061.png\",\"width\":168,\"height\":27,\"caption\":\"YOROOW\"},\"image\":{\"@id\":\"https:\/\/www.yoroow.com\/pt\/#\/schema\/logo\/image\/\"},\"sameAs\":[\"https:\/\/www.facebook.com\/people\/yoroowfaucetfactory\/61564236752362\/\"]}]}<\/script>\n<!-- \/ Yoast SEO Premium plugin. -->","yoast_head_json":{"title":"Luxury Baroque Single Cold Water Basin Faucet High Zinc Body Deck Mounted Single Handle Single Cold Tall Basin Tap for Bathroom Sink - YOROOW","description":"This tall basin tap features a golden zinc body and baroque design, combining traditional elegance with modern utility. Its single cold water function and deck mount fit well in upscale hotel or residential settings. Exported by our Chinese factory to South America and Southeast Asia with flexible customization.","robots":{"index":"index","follow":"follow","max-snippet":"max-snippet:-1","max-image-preview":"max-image-preview:large","max-video-preview":"max-video-preview:-1"},"canonical":"https:\/\/www.yoroow.com\/pt\/pormenor-do-produto\/torneira-de-lavatorio-de-casa-de-banho-torneira-de-lavatorio-alta-de-zinco-com-corpo-de-zinco-de-pega-unica-e-agua-fria\/","og_locale":"pt_PT","og_type":"article","og_title":"Luxury Baroque Single Cold Water Basin Faucet High Zinc Body Deck Mounted Single Handle Single Cold Tall Basin Tap for Bathroom Sink","og_description":"This tall basin tap features a golden zinc body and baroque design, combining traditional elegance with modern utility. Its single cold water function and deck mount fit well in upscale hotel or residential settings. Exported by our Chinese factory to South America and Southeast Asia with flexible customization.","og_url":"https:\/\/www.yoroow.com\/pt\/pormenor-do-produto\/torneira-de-lavatorio-de-casa-de-banho-torneira-de-lavatorio-alta-de-zinco-com-corpo-de-zinco-de-pega-unica-e-agua-fria\/","og_site_name":"YOROOW","article_publisher":"https:\/\/www.facebook.com\/people\/yoroowfaucetfactory\/61564236752362\/","article_modified_time":"2025-05-16T01:41:03+00:00","og_image":[{"width":539,"height":539,"url":"https:\/\/www.yoroow.com\/wp-content\/uploads\/2025\/02\/12798083410_186434502-2.jpg","type":"image\/jpeg"}],"twitter_card":"summary_large_image","twitter_misc":{"Est. reading time":"1 minuto"},"schema":{"@context":"https:\/\/schema.org","@graph":[{"@type":"WebPage","@id":"https:\/\/www.yoroow.com\/pt\/pormenor-do-produto\/torneira-de-lavatorio-de-casa-de-banho-torneira-de-lavatorio-alta-de-zinco-com-corpo-de-zinco-de-pega-unica-e-agua-fria\/","url":"https:\/\/www.yoroow.com\/pt\/pormenor-do-produto\/torneira-de-lavatorio-de-casa-de-banho-torneira-de-lavatorio-alta-de-zinco-com-corpo-de-zinco-de-pega-unica-e-agua-fria\/","name":"Luxury Baroque Single Cold Water Basin Faucet High Zinc Body Deck Mounted Single Handle Single Cold Tall Basin Tap for Bathroom Sink - YOROOW","isPartOf":{"@id":"https:\/\/www.yoroow.com\/pt\/#website"},"primaryImageOfPage":{"@id":"https:\/\/www.yoroow.com\/pt\/pormenor-do-produto\/torneira-de-lavatorio-de-casa-de-banho-torneira-de-lavatorio-alta-de-zinco-com-corpo-de-zinco-de-pega-unica-e-agua-fria\/#primaryimage"},"image":{"@id":"https:\/\/www.yoroow.com\/pt\/pormenor-do-produto\/torneira-de-lavatorio-de-casa-de-banho-torneira-de-lavatorio-alta-de-zinco-com-corpo-de-zinco-de-pega-unica-e-agua-fria\/#primaryimage"},"thumbnailUrl":"https:\/\/www.yoroow.com\/wp-content\/uploads\/2025\/02\/12798083410_186434502-2.jpg","datePublished":"2025-02-25T03:07:06+00:00","dateModified":"2025-05-16T01:41:03+00:00","description":"This tall basin tap features a golden zinc body and baroque design, combining traditional elegance with modern utility. Its single cold water function and deck mount fit well in upscale hotel or residential settings. Exported by our Chinese factory to South America and Southeast Asia with flexible customization.","breadcrumb":{"@id":"https:\/\/www.yoroow.com\/pt\/pormenor-do-produto\/torneira-de-lavatorio-de-casa-de-banho-torneira-de-lavatorio-alta-de-zinco-com-corpo-de-zinco-de-pega-unica-e-agua-fria\/#breadcrumb"},"inLanguage":"pt-PT","potentialAction":[{"@type":"ReadAction","target":["https:\/\/www.yoroow.com\/pt\/pormenor-do-produto\/torneira-de-lavatorio-de-casa-de-banho-torneira-de-lavatorio-alta-de-zinco-com-corpo-de-zinco-de-pega-unica-e-agua-fria\/"]}]},{"@type":"ImageObject","inLanguage":"pt-PT","@id":"https:\/\/www.yoroow.com\/pt\/pormenor-do-produto\/torneira-de-lavatorio-de-casa-de-banho-torneira-de-lavatorio-alta-de-zinco-com-corpo-de-zinco-de-pega-unica-e-agua-fria\/#primaryimage","url":"https:\/\/www.yoroow.com\/wp-content\/uploads\/2025\/02\/12798083410_186434502-2.jpg","contentUrl":"https:\/\/www.yoroow.com\/wp-content\/uploads\/2025\/02\/12798083410_186434502-2.jpg","width":539,"height":539,"caption":"Good Price Golden Basin Faucet Modern Square Design Single Cold Water Tap for Bathroom Sink High Quality Zinc Body Deck Mounted"},{"@type":"BreadcrumbList","@id":"https:\/\/www.yoroow.com\/pt\/pormenor-do-produto\/torneira-de-lavatorio-de-casa-de-banho-torneira-de-lavatorio-alta-de-zinco-com-corpo-de-zinco-de-pega-unica-e-agua-fria\/#breadcrumb","itemListElement":[{"@type":"ListItem","position":1,"name":"home","item":"https:\/\/www.yoroow.com\/"},{"@type":"ListItem","position":2,"name":"Product","item":"https:\/\/www.yoroow.com\/product\/"},{"@type":"ListItem","position":3,"name":"Luxury Baroque Single Cold Water Basin Faucet High Zinc Body Deck Mounted Single Handle Single Cold Tall Basin Tap for Bathroom Sink"}]},{"@type":"WebSite","@id":"https:\/\/www.yoroow.com\/pt\/#website","url":"https:\/\/www.yoroow.com\/pt\/","name":"YOROOW","description":"","publisher":{"@id":"https:\/\/www.yoroow.com\/pt\/#organization"},"potentialAction":[{"@type":"SearchAction","target":{"@type":"EntryPoint","urlTemplate":"https:\/\/www.yoroow.com\/pt\/?s={search_term_string}"},"query-input":{"@type":"PropertyValueSpecification","valueRequired":true,"valueName":"search_term_string"}}],"inLanguage":"pt-PT"},{"@type":"Organization","@id":"https:\/\/www.yoroow.com\/pt\/#organization","name":"YOROOW","url":"https:\/\/www.yoroow.com\/pt\/","logo":{"@type":"ImageObject","inLanguage":"pt-PT","@id":"https:\/\/www.yoroow.com\/pt\/#\/schema\/logo\/image\/","url":"https:\/\/www.yoroow.com\/wp-content\/uploads\/2024\/12\/2024123007131061.png","contentUrl":"https:\/\/www.yoroow.com\/wp-content\/uploads\/2024\/12\/2024123007131061.png","width":168,"height":27,"caption":"YOROOW"},"image":{"@id":"https:\/\/www.yoroow.com\/pt\/#\/schema\/logo\/image\/"},"sameAs":["https:\/\/www.facebook.com\/people\/yoroowfaucetfactory\/61564236752362\/"]}]}},"_links":{"self":[{"href":"https:\/\/www.yoroow.com\/pt\/wp-json\/wp\/v2\/product\/12810","targetHints":{"allow":["GET"]}}],"collection":[{"href":"https:\/\/www.yoroow.com\/pt\/wp-json\/wp\/v2\/product"}],"about":[{"href":"https:\/\/www.yoroow.com\/pt\/wp-json\/wp\/v2\/types\/product"}],"wp:featuredmedia":[{"embeddable":true,"href":"https:\/\/www.yoroow.com\/pt\/wp-json\/wp\/v2\/media\/12814"}],"wp:attachment":[{"href":"https:\/\/www.yoroow.com\/pt\/wp-json\/wp\/v2\/media?parent=12810"}],"wp:term":[{"taxonomy":"product_brand","embeddable":true,"href":"https:\/\/www.yoroow.com\/pt\/wp-json\/wp\/v2\/product_brand?post=12810"},{"taxonomy":"product_cat","embeddable":true,"href":"https:\/\/www.yoroow.com\/pt\/wp-json\/wp\/v2\/product_cat?post=12810"},{"taxonomy":"product_tag","embeddable":true,"href":"https:\/\/www.yoroow.com\/pt\/wp-json\/wp\/v2\/product_tag?post=12810"}],"curies":[{"name":"wp","href":"https:\/\/api.w.org\/{rel}","templated":true}]}}