{"id":12809,"date":"2025-02-25T13:14:06","date_gmt":"2025-02-25T05:14:06","guid":{"rendered":"https:\/\/www.yoroow.com\/?post_type=product&#038;p=12809"},"modified":"2025-05-16T09:41:01","modified_gmt":"2025-05-16T01:41:01","slug":"torneira-de-lavatorio-de-casa-de-banho-torneira-de-lavatorio-quadrada-de-zinco-com-corpo-de-zinco-de-pega-unica-e-agua-fria","status":"publish","type":"product","link":"https:\/\/www.yoroow.com\/pt\/pormenor-do-produto\/torneira-de-lavatorio-de-casa-de-banho-torneira-de-lavatorio-quadrada-de-zinco-com-corpo-de-zinco-de-pega-unica-e-agua-fria\/","title":{"rendered":"Torneira de lavat\u00f3rio de ouro barroco de luxo para casa de banho Torneira de lavat\u00f3rio de \u00e1gua fria simples com corpo de zinco e torneira quadrada montada no conv\u00e9s"},"content":{"rendered":"<p>Torneira de lavat\u00f3rio de ouro barroco de luxo para casa de banho Torneira de lavat\u00f3rio de \u00e1gua fria simples com corpo de zinco torneira quadrada montada no conv\u00e9s e torneiras de lavat\u00f3rio de ouro para casa de banho, torneira de lavat\u00f3rio barroca de luxo para casa de banho Esta torneira de casa de banho de estilo barroco apresenta um luxuoso acabamento dourado e um design quadrado, fabricado em liga de zinco s\u00f3lida. Oferece uma funcionalidade de man\u00edpulo \u00fanico para facilitar a utiliza\u00e7\u00e3o e \u00e9 montada no conv\u00e9s para uma instala\u00e7\u00e3o r\u00e1pida. Esta torneira apelativa real\u00e7a as casas de banho de luxo e as \u00e1reas de toucador. A f\u00e1brica chinesa \u00e9 especializada em designs ornamentados e fornece um fornecimento est\u00e1vel e servi\u00e7os de marca personalizados, tornando-a ideal para distribuidores na Am\u00e9rica do Sul e no Sudeste Asi\u00e1tico que procuram produtos elegantes e a pre\u00e7os competitivos.<\/p>","protected":false},"excerpt":{"rendered":"<p>Torneira de lavat\u00f3rio de ouro barroco de luxo para casa de banho Torneira de lavat\u00f3rio de \u00e1gua fria simples com corpo de zinco torneira quadrada montada no conv\u00e9s, torneira de lavat\u00f3rio moderna de pega \u00fanica e torneiras de lavat\u00f3rio de ouro, torneira de lavat\u00f3rio barroca de luxo para casa de banho Esta torneira de casa de banho de estilo barroco apresenta um acabamento dourado luxuoso e um design quadrado, fabricado em liga de zinco s\u00f3lida. Oferece uma funcionalidade de man\u00edpulo \u00fanico para...<\/p>","protected":false},"featured_media":12825,"template":"","meta":{"_acf_changed":false,"_kad_post_transparent":"default","_kad_post_title":"","_kad_post_layout":"default","_kad_post_sidebar_id":"","_kad_post_content_style":"default","_kad_post_vertical_padding":"default","_kad_post_feature":"","_kad_post_feature_position":"","_kad_post_header":false,"_kad_post_footer":false},"product_brand":[],"product_cat":[219,1557],"product_tag":[3458,3391],"class_list":{"0":"post-12809","1":"product","2":"type-product","3":"status-publish","4":"has-post-thumbnail","6":"product_cat-single-cold-basin-faucet","7":"product_cat-square-basin-faucet","8":"product_tag-gold-bathroom-basin-taps","9":"product_tag-luxury-baroque-basin-faucet-for-bathroom","11":"first","12":"instock","13":"shipping-taxable","14":"purchasable","15":"product-type-variable","16":"wvs-archive-product-wrapper","17":"entry","18":"content-bg","19":"loop-entry"},"acf":[],"yoast_head":"<!-- This site is optimized with the Yoast SEO Premium plugin v25.4 (Yoast SEO v27.0) - https:\/\/yoast.com\/product\/yoast-seo-premium-wordpress\/ -->\n<title>Luxury Baroque Gold Bathroom Basin Tap Single Cold Water Zinc Body Square Faucet Deck Mounted Single Handle Modern Sink Tap - YOROOW<\/title>\n<meta name=\"description\" content=\"This baroque-style gold basin tap features a zinc body and modern square design, perfect for luxurious bathroom settings. With a single cold function, it\u2019s easy to install and maintain. Produced in our Chinese factory, it&#039;s widely exported to high-end markets in South America and Southeast Asia.\" \/>\n<meta name=\"robots\" content=\"index, follow, max-snippet:-1, max-image-preview:large, max-video-preview:-1\" \/>\n<link rel=\"canonical\" href=\"https:\/\/www.yoroow.com\/pt\/pormenor-do-produto\/torneira-de-lavatorio-de-casa-de-banho-torneira-de-lavatorio-quadrada-de-zinco-com-corpo-de-zinco-de-pega-unica-e-agua-fria\/\" \/>\n<meta property=\"og:locale\" content=\"pt_PT\" \/>\n<meta property=\"og:type\" content=\"article\" \/>\n<meta property=\"og:title\" content=\"Luxury Baroque Gold Bathroom Basin Tap Single Cold Water Zinc Body Square Faucet Deck Mounted Single Handle Modern Sink Tap\" \/>\n<meta property=\"og:description\" content=\"This baroque-style gold basin tap features a zinc body and modern square design, perfect for luxurious bathroom settings. With a single cold function, it\u2019s easy to install and maintain. Produced in our Chinese factory, it&#039;s widely exported to high-end markets in South America and Southeast Asia.\" \/>\n<meta property=\"og:url\" content=\"https:\/\/www.yoroow.com\/pt\/pormenor-do-produto\/torneira-de-lavatorio-de-casa-de-banho-torneira-de-lavatorio-quadrada-de-zinco-com-corpo-de-zinco-de-pega-unica-e-agua-fria\/\" \/>\n<meta property=\"og:site_name\" content=\"YOROOW\" \/>\n<meta property=\"article:publisher\" content=\"https:\/\/www.facebook.com\/people\/yoroowfaucetfactory\/61564236752362\/\" \/>\n<meta property=\"article:modified_time\" content=\"2025-05-16T01:41:01+00:00\" \/>\n<meta property=\"og:image\" content=\"https:\/\/www.yoroow.com\/wp-content\/uploads\/2025\/02\/\u73ab\u7470\u91d1.jpg\" \/>\n\t<meta property=\"og:image:width\" content=\"363\" \/>\n\t<meta property=\"og:image:height\" content=\"363\" \/>\n\t<meta property=\"og:image:type\" content=\"image\/jpeg\" \/>\n<meta name=\"twitter:card\" content=\"summary_large_image\" \/>\n<meta name=\"twitter:label1\" content=\"Est. reading time\" \/>\n\t<meta name=\"twitter:data1\" content=\"1 minuto\" \/>\n<script type=\"application\/ld+json\" class=\"yoast-schema-graph\">{\"@context\":\"https:\/\/schema.org\",\"@graph\":[{\"@type\":\"WebPage\",\"@id\":\"https:\/\/www.yoroow.com\/pt\/pormenor-do-produto\/torneira-de-lavatorio-de-casa-de-banho-torneira-de-lavatorio-quadrada-de-zinco-com-corpo-de-zinco-de-pega-unica-e-agua-fria\/\",\"url\":\"https:\/\/www.yoroow.com\/pt\/pormenor-do-produto\/torneira-de-lavatorio-de-casa-de-banho-torneira-de-lavatorio-quadrada-de-zinco-com-corpo-de-zinco-de-pega-unica-e-agua-fria\/\",\"name\":\"Luxury Baroque Gold Bathroom Basin Tap Single Cold Water Zinc Body Square Faucet Deck Mounted Single Handle Modern Sink Tap - YOROOW\",\"isPartOf\":{\"@id\":\"https:\/\/www.yoroow.com\/pt\/#website\"},\"primaryImageOfPage\":{\"@id\":\"https:\/\/www.yoroow.com\/pt\/pormenor-do-produto\/torneira-de-lavatorio-de-casa-de-banho-torneira-de-lavatorio-quadrada-de-zinco-com-corpo-de-zinco-de-pega-unica-e-agua-fria\/#primaryimage\"},\"image\":{\"@id\":\"https:\/\/www.yoroow.com\/pt\/pormenor-do-produto\/torneira-de-lavatorio-de-casa-de-banho-torneira-de-lavatorio-quadrada-de-zinco-com-corpo-de-zinco-de-pega-unica-e-agua-fria\/#primaryimage\"},\"thumbnailUrl\":\"https:\/\/www.yoroow.com\/wp-content\/uploads\/2025\/02\/\u73ab\u7470\u91d1.jpg\",\"datePublished\":\"2025-02-25T05:14:06+00:00\",\"dateModified\":\"2025-05-16T01:41:01+00:00\",\"description\":\"This baroque-style gold basin tap features a zinc body and modern square design, perfect for luxurious bathroom settings. With a single cold function, it\u2019s easy to install and maintain. Produced in our Chinese factory, it's widely exported to high-end markets in South America and Southeast Asia.\",\"breadcrumb\":{\"@id\":\"https:\/\/www.yoroow.com\/pt\/pormenor-do-produto\/torneira-de-lavatorio-de-casa-de-banho-torneira-de-lavatorio-quadrada-de-zinco-com-corpo-de-zinco-de-pega-unica-e-agua-fria\/#breadcrumb\"},\"inLanguage\":\"pt-PT\",\"potentialAction\":[{\"@type\":\"ReadAction\",\"target\":[\"https:\/\/www.yoroow.com\/pt\/pormenor-do-produto\/torneira-de-lavatorio-de-casa-de-banho-torneira-de-lavatorio-quadrada-de-zinco-com-corpo-de-zinco-de-pega-unica-e-agua-fria\/\"]}]},{\"@type\":\"ImageObject\",\"inLanguage\":\"pt-PT\",\"@id\":\"https:\/\/www.yoroow.com\/pt\/pormenor-do-produto\/torneira-de-lavatorio-de-casa-de-banho-torneira-de-lavatorio-quadrada-de-zinco-com-corpo-de-zinco-de-pega-unica-e-agua-fria\/#primaryimage\",\"url\":\"https:\/\/www.yoroow.com\/wp-content\/uploads\/2025\/02\/\u73ab\u7470\u91d1.jpg\",\"contentUrl\":\"https:\/\/www.yoroow.com\/wp-content\/uploads\/2025\/02\/\u73ab\u7470\u91d1.jpg\",\"width\":363,\"height\":363,\"caption\":\"Luxury Baroque Gold Bathroom Basin Tap Single Cold Water Zinc Body Square Faucet Deck Mounted Single Handle Modern Sink Tap\"},{\"@type\":\"BreadcrumbList\",\"@id\":\"https:\/\/www.yoroow.com\/pt\/pormenor-do-produto\/torneira-de-lavatorio-de-casa-de-banho-torneira-de-lavatorio-quadrada-de-zinco-com-corpo-de-zinco-de-pega-unica-e-agua-fria\/#breadcrumb\",\"itemListElement\":[{\"@type\":\"ListItem\",\"position\":1,\"name\":\"home\",\"item\":\"https:\/\/www.yoroow.com\/\"},{\"@type\":\"ListItem\",\"position\":2,\"name\":\"Product\",\"item\":\"https:\/\/www.yoroow.com\/product\/\"},{\"@type\":\"ListItem\",\"position\":3,\"name\":\"Luxury Baroque Gold Bathroom Basin Tap Single Cold Water Zinc Body Square Faucet Deck Mounted Single Handle Modern Sink Tap\"}]},{\"@type\":\"WebSite\",\"@id\":\"https:\/\/www.yoroow.com\/pt\/#website\",\"url\":\"https:\/\/www.yoroow.com\/pt\/\",\"name\":\"YOROOW\",\"description\":\"\",\"publisher\":{\"@id\":\"https:\/\/www.yoroow.com\/pt\/#organization\"},\"potentialAction\":[{\"@type\":\"SearchAction\",\"target\":{\"@type\":\"EntryPoint\",\"urlTemplate\":\"https:\/\/www.yoroow.com\/pt\/?s={search_term_string}\"},\"query-input\":{\"@type\":\"PropertyValueSpecification\",\"valueRequired\":true,\"valueName\":\"search_term_string\"}}],\"inLanguage\":\"pt-PT\"},{\"@type\":\"Organization\",\"@id\":\"https:\/\/www.yoroow.com\/pt\/#organization\",\"name\":\"YOROOW\",\"url\":\"https:\/\/www.yoroow.com\/pt\/\",\"logo\":{\"@type\":\"ImageObject\",\"inLanguage\":\"pt-PT\",\"@id\":\"https:\/\/www.yoroow.com\/pt\/#\/schema\/logo\/image\/\",\"url\":\"https:\/\/www.yoroow.com\/wp-content\/uploads\/2024\/12\/2024123007131061.png\",\"contentUrl\":\"https:\/\/www.yoroow.com\/wp-content\/uploads\/2024\/12\/2024123007131061.png\",\"width\":168,\"height\":27,\"caption\":\"YOROOW\"},\"image\":{\"@id\":\"https:\/\/www.yoroow.com\/pt\/#\/schema\/logo\/image\/\"},\"sameAs\":[\"https:\/\/www.facebook.com\/people\/yoroowfaucetfactory\/61564236752362\/\"]}]}<\/script>\n<!-- \/ Yoast SEO Premium plugin. -->","yoast_head_json":{"title":"Luxury Baroque Gold Bathroom Basin Tap Single Cold Water Zinc Body Square Faucet Deck Mounted Single Handle Modern Sink Tap - YOROOW","description":"This baroque-style gold basin tap features a zinc body and modern square design, perfect for luxurious bathroom settings. With a single cold function, it\u2019s easy to install and maintain. Produced in our Chinese factory, it's widely exported to high-end markets in South America and Southeast Asia.","robots":{"index":"index","follow":"follow","max-snippet":"max-snippet:-1","max-image-preview":"max-image-preview:large","max-video-preview":"max-video-preview:-1"},"canonical":"https:\/\/www.yoroow.com\/pt\/pormenor-do-produto\/torneira-de-lavatorio-de-casa-de-banho-torneira-de-lavatorio-quadrada-de-zinco-com-corpo-de-zinco-de-pega-unica-e-agua-fria\/","og_locale":"pt_PT","og_type":"article","og_title":"Luxury Baroque Gold Bathroom Basin Tap Single Cold Water Zinc Body Square Faucet Deck Mounted Single Handle Modern Sink Tap","og_description":"This baroque-style gold basin tap features a zinc body and modern square design, perfect for luxurious bathroom settings. With a single cold function, it\u2019s easy to install and maintain. Produced in our Chinese factory, it's widely exported to high-end markets in South America and Southeast Asia.","og_url":"https:\/\/www.yoroow.com\/pt\/pormenor-do-produto\/torneira-de-lavatorio-de-casa-de-banho-torneira-de-lavatorio-quadrada-de-zinco-com-corpo-de-zinco-de-pega-unica-e-agua-fria\/","og_site_name":"YOROOW","article_publisher":"https:\/\/www.facebook.com\/people\/yoroowfaucetfactory\/61564236752362\/","article_modified_time":"2025-05-16T01:41:01+00:00","og_image":[{"width":363,"height":363,"url":"https:\/\/www.yoroow.com\/wp-content\/uploads\/2025\/02\/\u73ab\u7470\u91d1.jpg","type":"image\/jpeg"}],"twitter_card":"summary_large_image","twitter_misc":{"Est. reading time":"1 minuto"},"schema":{"@context":"https:\/\/schema.org","@graph":[{"@type":"WebPage","@id":"https:\/\/www.yoroow.com\/pt\/pormenor-do-produto\/torneira-de-lavatorio-de-casa-de-banho-torneira-de-lavatorio-quadrada-de-zinco-com-corpo-de-zinco-de-pega-unica-e-agua-fria\/","url":"https:\/\/www.yoroow.com\/pt\/pormenor-do-produto\/torneira-de-lavatorio-de-casa-de-banho-torneira-de-lavatorio-quadrada-de-zinco-com-corpo-de-zinco-de-pega-unica-e-agua-fria\/","name":"Luxury Baroque Gold Bathroom Basin Tap Single Cold Water Zinc Body Square Faucet Deck Mounted Single Handle Modern Sink Tap - YOROOW","isPartOf":{"@id":"https:\/\/www.yoroow.com\/pt\/#website"},"primaryImageOfPage":{"@id":"https:\/\/www.yoroow.com\/pt\/pormenor-do-produto\/torneira-de-lavatorio-de-casa-de-banho-torneira-de-lavatorio-quadrada-de-zinco-com-corpo-de-zinco-de-pega-unica-e-agua-fria\/#primaryimage"},"image":{"@id":"https:\/\/www.yoroow.com\/pt\/pormenor-do-produto\/torneira-de-lavatorio-de-casa-de-banho-torneira-de-lavatorio-quadrada-de-zinco-com-corpo-de-zinco-de-pega-unica-e-agua-fria\/#primaryimage"},"thumbnailUrl":"https:\/\/www.yoroow.com\/wp-content\/uploads\/2025\/02\/\u73ab\u7470\u91d1.jpg","datePublished":"2025-02-25T05:14:06+00:00","dateModified":"2025-05-16T01:41:01+00:00","description":"This baroque-style gold basin tap features a zinc body and modern square design, perfect for luxurious bathroom settings. With a single cold function, it\u2019s easy to install and maintain. Produced in our Chinese factory, it's widely exported to high-end markets in South America and Southeast Asia.","breadcrumb":{"@id":"https:\/\/www.yoroow.com\/pt\/pormenor-do-produto\/torneira-de-lavatorio-de-casa-de-banho-torneira-de-lavatorio-quadrada-de-zinco-com-corpo-de-zinco-de-pega-unica-e-agua-fria\/#breadcrumb"},"inLanguage":"pt-PT","potentialAction":[{"@type":"ReadAction","target":["https:\/\/www.yoroow.com\/pt\/pormenor-do-produto\/torneira-de-lavatorio-de-casa-de-banho-torneira-de-lavatorio-quadrada-de-zinco-com-corpo-de-zinco-de-pega-unica-e-agua-fria\/"]}]},{"@type":"ImageObject","inLanguage":"pt-PT","@id":"https:\/\/www.yoroow.com\/pt\/pormenor-do-produto\/torneira-de-lavatorio-de-casa-de-banho-torneira-de-lavatorio-quadrada-de-zinco-com-corpo-de-zinco-de-pega-unica-e-agua-fria\/#primaryimage","url":"https:\/\/www.yoroow.com\/wp-content\/uploads\/2025\/02\/\u73ab\u7470\u91d1.jpg","contentUrl":"https:\/\/www.yoroow.com\/wp-content\/uploads\/2025\/02\/\u73ab\u7470\u91d1.jpg","width":363,"height":363,"caption":"Luxury Baroque Gold Bathroom Basin Tap Single Cold Water Zinc Body Square Faucet Deck Mounted Single Handle Modern Sink Tap"},{"@type":"BreadcrumbList","@id":"https:\/\/www.yoroow.com\/pt\/pormenor-do-produto\/torneira-de-lavatorio-de-casa-de-banho-torneira-de-lavatorio-quadrada-de-zinco-com-corpo-de-zinco-de-pega-unica-e-agua-fria\/#breadcrumb","itemListElement":[{"@type":"ListItem","position":1,"name":"home","item":"https:\/\/www.yoroow.com\/"},{"@type":"ListItem","position":2,"name":"Product","item":"https:\/\/www.yoroow.com\/product\/"},{"@type":"ListItem","position":3,"name":"Luxury Baroque Gold Bathroom Basin Tap Single Cold Water Zinc Body Square Faucet Deck Mounted Single Handle Modern Sink Tap"}]},{"@type":"WebSite","@id":"https:\/\/www.yoroow.com\/pt\/#website","url":"https:\/\/www.yoroow.com\/pt\/","name":"YOROOW","description":"","publisher":{"@id":"https:\/\/www.yoroow.com\/pt\/#organization"},"potentialAction":[{"@type":"SearchAction","target":{"@type":"EntryPoint","urlTemplate":"https:\/\/www.yoroow.com\/pt\/?s={search_term_string}"},"query-input":{"@type":"PropertyValueSpecification","valueRequired":true,"valueName":"search_term_string"}}],"inLanguage":"pt-PT"},{"@type":"Organization","@id":"https:\/\/www.yoroow.com\/pt\/#organization","name":"YOROOW","url":"https:\/\/www.yoroow.com\/pt\/","logo":{"@type":"ImageObject","inLanguage":"pt-PT","@id":"https:\/\/www.yoroow.com\/pt\/#\/schema\/logo\/image\/","url":"https:\/\/www.yoroow.com\/wp-content\/uploads\/2024\/12\/2024123007131061.png","contentUrl":"https:\/\/www.yoroow.com\/wp-content\/uploads\/2024\/12\/2024123007131061.png","width":168,"height":27,"caption":"YOROOW"},"image":{"@id":"https:\/\/www.yoroow.com\/pt\/#\/schema\/logo\/image\/"},"sameAs":["https:\/\/www.facebook.com\/people\/yoroowfaucetfactory\/61564236752362\/"]}]}},"_links":{"self":[{"href":"https:\/\/www.yoroow.com\/pt\/wp-json\/wp\/v2\/product\/12809","targetHints":{"allow":["GET"]}}],"collection":[{"href":"https:\/\/www.yoroow.com\/pt\/wp-json\/wp\/v2\/product"}],"about":[{"href":"https:\/\/www.yoroow.com\/pt\/wp-json\/wp\/v2\/types\/product"}],"wp:featuredmedia":[{"embeddable":true,"href":"https:\/\/www.yoroow.com\/pt\/wp-json\/wp\/v2\/media\/12825"}],"wp:attachment":[{"href":"https:\/\/www.yoroow.com\/pt\/wp-json\/wp\/v2\/media?parent=12809"}],"wp:term":[{"taxonomy":"product_brand","embeddable":true,"href":"https:\/\/www.yoroow.com\/pt\/wp-json\/wp\/v2\/product_brand?post=12809"},{"taxonomy":"product_cat","embeddable":true,"href":"https:\/\/www.yoroow.com\/pt\/wp-json\/wp\/v2\/product_cat?post=12809"},{"taxonomy":"product_tag","embeddable":true,"href":"https:\/\/www.yoroow.com\/pt\/wp-json\/wp\/v2\/product_tag?post=12809"}],"curies":[{"name":"wp","href":"https:\/\/api.w.org\/{rel}","templated":true}]}}