{"id":12804,"date":"2025-02-25T11:20:40","date_gmt":"2025-02-25T03:20:40","guid":{"rendered":"https:\/\/www.yoroow.com\/?post_type=product&#038;p=12804"},"modified":"2025-05-16T09:40:59","modified_gmt":"2025-05-16T01:40:59","slug":"torneira-para-lavatorio-frio-simples-304-aco-inoxidavel-lavatorio-de-casa-de-banho-torneira-quadrada-de-furo-unico-elevado","status":"publish","type":"product","link":"https:\/\/www.yoroow.com\/pt\/pormenor-do-produto\/torneira-para-lavatorio-frio-simples-304-aco-inoxidavel-lavatorio-de-casa-de-banho-torneira-quadrada-de-furo-unico-elevado\/","title":{"rendered":"Torneira de lavat\u00f3rio de estilo tradicional com um \u00fanico furo em a\u00e7o inoxid\u00e1vel 304 para lavat\u00f3rio de casa de banho Torneira de lavat\u00f3rio quadrada com um \u00fanico furo"},"content":{"rendered":"<p>Torneira de lavat\u00f3rio de estilo tradicional com um \u00fanico furo em a\u00e7o inoxid\u00e1vel 304 para lavat\u00f3rio de casa de banho Torneira quadrada de furo \u00fanico com altura Torneira de lavat\u00f3rio e torneira de lavat\u00f3rio, torneira de lavat\u00f3rio de casa de banho tradicional Concebida com um perfil quadrado e um corpo com altura, esta torneira de lavat\u00f3rio de estilo tradicional \u00e9 constru\u00edda em a\u00e7o inoxid\u00e1vel 304 resistente \u00e0 corros\u00e3o. A sua montagem de furo \u00fanico facilita a instala\u00e7\u00e3o e a manuten\u00e7\u00e3o. Complementa lavat\u00f3rios elevados em casas de banho dom\u00e9sticas e de hotel. A f\u00e1brica chinesa oferece op\u00e7\u00f5es de marca e embalagem personalizadas para grossistas que visam a Am\u00e9rica do Sul e o Sudeste Asi\u00e1tico, onde os acess\u00f3rios de lavat\u00f3rio elevados e elegantes s\u00e3o cada vez mais populares.<\/p>","protected":false},"excerpt":{"rendered":"<p>Torneira de lavat\u00f3rio de estilo tradicional com um \u00fanico furo em a\u00e7o inoxid\u00e1vel 304 para lavat\u00f3rio de casa de banho Torneira quadrada de furo \u00fanico com altura Torneira de lavat\u00f3rio e torneira de lavat\u00f3rio, torneira de lavat\u00f3rio de casa de banho tradicional Concebida com um perfil quadrado e um corpo com altura, esta torneira de lavat\u00f3rio de estilo tradicional \u00e9 constru\u00edda em a\u00e7o inoxid\u00e1vel 304 resistente \u00e0 corros\u00e3o. A sua montagem de furo \u00fanico facilita a instala\u00e7\u00e3o...<\/p>","protected":false},"featured_media":12820,"template":"","meta":{"_acf_changed":false,"_kad_post_transparent":"default","_kad_post_title":"","_kad_post_layout":"default","_kad_post_sidebar_id":"","_kad_post_content_style":"default","_kad_post_vertical_padding":"default","_kad_post_feature":"","_kad_post_feature_position":"","_kad_post_header":false,"_kad_post_footer":false},"product_brand":[],"product_cat":[219,1559],"product_tag":[3418,3455],"class_list":{"0":"post-12804","1":"product","2":"type-product","3":"status-publish","4":"has-post-thumbnail","6":"product_cat-single-cold-basin-faucet","7":"product_cat-tall-basin-faucet","8":"product_tag-basin-faucet-water-tap","9":"product_tag-bathroom-face-basin-tap-traditional","11":"first","12":"instock","13":"shipping-taxable","14":"purchasable","15":"product-type-variable","16":"wvs-archive-product-wrapper","17":"entry","18":"content-bg","19":"loop-entry"},"acf":[],"yoast_head":"<!-- This site is optimized with the Yoast SEO Premium plugin v25.4 (Yoast SEO v27.0) - https:\/\/yoast.com\/product\/yoast-seo-premium-wordpress\/ -->\n<title>Traditional Style Single Cold Basin Faucet 304 Stainless Steel for Bathroom Washbasin Heightened Single Hole Square Faucet Basin - YOROOW<\/title>\n<meta name=\"description\" content=\"This heightened square faucet is made from 304 stainless steel, offering corrosion resistance and modern design for traditional bathroom styles. It\u2019s deck-mounted and perfect for residential and hotel use. Our China-based factory supports OEM service and competitive pricing for Latin and Southeast Asian markets.\" \/>\n<meta name=\"robots\" content=\"index, follow, max-snippet:-1, max-image-preview:large, max-video-preview:-1\" \/>\n<link rel=\"canonical\" href=\"https:\/\/www.yoroow.com\/pt\/pormenor-do-produto\/torneira-para-lavatorio-frio-simples-304-aco-inoxidavel-lavatorio-de-casa-de-banho-torneira-quadrada-de-furo-unico-elevado\/\" \/>\n<meta property=\"og:locale\" content=\"pt_PT\" \/>\n<meta property=\"og:type\" content=\"article\" \/>\n<meta property=\"og:title\" content=\"Traditional Style Single Cold Basin Faucet 304 Stainless Steel for Bathroom Washbasin Heightened Single Hole Square Faucet Basin\" \/>\n<meta property=\"og:description\" content=\"This heightened square faucet is made from 304 stainless steel, offering corrosion resistance and modern design for traditional bathroom styles. It\u2019s deck-mounted and perfect for residential and hotel use. Our China-based factory supports OEM service and competitive pricing for Latin and Southeast Asian markets.\" \/>\n<meta property=\"og:url\" content=\"https:\/\/www.yoroow.com\/pt\/pormenor-do-produto\/torneira-para-lavatorio-frio-simples-304-aco-inoxidavel-lavatorio-de-casa-de-banho-torneira-quadrada-de-furo-unico-elevado\/\" \/>\n<meta property=\"og:site_name\" content=\"YOROOW\" \/>\n<meta property=\"article:publisher\" content=\"https:\/\/www.facebook.com\/people\/yoroowfaucetfactory\/61564236752362\/\" \/>\n<meta property=\"article:modified_time\" content=\"2025-05-16T01:40:59+00:00\" \/>\n<meta property=\"og:image\" content=\"https:\/\/www.yoroow.com\/wp-content\/uploads\/2025\/02\/H5bea691fb213478bae6657d3ffee6911G.jpg_960x960.webp.jpg\" \/>\n\t<meta property=\"og:image:width\" content=\"740\" \/>\n\t<meta property=\"og:image:height\" content=\"742\" \/>\n\t<meta property=\"og:image:type\" content=\"image\/jpeg\" \/>\n<meta name=\"twitter:card\" content=\"summary_large_image\" \/>\n<meta name=\"twitter:label1\" content=\"Est. reading time\" \/>\n\t<meta name=\"twitter:data1\" content=\"1 minuto\" \/>\n<script type=\"application\/ld+json\" class=\"yoast-schema-graph\">{\"@context\":\"https:\/\/schema.org\",\"@graph\":[{\"@type\":\"WebPage\",\"@id\":\"https:\/\/www.yoroow.com\/pt\/pormenor-do-produto\/torneira-para-lavatorio-frio-simples-304-aco-inoxidavel-lavatorio-de-casa-de-banho-torneira-quadrada-de-furo-unico-elevado\/\",\"url\":\"https:\/\/www.yoroow.com\/pt\/pormenor-do-produto\/torneira-para-lavatorio-frio-simples-304-aco-inoxidavel-lavatorio-de-casa-de-banho-torneira-quadrada-de-furo-unico-elevado\/\",\"name\":\"Traditional Style Single Cold Basin Faucet 304 Stainless Steel for Bathroom Washbasin Heightened Single Hole Square Faucet Basin - YOROOW\",\"isPartOf\":{\"@id\":\"https:\/\/www.yoroow.com\/pt\/#website\"},\"primaryImageOfPage\":{\"@id\":\"https:\/\/www.yoroow.com\/pt\/pormenor-do-produto\/torneira-para-lavatorio-frio-simples-304-aco-inoxidavel-lavatorio-de-casa-de-banho-torneira-quadrada-de-furo-unico-elevado\/#primaryimage\"},\"image\":{\"@id\":\"https:\/\/www.yoroow.com\/pt\/pormenor-do-produto\/torneira-para-lavatorio-frio-simples-304-aco-inoxidavel-lavatorio-de-casa-de-banho-torneira-quadrada-de-furo-unico-elevado\/#primaryimage\"},\"thumbnailUrl\":\"https:\/\/www.yoroow.com\/wp-content\/uploads\/2025\/02\/H5bea691fb213478bae6657d3ffee6911G.jpg_960x960.webp.jpg\",\"datePublished\":\"2025-02-25T03:20:40+00:00\",\"dateModified\":\"2025-05-16T01:40:59+00:00\",\"description\":\"This heightened square faucet is made from 304 stainless steel, offering corrosion resistance and modern design for traditional bathroom styles. It\u2019s deck-mounted and perfect for residential and hotel use. Our China-based factory supports OEM service and competitive pricing for Latin and Southeast Asian markets.\",\"breadcrumb\":{\"@id\":\"https:\/\/www.yoroow.com\/pt\/pormenor-do-produto\/torneira-para-lavatorio-frio-simples-304-aco-inoxidavel-lavatorio-de-casa-de-banho-torneira-quadrada-de-furo-unico-elevado\/#breadcrumb\"},\"inLanguage\":\"pt-PT\",\"potentialAction\":[{\"@type\":\"ReadAction\",\"target\":[\"https:\/\/www.yoroow.com\/pt\/pormenor-do-produto\/torneira-para-lavatorio-frio-simples-304-aco-inoxidavel-lavatorio-de-casa-de-banho-torneira-quadrada-de-furo-unico-elevado\/\"]}]},{\"@type\":\"ImageObject\",\"inLanguage\":\"pt-PT\",\"@id\":\"https:\/\/www.yoroow.com\/pt\/pormenor-do-produto\/torneira-para-lavatorio-frio-simples-304-aco-inoxidavel-lavatorio-de-casa-de-banho-torneira-quadrada-de-furo-unico-elevado\/#primaryimage\",\"url\":\"https:\/\/www.yoroow.com\/wp-content\/uploads\/2025\/02\/H5bea691fb213478bae6657d3ffee6911G.jpg_960x960.webp.jpg\",\"contentUrl\":\"https:\/\/www.yoroow.com\/wp-content\/uploads\/2025\/02\/H5bea691fb213478bae6657d3ffee6911G.jpg_960x960.webp.jpg\",\"width\":740,\"height\":742,\"caption\":\"Traditional Style Single Cold Basin Faucet 304 Stainless Steel for Bathroom Washbasin Heightened Single Hole Square Faucet Basin\"},{\"@type\":\"BreadcrumbList\",\"@id\":\"https:\/\/www.yoroow.com\/pt\/pormenor-do-produto\/torneira-para-lavatorio-frio-simples-304-aco-inoxidavel-lavatorio-de-casa-de-banho-torneira-quadrada-de-furo-unico-elevado\/#breadcrumb\",\"itemListElement\":[{\"@type\":\"ListItem\",\"position\":1,\"name\":\"home\",\"item\":\"https:\/\/www.yoroow.com\/\"},{\"@type\":\"ListItem\",\"position\":2,\"name\":\"Product\",\"item\":\"https:\/\/www.yoroow.com\/product\/\"},{\"@type\":\"ListItem\",\"position\":3,\"name\":\"Traditional Style Single Cold Basin Faucet 304 Stainless Steel for Bathroom Washbasin Heightened Single Hole Square Faucet Basin\"}]},{\"@type\":\"WebSite\",\"@id\":\"https:\/\/www.yoroow.com\/pt\/#website\",\"url\":\"https:\/\/www.yoroow.com\/pt\/\",\"name\":\"YOROOW\",\"description\":\"\",\"publisher\":{\"@id\":\"https:\/\/www.yoroow.com\/pt\/#organization\"},\"potentialAction\":[{\"@type\":\"SearchAction\",\"target\":{\"@type\":\"EntryPoint\",\"urlTemplate\":\"https:\/\/www.yoroow.com\/pt\/?s={search_term_string}\"},\"query-input\":{\"@type\":\"PropertyValueSpecification\",\"valueRequired\":true,\"valueName\":\"search_term_string\"}}],\"inLanguage\":\"pt-PT\"},{\"@type\":\"Organization\",\"@id\":\"https:\/\/www.yoroow.com\/pt\/#organization\",\"name\":\"YOROOW\",\"url\":\"https:\/\/www.yoroow.com\/pt\/\",\"logo\":{\"@type\":\"ImageObject\",\"inLanguage\":\"pt-PT\",\"@id\":\"https:\/\/www.yoroow.com\/pt\/#\/schema\/logo\/image\/\",\"url\":\"https:\/\/www.yoroow.com\/wp-content\/uploads\/2024\/12\/2024123007131061.png\",\"contentUrl\":\"https:\/\/www.yoroow.com\/wp-content\/uploads\/2024\/12\/2024123007131061.png\",\"width\":168,\"height\":27,\"caption\":\"YOROOW\"},\"image\":{\"@id\":\"https:\/\/www.yoroow.com\/pt\/#\/schema\/logo\/image\/\"},\"sameAs\":[\"https:\/\/www.facebook.com\/people\/yoroowfaucetfactory\/61564236752362\/\"]}]}<\/script>\n<!-- \/ Yoast SEO Premium plugin. -->","yoast_head_json":{"title":"Traditional Style Single Cold Basin Faucet 304 Stainless Steel for Bathroom Washbasin Heightened Single Hole Square Faucet Basin - YOROOW","description":"This heightened square faucet is made from 304 stainless steel, offering corrosion resistance and modern design for traditional bathroom styles. It\u2019s deck-mounted and perfect for residential and hotel use. Our China-based factory supports OEM service and competitive pricing for Latin and Southeast Asian markets.","robots":{"index":"index","follow":"follow","max-snippet":"max-snippet:-1","max-image-preview":"max-image-preview:large","max-video-preview":"max-video-preview:-1"},"canonical":"https:\/\/www.yoroow.com\/pt\/pormenor-do-produto\/torneira-para-lavatorio-frio-simples-304-aco-inoxidavel-lavatorio-de-casa-de-banho-torneira-quadrada-de-furo-unico-elevado\/","og_locale":"pt_PT","og_type":"article","og_title":"Traditional Style Single Cold Basin Faucet 304 Stainless Steel for Bathroom Washbasin Heightened Single Hole Square Faucet Basin","og_description":"This heightened square faucet is made from 304 stainless steel, offering corrosion resistance and modern design for traditional bathroom styles. It\u2019s deck-mounted and perfect for residential and hotel use. Our China-based factory supports OEM service and competitive pricing for Latin and Southeast Asian markets.","og_url":"https:\/\/www.yoroow.com\/pt\/pormenor-do-produto\/torneira-para-lavatorio-frio-simples-304-aco-inoxidavel-lavatorio-de-casa-de-banho-torneira-quadrada-de-furo-unico-elevado\/","og_site_name":"YOROOW","article_publisher":"https:\/\/www.facebook.com\/people\/yoroowfaucetfactory\/61564236752362\/","article_modified_time":"2025-05-16T01:40:59+00:00","og_image":[{"width":740,"height":742,"url":"https:\/\/www.yoroow.com\/wp-content\/uploads\/2025\/02\/H5bea691fb213478bae6657d3ffee6911G.jpg_960x960.webp.jpg","type":"image\/jpeg"}],"twitter_card":"summary_large_image","twitter_misc":{"Est. reading time":"1 minuto"},"schema":{"@context":"https:\/\/schema.org","@graph":[{"@type":"WebPage","@id":"https:\/\/www.yoroow.com\/pt\/pormenor-do-produto\/torneira-para-lavatorio-frio-simples-304-aco-inoxidavel-lavatorio-de-casa-de-banho-torneira-quadrada-de-furo-unico-elevado\/","url":"https:\/\/www.yoroow.com\/pt\/pormenor-do-produto\/torneira-para-lavatorio-frio-simples-304-aco-inoxidavel-lavatorio-de-casa-de-banho-torneira-quadrada-de-furo-unico-elevado\/","name":"Traditional Style Single Cold Basin Faucet 304 Stainless Steel for Bathroom Washbasin Heightened Single Hole Square Faucet Basin - YOROOW","isPartOf":{"@id":"https:\/\/www.yoroow.com\/pt\/#website"},"primaryImageOfPage":{"@id":"https:\/\/www.yoroow.com\/pt\/pormenor-do-produto\/torneira-para-lavatorio-frio-simples-304-aco-inoxidavel-lavatorio-de-casa-de-banho-torneira-quadrada-de-furo-unico-elevado\/#primaryimage"},"image":{"@id":"https:\/\/www.yoroow.com\/pt\/pormenor-do-produto\/torneira-para-lavatorio-frio-simples-304-aco-inoxidavel-lavatorio-de-casa-de-banho-torneira-quadrada-de-furo-unico-elevado\/#primaryimage"},"thumbnailUrl":"https:\/\/www.yoroow.com\/wp-content\/uploads\/2025\/02\/H5bea691fb213478bae6657d3ffee6911G.jpg_960x960.webp.jpg","datePublished":"2025-02-25T03:20:40+00:00","dateModified":"2025-05-16T01:40:59+00:00","description":"This heightened square faucet is made from 304 stainless steel, offering corrosion resistance and modern design for traditional bathroom styles. It\u2019s deck-mounted and perfect for residential and hotel use. Our China-based factory supports OEM service and competitive pricing for Latin and Southeast Asian markets.","breadcrumb":{"@id":"https:\/\/www.yoroow.com\/pt\/pormenor-do-produto\/torneira-para-lavatorio-frio-simples-304-aco-inoxidavel-lavatorio-de-casa-de-banho-torneira-quadrada-de-furo-unico-elevado\/#breadcrumb"},"inLanguage":"pt-PT","potentialAction":[{"@type":"ReadAction","target":["https:\/\/www.yoroow.com\/pt\/pormenor-do-produto\/torneira-para-lavatorio-frio-simples-304-aco-inoxidavel-lavatorio-de-casa-de-banho-torneira-quadrada-de-furo-unico-elevado\/"]}]},{"@type":"ImageObject","inLanguage":"pt-PT","@id":"https:\/\/www.yoroow.com\/pt\/pormenor-do-produto\/torneira-para-lavatorio-frio-simples-304-aco-inoxidavel-lavatorio-de-casa-de-banho-torneira-quadrada-de-furo-unico-elevado\/#primaryimage","url":"https:\/\/www.yoroow.com\/wp-content\/uploads\/2025\/02\/H5bea691fb213478bae6657d3ffee6911G.jpg_960x960.webp.jpg","contentUrl":"https:\/\/www.yoroow.com\/wp-content\/uploads\/2025\/02\/H5bea691fb213478bae6657d3ffee6911G.jpg_960x960.webp.jpg","width":740,"height":742,"caption":"Traditional Style Single Cold Basin Faucet 304 Stainless Steel for Bathroom Washbasin Heightened Single Hole Square Faucet Basin"},{"@type":"BreadcrumbList","@id":"https:\/\/www.yoroow.com\/pt\/pormenor-do-produto\/torneira-para-lavatorio-frio-simples-304-aco-inoxidavel-lavatorio-de-casa-de-banho-torneira-quadrada-de-furo-unico-elevado\/#breadcrumb","itemListElement":[{"@type":"ListItem","position":1,"name":"home","item":"https:\/\/www.yoroow.com\/"},{"@type":"ListItem","position":2,"name":"Product","item":"https:\/\/www.yoroow.com\/product\/"},{"@type":"ListItem","position":3,"name":"Traditional Style Single Cold Basin Faucet 304 Stainless Steel for Bathroom Washbasin Heightened Single Hole Square Faucet Basin"}]},{"@type":"WebSite","@id":"https:\/\/www.yoroow.com\/pt\/#website","url":"https:\/\/www.yoroow.com\/pt\/","name":"YOROOW","description":"","publisher":{"@id":"https:\/\/www.yoroow.com\/pt\/#organization"},"potentialAction":[{"@type":"SearchAction","target":{"@type":"EntryPoint","urlTemplate":"https:\/\/www.yoroow.com\/pt\/?s={search_term_string}"},"query-input":{"@type":"PropertyValueSpecification","valueRequired":true,"valueName":"search_term_string"}}],"inLanguage":"pt-PT"},{"@type":"Organization","@id":"https:\/\/www.yoroow.com\/pt\/#organization","name":"YOROOW","url":"https:\/\/www.yoroow.com\/pt\/","logo":{"@type":"ImageObject","inLanguage":"pt-PT","@id":"https:\/\/www.yoroow.com\/pt\/#\/schema\/logo\/image\/","url":"https:\/\/www.yoroow.com\/wp-content\/uploads\/2024\/12\/2024123007131061.png","contentUrl":"https:\/\/www.yoroow.com\/wp-content\/uploads\/2024\/12\/2024123007131061.png","width":168,"height":27,"caption":"YOROOW"},"image":{"@id":"https:\/\/www.yoroow.com\/pt\/#\/schema\/logo\/image\/"},"sameAs":["https:\/\/www.facebook.com\/people\/yoroowfaucetfactory\/61564236752362\/"]}]}},"_links":{"self":[{"href":"https:\/\/www.yoroow.com\/pt\/wp-json\/wp\/v2\/product\/12804","targetHints":{"allow":["GET"]}}],"collection":[{"href":"https:\/\/www.yoroow.com\/pt\/wp-json\/wp\/v2\/product"}],"about":[{"href":"https:\/\/www.yoroow.com\/pt\/wp-json\/wp\/v2\/types\/product"}],"wp:featuredmedia":[{"embeddable":true,"href":"https:\/\/www.yoroow.com\/pt\/wp-json\/wp\/v2\/media\/12820"}],"wp:attachment":[{"href":"https:\/\/www.yoroow.com\/pt\/wp-json\/wp\/v2\/media?parent=12804"}],"wp:term":[{"taxonomy":"product_brand","embeddable":true,"href":"https:\/\/www.yoroow.com\/pt\/wp-json\/wp\/v2\/product_brand?post=12804"},{"taxonomy":"product_cat","embeddable":true,"href":"https:\/\/www.yoroow.com\/pt\/wp-json\/wp\/v2\/product_cat?post=12804"},{"taxonomy":"product_tag","embeddable":true,"href":"https:\/\/www.yoroow.com\/pt\/wp-json\/wp\/v2\/product_tag?post=12804"}],"curies":[{"name":"wp","href":"https:\/\/api.w.org\/{rel}","templated":true}]}}