{"id":12672,"date":"2025-02-24T15:56:42","date_gmt":"2025-02-24T07:56:42","guid":{"rendered":"https:\/\/www.yoroow.com\/?post_type=product&#038;p=12672"},"modified":"2025-05-16T09:39:00","modified_gmt":"2025-05-16T01:39:00","slug":"torneiras-de-casa-de-banho-de-niquel-de-boa-qualidade-torneiras-misturadoras-de-lavatorio-alto-de-aco-inoxidavel-e-niquel-escovado","status":"publish","type":"product","link":"https:\/\/www.yoroow.com\/pt\/pormenor-do-produto\/torneiras-de-casa-de-banho-de-niquel-de-boa-qualidade-torneiras-misturadoras-de-lavatorio-alto-de-aco-inoxidavel-e-niquel-escovado\/","title":{"rendered":"Torneira de lavat\u00f3rio de a\u00e7o inoxid\u00e1vel de alta qualidade Alavanca Torneiras de casa de banho N\u00edquel escovado Lavat\u00f3rio alto lavat\u00f3rio Torneiras misturadoras"},"content":{"rendered":"<p>Torneira de lavat\u00f3rio em a\u00e7o inoxid\u00e1vel de alta qualidade Alavanca Torneiras de casa de banho N\u00edquel escovado Lavat\u00f3rio Alto Lavat\u00f3rio Misturador Torneiras Esta torneira de lavat\u00f3rio em a\u00e7o inoxid\u00e1vel de alta qualidade tem um design de alavanca, o que a torna f\u00e1cil de utilizar. O acabamento em n\u00edquel escovado garante um aspeto moderno e elegante, proporcionando resist\u00eancia \u00e0 corros\u00e3o para uma utiliza\u00e7\u00e3o a longo prazo. Adequada para lavat\u00f3rios, lavat\u00f3rios altos e outras instala\u00e7\u00f5es de casa de banho, esta torneira oferece durabilidade e estilo. Fabricada na China pela YOROOW, esta torneira beneficia da experi\u00eancia da empresa na produ\u00e7\u00e3o de produtos de alta qualidade e a pre\u00e7os acess\u00edveis. Com um forte enfoque nos mercados de exporta\u00e7\u00e3o da Am\u00e9rica do Sul e do Sudeste Asi\u00e1tico, esta torneira \u00e9 uma excelente escolha para os compradores que procuram acess\u00f3rios de casa de banho fi\u00e1veis e econ\u00f3micos. O compromisso da YOROOW com a qualidade e a satisfa\u00e7\u00e3o do cliente torna-a um fornecedor preferencial nestes mercados em crescimento.<\/p>","protected":false},"excerpt":{"rendered":"<p>High Quality Stainless Steel Basin Faucet Lever Bathroom Taps Brushed Nickel Lavatory Tall Sink Mixer Faucets This high-quality stainless steel basin faucet features a lever design, making it easy to operate. The brushed nickel finish ensures a modern, sleek appearance while providing corrosion resistance for long-term use. Suitable for lavatories, tall sinks, and other bathroom&#8230;<\/p>","protected":false},"featured_media":12675,"template":"","meta":{"_acf_changed":false,"_kad_post_transparent":"default","_kad_post_title":"","_kad_post_layout":"default","_kad_post_sidebar_id":"","_kad_post_content_style":"default","_kad_post_vertical_padding":"default","_kad_post_feature":"","_kad_post_feature_position":"","_kad_post_header":false,"_kad_post_footer":false},"product_brand":[],"product_cat":[238,1560],"product_tag":[5921,3424],"class_list":{"0":"post-12672","1":"product","2":"type-product","3":"status-publish","4":"has-post-thumbnail","6":"product_cat-mixer-basin-faucet","7":"product_cat-tall-basin-mixer-faucet","8":"product_tag-basin-faucet-with-lever","9":"product_tag-stainless-steel-basin-tap","11":"first","12":"instock","13":"shipping-taxable","14":"purchasable","15":"product-type-variable","16":"wvs-archive-product-wrapper","17":"entry","18":"content-bg","19":"loop-entry"},"acf":[],"yoast_head":"<!-- This site is optimized with the Yoast SEO Premium plugin v25.4 (Yoast SEO v27.0) - https:\/\/yoast.com\/product\/yoast-seo-premium-wordpress\/ -->\n<title>High Quality Stainless Steel Basin Faucet Lever  Bathroom Taps Brushed Nickel Lavatory Tall Sink Mixer Faucets - YOROOW<\/title>\n<meta name=\"description\" content=\"Stainless steel basin faucet with lever and brushed nickel finish. Tall lavatory design perfect for modern bathrooms. Manufactured in China with reliable quality control and export packaging. Widely sold in Southeast Asia and South America.\" \/>\n<meta name=\"robots\" content=\"index, follow, max-snippet:-1, max-image-preview:large, max-video-preview:-1\" \/>\n<link rel=\"canonical\" href=\"https:\/\/www.yoroow.com\/pt\/pormenor-do-produto\/torneiras-de-casa-de-banho-de-niquel-de-boa-qualidade-torneiras-misturadoras-de-lavatorio-alto-de-aco-inoxidavel-e-niquel-escovado\/\" \/>\n<meta property=\"og:locale\" content=\"pt_PT\" \/>\n<meta property=\"og:type\" content=\"article\" \/>\n<meta property=\"og:title\" content=\"High Quality Stainless Steel Basin Faucet Lever  Bathroom Taps Brushed Nickel Lavatory Tall Sink Mixer Faucets\" \/>\n<meta property=\"og:description\" content=\"Stainless steel basin faucet with lever and brushed nickel finish. Tall lavatory design perfect for modern bathrooms. Manufactured in China with reliable quality control and export packaging. Widely sold in Southeast Asia and South America.\" \/>\n<meta property=\"og:url\" content=\"https:\/\/www.yoroow.com\/pt\/pormenor-do-produto\/torneiras-de-casa-de-banho-de-niquel-de-boa-qualidade-torneiras-misturadoras-de-lavatorio-alto-de-aco-inoxidavel-e-niquel-escovado\/\" \/>\n<meta property=\"og:site_name\" content=\"YOROOW\" \/>\n<meta property=\"article:publisher\" content=\"https:\/\/www.facebook.com\/people\/yoroowfaucetfactory\/61564236752362\/\" \/>\n<meta property=\"article:modified_time\" content=\"2025-05-16T01:39:00+00:00\" \/>\n<meta property=\"og:image\" content=\"https:\/\/www.yoroow.com\/wp-content\/uploads\/2025\/02\/8-1.jpg\" \/>\n\t<meta property=\"og:image:width\" content=\"733\" \/>\n\t<meta property=\"og:image:height\" content=\"732\" \/>\n\t<meta property=\"og:image:type\" content=\"image\/jpeg\" \/>\n<meta name=\"twitter:card\" content=\"summary_large_image\" \/>\n<meta name=\"twitter:label1\" content=\"Est. reading time\" \/>\n\t<meta name=\"twitter:data1\" content=\"1 minuto\" \/>\n<script type=\"application\/ld+json\" class=\"yoast-schema-graph\">{\"@context\":\"https:\/\/schema.org\",\"@graph\":[{\"@type\":\"WebPage\",\"@id\":\"https:\/\/www.yoroow.com\/pt\/pormenor-do-produto\/torneiras-de-casa-de-banho-de-niquel-de-boa-qualidade-torneiras-misturadoras-de-lavatorio-alto-de-aco-inoxidavel-e-niquel-escovado\/\",\"url\":\"https:\/\/www.yoroow.com\/pt\/pormenor-do-produto\/torneiras-de-casa-de-banho-de-niquel-de-boa-qualidade-torneiras-misturadoras-de-lavatorio-alto-de-aco-inoxidavel-e-niquel-escovado\/\",\"name\":\"High Quality Stainless Steel Basin Faucet Lever Bathroom Taps Brushed Nickel Lavatory Tall Sink Mixer Faucets - YOROOW\",\"isPartOf\":{\"@id\":\"https:\/\/www.yoroow.com\/pt\/#website\"},\"primaryImageOfPage\":{\"@id\":\"https:\/\/www.yoroow.com\/pt\/pormenor-do-produto\/torneiras-de-casa-de-banho-de-niquel-de-boa-qualidade-torneiras-misturadoras-de-lavatorio-alto-de-aco-inoxidavel-e-niquel-escovado\/#primaryimage\"},\"image\":{\"@id\":\"https:\/\/www.yoroow.com\/pt\/pormenor-do-produto\/torneiras-de-casa-de-banho-de-niquel-de-boa-qualidade-torneiras-misturadoras-de-lavatorio-alto-de-aco-inoxidavel-e-niquel-escovado\/#primaryimage\"},\"thumbnailUrl\":\"https:\/\/www.yoroow.com\/wp-content\/uploads\/2025\/02\/8-1.jpg\",\"datePublished\":\"2025-02-24T07:56:42+00:00\",\"dateModified\":\"2025-05-16T01:39:00+00:00\",\"description\":\"Stainless steel basin faucet with lever and brushed nickel finish. Tall lavatory design perfect for modern bathrooms. Manufactured in China with reliable quality control and export packaging. Widely sold in Southeast Asia and South America.\",\"breadcrumb\":{\"@id\":\"https:\/\/www.yoroow.com\/pt\/pormenor-do-produto\/torneiras-de-casa-de-banho-de-niquel-de-boa-qualidade-torneiras-misturadoras-de-lavatorio-alto-de-aco-inoxidavel-e-niquel-escovado\/#breadcrumb\"},\"inLanguage\":\"pt-PT\",\"potentialAction\":[{\"@type\":\"ReadAction\",\"target\":[\"https:\/\/www.yoroow.com\/pt\/pormenor-do-produto\/torneiras-de-casa-de-banho-de-niquel-de-boa-qualidade-torneiras-misturadoras-de-lavatorio-alto-de-aco-inoxidavel-e-niquel-escovado\/\"]}]},{\"@type\":\"ImageObject\",\"inLanguage\":\"pt-PT\",\"@id\":\"https:\/\/www.yoroow.com\/pt\/pormenor-do-produto\/torneiras-de-casa-de-banho-de-niquel-de-boa-qualidade-torneiras-misturadoras-de-lavatorio-alto-de-aco-inoxidavel-e-niquel-escovado\/#primaryimage\",\"url\":\"https:\/\/www.yoroow.com\/wp-content\/uploads\/2025\/02\/8-1.jpg\",\"contentUrl\":\"https:\/\/www.yoroow.com\/wp-content\/uploads\/2025\/02\/8-1.jpg\",\"width\":733,\"height\":732,\"caption\":\"Classic Brass Single-Handle Basin Faucet Zinc Brass Waterfall Tap Tall Body Hot Cold Water Bathroom Sink Faucet Toilet Faucet\"},{\"@type\":\"BreadcrumbList\",\"@id\":\"https:\/\/www.yoroow.com\/pt\/pormenor-do-produto\/torneiras-de-casa-de-banho-de-niquel-de-boa-qualidade-torneiras-misturadoras-de-lavatorio-alto-de-aco-inoxidavel-e-niquel-escovado\/#breadcrumb\",\"itemListElement\":[{\"@type\":\"ListItem\",\"position\":1,\"name\":\"home\",\"item\":\"https:\/\/www.yoroow.com\/\"},{\"@type\":\"ListItem\",\"position\":2,\"name\":\"Product\",\"item\":\"https:\/\/www.yoroow.com\/product\/\"},{\"@type\":\"ListItem\",\"position\":3,\"name\":\"High Quality Stainless Steel Basin Faucet Lever Bathroom Taps Brushed Nickel Lavatory Tall Sink Mixer Faucets\"}]},{\"@type\":\"WebSite\",\"@id\":\"https:\/\/www.yoroow.com\/pt\/#website\",\"url\":\"https:\/\/www.yoroow.com\/pt\/\",\"name\":\"YOROOW\",\"description\":\"\",\"publisher\":{\"@id\":\"https:\/\/www.yoroow.com\/pt\/#organization\"},\"potentialAction\":[{\"@type\":\"SearchAction\",\"target\":{\"@type\":\"EntryPoint\",\"urlTemplate\":\"https:\/\/www.yoroow.com\/pt\/?s={search_term_string}\"},\"query-input\":{\"@type\":\"PropertyValueSpecification\",\"valueRequired\":true,\"valueName\":\"search_term_string\"}}],\"inLanguage\":\"pt-PT\"},{\"@type\":\"Organization\",\"@id\":\"https:\/\/www.yoroow.com\/pt\/#organization\",\"name\":\"YOROOW\",\"url\":\"https:\/\/www.yoroow.com\/pt\/\",\"logo\":{\"@type\":\"ImageObject\",\"inLanguage\":\"pt-PT\",\"@id\":\"https:\/\/www.yoroow.com\/pt\/#\/schema\/logo\/image\/\",\"url\":\"https:\/\/www.yoroow.com\/wp-content\/uploads\/2024\/12\/2024123007131061.png\",\"contentUrl\":\"https:\/\/www.yoroow.com\/wp-content\/uploads\/2024\/12\/2024123007131061.png\",\"width\":168,\"height\":27,\"caption\":\"YOROOW\"},\"image\":{\"@id\":\"https:\/\/www.yoroow.com\/pt\/#\/schema\/logo\/image\/\"},\"sameAs\":[\"https:\/\/www.facebook.com\/people\/yoroowfaucetfactory\/61564236752362\/\"]}]}<\/script>\n<!-- \/ Yoast SEO Premium plugin. -->","yoast_head_json":{"title":"High Quality Stainless Steel Basin Faucet Lever  Bathroom Taps Brushed Nickel Lavatory Tall Sink Mixer Faucets - YOROOW","description":"Stainless steel basin faucet with lever and brushed nickel finish. Tall lavatory design perfect for modern bathrooms. Manufactured in China with reliable quality control and export packaging. Widely sold in Southeast Asia and South America.","robots":{"index":"index","follow":"follow","max-snippet":"max-snippet:-1","max-image-preview":"max-image-preview:large","max-video-preview":"max-video-preview:-1"},"canonical":"https:\/\/www.yoroow.com\/pt\/pormenor-do-produto\/torneiras-de-casa-de-banho-de-niquel-de-boa-qualidade-torneiras-misturadoras-de-lavatorio-alto-de-aco-inoxidavel-e-niquel-escovado\/","og_locale":"pt_PT","og_type":"article","og_title":"High Quality Stainless Steel Basin Faucet Lever  Bathroom Taps Brushed Nickel Lavatory Tall Sink Mixer Faucets","og_description":"Stainless steel basin faucet with lever and brushed nickel finish. Tall lavatory design perfect for modern bathrooms. Manufactured in China with reliable quality control and export packaging. Widely sold in Southeast Asia and South America.","og_url":"https:\/\/www.yoroow.com\/pt\/pormenor-do-produto\/torneiras-de-casa-de-banho-de-niquel-de-boa-qualidade-torneiras-misturadoras-de-lavatorio-alto-de-aco-inoxidavel-e-niquel-escovado\/","og_site_name":"YOROOW","article_publisher":"https:\/\/www.facebook.com\/people\/yoroowfaucetfactory\/61564236752362\/","article_modified_time":"2025-05-16T01:39:00+00:00","og_image":[{"width":733,"height":732,"url":"https:\/\/www.yoroow.com\/wp-content\/uploads\/2025\/02\/8-1.jpg","type":"image\/jpeg"}],"twitter_card":"summary_large_image","twitter_misc":{"Est. reading time":"1 minuto"},"schema":{"@context":"https:\/\/schema.org","@graph":[{"@type":"WebPage","@id":"https:\/\/www.yoroow.com\/pt\/pormenor-do-produto\/torneiras-de-casa-de-banho-de-niquel-de-boa-qualidade-torneiras-misturadoras-de-lavatorio-alto-de-aco-inoxidavel-e-niquel-escovado\/","url":"https:\/\/www.yoroow.com\/pt\/pormenor-do-produto\/torneiras-de-casa-de-banho-de-niquel-de-boa-qualidade-torneiras-misturadoras-de-lavatorio-alto-de-aco-inoxidavel-e-niquel-escovado\/","name":"High Quality Stainless Steel Basin Faucet Lever Bathroom Taps Brushed Nickel Lavatory Tall Sink Mixer Faucets - YOROOW","isPartOf":{"@id":"https:\/\/www.yoroow.com\/pt\/#website"},"primaryImageOfPage":{"@id":"https:\/\/www.yoroow.com\/pt\/pormenor-do-produto\/torneiras-de-casa-de-banho-de-niquel-de-boa-qualidade-torneiras-misturadoras-de-lavatorio-alto-de-aco-inoxidavel-e-niquel-escovado\/#primaryimage"},"image":{"@id":"https:\/\/www.yoroow.com\/pt\/pormenor-do-produto\/torneiras-de-casa-de-banho-de-niquel-de-boa-qualidade-torneiras-misturadoras-de-lavatorio-alto-de-aco-inoxidavel-e-niquel-escovado\/#primaryimage"},"thumbnailUrl":"https:\/\/www.yoroow.com\/wp-content\/uploads\/2025\/02\/8-1.jpg","datePublished":"2025-02-24T07:56:42+00:00","dateModified":"2025-05-16T01:39:00+00:00","description":"Stainless steel basin faucet with lever and brushed nickel finish. Tall lavatory design perfect for modern bathrooms. Manufactured in China with reliable quality control and export packaging. Widely sold in Southeast Asia and South America.","breadcrumb":{"@id":"https:\/\/www.yoroow.com\/pt\/pormenor-do-produto\/torneiras-de-casa-de-banho-de-niquel-de-boa-qualidade-torneiras-misturadoras-de-lavatorio-alto-de-aco-inoxidavel-e-niquel-escovado\/#breadcrumb"},"inLanguage":"pt-PT","potentialAction":[{"@type":"ReadAction","target":["https:\/\/www.yoroow.com\/pt\/pormenor-do-produto\/torneiras-de-casa-de-banho-de-niquel-de-boa-qualidade-torneiras-misturadoras-de-lavatorio-alto-de-aco-inoxidavel-e-niquel-escovado\/"]}]},{"@type":"ImageObject","inLanguage":"pt-PT","@id":"https:\/\/www.yoroow.com\/pt\/pormenor-do-produto\/torneiras-de-casa-de-banho-de-niquel-de-boa-qualidade-torneiras-misturadoras-de-lavatorio-alto-de-aco-inoxidavel-e-niquel-escovado\/#primaryimage","url":"https:\/\/www.yoroow.com\/wp-content\/uploads\/2025\/02\/8-1.jpg","contentUrl":"https:\/\/www.yoroow.com\/wp-content\/uploads\/2025\/02\/8-1.jpg","width":733,"height":732,"caption":"Classic Brass Single-Handle Basin Faucet Zinc Brass Waterfall Tap Tall Body Hot Cold Water Bathroom Sink Faucet Toilet Faucet"},{"@type":"BreadcrumbList","@id":"https:\/\/www.yoroow.com\/pt\/pormenor-do-produto\/torneiras-de-casa-de-banho-de-niquel-de-boa-qualidade-torneiras-misturadoras-de-lavatorio-alto-de-aco-inoxidavel-e-niquel-escovado\/#breadcrumb","itemListElement":[{"@type":"ListItem","position":1,"name":"home","item":"https:\/\/www.yoroow.com\/"},{"@type":"ListItem","position":2,"name":"Product","item":"https:\/\/www.yoroow.com\/product\/"},{"@type":"ListItem","position":3,"name":"High Quality Stainless Steel Basin Faucet Lever Bathroom Taps Brushed Nickel Lavatory Tall Sink Mixer Faucets"}]},{"@type":"WebSite","@id":"https:\/\/www.yoroow.com\/pt\/#website","url":"https:\/\/www.yoroow.com\/pt\/","name":"YOROOW","description":"","publisher":{"@id":"https:\/\/www.yoroow.com\/pt\/#organization"},"potentialAction":[{"@type":"SearchAction","target":{"@type":"EntryPoint","urlTemplate":"https:\/\/www.yoroow.com\/pt\/?s={search_term_string}"},"query-input":{"@type":"PropertyValueSpecification","valueRequired":true,"valueName":"search_term_string"}}],"inLanguage":"pt-PT"},{"@type":"Organization","@id":"https:\/\/www.yoroow.com\/pt\/#organization","name":"YOROOW","url":"https:\/\/www.yoroow.com\/pt\/","logo":{"@type":"ImageObject","inLanguage":"pt-PT","@id":"https:\/\/www.yoroow.com\/pt\/#\/schema\/logo\/image\/","url":"https:\/\/www.yoroow.com\/wp-content\/uploads\/2024\/12\/2024123007131061.png","contentUrl":"https:\/\/www.yoroow.com\/wp-content\/uploads\/2024\/12\/2024123007131061.png","width":168,"height":27,"caption":"YOROOW"},"image":{"@id":"https:\/\/www.yoroow.com\/pt\/#\/schema\/logo\/image\/"},"sameAs":["https:\/\/www.facebook.com\/people\/yoroowfaucetfactory\/61564236752362\/"]}]}},"_links":{"self":[{"href":"https:\/\/www.yoroow.com\/pt\/wp-json\/wp\/v2\/product\/12672","targetHints":{"allow":["GET"]}}],"collection":[{"href":"https:\/\/www.yoroow.com\/pt\/wp-json\/wp\/v2\/product"}],"about":[{"href":"https:\/\/www.yoroow.com\/pt\/wp-json\/wp\/v2\/types\/product"}],"wp:featuredmedia":[{"embeddable":true,"href":"https:\/\/www.yoroow.com\/pt\/wp-json\/wp\/v2\/media\/12675"}],"wp:attachment":[{"href":"https:\/\/www.yoroow.com\/pt\/wp-json\/wp\/v2\/media?parent=12672"}],"wp:term":[{"taxonomy":"product_brand","embeddable":true,"href":"https:\/\/www.yoroow.com\/pt\/wp-json\/wp\/v2\/product_brand?post=12672"},{"taxonomy":"product_cat","embeddable":true,"href":"https:\/\/www.yoroow.com\/pt\/wp-json\/wp\/v2\/product_cat?post=12672"},{"taxonomy":"product_tag","embeddable":true,"href":"https:\/\/www.yoroow.com\/pt\/wp-json\/wp\/v2\/product_tag?post=12672"}],"curies":[{"name":"wp","href":"https:\/\/api.w.org\/{rel}","templated":true}]}}