{"id":12644,"date":"2025-02-24T14:57:48","date_gmt":"2025-02-24T06:57:48","guid":{"rendered":"https:\/\/www.yoroow.com\/?post_type=product&#038;p=12644"},"modified":"2025-05-16T09:38:45","modified_gmt":"2025-05-16T01:38:45","slug":"torneira-misturadora-quente-e-fria-com-corpo-em-latao-de-fabrica-para-instalacao-de-lavatorio-torneira-de-agua-de-pega-unica","status":"publish","type":"product","link":"https:\/\/www.yoroow.com\/pt\/pormenor-do-produto\/torneira-misturadora-quente-e-fria-com-corpo-em-latao-de-fabrica-para-instalacao-de-lavatorio-torneira-de-agua-de-pega-unica\/","title":{"rendered":"Torneira de lavat\u00f3rio de man\u00edpulo \u00fanico popular moderno Corpo de lat\u00e3o de cobre Torneira de \u00e1gua quente e fria com instala\u00e7\u00e3o no conv\u00e9s F\u00e1brica direta por atacado"},"content":{"rendered":"<p>Torneira de lavat\u00f3rio de man\u00edpulo \u00fanico moderna e popular Corpo em lat\u00e3o de cobre Torneira de \u00e1gua quente e fria com instala\u00e7\u00e3o no conv\u00e9s Diret Factory Wholesale Esta torneira de lavat\u00f3rio de man\u00edpulo \u00fanico moderna e popular tem um corpo em lat\u00e3o de cobre, concebido para torneiras de \u00e1gua quente e fria. A instala\u00e7\u00e3o montada no conv\u00e9s garante estabilidade e facilidade de uso. Fabricada com materiais dur\u00e1veis de cobre e lat\u00e3o, esta torneira oferece um desempenho duradouro e uma est\u00e9tica elegante. O seu design vers\u00e1til torna-a ideal para uso residencial e comercial, especialmente em casas de banho e lavabos. Fabricada na China, a torneira \u00e9 trabalhada com precis\u00e3o e com uma boa rela\u00e7\u00e3o custo-benef\u00edcio, proporcionando uma vantagem competitiva nos mercados local e internacional. Com a crescente procura na Am\u00e9rica do Sul e no Sudeste Asi\u00e1tico, este produto \u00e9 uma excelente escolha para os exportadores que procuram uma qualidade fi\u00e1vel e um pre\u00e7o acess\u00edvel. As capacidades avan\u00e7adas de fabrico da YOROOW permitem desenhos personalizados e uma produ\u00e7\u00e3o eficiente, tornando-a a escolha preferida dos compradores globais.<\/p>","protected":false},"excerpt":{"rendered":"<p>Modern Popular Single-Handle Basin Faucet Copper Brass Body Hot Cold Water Tap with Deck Installation Direct Factory Wholesale This modern and popular single-handle basin faucet features a copper brass body, designed for both hot and cold water taps. The deck-mounted installation ensures stability and ease of use. Made from durable copper and brass materials, this&#8230;<\/p>","protected":false},"featured_media":12635,"template":"","meta":{"_acf_changed":false,"_kad_post_transparent":"default","_kad_post_title":"","_kad_post_layout":"default","_kad_post_sidebar_id":"","_kad_post_content_style":"default","_kad_post_vertical_padding":"default","_kad_post_feature":"","_kad_post_feature_position":"","_kad_post_header":false,"_kad_post_footer":false},"product_brand":[],"product_cat":[238,1560],"product_tag":[5893,3387],"class_list":{"0":"post-12644","1":"product","2":"type-product","3":"status-publish","4":"has-post-thumbnail","6":"product_cat-mixer-basin-faucet","7":"product_cat-tall-basin-mixer-faucet","8":"product_tag-copper-basin-faucet","9":"product_tag-modern-cupc-popular-basin-faucet","11":"first","12":"instock","13":"shipping-taxable","14":"purchasable","15":"product-type-variable","16":"wvs-archive-product-wrapper","17":"entry","18":"content-bg","19":"loop-entry"},"acf":[],"yoast_head":"<!-- This site is optimized with the Yoast SEO Premium plugin v25.4 (Yoast SEO v27.0) - https:\/\/yoast.com\/product\/yoast-seo-premium-wordpress\/ -->\n<title>Modern Popular Single-Handle Basin Faucet Copper Brass Body Hot Cold Water Tap with Deck Installation Direct Factory Wholesale - YOROOW<\/title>\n<meta name=\"description\" content=\"Modern popular single-handle basin faucet with copper brass body offers hot and cold function. Deck installation is easy for various bathroom setups. Produced in China with reliable QC and fast lead times. Strong demand in Southeast Asia and South America.\" \/>\n<meta name=\"robots\" content=\"index, follow, max-snippet:-1, max-image-preview:large, max-video-preview:-1\" \/>\n<link rel=\"canonical\" href=\"https:\/\/www.yoroow.com\/pt\/pormenor-do-produto\/torneira-misturadora-quente-e-fria-com-corpo-em-latao-de-fabrica-para-instalacao-de-lavatorio-torneira-de-agua-de-pega-unica\/\" \/>\n<meta property=\"og:locale\" content=\"pt_PT\" \/>\n<meta property=\"og:type\" content=\"article\" \/>\n<meta property=\"og:title\" content=\"Modern Popular Single-Handle Basin Faucet Copper Brass Body Hot Cold Water Tap with Deck Installation Direct Factory Wholesale\" \/>\n<meta property=\"og:description\" content=\"Modern popular single-handle basin faucet with copper brass body offers hot and cold function. Deck installation is easy for various bathroom setups. Produced in China with reliable QC and fast lead times. Strong demand in Southeast Asia and South America.\" \/>\n<meta property=\"og:url\" content=\"https:\/\/www.yoroow.com\/pt\/pormenor-do-produto\/torneira-misturadora-quente-e-fria-com-corpo-em-latao-de-fabrica-para-instalacao-de-lavatorio-torneira-de-agua-de-pega-unica\/\" \/>\n<meta property=\"og:site_name\" content=\"YOROOW\" \/>\n<meta property=\"article:publisher\" content=\"https:\/\/www.facebook.com\/people\/yoroowfaucetfactory\/61564236752362\/\" \/>\n<meta property=\"article:modified_time\" content=\"2025-05-16T01:38:45+00:00\" \/>\n<meta property=\"og:image\" content=\"https:\/\/www.yoroow.com\/wp-content\/uploads\/2025\/02\/e89aca7dba994b787fb98fbf788a201.jpg\" \/>\n\t<meta property=\"og:image:width\" content=\"500\" \/>\n\t<meta property=\"og:image:height\" content=\"500\" \/>\n\t<meta property=\"og:image:type\" content=\"image\/jpeg\" \/>\n<meta name=\"twitter:card\" content=\"summary_large_image\" \/>\n<meta name=\"twitter:label1\" content=\"Est. reading time\" \/>\n\t<meta name=\"twitter:data1\" content=\"1 minuto\" \/>\n<script type=\"application\/ld+json\" class=\"yoast-schema-graph\">{\"@context\":\"https:\/\/schema.org\",\"@graph\":[{\"@type\":\"WebPage\",\"@id\":\"https:\/\/www.yoroow.com\/pt\/pormenor-do-produto\/torneira-misturadora-quente-e-fria-com-corpo-em-latao-de-fabrica-para-instalacao-de-lavatorio-torneira-de-agua-de-pega-unica\/\",\"url\":\"https:\/\/www.yoroow.com\/pt\/pormenor-do-produto\/torneira-misturadora-quente-e-fria-com-corpo-em-latao-de-fabrica-para-instalacao-de-lavatorio-torneira-de-agua-de-pega-unica\/\",\"name\":\"Modern Popular Single-Handle Basin Faucet Copper Brass Body Hot Cold Water Tap with Deck Installation Direct Factory Wholesale - YOROOW\",\"isPartOf\":{\"@id\":\"https:\/\/www.yoroow.com\/pt\/#website\"},\"primaryImageOfPage\":{\"@id\":\"https:\/\/www.yoroow.com\/pt\/pormenor-do-produto\/torneira-misturadora-quente-e-fria-com-corpo-em-latao-de-fabrica-para-instalacao-de-lavatorio-torneira-de-agua-de-pega-unica\/#primaryimage\"},\"image\":{\"@id\":\"https:\/\/www.yoroow.com\/pt\/pormenor-do-produto\/torneira-misturadora-quente-e-fria-com-corpo-em-latao-de-fabrica-para-instalacao-de-lavatorio-torneira-de-agua-de-pega-unica\/#primaryimage\"},\"thumbnailUrl\":\"https:\/\/www.yoroow.com\/wp-content\/uploads\/2025\/02\/e89aca7dba994b787fb98fbf788a201.jpg\",\"datePublished\":\"2025-02-24T06:57:48+00:00\",\"dateModified\":\"2025-05-16T01:38:45+00:00\",\"description\":\"Modern popular single-handle basin faucet with copper brass body offers hot and cold function. Deck installation is easy for various bathroom setups. Produced in China with reliable QC and fast lead times. Strong demand in Southeast Asia and South America.\",\"breadcrumb\":{\"@id\":\"https:\/\/www.yoroow.com\/pt\/pormenor-do-produto\/torneira-misturadora-quente-e-fria-com-corpo-em-latao-de-fabrica-para-instalacao-de-lavatorio-torneira-de-agua-de-pega-unica\/#breadcrumb\"},\"inLanguage\":\"pt-PT\",\"potentialAction\":[{\"@type\":\"ReadAction\",\"target\":[\"https:\/\/www.yoroow.com\/pt\/pormenor-do-produto\/torneira-misturadora-quente-e-fria-com-corpo-em-latao-de-fabrica-para-instalacao-de-lavatorio-torneira-de-agua-de-pega-unica\/\"]}]},{\"@type\":\"ImageObject\",\"inLanguage\":\"pt-PT\",\"@id\":\"https:\/\/www.yoroow.com\/pt\/pormenor-do-produto\/torneira-misturadora-quente-e-fria-com-corpo-em-latao-de-fabrica-para-instalacao-de-lavatorio-torneira-de-agua-de-pega-unica\/#primaryimage\",\"url\":\"https:\/\/www.yoroow.com\/wp-content\/uploads\/2025\/02\/e89aca7dba994b787fb98fbf788a201.jpg\",\"contentUrl\":\"https:\/\/www.yoroow.com\/wp-content\/uploads\/2025\/02\/e89aca7dba994b787fb98fbf788a201.jpg\",\"width\":500,\"height\":500,\"caption\":\"Vintage Wash Basin Faucet 304 Stainless Steel Single Handle Hot Cold Mixer Deck Installation for Hotel\"},{\"@type\":\"BreadcrumbList\",\"@id\":\"https:\/\/www.yoroow.com\/pt\/pormenor-do-produto\/torneira-misturadora-quente-e-fria-com-corpo-em-latao-de-fabrica-para-instalacao-de-lavatorio-torneira-de-agua-de-pega-unica\/#breadcrumb\",\"itemListElement\":[{\"@type\":\"ListItem\",\"position\":1,\"name\":\"home\",\"item\":\"https:\/\/www.yoroow.com\/\"},{\"@type\":\"ListItem\",\"position\":2,\"name\":\"Product\",\"item\":\"https:\/\/www.yoroow.com\/product\/\"},{\"@type\":\"ListItem\",\"position\":3,\"name\":\"Modern Popular Single-Handle Basin Faucet Copper Brass Body Hot Cold Water Tap with Deck Installation Direct Factory Wholesale\"}]},{\"@type\":\"WebSite\",\"@id\":\"https:\/\/www.yoroow.com\/pt\/#website\",\"url\":\"https:\/\/www.yoroow.com\/pt\/\",\"name\":\"YOROOW\",\"description\":\"\",\"publisher\":{\"@id\":\"https:\/\/www.yoroow.com\/pt\/#organization\"},\"potentialAction\":[{\"@type\":\"SearchAction\",\"target\":{\"@type\":\"EntryPoint\",\"urlTemplate\":\"https:\/\/www.yoroow.com\/pt\/?s={search_term_string}\"},\"query-input\":{\"@type\":\"PropertyValueSpecification\",\"valueRequired\":true,\"valueName\":\"search_term_string\"}}],\"inLanguage\":\"pt-PT\"},{\"@type\":\"Organization\",\"@id\":\"https:\/\/www.yoroow.com\/pt\/#organization\",\"name\":\"YOROOW\",\"url\":\"https:\/\/www.yoroow.com\/pt\/\",\"logo\":{\"@type\":\"ImageObject\",\"inLanguage\":\"pt-PT\",\"@id\":\"https:\/\/www.yoroow.com\/pt\/#\/schema\/logo\/image\/\",\"url\":\"https:\/\/www.yoroow.com\/wp-content\/uploads\/2024\/12\/2024123007131061.png\",\"contentUrl\":\"https:\/\/www.yoroow.com\/wp-content\/uploads\/2024\/12\/2024123007131061.png\",\"width\":168,\"height\":27,\"caption\":\"YOROOW\"},\"image\":{\"@id\":\"https:\/\/www.yoroow.com\/pt\/#\/schema\/logo\/image\/\"},\"sameAs\":[\"https:\/\/www.facebook.com\/people\/yoroowfaucetfactory\/61564236752362\/\"]}]}<\/script>\n<!-- \/ Yoast SEO Premium plugin. -->","yoast_head_json":{"title":"Modern Popular Single-Handle Basin Faucet Copper Brass Body Hot Cold Water Tap with Deck Installation Direct Factory Wholesale - YOROOW","description":"Modern popular single-handle basin faucet with copper brass body offers hot and cold function. Deck installation is easy for various bathroom setups. Produced in China with reliable QC and fast lead times. Strong demand in Southeast Asia and South America.","robots":{"index":"index","follow":"follow","max-snippet":"max-snippet:-1","max-image-preview":"max-image-preview:large","max-video-preview":"max-video-preview:-1"},"canonical":"https:\/\/www.yoroow.com\/pt\/pormenor-do-produto\/torneira-misturadora-quente-e-fria-com-corpo-em-latao-de-fabrica-para-instalacao-de-lavatorio-torneira-de-agua-de-pega-unica\/","og_locale":"pt_PT","og_type":"article","og_title":"Modern Popular Single-Handle Basin Faucet Copper Brass Body Hot Cold Water Tap with Deck Installation Direct Factory Wholesale","og_description":"Modern popular single-handle basin faucet with copper brass body offers hot and cold function. Deck installation is easy for various bathroom setups. Produced in China with reliable QC and fast lead times. Strong demand in Southeast Asia and South America.","og_url":"https:\/\/www.yoroow.com\/pt\/pormenor-do-produto\/torneira-misturadora-quente-e-fria-com-corpo-em-latao-de-fabrica-para-instalacao-de-lavatorio-torneira-de-agua-de-pega-unica\/","og_site_name":"YOROOW","article_publisher":"https:\/\/www.facebook.com\/people\/yoroowfaucetfactory\/61564236752362\/","article_modified_time":"2025-05-16T01:38:45+00:00","og_image":[{"width":500,"height":500,"url":"https:\/\/www.yoroow.com\/wp-content\/uploads\/2025\/02\/e89aca7dba994b787fb98fbf788a201.jpg","type":"image\/jpeg"}],"twitter_card":"summary_large_image","twitter_misc":{"Est. reading time":"1 minuto"},"schema":{"@context":"https:\/\/schema.org","@graph":[{"@type":"WebPage","@id":"https:\/\/www.yoroow.com\/pt\/pormenor-do-produto\/torneira-misturadora-quente-e-fria-com-corpo-em-latao-de-fabrica-para-instalacao-de-lavatorio-torneira-de-agua-de-pega-unica\/","url":"https:\/\/www.yoroow.com\/pt\/pormenor-do-produto\/torneira-misturadora-quente-e-fria-com-corpo-em-latao-de-fabrica-para-instalacao-de-lavatorio-torneira-de-agua-de-pega-unica\/","name":"Modern Popular Single-Handle Basin Faucet Copper Brass Body Hot Cold Water Tap with Deck Installation Direct Factory Wholesale - YOROOW","isPartOf":{"@id":"https:\/\/www.yoroow.com\/pt\/#website"},"primaryImageOfPage":{"@id":"https:\/\/www.yoroow.com\/pt\/pormenor-do-produto\/torneira-misturadora-quente-e-fria-com-corpo-em-latao-de-fabrica-para-instalacao-de-lavatorio-torneira-de-agua-de-pega-unica\/#primaryimage"},"image":{"@id":"https:\/\/www.yoroow.com\/pt\/pormenor-do-produto\/torneira-misturadora-quente-e-fria-com-corpo-em-latao-de-fabrica-para-instalacao-de-lavatorio-torneira-de-agua-de-pega-unica\/#primaryimage"},"thumbnailUrl":"https:\/\/www.yoroow.com\/wp-content\/uploads\/2025\/02\/e89aca7dba994b787fb98fbf788a201.jpg","datePublished":"2025-02-24T06:57:48+00:00","dateModified":"2025-05-16T01:38:45+00:00","description":"Modern popular single-handle basin faucet with copper brass body offers hot and cold function. Deck installation is easy for various bathroom setups. Produced in China with reliable QC and fast lead times. Strong demand in Southeast Asia and South America.","breadcrumb":{"@id":"https:\/\/www.yoroow.com\/pt\/pormenor-do-produto\/torneira-misturadora-quente-e-fria-com-corpo-em-latao-de-fabrica-para-instalacao-de-lavatorio-torneira-de-agua-de-pega-unica\/#breadcrumb"},"inLanguage":"pt-PT","potentialAction":[{"@type":"ReadAction","target":["https:\/\/www.yoroow.com\/pt\/pormenor-do-produto\/torneira-misturadora-quente-e-fria-com-corpo-em-latao-de-fabrica-para-instalacao-de-lavatorio-torneira-de-agua-de-pega-unica\/"]}]},{"@type":"ImageObject","inLanguage":"pt-PT","@id":"https:\/\/www.yoroow.com\/pt\/pormenor-do-produto\/torneira-misturadora-quente-e-fria-com-corpo-em-latao-de-fabrica-para-instalacao-de-lavatorio-torneira-de-agua-de-pega-unica\/#primaryimage","url":"https:\/\/www.yoroow.com\/wp-content\/uploads\/2025\/02\/e89aca7dba994b787fb98fbf788a201.jpg","contentUrl":"https:\/\/www.yoroow.com\/wp-content\/uploads\/2025\/02\/e89aca7dba994b787fb98fbf788a201.jpg","width":500,"height":500,"caption":"Vintage Wash Basin Faucet 304 Stainless Steel Single Handle Hot Cold Mixer Deck Installation for Hotel"},{"@type":"BreadcrumbList","@id":"https:\/\/www.yoroow.com\/pt\/pormenor-do-produto\/torneira-misturadora-quente-e-fria-com-corpo-em-latao-de-fabrica-para-instalacao-de-lavatorio-torneira-de-agua-de-pega-unica\/#breadcrumb","itemListElement":[{"@type":"ListItem","position":1,"name":"home","item":"https:\/\/www.yoroow.com\/"},{"@type":"ListItem","position":2,"name":"Product","item":"https:\/\/www.yoroow.com\/product\/"},{"@type":"ListItem","position":3,"name":"Modern Popular Single-Handle Basin Faucet Copper Brass Body Hot Cold Water Tap with Deck Installation Direct Factory Wholesale"}]},{"@type":"WebSite","@id":"https:\/\/www.yoroow.com\/pt\/#website","url":"https:\/\/www.yoroow.com\/pt\/","name":"YOROOW","description":"","publisher":{"@id":"https:\/\/www.yoroow.com\/pt\/#organization"},"potentialAction":[{"@type":"SearchAction","target":{"@type":"EntryPoint","urlTemplate":"https:\/\/www.yoroow.com\/pt\/?s={search_term_string}"},"query-input":{"@type":"PropertyValueSpecification","valueRequired":true,"valueName":"search_term_string"}}],"inLanguage":"pt-PT"},{"@type":"Organization","@id":"https:\/\/www.yoroow.com\/pt\/#organization","name":"YOROOW","url":"https:\/\/www.yoroow.com\/pt\/","logo":{"@type":"ImageObject","inLanguage":"pt-PT","@id":"https:\/\/www.yoroow.com\/pt\/#\/schema\/logo\/image\/","url":"https:\/\/www.yoroow.com\/wp-content\/uploads\/2024\/12\/2024123007131061.png","contentUrl":"https:\/\/www.yoroow.com\/wp-content\/uploads\/2024\/12\/2024123007131061.png","width":168,"height":27,"caption":"YOROOW"},"image":{"@id":"https:\/\/www.yoroow.com\/pt\/#\/schema\/logo\/image\/"},"sameAs":["https:\/\/www.facebook.com\/people\/yoroowfaucetfactory\/61564236752362\/"]}]}},"_links":{"self":[{"href":"https:\/\/www.yoroow.com\/pt\/wp-json\/wp\/v2\/product\/12644","targetHints":{"allow":["GET"]}}],"collection":[{"href":"https:\/\/www.yoroow.com\/pt\/wp-json\/wp\/v2\/product"}],"about":[{"href":"https:\/\/www.yoroow.com\/pt\/wp-json\/wp\/v2\/types\/product"}],"wp:featuredmedia":[{"embeddable":true,"href":"https:\/\/www.yoroow.com\/pt\/wp-json\/wp\/v2\/media\/12635"}],"wp:attachment":[{"href":"https:\/\/www.yoroow.com\/pt\/wp-json\/wp\/v2\/media?parent=12644"}],"wp:term":[{"taxonomy":"product_brand","embeddable":true,"href":"https:\/\/www.yoroow.com\/pt\/wp-json\/wp\/v2\/product_brand?post=12644"},{"taxonomy":"product_cat","embeddable":true,"href":"https:\/\/www.yoroow.com\/pt\/wp-json\/wp\/v2\/product_cat?post=12644"},{"taxonomy":"product_tag","embeddable":true,"href":"https:\/\/www.yoroow.com\/pt\/wp-json\/wp\/v2\/product_tag?post=12644"}],"curies":[{"name":"wp","href":"https:\/\/api.w.org\/{rel}","templated":true}]}}