{"id":12395,"date":"2025-02-22T13:48:31","date_gmt":"2025-02-22T05:48:31","guid":{"rendered":"https:\/\/www.yoroow.com\/?post_type=product&#038;p=12395"},"modified":"2025-05-16T09:36:35","modified_gmt":"2025-05-16T01:36:35","slug":"venda-quente-simples-de-aco-inoxidavel-para-lavatorio-de-casa-de-banho-conjunto-de-drenagem-sus-pop-up-rolha-de-vaidade-com-transbordamento-para-uso-de-bacia","status":"publish","type":"product","link":"https:\/\/www.yoroow.com\/pt\/pormenor-do-produto\/venda-quente-simples-de-aco-inoxidavel-para-lavatorio-de-casa-de-banho-conjunto-de-drenagem-sus-pop-up-rolha-de-vaidade-com-transbordamento-para-uso-de-bacia\/","title":{"rendered":"Conjunto de drenagem de pia de banheiro de a\u00e7o inoxid\u00e1vel SUS de venda quente Montagem de rolha de vaidade pop-up simples para acess\u00f3rios de torneira de bacia"},"content":{"rendered":"<p>O conjunto de drenagem de lavat\u00f3rio de casa de banho em a\u00e7o inoxid\u00e1vel SUS de venda quente inclui uma tampa de vaidade pop-up e um corpo compat\u00edvel com transbordamento. Foi concebido para ser compat\u00edvel com a maioria dos tipos de lavat\u00f3rio, garantindo uma opera\u00e7\u00e3o f\u00e1cil para o utilizador e uma forte reten\u00e7\u00e3o de \u00e1gua. Constru\u00eddo em a\u00e7o inoxid\u00e1vel de alta qualidade para um desempenho antiferrugem e duradouro, este produto \u00e9 ideal para lavat\u00f3rios em hot\u00e9is, apartamentos e casas de banho p\u00fablicas. A nossa f\u00e1brica chinesa oferece produ\u00e7\u00e3o a alta velocidade, controlo de qualidade consistente e suporta log\u00f3tipos e embalagens personalizados a laser. Devido \u00e0 sua simplicidade, durabilidade e custo-benef\u00edcio, este item \u00e9 muito procurado no Sudeste Asi\u00e1tico e na Am\u00e9rica do Sul.<\/p>","protected":false},"excerpt":{"rendered":"<p>O conjunto de drenagem de lavat\u00f3rio de casa de banho em a\u00e7o inoxid\u00e1vel SUS de venda quente inclui uma tampa de vaidade pop-up e um corpo compat\u00edvel com transbordamento. Foi concebido para ser compat\u00edvel com a maioria dos tipos de lavat\u00f3rio, garantindo uma opera\u00e7\u00e3o f\u00e1cil para o utilizador e uma forte reten\u00e7\u00e3o de \u00e1gua. Constru\u00eddo com a\u00e7o inoxid\u00e1vel de alta qualidade para um desempenho antiferrugem e duradouro, este produto \u00e9 ideal para unidades de vaidade em hot\u00e9is, apartamentos e...<\/p>","protected":false},"featured_media":12396,"template":"","meta":{"_acf_changed":false,"_kad_post_transparent":"default","_kad_post_title":"","_kad_post_layout":"default","_kad_post_sidebar_id":"","_kad_post_content_style":"default","_kad_post_vertical_padding":"default","_kad_post_feature":"","_kad_post_feature_position":"","_kad_post_header":false,"_kad_post_footer":false},"product_brand":[],"product_cat":[341],"product_tag":[],"class_list":{"0":"post-12395","1":"product","2":"type-product","3":"status-publish","4":"has-post-thumbnail","6":"product_cat-sink-leak-plug","8":"first","9":"instock","10":"shipping-taxable","11":"product-type-variable","12":"wvs-archive-product-wrapper","13":"entry","14":"content-bg","15":"loop-entry"},"acf":[],"yoast_head":"<!-- This site is optimized with the Yoast SEO Premium plugin v25.4 (Yoast SEO v27.0) - https:\/\/yoast.com\/product\/yoast-seo-premium-wordpress\/ -->\n<title>Hot Selling SUS Stainless Steel Bathroom Sink Drain Assembly Simple Pop-Up Vanity Stopper Overflow for Basin Faucet Accessories - YOROOW<\/title>\n<meta name=\"description\" content=\"SUS stainless steel sink drain with simple pop-up stopper and overflow, ideal for bathroom vanity basins. Offers rust resistance and easy cleaning. Directly made by a Chinese factory with export experience. Favored in South America and Southeast Asia for affordable, efficient faucet accessories in residential or commercial bathrooms.\" \/>\n<meta name=\"robots\" content=\"index, follow, max-snippet:-1, max-image-preview:large, max-video-preview:-1\" \/>\n<link rel=\"canonical\" href=\"https:\/\/www.yoroow.com\/pt\/pormenor-do-produto\/venda-quente-simples-de-aco-inoxidavel-para-lavatorio-de-casa-de-banho-conjunto-de-drenagem-sus-pop-up-rolha-de-vaidade-com-transbordamento-para-uso-de-bacia\/\" \/>\n<meta property=\"og:locale\" content=\"pt_PT\" \/>\n<meta property=\"og:type\" content=\"article\" \/>\n<meta property=\"og:title\" content=\"Hot Selling SUS Stainless Steel Bathroom Sink Drain Assembly Simple Pop-Up Vanity Stopper Overflow for Basin Faucet Accessories\" \/>\n<meta property=\"og:description\" content=\"SUS stainless steel sink drain with simple pop-up stopper and overflow, ideal for bathroom vanity basins. Offers rust resistance and easy cleaning. Directly made by a Chinese factory with export experience. Favored in South America and Southeast Asia for affordable, efficient faucet accessories in residential or commercial bathrooms.\" \/>\n<meta property=\"og:url\" content=\"https:\/\/www.yoroow.com\/pt\/pormenor-do-produto\/venda-quente-simples-de-aco-inoxidavel-para-lavatorio-de-casa-de-banho-conjunto-de-drenagem-sus-pop-up-rolha-de-vaidade-com-transbordamento-para-uso-de-bacia\/\" \/>\n<meta property=\"og:site_name\" content=\"YOROOW\" \/>\n<meta property=\"article:publisher\" content=\"https:\/\/www.facebook.com\/people\/yoroowfaucetfactory\/61564236752362\/\" \/>\n<meta property=\"article:modified_time\" content=\"2025-05-16T01:36:35+00:00\" \/>\n<meta property=\"og:image\" content=\"https:\/\/www.yoroow.com\/wp-content\/uploads\/2025\/02\/image2.jpg\" \/>\n\t<meta property=\"og:image:width\" content=\"447\" \/>\n\t<meta property=\"og:image:height\" content=\"447\" \/>\n\t<meta property=\"og:image:type\" content=\"image\/jpeg\" \/>\n<meta name=\"twitter:card\" content=\"summary_large_image\" \/>\n<meta name=\"twitter:label1\" content=\"Est. reading time\" \/>\n\t<meta name=\"twitter:data1\" content=\"1 minuto\" \/>\n<script type=\"application\/ld+json\" class=\"yoast-schema-graph\">{\"@context\":\"https:\/\/schema.org\",\"@graph\":[{\"@type\":\"WebPage\",\"@id\":\"https:\/\/www.yoroow.com\/pt\/pormenor-do-produto\/venda-quente-simples-de-aco-inoxidavel-para-lavatorio-de-casa-de-banho-conjunto-de-drenagem-sus-pop-up-rolha-de-vaidade-com-transbordamento-para-uso-de-bacia\/\",\"url\":\"https:\/\/www.yoroow.com\/pt\/pormenor-do-produto\/venda-quente-simples-de-aco-inoxidavel-para-lavatorio-de-casa-de-banho-conjunto-de-drenagem-sus-pop-up-rolha-de-vaidade-com-transbordamento-para-uso-de-bacia\/\",\"name\":\"Hot Selling SUS Stainless Steel Bathroom Sink Drain Assembly Simple Pop-Up Vanity Stopper Overflow for Basin Faucet Accessories - YOROOW\",\"isPartOf\":{\"@id\":\"https:\/\/www.yoroow.com\/pt\/#website\"},\"primaryImageOfPage\":{\"@id\":\"https:\/\/www.yoroow.com\/pt\/pormenor-do-produto\/venda-quente-simples-de-aco-inoxidavel-para-lavatorio-de-casa-de-banho-conjunto-de-drenagem-sus-pop-up-rolha-de-vaidade-com-transbordamento-para-uso-de-bacia\/#primaryimage\"},\"image\":{\"@id\":\"https:\/\/www.yoroow.com\/pt\/pormenor-do-produto\/venda-quente-simples-de-aco-inoxidavel-para-lavatorio-de-casa-de-banho-conjunto-de-drenagem-sus-pop-up-rolha-de-vaidade-com-transbordamento-para-uso-de-bacia\/#primaryimage\"},\"thumbnailUrl\":\"https:\/\/www.yoroow.com\/wp-content\/uploads\/2025\/02\/image2.jpg\",\"datePublished\":\"2025-02-22T05:48:31+00:00\",\"dateModified\":\"2025-05-16T01:36:35+00:00\",\"description\":\"SUS stainless steel sink drain with simple pop-up stopper and overflow, ideal for bathroom vanity basins. Offers rust resistance and easy cleaning. Directly made by a Chinese factory with export experience. Favored in South America and Southeast Asia for affordable, efficient faucet accessories in residential or commercial bathrooms.\",\"breadcrumb\":{\"@id\":\"https:\/\/www.yoroow.com\/pt\/pormenor-do-produto\/venda-quente-simples-de-aco-inoxidavel-para-lavatorio-de-casa-de-banho-conjunto-de-drenagem-sus-pop-up-rolha-de-vaidade-com-transbordamento-para-uso-de-bacia\/#breadcrumb\"},\"inLanguage\":\"pt-PT\",\"potentialAction\":[{\"@type\":\"ReadAction\",\"target\":[\"https:\/\/www.yoroow.com\/pt\/pormenor-do-produto\/venda-quente-simples-de-aco-inoxidavel-para-lavatorio-de-casa-de-banho-conjunto-de-drenagem-sus-pop-up-rolha-de-vaidade-com-transbordamento-para-uso-de-bacia\/\"]}]},{\"@type\":\"ImageObject\",\"inLanguage\":\"pt-PT\",\"@id\":\"https:\/\/www.yoroow.com\/pt\/pormenor-do-produto\/venda-quente-simples-de-aco-inoxidavel-para-lavatorio-de-casa-de-banho-conjunto-de-drenagem-sus-pop-up-rolha-de-vaidade-com-transbordamento-para-uso-de-bacia\/#primaryimage\",\"url\":\"https:\/\/www.yoroow.com\/wp-content\/uploads\/2025\/02\/image2.jpg\",\"contentUrl\":\"https:\/\/www.yoroow.com\/wp-content\/uploads\/2025\/02\/image2.jpg\",\"width\":447,\"height\":447,\"caption\":\"Bathroom Basin Sink Drain Pop Up Drainer With Overflow Stainless Steel Pipe\"},{\"@type\":\"BreadcrumbList\",\"@id\":\"https:\/\/www.yoroow.com\/pt\/pormenor-do-produto\/venda-quente-simples-de-aco-inoxidavel-para-lavatorio-de-casa-de-banho-conjunto-de-drenagem-sus-pop-up-rolha-de-vaidade-com-transbordamento-para-uso-de-bacia\/#breadcrumb\",\"itemListElement\":[{\"@type\":\"ListItem\",\"position\":1,\"name\":\"home\",\"item\":\"https:\/\/www.yoroow.com\/\"},{\"@type\":\"ListItem\",\"position\":2,\"name\":\"Product\",\"item\":\"https:\/\/www.yoroow.com\/product\/\"},{\"@type\":\"ListItem\",\"position\":3,\"name\":\"Hot Selling SUS Stainless Steel Bathroom Sink Drain Assembly Simple Pop-Up Vanity Stopper Overflow for Basin Faucet Accessories\"}]},{\"@type\":\"WebSite\",\"@id\":\"https:\/\/www.yoroow.com\/pt\/#website\",\"url\":\"https:\/\/www.yoroow.com\/pt\/\",\"name\":\"YOROOW\",\"description\":\"\",\"publisher\":{\"@id\":\"https:\/\/www.yoroow.com\/pt\/#organization\"},\"potentialAction\":[{\"@type\":\"SearchAction\",\"target\":{\"@type\":\"EntryPoint\",\"urlTemplate\":\"https:\/\/www.yoroow.com\/pt\/?s={search_term_string}\"},\"query-input\":{\"@type\":\"PropertyValueSpecification\",\"valueRequired\":true,\"valueName\":\"search_term_string\"}}],\"inLanguage\":\"pt-PT\"},{\"@type\":\"Organization\",\"@id\":\"https:\/\/www.yoroow.com\/pt\/#organization\",\"name\":\"YOROOW\",\"url\":\"https:\/\/www.yoroow.com\/pt\/\",\"logo\":{\"@type\":\"ImageObject\",\"inLanguage\":\"pt-PT\",\"@id\":\"https:\/\/www.yoroow.com\/pt\/#\/schema\/logo\/image\/\",\"url\":\"https:\/\/www.yoroow.com\/wp-content\/uploads\/2024\/12\/2024123007131061.png\",\"contentUrl\":\"https:\/\/www.yoroow.com\/wp-content\/uploads\/2024\/12\/2024123007131061.png\",\"width\":168,\"height\":27,\"caption\":\"YOROOW\"},\"image\":{\"@id\":\"https:\/\/www.yoroow.com\/pt\/#\/schema\/logo\/image\/\"},\"sameAs\":[\"https:\/\/www.facebook.com\/people\/yoroowfaucetfactory\/61564236752362\/\"]}]}<\/script>\n<!-- \/ Yoast SEO Premium plugin. -->","yoast_head_json":{"title":"Hot Selling SUS Stainless Steel Bathroom Sink Drain Assembly Simple Pop-Up Vanity Stopper Overflow for Basin Faucet Accessories - YOROOW","description":"SUS stainless steel sink drain with simple pop-up stopper and overflow, ideal for bathroom vanity basins. Offers rust resistance and easy cleaning. Directly made by a Chinese factory with export experience. Favored in South America and Southeast Asia for affordable, efficient faucet accessories in residential or commercial bathrooms.","robots":{"index":"index","follow":"follow","max-snippet":"max-snippet:-1","max-image-preview":"max-image-preview:large","max-video-preview":"max-video-preview:-1"},"canonical":"https:\/\/www.yoroow.com\/pt\/pormenor-do-produto\/venda-quente-simples-de-aco-inoxidavel-para-lavatorio-de-casa-de-banho-conjunto-de-drenagem-sus-pop-up-rolha-de-vaidade-com-transbordamento-para-uso-de-bacia\/","og_locale":"pt_PT","og_type":"article","og_title":"Hot Selling SUS Stainless Steel Bathroom Sink Drain Assembly Simple Pop-Up Vanity Stopper Overflow for Basin Faucet Accessories","og_description":"SUS stainless steel sink drain with simple pop-up stopper and overflow, ideal for bathroom vanity basins. Offers rust resistance and easy cleaning. Directly made by a Chinese factory with export experience. Favored in South America and Southeast Asia for affordable, efficient faucet accessories in residential or commercial bathrooms.","og_url":"https:\/\/www.yoroow.com\/pt\/pormenor-do-produto\/venda-quente-simples-de-aco-inoxidavel-para-lavatorio-de-casa-de-banho-conjunto-de-drenagem-sus-pop-up-rolha-de-vaidade-com-transbordamento-para-uso-de-bacia\/","og_site_name":"YOROOW","article_publisher":"https:\/\/www.facebook.com\/people\/yoroowfaucetfactory\/61564236752362\/","article_modified_time":"2025-05-16T01:36:35+00:00","og_image":[{"width":447,"height":447,"url":"https:\/\/www.yoroow.com\/wp-content\/uploads\/2025\/02\/image2.jpg","type":"image\/jpeg"}],"twitter_card":"summary_large_image","twitter_misc":{"Est. reading time":"1 minuto"},"schema":{"@context":"https:\/\/schema.org","@graph":[{"@type":"WebPage","@id":"https:\/\/www.yoroow.com\/pt\/pormenor-do-produto\/venda-quente-simples-de-aco-inoxidavel-para-lavatorio-de-casa-de-banho-conjunto-de-drenagem-sus-pop-up-rolha-de-vaidade-com-transbordamento-para-uso-de-bacia\/","url":"https:\/\/www.yoroow.com\/pt\/pormenor-do-produto\/venda-quente-simples-de-aco-inoxidavel-para-lavatorio-de-casa-de-banho-conjunto-de-drenagem-sus-pop-up-rolha-de-vaidade-com-transbordamento-para-uso-de-bacia\/","name":"Hot Selling SUS Stainless Steel Bathroom Sink Drain Assembly Simple Pop-Up Vanity Stopper Overflow for Basin Faucet Accessories - YOROOW","isPartOf":{"@id":"https:\/\/www.yoroow.com\/pt\/#website"},"primaryImageOfPage":{"@id":"https:\/\/www.yoroow.com\/pt\/pormenor-do-produto\/venda-quente-simples-de-aco-inoxidavel-para-lavatorio-de-casa-de-banho-conjunto-de-drenagem-sus-pop-up-rolha-de-vaidade-com-transbordamento-para-uso-de-bacia\/#primaryimage"},"image":{"@id":"https:\/\/www.yoroow.com\/pt\/pormenor-do-produto\/venda-quente-simples-de-aco-inoxidavel-para-lavatorio-de-casa-de-banho-conjunto-de-drenagem-sus-pop-up-rolha-de-vaidade-com-transbordamento-para-uso-de-bacia\/#primaryimage"},"thumbnailUrl":"https:\/\/www.yoroow.com\/wp-content\/uploads\/2025\/02\/image2.jpg","datePublished":"2025-02-22T05:48:31+00:00","dateModified":"2025-05-16T01:36:35+00:00","description":"SUS stainless steel sink drain with simple pop-up stopper and overflow, ideal for bathroom vanity basins. Offers rust resistance and easy cleaning. Directly made by a Chinese factory with export experience. Favored in South America and Southeast Asia for affordable, efficient faucet accessories in residential or commercial bathrooms.","breadcrumb":{"@id":"https:\/\/www.yoroow.com\/pt\/pormenor-do-produto\/venda-quente-simples-de-aco-inoxidavel-para-lavatorio-de-casa-de-banho-conjunto-de-drenagem-sus-pop-up-rolha-de-vaidade-com-transbordamento-para-uso-de-bacia\/#breadcrumb"},"inLanguage":"pt-PT","potentialAction":[{"@type":"ReadAction","target":["https:\/\/www.yoroow.com\/pt\/pormenor-do-produto\/venda-quente-simples-de-aco-inoxidavel-para-lavatorio-de-casa-de-banho-conjunto-de-drenagem-sus-pop-up-rolha-de-vaidade-com-transbordamento-para-uso-de-bacia\/"]}]},{"@type":"ImageObject","inLanguage":"pt-PT","@id":"https:\/\/www.yoroow.com\/pt\/pormenor-do-produto\/venda-quente-simples-de-aco-inoxidavel-para-lavatorio-de-casa-de-banho-conjunto-de-drenagem-sus-pop-up-rolha-de-vaidade-com-transbordamento-para-uso-de-bacia\/#primaryimage","url":"https:\/\/www.yoroow.com\/wp-content\/uploads\/2025\/02\/image2.jpg","contentUrl":"https:\/\/www.yoroow.com\/wp-content\/uploads\/2025\/02\/image2.jpg","width":447,"height":447,"caption":"Bathroom Basin Sink Drain Pop Up Drainer With Overflow Stainless Steel Pipe"},{"@type":"BreadcrumbList","@id":"https:\/\/www.yoroow.com\/pt\/pormenor-do-produto\/venda-quente-simples-de-aco-inoxidavel-para-lavatorio-de-casa-de-banho-conjunto-de-drenagem-sus-pop-up-rolha-de-vaidade-com-transbordamento-para-uso-de-bacia\/#breadcrumb","itemListElement":[{"@type":"ListItem","position":1,"name":"home","item":"https:\/\/www.yoroow.com\/"},{"@type":"ListItem","position":2,"name":"Product","item":"https:\/\/www.yoroow.com\/product\/"},{"@type":"ListItem","position":3,"name":"Hot Selling SUS Stainless Steel Bathroom Sink Drain Assembly Simple Pop-Up Vanity Stopper Overflow for Basin Faucet Accessories"}]},{"@type":"WebSite","@id":"https:\/\/www.yoroow.com\/pt\/#website","url":"https:\/\/www.yoroow.com\/pt\/","name":"YOROOW","description":"","publisher":{"@id":"https:\/\/www.yoroow.com\/pt\/#organization"},"potentialAction":[{"@type":"SearchAction","target":{"@type":"EntryPoint","urlTemplate":"https:\/\/www.yoroow.com\/pt\/?s={search_term_string}"},"query-input":{"@type":"PropertyValueSpecification","valueRequired":true,"valueName":"search_term_string"}}],"inLanguage":"pt-PT"},{"@type":"Organization","@id":"https:\/\/www.yoroow.com\/pt\/#organization","name":"YOROOW","url":"https:\/\/www.yoroow.com\/pt\/","logo":{"@type":"ImageObject","inLanguage":"pt-PT","@id":"https:\/\/www.yoroow.com\/pt\/#\/schema\/logo\/image\/","url":"https:\/\/www.yoroow.com\/wp-content\/uploads\/2024\/12\/2024123007131061.png","contentUrl":"https:\/\/www.yoroow.com\/wp-content\/uploads\/2024\/12\/2024123007131061.png","width":168,"height":27,"caption":"YOROOW"},"image":{"@id":"https:\/\/www.yoroow.com\/pt\/#\/schema\/logo\/image\/"},"sameAs":["https:\/\/www.facebook.com\/people\/yoroowfaucetfactory\/61564236752362\/"]}]}},"_links":{"self":[{"href":"https:\/\/www.yoroow.com\/pt\/wp-json\/wp\/v2\/product\/12395","targetHints":{"allow":["GET"]}}],"collection":[{"href":"https:\/\/www.yoroow.com\/pt\/wp-json\/wp\/v2\/product"}],"about":[{"href":"https:\/\/www.yoroow.com\/pt\/wp-json\/wp\/v2\/types\/product"}],"wp:featuredmedia":[{"embeddable":true,"href":"https:\/\/www.yoroow.com\/pt\/wp-json\/wp\/v2\/media\/12396"}],"wp:attachment":[{"href":"https:\/\/www.yoroow.com\/pt\/wp-json\/wp\/v2\/media?parent=12395"}],"wp:term":[{"taxonomy":"product_brand","embeddable":true,"href":"https:\/\/www.yoroow.com\/pt\/wp-json\/wp\/v2\/product_brand?post=12395"},{"taxonomy":"product_cat","embeddable":true,"href":"https:\/\/www.yoroow.com\/pt\/wp-json\/wp\/v2\/product_cat?post=12395"},{"taxonomy":"product_tag","embeddable":true,"href":"https:\/\/www.yoroow.com\/pt\/wp-json\/wp\/v2\/product_tag?post=12395"}],"curies":[{"name":"wp","href":"https:\/\/api.w.org\/{rel}","templated":true}]}}