{"id":12375,"date":"2025-02-22T13:23:07","date_gmt":"2025-02-22T05:23:07","guid":{"rendered":"https:\/\/www.yoroow.com\/?post_type=product&#038;p=12375"},"modified":"2025-05-16T09:36:28","modified_gmt":"2025-05-16T01:36:28","slug":"venda-direta-da-fabrica-da-china-louca-sanitaria-acessorios-de-casa-de-banho-latao-cromo-chao-residuos-dreno","status":"publish","type":"product","link":"https:\/\/www.yoroow.com\/pt\/pormenor-do-produto\/venda-direta-da-fabrica-da-china-louca-sanitaria-acessorios-de-casa-de-banho-latao-cromo-chao-residuos-dreno\/","title":{"rendered":"China F\u00e1brica Venda Direta Lou\u00e7a Sanit\u00e1ria Acess\u00f3rios de Casa de Banho Lat\u00e3o Cromo Ch\u00e3o Desperd\u00edcio Dreno Selo de \u00c1gua Profundo Torneira Acess\u00f3rio"},"content":{"rendered":"<p>A venda direta da f\u00e1brica na China de artigos sanit\u00e1rios para casa de banho em lat\u00e3o cromado inclui um n\u00facleo de veda\u00e7\u00e3o de \u00e1gua profunda e um corpo de lat\u00e3o dur\u00e1vel com revestimento cromado resistente \u00e0 corros\u00e3o, garantindo um desempenho antiferrugem a longo prazo. Ideal para aplica\u00e7\u00f5es em casas de banho residenciais e comerciais, o seu design sem costuras permite um fluxo de \u00e1gua eficiente e evita a fuga de gases de esgoto. Com log\u00f3tipos, tamanhos e acabamentos personaliz\u00e1veis dispon\u00edveis, a nossa f\u00e1brica fornece produ\u00e7\u00e3o a granel a pre\u00e7os competitivos. Este produto \u00e9 amplamente aceite no Sudeste Asi\u00e1tico e na Am\u00e9rica do Sul devido \u00e0 necessidade de sistemas de drenagem fi\u00e1veis e higi\u00e9nicos em climas de elevada humidade. A embalagem pode ser adaptada para encomendas OEM ou ODM.<\/p>","protected":false},"excerpt":{"rendered":"<p>A venda direta da f\u00e1brica na China de artigos sanit\u00e1rios para casa de banho em lat\u00e3o cromado inclui um n\u00facleo de veda\u00e7\u00e3o de \u00e1gua profunda e um corpo de lat\u00e3o dur\u00e1vel com revestimento cromado resistente \u00e0 corros\u00e3o, garantindo um desempenho antiferrugem a longo prazo. Ideal para aplica\u00e7\u00f5es em casas de banho residenciais e comerciais, o seu design sem costuras permite um fluxo de \u00e1gua eficiente e evita a fuga de gases de esgoto. Com log\u00f3tipos personaliz\u00e1veis,...<\/p>","protected":false},"featured_media":12377,"template":"","meta":{"_acf_changed":false,"_kad_post_transparent":"default","_kad_post_title":"","_kad_post_layout":"default","_kad_post_sidebar_id":"","_kad_post_content_style":"default","_kad_post_vertical_padding":"default","_kad_post_feature":"","_kad_post_feature_position":"","_kad_post_header":false,"_kad_post_footer":false},"product_brand":[],"product_cat":[340],"product_tag":[],"class_list":{"0":"post-12375","1":"product","2":"type-product","3":"status-publish","4":"has-post-thumbnail","6":"product_cat-floor-drain","8":"first","9":"instock","10":"shipping-taxable","11":"purchasable","12":"product-type-variable","13":"wvs-archive-product-wrapper","14":"entry","15":"content-bg","16":"loop-entry"},"acf":[],"yoast_head":"<!-- This site is optimized with the Yoast SEO Premium plugin v25.4 (Yoast SEO v27.0) - https:\/\/yoast.com\/product\/yoast-seo-premium-wordpress\/ -->\n<title>China Factory Direct Sale Sanitary Ware Bathroom Fittings Brass Chrome Floor Waste Drain Deep Water Seal Faucet Accessory - YOROOW<\/title>\n<meta name=\"description\" content=\"Brass chrome floor drain with deep water seal for bathroom use, offering excellent odor prevention and easy maintenance. Manufactured in China using sanitary-grade brass, ensuring long service life and strong corrosion resistance. Widely exported to South America and Southeast Asia for residential and commercial use, with OEM support and stable production capacity.\" \/>\n<meta name=\"robots\" content=\"index, follow, max-snippet:-1, max-image-preview:large, max-video-preview:-1\" \/>\n<link rel=\"canonical\" href=\"https:\/\/www.yoroow.com\/pt\/pormenor-do-produto\/venda-direta-da-fabrica-da-china-louca-sanitaria-acessorios-de-casa-de-banho-latao-cromo-chao-residuos-dreno\/\" \/>\n<meta property=\"og:locale\" content=\"pt_PT\" \/>\n<meta property=\"og:type\" content=\"article\" \/>\n<meta property=\"og:title\" content=\"China Factory Direct Sale Sanitary Ware Bathroom Fittings Brass Chrome Floor Waste Drain Deep Water Seal Faucet Accessory\" \/>\n<meta property=\"og:description\" content=\"Brass chrome floor drain with deep water seal for bathroom use, offering excellent odor prevention and easy maintenance. Manufactured in China using sanitary-grade brass, ensuring long service life and strong corrosion resistance. Widely exported to South America and Southeast Asia for residential and commercial use, with OEM support and stable production capacity.\" \/>\n<meta property=\"og:url\" content=\"https:\/\/www.yoroow.com\/pt\/pormenor-do-produto\/venda-direta-da-fabrica-da-china-louca-sanitaria-acessorios-de-casa-de-banho-latao-cromo-chao-residuos-dreno\/\" \/>\n<meta property=\"og:site_name\" content=\"YOROOW\" \/>\n<meta property=\"article:publisher\" content=\"https:\/\/www.facebook.com\/people\/yoroowfaucetfactory\/61564236752362\/\" \/>\n<meta property=\"article:modified_time\" content=\"2025-05-16T01:36:28+00:00\" \/>\n<meta property=\"og:image\" content=\"https:\/\/www.yoroow.com\/wp-content\/uploads\/2025\/02\/\u6ce2\u7eb9\u5730\u6f0f.jpg\" \/>\n\t<meta property=\"og:image:width\" content=\"624\" \/>\n\t<meta property=\"og:image:height\" content=\"624\" \/>\n\t<meta property=\"og:image:type\" content=\"image\/jpeg\" \/>\n<meta name=\"twitter:card\" content=\"summary_large_image\" \/>\n<meta name=\"twitter:label1\" content=\"Est. reading time\" \/>\n\t<meta name=\"twitter:data1\" content=\"1 minuto\" \/>\n<script type=\"application\/ld+json\" class=\"yoast-schema-graph\">{\"@context\":\"https:\/\/schema.org\",\"@graph\":[{\"@type\":\"WebPage\",\"@id\":\"https:\/\/www.yoroow.com\/pt\/pormenor-do-produto\/venda-direta-da-fabrica-da-china-louca-sanitaria-acessorios-de-casa-de-banho-latao-cromo-chao-residuos-dreno\/\",\"url\":\"https:\/\/www.yoroow.com\/pt\/pormenor-do-produto\/venda-direta-da-fabrica-da-china-louca-sanitaria-acessorios-de-casa-de-banho-latao-cromo-chao-residuos-dreno\/\",\"name\":\"China Factory Direct Sale Sanitary Ware Bathroom Fittings Brass Chrome Floor Waste Drain Deep Water Seal Faucet Accessory - YOROOW\",\"isPartOf\":{\"@id\":\"https:\/\/www.yoroow.com\/pt\/#website\"},\"primaryImageOfPage\":{\"@id\":\"https:\/\/www.yoroow.com\/pt\/pormenor-do-produto\/venda-direta-da-fabrica-da-china-louca-sanitaria-acessorios-de-casa-de-banho-latao-cromo-chao-residuos-dreno\/#primaryimage\"},\"image\":{\"@id\":\"https:\/\/www.yoroow.com\/pt\/pormenor-do-produto\/venda-direta-da-fabrica-da-china-louca-sanitaria-acessorios-de-casa-de-banho-latao-cromo-chao-residuos-dreno\/#primaryimage\"},\"thumbnailUrl\":\"https:\/\/www.yoroow.com\/wp-content\/uploads\/2025\/02\/\u6ce2\u7eb9\u5730\u6f0f.jpg\",\"datePublished\":\"2025-02-22T05:23:07+00:00\",\"dateModified\":\"2025-05-16T01:36:28+00:00\",\"description\":\"Brass chrome floor drain with deep water seal for bathroom use, offering excellent odor prevention and easy maintenance. Manufactured in China using sanitary-grade brass, ensuring long service life and strong corrosion resistance. Widely exported to South America and Southeast Asia for residential and commercial use, with OEM support and stable production capacity.\",\"breadcrumb\":{\"@id\":\"https:\/\/www.yoroow.com\/pt\/pormenor-do-produto\/venda-direta-da-fabrica-da-china-louca-sanitaria-acessorios-de-casa-de-banho-latao-cromo-chao-residuos-dreno\/#breadcrumb\"},\"inLanguage\":\"pt-PT\",\"potentialAction\":[{\"@type\":\"ReadAction\",\"target\":[\"https:\/\/www.yoroow.com\/pt\/pormenor-do-produto\/venda-direta-da-fabrica-da-china-louca-sanitaria-acessorios-de-casa-de-banho-latao-cromo-chao-residuos-dreno\/\"]}]},{\"@type\":\"ImageObject\",\"inLanguage\":\"pt-PT\",\"@id\":\"https:\/\/www.yoroow.com\/pt\/pormenor-do-produto\/venda-direta-da-fabrica-da-china-louca-sanitaria-acessorios-de-casa-de-banho-latao-cromo-chao-residuos-dreno\/#primaryimage\",\"url\":\"https:\/\/www.yoroow.com\/wp-content\/uploads\/2025\/02\/\u6ce2\u7eb9\u5730\u6f0f.jpg\",\"contentUrl\":\"https:\/\/www.yoroow.com\/wp-content\/uploads\/2025\/02\/\u6ce2\u7eb9\u5730\u6f0f.jpg\",\"width\":624,\"height\":624,\"caption\":\"Good Quality Floor Drain Cover Balcony Anti Odor Gold Floor Drain Strainers 4 Inch square Brass Floor Drain for Bathroom\"},{\"@type\":\"BreadcrumbList\",\"@id\":\"https:\/\/www.yoroow.com\/pt\/pormenor-do-produto\/venda-direta-da-fabrica-da-china-louca-sanitaria-acessorios-de-casa-de-banho-latao-cromo-chao-residuos-dreno\/#breadcrumb\",\"itemListElement\":[{\"@type\":\"ListItem\",\"position\":1,\"name\":\"home\",\"item\":\"https:\/\/www.yoroow.com\/\"},{\"@type\":\"ListItem\",\"position\":2,\"name\":\"Product\",\"item\":\"https:\/\/www.yoroow.com\/product\/\"},{\"@type\":\"ListItem\",\"position\":3,\"name\":\"China Factory Direct Sale Sanitary Ware Bathroom Fittings Brass Chrome Floor Waste Drain Deep Water Seal Faucet Accessory\"}]},{\"@type\":\"WebSite\",\"@id\":\"https:\/\/www.yoroow.com\/pt\/#website\",\"url\":\"https:\/\/www.yoroow.com\/pt\/\",\"name\":\"YOROOW\",\"description\":\"\",\"publisher\":{\"@id\":\"https:\/\/www.yoroow.com\/pt\/#organization\"},\"potentialAction\":[{\"@type\":\"SearchAction\",\"target\":{\"@type\":\"EntryPoint\",\"urlTemplate\":\"https:\/\/www.yoroow.com\/pt\/?s={search_term_string}\"},\"query-input\":{\"@type\":\"PropertyValueSpecification\",\"valueRequired\":true,\"valueName\":\"search_term_string\"}}],\"inLanguage\":\"pt-PT\"},{\"@type\":\"Organization\",\"@id\":\"https:\/\/www.yoroow.com\/pt\/#organization\",\"name\":\"YOROOW\",\"url\":\"https:\/\/www.yoroow.com\/pt\/\",\"logo\":{\"@type\":\"ImageObject\",\"inLanguage\":\"pt-PT\",\"@id\":\"https:\/\/www.yoroow.com\/pt\/#\/schema\/logo\/image\/\",\"url\":\"https:\/\/www.yoroow.com\/wp-content\/uploads\/2024\/12\/2024123007131061.png\",\"contentUrl\":\"https:\/\/www.yoroow.com\/wp-content\/uploads\/2024\/12\/2024123007131061.png\",\"width\":168,\"height\":27,\"caption\":\"YOROOW\"},\"image\":{\"@id\":\"https:\/\/www.yoroow.com\/pt\/#\/schema\/logo\/image\/\"},\"sameAs\":[\"https:\/\/www.facebook.com\/people\/yoroowfaucetfactory\/61564236752362\/\"]}]}<\/script>\n<!-- \/ Yoast SEO Premium plugin. -->","yoast_head_json":{"title":"China Factory Direct Sale Sanitary Ware Bathroom Fittings Brass Chrome Floor Waste Drain Deep Water Seal Faucet Accessory - YOROOW","description":"Brass chrome floor drain with deep water seal for bathroom use, offering excellent odor prevention and easy maintenance. Manufactured in China using sanitary-grade brass, ensuring long service life and strong corrosion resistance. Widely exported to South America and Southeast Asia for residential and commercial use, with OEM support and stable production capacity.","robots":{"index":"index","follow":"follow","max-snippet":"max-snippet:-1","max-image-preview":"max-image-preview:large","max-video-preview":"max-video-preview:-1"},"canonical":"https:\/\/www.yoroow.com\/pt\/pormenor-do-produto\/venda-direta-da-fabrica-da-china-louca-sanitaria-acessorios-de-casa-de-banho-latao-cromo-chao-residuos-dreno\/","og_locale":"pt_PT","og_type":"article","og_title":"China Factory Direct Sale Sanitary Ware Bathroom Fittings Brass Chrome Floor Waste Drain Deep Water Seal Faucet Accessory","og_description":"Brass chrome floor drain with deep water seal for bathroom use, offering excellent odor prevention and easy maintenance. Manufactured in China using sanitary-grade brass, ensuring long service life and strong corrosion resistance. Widely exported to South America and Southeast Asia for residential and commercial use, with OEM support and stable production capacity.","og_url":"https:\/\/www.yoroow.com\/pt\/pormenor-do-produto\/venda-direta-da-fabrica-da-china-louca-sanitaria-acessorios-de-casa-de-banho-latao-cromo-chao-residuos-dreno\/","og_site_name":"YOROOW","article_publisher":"https:\/\/www.facebook.com\/people\/yoroowfaucetfactory\/61564236752362\/","article_modified_time":"2025-05-16T01:36:28+00:00","og_image":[{"width":624,"height":624,"url":"https:\/\/www.yoroow.com\/wp-content\/uploads\/2025\/02\/\u6ce2\u7eb9\u5730\u6f0f.jpg","type":"image\/jpeg"}],"twitter_card":"summary_large_image","twitter_misc":{"Est. reading time":"1 minuto"},"schema":{"@context":"https:\/\/schema.org","@graph":[{"@type":"WebPage","@id":"https:\/\/www.yoroow.com\/pt\/pormenor-do-produto\/venda-direta-da-fabrica-da-china-louca-sanitaria-acessorios-de-casa-de-banho-latao-cromo-chao-residuos-dreno\/","url":"https:\/\/www.yoroow.com\/pt\/pormenor-do-produto\/venda-direta-da-fabrica-da-china-louca-sanitaria-acessorios-de-casa-de-banho-latao-cromo-chao-residuos-dreno\/","name":"China Factory Direct Sale Sanitary Ware Bathroom Fittings Brass Chrome Floor Waste Drain Deep Water Seal Faucet Accessory - YOROOW","isPartOf":{"@id":"https:\/\/www.yoroow.com\/pt\/#website"},"primaryImageOfPage":{"@id":"https:\/\/www.yoroow.com\/pt\/pormenor-do-produto\/venda-direta-da-fabrica-da-china-louca-sanitaria-acessorios-de-casa-de-banho-latao-cromo-chao-residuos-dreno\/#primaryimage"},"image":{"@id":"https:\/\/www.yoroow.com\/pt\/pormenor-do-produto\/venda-direta-da-fabrica-da-china-louca-sanitaria-acessorios-de-casa-de-banho-latao-cromo-chao-residuos-dreno\/#primaryimage"},"thumbnailUrl":"https:\/\/www.yoroow.com\/wp-content\/uploads\/2025\/02\/\u6ce2\u7eb9\u5730\u6f0f.jpg","datePublished":"2025-02-22T05:23:07+00:00","dateModified":"2025-05-16T01:36:28+00:00","description":"Brass chrome floor drain with deep water seal for bathroom use, offering excellent odor prevention and easy maintenance. Manufactured in China using sanitary-grade brass, ensuring long service life and strong corrosion resistance. Widely exported to South America and Southeast Asia for residential and commercial use, with OEM support and stable production capacity.","breadcrumb":{"@id":"https:\/\/www.yoroow.com\/pt\/pormenor-do-produto\/venda-direta-da-fabrica-da-china-louca-sanitaria-acessorios-de-casa-de-banho-latao-cromo-chao-residuos-dreno\/#breadcrumb"},"inLanguage":"pt-PT","potentialAction":[{"@type":"ReadAction","target":["https:\/\/www.yoroow.com\/pt\/pormenor-do-produto\/venda-direta-da-fabrica-da-china-louca-sanitaria-acessorios-de-casa-de-banho-latao-cromo-chao-residuos-dreno\/"]}]},{"@type":"ImageObject","inLanguage":"pt-PT","@id":"https:\/\/www.yoroow.com\/pt\/pormenor-do-produto\/venda-direta-da-fabrica-da-china-louca-sanitaria-acessorios-de-casa-de-banho-latao-cromo-chao-residuos-dreno\/#primaryimage","url":"https:\/\/www.yoroow.com\/wp-content\/uploads\/2025\/02\/\u6ce2\u7eb9\u5730\u6f0f.jpg","contentUrl":"https:\/\/www.yoroow.com\/wp-content\/uploads\/2025\/02\/\u6ce2\u7eb9\u5730\u6f0f.jpg","width":624,"height":624,"caption":"Good Quality Floor Drain Cover Balcony Anti Odor Gold Floor Drain Strainers 4 Inch square Brass Floor Drain for Bathroom"},{"@type":"BreadcrumbList","@id":"https:\/\/www.yoroow.com\/pt\/pormenor-do-produto\/venda-direta-da-fabrica-da-china-louca-sanitaria-acessorios-de-casa-de-banho-latao-cromo-chao-residuos-dreno\/#breadcrumb","itemListElement":[{"@type":"ListItem","position":1,"name":"home","item":"https:\/\/www.yoroow.com\/"},{"@type":"ListItem","position":2,"name":"Product","item":"https:\/\/www.yoroow.com\/product\/"},{"@type":"ListItem","position":3,"name":"China Factory Direct Sale Sanitary Ware Bathroom Fittings Brass Chrome Floor Waste Drain Deep Water Seal Faucet Accessory"}]},{"@type":"WebSite","@id":"https:\/\/www.yoroow.com\/pt\/#website","url":"https:\/\/www.yoroow.com\/pt\/","name":"YOROOW","description":"","publisher":{"@id":"https:\/\/www.yoroow.com\/pt\/#organization"},"potentialAction":[{"@type":"SearchAction","target":{"@type":"EntryPoint","urlTemplate":"https:\/\/www.yoroow.com\/pt\/?s={search_term_string}"},"query-input":{"@type":"PropertyValueSpecification","valueRequired":true,"valueName":"search_term_string"}}],"inLanguage":"pt-PT"},{"@type":"Organization","@id":"https:\/\/www.yoroow.com\/pt\/#organization","name":"YOROOW","url":"https:\/\/www.yoroow.com\/pt\/","logo":{"@type":"ImageObject","inLanguage":"pt-PT","@id":"https:\/\/www.yoroow.com\/pt\/#\/schema\/logo\/image\/","url":"https:\/\/www.yoroow.com\/wp-content\/uploads\/2024\/12\/2024123007131061.png","contentUrl":"https:\/\/www.yoroow.com\/wp-content\/uploads\/2024\/12\/2024123007131061.png","width":168,"height":27,"caption":"YOROOW"},"image":{"@id":"https:\/\/www.yoroow.com\/pt\/#\/schema\/logo\/image\/"},"sameAs":["https:\/\/www.facebook.com\/people\/yoroowfaucetfactory\/61564236752362\/"]}]}},"_links":{"self":[{"href":"https:\/\/www.yoroow.com\/pt\/wp-json\/wp\/v2\/product\/12375","targetHints":{"allow":["GET"]}}],"collection":[{"href":"https:\/\/www.yoroow.com\/pt\/wp-json\/wp\/v2\/product"}],"about":[{"href":"https:\/\/www.yoroow.com\/pt\/wp-json\/wp\/v2\/types\/product"}],"wp:featuredmedia":[{"embeddable":true,"href":"https:\/\/www.yoroow.com\/pt\/wp-json\/wp\/v2\/media\/12377"}],"wp:attachment":[{"href":"https:\/\/www.yoroow.com\/pt\/wp-json\/wp\/v2\/media?parent=12375"}],"wp:term":[{"taxonomy":"product_brand","embeddable":true,"href":"https:\/\/www.yoroow.com\/pt\/wp-json\/wp\/v2\/product_brand?post=12375"},{"taxonomy":"product_cat","embeddable":true,"href":"https:\/\/www.yoroow.com\/pt\/wp-json\/wp\/v2\/product_cat?post=12375"},{"taxonomy":"product_tag","embeddable":true,"href":"https:\/\/www.yoroow.com\/pt\/wp-json\/wp\/v2\/product_tag?post=12375"}],"curies":[{"name":"wp","href":"https:\/\/api.w.org\/{rel}","templated":true}]}}