{"id":12345,"date":"2025-02-22T10:14:40","date_gmt":"2025-02-22T02:14:40","guid":{"rendered":"https:\/\/www.yoroow.com\/?post_type=product&#038;p=12345"},"modified":"2025-05-16T09:35:48","modified_gmt":"2025-05-16T01:35:48","slug":"torneira-de-cobre-cromada-economica-misturadora-de-lavatorio-de-aco-inoxidavel-preto-e-dourado-torneira-de-lavatorio-de-casa-de-banho-torneira-de-agua-para-lavatorio-%e5%a4%8d%e5%88%b6","status":"publish","type":"product","link":"https:\/\/www.yoroow.com\/pt\/pormenor-do-produto\/torneira-de-cobre-cromada-economica-misturadora-de-lavatorio-de-aco-inoxidavel-preto-e-dourado-torneira-de-lavatorio-de-casa-de-banho-torneira-de-agua-para-lavatorio-%e5%a4%8d%e5%88%b6\/","title":{"rendered":"Torneiras econ\u00f3micas para lavat\u00f3rios de hotel \u00c1gua quente e fria A\u00e7o inoxid\u00e1vel Torneira misturadora de lavat\u00f3rio em ouro preto Cromado Torneira de \u00e1gua para lavat\u00f3rio de casa de banho em cobre"},"content":{"rendered":"<p>Torneiras de lavat\u00f3rio de hotel econ\u00f3micas \u00c1gua quente e fria A\u00e7o inoxid\u00e1vel Preto dourado Torneira misturadora de lavat\u00f3rio Cromado Cobre Torneira de \u00e1gua para lavat\u00f3rio de casa de banho Esta torneira de lavat\u00f3rio de hotel combina a\u00e7o inoxid\u00e1vel de alta qualidade com acabamentos em preto e dourado para uma solu\u00e7\u00e3o de casa de banho elegante e funcional. Proporciona a funcionalidade de \u00e1gua quente e fria, com um corpo em cobre cromado dur\u00e1vel, concebido para uma utiliza\u00e7\u00e3o duradoura em ambientes comerciais. O design do misturador de uma s\u00f3 pega permite um controlo f\u00e1cil do fluxo e da temperatura da \u00e1gua. Ideal para casas de banho de hot\u00e9is, lavat\u00f3rios comerciais e espa\u00e7os residenciais, esta torneira foi concebida para suportar grandes volumes de utiliza\u00e7\u00e3o. A f\u00e1brica da YOROOW na China garante pre\u00e7os acess\u00edveis com padr\u00f5es de produ\u00e7\u00e3o de alta qualidade, tornando-a uma \u00f3ptima op\u00e7\u00e3o para as empresas que visam os mercados da Am\u00e9rica do Sul e do Sudeste Asi\u00e1tico.<\/p>","protected":false},"excerpt":{"rendered":"<p>Economic Hotel Basin Faucets Hot Cold Water Stainless Steel Black Gold Basin Mixer Tap Chrome Copper Bathroom Sink Water Faucet This hotel basin faucet combines high-quality stainless steel with black and gold finishes for a stylish and functional bathroom solution. It provides hot and cold water functionality, with a durable chrome copper body designed for&#8230;<\/p>","protected":false},"featured_media":12332,"template":"","meta":{"_acf_changed":false,"_kad_post_transparent":"default","_kad_post_title":"","_kad_post_layout":"default","_kad_post_sidebar_id":"","_kad_post_content_style":"default","_kad_post_vertical_padding":"default","_kad_post_feature":"","_kad_post_feature_position":"","_kad_post_header":false,"_kad_post_footer":false},"product_brand":[],"product_cat":[238,1567],"product_tag":[5921,5987],"class_list":{"0":"post-12345","1":"product","2":"type-product","3":"status-publish","4":"has-post-thumbnail","6":"product_cat-mixer-basin-faucet","7":"product_cat-special-7139b","8":"product_tag-basin-faucet-with-lever","9":"product_tag-hotel-basin-faucets-with-hot-and-cold-water","11":"first","12":"instock","13":"shipping-taxable","14":"purchasable","15":"product-type-variable","16":"wvs-archive-product-wrapper","17":"entry","18":"content-bg","19":"loop-entry"},"acf":[],"yoast_head":"<!-- This site is optimized with the Yoast SEO Premium plugin v25.4 (Yoast SEO v27.0) - https:\/\/yoast.com\/product\/yoast-seo-premium-wordpress\/ -->\n<title>Economic Hotel Basin Faucets Hot Cold Water Stainless Steel Black Gold Basin Mixer Tap Chrome Copper Bathroom Sink Water Faucet - YOROOW<\/title>\n<meta name=\"description\" content=\"Economic hotel basin faucet with hot and cold water function, crafted from stainless steel with black and gold finishes. Reliable Chinese manufacturing supports OEM customization and cost-effective solutions. Perfect for hotel bathrooms and exported mainly to Latin America and Southeast Asia.\" \/>\n<meta name=\"robots\" content=\"index, follow, max-snippet:-1, max-image-preview:large, max-video-preview:-1\" \/>\n<link rel=\"canonical\" href=\"https:\/\/www.yoroow.com\/pt\/pormenor-do-produto\/torneira-de-cobre-cromada-economica-misturadora-de-lavatorio-de-aco-inoxidavel-preto-e-dourado-torneira-de-lavatorio-de-casa-de-banho-torneira-de-agua-para-lavatorio-\u590d\u5236\/\" \/>\n<meta property=\"og:locale\" content=\"pt_PT\" \/>\n<meta property=\"og:type\" content=\"article\" \/>\n<meta property=\"og:title\" content=\"Economic Hotel Basin Faucets Hot Cold Water Stainless Steel Black Gold Basin Mixer Tap Chrome Copper Bathroom Sink Water Faucet\" \/>\n<meta property=\"og:description\" content=\"Economic hotel basin faucet with hot and cold water function, crafted from stainless steel with black and gold finishes. Reliable Chinese manufacturing supports OEM customization and cost-effective solutions. Perfect for hotel bathrooms and exported mainly to Latin America and Southeast Asia.\" \/>\n<meta property=\"og:url\" content=\"https:\/\/www.yoroow.com\/pt\/pormenor-do-produto\/torneira-de-cobre-cromada-economica-misturadora-de-lavatorio-de-aco-inoxidavel-preto-e-dourado-torneira-de-lavatorio-de-casa-de-banho-torneira-de-agua-para-lavatorio-\u590d\u5236\/\" \/>\n<meta property=\"og:site_name\" content=\"YOROOW\" \/>\n<meta property=\"article:publisher\" content=\"https:\/\/www.facebook.com\/people\/yoroowfaucetfactory\/61564236752362\/\" \/>\n<meta property=\"article:modified_time\" content=\"2025-05-16T01:35:48+00:00\" \/>\n<meta property=\"og:image\" content=\"https:\/\/www.yoroow.com\/wp-content\/uploads\/2025\/02\/7139B2.jpg\" \/>\n\t<meta property=\"og:image:width\" content=\"750\" \/>\n\t<meta property=\"og:image:height\" content=\"750\" \/>\n\t<meta property=\"og:image:type\" content=\"image\/jpeg\" \/>\n<meta name=\"twitter:card\" content=\"summary_large_image\" \/>\n<meta name=\"twitter:label1\" content=\"Est. reading time\" \/>\n\t<meta name=\"twitter:data1\" content=\"1 minuto\" \/>\n<script type=\"application\/ld+json\" class=\"yoast-schema-graph\">{\"@context\":\"https:\/\/schema.org\",\"@graph\":[{\"@type\":\"WebPage\",\"@id\":\"https:\/\/www.yoroow.com\/pt\/pormenor-do-produto\/torneira-de-cobre-cromada-economica-misturadora-de-lavatorio-de-aco-inoxidavel-preto-e-dourado-torneira-de-lavatorio-de-casa-de-banho-torneira-de-agua-para-lavatorio-%e5%a4%8d%e5%88%b6\/\",\"url\":\"https:\/\/www.yoroow.com\/pt\/pormenor-do-produto\/torneira-de-cobre-cromada-economica-misturadora-de-lavatorio-de-aco-inoxidavel-preto-e-dourado-torneira-de-lavatorio-de-casa-de-banho-torneira-de-agua-para-lavatorio-%e5%a4%8d%e5%88%b6\/\",\"name\":\"Economic Hotel Basin Faucets Hot Cold Water Stainless Steel Black Gold Basin Mixer Tap Chrome Copper Bathroom Sink Water Faucet - YOROOW\",\"isPartOf\":{\"@id\":\"https:\/\/www.yoroow.com\/pt\/#website\"},\"primaryImageOfPage\":{\"@id\":\"https:\/\/www.yoroow.com\/pt\/pormenor-do-produto\/torneira-de-cobre-cromada-economica-misturadora-de-lavatorio-de-aco-inoxidavel-preto-e-dourado-torneira-de-lavatorio-de-casa-de-banho-torneira-de-agua-para-lavatorio-%e5%a4%8d%e5%88%b6\/#primaryimage\"},\"image\":{\"@id\":\"https:\/\/www.yoroow.com\/pt\/pormenor-do-produto\/torneira-de-cobre-cromada-economica-misturadora-de-lavatorio-de-aco-inoxidavel-preto-e-dourado-torneira-de-lavatorio-de-casa-de-banho-torneira-de-agua-para-lavatorio-%e5%a4%8d%e5%88%b6\/#primaryimage\"},\"thumbnailUrl\":\"https:\/\/www.yoroow.com\/wp-content\/uploads\/2025\/02\/7139B2.jpg\",\"datePublished\":\"2025-02-22T02:14:40+00:00\",\"dateModified\":\"2025-05-16T01:35:48+00:00\",\"description\":\"Economic hotel basin faucet with hot and cold water function, crafted from stainless steel with black and gold finishes. Reliable Chinese manufacturing supports OEM customization and cost-effective solutions. Perfect for hotel bathrooms and exported mainly to Latin America and Southeast Asia.\",\"breadcrumb\":{\"@id\":\"https:\/\/www.yoroow.com\/pt\/pormenor-do-produto\/torneira-de-cobre-cromada-economica-misturadora-de-lavatorio-de-aco-inoxidavel-preto-e-dourado-torneira-de-lavatorio-de-casa-de-banho-torneira-de-agua-para-lavatorio-%e5%a4%8d%e5%88%b6\/#breadcrumb\"},\"inLanguage\":\"pt-PT\",\"potentialAction\":[{\"@type\":\"ReadAction\",\"target\":[\"https:\/\/www.yoroow.com\/pt\/pormenor-do-produto\/torneira-de-cobre-cromada-economica-misturadora-de-lavatorio-de-aco-inoxidavel-preto-e-dourado-torneira-de-lavatorio-de-casa-de-banho-torneira-de-agua-para-lavatorio-%e5%a4%8d%e5%88%b6\/\"]}]},{\"@type\":\"ImageObject\",\"inLanguage\":\"pt-PT\",\"@id\":\"https:\/\/www.yoroow.com\/pt\/pormenor-do-produto\/torneira-de-cobre-cromada-economica-misturadora-de-lavatorio-de-aco-inoxidavel-preto-e-dourado-torneira-de-lavatorio-de-casa-de-banho-torneira-de-agua-para-lavatorio-%e5%a4%8d%e5%88%b6\/#primaryimage\",\"url\":\"https:\/\/www.yoroow.com\/wp-content\/uploads\/2025\/02\/7139B2.jpg\",\"contentUrl\":\"https:\/\/www.yoroow.com\/wp-content\/uploads\/2025\/02\/7139B2.jpg\",\"width\":750,\"height\":750,\"caption\":\"Classic Black Basin Mixer Faucet for Bathroom Hotel Villa-Brushed Finish Vanity Faucet for Washbasin\"},{\"@type\":\"BreadcrumbList\",\"@id\":\"https:\/\/www.yoroow.com\/pt\/pormenor-do-produto\/torneira-de-cobre-cromada-economica-misturadora-de-lavatorio-de-aco-inoxidavel-preto-e-dourado-torneira-de-lavatorio-de-casa-de-banho-torneira-de-agua-para-lavatorio-%e5%a4%8d%e5%88%b6\/#breadcrumb\",\"itemListElement\":[{\"@type\":\"ListItem\",\"position\":1,\"name\":\"home\",\"item\":\"https:\/\/www.yoroow.com\/\"},{\"@type\":\"ListItem\",\"position\":2,\"name\":\"Product\",\"item\":\"https:\/\/www.yoroow.com\/product\/\"},{\"@type\":\"ListItem\",\"position\":3,\"name\":\"Economic Hotel Basin Faucets Hot Cold Water Stainless Steel Black Gold Basin Mixer Tap Chrome Copper Bathroom Sink Water Faucet\"}]},{\"@type\":\"WebSite\",\"@id\":\"https:\/\/www.yoroow.com\/pt\/#website\",\"url\":\"https:\/\/www.yoroow.com\/pt\/\",\"name\":\"YOROOW\",\"description\":\"\",\"publisher\":{\"@id\":\"https:\/\/www.yoroow.com\/pt\/#organization\"},\"potentialAction\":[{\"@type\":\"SearchAction\",\"target\":{\"@type\":\"EntryPoint\",\"urlTemplate\":\"https:\/\/www.yoroow.com\/pt\/?s={search_term_string}\"},\"query-input\":{\"@type\":\"PropertyValueSpecification\",\"valueRequired\":true,\"valueName\":\"search_term_string\"}}],\"inLanguage\":\"pt-PT\"},{\"@type\":\"Organization\",\"@id\":\"https:\/\/www.yoroow.com\/pt\/#organization\",\"name\":\"YOROOW\",\"url\":\"https:\/\/www.yoroow.com\/pt\/\",\"logo\":{\"@type\":\"ImageObject\",\"inLanguage\":\"pt-PT\",\"@id\":\"https:\/\/www.yoroow.com\/pt\/#\/schema\/logo\/image\/\",\"url\":\"https:\/\/www.yoroow.com\/wp-content\/uploads\/2024\/12\/2024123007131061.png\",\"contentUrl\":\"https:\/\/www.yoroow.com\/wp-content\/uploads\/2024\/12\/2024123007131061.png\",\"width\":168,\"height\":27,\"caption\":\"YOROOW\"},\"image\":{\"@id\":\"https:\/\/www.yoroow.com\/pt\/#\/schema\/logo\/image\/\"},\"sameAs\":[\"https:\/\/www.facebook.com\/people\/yoroowfaucetfactory\/61564236752362\/\"]}]}<\/script>\n<!-- \/ Yoast SEO Premium plugin. -->","yoast_head_json":{"title":"Economic Hotel Basin Faucets Hot Cold Water Stainless Steel Black Gold Basin Mixer Tap Chrome Copper Bathroom Sink Water Faucet - YOROOW","description":"Economic hotel basin faucet with hot and cold water function, crafted from stainless steel with black and gold finishes. Reliable Chinese manufacturing supports OEM customization and cost-effective solutions. Perfect for hotel bathrooms and exported mainly to Latin America and Southeast Asia.","robots":{"index":"index","follow":"follow","max-snippet":"max-snippet:-1","max-image-preview":"max-image-preview:large","max-video-preview":"max-video-preview:-1"},"canonical":"https:\/\/www.yoroow.com\/pt\/pormenor-do-produto\/torneira-de-cobre-cromada-economica-misturadora-de-lavatorio-de-aco-inoxidavel-preto-e-dourado-torneira-de-lavatorio-de-casa-de-banho-torneira-de-agua-para-lavatorio-\u590d\u5236\/","og_locale":"pt_PT","og_type":"article","og_title":"Economic Hotel Basin Faucets Hot Cold Water Stainless Steel Black Gold Basin Mixer Tap Chrome Copper Bathroom Sink Water Faucet","og_description":"Economic hotel basin faucet with hot and cold water function, crafted from stainless steel with black and gold finishes. Reliable Chinese manufacturing supports OEM customization and cost-effective solutions. Perfect for hotel bathrooms and exported mainly to Latin America and Southeast Asia.","og_url":"https:\/\/www.yoroow.com\/pt\/pormenor-do-produto\/torneira-de-cobre-cromada-economica-misturadora-de-lavatorio-de-aco-inoxidavel-preto-e-dourado-torneira-de-lavatorio-de-casa-de-banho-torneira-de-agua-para-lavatorio-\u590d\u5236\/","og_site_name":"YOROOW","article_publisher":"https:\/\/www.facebook.com\/people\/yoroowfaucetfactory\/61564236752362\/","article_modified_time":"2025-05-16T01:35:48+00:00","og_image":[{"width":750,"height":750,"url":"https:\/\/www.yoroow.com\/wp-content\/uploads\/2025\/02\/7139B2.jpg","type":"image\/jpeg"}],"twitter_card":"summary_large_image","twitter_misc":{"Est. reading time":"1 minuto"},"schema":{"@context":"https:\/\/schema.org","@graph":[{"@type":"WebPage","@id":"https:\/\/www.yoroow.com\/pt\/pormenor-do-produto\/torneira-de-cobre-cromada-economica-misturadora-de-lavatorio-de-aco-inoxidavel-preto-e-dourado-torneira-de-lavatorio-de-casa-de-banho-torneira-de-agua-para-lavatorio-%e5%a4%8d%e5%88%b6\/","url":"https:\/\/www.yoroow.com\/pt\/pormenor-do-produto\/torneira-de-cobre-cromada-economica-misturadora-de-lavatorio-de-aco-inoxidavel-preto-e-dourado-torneira-de-lavatorio-de-casa-de-banho-torneira-de-agua-para-lavatorio-%e5%a4%8d%e5%88%b6\/","name":"Economic Hotel Basin Faucets Hot Cold Water Stainless Steel Black Gold Basin Mixer Tap Chrome Copper Bathroom Sink Water Faucet - YOROOW","isPartOf":{"@id":"https:\/\/www.yoroow.com\/pt\/#website"},"primaryImageOfPage":{"@id":"https:\/\/www.yoroow.com\/pt\/pormenor-do-produto\/torneira-de-cobre-cromada-economica-misturadora-de-lavatorio-de-aco-inoxidavel-preto-e-dourado-torneira-de-lavatorio-de-casa-de-banho-torneira-de-agua-para-lavatorio-%e5%a4%8d%e5%88%b6\/#primaryimage"},"image":{"@id":"https:\/\/www.yoroow.com\/pt\/pormenor-do-produto\/torneira-de-cobre-cromada-economica-misturadora-de-lavatorio-de-aco-inoxidavel-preto-e-dourado-torneira-de-lavatorio-de-casa-de-banho-torneira-de-agua-para-lavatorio-%e5%a4%8d%e5%88%b6\/#primaryimage"},"thumbnailUrl":"https:\/\/www.yoroow.com\/wp-content\/uploads\/2025\/02\/7139B2.jpg","datePublished":"2025-02-22T02:14:40+00:00","dateModified":"2025-05-16T01:35:48+00:00","description":"Economic hotel basin faucet with hot and cold water function, crafted from stainless steel with black and gold finishes. Reliable Chinese manufacturing supports OEM customization and cost-effective solutions. Perfect for hotel bathrooms and exported mainly to Latin America and Southeast Asia.","breadcrumb":{"@id":"https:\/\/www.yoroow.com\/pt\/pormenor-do-produto\/torneira-de-cobre-cromada-economica-misturadora-de-lavatorio-de-aco-inoxidavel-preto-e-dourado-torneira-de-lavatorio-de-casa-de-banho-torneira-de-agua-para-lavatorio-%e5%a4%8d%e5%88%b6\/#breadcrumb"},"inLanguage":"pt-PT","potentialAction":[{"@type":"ReadAction","target":["https:\/\/www.yoroow.com\/pt\/pormenor-do-produto\/torneira-de-cobre-cromada-economica-misturadora-de-lavatorio-de-aco-inoxidavel-preto-e-dourado-torneira-de-lavatorio-de-casa-de-banho-torneira-de-agua-para-lavatorio-%e5%a4%8d%e5%88%b6\/"]}]},{"@type":"ImageObject","inLanguage":"pt-PT","@id":"https:\/\/www.yoroow.com\/pt\/pormenor-do-produto\/torneira-de-cobre-cromada-economica-misturadora-de-lavatorio-de-aco-inoxidavel-preto-e-dourado-torneira-de-lavatorio-de-casa-de-banho-torneira-de-agua-para-lavatorio-%e5%a4%8d%e5%88%b6\/#primaryimage","url":"https:\/\/www.yoroow.com\/wp-content\/uploads\/2025\/02\/7139B2.jpg","contentUrl":"https:\/\/www.yoroow.com\/wp-content\/uploads\/2025\/02\/7139B2.jpg","width":750,"height":750,"caption":"Classic Black Basin Mixer Faucet for Bathroom Hotel Villa-Brushed Finish Vanity Faucet for Washbasin"},{"@type":"BreadcrumbList","@id":"https:\/\/www.yoroow.com\/pt\/pormenor-do-produto\/torneira-de-cobre-cromada-economica-misturadora-de-lavatorio-de-aco-inoxidavel-preto-e-dourado-torneira-de-lavatorio-de-casa-de-banho-torneira-de-agua-para-lavatorio-%e5%a4%8d%e5%88%b6\/#breadcrumb","itemListElement":[{"@type":"ListItem","position":1,"name":"home","item":"https:\/\/www.yoroow.com\/"},{"@type":"ListItem","position":2,"name":"Product","item":"https:\/\/www.yoroow.com\/product\/"},{"@type":"ListItem","position":3,"name":"Economic Hotel Basin Faucets Hot Cold Water Stainless Steel Black Gold Basin Mixer Tap Chrome Copper Bathroom Sink Water Faucet"}]},{"@type":"WebSite","@id":"https:\/\/www.yoroow.com\/pt\/#website","url":"https:\/\/www.yoroow.com\/pt\/","name":"YOROOW","description":"","publisher":{"@id":"https:\/\/www.yoroow.com\/pt\/#organization"},"potentialAction":[{"@type":"SearchAction","target":{"@type":"EntryPoint","urlTemplate":"https:\/\/www.yoroow.com\/pt\/?s={search_term_string}"},"query-input":{"@type":"PropertyValueSpecification","valueRequired":true,"valueName":"search_term_string"}}],"inLanguage":"pt-PT"},{"@type":"Organization","@id":"https:\/\/www.yoroow.com\/pt\/#organization","name":"YOROOW","url":"https:\/\/www.yoroow.com\/pt\/","logo":{"@type":"ImageObject","inLanguage":"pt-PT","@id":"https:\/\/www.yoroow.com\/pt\/#\/schema\/logo\/image\/","url":"https:\/\/www.yoroow.com\/wp-content\/uploads\/2024\/12\/2024123007131061.png","contentUrl":"https:\/\/www.yoroow.com\/wp-content\/uploads\/2024\/12\/2024123007131061.png","width":168,"height":27,"caption":"YOROOW"},"image":{"@id":"https:\/\/www.yoroow.com\/pt\/#\/schema\/logo\/image\/"},"sameAs":["https:\/\/www.facebook.com\/people\/yoroowfaucetfactory\/61564236752362\/"]}]}},"_links":{"self":[{"href":"https:\/\/www.yoroow.com\/pt\/wp-json\/wp\/v2\/product\/12345","targetHints":{"allow":["GET"]}}],"collection":[{"href":"https:\/\/www.yoroow.com\/pt\/wp-json\/wp\/v2\/product"}],"about":[{"href":"https:\/\/www.yoroow.com\/pt\/wp-json\/wp\/v2\/types\/product"}],"wp:featuredmedia":[{"embeddable":true,"href":"https:\/\/www.yoroow.com\/pt\/wp-json\/wp\/v2\/media\/12332"}],"wp:attachment":[{"href":"https:\/\/www.yoroow.com\/pt\/wp-json\/wp\/v2\/media?parent=12345"}],"wp:term":[{"taxonomy":"product_brand","embeddable":true,"href":"https:\/\/www.yoroow.com\/pt\/wp-json\/wp\/v2\/product_brand?post=12345"},{"taxonomy":"product_cat","embeddable":true,"href":"https:\/\/www.yoroow.com\/pt\/wp-json\/wp\/v2\/product_cat?post=12345"},{"taxonomy":"product_tag","embeddable":true,"href":"https:\/\/www.yoroow.com\/pt\/wp-json\/wp\/v2\/product_tag?post=12345"}],"curies":[{"name":"wp","href":"https:\/\/api.w.org\/{rel}","templated":true}]}}