{"id":12324,"date":"2025-02-22T10:05:28","date_gmt":"2025-02-22T02:05:28","guid":{"rendered":"https:\/\/www.yoroow.com\/?post_type=product&#038;p=12324"},"modified":"2025-05-16T09:35:45","modified_gmt":"2025-05-16T01:35:45","slug":"torneira-misturadora-moderna-de-um-so-manipulo-puxar-para-baixo-pistola-zinco-cinzento-pia-de-cozinha-torneira-de-casa-de-banho-cartucho-ceramico-de-um-so-furo","status":"publish","type":"product","link":"https:\/\/www.yoroow.com\/pt\/pormenor-do-produto\/torneira-misturadora-moderna-de-um-so-manipulo-puxar-para-baixo-pistola-zinco-cinzento-pia-de-cozinha-torneira-de-casa-de-banho-cartucho-ceramico-de-um-so-furo\/","title":{"rendered":"Torneira de um s\u00f3 furo de estilo industrial termost\u00e1tica V\u00e1lvula de cer\u00e2mica de um s\u00f3 man\u00edpulo com n\u00facleo cinzento pistola Torneira termost\u00e1tica de bom pre\u00e7o"},"content":{"rendered":"<p>Torneira de lavat\u00f3rio de estilo industrial com um s\u00f3 furo V\u00e1lvula de cer\u00e2mica termost\u00e1tica de um s\u00f3 man\u00edpulo com n\u00facleo cinzento pistola Torneira de bom pre\u00e7o termost\u00e1tica Esta torneira de lavat\u00f3rio de estilo industrial \u00e9 fabricada em lat\u00e3o de alta qualidade com um acabamento cinzento pistola, conferindo um aspeto robusto mas sofisticado a qualquer casa de banho ou espa\u00e7o comercial. A v\u00e1lvula termost\u00e1tica garante um controlo preciso da temperatura da \u00e1gua, tornando-a uma escolha ideal para hospitais, escolas e instala\u00e7\u00f5es p\u00fablicas com muito tr\u00e1fego. O n\u00facleo da v\u00e1lvula em cer\u00e2mica oferece durabilidade e um funcionamento suave. O design da torneira \u00e9 adequado tanto para casas de banho contempor\u00e2neas como para casas de banho com tem\u00e1tica industrial. A experi\u00eancia de fabrico chinesa da YOROOW proporciona solu\u00e7\u00f5es econ\u00f3micas sem comprometer a qualidade, tornando-a uma escolha preferida para exporta\u00e7\u00e3o para os mercados da Am\u00e9rica do Sul e do Sudeste Asi\u00e1tico, onde os equipamentos de estilo industrial est\u00e3o a ganhar popularidade.<\/p>","protected":false},"excerpt":{"rendered":"<p>Industrial Style Single-Hole Faucet Thermostatic Single-Handle Ceramic Valve Core Gun Grey Good Price Faucet Thermostatic This industrial-style basin faucet is crafted from high-quality brass with a gun-grey finish, adding a rugged yet sophisticated look to any bathroom or commercial space. The thermostatic valve ensures precise water temperature control, making it an ideal choice for hospitals,&#8230;<\/p>","protected":false},"featured_media":12316,"template":"","meta":{"_acf_changed":false,"_kad_post_transparent":"default","_kad_post_title":"","_kad_post_layout":"default","_kad_post_sidebar_id":"","_kad_post_content_style":"default","_kad_post_vertical_padding":"default","_kad_post_feature":"","_kad_post_feature_position":"","_kad_post_header":false,"_kad_post_footer":false},"product_brand":[],"product_cat":[238,1566],"product_tag":[6020,3367],"class_list":{"0":"post-12324","1":"product","2":"type-product","3":"status-publish","4":"has-post-thumbnail","6":"product_cat-mixer-basin-faucet","7":"product_cat-pulling-basin-mixer-faucet","8":"product_tag-basin-faucets-gun-grey","9":"product_tag-brass-basin-faucet-industrial-style","11":"first","12":"instock","13":"shipping-taxable","14":"purchasable","15":"product-type-variable","16":"wvs-archive-product-wrapper","17":"entry","18":"content-bg","19":"loop-entry"},"acf":[],"yoast_head":"<!-- This site is optimized with the Yoast SEO Premium plugin v25.4 (Yoast SEO v27.0) - https:\/\/yoast.com\/product\/yoast-seo-premium-wordpress\/ -->\n<title>Industrial Style Single-Hole Faucet Thermostatic Single-Handle Ceramic Valve Core Gun Grey Good Price Faucet Thermostatic - YOROOW<\/title>\n<meta name=\"description\" content=\"An industrial-style faucet built with brass and a thermostatic ceramic cartridge. It features a single-handle design with a gunmetal gray finish, offering durability and easy temperature adjustment. Supplied directly by a Chinese factory, suitable for modern homes and hotels.\" \/>\n<meta name=\"robots\" content=\"index, follow, max-snippet:-1, max-image-preview:large, max-video-preview:-1\" \/>\n<link rel=\"canonical\" href=\"https:\/\/www.yoroow.com\/pt\/pormenor-do-produto\/torneira-misturadora-moderna-de-um-so-manipulo-puxar-para-baixo-pistola-zinco-cinzento-pia-de-cozinha-torneira-de-casa-de-banho-cartucho-ceramico-de-um-so-furo\/\" \/>\n<meta property=\"og:locale\" content=\"pt_PT\" \/>\n<meta property=\"og:type\" content=\"article\" \/>\n<meta property=\"og:title\" content=\"Industrial Style Single-Hole Faucet Thermostatic Single-Handle Ceramic Valve Core Gun Grey Good Price Faucet Thermostatic\" \/>\n<meta property=\"og:description\" content=\"An industrial-style faucet built with brass and a thermostatic ceramic cartridge. It features a single-handle design with a gunmetal gray finish, offering durability and easy temperature adjustment. Supplied directly by a Chinese factory, suitable for modern homes and hotels.\" \/>\n<meta property=\"og:url\" content=\"https:\/\/www.yoroow.com\/pt\/pormenor-do-produto\/torneira-misturadora-moderna-de-um-so-manipulo-puxar-para-baixo-pistola-zinco-cinzento-pia-de-cozinha-torneira-de-casa-de-banho-cartucho-ceramico-de-um-so-furo\/\" \/>\n<meta property=\"og:site_name\" content=\"YOROOW\" \/>\n<meta property=\"article:publisher\" content=\"https:\/\/www.facebook.com\/people\/yoroowfaucetfactory\/61564236752362\/\" \/>\n<meta property=\"article:modified_time\" content=\"2025-05-16T01:35:45+00:00\" \/>\n<meta property=\"og:image\" content=\"https:\/\/www.yoroow.com\/wp-content\/uploads\/2025\/02\/7270A3.jpg\" \/>\n\t<meta property=\"og:image:width\" content=\"673\" \/>\n\t<meta property=\"og:image:height\" content=\"673\" \/>\n\t<meta property=\"og:image:type\" content=\"image\/jpeg\" \/>\n<meta name=\"twitter:card\" content=\"summary_large_image\" \/>\n<meta name=\"twitter:label1\" content=\"Est. reading time\" \/>\n\t<meta name=\"twitter:data1\" content=\"1 minuto\" \/>\n<script type=\"application\/ld+json\" class=\"yoast-schema-graph\">{\"@context\":\"https:\/\/schema.org\",\"@graph\":[{\"@type\":\"WebPage\",\"@id\":\"https:\/\/www.yoroow.com\/pt\/pormenor-do-produto\/torneira-misturadora-moderna-de-um-so-manipulo-puxar-para-baixo-pistola-zinco-cinzento-pia-de-cozinha-torneira-de-casa-de-banho-cartucho-ceramico-de-um-so-furo\/\",\"url\":\"https:\/\/www.yoroow.com\/pt\/pormenor-do-produto\/torneira-misturadora-moderna-de-um-so-manipulo-puxar-para-baixo-pistola-zinco-cinzento-pia-de-cozinha-torneira-de-casa-de-banho-cartucho-ceramico-de-um-so-furo\/\",\"name\":\"Industrial Style Single-Hole Faucet Thermostatic Single-Handle Ceramic Valve Core Gun Grey Good Price Faucet Thermostatic - YOROOW\",\"isPartOf\":{\"@id\":\"https:\/\/www.yoroow.com\/pt\/#website\"},\"primaryImageOfPage\":{\"@id\":\"https:\/\/www.yoroow.com\/pt\/pormenor-do-produto\/torneira-misturadora-moderna-de-um-so-manipulo-puxar-para-baixo-pistola-zinco-cinzento-pia-de-cozinha-torneira-de-casa-de-banho-cartucho-ceramico-de-um-so-furo\/#primaryimage\"},\"image\":{\"@id\":\"https:\/\/www.yoroow.com\/pt\/pormenor-do-produto\/torneira-misturadora-moderna-de-um-so-manipulo-puxar-para-baixo-pistola-zinco-cinzento-pia-de-cozinha-torneira-de-casa-de-banho-cartucho-ceramico-de-um-so-furo\/#primaryimage\"},\"thumbnailUrl\":\"https:\/\/www.yoroow.com\/wp-content\/uploads\/2025\/02\/7270A3.jpg\",\"datePublished\":\"2025-02-22T02:05:28+00:00\",\"dateModified\":\"2025-05-16T01:35:45+00:00\",\"description\":\"An industrial-style faucet built with brass and a thermostatic ceramic cartridge. It features a single-handle design with a gunmetal gray finish, offering durability and easy temperature adjustment. Supplied directly by a Chinese factory, suitable for modern homes and hotels.\",\"breadcrumb\":{\"@id\":\"https:\/\/www.yoroow.com\/pt\/pormenor-do-produto\/torneira-misturadora-moderna-de-um-so-manipulo-puxar-para-baixo-pistola-zinco-cinzento-pia-de-cozinha-torneira-de-casa-de-banho-cartucho-ceramico-de-um-so-furo\/#breadcrumb\"},\"inLanguage\":\"pt-PT\",\"potentialAction\":[{\"@type\":\"ReadAction\",\"target\":[\"https:\/\/www.yoroow.com\/pt\/pormenor-do-produto\/torneira-misturadora-moderna-de-um-so-manipulo-puxar-para-baixo-pistola-zinco-cinzento-pia-de-cozinha-torneira-de-casa-de-banho-cartucho-ceramico-de-um-so-furo\/\"]}]},{\"@type\":\"ImageObject\",\"inLanguage\":\"pt-PT\",\"@id\":\"https:\/\/www.yoroow.com\/pt\/pormenor-do-produto\/torneira-misturadora-moderna-de-um-so-manipulo-puxar-para-baixo-pistola-zinco-cinzento-pia-de-cozinha-torneira-de-casa-de-banho-cartucho-ceramico-de-um-so-furo\/#primaryimage\",\"url\":\"https:\/\/www.yoroow.com\/wp-content\/uploads\/2025\/02\/7270A3.jpg\",\"contentUrl\":\"https:\/\/www.yoroow.com\/wp-content\/uploads\/2025\/02\/7270A3.jpg\",\"width\":673,\"height\":673,\"caption\":\"Factory Outlet Contemporary Chrome Basin Faucet Hot and Cold Mixer Water Tap for Bathroom Vanity Faucet Design\"},{\"@type\":\"BreadcrumbList\",\"@id\":\"https:\/\/www.yoroow.com\/pt\/pormenor-do-produto\/torneira-misturadora-moderna-de-um-so-manipulo-puxar-para-baixo-pistola-zinco-cinzento-pia-de-cozinha-torneira-de-casa-de-banho-cartucho-ceramico-de-um-so-furo\/#breadcrumb\",\"itemListElement\":[{\"@type\":\"ListItem\",\"position\":1,\"name\":\"home\",\"item\":\"https:\/\/www.yoroow.com\/\"},{\"@type\":\"ListItem\",\"position\":2,\"name\":\"Product\",\"item\":\"https:\/\/www.yoroow.com\/product\/\"},{\"@type\":\"ListItem\",\"position\":3,\"name\":\"Industrial Style Single-Hole Faucet Thermostatic Single-Handle Ceramic Valve Core Gun Grey Good Price Faucet Thermostatic\"}]},{\"@type\":\"WebSite\",\"@id\":\"https:\/\/www.yoroow.com\/pt\/#website\",\"url\":\"https:\/\/www.yoroow.com\/pt\/\",\"name\":\"YOROOW\",\"description\":\"\",\"publisher\":{\"@id\":\"https:\/\/www.yoroow.com\/pt\/#organization\"},\"potentialAction\":[{\"@type\":\"SearchAction\",\"target\":{\"@type\":\"EntryPoint\",\"urlTemplate\":\"https:\/\/www.yoroow.com\/pt\/?s={search_term_string}\"},\"query-input\":{\"@type\":\"PropertyValueSpecification\",\"valueRequired\":true,\"valueName\":\"search_term_string\"}}],\"inLanguage\":\"pt-PT\"},{\"@type\":\"Organization\",\"@id\":\"https:\/\/www.yoroow.com\/pt\/#organization\",\"name\":\"YOROOW\",\"url\":\"https:\/\/www.yoroow.com\/pt\/\",\"logo\":{\"@type\":\"ImageObject\",\"inLanguage\":\"pt-PT\",\"@id\":\"https:\/\/www.yoroow.com\/pt\/#\/schema\/logo\/image\/\",\"url\":\"https:\/\/www.yoroow.com\/wp-content\/uploads\/2024\/12\/2024123007131061.png\",\"contentUrl\":\"https:\/\/www.yoroow.com\/wp-content\/uploads\/2024\/12\/2024123007131061.png\",\"width\":168,\"height\":27,\"caption\":\"YOROOW\"},\"image\":{\"@id\":\"https:\/\/www.yoroow.com\/pt\/#\/schema\/logo\/image\/\"},\"sameAs\":[\"https:\/\/www.facebook.com\/people\/yoroowfaucetfactory\/61564236752362\/\"]}]}<\/script>\n<!-- \/ Yoast SEO Premium plugin. -->","yoast_head_json":{"title":"Industrial Style Single-Hole Faucet Thermostatic Single-Handle Ceramic Valve Core Gun Grey Good Price Faucet Thermostatic - YOROOW","description":"An industrial-style faucet built with brass and a thermostatic ceramic cartridge. It features a single-handle design with a gunmetal gray finish, offering durability and easy temperature adjustment. Supplied directly by a Chinese factory, suitable for modern homes and hotels.","robots":{"index":"index","follow":"follow","max-snippet":"max-snippet:-1","max-image-preview":"max-image-preview:large","max-video-preview":"max-video-preview:-1"},"canonical":"https:\/\/www.yoroow.com\/pt\/pormenor-do-produto\/torneira-misturadora-moderna-de-um-so-manipulo-puxar-para-baixo-pistola-zinco-cinzento-pia-de-cozinha-torneira-de-casa-de-banho-cartucho-ceramico-de-um-so-furo\/","og_locale":"pt_PT","og_type":"article","og_title":"Industrial Style Single-Hole Faucet Thermostatic Single-Handle Ceramic Valve Core Gun Grey Good Price Faucet Thermostatic","og_description":"An industrial-style faucet built with brass and a thermostatic ceramic cartridge. It features a single-handle design with a gunmetal gray finish, offering durability and easy temperature adjustment. Supplied directly by a Chinese factory, suitable for modern homes and hotels.","og_url":"https:\/\/www.yoroow.com\/pt\/pormenor-do-produto\/torneira-misturadora-moderna-de-um-so-manipulo-puxar-para-baixo-pistola-zinco-cinzento-pia-de-cozinha-torneira-de-casa-de-banho-cartucho-ceramico-de-um-so-furo\/","og_site_name":"YOROOW","article_publisher":"https:\/\/www.facebook.com\/people\/yoroowfaucetfactory\/61564236752362\/","article_modified_time":"2025-05-16T01:35:45+00:00","og_image":[{"width":673,"height":673,"url":"https:\/\/www.yoroow.com\/wp-content\/uploads\/2025\/02\/7270A3.jpg","type":"image\/jpeg"}],"twitter_card":"summary_large_image","twitter_misc":{"Est. reading time":"1 minuto"},"schema":{"@context":"https:\/\/schema.org","@graph":[{"@type":"WebPage","@id":"https:\/\/www.yoroow.com\/pt\/pormenor-do-produto\/torneira-misturadora-moderna-de-um-so-manipulo-puxar-para-baixo-pistola-zinco-cinzento-pia-de-cozinha-torneira-de-casa-de-banho-cartucho-ceramico-de-um-so-furo\/","url":"https:\/\/www.yoroow.com\/pt\/pormenor-do-produto\/torneira-misturadora-moderna-de-um-so-manipulo-puxar-para-baixo-pistola-zinco-cinzento-pia-de-cozinha-torneira-de-casa-de-banho-cartucho-ceramico-de-um-so-furo\/","name":"Industrial Style Single-Hole Faucet Thermostatic Single-Handle Ceramic Valve Core Gun Grey Good Price Faucet Thermostatic - YOROOW","isPartOf":{"@id":"https:\/\/www.yoroow.com\/pt\/#website"},"primaryImageOfPage":{"@id":"https:\/\/www.yoroow.com\/pt\/pormenor-do-produto\/torneira-misturadora-moderna-de-um-so-manipulo-puxar-para-baixo-pistola-zinco-cinzento-pia-de-cozinha-torneira-de-casa-de-banho-cartucho-ceramico-de-um-so-furo\/#primaryimage"},"image":{"@id":"https:\/\/www.yoroow.com\/pt\/pormenor-do-produto\/torneira-misturadora-moderna-de-um-so-manipulo-puxar-para-baixo-pistola-zinco-cinzento-pia-de-cozinha-torneira-de-casa-de-banho-cartucho-ceramico-de-um-so-furo\/#primaryimage"},"thumbnailUrl":"https:\/\/www.yoroow.com\/wp-content\/uploads\/2025\/02\/7270A3.jpg","datePublished":"2025-02-22T02:05:28+00:00","dateModified":"2025-05-16T01:35:45+00:00","description":"An industrial-style faucet built with brass and a thermostatic ceramic cartridge. It features a single-handle design with a gunmetal gray finish, offering durability and easy temperature adjustment. Supplied directly by a Chinese factory, suitable for modern homes and hotels.","breadcrumb":{"@id":"https:\/\/www.yoroow.com\/pt\/pormenor-do-produto\/torneira-misturadora-moderna-de-um-so-manipulo-puxar-para-baixo-pistola-zinco-cinzento-pia-de-cozinha-torneira-de-casa-de-banho-cartucho-ceramico-de-um-so-furo\/#breadcrumb"},"inLanguage":"pt-PT","potentialAction":[{"@type":"ReadAction","target":["https:\/\/www.yoroow.com\/pt\/pormenor-do-produto\/torneira-misturadora-moderna-de-um-so-manipulo-puxar-para-baixo-pistola-zinco-cinzento-pia-de-cozinha-torneira-de-casa-de-banho-cartucho-ceramico-de-um-so-furo\/"]}]},{"@type":"ImageObject","inLanguage":"pt-PT","@id":"https:\/\/www.yoroow.com\/pt\/pormenor-do-produto\/torneira-misturadora-moderna-de-um-so-manipulo-puxar-para-baixo-pistola-zinco-cinzento-pia-de-cozinha-torneira-de-casa-de-banho-cartucho-ceramico-de-um-so-furo\/#primaryimage","url":"https:\/\/www.yoroow.com\/wp-content\/uploads\/2025\/02\/7270A3.jpg","contentUrl":"https:\/\/www.yoroow.com\/wp-content\/uploads\/2025\/02\/7270A3.jpg","width":673,"height":673,"caption":"Factory Outlet Contemporary Chrome Basin Faucet Hot and Cold Mixer Water Tap for Bathroom Vanity Faucet Design"},{"@type":"BreadcrumbList","@id":"https:\/\/www.yoroow.com\/pt\/pormenor-do-produto\/torneira-misturadora-moderna-de-um-so-manipulo-puxar-para-baixo-pistola-zinco-cinzento-pia-de-cozinha-torneira-de-casa-de-banho-cartucho-ceramico-de-um-so-furo\/#breadcrumb","itemListElement":[{"@type":"ListItem","position":1,"name":"home","item":"https:\/\/www.yoroow.com\/"},{"@type":"ListItem","position":2,"name":"Product","item":"https:\/\/www.yoroow.com\/product\/"},{"@type":"ListItem","position":3,"name":"Industrial Style Single-Hole Faucet Thermostatic Single-Handle Ceramic Valve Core Gun Grey Good Price Faucet Thermostatic"}]},{"@type":"WebSite","@id":"https:\/\/www.yoroow.com\/pt\/#website","url":"https:\/\/www.yoroow.com\/pt\/","name":"YOROOW","description":"","publisher":{"@id":"https:\/\/www.yoroow.com\/pt\/#organization"},"potentialAction":[{"@type":"SearchAction","target":{"@type":"EntryPoint","urlTemplate":"https:\/\/www.yoroow.com\/pt\/?s={search_term_string}"},"query-input":{"@type":"PropertyValueSpecification","valueRequired":true,"valueName":"search_term_string"}}],"inLanguage":"pt-PT"},{"@type":"Organization","@id":"https:\/\/www.yoroow.com\/pt\/#organization","name":"YOROOW","url":"https:\/\/www.yoroow.com\/pt\/","logo":{"@type":"ImageObject","inLanguage":"pt-PT","@id":"https:\/\/www.yoroow.com\/pt\/#\/schema\/logo\/image\/","url":"https:\/\/www.yoroow.com\/wp-content\/uploads\/2024\/12\/2024123007131061.png","contentUrl":"https:\/\/www.yoroow.com\/wp-content\/uploads\/2024\/12\/2024123007131061.png","width":168,"height":27,"caption":"YOROOW"},"image":{"@id":"https:\/\/www.yoroow.com\/pt\/#\/schema\/logo\/image\/"},"sameAs":["https:\/\/www.facebook.com\/people\/yoroowfaucetfactory\/61564236752362\/"]}]}},"_links":{"self":[{"href":"https:\/\/www.yoroow.com\/pt\/wp-json\/wp\/v2\/product\/12324","targetHints":{"allow":["GET"]}}],"collection":[{"href":"https:\/\/www.yoroow.com\/pt\/wp-json\/wp\/v2\/product"}],"about":[{"href":"https:\/\/www.yoroow.com\/pt\/wp-json\/wp\/v2\/types\/product"}],"wp:featuredmedia":[{"embeddable":true,"href":"https:\/\/www.yoroow.com\/pt\/wp-json\/wp\/v2\/media\/12316"}],"wp:attachment":[{"href":"https:\/\/www.yoroow.com\/pt\/wp-json\/wp\/v2\/media?parent=12324"}],"wp:term":[{"taxonomy":"product_brand","embeddable":true,"href":"https:\/\/www.yoroow.com\/pt\/wp-json\/wp\/v2\/product_brand?post=12324"},{"taxonomy":"product_cat","embeddable":true,"href":"https:\/\/www.yoroow.com\/pt\/wp-json\/wp\/v2\/product_cat?post=12324"},{"taxonomy":"product_tag","embeddable":true,"href":"https:\/\/www.yoroow.com\/pt\/wp-json\/wp\/v2\/product_tag?post=12324"}],"curies":[{"name":"wp","href":"https:\/\/api.w.org\/{rel}","templated":true}]}}