{"id":12186,"date":"2025-02-21T23:09:46","date_gmt":"2025-02-21T15:09:46","guid":{"rendered":"https:\/\/www.yoroow.com\/?post_type=product&#038;p=12186"},"modified":"2025-05-16T09:34:20","modified_gmt":"2025-05-16T01:34:20","slug":"torneira-de-lavatorio-moderna-e-contemporanea-ouro-grossista-liga-de-zinco-torneiras-de-lavatorio-torneira-misturadora-de-casa-de-banho","status":"publish","type":"product","link":"https:\/\/www.yoroow.com\/pt\/pormenor-do-produto\/torneira-de-lavatorio-moderna-e-contemporanea-ouro-grossista-liga-de-zinco-torneiras-de-lavatorio-torneira-misturadora-de-casa-de-banho\/","title":{"rendered":"Torneira de lavat\u00f3rio barroca moderna contempor\u00e2nea de luxo Torneira de lavat\u00f3rio de ouro de luxo Torneira de lavat\u00f3rio por atacado Torneira misturadora de liga de zinco para casa de banho"},"content":{"rendered":"<p>Torneira de lavat\u00f3rio barroca moderna e contempor\u00e2nea de luxo Torneira de lavat\u00f3rio de luxo em ouro Torneira misturadora de casa de banho em liga de zinco por atacado \u00e9 uma pe\u00e7a de refer\u00eancia para casas de banho luxuosas. Com intrincados elementos de design barroco, o acabamento dourado d\u00e1 \u00e0 torneira uma apar\u00eancia de prest\u00edgio. A constru\u00e7\u00e3o em liga de zinco garante for\u00e7a, durabilidade e resist\u00eancia \u00e0 corros\u00e3o. As t\u00e9cnicas de produ\u00e7\u00e3o avan\u00e7adas da YOROOW permitem acabamentos de alta qualidade e personaliza\u00e7\u00e3o, assegurando que satisfaz as necessidades de aplica\u00e7\u00f5es residenciais e comerciais de topo de gama. Com o aumento da procura de torneiras de luxo na Am\u00e9rica do Sul e no Sudeste Asi\u00e1tico, este produto \u00e9 ideal para os clientes que procuram acess\u00f3rios de casa de banho com estilo e de qualidade superior a pre\u00e7os competitivos.<\/p>","protected":false},"excerpt":{"rendered":"<p>Luxury Baroque Modern Contemporary Basin Faucet Gold Luxury Wash Basin Tap Wholesale Zinc Alloy Bathroom Mixer Faucet is a statement piece for luxurious bathrooms. Featuring intricate baroque design elements, the gold finish gives the faucet a prestigious appearance. The zinc alloy construction ensures strength, durability, and corrosion resistance. YOROOW\u2019s advanced production techniques allow for high-quality&#8230;<\/p>","protected":false},"featured_media":12179,"template":"","meta":{"_acf_changed":false,"_kad_post_transparent":"default","_kad_post_title":"","_kad_post_layout":"default","_kad_post_sidebar_id":"","_kad_post_content_style":"default","_kad_post_vertical_padding":"default","_kad_post_feature":"","_kad_post_feature_position":"","_kad_post_header":false,"_kad_post_footer":false},"product_brand":[],"product_cat":[238,1558],"product_tag":[5275,3477],"class_list":{"0":"post-12186","1":"product","2":"type-product","3":"status-publish","4":"has-post-thumbnail","6":"product_cat-mixer-basin-faucet","7":"product_cat-square-basin-mixer-faucet","8":"product_tag-luxury-baroque-basin-faucet","9":"product_tag-wash-basin-faucet-tap","11":"first","12":"instock","13":"shipping-taxable","14":"purchasable","15":"product-type-variable","16":"wvs-archive-product-wrapper","17":"entry","18":"content-bg","19":"loop-entry"},"acf":[],"yoast_head":"<!-- This site is optimized with the Yoast SEO Premium plugin v25.4 (Yoast SEO v27.0) - https:\/\/yoast.com\/product\/yoast-seo-premium-wordpress\/ -->\n<title>Luxury Baroque Modern Contemporary Basin Faucet Gold Luxury Wash Basin Tap Wholesale Zinc Alloy Bathroom Mixer Faucet Faucet - YOROOW<\/title>\n<meta name=\"description\" content=\"Luxury baroque modern contemporary basin faucet with gold luxury finish, wholesale zinc alloy bathroom mixer faucet. Produced in China with premium materials for South American and Southeast Asian export customers.\" \/>\n<meta name=\"robots\" content=\"index, follow, max-snippet:-1, max-image-preview:large, max-video-preview:-1\" \/>\n<link rel=\"canonical\" href=\"https:\/\/www.yoroow.com\/pt\/pormenor-do-produto\/torneira-de-lavatorio-moderna-e-contemporanea-ouro-grossista-liga-de-zinco-torneiras-de-lavatorio-torneira-misturadora-de-casa-de-banho\/\" \/>\n<meta property=\"og:locale\" content=\"pt_PT\" \/>\n<meta property=\"og:type\" content=\"article\" \/>\n<meta property=\"og:title\" content=\"Luxury Baroque Modern Contemporary Basin Faucet Gold Luxury Wash Basin Tap Wholesale Zinc Alloy Bathroom Mixer Faucet Faucet\" \/>\n<meta property=\"og:description\" content=\"Luxury baroque modern contemporary basin faucet with gold luxury finish, wholesale zinc alloy bathroom mixer faucet. Produced in China with premium materials for South American and Southeast Asian export customers.\" \/>\n<meta property=\"og:url\" content=\"https:\/\/www.yoroow.com\/pt\/pormenor-do-produto\/torneira-de-lavatorio-moderna-e-contemporanea-ouro-grossista-liga-de-zinco-torneiras-de-lavatorio-torneira-misturadora-de-casa-de-banho\/\" \/>\n<meta property=\"og:site_name\" content=\"YOROOW\" \/>\n<meta property=\"article:publisher\" content=\"https:\/\/www.facebook.com\/people\/yoroowfaucetfactory\/61564236752362\/\" \/>\n<meta property=\"article:modified_time\" content=\"2025-05-16T01:34:20+00:00\" \/>\n<meta property=\"og:image\" content=\"https:\/\/www.yoroow.com\/wp-content\/uploads\/2025\/02\/\u91d1\u8272-\u77ed.jpg\" \/>\n\t<meta property=\"og:image:width\" content=\"800\" \/>\n\t<meta property=\"og:image:height\" content=\"800\" \/>\n\t<meta property=\"og:image:type\" content=\"image\/jpeg\" \/>\n<meta name=\"twitter:card\" content=\"summary_large_image\" \/>\n<meta name=\"twitter:label1\" content=\"Est. reading time\" \/>\n\t<meta name=\"twitter:data1\" content=\"1 minuto\" \/>\n<script type=\"application\/ld+json\" class=\"yoast-schema-graph\">{\"@context\":\"https:\/\/schema.org\",\"@graph\":[{\"@type\":\"WebPage\",\"@id\":\"https:\/\/www.yoroow.com\/pt\/pormenor-do-produto\/torneira-de-lavatorio-moderna-e-contemporanea-ouro-grossista-liga-de-zinco-torneiras-de-lavatorio-torneira-misturadora-de-casa-de-banho\/\",\"url\":\"https:\/\/www.yoroow.com\/pt\/pormenor-do-produto\/torneira-de-lavatorio-moderna-e-contemporanea-ouro-grossista-liga-de-zinco-torneiras-de-lavatorio-torneira-misturadora-de-casa-de-banho\/\",\"name\":\"Luxury Baroque Modern Contemporary Basin Faucet Gold Luxury Wash Basin Tap Wholesale Zinc Alloy Bathroom Mixer Faucet Faucet - YOROOW\",\"isPartOf\":{\"@id\":\"https:\/\/www.yoroow.com\/pt\/#website\"},\"primaryImageOfPage\":{\"@id\":\"https:\/\/www.yoroow.com\/pt\/pormenor-do-produto\/torneira-de-lavatorio-moderna-e-contemporanea-ouro-grossista-liga-de-zinco-torneiras-de-lavatorio-torneira-misturadora-de-casa-de-banho\/#primaryimage\"},\"image\":{\"@id\":\"https:\/\/www.yoroow.com\/pt\/pormenor-do-produto\/torneira-de-lavatorio-moderna-e-contemporanea-ouro-grossista-liga-de-zinco-torneiras-de-lavatorio-torneira-misturadora-de-casa-de-banho\/#primaryimage\"},\"thumbnailUrl\":\"https:\/\/www.yoroow.com\/wp-content\/uploads\/2025\/02\/\u91d1\u8272-\u77ed.jpg\",\"datePublished\":\"2025-02-21T15:09:46+00:00\",\"dateModified\":\"2025-05-16T01:34:20+00:00\",\"description\":\"Luxury baroque modern contemporary basin faucet with gold luxury finish, wholesale zinc alloy bathroom mixer faucet. Produced in China with premium materials for South American and Southeast Asian export customers.\",\"breadcrumb\":{\"@id\":\"https:\/\/www.yoroow.com\/pt\/pormenor-do-produto\/torneira-de-lavatorio-moderna-e-contemporanea-ouro-grossista-liga-de-zinco-torneiras-de-lavatorio-torneira-misturadora-de-casa-de-banho\/#breadcrumb\"},\"inLanguage\":\"pt-PT\",\"potentialAction\":[{\"@type\":\"ReadAction\",\"target\":[\"https:\/\/www.yoroow.com\/pt\/pormenor-do-produto\/torneira-de-lavatorio-moderna-e-contemporanea-ouro-grossista-liga-de-zinco-torneiras-de-lavatorio-torneira-misturadora-de-casa-de-banho\/\"]}]},{\"@type\":\"ImageObject\",\"inLanguage\":\"pt-PT\",\"@id\":\"https:\/\/www.yoroow.com\/pt\/pormenor-do-produto\/torneira-de-lavatorio-moderna-e-contemporanea-ouro-grossista-liga-de-zinco-torneiras-de-lavatorio-torneira-misturadora-de-casa-de-banho\/#primaryimage\",\"url\":\"https:\/\/www.yoroow.com\/wp-content\/uploads\/2025\/02\/\u91d1\u8272-\u77ed.jpg\",\"contentUrl\":\"https:\/\/www.yoroow.com\/wp-content\/uploads\/2025\/02\/\u91d1\u8272-\u77ed.jpg\",\"width\":800,\"height\":800,\"caption\":\"201 Stainless Steel Single Handle Basin Faucet Classic Zinc Thermostatic Hot\/Cold Water Mixer Metered Faucets for Home Use\"},{\"@type\":\"BreadcrumbList\",\"@id\":\"https:\/\/www.yoroow.com\/pt\/pormenor-do-produto\/torneira-de-lavatorio-moderna-e-contemporanea-ouro-grossista-liga-de-zinco-torneiras-de-lavatorio-torneira-misturadora-de-casa-de-banho\/#breadcrumb\",\"itemListElement\":[{\"@type\":\"ListItem\",\"position\":1,\"name\":\"home\",\"item\":\"https:\/\/www.yoroow.com\/\"},{\"@type\":\"ListItem\",\"position\":2,\"name\":\"Product\",\"item\":\"https:\/\/www.yoroow.com\/product\/\"},{\"@type\":\"ListItem\",\"position\":3,\"name\":\"Luxury Baroque Modern Contemporary Basin Faucet Gold Luxury Wash Basin Tap Wholesale Zinc Alloy Bathroom Mixer Faucet Faucet\"}]},{\"@type\":\"WebSite\",\"@id\":\"https:\/\/www.yoroow.com\/pt\/#website\",\"url\":\"https:\/\/www.yoroow.com\/pt\/\",\"name\":\"YOROOW\",\"description\":\"\",\"publisher\":{\"@id\":\"https:\/\/www.yoroow.com\/pt\/#organization\"},\"potentialAction\":[{\"@type\":\"SearchAction\",\"target\":{\"@type\":\"EntryPoint\",\"urlTemplate\":\"https:\/\/www.yoroow.com\/pt\/?s={search_term_string}\"},\"query-input\":{\"@type\":\"PropertyValueSpecification\",\"valueRequired\":true,\"valueName\":\"search_term_string\"}}],\"inLanguage\":\"pt-PT\"},{\"@type\":\"Organization\",\"@id\":\"https:\/\/www.yoroow.com\/pt\/#organization\",\"name\":\"YOROOW\",\"url\":\"https:\/\/www.yoroow.com\/pt\/\",\"logo\":{\"@type\":\"ImageObject\",\"inLanguage\":\"pt-PT\",\"@id\":\"https:\/\/www.yoroow.com\/pt\/#\/schema\/logo\/image\/\",\"url\":\"https:\/\/www.yoroow.com\/wp-content\/uploads\/2024\/12\/2024123007131061.png\",\"contentUrl\":\"https:\/\/www.yoroow.com\/wp-content\/uploads\/2024\/12\/2024123007131061.png\",\"width\":168,\"height\":27,\"caption\":\"YOROOW\"},\"image\":{\"@id\":\"https:\/\/www.yoroow.com\/pt\/#\/schema\/logo\/image\/\"},\"sameAs\":[\"https:\/\/www.facebook.com\/people\/yoroowfaucetfactory\/61564236752362\/\"]}]}<\/script>\n<!-- \/ Yoast SEO Premium plugin. -->","yoast_head_json":{"title":"Luxury Baroque Modern Contemporary Basin Faucet Gold Luxury Wash Basin Tap Wholesale Zinc Alloy Bathroom Mixer Faucet Faucet - YOROOW","description":"Luxury baroque modern contemporary basin faucet with gold luxury finish, wholesale zinc alloy bathroom mixer faucet. Produced in China with premium materials for South American and Southeast Asian export customers.","robots":{"index":"index","follow":"follow","max-snippet":"max-snippet:-1","max-image-preview":"max-image-preview:large","max-video-preview":"max-video-preview:-1"},"canonical":"https:\/\/www.yoroow.com\/pt\/pormenor-do-produto\/torneira-de-lavatorio-moderna-e-contemporanea-ouro-grossista-liga-de-zinco-torneiras-de-lavatorio-torneira-misturadora-de-casa-de-banho\/","og_locale":"pt_PT","og_type":"article","og_title":"Luxury Baroque Modern Contemporary Basin Faucet Gold Luxury Wash Basin Tap Wholesale Zinc Alloy Bathroom Mixer Faucet Faucet","og_description":"Luxury baroque modern contemporary basin faucet with gold luxury finish, wholesale zinc alloy bathroom mixer faucet. Produced in China with premium materials for South American and Southeast Asian export customers.","og_url":"https:\/\/www.yoroow.com\/pt\/pormenor-do-produto\/torneira-de-lavatorio-moderna-e-contemporanea-ouro-grossista-liga-de-zinco-torneiras-de-lavatorio-torneira-misturadora-de-casa-de-banho\/","og_site_name":"YOROOW","article_publisher":"https:\/\/www.facebook.com\/people\/yoroowfaucetfactory\/61564236752362\/","article_modified_time":"2025-05-16T01:34:20+00:00","og_image":[{"width":800,"height":800,"url":"https:\/\/www.yoroow.com\/wp-content\/uploads\/2025\/02\/\u91d1\u8272-\u77ed.jpg","type":"image\/jpeg"}],"twitter_card":"summary_large_image","twitter_misc":{"Est. reading time":"1 minuto"},"schema":{"@context":"https:\/\/schema.org","@graph":[{"@type":"WebPage","@id":"https:\/\/www.yoroow.com\/pt\/pormenor-do-produto\/torneira-de-lavatorio-moderna-e-contemporanea-ouro-grossista-liga-de-zinco-torneiras-de-lavatorio-torneira-misturadora-de-casa-de-banho\/","url":"https:\/\/www.yoroow.com\/pt\/pormenor-do-produto\/torneira-de-lavatorio-moderna-e-contemporanea-ouro-grossista-liga-de-zinco-torneiras-de-lavatorio-torneira-misturadora-de-casa-de-banho\/","name":"Luxury Baroque Modern Contemporary Basin Faucet Gold Luxury Wash Basin Tap Wholesale Zinc Alloy Bathroom Mixer Faucet Faucet - YOROOW","isPartOf":{"@id":"https:\/\/www.yoroow.com\/pt\/#website"},"primaryImageOfPage":{"@id":"https:\/\/www.yoroow.com\/pt\/pormenor-do-produto\/torneira-de-lavatorio-moderna-e-contemporanea-ouro-grossista-liga-de-zinco-torneiras-de-lavatorio-torneira-misturadora-de-casa-de-banho\/#primaryimage"},"image":{"@id":"https:\/\/www.yoroow.com\/pt\/pormenor-do-produto\/torneira-de-lavatorio-moderna-e-contemporanea-ouro-grossista-liga-de-zinco-torneiras-de-lavatorio-torneira-misturadora-de-casa-de-banho\/#primaryimage"},"thumbnailUrl":"https:\/\/www.yoroow.com\/wp-content\/uploads\/2025\/02\/\u91d1\u8272-\u77ed.jpg","datePublished":"2025-02-21T15:09:46+00:00","dateModified":"2025-05-16T01:34:20+00:00","description":"Luxury baroque modern contemporary basin faucet with gold luxury finish, wholesale zinc alloy bathroom mixer faucet. Produced in China with premium materials for South American and Southeast Asian export customers.","breadcrumb":{"@id":"https:\/\/www.yoroow.com\/pt\/pormenor-do-produto\/torneira-de-lavatorio-moderna-e-contemporanea-ouro-grossista-liga-de-zinco-torneiras-de-lavatorio-torneira-misturadora-de-casa-de-banho\/#breadcrumb"},"inLanguage":"pt-PT","potentialAction":[{"@type":"ReadAction","target":["https:\/\/www.yoroow.com\/pt\/pormenor-do-produto\/torneira-de-lavatorio-moderna-e-contemporanea-ouro-grossista-liga-de-zinco-torneiras-de-lavatorio-torneira-misturadora-de-casa-de-banho\/"]}]},{"@type":"ImageObject","inLanguage":"pt-PT","@id":"https:\/\/www.yoroow.com\/pt\/pormenor-do-produto\/torneira-de-lavatorio-moderna-e-contemporanea-ouro-grossista-liga-de-zinco-torneiras-de-lavatorio-torneira-misturadora-de-casa-de-banho\/#primaryimage","url":"https:\/\/www.yoroow.com\/wp-content\/uploads\/2025\/02\/\u91d1\u8272-\u77ed.jpg","contentUrl":"https:\/\/www.yoroow.com\/wp-content\/uploads\/2025\/02\/\u91d1\u8272-\u77ed.jpg","width":800,"height":800,"caption":"201 Stainless Steel Single Handle Basin Faucet Classic Zinc Thermostatic Hot\/Cold Water Mixer Metered Faucets for Home Use"},{"@type":"BreadcrumbList","@id":"https:\/\/www.yoroow.com\/pt\/pormenor-do-produto\/torneira-de-lavatorio-moderna-e-contemporanea-ouro-grossista-liga-de-zinco-torneiras-de-lavatorio-torneira-misturadora-de-casa-de-banho\/#breadcrumb","itemListElement":[{"@type":"ListItem","position":1,"name":"home","item":"https:\/\/www.yoroow.com\/"},{"@type":"ListItem","position":2,"name":"Product","item":"https:\/\/www.yoroow.com\/product\/"},{"@type":"ListItem","position":3,"name":"Luxury Baroque Modern Contemporary Basin Faucet Gold Luxury Wash Basin Tap Wholesale Zinc Alloy Bathroom Mixer Faucet Faucet"}]},{"@type":"WebSite","@id":"https:\/\/www.yoroow.com\/pt\/#website","url":"https:\/\/www.yoroow.com\/pt\/","name":"YOROOW","description":"","publisher":{"@id":"https:\/\/www.yoroow.com\/pt\/#organization"},"potentialAction":[{"@type":"SearchAction","target":{"@type":"EntryPoint","urlTemplate":"https:\/\/www.yoroow.com\/pt\/?s={search_term_string}"},"query-input":{"@type":"PropertyValueSpecification","valueRequired":true,"valueName":"search_term_string"}}],"inLanguage":"pt-PT"},{"@type":"Organization","@id":"https:\/\/www.yoroow.com\/pt\/#organization","name":"YOROOW","url":"https:\/\/www.yoroow.com\/pt\/","logo":{"@type":"ImageObject","inLanguage":"pt-PT","@id":"https:\/\/www.yoroow.com\/pt\/#\/schema\/logo\/image\/","url":"https:\/\/www.yoroow.com\/wp-content\/uploads\/2024\/12\/2024123007131061.png","contentUrl":"https:\/\/www.yoroow.com\/wp-content\/uploads\/2024\/12\/2024123007131061.png","width":168,"height":27,"caption":"YOROOW"},"image":{"@id":"https:\/\/www.yoroow.com\/pt\/#\/schema\/logo\/image\/"},"sameAs":["https:\/\/www.facebook.com\/people\/yoroowfaucetfactory\/61564236752362\/"]}]}},"_links":{"self":[{"href":"https:\/\/www.yoroow.com\/pt\/wp-json\/wp\/v2\/product\/12186","targetHints":{"allow":["GET"]}}],"collection":[{"href":"https:\/\/www.yoroow.com\/pt\/wp-json\/wp\/v2\/product"}],"about":[{"href":"https:\/\/www.yoroow.com\/pt\/wp-json\/wp\/v2\/types\/product"}],"wp:featuredmedia":[{"embeddable":true,"href":"https:\/\/www.yoroow.com\/pt\/wp-json\/wp\/v2\/media\/12179"}],"wp:attachment":[{"href":"https:\/\/www.yoroow.com\/pt\/wp-json\/wp\/v2\/media?parent=12186"}],"wp:term":[{"taxonomy":"product_brand","embeddable":true,"href":"https:\/\/www.yoroow.com\/pt\/wp-json\/wp\/v2\/product_brand?post=12186"},{"taxonomy":"product_cat","embeddable":true,"href":"https:\/\/www.yoroow.com\/pt\/wp-json\/wp\/v2\/product_cat?post=12186"},{"taxonomy":"product_tag","embeddable":true,"href":"https:\/\/www.yoroow.com\/pt\/wp-json\/wp\/v2\/product_tag?post=12186"}],"curies":[{"name":"wp","href":"https:\/\/api.w.org\/{rel}","templated":true}]}}