{"id":12115,"date":"2025-02-21T22:19:21","date_gmt":"2025-02-21T14:19:21","guid":{"rendered":"https:\/\/www.yoroow.com\/?post_type=product&#038;p=12115"},"modified":"2025-05-16T09:33:36","modified_gmt":"2025-05-16T01:33:36","slug":"torneira-de-lavatorio-de-agua-quente-e-fria-de-estilo-moderno-de-boa-qualidade-torneira-de-lavatorio-de-aco-inoxidavel-preto-em-cascata","status":"publish","type":"product","link":"https:\/\/www.yoroow.com\/pt\/pormenor-do-produto\/torneira-de-lavatorio-de-agua-quente-e-fria-de-estilo-moderno-de-boa-qualidade-torneira-de-lavatorio-de-aco-inoxidavel-preto-em-cascata\/","title":{"rendered":"Torneira de \u00e1gua para lavat\u00f3rio em a\u00e7o inoxid\u00e1vel preto de alta qualidade Multifun\u00e7\u00f5es Hotel Villa Torneira de casa de banho \u00c1gua quente e fria Estilo moderno"},"content":{"rendered":"<p>Esta torneira de \u00e1gua de lavat\u00f3rio em a\u00e7o inoxid\u00e1vel preto de alta qualidade oferece mistura de \u00e1gua quente e fria, ideal para utiliza\u00e7\u00e3o em hot\u00e9is, moradias e casas de banho residenciais. O seu estilo moderno e a sua constru\u00e7\u00e3o duradoura garantem um desempenho a longo prazo, enquanto o elegante acabamento em preto proporciona uma est\u00e9tica sofisticada. Fabricada pela YOROOW na China, esta torneira beneficia dos padr\u00f5es de alta qualidade e das t\u00e9cnicas de fabrico avan\u00e7adas da empresa. A flexibilidade de produ\u00e7\u00e3o e os pre\u00e7os competitivos da YOROOW fazem dela uma excelente escolha para os mercados da Am\u00e9rica do Sul e do Sudeste Asi\u00e1tico, onde a procura de artigos de casa de banho elegantes e duradouros est\u00e1 a aumentar. A capacidade da YOROOW para personalizar as torneiras garante que este produto satisfaz as necessidades espec\u00edficas destas regi\u00f5es.<\/p>","protected":false},"excerpt":{"rendered":"<p>This high-quality black stainless steel sink water tap offers both hot and cold water mixing, ideal for hotel, villa, and residential bathroom use. Its modern style and durable construction ensure long-term performance, while the sleek black finish provides a sophisticated aesthetic. Manufactured by YOROOW in China, this faucet benefits from the company\u2019s high-quality standards and&#8230;<\/p>","protected":false},"featured_media":12095,"template":"","meta":{"_acf_changed":false,"_kad_post_transparent":"default","_kad_post_title":"","_kad_post_layout":"default","_kad_post_sidebar_id":"","_kad_post_content_style":"default","_kad_post_vertical_padding":"default","_kad_post_feature":"","_kad_post_feature_position":"","_kad_post_header":false,"_kad_post_footer":false},"product_brand":[],"product_cat":[238,1555],"product_tag":[5988,3375],"class_list":{"0":"post-12115","1":"product","2":"type-product","3":"status-publish","4":"has-post-thumbnail","6":"product_cat-mixer-basin-faucet","7":"product_cat-square-bend","8":"product_tag-black-basin-mixer-faucet-for-bathroom-hotel-villa","9":"product_tag-multifunction-basin-faucet","11":"first","12":"instock","13":"shipping-taxable","14":"purchasable","15":"product-type-variable","16":"wvs-archive-product-wrapper","17":"entry","18":"content-bg","19":"loop-entry"},"acf":[],"yoast_head":"<!-- This site is optimized with the Yoast SEO Premium plugin v25.4 (Yoast SEO v27.0) - https:\/\/yoast.com\/product\/yoast-seo-premium-wordpress\/ -->\n<title>High Quality Black Stainless Steel Sink Water Tap Multifunction Hotel Villa Bathroom Faucet Hot Cold Water Modern Style - YOROOW<\/title>\n<meta name=\"description\" content=\"High quality black stainless steel sink water tap multifunctional for hotels and villas, offering hot and cold water in modern style. Produced in China with reliable quality, catering to South America and Southeast Asia export.\" \/>\n<meta name=\"robots\" content=\"index, follow, max-snippet:-1, max-image-preview:large, max-video-preview:-1\" \/>\n<link rel=\"canonical\" href=\"https:\/\/www.yoroow.com\/pt\/pormenor-do-produto\/torneira-de-lavatorio-de-agua-quente-e-fria-de-estilo-moderno-de-boa-qualidade-torneira-de-lavatorio-de-aco-inoxidavel-preto-em-cascata\/\" \/>\n<meta property=\"og:locale\" content=\"pt_PT\" \/>\n<meta property=\"og:type\" content=\"article\" \/>\n<meta property=\"og:title\" content=\"High Quality Black Stainless Steel Sink Water Tap Multifunction Hotel Villa Bathroom Faucet Hot Cold Water Modern Style\" \/>\n<meta property=\"og:description\" content=\"High quality black stainless steel sink water tap multifunctional for hotels and villas, offering hot and cold water in modern style. Produced in China with reliable quality, catering to South America and Southeast Asia export.\" \/>\n<meta property=\"og:url\" content=\"https:\/\/www.yoroow.com\/pt\/pormenor-do-produto\/torneira-de-lavatorio-de-agua-quente-e-fria-de-estilo-moderno-de-boa-qualidade-torneira-de-lavatorio-de-aco-inoxidavel-preto-em-cascata\/\" \/>\n<meta property=\"og:site_name\" content=\"YOROOW\" \/>\n<meta property=\"article:publisher\" content=\"https:\/\/www.facebook.com\/people\/yoroowfaucetfactory\/61564236752362\/\" \/>\n<meta property=\"article:modified_time\" content=\"2025-05-16T01:33:36+00:00\" \/>\n<meta property=\"og:image\" content=\"https:\/\/www.yoroow.com\/wp-content\/uploads\/2025\/02\/\u9ad8.jpg\" \/>\n\t<meta property=\"og:image:width\" content=\"1012\" \/>\n\t<meta property=\"og:image:height\" content=\"1024\" \/>\n\t<meta property=\"og:image:type\" content=\"image\/jpeg\" \/>\n<meta name=\"twitter:card\" content=\"summary_large_image\" \/>\n<meta name=\"twitter:label1\" content=\"Est. reading time\" \/>\n\t<meta name=\"twitter:data1\" content=\"1 minuto\" \/>\n<script type=\"application\/ld+json\" class=\"yoast-schema-graph\">{\"@context\":\"https:\/\/schema.org\",\"@graph\":[{\"@type\":\"WebPage\",\"@id\":\"https:\/\/www.yoroow.com\/pt\/pormenor-do-produto\/torneira-de-lavatorio-de-agua-quente-e-fria-de-estilo-moderno-de-boa-qualidade-torneira-de-lavatorio-de-aco-inoxidavel-preto-em-cascata\/\",\"url\":\"https:\/\/www.yoroow.com\/pt\/pormenor-do-produto\/torneira-de-lavatorio-de-agua-quente-e-fria-de-estilo-moderno-de-boa-qualidade-torneira-de-lavatorio-de-aco-inoxidavel-preto-em-cascata\/\",\"name\":\"High Quality Black Stainless Steel Sink Water Tap Multifunction Hotel Villa Bathroom Faucet Hot Cold Water Modern Style - YOROOW\",\"isPartOf\":{\"@id\":\"https:\/\/www.yoroow.com\/pt\/#website\"},\"primaryImageOfPage\":{\"@id\":\"https:\/\/www.yoroow.com\/pt\/pormenor-do-produto\/torneira-de-lavatorio-de-agua-quente-e-fria-de-estilo-moderno-de-boa-qualidade-torneira-de-lavatorio-de-aco-inoxidavel-preto-em-cascata\/#primaryimage\"},\"image\":{\"@id\":\"https:\/\/www.yoroow.com\/pt\/pormenor-do-produto\/torneira-de-lavatorio-de-agua-quente-e-fria-de-estilo-moderno-de-boa-qualidade-torneira-de-lavatorio-de-aco-inoxidavel-preto-em-cascata\/#primaryimage\"},\"thumbnailUrl\":\"https:\/\/www.yoroow.com\/wp-content\/uploads\/2025\/02\/\u9ad8.jpg\",\"datePublished\":\"2025-02-21T14:19:21+00:00\",\"dateModified\":\"2025-05-16T01:33:36+00:00\",\"description\":\"High quality black stainless steel sink water tap multifunctional for hotels and villas, offering hot and cold water in modern style. Produced in China with reliable quality, catering to South America and Southeast Asia export.\",\"breadcrumb\":{\"@id\":\"https:\/\/www.yoroow.com\/pt\/pormenor-do-produto\/torneira-de-lavatorio-de-agua-quente-e-fria-de-estilo-moderno-de-boa-qualidade-torneira-de-lavatorio-de-aco-inoxidavel-preto-em-cascata\/#breadcrumb\"},\"inLanguage\":\"pt-PT\",\"potentialAction\":[{\"@type\":\"ReadAction\",\"target\":[\"https:\/\/www.yoroow.com\/pt\/pormenor-do-produto\/torneira-de-lavatorio-de-agua-quente-e-fria-de-estilo-moderno-de-boa-qualidade-torneira-de-lavatorio-de-aco-inoxidavel-preto-em-cascata\/\"]}]},{\"@type\":\"ImageObject\",\"inLanguage\":\"pt-PT\",\"@id\":\"https:\/\/www.yoroow.com\/pt\/pormenor-do-produto\/torneira-de-lavatorio-de-agua-quente-e-fria-de-estilo-moderno-de-boa-qualidade-torneira-de-lavatorio-de-aco-inoxidavel-preto-em-cascata\/#primaryimage\",\"url\":\"https:\/\/www.yoroow.com\/wp-content\/uploads\/2025\/02\/\u9ad8.jpg\",\"contentUrl\":\"https:\/\/www.yoroow.com\/wp-content\/uploads\/2025\/02\/\u9ad8.jpg\",\"width\":1012,\"height\":1024,\"caption\":\"Multifunctional Square Silver Bathroom Faucet Thermostatic Mixer Basin Water Tap Modern Design Tall Square Silvery Basin Faucet\"},{\"@type\":\"BreadcrumbList\",\"@id\":\"https:\/\/www.yoroow.com\/pt\/pormenor-do-produto\/torneira-de-lavatorio-de-agua-quente-e-fria-de-estilo-moderno-de-boa-qualidade-torneira-de-lavatorio-de-aco-inoxidavel-preto-em-cascata\/#breadcrumb\",\"itemListElement\":[{\"@type\":\"ListItem\",\"position\":1,\"name\":\"home\",\"item\":\"https:\/\/www.yoroow.com\/\"},{\"@type\":\"ListItem\",\"position\":2,\"name\":\"Product\",\"item\":\"https:\/\/www.yoroow.com\/product\/\"},{\"@type\":\"ListItem\",\"position\":3,\"name\":\"High Quality Black Stainless Steel Sink Water Tap Multifunction Hotel Villa Bathroom Faucet Hot Cold Water Modern Style\"}]},{\"@type\":\"WebSite\",\"@id\":\"https:\/\/www.yoroow.com\/pt\/#website\",\"url\":\"https:\/\/www.yoroow.com\/pt\/\",\"name\":\"YOROOW\",\"description\":\"\",\"publisher\":{\"@id\":\"https:\/\/www.yoroow.com\/pt\/#organization\"},\"potentialAction\":[{\"@type\":\"SearchAction\",\"target\":{\"@type\":\"EntryPoint\",\"urlTemplate\":\"https:\/\/www.yoroow.com\/pt\/?s={search_term_string}\"},\"query-input\":{\"@type\":\"PropertyValueSpecification\",\"valueRequired\":true,\"valueName\":\"search_term_string\"}}],\"inLanguage\":\"pt-PT\"},{\"@type\":\"Organization\",\"@id\":\"https:\/\/www.yoroow.com\/pt\/#organization\",\"name\":\"YOROOW\",\"url\":\"https:\/\/www.yoroow.com\/pt\/\",\"logo\":{\"@type\":\"ImageObject\",\"inLanguage\":\"pt-PT\",\"@id\":\"https:\/\/www.yoroow.com\/pt\/#\/schema\/logo\/image\/\",\"url\":\"https:\/\/www.yoroow.com\/wp-content\/uploads\/2024\/12\/2024123007131061.png\",\"contentUrl\":\"https:\/\/www.yoroow.com\/wp-content\/uploads\/2024\/12\/2024123007131061.png\",\"width\":168,\"height\":27,\"caption\":\"YOROOW\"},\"image\":{\"@id\":\"https:\/\/www.yoroow.com\/pt\/#\/schema\/logo\/image\/\"},\"sameAs\":[\"https:\/\/www.facebook.com\/people\/yoroowfaucetfactory\/61564236752362\/\"]}]}<\/script>\n<!-- \/ Yoast SEO Premium plugin. -->","yoast_head_json":{"title":"High Quality Black Stainless Steel Sink Water Tap Multifunction Hotel Villa Bathroom Faucet Hot Cold Water Modern Style - YOROOW","description":"High quality black stainless steel sink water tap multifunctional for hotels and villas, offering hot and cold water in modern style. Produced in China with reliable quality, catering to South America and Southeast Asia export.","robots":{"index":"index","follow":"follow","max-snippet":"max-snippet:-1","max-image-preview":"max-image-preview:large","max-video-preview":"max-video-preview:-1"},"canonical":"https:\/\/www.yoroow.com\/pt\/pormenor-do-produto\/torneira-de-lavatorio-de-agua-quente-e-fria-de-estilo-moderno-de-boa-qualidade-torneira-de-lavatorio-de-aco-inoxidavel-preto-em-cascata\/","og_locale":"pt_PT","og_type":"article","og_title":"High Quality Black Stainless Steel Sink Water Tap Multifunction Hotel Villa Bathroom Faucet Hot Cold Water Modern Style","og_description":"High quality black stainless steel sink water tap multifunctional for hotels and villas, offering hot and cold water in modern style. Produced in China with reliable quality, catering to South America and Southeast Asia export.","og_url":"https:\/\/www.yoroow.com\/pt\/pormenor-do-produto\/torneira-de-lavatorio-de-agua-quente-e-fria-de-estilo-moderno-de-boa-qualidade-torneira-de-lavatorio-de-aco-inoxidavel-preto-em-cascata\/","og_site_name":"YOROOW","article_publisher":"https:\/\/www.facebook.com\/people\/yoroowfaucetfactory\/61564236752362\/","article_modified_time":"2025-05-16T01:33:36+00:00","og_image":[{"width":1012,"height":1024,"url":"https:\/\/www.yoroow.com\/wp-content\/uploads\/2025\/02\/\u9ad8.jpg","type":"image\/jpeg"}],"twitter_card":"summary_large_image","twitter_misc":{"Est. reading time":"1 minuto"},"schema":{"@context":"https:\/\/schema.org","@graph":[{"@type":"WebPage","@id":"https:\/\/www.yoroow.com\/pt\/pormenor-do-produto\/torneira-de-lavatorio-de-agua-quente-e-fria-de-estilo-moderno-de-boa-qualidade-torneira-de-lavatorio-de-aco-inoxidavel-preto-em-cascata\/","url":"https:\/\/www.yoroow.com\/pt\/pormenor-do-produto\/torneira-de-lavatorio-de-agua-quente-e-fria-de-estilo-moderno-de-boa-qualidade-torneira-de-lavatorio-de-aco-inoxidavel-preto-em-cascata\/","name":"High Quality Black Stainless Steel Sink Water Tap Multifunction Hotel Villa Bathroom Faucet Hot Cold Water Modern Style - YOROOW","isPartOf":{"@id":"https:\/\/www.yoroow.com\/pt\/#website"},"primaryImageOfPage":{"@id":"https:\/\/www.yoroow.com\/pt\/pormenor-do-produto\/torneira-de-lavatorio-de-agua-quente-e-fria-de-estilo-moderno-de-boa-qualidade-torneira-de-lavatorio-de-aco-inoxidavel-preto-em-cascata\/#primaryimage"},"image":{"@id":"https:\/\/www.yoroow.com\/pt\/pormenor-do-produto\/torneira-de-lavatorio-de-agua-quente-e-fria-de-estilo-moderno-de-boa-qualidade-torneira-de-lavatorio-de-aco-inoxidavel-preto-em-cascata\/#primaryimage"},"thumbnailUrl":"https:\/\/www.yoroow.com\/wp-content\/uploads\/2025\/02\/\u9ad8.jpg","datePublished":"2025-02-21T14:19:21+00:00","dateModified":"2025-05-16T01:33:36+00:00","description":"High quality black stainless steel sink water tap multifunctional for hotels and villas, offering hot and cold water in modern style. Produced in China with reliable quality, catering to South America and Southeast Asia export.","breadcrumb":{"@id":"https:\/\/www.yoroow.com\/pt\/pormenor-do-produto\/torneira-de-lavatorio-de-agua-quente-e-fria-de-estilo-moderno-de-boa-qualidade-torneira-de-lavatorio-de-aco-inoxidavel-preto-em-cascata\/#breadcrumb"},"inLanguage":"pt-PT","potentialAction":[{"@type":"ReadAction","target":["https:\/\/www.yoroow.com\/pt\/pormenor-do-produto\/torneira-de-lavatorio-de-agua-quente-e-fria-de-estilo-moderno-de-boa-qualidade-torneira-de-lavatorio-de-aco-inoxidavel-preto-em-cascata\/"]}]},{"@type":"ImageObject","inLanguage":"pt-PT","@id":"https:\/\/www.yoroow.com\/pt\/pormenor-do-produto\/torneira-de-lavatorio-de-agua-quente-e-fria-de-estilo-moderno-de-boa-qualidade-torneira-de-lavatorio-de-aco-inoxidavel-preto-em-cascata\/#primaryimage","url":"https:\/\/www.yoroow.com\/wp-content\/uploads\/2025\/02\/\u9ad8.jpg","contentUrl":"https:\/\/www.yoroow.com\/wp-content\/uploads\/2025\/02\/\u9ad8.jpg","width":1012,"height":1024,"caption":"Multifunctional Square Silver Bathroom Faucet Thermostatic Mixer Basin Water Tap Modern Design Tall Square Silvery Basin Faucet"},{"@type":"BreadcrumbList","@id":"https:\/\/www.yoroow.com\/pt\/pormenor-do-produto\/torneira-de-lavatorio-de-agua-quente-e-fria-de-estilo-moderno-de-boa-qualidade-torneira-de-lavatorio-de-aco-inoxidavel-preto-em-cascata\/#breadcrumb","itemListElement":[{"@type":"ListItem","position":1,"name":"home","item":"https:\/\/www.yoroow.com\/"},{"@type":"ListItem","position":2,"name":"Product","item":"https:\/\/www.yoroow.com\/product\/"},{"@type":"ListItem","position":3,"name":"High Quality Black Stainless Steel Sink Water Tap Multifunction Hotel Villa Bathroom Faucet Hot Cold Water Modern Style"}]},{"@type":"WebSite","@id":"https:\/\/www.yoroow.com\/pt\/#website","url":"https:\/\/www.yoroow.com\/pt\/","name":"YOROOW","description":"","publisher":{"@id":"https:\/\/www.yoroow.com\/pt\/#organization"},"potentialAction":[{"@type":"SearchAction","target":{"@type":"EntryPoint","urlTemplate":"https:\/\/www.yoroow.com\/pt\/?s={search_term_string}"},"query-input":{"@type":"PropertyValueSpecification","valueRequired":true,"valueName":"search_term_string"}}],"inLanguage":"pt-PT"},{"@type":"Organization","@id":"https:\/\/www.yoroow.com\/pt\/#organization","name":"YOROOW","url":"https:\/\/www.yoroow.com\/pt\/","logo":{"@type":"ImageObject","inLanguage":"pt-PT","@id":"https:\/\/www.yoroow.com\/pt\/#\/schema\/logo\/image\/","url":"https:\/\/www.yoroow.com\/wp-content\/uploads\/2024\/12\/2024123007131061.png","contentUrl":"https:\/\/www.yoroow.com\/wp-content\/uploads\/2024\/12\/2024123007131061.png","width":168,"height":27,"caption":"YOROOW"},"image":{"@id":"https:\/\/www.yoroow.com\/pt\/#\/schema\/logo\/image\/"},"sameAs":["https:\/\/www.facebook.com\/people\/yoroowfaucetfactory\/61564236752362\/"]}]}},"_links":{"self":[{"href":"https:\/\/www.yoroow.com\/pt\/wp-json\/wp\/v2\/product\/12115","targetHints":{"allow":["GET"]}}],"collection":[{"href":"https:\/\/www.yoroow.com\/pt\/wp-json\/wp\/v2\/product"}],"about":[{"href":"https:\/\/www.yoroow.com\/pt\/wp-json\/wp\/v2\/types\/product"}],"wp:featuredmedia":[{"embeddable":true,"href":"https:\/\/www.yoroow.com\/pt\/wp-json\/wp\/v2\/media\/12095"}],"wp:attachment":[{"href":"https:\/\/www.yoroow.com\/pt\/wp-json\/wp\/v2\/media?parent=12115"}],"wp:term":[{"taxonomy":"product_brand","embeddable":true,"href":"https:\/\/www.yoroow.com\/pt\/wp-json\/wp\/v2\/product_brand?post=12115"},{"taxonomy":"product_cat","embeddable":true,"href":"https:\/\/www.yoroow.com\/pt\/wp-json\/wp\/v2\/product_cat?post=12115"},{"taxonomy":"product_tag","embeddable":true,"href":"https:\/\/www.yoroow.com\/pt\/wp-json\/wp\/v2\/product_tag?post=12115"}],"curies":[{"name":"wp","href":"https:\/\/api.w.org\/{rel}","templated":true}]}}