{"id":12081,"date":"2025-02-21T22:01:19","date_gmt":"2025-02-21T14:01:19","guid":{"rendered":"https:\/\/www.yoroow.com\/?post_type=product&#038;p=12081"},"modified":"2025-05-16T09:33:30","modified_gmt":"2025-05-16T01:33:30","slug":"torneira-cromada-de-boa-qualidade-para-lavatorio-de-casa-de-banho-torneira-de-agua-quente-e-fria-para-lavatorio-de-casa-de-banho-misturadora","status":"publish","type":"product","link":"https:\/\/www.yoroow.com\/pt\/pormenor-do-produto\/torneira-cromada-de-boa-qualidade-para-lavatorio-de-casa-de-banho-torneira-de-agua-quente-e-fria-para-lavatorio-de-casa-de-banho-misturadora\/","title":{"rendered":"Torneira de lavat\u00f3rio quadrada moderna com torneira de cascata de sentido el\u00e9trico multifuncional de um s\u00f3 punho com acabamento escovado para aplica\u00e7\u00e3o em sal\u00f5es"},"content":{"rendered":"<p>Esta moderna torneira quadrada para lavat\u00f3rio apresenta uma torneira el\u00e9ctrica multifuncional em cascata com um acabamento escovado, ideal para aplica\u00e7\u00f5es residenciais e comerciais. A torneira oferece mistura de \u00e1gua quente e fria, com um design quadrado elegante e uma carater\u00edstica de cascata que proporciona um fluxo de \u00e1gua luxuoso. Fabricada pela YOROOW na China, esta torneira beneficia das t\u00e9cnicas de fabrico avan\u00e7adas e dos materiais de alta qualidade da empresa. O seu design e funcionalidade \u00fanicos fazem dela uma escolha de topo para os clientes da Am\u00e9rica do Sul e do Sudeste Asi\u00e1tico, onde a procura de acess\u00f3rios de casa de banho elegantes e de elevado desempenho est\u00e1 a aumentar. As capacidades de personaliza\u00e7\u00e3o da YOROOW garantem que esta torneira pode ser adaptada para satisfazer as necessidades espec\u00edficas destes mercados.<\/p>","protected":false},"excerpt":{"rendered":"<p>This modern square basin faucet features a multi-functional electric sense waterfall tap with a brushed finish, ideal for both residential and commercial hall applications. The faucet offers both hot and cold water mixing, with a sleek square design and waterfall feature that provides a luxurious water flow. Manufactured by YOROOW in China, this faucet benefits&#8230;<\/p>","protected":false},"featured_media":12063,"template":"","meta":{"_acf_changed":false,"_kad_post_transparent":"default","_kad_post_title":"","_kad_post_layout":"default","_kad_post_sidebar_id":"","_kad_post_content_style":"default","_kad_post_vertical_padding":"default","_kad_post_feature":"","_kad_post_feature_position":"","_kad_post_header":false,"_kad_post_footer":false},"product_brand":[],"product_cat":[238,1554],"product_tag":[3388,5903],"class_list":{"0":"post-12081","1":"product","2":"type-product","3":"status-publish","4":"has-post-thumbnail","6":"product_cat-mixer-basin-faucet","7":"product_cat-square-flat","8":"product_tag-modern-square-basin-faucet","9":"product_tag-multi-functional-waterfall-basin-faucet","11":"first","12":"instock","13":"shipping-taxable","14":"purchasable","15":"product-type-variable","16":"wvs-archive-product-wrapper","17":"entry","18":"content-bg","19":"loop-entry"},"acf":[],"yoast_head":"<!-- This site is optimized with the Yoast SEO Premium plugin v25.4 (Yoast SEO v27.0) - https:\/\/yoast.com\/product\/yoast-seo-premium-wordpress\/ -->\n<title>Modern Square Basin Faucet with Single Handle Multi-Functional Electric Sense Waterfall Tap Brushed Finish for Hall Application - YOROOW<\/title>\n<meta name=\"description\" content=\"Modern square basin faucet with single handle multifunctional electric sense waterfall tap, brushed finish suitable for hall applications. Manufactured in China with modern technology, aimed at South American and Southeast Asian exports.\" \/>\n<meta name=\"robots\" content=\"index, follow, max-snippet:-1, max-image-preview:large, max-video-preview:-1\" \/>\n<link rel=\"canonical\" href=\"https:\/\/www.yoroow.com\/pt\/pormenor-do-produto\/torneira-cromada-de-boa-qualidade-para-lavatorio-de-casa-de-banho-torneira-de-agua-quente-e-fria-para-lavatorio-de-casa-de-banho-misturadora\/\" \/>\n<meta property=\"og:locale\" content=\"pt_PT\" \/>\n<meta property=\"og:type\" content=\"article\" \/>\n<meta property=\"og:title\" content=\"Modern Square Basin Faucet with Single Handle Multi-Functional Electric Sense Waterfall Tap Brushed Finish for Hall Application\" \/>\n<meta property=\"og:description\" content=\"Modern square basin faucet with single handle multifunctional electric sense waterfall tap, brushed finish suitable for hall applications. Manufactured in China with modern technology, aimed at South American and Southeast Asian exports.\" \/>\n<meta property=\"og:url\" content=\"https:\/\/www.yoroow.com\/pt\/pormenor-do-produto\/torneira-cromada-de-boa-qualidade-para-lavatorio-de-casa-de-banho-torneira-de-agua-quente-e-fria-para-lavatorio-de-casa-de-banho-misturadora\/\" \/>\n<meta property=\"og:site_name\" content=\"YOROOW\" \/>\n<meta property=\"article:publisher\" content=\"https:\/\/www.facebook.com\/people\/yoroowfaucetfactory\/61564236752362\/\" \/>\n<meta property=\"article:modified_time\" content=\"2025-05-16T01:33:30+00:00\" \/>\n<meta property=\"og:image\" content=\"https:\/\/www.yoroow.com\/wp-content\/uploads\/2025\/02\/7164B-1.jpg\" \/>\n\t<meta property=\"og:image:width\" content=\"1049\" \/>\n\t<meta property=\"og:image:height\" content=\"1049\" \/>\n\t<meta property=\"og:image:type\" content=\"image\/jpeg\" \/>\n<meta name=\"twitter:card\" content=\"summary_large_image\" \/>\n<meta name=\"twitter:label1\" content=\"Est. reading time\" \/>\n\t<meta name=\"twitter:data1\" content=\"1 minuto\" \/>\n<script type=\"application\/ld+json\" class=\"yoast-schema-graph\">{\"@context\":\"https:\/\/schema.org\",\"@graph\":[{\"@type\":\"WebPage\",\"@id\":\"https:\/\/www.yoroow.com\/pt\/pormenor-do-produto\/torneira-cromada-de-boa-qualidade-para-lavatorio-de-casa-de-banho-torneira-de-agua-quente-e-fria-para-lavatorio-de-casa-de-banho-misturadora\/\",\"url\":\"https:\/\/www.yoroow.com\/pt\/pormenor-do-produto\/torneira-cromada-de-boa-qualidade-para-lavatorio-de-casa-de-banho-torneira-de-agua-quente-e-fria-para-lavatorio-de-casa-de-banho-misturadora\/\",\"name\":\"Modern Square Basin Faucet with Single Handle Multi-Functional Electric Sense Waterfall Tap Brushed Finish for Hall Application - YOROOW\",\"isPartOf\":{\"@id\":\"https:\/\/www.yoroow.com\/pt\/#website\"},\"primaryImageOfPage\":{\"@id\":\"https:\/\/www.yoroow.com\/pt\/pormenor-do-produto\/torneira-cromada-de-boa-qualidade-para-lavatorio-de-casa-de-banho-torneira-de-agua-quente-e-fria-para-lavatorio-de-casa-de-banho-misturadora\/#primaryimage\"},\"image\":{\"@id\":\"https:\/\/www.yoroow.com\/pt\/pormenor-do-produto\/torneira-cromada-de-boa-qualidade-para-lavatorio-de-casa-de-banho-torneira-de-agua-quente-e-fria-para-lavatorio-de-casa-de-banho-misturadora\/#primaryimage\"},\"thumbnailUrl\":\"https:\/\/www.yoroow.com\/wp-content\/uploads\/2025\/02\/7164B-1.jpg\",\"datePublished\":\"2025-02-21T14:01:19+00:00\",\"dateModified\":\"2025-05-16T01:33:30+00:00\",\"description\":\"Modern square basin faucet with single handle multifunctional electric sense waterfall tap, brushed finish suitable for hall applications. Manufactured in China with modern technology, aimed at South American and Southeast Asian exports.\",\"breadcrumb\":{\"@id\":\"https:\/\/www.yoroow.com\/pt\/pormenor-do-produto\/torneira-cromada-de-boa-qualidade-para-lavatorio-de-casa-de-banho-torneira-de-agua-quente-e-fria-para-lavatorio-de-casa-de-banho-misturadora\/#breadcrumb\"},\"inLanguage\":\"pt-PT\",\"potentialAction\":[{\"@type\":\"ReadAction\",\"target\":[\"https:\/\/www.yoroow.com\/pt\/pormenor-do-produto\/torneira-cromada-de-boa-qualidade-para-lavatorio-de-casa-de-banho-torneira-de-agua-quente-e-fria-para-lavatorio-de-casa-de-banho-misturadora\/\"]}]},{\"@type\":\"ImageObject\",\"inLanguage\":\"pt-PT\",\"@id\":\"https:\/\/www.yoroow.com\/pt\/pormenor-do-produto\/torneira-cromada-de-boa-qualidade-para-lavatorio-de-casa-de-banho-torneira-de-agua-quente-e-fria-para-lavatorio-de-casa-de-banho-misturadora\/#primaryimage\",\"url\":\"https:\/\/www.yoroow.com\/wp-content\/uploads\/2025\/02\/7164B-1.jpg\",\"contentUrl\":\"https:\/\/www.yoroow.com\/wp-content\/uploads\/2025\/02\/7164B-1.jpg\",\"width\":1049,\"height\":1049,\"caption\":\"High Quality Single-Hole Mounted Square Basin Faucet Mixer Thermostatic Waterfall Face for Bathroom School Stylish Contemporary Design - 7163B6\"},{\"@type\":\"BreadcrumbList\",\"@id\":\"https:\/\/www.yoroow.com\/pt\/pormenor-do-produto\/torneira-cromada-de-boa-qualidade-para-lavatorio-de-casa-de-banho-torneira-de-agua-quente-e-fria-para-lavatorio-de-casa-de-banho-misturadora\/#breadcrumb\",\"itemListElement\":[{\"@type\":\"ListItem\",\"position\":1,\"name\":\"home\",\"item\":\"https:\/\/www.yoroow.com\/\"},{\"@type\":\"ListItem\",\"position\":2,\"name\":\"Product\",\"item\":\"https:\/\/www.yoroow.com\/product\/\"},{\"@type\":\"ListItem\",\"position\":3,\"name\":\"Modern Square Basin Faucet with Single Handle Multi-Functional Electric Sense Waterfall Tap Brushed Finish for Hall Application\"}]},{\"@type\":\"WebSite\",\"@id\":\"https:\/\/www.yoroow.com\/pt\/#website\",\"url\":\"https:\/\/www.yoroow.com\/pt\/\",\"name\":\"YOROOW\",\"description\":\"\",\"publisher\":{\"@id\":\"https:\/\/www.yoroow.com\/pt\/#organization\"},\"potentialAction\":[{\"@type\":\"SearchAction\",\"target\":{\"@type\":\"EntryPoint\",\"urlTemplate\":\"https:\/\/www.yoroow.com\/pt\/?s={search_term_string}\"},\"query-input\":{\"@type\":\"PropertyValueSpecification\",\"valueRequired\":true,\"valueName\":\"search_term_string\"}}],\"inLanguage\":\"pt-PT\"},{\"@type\":\"Organization\",\"@id\":\"https:\/\/www.yoroow.com\/pt\/#organization\",\"name\":\"YOROOW\",\"url\":\"https:\/\/www.yoroow.com\/pt\/\",\"logo\":{\"@type\":\"ImageObject\",\"inLanguage\":\"pt-PT\",\"@id\":\"https:\/\/www.yoroow.com\/pt\/#\/schema\/logo\/image\/\",\"url\":\"https:\/\/www.yoroow.com\/wp-content\/uploads\/2024\/12\/2024123007131061.png\",\"contentUrl\":\"https:\/\/www.yoroow.com\/wp-content\/uploads\/2024\/12\/2024123007131061.png\",\"width\":168,\"height\":27,\"caption\":\"YOROOW\"},\"image\":{\"@id\":\"https:\/\/www.yoroow.com\/pt\/#\/schema\/logo\/image\/\"},\"sameAs\":[\"https:\/\/www.facebook.com\/people\/yoroowfaucetfactory\/61564236752362\/\"]}]}<\/script>\n<!-- \/ Yoast SEO Premium plugin. -->","yoast_head_json":{"title":"Modern Square Basin Faucet with Single Handle Multi-Functional Electric Sense Waterfall Tap Brushed Finish for Hall Application - YOROOW","description":"Modern square basin faucet with single handle multifunctional electric sense waterfall tap, brushed finish suitable for hall applications. Manufactured in China with modern technology, aimed at South American and Southeast Asian exports.","robots":{"index":"index","follow":"follow","max-snippet":"max-snippet:-1","max-image-preview":"max-image-preview:large","max-video-preview":"max-video-preview:-1"},"canonical":"https:\/\/www.yoroow.com\/pt\/pormenor-do-produto\/torneira-cromada-de-boa-qualidade-para-lavatorio-de-casa-de-banho-torneira-de-agua-quente-e-fria-para-lavatorio-de-casa-de-banho-misturadora\/","og_locale":"pt_PT","og_type":"article","og_title":"Modern Square Basin Faucet with Single Handle Multi-Functional Electric Sense Waterfall Tap Brushed Finish for Hall Application","og_description":"Modern square basin faucet with single handle multifunctional electric sense waterfall tap, brushed finish suitable for hall applications. Manufactured in China with modern technology, aimed at South American and Southeast Asian exports.","og_url":"https:\/\/www.yoroow.com\/pt\/pormenor-do-produto\/torneira-cromada-de-boa-qualidade-para-lavatorio-de-casa-de-banho-torneira-de-agua-quente-e-fria-para-lavatorio-de-casa-de-banho-misturadora\/","og_site_name":"YOROOW","article_publisher":"https:\/\/www.facebook.com\/people\/yoroowfaucetfactory\/61564236752362\/","article_modified_time":"2025-05-16T01:33:30+00:00","og_image":[{"width":1049,"height":1049,"url":"https:\/\/www.yoroow.com\/wp-content\/uploads\/2025\/02\/7164B-1.jpg","type":"image\/jpeg"}],"twitter_card":"summary_large_image","twitter_misc":{"Est. reading time":"1 minuto"},"schema":{"@context":"https:\/\/schema.org","@graph":[{"@type":"WebPage","@id":"https:\/\/www.yoroow.com\/pt\/pormenor-do-produto\/torneira-cromada-de-boa-qualidade-para-lavatorio-de-casa-de-banho-torneira-de-agua-quente-e-fria-para-lavatorio-de-casa-de-banho-misturadora\/","url":"https:\/\/www.yoroow.com\/pt\/pormenor-do-produto\/torneira-cromada-de-boa-qualidade-para-lavatorio-de-casa-de-banho-torneira-de-agua-quente-e-fria-para-lavatorio-de-casa-de-banho-misturadora\/","name":"Modern Square Basin Faucet with Single Handle Multi-Functional Electric Sense Waterfall Tap Brushed Finish for Hall Application - YOROOW","isPartOf":{"@id":"https:\/\/www.yoroow.com\/pt\/#website"},"primaryImageOfPage":{"@id":"https:\/\/www.yoroow.com\/pt\/pormenor-do-produto\/torneira-cromada-de-boa-qualidade-para-lavatorio-de-casa-de-banho-torneira-de-agua-quente-e-fria-para-lavatorio-de-casa-de-banho-misturadora\/#primaryimage"},"image":{"@id":"https:\/\/www.yoroow.com\/pt\/pormenor-do-produto\/torneira-cromada-de-boa-qualidade-para-lavatorio-de-casa-de-banho-torneira-de-agua-quente-e-fria-para-lavatorio-de-casa-de-banho-misturadora\/#primaryimage"},"thumbnailUrl":"https:\/\/www.yoroow.com\/wp-content\/uploads\/2025\/02\/7164B-1.jpg","datePublished":"2025-02-21T14:01:19+00:00","dateModified":"2025-05-16T01:33:30+00:00","description":"Modern square basin faucet with single handle multifunctional electric sense waterfall tap, brushed finish suitable for hall applications. Manufactured in China with modern technology, aimed at South American and Southeast Asian exports.","breadcrumb":{"@id":"https:\/\/www.yoroow.com\/pt\/pormenor-do-produto\/torneira-cromada-de-boa-qualidade-para-lavatorio-de-casa-de-banho-torneira-de-agua-quente-e-fria-para-lavatorio-de-casa-de-banho-misturadora\/#breadcrumb"},"inLanguage":"pt-PT","potentialAction":[{"@type":"ReadAction","target":["https:\/\/www.yoroow.com\/pt\/pormenor-do-produto\/torneira-cromada-de-boa-qualidade-para-lavatorio-de-casa-de-banho-torneira-de-agua-quente-e-fria-para-lavatorio-de-casa-de-banho-misturadora\/"]}]},{"@type":"ImageObject","inLanguage":"pt-PT","@id":"https:\/\/www.yoroow.com\/pt\/pormenor-do-produto\/torneira-cromada-de-boa-qualidade-para-lavatorio-de-casa-de-banho-torneira-de-agua-quente-e-fria-para-lavatorio-de-casa-de-banho-misturadora\/#primaryimage","url":"https:\/\/www.yoroow.com\/wp-content\/uploads\/2025\/02\/7164B-1.jpg","contentUrl":"https:\/\/www.yoroow.com\/wp-content\/uploads\/2025\/02\/7164B-1.jpg","width":1049,"height":1049,"caption":"High Quality Single-Hole Mounted Square Basin Faucet Mixer Thermostatic Waterfall Face for Bathroom School Stylish Contemporary Design - 7163B6"},{"@type":"BreadcrumbList","@id":"https:\/\/www.yoroow.com\/pt\/pormenor-do-produto\/torneira-cromada-de-boa-qualidade-para-lavatorio-de-casa-de-banho-torneira-de-agua-quente-e-fria-para-lavatorio-de-casa-de-banho-misturadora\/#breadcrumb","itemListElement":[{"@type":"ListItem","position":1,"name":"home","item":"https:\/\/www.yoroow.com\/"},{"@type":"ListItem","position":2,"name":"Product","item":"https:\/\/www.yoroow.com\/product\/"},{"@type":"ListItem","position":3,"name":"Modern Square Basin Faucet with Single Handle Multi-Functional Electric Sense Waterfall Tap Brushed Finish for Hall Application"}]},{"@type":"WebSite","@id":"https:\/\/www.yoroow.com\/pt\/#website","url":"https:\/\/www.yoroow.com\/pt\/","name":"YOROOW","description":"","publisher":{"@id":"https:\/\/www.yoroow.com\/pt\/#organization"},"potentialAction":[{"@type":"SearchAction","target":{"@type":"EntryPoint","urlTemplate":"https:\/\/www.yoroow.com\/pt\/?s={search_term_string}"},"query-input":{"@type":"PropertyValueSpecification","valueRequired":true,"valueName":"search_term_string"}}],"inLanguage":"pt-PT"},{"@type":"Organization","@id":"https:\/\/www.yoroow.com\/pt\/#organization","name":"YOROOW","url":"https:\/\/www.yoroow.com\/pt\/","logo":{"@type":"ImageObject","inLanguage":"pt-PT","@id":"https:\/\/www.yoroow.com\/pt\/#\/schema\/logo\/image\/","url":"https:\/\/www.yoroow.com\/wp-content\/uploads\/2024\/12\/2024123007131061.png","contentUrl":"https:\/\/www.yoroow.com\/wp-content\/uploads\/2024\/12\/2024123007131061.png","width":168,"height":27,"caption":"YOROOW"},"image":{"@id":"https:\/\/www.yoroow.com\/pt\/#\/schema\/logo\/image\/"},"sameAs":["https:\/\/www.facebook.com\/people\/yoroowfaucetfactory\/61564236752362\/"]}]}},"_links":{"self":[{"href":"https:\/\/www.yoroow.com\/pt\/wp-json\/wp\/v2\/product\/12081","targetHints":{"allow":["GET"]}}],"collection":[{"href":"https:\/\/www.yoroow.com\/pt\/wp-json\/wp\/v2\/product"}],"about":[{"href":"https:\/\/www.yoroow.com\/pt\/wp-json\/wp\/v2\/types\/product"}],"wp:featuredmedia":[{"embeddable":true,"href":"https:\/\/www.yoroow.com\/pt\/wp-json\/wp\/v2\/media\/12063"}],"wp:attachment":[{"href":"https:\/\/www.yoroow.com\/pt\/wp-json\/wp\/v2\/media?parent=12081"}],"wp:term":[{"taxonomy":"product_brand","embeddable":true,"href":"https:\/\/www.yoroow.com\/pt\/wp-json\/wp\/v2\/product_brand?post=12081"},{"taxonomy":"product_cat","embeddable":true,"href":"https:\/\/www.yoroow.com\/pt\/wp-json\/wp\/v2\/product_cat?post=12081"},{"taxonomy":"product_tag","embeddable":true,"href":"https:\/\/www.yoroow.com\/pt\/wp-json\/wp\/v2\/product_tag?post=12081"}],"curies":[{"name":"wp","href":"https:\/\/api.w.org\/{rel}","templated":true}]}}