{"id":12051,"date":"2025-02-21T22:40:33","date_gmt":"2025-02-21T14:40:33","guid":{"rendered":"https:\/\/www.yoroow.com\/?post_type=product&#038;p=12051"},"modified":"2025-05-16T09:33:24","modified_gmt":"2025-05-16T01:33:24","slug":"bom-preco-misturador-de-torneira-de-cozinha-de-zinco-com-corpo-de-zinco-de-pega-unica-flexivel-de-cor-azul","status":"publish","type":"product","link":"https:\/\/www.yoroow.com\/pt\/pormenor-do-produto\/bom-preco-misturador-de-torneira-de-cozinha-de-zinco-com-corpo-de-zinco-de-pega-unica-flexivel-de-cor-azul\/","title":{"rendered":"Torneira misturadora de cozinha de alavanca \u00fanica de bom pre\u00e7o Torneira de cozinha de al\u00e7a \u00fanica flex\u00edvel com corpo de zinco em ABS e metal azul montado no conv\u00e9s"},"content":{"rendered":"<p>This single-lever kitchen mixer tap features a flexible single handle for easy control of hot and cold water, making it an ideal choice for residential and commercial kitchens. The blue deck-mounted design combines ABS and metal materials for durability and style. Manufactured by YOROOW in China, the faucet offers excellent value for money without compromising on performance. Its zinc body ensures long-lasting use, and the faucet is highly resistant to corrosion. YOROOW\u2019s cost-effective manufacturing and quality control processes make this faucet an excellent choice for the South American and Southeast Asian markets, where high-performance kitchen faucets are in demand. YOROOW\u2019s flexible production capabilities also allow for customization to meet the specific needs of these regions.<\/p>","protected":false},"excerpt":{"rendered":"<p>This single-lever kitchen mixer tap features a flexible single handle for easy control of hot and cold water, making it an ideal choice for residential and commercial kitchens. The blue deck-mounted design combines ABS and metal materials for durability and style. Manufactured by YOROOW in China, the faucet offers excellent value for money without compromising&#8230;<\/p>","protected":false},"featured_media":12160,"template":"","meta":{"_acf_changed":false,"_kad_post_transparent":"default","_kad_post_title":"","_kad_post_layout":"default","_kad_post_sidebar_id":"","_kad_post_content_style":"default","_kad_post_vertical_padding":"default","_kad_post_feature":"","_kad_post_feature_position":"","_kad_post_header":false,"_kad_post_footer":false},"product_brand":[],"product_cat":[246,1556],"product_tag":[3130,5812],"class_list":{"0":"post-12051","1":"product","2":"type-product","3":"status-publish","4":"has-post-thumbnail","6":"product_cat-mixer-kitchen-faucet","7":"product_cat-color-hose-faucet","8":"product_tag-metal-and-also-abs-tap-kitchen-faucet","9":"product_tag-single-lever-kitchen-mixer-tap","11":"first","12":"instock","13":"shipping-taxable","14":"purchasable","15":"product-type-variable","16":"wvs-archive-product-wrapper","17":"entry","18":"content-bg","19":"loop-entry"},"acf":[],"yoast_head":"<!-- This site is optimized with the Yoast SEO Premium plugin v25.4 (Yoast SEO v27.0) - https:\/\/yoast.com\/product\/yoast-seo-premium-wordpress\/ -->\n<title>Good Price Single Lever Kitchen Mixer Tap ABS and Metal Blue Deck Mounted Zinc Body Flexible Single Handle Kitchen Faucet - YOROOW<\/title>\n<meta name=\"description\" content=\"Good price single lever kitchen mixer tap with ABS and metal parts, blue deck mounted zinc body. Flexible single handle suitable for kitchens, produced in China for South America and Southeast Asia export markets.\" \/>\n<meta name=\"robots\" content=\"index, follow, max-snippet:-1, max-image-preview:large, max-video-preview:-1\" \/>\n<link rel=\"canonical\" href=\"https:\/\/www.yoroow.com\/pt\/pormenor-do-produto\/bom-preco-misturador-de-torneira-de-cozinha-de-zinco-com-corpo-de-zinco-de-pega-unica-flexivel-de-cor-azul\/\" \/>\n<meta property=\"og:locale\" content=\"pt_PT\" \/>\n<meta property=\"og:type\" content=\"article\" \/>\n<meta property=\"og:title\" content=\"Good Price Single Lever Kitchen Mixer Tap ABS and Metal Blue Deck Mounted Zinc Body Flexible Single Handle Kitchen Faucet\" \/>\n<meta property=\"og:description\" content=\"Good price single lever kitchen mixer tap with ABS and metal parts, blue deck mounted zinc body. Flexible single handle suitable for kitchens, produced in China for South America and Southeast Asia export markets.\" \/>\n<meta property=\"og:url\" content=\"https:\/\/www.yoroow.com\/pt\/pormenor-do-produto\/bom-preco-misturador-de-torneira-de-cozinha-de-zinco-com-corpo-de-zinco-de-pega-unica-flexivel-de-cor-azul\/\" \/>\n<meta property=\"og:site_name\" content=\"YOROOW\" \/>\n<meta property=\"article:publisher\" content=\"https:\/\/www.facebook.com\/people\/yoroowfaucetfactory\/61564236752362\/\" \/>\n<meta property=\"article:modified_time\" content=\"2025-05-16T01:33:24+00:00\" \/>\n<meta property=\"og:image\" content=\"https:\/\/www.yoroow.com\/wp-content\/uploads\/2025\/02\/7500A-044P4-C12BU.jpg\" \/>\n\t<meta property=\"og:image:width\" content=\"605\" \/>\n\t<meta property=\"og:image:height\" content=\"605\" \/>\n\t<meta property=\"og:image:type\" content=\"image\/jpeg\" \/>\n<meta name=\"twitter:card\" content=\"summary_large_image\" \/>\n<meta name=\"twitter:label1\" content=\"Est. reading time\" \/>\n\t<meta name=\"twitter:data1\" content=\"1 minuto\" \/>\n<script type=\"application\/ld+json\" class=\"yoast-schema-graph\">{\"@context\":\"https:\/\/schema.org\",\"@graph\":[{\"@type\":\"WebPage\",\"@id\":\"https:\/\/www.yoroow.com\/pt\/pormenor-do-produto\/bom-preco-misturador-de-torneira-de-cozinha-de-zinco-com-corpo-de-zinco-de-pega-unica-flexivel-de-cor-azul\/\",\"url\":\"https:\/\/www.yoroow.com\/pt\/pormenor-do-produto\/bom-preco-misturador-de-torneira-de-cozinha-de-zinco-com-corpo-de-zinco-de-pega-unica-flexivel-de-cor-azul\/\",\"name\":\"Good Price Single Lever Kitchen Mixer Tap ABS and Metal Blue Deck Mounted Zinc Body Flexible Single Handle Kitchen Faucet - YOROOW\",\"isPartOf\":{\"@id\":\"https:\/\/www.yoroow.com\/pt\/#website\"},\"primaryImageOfPage\":{\"@id\":\"https:\/\/www.yoroow.com\/pt\/pormenor-do-produto\/bom-preco-misturador-de-torneira-de-cozinha-de-zinco-com-corpo-de-zinco-de-pega-unica-flexivel-de-cor-azul\/#primaryimage\"},\"image\":{\"@id\":\"https:\/\/www.yoroow.com\/pt\/pormenor-do-produto\/bom-preco-misturador-de-torneira-de-cozinha-de-zinco-com-corpo-de-zinco-de-pega-unica-flexivel-de-cor-azul\/#primaryimage\"},\"thumbnailUrl\":\"https:\/\/www.yoroow.com\/wp-content\/uploads\/2025\/02\/7500A-044P4-C12BU.jpg\",\"datePublished\":\"2025-02-21T14:40:33+00:00\",\"dateModified\":\"2025-05-16T01:33:24+00:00\",\"description\":\"Good price single lever kitchen mixer tap with ABS and metal parts, blue deck mounted zinc body. Flexible single handle suitable for kitchens, produced in China for South America and Southeast Asia export markets.\",\"breadcrumb\":{\"@id\":\"https:\/\/www.yoroow.com\/pt\/pormenor-do-produto\/bom-preco-misturador-de-torneira-de-cozinha-de-zinco-com-corpo-de-zinco-de-pega-unica-flexivel-de-cor-azul\/#breadcrumb\"},\"inLanguage\":\"pt-PT\",\"potentialAction\":[{\"@type\":\"ReadAction\",\"target\":[\"https:\/\/www.yoroow.com\/pt\/pormenor-do-produto\/bom-preco-misturador-de-torneira-de-cozinha-de-zinco-com-corpo-de-zinco-de-pega-unica-flexivel-de-cor-azul\/\"]}]},{\"@type\":\"ImageObject\",\"inLanguage\":\"pt-PT\",\"@id\":\"https:\/\/www.yoroow.com\/pt\/pormenor-do-produto\/bom-preco-misturador-de-torneira-de-cozinha-de-zinco-com-corpo-de-zinco-de-pega-unica-flexivel-de-cor-azul\/#primaryimage\",\"url\":\"https:\/\/www.yoroow.com\/wp-content\/uploads\/2025\/02\/7500A-044P4-C12BU.jpg\",\"contentUrl\":\"https:\/\/www.yoroow.com\/wp-content\/uploads\/2025\/02\/7500A-044P4-C12BU.jpg\",\"width\":605,\"height\":605,\"caption\":\"Good Price Single Lever Kitchen Mixer Tap ABS and Metal Blue Deck Mounted Zinc Body Flexible Single Handle Kitchen Faucet\"},{\"@type\":\"BreadcrumbList\",\"@id\":\"https:\/\/www.yoroow.com\/pt\/pormenor-do-produto\/bom-preco-misturador-de-torneira-de-cozinha-de-zinco-com-corpo-de-zinco-de-pega-unica-flexivel-de-cor-azul\/#breadcrumb\",\"itemListElement\":[{\"@type\":\"ListItem\",\"position\":1,\"name\":\"home\",\"item\":\"https:\/\/www.yoroow.com\/\"},{\"@type\":\"ListItem\",\"position\":2,\"name\":\"Product\",\"item\":\"https:\/\/www.yoroow.com\/product\/\"},{\"@type\":\"ListItem\",\"position\":3,\"name\":\"Good Price Single Lever Kitchen Mixer Tap ABS and Metal Blue Deck Mounted Zinc Body Flexible Single Handle Kitchen Faucet\"}]},{\"@type\":\"WebSite\",\"@id\":\"https:\/\/www.yoroow.com\/pt\/#website\",\"url\":\"https:\/\/www.yoroow.com\/pt\/\",\"name\":\"YOROOW\",\"description\":\"\",\"publisher\":{\"@id\":\"https:\/\/www.yoroow.com\/pt\/#organization\"},\"potentialAction\":[{\"@type\":\"SearchAction\",\"target\":{\"@type\":\"EntryPoint\",\"urlTemplate\":\"https:\/\/www.yoroow.com\/pt\/?s={search_term_string}\"},\"query-input\":{\"@type\":\"PropertyValueSpecification\",\"valueRequired\":true,\"valueName\":\"search_term_string\"}}],\"inLanguage\":\"pt-PT\"},{\"@type\":\"Organization\",\"@id\":\"https:\/\/www.yoroow.com\/pt\/#organization\",\"name\":\"YOROOW\",\"url\":\"https:\/\/www.yoroow.com\/pt\/\",\"logo\":{\"@type\":\"ImageObject\",\"inLanguage\":\"pt-PT\",\"@id\":\"https:\/\/www.yoroow.com\/pt\/#\/schema\/logo\/image\/\",\"url\":\"https:\/\/www.yoroow.com\/wp-content\/uploads\/2024\/12\/2024123007131061.png\",\"contentUrl\":\"https:\/\/www.yoroow.com\/wp-content\/uploads\/2024\/12\/2024123007131061.png\",\"width\":168,\"height\":27,\"caption\":\"YOROOW\"},\"image\":{\"@id\":\"https:\/\/www.yoroow.com\/pt\/#\/schema\/logo\/image\/\"},\"sameAs\":[\"https:\/\/www.facebook.com\/people\/yoroowfaucetfactory\/61564236752362\/\"]}]}<\/script>\n<!-- \/ Yoast SEO Premium plugin. -->","yoast_head_json":{"title":"Good Price Single Lever Kitchen Mixer Tap ABS and Metal Blue Deck Mounted Zinc Body Flexible Single Handle Kitchen Faucet - YOROOW","description":"Good price single lever kitchen mixer tap with ABS and metal parts, blue deck mounted zinc body. Flexible single handle suitable for kitchens, produced in China for South America and Southeast Asia export markets.","robots":{"index":"index","follow":"follow","max-snippet":"max-snippet:-1","max-image-preview":"max-image-preview:large","max-video-preview":"max-video-preview:-1"},"canonical":"https:\/\/www.yoroow.com\/pt\/pormenor-do-produto\/bom-preco-misturador-de-torneira-de-cozinha-de-zinco-com-corpo-de-zinco-de-pega-unica-flexivel-de-cor-azul\/","og_locale":"pt_PT","og_type":"article","og_title":"Good Price Single Lever Kitchen Mixer Tap ABS and Metal Blue Deck Mounted Zinc Body Flexible Single Handle Kitchen Faucet","og_description":"Good price single lever kitchen mixer tap with ABS and metal parts, blue deck mounted zinc body. Flexible single handle suitable for kitchens, produced in China for South America and Southeast Asia export markets.","og_url":"https:\/\/www.yoroow.com\/pt\/pormenor-do-produto\/bom-preco-misturador-de-torneira-de-cozinha-de-zinco-com-corpo-de-zinco-de-pega-unica-flexivel-de-cor-azul\/","og_site_name":"YOROOW","article_publisher":"https:\/\/www.facebook.com\/people\/yoroowfaucetfactory\/61564236752362\/","article_modified_time":"2025-05-16T01:33:24+00:00","og_image":[{"width":605,"height":605,"url":"https:\/\/www.yoroow.com\/wp-content\/uploads\/2025\/02\/7500A-044P4-C12BU.jpg","type":"image\/jpeg"}],"twitter_card":"summary_large_image","twitter_misc":{"Est. reading time":"1 minuto"},"schema":{"@context":"https:\/\/schema.org","@graph":[{"@type":"WebPage","@id":"https:\/\/www.yoroow.com\/pt\/pormenor-do-produto\/bom-preco-misturador-de-torneira-de-cozinha-de-zinco-com-corpo-de-zinco-de-pega-unica-flexivel-de-cor-azul\/","url":"https:\/\/www.yoroow.com\/pt\/pormenor-do-produto\/bom-preco-misturador-de-torneira-de-cozinha-de-zinco-com-corpo-de-zinco-de-pega-unica-flexivel-de-cor-azul\/","name":"Good Price Single Lever Kitchen Mixer Tap ABS and Metal Blue Deck Mounted Zinc Body Flexible Single Handle Kitchen Faucet - YOROOW","isPartOf":{"@id":"https:\/\/www.yoroow.com\/pt\/#website"},"primaryImageOfPage":{"@id":"https:\/\/www.yoroow.com\/pt\/pormenor-do-produto\/bom-preco-misturador-de-torneira-de-cozinha-de-zinco-com-corpo-de-zinco-de-pega-unica-flexivel-de-cor-azul\/#primaryimage"},"image":{"@id":"https:\/\/www.yoroow.com\/pt\/pormenor-do-produto\/bom-preco-misturador-de-torneira-de-cozinha-de-zinco-com-corpo-de-zinco-de-pega-unica-flexivel-de-cor-azul\/#primaryimage"},"thumbnailUrl":"https:\/\/www.yoroow.com\/wp-content\/uploads\/2025\/02\/7500A-044P4-C12BU.jpg","datePublished":"2025-02-21T14:40:33+00:00","dateModified":"2025-05-16T01:33:24+00:00","description":"Good price single lever kitchen mixer tap with ABS and metal parts, blue deck mounted zinc body. Flexible single handle suitable for kitchens, produced in China for South America and Southeast Asia export markets.","breadcrumb":{"@id":"https:\/\/www.yoroow.com\/pt\/pormenor-do-produto\/bom-preco-misturador-de-torneira-de-cozinha-de-zinco-com-corpo-de-zinco-de-pega-unica-flexivel-de-cor-azul\/#breadcrumb"},"inLanguage":"pt-PT","potentialAction":[{"@type":"ReadAction","target":["https:\/\/www.yoroow.com\/pt\/pormenor-do-produto\/bom-preco-misturador-de-torneira-de-cozinha-de-zinco-com-corpo-de-zinco-de-pega-unica-flexivel-de-cor-azul\/"]}]},{"@type":"ImageObject","inLanguage":"pt-PT","@id":"https:\/\/www.yoroow.com\/pt\/pormenor-do-produto\/bom-preco-misturador-de-torneira-de-cozinha-de-zinco-com-corpo-de-zinco-de-pega-unica-flexivel-de-cor-azul\/#primaryimage","url":"https:\/\/www.yoroow.com\/wp-content\/uploads\/2025\/02\/7500A-044P4-C12BU.jpg","contentUrl":"https:\/\/www.yoroow.com\/wp-content\/uploads\/2025\/02\/7500A-044P4-C12BU.jpg","width":605,"height":605,"caption":"Good Price Single Lever Kitchen Mixer Tap ABS and Metal Blue Deck Mounted Zinc Body Flexible Single Handle Kitchen Faucet"},{"@type":"BreadcrumbList","@id":"https:\/\/www.yoroow.com\/pt\/pormenor-do-produto\/bom-preco-misturador-de-torneira-de-cozinha-de-zinco-com-corpo-de-zinco-de-pega-unica-flexivel-de-cor-azul\/#breadcrumb","itemListElement":[{"@type":"ListItem","position":1,"name":"home","item":"https:\/\/www.yoroow.com\/"},{"@type":"ListItem","position":2,"name":"Product","item":"https:\/\/www.yoroow.com\/product\/"},{"@type":"ListItem","position":3,"name":"Good Price Single Lever Kitchen Mixer Tap ABS and Metal Blue Deck Mounted Zinc Body Flexible Single Handle Kitchen Faucet"}]},{"@type":"WebSite","@id":"https:\/\/www.yoroow.com\/pt\/#website","url":"https:\/\/www.yoroow.com\/pt\/","name":"YOROOW","description":"","publisher":{"@id":"https:\/\/www.yoroow.com\/pt\/#organization"},"potentialAction":[{"@type":"SearchAction","target":{"@type":"EntryPoint","urlTemplate":"https:\/\/www.yoroow.com\/pt\/?s={search_term_string}"},"query-input":{"@type":"PropertyValueSpecification","valueRequired":true,"valueName":"search_term_string"}}],"inLanguage":"pt-PT"},{"@type":"Organization","@id":"https:\/\/www.yoroow.com\/pt\/#organization","name":"YOROOW","url":"https:\/\/www.yoroow.com\/pt\/","logo":{"@type":"ImageObject","inLanguage":"pt-PT","@id":"https:\/\/www.yoroow.com\/pt\/#\/schema\/logo\/image\/","url":"https:\/\/www.yoroow.com\/wp-content\/uploads\/2024\/12\/2024123007131061.png","contentUrl":"https:\/\/www.yoroow.com\/wp-content\/uploads\/2024\/12\/2024123007131061.png","width":168,"height":27,"caption":"YOROOW"},"image":{"@id":"https:\/\/www.yoroow.com\/pt\/#\/schema\/logo\/image\/"},"sameAs":["https:\/\/www.facebook.com\/people\/yoroowfaucetfactory\/61564236752362\/"]}]}},"_links":{"self":[{"href":"https:\/\/www.yoroow.com\/pt\/wp-json\/wp\/v2\/product\/12051","targetHints":{"allow":["GET"]}}],"collection":[{"href":"https:\/\/www.yoroow.com\/pt\/wp-json\/wp\/v2\/product"}],"about":[{"href":"https:\/\/www.yoroow.com\/pt\/wp-json\/wp\/v2\/types\/product"}],"wp:featuredmedia":[{"embeddable":true,"href":"https:\/\/www.yoroow.com\/pt\/wp-json\/wp\/v2\/media\/12160"}],"wp:attachment":[{"href":"https:\/\/www.yoroow.com\/pt\/wp-json\/wp\/v2\/media?parent=12051"}],"wp:term":[{"taxonomy":"product_brand","embeddable":true,"href":"https:\/\/www.yoroow.com\/pt\/wp-json\/wp\/v2\/product_brand?post=12051"},{"taxonomy":"product_cat","embeddable":true,"href":"https:\/\/www.yoroow.com\/pt\/wp-json\/wp\/v2\/product_cat?post=12051"},{"taxonomy":"product_tag","embeddable":true,"href":"https:\/\/www.yoroow.com\/pt\/wp-json\/wp\/v2\/product_tag?post=12051"}],"curies":[{"name":"wp","href":"https:\/\/api.w.org\/{rel}","templated":true}]}}