{"id":12030,"date":"2025-02-21T21:40:41","date_gmt":"2025-02-21T13:40:41","guid":{"rendered":"https:\/\/www.yoroow.com\/?post_type=product&#038;p=12030"},"modified":"2025-05-16T09:32:56","modified_gmt":"2025-05-16T01:32:56","slug":"venda-direta-a-fabrica-torneira-misturadora-de-lavatorio-dourado-em-aco-inoxidavel-de-pega-unica-torneira-termostatica-de-lavatorio-de-casa-de-banho","status":"publish","type":"product","link":"https:\/\/www.yoroow.com\/pt\/pormenor-do-produto\/venda-direta-a-fabrica-torneira-misturadora-de-lavatorio-dourado-em-aco-inoxidavel-de-pega-unica-torneira-termostatica-de-lavatorio-de-casa-de-banho\/","title":{"rendered":"Torneira de lavat\u00f3rio simples moderna Torneira misturadora termost\u00e1tica quente e fria Sa\u00edda de f\u00e1brica Design popular para casa de banho"},"content":{"rendered":"<p>Esta moderna torneira de lavat\u00f3rio simples possui uma misturadora termost\u00e1tica de \u00e1gua quente e fria, oferecendo um controlo preciso da temperatura da \u00e1gua, o que \u00e9 ideal para aplica\u00e7\u00f5es em casas de banho residenciais e comerciais. O design popular proporciona um aspeto contempor\u00e2neo, assegurando simultaneamente um fluxo de \u00e1gua eficiente. A experi\u00eancia de fabrico da YOROOW na China garante uma elevada durabilidade, com um controlo de qualidade avan\u00e7ado e pre\u00e7os competitivos, o que a torna a escolha preferida dos compradores por grosso e a granel. A torneira \u00e9 particularmente adequada para os mercados da Am\u00e9rica do Sul e do Sudeste Asi\u00e1tico, onde tanto o design como a funcionalidade s\u00e3o altamente valorizados. A capacidade da YOROOW para personalizar a torneira de acordo com as necessidades do cliente garante flexibilidade para estas regi\u00f5es, onde os produtos de casa de banho t\u00eam de satisfazer requisitos est\u00e9ticos e pr\u00e1ticos.<\/p>","protected":false},"excerpt":{"rendered":"<p>Esta moderna torneira de lavat\u00f3rio simples possui uma misturadora termost\u00e1tica de \u00e1gua quente e fria, oferecendo um controlo preciso da temperatura da \u00e1gua, o que \u00e9 ideal para aplica\u00e7\u00f5es em casas de banho residenciais e comerciais. O design popular proporciona um aspeto contempor\u00e2neo, assegurando simultaneamente um fluxo de \u00e1gua eficiente. A experi\u00eancia de fabrico da YOROOW na China garante uma elevada durabilidade, com um controlo de qualidade avan\u00e7ado e pre\u00e7os competitivos,...<\/p>","protected":false},"featured_media":12008,"template":"","meta":{"_acf_changed":false,"_kad_post_transparent":"default","_kad_post_title":"","_kad_post_layout":"default","_kad_post_sidebar_id":"","_kad_post_content_style":"default","_kad_post_vertical_padding":"default","_kad_post_feature":"","_kad_post_feature_position":"","_kad_post_header":false,"_kad_post_footer":false},"product_brand":[],"product_cat":[238,1553],"product_tag":[6040,3479],"class_list":{"0":"post-12030","1":"product","2":"type-product","3":"status-publish","4":"has-post-thumbnail","6":"product_cat-mixer-basin-faucet","7":"product_cat-square-wide","8":"product_tag-basin-bathroom-mixer-faucet-hot-and-cold-mixe","9":"product_tag-popular-design-sensor-single-basin-tap","11":"first","12":"instock","13":"shipping-taxable","14":"purchasable","15":"product-type-variable","16":"wvs-archive-product-wrapper","17":"entry","18":"content-bg","19":"loop-entry"},"acf":[],"yoast_head":"<!-- This site is optimized with the Yoast SEO Premium plugin v25.4 (Yoast SEO v27.0) - https:\/\/yoast.com\/product\/yoast-seo-premium-wordpress\/ -->\n<title>Modern Single Basin Tap Thermostatic Hot and Cold Mixer Faucet Factory Outlet Popular Design for Bathroom - YOROOW<\/title>\n<meta name=\"description\" content=\"Modern single basin tap thermostatic hot and cold mixer faucet factory outlet with popular design for bathroom use. Chinese factory advantages ensure quality and competitive pricing for South American and Southeast Asian export.\" \/>\n<meta name=\"robots\" content=\"index, follow, max-snippet:-1, max-image-preview:large, max-video-preview:-1\" \/>\n<link rel=\"canonical\" href=\"https:\/\/www.yoroow.com\/pt\/pormenor-do-produto\/venda-direta-a-fabrica-torneira-misturadora-de-lavatorio-dourado-em-aco-inoxidavel-de-pega-unica-torneira-termostatica-de-lavatorio-de-casa-de-banho\/\" \/>\n<meta property=\"og:locale\" content=\"pt_PT\" \/>\n<meta property=\"og:type\" content=\"article\" \/>\n<meta property=\"og:title\" content=\"Modern Single Basin Tap Thermostatic Hot and Cold Mixer Faucet Factory Outlet Popular Design for Bathroom\" \/>\n<meta property=\"og:description\" content=\"Modern single basin tap thermostatic hot and cold mixer faucet factory outlet with popular design for bathroom use. Chinese factory advantages ensure quality and competitive pricing for South American and Southeast Asian export.\" \/>\n<meta property=\"og:url\" content=\"https:\/\/www.yoroow.com\/pt\/pormenor-do-produto\/venda-direta-a-fabrica-torneira-misturadora-de-lavatorio-dourado-em-aco-inoxidavel-de-pega-unica-torneira-termostatica-de-lavatorio-de-casa-de-banho\/\" \/>\n<meta property=\"og:site_name\" content=\"YOROOW\" \/>\n<meta property=\"article:publisher\" content=\"https:\/\/www.facebook.com\/people\/yoroowfaucetfactory\/61564236752362\/\" \/>\n<meta property=\"article:modified_time\" content=\"2025-05-16T01:32:56+00:00\" \/>\n<meta property=\"og:image\" content=\"https:\/\/www.yoroow.com\/wp-content\/uploads\/2025\/02\/7166B4.jpg\" \/>\n\t<meta property=\"og:image:width\" content=\"800\" \/>\n\t<meta property=\"og:image:height\" content=\"800\" \/>\n\t<meta property=\"og:image:type\" content=\"image\/jpeg\" \/>\n<meta name=\"twitter:card\" content=\"summary_large_image\" \/>\n<meta name=\"twitter:label1\" content=\"Est. reading time\" \/>\n\t<meta name=\"twitter:data1\" content=\"1 minuto\" \/>\n<script type=\"application\/ld+json\" class=\"yoast-schema-graph\">{\"@context\":\"https:\/\/schema.org\",\"@graph\":[{\"@type\":\"WebPage\",\"@id\":\"https:\/\/www.yoroow.com\/pt\/pormenor-do-produto\/venda-direta-a-fabrica-torneira-misturadora-de-lavatorio-dourado-em-aco-inoxidavel-de-pega-unica-torneira-termostatica-de-lavatorio-de-casa-de-banho\/\",\"url\":\"https:\/\/www.yoroow.com\/pt\/pormenor-do-produto\/venda-direta-a-fabrica-torneira-misturadora-de-lavatorio-dourado-em-aco-inoxidavel-de-pega-unica-torneira-termostatica-de-lavatorio-de-casa-de-banho\/\",\"name\":\"Modern Single Basin Tap Thermostatic Hot and Cold Mixer Faucet Factory Outlet Popular Design for Bathroom - YOROOW\",\"isPartOf\":{\"@id\":\"https:\/\/www.yoroow.com\/pt\/#website\"},\"primaryImageOfPage\":{\"@id\":\"https:\/\/www.yoroow.com\/pt\/pormenor-do-produto\/venda-direta-a-fabrica-torneira-misturadora-de-lavatorio-dourado-em-aco-inoxidavel-de-pega-unica-torneira-termostatica-de-lavatorio-de-casa-de-banho\/#primaryimage\"},\"image\":{\"@id\":\"https:\/\/www.yoroow.com\/pt\/pormenor-do-produto\/venda-direta-a-fabrica-torneira-misturadora-de-lavatorio-dourado-em-aco-inoxidavel-de-pega-unica-torneira-termostatica-de-lavatorio-de-casa-de-banho\/#primaryimage\"},\"thumbnailUrl\":\"https:\/\/www.yoroow.com\/wp-content\/uploads\/2025\/02\/7166B4.jpg\",\"datePublished\":\"2025-02-21T13:40:41+00:00\",\"dateModified\":\"2025-05-16T01:32:56+00:00\",\"description\":\"Modern single basin tap thermostatic hot and cold mixer faucet factory outlet with popular design for bathroom use. Chinese factory advantages ensure quality and competitive pricing for South American and Southeast Asian export.\",\"breadcrumb\":{\"@id\":\"https:\/\/www.yoroow.com\/pt\/pormenor-do-produto\/venda-direta-a-fabrica-torneira-misturadora-de-lavatorio-dourado-em-aco-inoxidavel-de-pega-unica-torneira-termostatica-de-lavatorio-de-casa-de-banho\/#breadcrumb\"},\"inLanguage\":\"pt-PT\",\"potentialAction\":[{\"@type\":\"ReadAction\",\"target\":[\"https:\/\/www.yoroow.com\/pt\/pormenor-do-produto\/venda-direta-a-fabrica-torneira-misturadora-de-lavatorio-dourado-em-aco-inoxidavel-de-pega-unica-torneira-termostatica-de-lavatorio-de-casa-de-banho\/\"]}]},{\"@type\":\"ImageObject\",\"inLanguage\":\"pt-PT\",\"@id\":\"https:\/\/www.yoroow.com\/pt\/pormenor-do-produto\/venda-direta-a-fabrica-torneira-misturadora-de-lavatorio-dourado-em-aco-inoxidavel-de-pega-unica-torneira-termostatica-de-lavatorio-de-casa-de-banho\/#primaryimage\",\"url\":\"https:\/\/www.yoroow.com\/wp-content\/uploads\/2025\/02\/7166B4.jpg\",\"contentUrl\":\"https:\/\/www.yoroow.com\/wp-content\/uploads\/2025\/02\/7166B4.jpg\",\"width\":800,\"height\":800,\"caption\":\"Good Price for Empolo Single-Handle Thermostatic Stainless Steel Waterfall Basin Faucet Hot Cold Bathroom Mixer with for Gym Use\"},{\"@type\":\"BreadcrumbList\",\"@id\":\"https:\/\/www.yoroow.com\/pt\/pormenor-do-produto\/venda-direta-a-fabrica-torneira-misturadora-de-lavatorio-dourado-em-aco-inoxidavel-de-pega-unica-torneira-termostatica-de-lavatorio-de-casa-de-banho\/#breadcrumb\",\"itemListElement\":[{\"@type\":\"ListItem\",\"position\":1,\"name\":\"home\",\"item\":\"https:\/\/www.yoroow.com\/\"},{\"@type\":\"ListItem\",\"position\":2,\"name\":\"Product\",\"item\":\"https:\/\/www.yoroow.com\/product\/\"},{\"@type\":\"ListItem\",\"position\":3,\"name\":\"Modern Single Basin Tap Thermostatic Hot and Cold Mixer Faucet Factory Outlet Popular Design for Bathroom\"}]},{\"@type\":\"WebSite\",\"@id\":\"https:\/\/www.yoroow.com\/pt\/#website\",\"url\":\"https:\/\/www.yoroow.com\/pt\/\",\"name\":\"YOROOW\",\"description\":\"\",\"publisher\":{\"@id\":\"https:\/\/www.yoroow.com\/pt\/#organization\"},\"potentialAction\":[{\"@type\":\"SearchAction\",\"target\":{\"@type\":\"EntryPoint\",\"urlTemplate\":\"https:\/\/www.yoroow.com\/pt\/?s={search_term_string}\"},\"query-input\":{\"@type\":\"PropertyValueSpecification\",\"valueRequired\":true,\"valueName\":\"search_term_string\"}}],\"inLanguage\":\"pt-PT\"},{\"@type\":\"Organization\",\"@id\":\"https:\/\/www.yoroow.com\/pt\/#organization\",\"name\":\"YOROOW\",\"url\":\"https:\/\/www.yoroow.com\/pt\/\",\"logo\":{\"@type\":\"ImageObject\",\"inLanguage\":\"pt-PT\",\"@id\":\"https:\/\/www.yoroow.com\/pt\/#\/schema\/logo\/image\/\",\"url\":\"https:\/\/www.yoroow.com\/wp-content\/uploads\/2024\/12\/2024123007131061.png\",\"contentUrl\":\"https:\/\/www.yoroow.com\/wp-content\/uploads\/2024\/12\/2024123007131061.png\",\"width\":168,\"height\":27,\"caption\":\"YOROOW\"},\"image\":{\"@id\":\"https:\/\/www.yoroow.com\/pt\/#\/schema\/logo\/image\/\"},\"sameAs\":[\"https:\/\/www.facebook.com\/people\/yoroowfaucetfactory\/61564236752362\/\"]}]}<\/script>\n<!-- \/ Yoast SEO Premium plugin. -->","yoast_head_json":{"title":"Modern Single Basin Tap Thermostatic Hot and Cold Mixer Faucet Factory Outlet Popular Design for Bathroom - YOROOW","description":"Modern single basin tap thermostatic hot and cold mixer faucet factory outlet with popular design for bathroom use. Chinese factory advantages ensure quality and competitive pricing for South American and Southeast Asian export.","robots":{"index":"index","follow":"follow","max-snippet":"max-snippet:-1","max-image-preview":"max-image-preview:large","max-video-preview":"max-video-preview:-1"},"canonical":"https:\/\/www.yoroow.com\/pt\/pormenor-do-produto\/venda-direta-a-fabrica-torneira-misturadora-de-lavatorio-dourado-em-aco-inoxidavel-de-pega-unica-torneira-termostatica-de-lavatorio-de-casa-de-banho\/","og_locale":"pt_PT","og_type":"article","og_title":"Modern Single Basin Tap Thermostatic Hot and Cold Mixer Faucet Factory Outlet Popular Design for Bathroom","og_description":"Modern single basin tap thermostatic hot and cold mixer faucet factory outlet with popular design for bathroom use. Chinese factory advantages ensure quality and competitive pricing for South American and Southeast Asian export.","og_url":"https:\/\/www.yoroow.com\/pt\/pormenor-do-produto\/venda-direta-a-fabrica-torneira-misturadora-de-lavatorio-dourado-em-aco-inoxidavel-de-pega-unica-torneira-termostatica-de-lavatorio-de-casa-de-banho\/","og_site_name":"YOROOW","article_publisher":"https:\/\/www.facebook.com\/people\/yoroowfaucetfactory\/61564236752362\/","article_modified_time":"2025-05-16T01:32:56+00:00","og_image":[{"width":800,"height":800,"url":"https:\/\/www.yoroow.com\/wp-content\/uploads\/2025\/02\/7166B4.jpg","type":"image\/jpeg"}],"twitter_card":"summary_large_image","twitter_misc":{"Est. reading time":"1 minuto"},"schema":{"@context":"https:\/\/schema.org","@graph":[{"@type":"WebPage","@id":"https:\/\/www.yoroow.com\/pt\/pormenor-do-produto\/venda-direta-a-fabrica-torneira-misturadora-de-lavatorio-dourado-em-aco-inoxidavel-de-pega-unica-torneira-termostatica-de-lavatorio-de-casa-de-banho\/","url":"https:\/\/www.yoroow.com\/pt\/pormenor-do-produto\/venda-direta-a-fabrica-torneira-misturadora-de-lavatorio-dourado-em-aco-inoxidavel-de-pega-unica-torneira-termostatica-de-lavatorio-de-casa-de-banho\/","name":"Modern Single Basin Tap Thermostatic Hot and Cold Mixer Faucet Factory Outlet Popular Design for Bathroom - YOROOW","isPartOf":{"@id":"https:\/\/www.yoroow.com\/pt\/#website"},"primaryImageOfPage":{"@id":"https:\/\/www.yoroow.com\/pt\/pormenor-do-produto\/venda-direta-a-fabrica-torneira-misturadora-de-lavatorio-dourado-em-aco-inoxidavel-de-pega-unica-torneira-termostatica-de-lavatorio-de-casa-de-banho\/#primaryimage"},"image":{"@id":"https:\/\/www.yoroow.com\/pt\/pormenor-do-produto\/venda-direta-a-fabrica-torneira-misturadora-de-lavatorio-dourado-em-aco-inoxidavel-de-pega-unica-torneira-termostatica-de-lavatorio-de-casa-de-banho\/#primaryimage"},"thumbnailUrl":"https:\/\/www.yoroow.com\/wp-content\/uploads\/2025\/02\/7166B4.jpg","datePublished":"2025-02-21T13:40:41+00:00","dateModified":"2025-05-16T01:32:56+00:00","description":"Modern single basin tap thermostatic hot and cold mixer faucet factory outlet with popular design for bathroom use. Chinese factory advantages ensure quality and competitive pricing for South American and Southeast Asian export.","breadcrumb":{"@id":"https:\/\/www.yoroow.com\/pt\/pormenor-do-produto\/venda-direta-a-fabrica-torneira-misturadora-de-lavatorio-dourado-em-aco-inoxidavel-de-pega-unica-torneira-termostatica-de-lavatorio-de-casa-de-banho\/#breadcrumb"},"inLanguage":"pt-PT","potentialAction":[{"@type":"ReadAction","target":["https:\/\/www.yoroow.com\/pt\/pormenor-do-produto\/venda-direta-a-fabrica-torneira-misturadora-de-lavatorio-dourado-em-aco-inoxidavel-de-pega-unica-torneira-termostatica-de-lavatorio-de-casa-de-banho\/"]}]},{"@type":"ImageObject","inLanguage":"pt-PT","@id":"https:\/\/www.yoroow.com\/pt\/pormenor-do-produto\/venda-direta-a-fabrica-torneira-misturadora-de-lavatorio-dourado-em-aco-inoxidavel-de-pega-unica-torneira-termostatica-de-lavatorio-de-casa-de-banho\/#primaryimage","url":"https:\/\/www.yoroow.com\/wp-content\/uploads\/2025\/02\/7166B4.jpg","contentUrl":"https:\/\/www.yoroow.com\/wp-content\/uploads\/2025\/02\/7166B4.jpg","width":800,"height":800,"caption":"Good Price for Empolo Single-Handle Thermostatic Stainless Steel Waterfall Basin Faucet Hot Cold Bathroom Mixer with for Gym Use"},{"@type":"BreadcrumbList","@id":"https:\/\/www.yoroow.com\/pt\/pormenor-do-produto\/venda-direta-a-fabrica-torneira-misturadora-de-lavatorio-dourado-em-aco-inoxidavel-de-pega-unica-torneira-termostatica-de-lavatorio-de-casa-de-banho\/#breadcrumb","itemListElement":[{"@type":"ListItem","position":1,"name":"home","item":"https:\/\/www.yoroow.com\/"},{"@type":"ListItem","position":2,"name":"Product","item":"https:\/\/www.yoroow.com\/product\/"},{"@type":"ListItem","position":3,"name":"Modern Single Basin Tap Thermostatic Hot and Cold Mixer Faucet Factory Outlet Popular Design for Bathroom"}]},{"@type":"WebSite","@id":"https:\/\/www.yoroow.com\/pt\/#website","url":"https:\/\/www.yoroow.com\/pt\/","name":"YOROOW","description":"","publisher":{"@id":"https:\/\/www.yoroow.com\/pt\/#organization"},"potentialAction":[{"@type":"SearchAction","target":{"@type":"EntryPoint","urlTemplate":"https:\/\/www.yoroow.com\/pt\/?s={search_term_string}"},"query-input":{"@type":"PropertyValueSpecification","valueRequired":true,"valueName":"search_term_string"}}],"inLanguage":"pt-PT"},{"@type":"Organization","@id":"https:\/\/www.yoroow.com\/pt\/#organization","name":"YOROOW","url":"https:\/\/www.yoroow.com\/pt\/","logo":{"@type":"ImageObject","inLanguage":"pt-PT","@id":"https:\/\/www.yoroow.com\/pt\/#\/schema\/logo\/image\/","url":"https:\/\/www.yoroow.com\/wp-content\/uploads\/2024\/12\/2024123007131061.png","contentUrl":"https:\/\/www.yoroow.com\/wp-content\/uploads\/2024\/12\/2024123007131061.png","width":168,"height":27,"caption":"YOROOW"},"image":{"@id":"https:\/\/www.yoroow.com\/pt\/#\/schema\/logo\/image\/"},"sameAs":["https:\/\/www.facebook.com\/people\/yoroowfaucetfactory\/61564236752362\/"]}]}},"_links":{"self":[{"href":"https:\/\/www.yoroow.com\/pt\/wp-json\/wp\/v2\/product\/12030","targetHints":{"allow":["GET"]}}],"collection":[{"href":"https:\/\/www.yoroow.com\/pt\/wp-json\/wp\/v2\/product"}],"about":[{"href":"https:\/\/www.yoroow.com\/pt\/wp-json\/wp\/v2\/types\/product"}],"wp:featuredmedia":[{"embeddable":true,"href":"https:\/\/www.yoroow.com\/pt\/wp-json\/wp\/v2\/media\/12008"}],"wp:attachment":[{"href":"https:\/\/www.yoroow.com\/pt\/wp-json\/wp\/v2\/media?parent=12030"}],"wp:term":[{"taxonomy":"product_brand","embeddable":true,"href":"https:\/\/www.yoroow.com\/pt\/wp-json\/wp\/v2\/product_brand?post=12030"},{"taxonomy":"product_cat","embeddable":true,"href":"https:\/\/www.yoroow.com\/pt\/wp-json\/wp\/v2\/product_cat?post=12030"},{"taxonomy":"product_tag","embeddable":true,"href":"https:\/\/www.yoroow.com\/pt\/wp-json\/wp\/v2\/product_tag?post=12030"}],"curies":[{"name":"wp","href":"https:\/\/api.w.org\/{rel}","templated":true}]}}