{"id":12018,"date":"2025-02-21T21:40:35","date_gmt":"2025-02-21T13:40:35","guid":{"rendered":"https:\/\/www.yoroow.com\/?post_type=product&#038;p=12018"},"modified":"2025-05-16T09:32:52","modified_gmt":"2025-05-16T01:32:52","slug":"bom-preco-torneira-misturadora-de-lavatorio-em-aco-inoxidavel-preto-de-pega-unica-torneira-de-casa-de-banho-de-agua-quente-e-fria-torneira-de-lavatorio","status":"publish","type":"product","link":"https:\/\/www.yoroow.com\/pt\/pormenor-do-produto\/bom-preco-torneira-misturadora-de-lavatorio-em-aco-inoxidavel-preto-de-pega-unica-torneira-de-casa-de-banho-de-agua-quente-e-fria-torneira-de-lavatorio\/","title":{"rendered":"Torneira de lavat\u00f3rio preta de man\u00edpulo \u00fanico contempor\u00e2nea Torneira misturadora tradicional escovada para casa de banho Escola Hospital Park Lavat\u00f3rio"},"content":{"rendered":"<p>Esta torneira de lavat\u00f3rio preta contempor\u00e2nea de man\u00edpulo \u00fanico apresenta um acabamento de superf\u00edcie escovado e uma funcionalidade de misturadora tradicional, o que a torna a escolha ideal para instala\u00e7\u00f5es de lavat\u00f3rios em casas de banho, escolas, hospitais e locais p\u00fablicos. O elegante acabamento em preto d\u00e1 um toque moderno a qualquer ambiente, enquanto a constru\u00e7\u00e3o duradoura garante um desempenho de longa dura\u00e7\u00e3o. Fabricada pela YOROOW na China, esta torneira oferece um equil\u00edbrio perfeito entre estilo, funcionalidade e pre\u00e7o acess\u00edvel. A experi\u00eancia de produ\u00e7\u00e3o da YOROOW garante que a torneira \u00e9 constru\u00edda para suportar um tr\u00e1fego elevado e uma utiliza\u00e7\u00e3o frequente, o que a torna uma excelente solu\u00e7\u00e3o para espa\u00e7os p\u00fablicos e comerciais na Am\u00e9rica do Sul e no Sudeste Asi\u00e1tico, onde os equipamentos robustos e esteticamente agrad\u00e1veis s\u00e3o muito procurados. O compromisso da YOROOW para com a qualidade garante que a torneira ir\u00e1 cumprir as normas globais, proporcionando um servi\u00e7o fi\u00e1vel durante muitos anos.<\/p>","protected":false},"excerpt":{"rendered":"<p>This contemporary single-handle fancy black basin tap features a brushed surface finish and traditional mixer functionality, making it an ideal choice for bathroom, school, hospital, and public washbasin installations. The sleek black finish adds a modern touch to any setting, while the durable construction ensures long-lasting performance. Manufactured by YOROOW in China, this faucet offers&#8230;<\/p>","protected":false},"featured_media":12007,"template":"","meta":{"_acf_changed":false,"_kad_post_transparent":"default","_kad_post_title":"","_kad_post_layout":"default","_kad_post_sidebar_id":"","_kad_post_content_style":"default","_kad_post_vertical_padding":"default","_kad_post_feature":"","_kad_post_feature_position":"","_kad_post_header":false,"_kad_post_footer":false},"product_brand":[],"product_cat":[238,1553],"product_tag":[3455,3454],"class_list":{"0":"post-12018","1":"product","2":"type-product","3":"status-publish","4":"has-post-thumbnail","6":"product_cat-mixer-basin-faucet","7":"product_cat-square-wide","8":"product_tag-bathroom-face-basin-tap-traditional","9":"product_tag-fancy-black-basin-taps","11":"first","12":"instock","13":"shipping-taxable","14":"purchasable","15":"product-type-variable","16":"wvs-archive-product-wrapper","17":"entry","18":"content-bg","19":"loop-entry"},"acf":[],"yoast_head":"<!-- This site is optimized with the Yoast SEO Premium plugin v25.4 (Yoast SEO v27.0) - https:\/\/yoast.com\/product\/yoast-seo-premium-wordpress\/ -->\n<title>Contemporary Single-Handle Fancy Black Basin Tap Brushed Traditional Mixer Faucet for Bathroom School Hospital Park Washbasin - YOROOW<\/title>\n<meta name=\"description\" content=\"Contemporary single-handle fancy black basin tap with brushed traditional mixer style suitable for schools, hospitals, and parks. Chinese factory made with premium materials, focusing on export to South America and Southeast Asia.\" \/>\n<meta name=\"robots\" content=\"index, follow, max-snippet:-1, max-image-preview:large, max-video-preview:-1\" \/>\n<link rel=\"canonical\" href=\"https:\/\/www.yoroow.com\/pt\/pormenor-do-produto\/bom-preco-torneira-misturadora-de-lavatorio-em-aco-inoxidavel-preto-de-pega-unica-torneira-de-casa-de-banho-de-agua-quente-e-fria-torneira-de-lavatorio\/\" \/>\n<meta property=\"og:locale\" content=\"pt_PT\" \/>\n<meta property=\"og:type\" content=\"article\" \/>\n<meta property=\"og:title\" content=\"Contemporary Single-Handle Fancy Black Basin Tap Brushed Traditional Mixer Faucet for Bathroom School Hospital Park Washbasin\" \/>\n<meta property=\"og:description\" content=\"Contemporary single-handle fancy black basin tap with brushed traditional mixer style suitable for schools, hospitals, and parks. Chinese factory made with premium materials, focusing on export to South America and Southeast Asia.\" \/>\n<meta property=\"og:url\" content=\"https:\/\/www.yoroow.com\/pt\/pormenor-do-produto\/bom-preco-torneira-misturadora-de-lavatorio-em-aco-inoxidavel-preto-de-pega-unica-torneira-de-casa-de-banho-de-agua-quente-e-fria-torneira-de-lavatorio\/\" \/>\n<meta property=\"og:site_name\" content=\"YOROOW\" \/>\n<meta property=\"article:publisher\" content=\"https:\/\/www.facebook.com\/people\/yoroowfaucetfactory\/61564236752362\/\" \/>\n<meta property=\"article:modified_time\" content=\"2025-05-16T01:32:52+00:00\" \/>\n<meta property=\"og:image\" content=\"https:\/\/www.yoroow.com\/wp-content\/uploads\/2025\/02\/7166B3.jpg\" \/>\n\t<meta property=\"og:image:width\" content=\"800\" \/>\n\t<meta property=\"og:image:height\" content=\"800\" \/>\n\t<meta property=\"og:image:type\" content=\"image\/jpeg\" \/>\n<meta name=\"twitter:card\" content=\"summary_large_image\" \/>\n<meta name=\"twitter:label1\" content=\"Est. reading time\" \/>\n\t<meta name=\"twitter:data1\" content=\"1 minuto\" \/>\n<script type=\"application\/ld+json\" class=\"yoast-schema-graph\">{\"@context\":\"https:\/\/schema.org\",\"@graph\":[{\"@type\":\"WebPage\",\"@id\":\"https:\/\/www.yoroow.com\/pt\/pormenor-do-produto\/bom-preco-torneira-misturadora-de-lavatorio-em-aco-inoxidavel-preto-de-pega-unica-torneira-de-casa-de-banho-de-agua-quente-e-fria-torneira-de-lavatorio\/\",\"url\":\"https:\/\/www.yoroow.com\/pt\/pormenor-do-produto\/bom-preco-torneira-misturadora-de-lavatorio-em-aco-inoxidavel-preto-de-pega-unica-torneira-de-casa-de-banho-de-agua-quente-e-fria-torneira-de-lavatorio\/\",\"name\":\"Contemporary Single-Handle Fancy Black Basin Tap Brushed Traditional Mixer Faucet for Bathroom School Hospital Park Washbasin - YOROOW\",\"isPartOf\":{\"@id\":\"https:\/\/www.yoroow.com\/pt\/#website\"},\"primaryImageOfPage\":{\"@id\":\"https:\/\/www.yoroow.com\/pt\/pormenor-do-produto\/bom-preco-torneira-misturadora-de-lavatorio-em-aco-inoxidavel-preto-de-pega-unica-torneira-de-casa-de-banho-de-agua-quente-e-fria-torneira-de-lavatorio\/#primaryimage\"},\"image\":{\"@id\":\"https:\/\/www.yoroow.com\/pt\/pormenor-do-produto\/bom-preco-torneira-misturadora-de-lavatorio-em-aco-inoxidavel-preto-de-pega-unica-torneira-de-casa-de-banho-de-agua-quente-e-fria-torneira-de-lavatorio\/#primaryimage\"},\"thumbnailUrl\":\"https:\/\/www.yoroow.com\/wp-content\/uploads\/2025\/02\/7166B3.jpg\",\"datePublished\":\"2025-02-21T13:40:35+00:00\",\"dateModified\":\"2025-05-16T01:32:52+00:00\",\"description\":\"Contemporary single-handle fancy black basin tap with brushed traditional mixer style suitable for schools, hospitals, and parks. Chinese factory made with premium materials, focusing on export to South America and Southeast Asia.\",\"breadcrumb\":{\"@id\":\"https:\/\/www.yoroow.com\/pt\/pormenor-do-produto\/bom-preco-torneira-misturadora-de-lavatorio-em-aco-inoxidavel-preto-de-pega-unica-torneira-de-casa-de-banho-de-agua-quente-e-fria-torneira-de-lavatorio\/#breadcrumb\"},\"inLanguage\":\"pt-PT\",\"potentialAction\":[{\"@type\":\"ReadAction\",\"target\":[\"https:\/\/www.yoroow.com\/pt\/pormenor-do-produto\/bom-preco-torneira-misturadora-de-lavatorio-em-aco-inoxidavel-preto-de-pega-unica-torneira-de-casa-de-banho-de-agua-quente-e-fria-torneira-de-lavatorio\/\"]}]},{\"@type\":\"ImageObject\",\"inLanguage\":\"pt-PT\",\"@id\":\"https:\/\/www.yoroow.com\/pt\/pormenor-do-produto\/bom-preco-torneira-misturadora-de-lavatorio-em-aco-inoxidavel-preto-de-pega-unica-torneira-de-casa-de-banho-de-agua-quente-e-fria-torneira-de-lavatorio\/#primaryimage\",\"url\":\"https:\/\/www.yoroow.com\/wp-content\/uploads\/2025\/02\/7166B3.jpg\",\"contentUrl\":\"https:\/\/www.yoroow.com\/wp-content\/uploads\/2025\/02\/7166B3.jpg\",\"width\":800,\"height\":800,\"caption\":\"Good Price for Empolo Single-Handle Thermostatic Stainless Steel Waterfall Basin Faucet Hot Cold Bathroom Mixer with for Gym Use\"},{\"@type\":\"BreadcrumbList\",\"@id\":\"https:\/\/www.yoroow.com\/pt\/pormenor-do-produto\/bom-preco-torneira-misturadora-de-lavatorio-em-aco-inoxidavel-preto-de-pega-unica-torneira-de-casa-de-banho-de-agua-quente-e-fria-torneira-de-lavatorio\/#breadcrumb\",\"itemListElement\":[{\"@type\":\"ListItem\",\"position\":1,\"name\":\"home\",\"item\":\"https:\/\/www.yoroow.com\/\"},{\"@type\":\"ListItem\",\"position\":2,\"name\":\"Product\",\"item\":\"https:\/\/www.yoroow.com\/product\/\"},{\"@type\":\"ListItem\",\"position\":3,\"name\":\"Contemporary Single-Handle Fancy Black Basin Tap Brushed Traditional Mixer Faucet for Bathroom School Hospital Park Washbasin\"}]},{\"@type\":\"WebSite\",\"@id\":\"https:\/\/www.yoroow.com\/pt\/#website\",\"url\":\"https:\/\/www.yoroow.com\/pt\/\",\"name\":\"YOROOW\",\"description\":\"\",\"publisher\":{\"@id\":\"https:\/\/www.yoroow.com\/pt\/#organization\"},\"potentialAction\":[{\"@type\":\"SearchAction\",\"target\":{\"@type\":\"EntryPoint\",\"urlTemplate\":\"https:\/\/www.yoroow.com\/pt\/?s={search_term_string}\"},\"query-input\":{\"@type\":\"PropertyValueSpecification\",\"valueRequired\":true,\"valueName\":\"search_term_string\"}}],\"inLanguage\":\"pt-PT\"},{\"@type\":\"Organization\",\"@id\":\"https:\/\/www.yoroow.com\/pt\/#organization\",\"name\":\"YOROOW\",\"url\":\"https:\/\/www.yoroow.com\/pt\/\",\"logo\":{\"@type\":\"ImageObject\",\"inLanguage\":\"pt-PT\",\"@id\":\"https:\/\/www.yoroow.com\/pt\/#\/schema\/logo\/image\/\",\"url\":\"https:\/\/www.yoroow.com\/wp-content\/uploads\/2024\/12\/2024123007131061.png\",\"contentUrl\":\"https:\/\/www.yoroow.com\/wp-content\/uploads\/2024\/12\/2024123007131061.png\",\"width\":168,\"height\":27,\"caption\":\"YOROOW\"},\"image\":{\"@id\":\"https:\/\/www.yoroow.com\/pt\/#\/schema\/logo\/image\/\"},\"sameAs\":[\"https:\/\/www.facebook.com\/people\/yoroowfaucetfactory\/61564236752362\/\"]}]}<\/script>\n<!-- \/ Yoast SEO Premium plugin. -->","yoast_head_json":{"title":"Contemporary Single-Handle Fancy Black Basin Tap Brushed Traditional Mixer Faucet for Bathroom School Hospital Park Washbasin - YOROOW","description":"Contemporary single-handle fancy black basin tap with brushed traditional mixer style suitable for schools, hospitals, and parks. Chinese factory made with premium materials, focusing on export to South America and Southeast Asia.","robots":{"index":"index","follow":"follow","max-snippet":"max-snippet:-1","max-image-preview":"max-image-preview:large","max-video-preview":"max-video-preview:-1"},"canonical":"https:\/\/www.yoroow.com\/pt\/pormenor-do-produto\/bom-preco-torneira-misturadora-de-lavatorio-em-aco-inoxidavel-preto-de-pega-unica-torneira-de-casa-de-banho-de-agua-quente-e-fria-torneira-de-lavatorio\/","og_locale":"pt_PT","og_type":"article","og_title":"Contemporary Single-Handle Fancy Black Basin Tap Brushed Traditional Mixer Faucet for Bathroom School Hospital Park Washbasin","og_description":"Contemporary single-handle fancy black basin tap with brushed traditional mixer style suitable for schools, hospitals, and parks. Chinese factory made with premium materials, focusing on export to South America and Southeast Asia.","og_url":"https:\/\/www.yoroow.com\/pt\/pormenor-do-produto\/bom-preco-torneira-misturadora-de-lavatorio-em-aco-inoxidavel-preto-de-pega-unica-torneira-de-casa-de-banho-de-agua-quente-e-fria-torneira-de-lavatorio\/","og_site_name":"YOROOW","article_publisher":"https:\/\/www.facebook.com\/people\/yoroowfaucetfactory\/61564236752362\/","article_modified_time":"2025-05-16T01:32:52+00:00","og_image":[{"width":800,"height":800,"url":"https:\/\/www.yoroow.com\/wp-content\/uploads\/2025\/02\/7166B3.jpg","type":"image\/jpeg"}],"twitter_card":"summary_large_image","twitter_misc":{"Est. reading time":"1 minuto"},"schema":{"@context":"https:\/\/schema.org","@graph":[{"@type":"WebPage","@id":"https:\/\/www.yoroow.com\/pt\/pormenor-do-produto\/bom-preco-torneira-misturadora-de-lavatorio-em-aco-inoxidavel-preto-de-pega-unica-torneira-de-casa-de-banho-de-agua-quente-e-fria-torneira-de-lavatorio\/","url":"https:\/\/www.yoroow.com\/pt\/pormenor-do-produto\/bom-preco-torneira-misturadora-de-lavatorio-em-aco-inoxidavel-preto-de-pega-unica-torneira-de-casa-de-banho-de-agua-quente-e-fria-torneira-de-lavatorio\/","name":"Contemporary Single-Handle Fancy Black Basin Tap Brushed Traditional Mixer Faucet for Bathroom School Hospital Park Washbasin - YOROOW","isPartOf":{"@id":"https:\/\/www.yoroow.com\/pt\/#website"},"primaryImageOfPage":{"@id":"https:\/\/www.yoroow.com\/pt\/pormenor-do-produto\/bom-preco-torneira-misturadora-de-lavatorio-em-aco-inoxidavel-preto-de-pega-unica-torneira-de-casa-de-banho-de-agua-quente-e-fria-torneira-de-lavatorio\/#primaryimage"},"image":{"@id":"https:\/\/www.yoroow.com\/pt\/pormenor-do-produto\/bom-preco-torneira-misturadora-de-lavatorio-em-aco-inoxidavel-preto-de-pega-unica-torneira-de-casa-de-banho-de-agua-quente-e-fria-torneira-de-lavatorio\/#primaryimage"},"thumbnailUrl":"https:\/\/www.yoroow.com\/wp-content\/uploads\/2025\/02\/7166B3.jpg","datePublished":"2025-02-21T13:40:35+00:00","dateModified":"2025-05-16T01:32:52+00:00","description":"Contemporary single-handle fancy black basin tap with brushed traditional mixer style suitable for schools, hospitals, and parks. Chinese factory made with premium materials, focusing on export to South America and Southeast Asia.","breadcrumb":{"@id":"https:\/\/www.yoroow.com\/pt\/pormenor-do-produto\/bom-preco-torneira-misturadora-de-lavatorio-em-aco-inoxidavel-preto-de-pega-unica-torneira-de-casa-de-banho-de-agua-quente-e-fria-torneira-de-lavatorio\/#breadcrumb"},"inLanguage":"pt-PT","potentialAction":[{"@type":"ReadAction","target":["https:\/\/www.yoroow.com\/pt\/pormenor-do-produto\/bom-preco-torneira-misturadora-de-lavatorio-em-aco-inoxidavel-preto-de-pega-unica-torneira-de-casa-de-banho-de-agua-quente-e-fria-torneira-de-lavatorio\/"]}]},{"@type":"ImageObject","inLanguage":"pt-PT","@id":"https:\/\/www.yoroow.com\/pt\/pormenor-do-produto\/bom-preco-torneira-misturadora-de-lavatorio-em-aco-inoxidavel-preto-de-pega-unica-torneira-de-casa-de-banho-de-agua-quente-e-fria-torneira-de-lavatorio\/#primaryimage","url":"https:\/\/www.yoroow.com\/wp-content\/uploads\/2025\/02\/7166B3.jpg","contentUrl":"https:\/\/www.yoroow.com\/wp-content\/uploads\/2025\/02\/7166B3.jpg","width":800,"height":800,"caption":"Good Price for Empolo Single-Handle Thermostatic Stainless Steel Waterfall Basin Faucet Hot Cold Bathroom Mixer with for Gym Use"},{"@type":"BreadcrumbList","@id":"https:\/\/www.yoroow.com\/pt\/pormenor-do-produto\/bom-preco-torneira-misturadora-de-lavatorio-em-aco-inoxidavel-preto-de-pega-unica-torneira-de-casa-de-banho-de-agua-quente-e-fria-torneira-de-lavatorio\/#breadcrumb","itemListElement":[{"@type":"ListItem","position":1,"name":"home","item":"https:\/\/www.yoroow.com\/"},{"@type":"ListItem","position":2,"name":"Product","item":"https:\/\/www.yoroow.com\/product\/"},{"@type":"ListItem","position":3,"name":"Contemporary Single-Handle Fancy Black Basin Tap Brushed Traditional Mixer Faucet for Bathroom School Hospital Park Washbasin"}]},{"@type":"WebSite","@id":"https:\/\/www.yoroow.com\/pt\/#website","url":"https:\/\/www.yoroow.com\/pt\/","name":"YOROOW","description":"","publisher":{"@id":"https:\/\/www.yoroow.com\/pt\/#organization"},"potentialAction":[{"@type":"SearchAction","target":{"@type":"EntryPoint","urlTemplate":"https:\/\/www.yoroow.com\/pt\/?s={search_term_string}"},"query-input":{"@type":"PropertyValueSpecification","valueRequired":true,"valueName":"search_term_string"}}],"inLanguage":"pt-PT"},{"@type":"Organization","@id":"https:\/\/www.yoroow.com\/pt\/#organization","name":"YOROOW","url":"https:\/\/www.yoroow.com\/pt\/","logo":{"@type":"ImageObject","inLanguage":"pt-PT","@id":"https:\/\/www.yoroow.com\/pt\/#\/schema\/logo\/image\/","url":"https:\/\/www.yoroow.com\/wp-content\/uploads\/2024\/12\/2024123007131061.png","contentUrl":"https:\/\/www.yoroow.com\/wp-content\/uploads\/2024\/12\/2024123007131061.png","width":168,"height":27,"caption":"YOROOW"},"image":{"@id":"https:\/\/www.yoroow.com\/pt\/#\/schema\/logo\/image\/"},"sameAs":["https:\/\/www.facebook.com\/people\/yoroowfaucetfactory\/61564236752362\/"]}]}},"_links":{"self":[{"href":"https:\/\/www.yoroow.com\/pt\/wp-json\/wp\/v2\/product\/12018","targetHints":{"allow":["GET"]}}],"collection":[{"href":"https:\/\/www.yoroow.com\/pt\/wp-json\/wp\/v2\/product"}],"about":[{"href":"https:\/\/www.yoroow.com\/pt\/wp-json\/wp\/v2\/types\/product"}],"wp:featuredmedia":[{"embeddable":true,"href":"https:\/\/www.yoroow.com\/pt\/wp-json\/wp\/v2\/media\/12007"}],"wp:attachment":[{"href":"https:\/\/www.yoroow.com\/pt\/wp-json\/wp\/v2\/media?parent=12018"}],"wp:term":[{"taxonomy":"product_brand","embeddable":true,"href":"https:\/\/www.yoroow.com\/pt\/wp-json\/wp\/v2\/product_brand?post=12018"},{"taxonomy":"product_cat","embeddable":true,"href":"https:\/\/www.yoroow.com\/pt\/wp-json\/wp\/v2\/product_cat?post=12018"},{"taxonomy":"product_tag","embeddable":true,"href":"https:\/\/www.yoroow.com\/pt\/wp-json\/wp\/v2\/product_tag?post=12018"}],"curies":[{"name":"wp","href":"https:\/\/api.w.org\/{rel}","templated":true}]}}